{"id":1172,"date":"2025-03-10T17:23:12","date_gmt":"2025-03-10T09:23:12","guid":{"rendered":"https:\/\/jblstainless.com\/?page_id=1172"},"modified":"2025-03-10T17:23:13","modified_gmt":"2025-03-10T09:23:13","slug":"bedingungen","status":"publish","type":"page","link":"https:\/\/jblstainless.com\/de\/termsconditions\/","title":{"rendered":"Begriffe&amp;Bedingungen"},"content":{"rendered":"<p>Willkommen auf der Website von JBLSTEEL (\"wir\", \"uns\" oder \"unser\"), www.jblstainless.com. Durch die Nutzung dieser Website erkl\u00e4ren Sie sich mit den folgenden Nutzungsbedingungen (\"Bedingungen\") einverstanden und sind an diese gebunden. Bitte lesen Sie diese Bedingungen sorgf\u00e4ltig durch, bevor Sie unsere Website nutzen.<\/p>\n\n\n\n<ol class=\"wp-block-list\">\n<li>Akzeptanz der Bedingungen<br>Indem Sie auf unsere Website zugreifen und sie nutzen, erkl\u00e4ren Sie sich mit diesen Bedingungen einverstanden. Wenn Sie mit diesen Bedingungen nicht einverstanden sind, nutzen Sie unsere Website bitte nicht.<\/li>\n\n\n\n<li>\u00c4nderung der Bedingungen<br>JBLSTEEL beh\u00e4lt sich das Recht vor, diese Bedingungen jederzeit zu \u00e4ndern oder zu aktualisieren. Jegliche \u00c4nderungen werden sofort nach Ver\u00f6ffentlichung auf der Website wirksam. Ihre fortgesetzte Nutzung der Website, nachdem solche \u00c4nderungen ver\u00f6ffentlicht wurden, stellt Ihre Zustimmung zu den neuen Bedingungen dar.<\/li>\n\n\n\n<li>Benutzerberechtigung<br>Die Nutzer dieser Website m\u00fcssen mindestens 18 Jahre alt und in der Lage sein, rechtsverbindliche Vertr\u00e4ge zu schlie\u00dfen. Durch die Nutzung dieser Website erkl\u00e4ren und garantieren Sie, dass Sie diese Voraussetzungen erf\u00fcllen.<\/li>\n\n\n\n<li>Produkte und Dienstleistungen<br>Wir bem\u00fchen uns, unsere Produkte und Dienstleistungen genau zu beschreiben, \u00fcbernehmen jedoch keine Garantie daf\u00fcr, dass Beschreibungen, Preise oder andere Inhalte genau, vollst\u00e4ndig oder fehlerfrei sind. Wir behalten uns das Recht vor, Informationen \u00fcber unsere Produkte und Dienstleistungen ohne vorherige Ank\u00fcndigung zu \u00e4ndern.<\/li>\n\n\n\n<li>Bestellungen und Zahlungen<br>Alle Bestellungen m\u00fcssen mit den von uns angegebenen Zahlungsmitteln bezahlt werden. Wir behalten uns das Recht vor, jede Bestellung aus irgendeinem Grund abzulehnen oder zu stornieren, einschlie\u00dflich, aber nicht beschr\u00e4nkt auf Fehler in Produkt- oder Preisinformationen, Betrugsverdacht oder andere Probleme.<\/li>\n\n\n\n<li>Benutzerverhalten<br>Sie verpflichten sich, die Website nicht in einer Weise zu nutzen, die ungesetzlich ist, die Rechte anderer verletzt oder den Betrieb der Website beeintr\u00e4chtigt. Zu den verbotenen Handlungen geh\u00f6rt das Hochladen, Posten oder \u00dcbertragen von illegalen, verletzenden, beleidigenden, falschen oder sch\u00e4dlichen Inhalten.<\/li>\n\n\n\n<li>Haftungsausschluss<br>Die Website und ihr Inhalt werden ohne M\u00e4ngelgew\u00e4hr\" und wie verf\u00fcgbar\" zur Verf\u00fcgung gestellt. JBLSTEEL gibt keine ausdr\u00fccklichen oder stillschweigenden Zusicherungen oder Garantien in Bezug auf die Website, einschlie\u00dflich, aber nicht beschr\u00e4nkt auf Garantien der Marktg\u00e4ngigkeit, der Eignung f\u00fcr einen bestimmten Zweck oder der Nichtverletzung von Rechten.<\/li>\n\n\n\n<li>Beschr\u00e4nkung der Haftung<br>Soweit gesetzlich zul\u00e4ssig, haftet JBLSTEEL nicht f\u00fcr direkte, indirekte, zuf\u00e4llige, besondere oder Folgesch\u00e4den, die sich aus der Nutzung oder der Unm\u00f6glichkeit der Nutzung der Website oder ihrer Inhalte ergeben, selbst wenn wir auf die M\u00f6glichkeit solcher Sch\u00e4den hingewiesen wurden.<\/li>\n\n\n\n<li>Terminierung<br>Wir behalten uns das Recht vor, Ihren Zugang zur Website jederzeit, aus beliebigen Gr\u00fcnden und ohne vorherige Ank\u00fcndigung zu beenden oder auszusetzen.<\/li>\n\n\n\n<li>Geltendes Recht<br>Diese Bedingungen unterliegen den Gesetzen von China und werden nach diesen ausgelegt.<\/li>\n\n\n\n<li>Kontakt<br>Wenn Sie Fragen haben oder weitere Informationen zu diesen Bedingungen ben\u00f6tigen, wenden Sie sich bitte an uns:<\/li>\n<\/ol>\n\n\n\n<p>JBLSTEEL<br>E-Mail: wendy@jinblai.com<br>Anschrift: Stadt Anyang, Provinz Henan, China<\/p>","protected":false},"excerpt":{"rendered":"<p>Willkommen auf der Website von JBLSTEEL (\u201cwir\u201d, \u201cuns\u201d oder \u201cunser\u201d), www.jblstainless.com. Durch die Nutzung dieser Website erkl\u00e4ren Sie sich mit den folgenden Nutzungsbedingungen (\u201cBedingungen\u201d) einverstanden und sind an diese gebunden. Bitte lesen Sie diese Bedingungen sorgf\u00e4ltig durch, bevor Sie unsere Website nutzen. JBLSTEELEmail: wendy@jinblai.comAddress: Stadt Anyang, Provinz Henan, China<\/p>","protected":false},"author":1,"featured_media":0,"parent":0,"menu_order":0,"comment_status":"closed","ping_status":"closed","template":"","meta":{"_eb_attr":"","footnotes":""},"class_list":["post-1172","page","type-page","status-publish","hentry"],"_links":{"self":[{"href":"https:\/\/jblstainless.com\/de\/wp-json\/wp\/v2\/pages\/1172","targetHints":{"allow":["GET"]}}],"collection":[{"href":"https:\/\/jblstainless.com\/de\/wp-json\/wp\/v2\/pages"}],"about":[{"href":"https:\/\/jblstainless.com\/de\/wp-json\/wp\/v2\/types\/page"}],"author":[{"embeddable":true,"href":"https:\/\/jblstainless.com\/de\/wp-json\/wp\/v2\/users\/1"}],"replies":[{"embeddable":true,"href":"https:\/\/jblstainless.com\/de\/wp-json\/wp\/v2\/comments?post=1172"}],"version-history":[{"count":1,"href":"https:\/\/jblstainless.com\/de\/wp-json\/wp\/v2\/pages\/1172\/revisions"}],"predecessor-version":[{"id":1173,"href":"https:\/\/jblstainless.com\/de\/wp-json\/wp\/v2\/pages\/1172\/revisions\/1173"}],"wp:attachment":[{"href":"https:\/\/jblstainless.com\/de\/wp-json\/wp\/v2\/media?parent=1172"}],"curies":[{"name":"wp","href":"https:\/\/api.w.org\/{rel}","templated":true}]}}