{"id":1019,"date":"2025-03-04T17:21:18","date_gmt":"2025-03-04T09:21:18","guid":{"rendered":"https:\/\/jblstainless.com\/?post_type=product&#038;p=1019"},"modified":"2025-07-14T17:14:01","modified_gmt":"2025-07-14T09:14:01","slug":"nahtloses-rohr-aus-edelstahl-304","status":"publish","type":"product","link":"https:\/\/jblstainless.com\/de\/304-stainless-steel-seamless-pipe\/","title":{"rendered":"Nahtlose Rohre aus Edelstahl 304"},"content":{"rendered":"<div data-elementor-type=\"product-post\" data-elementor-id=\"1019\" class=\"elementor elementor-1019\" data-elementor-post-type=\"product\">\n\t\t\t\t<div class=\"elementor-element elementor-element-c6afdb5 e-flex e-con-boxed e-con e-parent\" data-id=\"c6afdb5\" data-element_type=\"container\" data-e-type=\"container\">\n\t\t\t\t\t<div class=\"e-con-inner\">\n\t\t\t\t<div class=\"elementor-element elementor-element-29847e9 elementor-widget-tablet__width-auto elementor-widget elementor-widget-text-editor\" data-id=\"29847e9\" data-element_type=\"widget\" data-e-type=\"widget\" data-widget_type=\"text-editor.default\">\n\t\t\t\t<div class=\"elementor-widget-container\">\n\t\t\t\t\t\t\t\t\t<p>Nahtlose Rohre aus Edelstahl 304 sind lange Stahlstreifen ohne Schwei\u00dfn\u00e4hte, mit hohlem Querschnitt und ohne N\u00e4hte, die in der Regel aus massiven Rundkn\u00fcppeln durch Erhitzen, Perforieren und Kaltziehen oder Warmwalzen hergestellt werden.Der \u201cnahtlose\u201d Herstellungsprozess gew\u00e4hrleistet eine gleichm\u00e4\u00dfige Struktur ohne Schwei\u00dfn\u00e4hte, wodurch 304-Rohre st\u00e4rker, haltbarer und besser f\u00fcr Hochdruck- und Hochtemperaturanwendungen geeignet sind. JBLSteel ist ein f\u00fchrender Lieferant und Hersteller von 304 Edelstahlrohren in verschiedenen Typen und Gr\u00f6\u00dfen, die in runder, quadratischer, rechteckiger und hydraulischer Form erh\u00e4ltlich sind.<\/p><p>Edelstahl 304 ist die in der Industrie am h\u00e4ufigsten verwendete Edelstahlsorte. Er geh\u00f6rt zur Familie der austenitischen Edelst\u00e4hle, enth\u00e4lt 18% Chrom und 8% Nickel und bietet eine ausgezeichnete Korrosionsbest\u00e4ndigkeit. Edelstahl 304 ist \u00e4u\u00dferst widerstandsf\u00e4hig gegen Rost, Oxidation und Fleckenbildung und eignet sich daher ideal f\u00fcr Umgebungen, die Feuchtigkeit, Chemikalien und extremen Temperaturen ausgesetzt sind.<\/p>\t\t\t\t\t\t\t\t<\/div>\n\t\t\t\t<\/div>\n\t\t\t\t\t<\/div>\n\t\t\t\t<\/div>\n\t\t<div class=\"elementor-element elementor-element-accbfd7 e-con-full e-flex e-con e-parent\" data-id=\"accbfd7\" data-element_type=\"container\" data-e-type=\"container\">\n\t\t\t\t<div class=\"elementor-element elementor-element-1a00720 elementor-widget-tablet__width-auto elementor-widget elementor-widget-image\" data-id=\"1a00720\" data-element_type=\"widget\" data-e-type=\"widget\" data-widget_type=\"image.default\">\n\t\t\t\t<div class=\"elementor-widget-container\">\n\t\t\t\t\t\t\t\t\t\t\t\t\t\t\t<img fetchpriority=\"high\" decoding=\"async\" width=\"1001\" height=\"300\" src=\"https:\/\/jblstainless.com\/wp-content\/uploads\/2025\/02\/stainless-pipe.webp\" class=\"attachment-2048x2048 size-2048x2048 wp-image-1042\" alt=\"Rohr aus Edelstahl 316\" srcset=\"https:\/\/jblstainless.com\/wp-content\/uploads\/2025\/02\/stainless-pipe.webp 1001w, https:\/\/jblstainless.com\/wp-content\/uploads\/2025\/02\/stainless-pipe-300x90.webp 300w, https:\/\/jblstainless.com\/wp-content\/uploads\/2025\/02\/stainless-pipe-768x230.webp 768w, https:\/\/jblstainless.com\/wp-content\/uploads\/2025\/02\/stainless-pipe-18x5.webp 18w, https:\/\/jblstainless.com\/wp-content\/uploads\/2025\/02\/stainless-pipe-600x180.webp 600w\" sizes=\"(max-width: 1001px) 100vw, 1001px\" \/>\t\t\t\t\t\t\t\t\t\t\t\t\t\t\t<\/div>\n\t\t\t\t<\/div>\n\t\t\t\t<\/div>\n\t\t<div class=\"elementor-element elementor-element-104deec e-con-full e-flex e-con e-parent\" data-id=\"104deec\" data-element_type=\"container\" data-e-type=\"container\">\n\t\t\t\t<div class=\"elementor-element elementor-element-0869fa4 elementor-widget elementor-widget-heading\" data-id=\"0869fa4\" data-element_type=\"widget\" data-e-type=\"widget\" data-widget_type=\"heading.default\">\n\t\t\t\t<div class=\"elementor-widget-container\">\n\t\t\t\t\t<h2 class=\"elementor-heading-title elementor-size-default\">Spezifikation f\u00fcr Edelstahlrohre aus 304<\/h2>\t\t\t\t<\/div>\n\t\t\t\t<\/div>\n\t\t\t\t<div class=\"elementor-element elementor-element-255cd98 elementor-widget-tablet__width-auto elementor-widget elementor-widget-text-editor\" data-id=\"255cd98\" data-element_type=\"widget\" data-e-type=\"widget\" data-widget_type=\"text-editor.default\">\n\t\t\t\t<div class=\"elementor-widget-container\">\n\t\t\t\t\t\t\t\t\t<table><tbody><tr><td colspan=\"1\" rowspan=\"1\">Produktname<\/td><td colspan=\"1\" rowspan=\"1\">Edelstahlrohre<\/td><\/tr><tr><td colspan=\"1\" rowspan=\"1\">Material<\/td><td colspan=\"1\" rowspan=\"1\">201\/304\/304L\/316\/316L\/317\/317L\/321\/309\/309S\/310S\/410\/430\/904L\/2205 usw.<\/td><\/tr><tr><td colspan=\"1\" rowspan=\"1\">Form<\/td><td colspan=\"1\" rowspan=\"1\">Rund, quadratisch, rechteckig, oval oder individuell angepasst<\/td><\/tr><tr><td colspan=\"1\" rowspan=\"1\">Oberfl\u00e4che<\/td><td colspan=\"1\" rowspan=\"1\">Blank, schwarz, verschwunden, 3PE-korrosionsbest\u00e4ndiges Stahlrohr<\/td><\/tr><tr><td colspan=\"1\" rowspan=\"1\">Dicke<\/td><td colspan=\"1\" rowspan=\"1\">0,3 mm\u201330 mm<\/td><\/tr><tr><td colspan=\"1\" rowspan=\"1\">Durchmesser<\/td><td colspan=\"1\" rowspan=\"1\">6 mm\u2013630 mm<\/td><\/tr><tr><td colspan=\"1\" rowspan=\"1\">L\u00e4nge<\/td><td colspan=\"1\" rowspan=\"1\">1000 mm bis 6000 mm oder nach Ma\u00df<\/td><\/tr><tr><td>Ende<\/td><td>Glattes Ende, abgeschr\u00e4gtes Ende, mit Profil<\/td><\/tr><tr><td>Oberfl\u00e4chenbehandlung<\/td><td>Nr. 4, BA, 8K, HL, 2B oder nach Bedarf<\/td><\/tr><tr><td colspan=\"1\" rowspan=\"1\">Normen<\/td><td colspan=\"1\" rowspan=\"1\">AISI\/ASTM\/ASME\/JIS\/SUS\/DIN\/GB<\/td><\/tr><tr><td colspan=\"1\" rowspan=\"1\">Anmeldung<\/td><td colspan=\"1\" rowspan=\"1\">F\u00fcr Transportpipelines, Ingenieurbauwerke, thermische Anlagen, petrochemische Industrie, <br \/>Maschinenbau, geologische Bohrungen, Hochdruckausr\u00fcstung usw.<\/td><\/tr><tr><td colspan=\"1\" rowspan=\"1\">Zusatzleistung<\/td><td colspan=\"1\" rowspan=\"1\">Die Gr\u00f6\u00dfen oder der Durchmesser und die L\u00e4nge von Edelstahlrohren k\u00f6nnen individuell angepasst werden.,<br \/>Wenn Sie weitere Informationen ben\u00f6tigen, k\u00f6nnen Sie sich gerne an uns wenden.<\/td><\/tr><\/tbody><\/table>\t\t\t\t\t\t\t\t<\/div>\n\t\t\t\t<\/div>\n\t\t\t\t<\/div>\n\t\t<div class=\"elementor-element elementor-element-9de6fe5 e-con-full e-flex e-con e-parent\" data-id=\"9de6fe5\" data-element_type=\"container\" data-e-type=\"container\">\n\t\t\t\t<div class=\"elementor-element elementor-element-ab0d39d elementor-widget-tablet__width-auto elementor-widget elementor-widget-image\" data-id=\"ab0d39d\" data-element_type=\"widget\" data-e-type=\"widget\" data-widget_type=\"image.default\">\n\t\t\t\t<div class=\"elementor-widget-container\">\n\t\t\t\t\t\t\t\t\t\t\t\t\t\t\t<img decoding=\"async\" width=\"750\" height=\"326\" src=\"https:\/\/jblstainless.com\/wp-content\/uploads\/2025\/02\/ss-pipe.webp\" class=\"attachment-1536x1536 size-1536x1536 wp-image-1047\" alt=\"Edelstahl-Schwei\u00dfrohr ASTM A312\" srcset=\"https:\/\/jblstainless.com\/wp-content\/uploads\/2025\/02\/ss-pipe.webp 750w, https:\/\/jblstainless.com\/wp-content\/uploads\/2025\/02\/ss-pipe-300x130.webp 300w, https:\/\/jblstainless.com\/wp-content\/uploads\/2025\/02\/ss-pipe-18x8.webp 18w, https:\/\/jblstainless.com\/wp-content\/uploads\/2025\/02\/ss-pipe-600x261.webp 600w\" sizes=\"(max-width: 750px) 100vw, 750px\" \/>\t\t\t\t\t\t\t\t\t\t\t\t\t\t\t<\/div>\n\t\t\t\t<\/div>\n\t\t<div class=\"elementor-element elementor-element-8754f64 e-con-full e-flex e-con e-child\" data-id=\"8754f64\" data-element_type=\"container\" data-e-type=\"container\">\n\t\t<div class=\"elementor-element elementor-element-6cb7c2c e-grid e-con-full e-con e-child\" data-id=\"6cb7c2c\" data-element_type=\"container\" data-e-type=\"container\">\n\t\t\t\t<div class=\"elementor-element elementor-element-0200167 elementor-widget elementor-widget-image\" data-id=\"0200167\" data-element_type=\"widget\" data-e-type=\"widget\" data-widget_type=\"image.default\">\n\t\t\t\t<div class=\"elementor-widget-container\">\n\t\t\t\t\t\t\t\t\t\t\t\t<figure class=\"wp-caption\">\n\t\t\t\t\t\t\t\t\t\t<img decoding=\"async\" width=\"300\" height=\"278\" src=\"https:\/\/jblstainless.com\/wp-content\/uploads\/2025\/03\/steel-pipe.webp\" class=\"attachment-large size-large wp-image-1136\" alt=\"Stahlrohr\" srcset=\"https:\/\/jblstainless.com\/wp-content\/uploads\/2025\/03\/steel-pipe.webp 300w, https:\/\/jblstainless.com\/wp-content\/uploads\/2025\/03\/steel-pipe-13x12.webp 13w\" sizes=\"(max-width: 300px) 100vw, 300px\" \/>\t\t\t\t\t\t\t\t\t\t\t<figcaption class=\"widget-image-caption wp-caption-text\">Bogen schneiden<\/figcaption>\n\t\t\t\t\t\t\t\t\t\t<\/figure>\n\t\t\t\t\t\t\t\t\t<\/div>\n\t\t\t\t<\/div>\n\t\t\t\t<div class=\"elementor-element elementor-element-a14ad9a elementor-widget elementor-widget-image\" data-id=\"a14ad9a\" data-element_type=\"widget\" data-e-type=\"widget\" data-widget_type=\"image.default\">\n\t\t\t\t<div class=\"elementor-widget-container\">\n\t\t\t\t\t\t\t\t\t\t\t\t<figure class=\"wp-caption\">\n\t\t\t\t\t\t\t\t\t\t<img loading=\"lazy\" decoding=\"async\" width=\"300\" height=\"278\" src=\"https:\/\/jblstainless.com\/wp-content\/uploads\/2025\/03\/stainless-steel-tube.webp\" class=\"attachment-large size-large wp-image-1137\" alt=\"Edelstahlrohr\" srcset=\"https:\/\/jblstainless.com\/wp-content\/uploads\/2025\/03\/stainless-steel-tube.webp 300w, https:\/\/jblstainless.com\/wp-content\/uploads\/2025\/03\/stainless-steel-tube-13x12.webp 13w\" sizes=\"(max-width: 300px) 100vw, 300px\" \/>\t\t\t\t\t\t\t\t\t\t\t<figcaption class=\"widget-image-caption wp-caption-text\">Scheibe<\/figcaption>\n\t\t\t\t\t\t\t\t\t\t<\/figure>\n\t\t\t\t\t\t\t\t\t<\/div>\n\t\t\t\t<\/div>\n\t\t\t\t<div class=\"elementor-element elementor-element-f1b24df elementor-widget elementor-widget-image\" data-id=\"f1b24df\" data-element_type=\"widget\" data-e-type=\"widget\" data-widget_type=\"image.default\">\n\t\t\t\t<div class=\"elementor-widget-container\">\n\t\t\t\t\t\t\t\t\t\t\t\t<figure class=\"wp-caption\">\n\t\t\t\t\t\t\t\t\t\t<img loading=\"lazy\" decoding=\"async\" width=\"300\" height=\"278\" src=\"https:\/\/jblstainless.com\/wp-content\/uploads\/2025\/03\/steel-tube-1.webp\" class=\"attachment-large size-large wp-image-1139\" alt=\"Stahlrohr\" srcset=\"https:\/\/jblstainless.com\/wp-content\/uploads\/2025\/03\/steel-tube-1.webp 300w, https:\/\/jblstainless.com\/wp-content\/uploads\/2025\/03\/steel-tube-1-13x12.webp 13w\" sizes=\"(max-width: 300px) 100vw, 300px\" \/>\t\t\t\t\t\t\t\t\t\t\t<figcaption class=\"widget-image-caption wp-caption-text\">Schlitzfr\u00e4sen<\/figcaption>\n\t\t\t\t\t\t\t\t\t\t<\/figure>\n\t\t\t\t\t\t\t\t\t<\/div>\n\t\t\t\t<\/div>\n\t\t\t\t<div class=\"elementor-element elementor-element-5248ebd elementor-widget elementor-widget-image\" data-id=\"5248ebd\" data-element_type=\"widget\" data-e-type=\"widget\" data-widget_type=\"image.default\">\n\t\t\t\t<div class=\"elementor-widget-container\">\n\t\t\t\t\t\t\t\t\t\t\t\t<figure class=\"wp-caption\">\n\t\t\t\t\t\t\t\t\t\t<img loading=\"lazy\" decoding=\"async\" width=\"300\" height=\"268\" src=\"https:\/\/jblstainless.com\/wp-content\/uploads\/2025\/03\/stainless-tube.webp\" class=\"attachment-large size-large wp-image-1140\" alt=\"Nahtlose Rohre aus Edelstahl 409L\" srcset=\"https:\/\/jblstainless.com\/wp-content\/uploads\/2025\/03\/stainless-tube.webp 300w, https:\/\/jblstainless.com\/wp-content\/uploads\/2025\/03\/stainless-tube-13x12.webp 13w\" sizes=\"(max-width: 300px) 100vw, 300px\" \/>\t\t\t\t\t\t\t\t\t\t\t<figcaption class=\"widget-image-caption wp-caption-text\">Er\u00f6ffnung<\/figcaption>\n\t\t\t\t\t\t\t\t\t\t<\/figure>\n\t\t\t\t\t\t\t\t\t<\/div>\n\t\t\t\t<\/div>\n\t\t\t\t<div class=\"elementor-element elementor-element-bfd2314 elementor-widget-tablet__width-auto elementor-widget elementor-widget-text-editor\" data-id=\"bfd2314\" data-element_type=\"widget\" data-e-type=\"widget\" data-widget_type=\"text-editor.default\">\n\t\t\t\t<div class=\"elementor-widget-container\">\n\t\t\t\t\t\t\t\t\t<p>Kann auch zum Biegen, Bohren, gratfreien Schneiden, Hohlschneiden, Aufweiten, Schrumpfen und f\u00fcr andere Bearbeitungsdienstleistungen von Edelstahlrohren verwendet werden.<\/p>\t\t\t\t\t\t\t\t<\/div>\n\t\t\t\t<\/div>\n\t\t\t\t<\/div>\n\t\t\t\t<\/div>\n\t\t\t\t<\/div>\n\t\t<div class=\"elementor-element elementor-element-5440453 e-con-full e-flex e-con e-parent\" data-id=\"5440453\" data-element_type=\"container\" data-e-type=\"container\">\n\t\t\t\t<div class=\"elementor-element elementor-element-d4b4601 elementor-widget elementor-widget-text-editor\" data-id=\"d4b4601\" data-element_type=\"widget\" data-e-type=\"widget\" data-widget_type=\"text-editor.default\">\n\t\t\t\t<div class=\"elementor-widget-container\">\n\t\t\t\t\t\t\t\t\t<p>304 Edelstahl ist ein austenitischer Edelstahl, der haupts\u00e4chlich aus Chrom (Cr) und Nickel (Ni) besteht, die eine wichtige Rolle in 304 Edelstahl spielen.<\/p><p>Chrom ist mit etwa 18% das am h\u00e4ufigsten vorkommende Element in Edelstahl 304. Chrom reagiert mit dem Sauerstoff in der Luft und bildet eine d\u00fcnne und widerstandsf\u00e4hige Chromoxidschicht (Passivierungsschicht) auf der Oberfl\u00e4che, die eine weitere Oxidation verhindert und sich selbst reparieren kann, wodurch die Korrosionsbest\u00e4ndigkeit erheblich verbessert wird.\u00a0Durch das Vorhandensein von Chrom ist Edelstahl 304 in der Lage, Korrosion in neutralen bis schwach oxidierenden Umgebungen, wie verd\u00fcnnter Schwefels\u00e4ure, Essigs\u00e4ure und anderen Medien, zu widerstehen.<\/p><p>Nickel ist ein austenitbildendes Element, das die Kristallstruktur von Stahl von Ferrit zu Austenit ver\u00e4ndern kann. Diese Struktur verleiht Edelstahl 304 eine gute Plastizit\u00e4t, Schwei\u00dfbarkeit und Z\u00e4higkeit. Der Zusatz von Nickel verbessert die Korrosionsbest\u00e4ndigkeit von Edelstahl 304 gegen\u00fcber nicht oxidierenden S\u00e4uren und Chloridl\u00f6sungen erheblich, insbesondere in neutralen bis schwach reduzierenden Umgebungen.<\/p>\t\t\t\t\t\t\t\t<\/div>\n\t\t\t\t<\/div>\n\t\t\t\t<\/div>\n\t\t<div class=\"elementor-element elementor-element-9a1bfed e-con-full e-flex e-con e-parent\" data-id=\"9a1bfed\" data-element_type=\"container\" data-e-type=\"container\">\n\t\t\t\t<div class=\"elementor-element elementor-element-dfd478a elementor-widget-tablet__width-auto elementor-widget elementor-widget-heading\" data-id=\"dfd478a\" data-element_type=\"widget\" data-e-type=\"widget\" data-widget_type=\"heading.default\">\n\t\t\t\t<div class=\"elementor-widget-container\">\n\t\t\t\t\t<h2 class=\"elementor-heading-title elementor-size-default\">Chemische Zusammensetzung von nahtlosen Rohren aus Edelstahl 304\n<\/h2>\t\t\t\t<\/div>\n\t\t\t\t<\/div>\n\t\t\t\t<div class=\"elementor-element elementor-element-7e784c5 elementor-widget-tablet__width-auto elementor-widget elementor-widget-text-editor\" data-id=\"7e784c5\" data-element_type=\"widget\" data-e-type=\"widget\" data-widget_type=\"text-editor.default\">\n\t\t\t\t<div class=\"elementor-widget-container\">\n\t\t\t\t\t\t\t\t\t<table><tbody><tr><td><p>Element<\/p><\/td><td><p>SS 304<\/p><\/td><\/tr><tr><td><p>Ni<\/p><\/td><td><p>8,0 \u2013 11,0<\/p><\/td><\/tr><tr><td><p>C<\/p><\/td><td><p>0.08<\/p><\/td><\/tr><tr><td><p>Mn<\/p><\/td><td><p>2,0 max.<\/p><\/td><\/tr><tr><td><p>P<\/p><\/td><td><p>0,045 max.<\/p><\/td><\/tr><tr><td><p>S<\/p><\/td><td><p>0,03 max.<\/p><\/td><\/tr><tr><td><p>Si<\/p><\/td><td><p>1,0 max.<\/p><\/td><\/tr><tr><td><p>Cr<\/p><\/td><td><p>18.0 - 20.0<\/p><\/td><\/tr><\/tbody><\/table>\t\t\t\t\t\t\t\t<\/div>\n\t\t\t\t<\/div>\n\t\t\t\t<div class=\"elementor-element elementor-element-f142b86 elementor-widget-tablet__width-auto elementor-widget elementor-widget-heading\" data-id=\"f142b86\" data-element_type=\"widget\" data-e-type=\"widget\" data-widget_type=\"heading.default\">\n\t\t\t\t<div class=\"elementor-widget-container\">\n\t\t\t\t\t<h2 class=\"elementor-heading-title elementor-size-default\">304 Nahtloses Edelstahlrohr Mechanische Eigenschaften \n<\/h2>\t\t\t\t<\/div>\n\t\t\t\t<\/div>\n\t\t\t\t<div class=\"elementor-element elementor-element-2f5a3c2 elementor-widget-tablet__width-auto elementor-widget elementor-widget-text-editor\" data-id=\"2f5a3c2\" data-element_type=\"widget\" data-e-type=\"widget\" data-widget_type=\"text-editor.default\">\n\t\t\t\t<div class=\"elementor-widget-container\">\n\t\t\t\t\t\t\t\t\t<table><tbody><tr><td>Element<\/td><td>SS 304<\/td><\/tr><tr><td>Dichte<\/td><td>8,0 g\/cm<sup>3<\/sup><\/td><\/tr><tr><td>Schmelzpunkt<\/td><td>1400 \u00b0C (2550 \u00b0F)<\/td><\/tr><tr><td>Zugfestigkeit<\/td><td>Psi \u2013 75000, MPa \u2013 515<\/td><\/tr><tr><td>Streckgrenze (0,2%Offset)<\/td><td>Psi \u2013 30000, MPa \u2013 205<\/td><\/tr><tr><td>Dehnung<\/td><td>35 %<\/td><\/tr><tr><td>Dehnung<\/td><td>35 %<\/td><\/tr><\/tbody><\/table>\t\t\t\t\t\t\t\t<\/div>\n\t\t\t\t<\/div>\n\t\t\t\t<div class=\"elementor-element elementor-element-6c87d6f elementor-widget-tablet__width-auto elementor-widget elementor-widget-heading\" data-id=\"6c87d6f\" data-element_type=\"widget\" data-e-type=\"widget\" data-widget_type=\"heading.default\">\n\t\t\t\t<div class=\"elementor-widget-container\">\n\t\t\t\t\t<h2 class=\"elementor-heading-title elementor-size-default\">Edelstahlrohr 304 Physikalische Eigenschaften <\/h2>\t\t\t\t<\/div>\n\t\t\t\t<\/div>\n\t\t\t\t<div class=\"elementor-element elementor-element-3a065cf elementor-widget-tablet__width-auto elementor-widget elementor-widget-text-editor\" data-id=\"3a065cf\" data-element_type=\"widget\" data-e-type=\"widget\" data-widget_type=\"text-editor.default\">\n\t\t\t\t<div class=\"elementor-widget-container\">\n\t\t\t\t\t\t\t\t\t<table><tbody><tr><td rowspan=\"2\">Klasse<\/td><td rowspan=\"2\">Dichte (kg\/m\u00b3)<sup>3<\/sup>)<\/td><td rowspan=\"2\">Elastizit\u00e4tsmodul (GPa)<\/td><td colspan=\"3\">Mittlerer W\u00e4rmeausdehnungskoeffizient (m\/m\/<sup>0<\/sup>C)<\/td><td colspan=\"2\">W\u00e4rmeleitf\u00e4higkeit (W\/m.K)<\/td><td rowspan=\"2\">Spezifische W\u00e4rme  0-100<sup>0<\/sup>C (J\/kg\u00b7K)<\/td><td rowspan=\"2\">Elektrischer Widerstand (n.m)<\/td><\/tr><tr><td>0-100<sup>0<\/sup>C<\/td><td>0-315<sup>0<\/sup>C<\/td><td>0-538<sup>0<\/sup>C<\/td><td>bei 100<sup>0<\/sup>C<\/td><td>bei 500<sup>0<\/sup>C<\/td><\/tr><tr><td>304<\/td><td>8000<\/td><td>193<\/td><td>17.2<\/td><td>17.8<\/td><td>18.4<\/td><td>16.2<\/td><td>21.5<\/td><td>500<\/td><td>720<\/td><\/tr><\/tbody><\/table>\t\t\t\t\t\t\t\t<\/div>\n\t\t\t\t<\/div>\n\t\t\t\t<\/div>\n\t\t<div class=\"elementor-element elementor-element-2894596 e-con-full e-flex e-con e-parent\" data-id=\"2894596\" data-element_type=\"container\" data-e-type=\"container\">\n\t\t\t\t<div class=\"elementor-element elementor-element-56f3529 elementor-widget-tablet__width-auto elementor-widget elementor-widget-heading\" data-id=\"56f3529\" data-element_type=\"widget\" data-e-type=\"widget\" data-widget_type=\"heading.default\">\n\t\t\t\t<div class=\"elementor-widget-container\">\n\t\t\t\t\t<h2 class=\"elementor-heading-title elementor-size-default\">304 Nahtloses Rohr Merkmal<\/h2>\t\t\t\t<\/div>\n\t\t\t\t<\/div>\n\t\t\t\t<div class=\"elementor-element elementor-element-a57cb9d elementor-widget-tablet__width-auto elementor-widget elementor-widget-text-editor\" data-id=\"a57cb9d\" data-element_type=\"widget\" data-e-type=\"widget\" data-widget_type=\"text-editor.default\">\n\t\t\t\t<div class=\"elementor-widget-container\">\n\t\t\t\t\t\t\t\t\t<p><strong>1. Hervorragende Korrosionsbest\u00e4ndigkeit<\/strong><br \/>Nahtlose Rohre aus Edelstahl 304 weisen eine gute Korrosionsbest\u00e4ndigkeit in einer Vielzahl von Umgebungen auf, darunter atmosph\u00e4rische Umgebungen, Wasserumgebungen und bestimmte Umgebungen mit chemischen Substanzen.<\/p><p><strong>2. Mechanische Eigenschaften<\/strong><br \/>Es hat eine hohe Zugfestigkeit, Streckgrenze und Dehnung und h\u00e4lt hohem Druck und Belastungen stand.<\/p><p><strong>3. Thermische Eigenschaften<\/strong><br \/>304-Stahl kann auch bei hohen Temperaturen gute mechanische Eigenschaften und strukturelle Integrit\u00e4t beibehalten.<\/p><p><strong>4. Verarbeitungsleistung<\/strong><br \/>Leicht zu schneiden, zu schwei\u00dfen und zu formen, mit einer glatten und gl\u00e4nzenden Oberfl\u00e4che, geeignet f\u00fcr verschiedene industrielle Anwendungen.<\/p>\t\t\t\t\t\t\t\t<\/div>\n\t\t\t\t<\/div>\n\t\t\t\t<\/div>\n\t\t<div class=\"elementor-element elementor-element-3caba76 e-con-full e-flex e-con e-parent\" data-id=\"3caba76\" data-element_type=\"container\" data-e-type=\"container\">\n\t\t\t\t<div class=\"elementor-element elementor-element-e59b4a5 elementor-widget-tablet__width-auto elementor-widget elementor-widget-heading\" data-id=\"e59b4a5\" data-element_type=\"widget\" data-e-type=\"widget\" data-widget_type=\"heading.default\">\n\t\t\t\t<div class=\"elementor-widget-container\">\n\t\t\t\t\t<h2 class=\"elementor-heading-title elementor-size-default\">304 Material\u00e4quivalente G\u00fcten\n<\/h2>\t\t\t\t<\/div>\n\t\t\t\t<\/div>\n\t\t\t\t<div class=\"elementor-element elementor-element-be0c57a elementor-widget-tablet__width-auto elementor-widget elementor-widget-text-editor\" data-id=\"be0c57a\" data-element_type=\"widget\" data-e-type=\"widget\" data-widget_type=\"text-editor.default\">\n\t\t\t\t<div class=\"elementor-widget-container\">\n\t\t\t\t\t\t\t\t\t<table><tbody><tr><td>STANDARD<\/td><td>WERKSTOFF NR.<\/td><td>UNS<\/td><td>JIS<\/td><td>AFNOR<\/td><td>BS<\/td><td>GOST<\/td><td>DE<\/td><\/tr><tr><td>SS 304<\/td><td>1.4301<\/td><td>S30400<\/td><td>SUS 304<\/td><td>Z7CN18-09<\/td><td>304S31<\/td><td>08\u042518\u041d10<\/td><td>X5CrNi18-10<\/td><\/tr><\/tbody><\/table>\t\t\t\t\t\t\t\t<\/div>\n\t\t\t\t<\/div>\n\t\t\t\t<\/div>\n\t\t<div class=\"elementor-element elementor-element-de6e8a1 e-con-full e-flex e-con e-parent\" data-id=\"de6e8a1\" data-element_type=\"container\" data-e-type=\"container\">\n\t\t<div class=\"elementor-element elementor-element-0e042fc e-con-full e-flex e-con e-child\" data-id=\"0e042fc\" data-element_type=\"container\" data-e-type=\"container\">\n\t\t\t\t<div class=\"elementor-element elementor-element-a79e23b elementor-widget-tablet__width-auto elementor-widget elementor-widget-image\" data-id=\"a79e23b\" data-element_type=\"widget\" data-e-type=\"widget\" data-widget_type=\"image.default\">\n\t\t\t\t<div class=\"elementor-widget-container\">\n\t\t\t\t\t\t\t\t\t\t\t\t\t\t\t<img loading=\"lazy\" decoding=\"async\" width=\"1280\" height=\"843\" src=\"https:\/\/jblstainless.com\/wp-content\/uploads\/2025\/03\/304-stainless-steel-pipe-application.webp\" class=\"attachment-1536x1536 size-1536x1536 wp-image-1059\" alt=\"Anwendung von Rohren aus Edelstahl 304\" srcset=\"https:\/\/jblstainless.com\/wp-content\/uploads\/2025\/03\/304-stainless-steel-pipe-application.webp 1280w, https:\/\/jblstainless.com\/wp-content\/uploads\/2025\/03\/304-stainless-steel-pipe-application-300x198.webp 300w, https:\/\/jblstainless.com\/wp-content\/uploads\/2025\/03\/304-stainless-steel-pipe-application-1024x674.webp 1024w, https:\/\/jblstainless.com\/wp-content\/uploads\/2025\/03\/304-stainless-steel-pipe-application-768x506.webp 768w, https:\/\/jblstainless.com\/wp-content\/uploads\/2025\/03\/304-stainless-steel-pipe-application-18x12.webp 18w, https:\/\/jblstainless.com\/wp-content\/uploads\/2025\/03\/304-stainless-steel-pipe-application-600x395.webp 600w\" sizes=\"(max-width: 1280px) 100vw, 1280px\" \/>\t\t\t\t\t\t\t\t\t\t\t\t\t\t\t<\/div>\n\t\t\t\t<\/div>\n\t\t\t\t<\/div>\n\t\t<div class=\"elementor-element elementor-element-f0fe4e4 e-con-full e-flex e-con e-child\" data-id=\"f0fe4e4\" data-element_type=\"container\" data-e-type=\"container\">\n\t\t\t\t<div class=\"elementor-element elementor-element-64bf48e elementor-widget-tablet__width-auto elementor-widget elementor-widget-heading\" data-id=\"64bf48e\" data-element_type=\"widget\" data-e-type=\"widget\" data-widget_type=\"heading.default\">\n\t\t\t\t<div class=\"elementor-widget-container\">\n\t\t\t\t\t<h2 class=\"elementor-heading-title elementor-size-default\">Anwendungen von nahtlosen Stahlrohren aus 304<\/h2>\t\t\t\t<\/div>\n\t\t\t\t<\/div>\n\t\t\t\t<div class=\"elementor-element elementor-element-983d709 elementor-widget-tablet__width-auto elementor-widget elementor-widget-text-editor\" data-id=\"983d709\" data-element_type=\"widget\" data-e-type=\"widget\" data-widget_type=\"text-editor.default\">\n\t\t\t\t<div class=\"elementor-widget-container\">\n\t\t\t\t\t\t\t\t\t<p>Nahtlose Rohre aus Edelstahl 304 werden in einer Vielzahl von Branchen eingesetzt, darunter:<\/p><ul><li>\u00d6l und Gas: Transport von \u00d6l, Gas und anderen Fl\u00fcssigkeiten.<\/li><li>Chemische Verarbeitung: Umgang mit S\u00e4uren, Laugen und anderen korrosiven Stoffen.<\/li><li>Lebensmittel und Getr\u00e4nke: Gew\u00e4hrleistung einer hygienischen Herstellung und Lagerung.<\/li><li>Arzneimittel: Aufrechterhaltung steriler Umgebungen.<\/li><li>Bauwesen: Errichtung langlebiger und \u00e4sthetisch ansprechender Bauwerke.<\/li><li>Automobilindustrie: Herstellung von Abgasanlagen und Kraftstoffleitungen.<\/li><\/ul>\t\t\t\t\t\t\t\t<\/div>\n\t\t\t\t<\/div>\n\t\t\t\t<\/div>\n\t\t\t\t<\/div>\n\t\t\t\t<\/div>","protected":false},"excerpt":{"rendered":"<p>Nahtlose Rohre aus Edelstahl 304 sind lange Stahlstreifen ohne Schwei\u00dfn\u00e4hte, mit hohlem Querschnitt und ohne N\u00e4hte, die in der Regel aus massiven Rundkn\u00fcppeln durch Erhitzen, Perforieren und Kaltziehen oder Warmwalzen hergestellt werden.<\/p>\n<ol>\n<li>Hervorragende Korrosionsbest\u00e4ndigkeit<\/li>\n<li>Hohe Festigkeit und Haltbarkeit<\/li>\n<li>Hervorragende Formbarkeit und Schwei\u00dfbarkeit<\/li>\n<\/ol>","protected":false},"featured_media":979,"template":"","meta":{"_eb_attr":""},"product_brand":[],"product_cat":[30],"product_tag":[48,44,47,49],"class_list":{"0":"post-1019","1":"product","2":"type-product","3":"status-publish","4":"has-post-thumbnail","6":"product_cat-stainless-steel-seamless-pipe","7":"product_tag-304-pipe","8":"product_tag-304-seamless-pipe","9":"product_tag-304-stainless-steel-pipe","10":"product_tag-seamless-stainless-steel-pipe","12":"first","13":"instock","14":"shipping-taxable","15":"product-type-simple"},"_links":{"self":[{"href":"https:\/\/jblstainless.com\/de\/wp-json\/wp\/v2\/product\/1019","targetHints":{"allow":["GET"]}}],"collection":[{"href":"https:\/\/jblstainless.com\/de\/wp-json\/wp\/v2\/product"}],"about":[{"href":"https:\/\/jblstainless.com\/de\/wp-json\/wp\/v2\/types\/product"}],"version-history":[{"count":27,"href":"https:\/\/jblstainless.com\/de\/wp-json\/wp\/v2\/product\/1019\/revisions"}],"predecessor-version":[{"id":1867,"href":"https:\/\/jblstainless.com\/de\/wp-json\/wp\/v2\/product\/1019\/revisions\/1867"}],"wp:featuredmedia":[{"embeddable":true,"href":"https:\/\/jblstainless.com\/de\/wp-json\/wp\/v2\/media\/979"}],"wp:attachment":[{"href":"https:\/\/jblstainless.com\/de\/wp-json\/wp\/v2\/media?parent=1019"}],"wp:term":[{"taxonomy":"product_brand","embeddable":true,"href":"https:\/\/jblstainless.com\/de\/wp-json\/wp\/v2\/product_brand?post=1019"},{"taxonomy":"product_cat","embeddable":true,"href":"https:\/\/jblstainless.com\/de\/wp-json\/wp\/v2\/product_cat?post=1019"},{"taxonomy":"product_tag","embeddable":true,"href":"https:\/\/jblstainless.com\/de\/wp-json\/wp\/v2\/product_tag?post=1019"}],"curies":[{"name":"wp","href":"https:\/\/api.w.org\/{rel}","templated":true}]}}