{"id":1236,"date":"2025-04-02T17:33:36","date_gmt":"2025-04-02T09:33:36","guid":{"rendered":"https:\/\/jblstainless.com\/?post_type=product&#038;p=1236"},"modified":"2025-07-14T16:43:58","modified_gmt":"2025-07-14T08:43:58","slug":"nahtlose-edelstahlrohre","status":"publish","type":"product","link":"https:\/\/jblstainless.com\/de\/seamless-stainless-steel-tubing\/","title":{"rendered":"Nahtlose Edelstahlrohre"},"content":{"rendered":"<p>Nahtlose Edelstahlrohre sind ein hochfestes, korrosionsbest\u00e4ndiges und hochtemperaturbest\u00e4ndiges Rohrleitungsmaterial, und die schwei\u00dflose Konstruktion sorgt f\u00fcr gr\u00f6\u00dfere Zuverl\u00e4ssigkeit und Sicherheit. Wir bieten eine umfassende Palette von Edelstahlwerkstoffen an, darunter nahtlose Rohre aus austenitischem Edelstahl, nahtlose Rohre aus martensitischem Edelstahl, nahtlose Rohre aus ferritischem Edelstahl usw., die in den Bereichen Erd\u00f6l, chemische Industrie, Stromerzeugung, Luft- und Raumfahrt, Meerestechnik usw. weit verbreitet sind.<\/p>\n<table class=\"table\">\n<tbody>\n<tr>\n<td>Material<\/td>\n<td>Merkmal<\/td>\n<td>Stahlsorte<\/td>\n<td>Dimension<\/td>\n<\/tr>\n<tr>\n<td>Austenitischer rostfreier Stahl<\/td>\n<td>ausgezeichnete Korrosionsbest\u00e4ndigkeit, geeignet f\u00fcr chemische<br \/>\nund Meerestechnik.<\/td>\n<td>304,316,317,etc<\/td>\n<td>Au\u00dfendurchmesser: 6,0~813,0mm<br \/>\nWT:SCH5S~SCH80S<\/td>\n<\/tr>\n<tr>\n<td>Martensitischer rostfreier Stahl<\/td>\n<td>hohe Festigkeit, geeignet f\u00fcr den Maschinenbau.<\/td>\n<td>410,420,431,etc<\/td>\n<td>Au\u00dfendurchmesser: 6,0~813,0mm<br \/>\nWT:SCH5S~SCH80S<\/td>\n<\/tr>\n<tr>\n<td>Duplex-Edelstahl<\/td>\n<td>verbesserte Korrosionsbest\u00e4ndigkeit und h\u00f6here Festigkeit<\/td>\n<td>S32205,S31803,etc<\/td>\n<td>Au\u00dfendurchmesser: 19,0~254mm<br \/>\nGEWICHT: SCH5S~SCH80S<\/td>\n<\/tr>\n<\/tbody>\n<\/table>\n<p><img fetchpriority=\"high\" decoding=\"async\" class=\"wp-image-1042 size-full\" src=\"https:\/\/jblstainless.com\/wp-content\/uploads\/2025\/02\/stainless-pipe.webp\" alt=\"Edelstahlrohr\" width=\"1001\" height=\"300\" srcset=\"https:\/\/jblstainless.com\/wp-content\/uploads\/2025\/02\/stainless-pipe.webp 1001w, https:\/\/jblstainless.com\/wp-content\/uploads\/2025\/02\/stainless-pipe-300x90.webp 300w, https:\/\/jblstainless.com\/wp-content\/uploads\/2025\/02\/stainless-pipe-768x230.webp 768w, https:\/\/jblstainless.com\/wp-content\/uploads\/2025\/02\/stainless-pipe-18x5.webp 18w, https:\/\/jblstainless.com\/wp-content\/uploads\/2025\/02\/stainless-pipe-600x180.webp 600w\" sizes=\"(max-width: 1001px) 100vw, 1001px\" \/><\/p>\n<p>Unsere nahtlosen Rohre werden aus hochreinem Edelstahl hergestellt und so bearbeitet, dass sie korrosions- und hochtemperaturbest\u00e4ndig sind. Vom Rohmaterial bis zum fertigen Produkt wenden wir ein strenges Qualit\u00e4tsmanagementsystem an, um die Einhaltung der internationalen Normen wie ASTM A312 und GB\/T 14976 zu gew\u00e4hrleisten.<\/p>\n<h2><strong>Nahtlose Edelstahlrohre - Spezifikation<\/strong><\/h2>\n<table>\n<tbody>\n<tr>\n<td colspan=\"1\" rowspan=\"1\">Artikel<\/td>\n<td colspan=\"2\" rowspan=\"1\">Nahtlose Rohre aus Edelstahl<\/td>\n<\/tr>\n<tr>\n<td colspan=\"1\" rowspan=\"1\">Stahlsorte<\/td>\n<td colspan=\"2\" rowspan=\"1\">Serie 200, Serie 300, Serie 400, 904L, 2205, usw.<\/td>\n<\/tr>\n<tr>\n<td colspan=\"1\" rowspan=\"1\">Standard<\/td>\n<td colspan=\"2\" rowspan=\"1\">ASTM A213,A312,ASTM A269,ASTM A778,ASTM A789,DIN 17456, DIN17457,DIN 17459,JIS G3459,<\/p>\n<p>JIS G3463,GOST9941,EN10216, BS3605,GB13296<\/td>\n<\/tr>\n<tr>\n<td colspan=\"1\" rowspan=\"1\">Material<\/td>\n<td colspan=\"2\" rowspan=\"1\">304,304L,309S,310S,316,316Ti,317,317L,321,347,347H,304N,316L,316N,201,2205,etc<\/td>\n<\/tr>\n<tr>\n<td colspan=\"1\" rowspan=\"1\">Oberfl\u00e4che<\/td>\n<td colspan=\"2\" rowspan=\"1\">Polieren, Gl\u00fchen, Beizen, gl\u00e4nzend<\/td>\n<\/tr>\n<tr>\n<td colspan=\"1\" rowspan=\"1\">Typ<\/td>\n<td colspan=\"2\" rowspan=\"1\">warmgewalzt, kaltgewalzt<\/td>\n<\/tr>\n<tr>\n<td colspan=\"1\" rowspan=\"1\">Wandst\u00e4rke<\/td>\n<td colspan=\"2\" rowspan=\"1\">1mm-150mm(SCH10-XXS)<\/td>\n<\/tr>\n<tr>\n<td colspan=\"1\" rowspan=\"1\">\u00c4u\u00dferer Durchmesser<\/td>\n<td colspan=\"2\" rowspan=\"1\">6mm-2500mm (3\/8\u2033-100\u2033)<\/td>\n<\/tr>\n<tr>\n<td colspan=\"1\" rowspan=\"1\">Lieferfrist<\/td>\n<td colspan=\"2\" rowspan=\"1\">Prompte Lieferung oder entsprechend der Bestellmenge.<\/td>\n<\/tr>\n<tr>\n<td colspan=\"1\" rowspan=\"1\">Paket<\/td>\n<td colspan=\"2\" rowspan=\"1\">Standard-Export seet\u00fcchtig Paket, oder wie erforderlich.<\/td>\n<\/tr>\n<\/tbody>\n<\/table>\n<p>Nahtlose Rohre aus rostfreiem Stahl sind aufgrund ihrer hervorragenden Eigenschaften das bevorzugte Rohrleitungsmaterial in der Erd\u00f6lindustrie, der chemischen Industrie, der Elektrizit\u00e4tswirtschaft und anderen Bereichen, und zwar unabh\u00e4ngig davon, ob Sie Standardgr\u00f6\u00dfen oder Sonderabmessungen ben\u00f6tigen.<\/p>\n<h2>Warum JBLSTEEL als Ihr Lieferant f\u00fcr nahtlose Rohre w\u00e4hlen?<\/h2>\n<h3><strong>Anpassungsdienst<\/strong><\/h3>\n<p>Da wir wissen, dass jedes Projekt einzigartig ist, bieten wir ma\u00dfgeschneiderte L\u00f6sungen in verschiedenen Gr\u00f6\u00dfen und Spezifikationen an, um spezifische Projektanforderungen zu erf\u00fcllen:<\/p>\n<p><strong>1.Einzigartige Abmessungen:<\/strong> Unsere fortschrittliche CNC-Bearbeitung und unsere pr\u00e4zisen technischen F\u00e4higkeiten erm\u00f6glichen es uns, Rohre nach Ihren genauen Spezifikationen zu fertigen.<\/p>\n<p><strong>2. das Material:<\/strong> W\u00e4hlen Sie aus einer Vielzahl von Materialg\u00fcten, darunter austenitische, ferritische, martensitische und Duplex-Edelst\u00e4hle, um den Anforderungen Ihres Projekts gerecht zu werden, einschlie\u00dflich Hochtemperatur-, Korrosionsschutz- oder Hochdruckanwendungen.<\/p>\n<p><strong>3. die Oberfl\u00e4chenbehandlungen:<\/strong> W\u00e4hlen Sie Oberfl\u00e4chenbehandlungen wie Polieren, Gl\u00fchen, Beizen und Blankpolieren, um eine helle, glatte Oberfl\u00e4che zu erzielen, die \u00c4sthetik zu verbessern, die Oberfl\u00e4chenrauhigkeit zu verringern und die Korrosionsbest\u00e4ndigkeit zu erh\u00f6hen.<\/p>\n<p><strong>4. besondere Designs:<\/strong> W\u00e4hlen Sie das Material (z. B. 316L korrosionsbest\u00e4ndig, 304 Allzweck) und die Spezifikationen (DN15-DN600) entsprechend den Projektanforderungen, um sicherzustellen, dass die technischen Anforderungen erf\u00fcllt werden.<\/p>\n<p><img decoding=\"async\" class=\"wp-image-1357 size-full\" src=\"https:\/\/jblstainless.com\/wp-content\/uploads\/2025\/04\/stainless-steel-pipe-surface-treatment.webp\" alt=\"Oberfl\u00e4chenbehandlung von Edelstahlrohren\" width=\"1000\" height=\"493\" srcset=\"https:\/\/jblstainless.com\/wp-content\/uploads\/2025\/04\/stainless-steel-pipe-surface-treatment.webp 1000w, https:\/\/jblstainless.com\/wp-content\/uploads\/2025\/04\/stainless-steel-pipe-surface-treatment-300x148.webp 300w, https:\/\/jblstainless.com\/wp-content\/uploads\/2025\/04\/stainless-steel-pipe-surface-treatment-768x379.webp 768w, https:\/\/jblstainless.com\/wp-content\/uploads\/2025\/04\/stainless-steel-pipe-surface-treatment-18x9.webp 18w, https:\/\/jblstainless.com\/wp-content\/uploads\/2025\/04\/stainless-steel-pipe-surface-treatment-600x296.webp 600w\" sizes=\"(max-width: 1000px) 100vw, 1000px\" \/><\/p>\n<h3>Hochwertige Materialien<\/h3>\n<p>Die Rohstoffe werden von bekannten Stahlwerken (z. B. Baosteel, Shagang, TISCO usw.) bezogen. Die Materialien sind von hoher Qualit\u00e4t und entsprechen den internationalen Normen ASTM, DIN, JIS usw., wodurch eine hervorragende Leistung und Haltbarkeit gew\u00e4hrleistet wird. Die Stahlrohre werden pr\u00e4zise gewalzt und w\u00e4rmebehandelt, um eine gleichm\u00e4\u00dfige Wanddicke und keine Defekte zu gew\u00e4hrleisten.<\/p>\n<h3>Garantierte Qualit\u00e4t<\/h3>\n<p>Strenge Qualit\u00e4tskontrolle: Unser hochmoderner Herstellungsprozess umfasst strenge Qualit\u00e4tskontrollen von den Rohstoffen bis zu den fertigen Produkten, um sicherzustellen, dass jedes Produkt den h\u00f6chsten Standards entspricht, und liefert Pr\u00fcfberichte, um eine fehlerfreie Lieferung zu gew\u00e4hrleisten. Zertifizierung durch Dritte: Wir akzeptieren auch Pr\u00fcfungen durch Dritte, um sicherzustellen, dass unsere Produkte den Standards entsprechen.<\/p>\n<ul>\n<li>Bereitstellung von Qualit\u00e4tssicherungszertifikaten, Inspektionsberichten usw.<\/li>\n<\/ul>\n<p><img decoding=\"async\" class=\"wp-image-1361 size-full\" src=\"https:\/\/jblstainless.com\/wp-content\/uploads\/2025\/04\/seamless-stainless-steel-pipe-quality-inspection.webp\" alt=\"Qualit\u00e4tspr\u00fcfung nahtloser Edelstahlrohre\" width=\"1000\" height=\"660\" srcset=\"https:\/\/jblstainless.com\/wp-content\/uploads\/2025\/04\/seamless-stainless-steel-pipe-quality-inspection.webp 1000w, https:\/\/jblstainless.com\/wp-content\/uploads\/2025\/04\/seamless-stainless-steel-pipe-quality-inspection-300x198.webp 300w, https:\/\/jblstainless.com\/wp-content\/uploads\/2025\/04\/seamless-stainless-steel-pipe-quality-inspection-768x507.webp 768w, https:\/\/jblstainless.com\/wp-content\/uploads\/2025\/04\/seamless-stainless-steel-pipe-quality-inspection-18x12.webp 18w, https:\/\/jblstainless.com\/wp-content\/uploads\/2025\/04\/seamless-stainless-steel-pipe-quality-inspection-600x396.webp 600w\" sizes=\"(max-width: 1000px) 100vw, 1000px\" \/><\/p>\n<h3>Vielf\u00e4ltige Anwendungen von nahtlosen Edelstahlrohren<\/h3>\n<p>Nahtlose Rohre aus Edelstahl finden aufgrund ihrer hervorragenden Korrosionsbest\u00e4ndigkeit, hohen Temperaturbest\u00e4ndigkeit und hohen Festigkeit ein breites Anwendungsspektrum:<\/p>\n<ul>\n<li>Erd\u00f6lbereich: f\u00fcr den \u00d6l- und Gastransport in der Tiefsee, um die Stabilit\u00e4t der Pipeline unter hohem Druck zu gew\u00e4hrleisten.<\/li>\n<li>Chemischer Bereich: S\u00e4ure- und Laugenkorrosionsbest\u00e4ndigkeit, um den sicheren Transport von chemischen Rohstoffen zu gew\u00e4hrleisten.<\/li>\n<li>Energiebereich: Die hohe Temperaturbest\u00e4ndigkeit unterst\u00fctzt den langfristigen Betrieb von Heizkesseln und verbessert die Effizienz der Energieerzeugung.<\/li>\n<\/ul>\n<h3>Konkurrenzf\u00e4higer Preis<\/h3>\n<ul>\n<li>\n<h4>Angemessener Preis<\/h4>\n<\/li>\n<\/ul>\n<p>Unser Werk liegt in der N\u00e4he der Stahlwerke Angang, was die Transportkosten senkt, nahtlose Rohre sind preislich wettbewerbsf\u00e4hig, und ein ausreichender Lagerbestand verringert die Auswirkungen von Schwankungen der Rohstoffpreise.<\/p>\n<ul>\n<li>\n<h4>Muster verf\u00fcgbar<\/h4>\n<\/li>\n<\/ul>\n<p>Wir haben kostenlose Muster auf Lager, damit Sie sich vor der Bestellung von der Qualit\u00e4t unserer Produkte \u00fcberzeugen k\u00f6nnen.<\/p>\n<ul>\n<li>\n<h4>MOQ<\/h4>\n<\/li>\n<\/ul>\n<p>Die Mindestbestellmenge von Stahllieferanten ist normalerweise 1 Tonne. Aber wir haben mehr flexible MOQ, egal Sie gro\u00dfe oder kleine Auftr\u00e4ge haben, k\u00f6nnen wir Ihnen eine gute L\u00f6sung bieten.<\/p>\n<h3>Gute F\u00e4higkeiten in der Lieferkette<\/h3>\n<ul>\n<li>\n<h4>Moderne Produktionsanlagen<\/h4>\n<\/li>\n<\/ul>\n<p>Unser Werk verf\u00fcgt \u00fcber einen ausreichenden Lagerbestand, ist mit automatisierten Produktionslinien ausgestattet und verf\u00fcgt \u00fcber fortschrittliche Produktionsanlagen wie Warmwalzwerke, Kaltwalzwerke, Stanzmaschinen usw., die die Produktionszeit verk\u00fcrzen und die Produktionseffizienz erheblich verbessern. Auf der Grundlage der vorgegebenen Spezifikationen und Toleranzen entwirft, fertigt und liefert JBLSTEEL hochwertige Edelstahlrohre f\u00fcr Auftr\u00e4ge.<\/p>\n<p><img loading=\"lazy\" decoding=\"async\" class=\"wp-image-1324 size-full\" src=\"https:\/\/jblstainless.com\/wp-content\/uploads\/2025\/03\/seamless-pipe-production-process.webp\" alt=\"Verfahren zur Herstellung nahtloser Rohre\" width=\"1140\" height=\"730\" srcset=\"https:\/\/jblstainless.com\/wp-content\/uploads\/2025\/03\/seamless-pipe-production-process.webp 1140w, https:\/\/jblstainless.com\/wp-content\/uploads\/2025\/03\/seamless-pipe-production-process-300x192.webp 300w, https:\/\/jblstainless.com\/wp-content\/uploads\/2025\/03\/seamless-pipe-production-process-1024x656.webp 1024w, https:\/\/jblstainless.com\/wp-content\/uploads\/2025\/03\/seamless-pipe-production-process-768x492.webp 768w, https:\/\/jblstainless.com\/wp-content\/uploads\/2025\/03\/seamless-pipe-production-process-18x12.webp 18w, https:\/\/jblstainless.com\/wp-content\/uploads\/2025\/03\/seamless-pipe-production-process-600x384.webp 600w\" sizes=\"(max-width: 1140px) 100vw, 1140px\" \/><\/p>\n<ul>\n<li>\n<h4>Mehrere Transportmethoden<\/h4>\n<\/li>\n<\/ul>\n<p>Wir unterst\u00fctzen Express-, See-, Land-, Luft- und Bahnfracht und arbeiten langfristig und stabil mit mehreren Logistikunternehmen zusammen, um die rechtzeitige Lieferung und Sicherheit der Produkte zu gew\u00e4hrleisten.<\/p>\n<ul>\n<li>\n<h4>Rechtzeitige Lieferung<\/h4>\n<\/li>\n<\/ul>\n<p>Von der Bestellung bis zur Auslieferung halten wir uns streng an die Qualit\u00e4tsanforderungen, um Ihre Produktionsfrist einzuhalten.<\/p>\n<ul>\n<li>\n<h4>After-Sales-Garantie<\/h4>\n<\/li>\n<\/ul>\n<p>Wir bieten einen 7*24-Stunden-Kundendienst, um Ihr Problem jederzeit zu l\u00f6sen. Wir haben auch ein professionelles Team, um Produktinstallation, Inbetriebnahme, Wartung und andere Dienstleistungen anzubieten.<\/p>\n<h3>Aufbau einer langfristigen Partnerschaft mit JBLSTEEL<\/h3>\n<h4>Flexible Zahlungsbedingungen<\/h4>\n<p>Unterst\u00fctzung einer Vielzahl von Zahlungsmethoden, wie TT, LC, Alipay usw., mit \u00fcberschaubaren Vorauszahlungs- und Endzahlungsbedingungen.<\/p>","protected":false},"excerpt":{"rendered":"<p>Nahtlose Edelstahlrohre sind nahtlose Rohre aus hochwertigem Edelstahl, die ohne N\u00e4hte hergestellt werden, um eine h\u00f6here Zuverl\u00e4ssigkeit und Sicherheit zu gew\u00e4hrleisten.<\/p>\n<p>Material:<\/p>\n<ul>\n<li>304<\/li>\n<li>316<\/li>\n<li>317<\/li>\n<li>321<\/li>\n<li>usw.<\/li>\n<\/ul>\n<p>&nbsp;<\/p>\n<ol>\n<li>hohe Festigkeit<\/li>\n<li>korrosionsbest\u00e4ndig<\/li>\n<li>hochtemperaturbest\u00e4ndig<\/li>\n<\/ol>","protected":false},"featured_media":1316,"template":"","meta":{"_eb_attr":""},"product_brand":[],"product_cat":[30],"product_tag":[],"class_list":{"0":"post-1236","1":"product","2":"type-product","3":"status-publish","4":"has-post-thumbnail","6":"product_cat-stainless-steel-seamless-pipe","8":"first","9":"instock","10":"shipping-taxable","11":"product-type-simple"},"_links":{"self":[{"href":"https:\/\/jblstainless.com\/de\/wp-json\/wp\/v2\/product\/1236","targetHints":{"allow":["GET"]}}],"collection":[{"href":"https:\/\/jblstainless.com\/de\/wp-json\/wp\/v2\/product"}],"about":[{"href":"https:\/\/jblstainless.com\/de\/wp-json\/wp\/v2\/types\/product"}],"version-history":[{"count":13,"href":"https:\/\/jblstainless.com\/de\/wp-json\/wp\/v2\/product\/1236\/revisions"}],"predecessor-version":[{"id":1390,"href":"https:\/\/jblstainless.com\/de\/wp-json\/wp\/v2\/product\/1236\/revisions\/1390"}],"wp:featuredmedia":[{"embeddable":true,"href":"https:\/\/jblstainless.com\/de\/wp-json\/wp\/v2\/media\/1316"}],"wp:attachment":[{"href":"https:\/\/jblstainless.com\/de\/wp-json\/wp\/v2\/media?parent=1236"}],"wp:term":[{"taxonomy":"product_brand","embeddable":true,"href":"https:\/\/jblstainless.com\/de\/wp-json\/wp\/v2\/product_brand?post=1236"},{"taxonomy":"product_cat","embeddable":true,"href":"https:\/\/jblstainless.com\/de\/wp-json\/wp\/v2\/product_cat?post=1236"},{"taxonomy":"product_tag","embeddable":true,"href":"https:\/\/jblstainless.com\/de\/wp-json\/wp\/v2\/product_tag?post=1236"}],"curies":[{"name":"wp","href":"https:\/\/api.w.org\/{rel}","templated":true}]}}