{"id":1503,"date":"2025-05-08T15:45:07","date_gmt":"2025-05-08T07:45:07","guid":{"rendered":"https:\/\/jblstainless.com\/?post_type=product&#038;p=1503"},"modified":"2025-07-14T15:34:58","modified_gmt":"2025-07-14T07:34:58","slug":"geschweistes-rohr-aus-edelstahl-304","status":"publish","type":"product","link":"https:\/\/jblstainless.com\/de\/304-stainless-steel-welded-pipe\/","title":{"rendered":"304 Edelstahl geschwei\u00dfte Rohre"},"content":{"rendered":"<div data-elementor-type=\"product-post\" data-elementor-id=\"1503\" class=\"elementor elementor-1503\" data-elementor-post-type=\"product\">\n\t\t\t\t<div class=\"elementor-element elementor-element-5adbd4a e-flex e-con-boxed e-con e-parent\" data-id=\"5adbd4a\" data-element_type=\"container\" data-e-type=\"container\">\n\t\t\t\t\t<div class=\"e-con-inner\">\n\t\t\t\t<div class=\"elementor-element elementor-element-acac518 elementor-widget elementor-widget-text-editor\" data-id=\"acac518\" data-element_type=\"widget\" data-e-type=\"widget\" data-widget_type=\"text-editor.default\">\n\t\t\t\t<div class=\"elementor-widget-container\">\n\t\t\t\t\t\t\t\t\t<p>Geschwei\u00dfte Rohre aus Edelstahl 304 sind austenitische Edelstahlprodukte, die entlang ihrer L\u00e4nge gewalzt und schmelzgeschwei\u00dft sind. Sie enthalten etwa 18\u201320% Chrom und 8\u201311% Nickel, wodurch sie eine ausgezeichnete allgemeine Korrosions- und Oxidationsbest\u00e4ndigkeit sowie Formbarkeit aufweisen, was sie in einer Vielzahl von rauen Umgebungen stabil macht.<\/p><p>ASTM A312 umfasst die G\u00fcteklassen 304\/304L f\u00fcr nahtlose und geschwei\u00dfte Rohre, legt deren mechanische Eigenschaften, Ma\u00dfgenauigkeit und Anforderungen an die Oberfl\u00e4chenbeschaffenheit fest und ist f\u00fcr den Einsatz bei hohen Temperaturen und korrosiven Medien vorgesehen. Die Rohre eignen sich f\u00fcr den Transport von Fl\u00fcssigkeiten mit mittlerem und niedrigem Druck sowie f\u00fcr dekorative Zwecke.<\/p><p>Je nach Verfahren und Anwendung k\u00f6nnen geschwei\u00dfte Edelstahlrohre als l\u00e4ngsnahtgeschwei\u00dft (LSAW), spiralgeschwei\u00dft (SSAW) oder hochfrequenzgeschwei\u00dft (ERW) klassifiziert werden und sind in einer Vielzahl von Oberfl\u00e4chenausf\u00fchrungen erh\u00e4ltlich, z. B. gebeizt, poliert oder hochglanzpoliert.<\/p>\t\t\t\t\t\t\t\t<\/div>\n\t\t\t\t<\/div>\n\t\t\t\t\t<\/div>\n\t\t\t\t<\/div>\n\t\t<div class=\"elementor-element elementor-element-db57733 e-flex e-con-boxed e-con e-parent\" data-id=\"db57733\" data-element_type=\"container\" data-e-type=\"container\">\n\t\t\t\t\t<div class=\"e-con-inner\">\n\t\t\t\t<div class=\"elementor-element elementor-element-eed67ce elementor-widget elementor-widget-image\" data-id=\"eed67ce\" data-element_type=\"widget\" data-e-type=\"widget\" data-widget_type=\"image.default\">\n\t\t\t\t<div class=\"elementor-widget-container\">\n\t\t\t\t\t\t\t\t\t\t\t\t<figure class=\"wp-caption\">\n\t\t\t\t\t\t\t\t\t\t<img fetchpriority=\"high\" decoding=\"async\" width=\"300\" height=\"300\" src=\"https:\/\/jblstainless.com\/wp-content\/uploads\/2025\/04\/LSAW-steel-tube-300x300.webp\" class=\"attachment-medium size-medium wp-image-1412\" alt=\"geschwei\u00dftes Rohr aus Edelstahl\" srcset=\"https:\/\/jblstainless.com\/wp-content\/uploads\/2025\/04\/LSAW-steel-tube-300x300.webp 300w, https:\/\/jblstainless.com\/wp-content\/uploads\/2025\/04\/LSAW-steel-tube-150x150.webp 150w, https:\/\/jblstainless.com\/wp-content\/uploads\/2025\/04\/LSAW-steel-tube-12x12.webp 12w, https:\/\/jblstainless.com\/wp-content\/uploads\/2025\/04\/LSAW-steel-tube-600x600.webp 600w, https:\/\/jblstainless.com\/wp-content\/uploads\/2025\/04\/LSAW-steel-tube-100x100.webp 100w, https:\/\/jblstainless.com\/wp-content\/uploads\/2025\/04\/LSAW-steel-tube.webp 750w\" sizes=\"(max-width: 300px) 100vw, 300px\" \/>\t\t\t\t\t\t\t\t\t\t\t<figcaption class=\"widget-image-caption wp-caption-text\">LSAW<\/figcaption>\n\t\t\t\t\t\t\t\t\t\t<\/figure>\n\t\t\t\t\t\t\t\t\t<\/div>\n\t\t\t\t<\/div>\n\t\t\t\t<div class=\"elementor-element elementor-element-b894752 elementor-widget elementor-widget-image\" data-id=\"b894752\" data-element_type=\"widget\" data-e-type=\"widget\" data-widget_type=\"image.default\">\n\t\t\t\t<div class=\"elementor-widget-container\">\n\t\t\t\t\t\t\t\t\t\t\t\t<figure class=\"wp-caption\">\n\t\t\t\t\t\t\t\t\t\t<img decoding=\"async\" width=\"300\" height=\"300\" src=\"https:\/\/jblstainless.com\/wp-content\/uploads\/2025\/04\/ssaw-tube-300x300.webp\" class=\"attachment-medium size-medium wp-image-1413\" alt=\"geschwei\u00dfte Rohre aus rostfreiem Stahl und Rohre\" srcset=\"https:\/\/jblstainless.com\/wp-content\/uploads\/2025\/04\/ssaw-tube-300x300.webp 300w, https:\/\/jblstainless.com\/wp-content\/uploads\/2025\/04\/ssaw-tube-150x150.webp 150w, https:\/\/jblstainless.com\/wp-content\/uploads\/2025\/04\/ssaw-tube-768x768.webp 768w, https:\/\/jblstainless.com\/wp-content\/uploads\/2025\/04\/ssaw-tube-12x12.webp 12w, https:\/\/jblstainless.com\/wp-content\/uploads\/2025\/04\/ssaw-tube-600x600.webp 600w, https:\/\/jblstainless.com\/wp-content\/uploads\/2025\/04\/ssaw-tube-100x100.webp 100w, https:\/\/jblstainless.com\/wp-content\/uploads\/2025\/04\/ssaw-tube.webp 800w\" sizes=\"(max-width: 300px) 100vw, 300px\" \/>\t\t\t\t\t\t\t\t\t\t\t<figcaption class=\"widget-image-caption wp-caption-text\">SSAW<\/figcaption>\n\t\t\t\t\t\t\t\t\t\t<\/figure>\n\t\t\t\t\t\t\t\t\t<\/div>\n\t\t\t\t<\/div>\n\t\t\t\t<div class=\"elementor-element elementor-element-fec39c6 elementor-widget elementor-widget-image\" data-id=\"fec39c6\" data-element_type=\"widget\" data-e-type=\"widget\" data-widget_type=\"image.default\">\n\t\t\t\t<div class=\"elementor-widget-container\">\n\t\t\t\t\t\t\t\t\t\t\t\t<figure class=\"wp-caption\">\n\t\t\t\t\t\t\t\t\t\t<img decoding=\"async\" width=\"300\" height=\"300\" src=\"https:\/\/jblstainless.com\/wp-content\/uploads\/2025\/04\/erw-stainless-steel-pipe-300x300.webp\" class=\"attachment-medium size-medium wp-image-1411\" alt=\"Geschwei\u00dftes Rohr aus Edelstahl 304\" srcset=\"https:\/\/jblstainless.com\/wp-content\/uploads\/2025\/04\/erw-stainless-steel-pipe-300x300.webp 300w, https:\/\/jblstainless.com\/wp-content\/uploads\/2025\/04\/erw-stainless-steel-pipe-150x150.webp 150w, https:\/\/jblstainless.com\/wp-content\/uploads\/2025\/04\/erw-stainless-steel-pipe-768x768.webp 768w, https:\/\/jblstainless.com\/wp-content\/uploads\/2025\/04\/erw-stainless-steel-pipe-12x12.webp 12w, https:\/\/jblstainless.com\/wp-content\/uploads\/2025\/04\/erw-stainless-steel-pipe-600x600.webp 600w, https:\/\/jblstainless.com\/wp-content\/uploads\/2025\/04\/erw-stainless-steel-pipe-100x100.webp 100w, https:\/\/jblstainless.com\/wp-content\/uploads\/2025\/04\/erw-stainless-steel-pipe.webp 779w\" sizes=\"(max-width: 300px) 100vw, 300px\" \/>\t\t\t\t\t\t\t\t\t\t\t<figcaption class=\"widget-image-caption wp-caption-text\">ERW<\/figcaption>\n\t\t\t\t\t\t\t\t\t\t<\/figure>\n\t\t\t\t\t\t\t\t\t<\/div>\n\t\t\t\t<\/div>\n\t\t\t\t\t<\/div>\n\t\t\t\t<\/div>\n\t\t<div class=\"elementor-element elementor-element-bfc6116 e-flex e-con-boxed e-con e-parent\" data-id=\"bfc6116\" data-element_type=\"container\" data-e-type=\"container\">\n\t\t\t\t\t<div class=\"e-con-inner\">\n\t\t\t\t<div class=\"elementor-element elementor-element-5096b75 elementor-widget elementor-widget-text-editor\" data-id=\"5096b75\" data-element_type=\"widget\" data-e-type=\"widget\" data-widget_type=\"text-editor.default\">\n\t\t\t\t<div class=\"elementor-widget-container\">\n\t\t\t\t\t\t\t\t\t<p>Als professioneller Lieferant von geschwei\u00dften Edelstahlrohren sind wir bestrebt, Ihnen hochwertige und ma\u00dfgeschneiderte geschwei\u00dfte Edelstahlrohre aus Edelstahl 304 zu liefern, um einen reibungslosen Ablauf Ihres Projekts zu gew\u00e4hrleisten.<\/p>\t\t\t\t\t\t\t\t<\/div>\n\t\t\t\t<\/div>\n\t\t\t\t\t<\/div>\n\t\t\t\t<\/div>\n\t\t<div class=\"elementor-element elementor-element-93f405e e-flex e-con-boxed e-con e-parent\" data-id=\"93f405e\" data-element_type=\"container\" data-e-type=\"container\">\n\t\t\t\t\t<div class=\"e-con-inner\">\n\t\t\t\t<div class=\"elementor-element elementor-element-ce1b78b elementor-widget elementor-widget-heading\" data-id=\"ce1b78b\" data-element_type=\"widget\" data-e-type=\"widget\" data-widget_type=\"heading.default\">\n\t\t\t\t<div class=\"elementor-widget-container\">\n\t\t\t\t\t<h2 class=\"elementor-heading-title elementor-size-default\">Spezifikation f\u00fcr geschwei\u00dfte Rohre aus Edelstahl 304<\/h2>\t\t\t\t<\/div>\n\t\t\t\t<\/div>\n\t\t\t\t<div class=\"elementor-element elementor-element-5bdb1da elementor-widget elementor-widget-text-editor\" data-id=\"5bdb1da\" data-element_type=\"widget\" data-e-type=\"widget\" data-widget_type=\"text-editor.default\">\n\t\t\t\t<div class=\"elementor-widget-container\">\n\t\t\t\t\t\t\t\t\t<p><b>Material<\/b>: 304, UNS S30400, 18Cr-8Ni<\/p><p><b>Standard<\/b>: ASME SA-312\/ASTM A312; ASTM A269\/269M<\/p><p><b>Wanddicke<\/b>SCH20, SCH30, SCH40, STD, SCH80, XS, SCH60, SCH80, SCH120, SCH140, SCH160, XXS<\/p><p><b>Gr\u00f6\u00dfe<\/b>: 1\/8\u2033 bis zu ~30\u2033, Sonderanfertigungen m\u00f6glich<\/p><p><b>Ende<\/b>: Glatt (M\u00fchle); Abgeschr\u00e4gt<\/p><p><b>Oberfl\u00e4chenbehandlung<\/b>: Gegl\u00fcht und gebeizt (2B-Oberfl\u00e4che); blank gegl\u00fcht (BA) oder poliert (#4, Spiegelglanz Nr. 8); zur Verbesserung der Korrosionsbest\u00e4ndigkeit kann eine Elektropolierung oder Passivierung hinzugef\u00fcgt werden.<\/p><p><b>Pr\u00fcfung<\/b>: Werks- oder Drittanbieter-Pr\u00fcfungen (hydrostatisch, PMI, H\u00e4rte usw.) gem\u00e4\u00df Kundenanforderungen.<\/p>\t\t\t\t\t\t\t\t<\/div>\n\t\t\t\t<\/div>\n\t\t\t\t\t<\/div>\n\t\t\t\t<\/div>\n\t\t<div class=\"elementor-element elementor-element-6972d15 e-flex e-con-boxed e-con e-parent\" data-id=\"6972d15\" data-element_type=\"container\" data-e-type=\"container\">\n\t\t\t\t\t<div class=\"e-con-inner\">\n\t\t\t\t<div class=\"elementor-element elementor-element-97ca120 elementor-widget elementor-widget-heading\" data-id=\"97ca120\" data-element_type=\"widget\" data-e-type=\"widget\" data-widget_type=\"heading.default\">\n\t\t\t\t<div class=\"elementor-widget-container\">\n\t\t\t\t\t<h3 class=\"elementor-heading-title elementor-size-default\">304 Tabelle f\u00fcr geschwei\u00dfte Rohre<\/h3>\t\t\t\t<\/div>\n\t\t\t\t<\/div>\n\t\t\t\t<div class=\"elementor-element elementor-element-46e7a3d elementor-widget elementor-widget-text-editor\" data-id=\"46e7a3d\" data-element_type=\"widget\" data-e-type=\"widget\" data-widget_type=\"text-editor.default\">\n\t\t\t\t<div class=\"elementor-widget-container\">\n\t\t\t\t\t\t\t\t\t<table><tbody><tr><th>1\/8\u2033 IPS (0,405\u2033 Au\u00dfendurchmesser)<\/th><th>3 1\/2\u2033 IPS (4,000\u2033 Au\u00dfendurchmesser)<\/th><\/tr><tr><td>SCH 40, 80<\/td><td>SCH 10, 40, 80, 160, XXH<\/td><\/tr><tr><th>1\/4\u2033 IPS (0,540\u2033 Au\u00dfendurchmesser)<\/th><th>4\u2033 IPS (4,500\u2033 Au\u00dfendurchmesser)<\/th><\/tr><tr><td>SCH 10, 40, 80<\/td><td>SCH 10, 40, 80, 160, XXH<\/td><\/tr><tr><th>3\/8\u2033 IPS (0,675\u2033 Au\u00dfendurchmesser)<\/th><th>5\u2033 IPS (5,563\u2033 Au\u00dfendurchmesser)<\/th><\/tr><tr><td>SCH 10, 40, 80<\/td><td>SCH 10, 40, 80, 160, XXH<\/td><\/tr><tr><th>1\/2\u2033 IPS (0,840\u2033 Au\u00dfendurchmesser)<\/th><th>6\u2033 IPS (6,625\u2033 Au\u00dfendurchmesser)<\/th><\/tr><tr><td>SCH 5, 10, 40, 80, 160, XXH<\/td><td>SCH 5, 10, 40, 80, 120, 160, XXH<\/td><\/tr><tr><th>3\/4\u2033 IPS (1,050\u2033 Au\u00dfendurchmesser)<\/th><th>8\u201d IPS (8,625\" Au\u00dfendurchmesser)<\/th><\/tr><tr><td>SCH 10, 40, 80, 160, XXH<\/td><td>SCH 5, 10, 40, 80, 120, 160, XXH<\/td><\/tr><tr><th>1\u2033 IPS: (1,315\u2032 Au\u00dfendurchmesser)<\/th><th>10\u2033 IPS (10,750\u2033 Au\u00dfendurchmesser)<\/th><\/tr><tr><td>SCH 5, 10, 40, 80, 160, XXH<\/td><td>SCH 10, 20, 40, 80 (.500), TRUE 80(.500)<\/td><\/tr><tr><th>1-1\/4\u2033 IPS (1,660\u2033 Au\u00dfendurchmesser)<\/th><th>12\u2033 IPS (12,750\u2033 Au\u00dfendurchmesser)<\/th><\/tr><tr><td>SCH 10, 40, 80, 160, XXH<\/td><td>SCH 10, 20, 40 (0,375), TRUE40 (0,406), SCH80 (0,500)<\/td><\/tr><tr><th>1-1\/2\u2033 IPS (1,900\u2033 Au\u00dfendurchmesser)<\/th><th>14\u2033 IPS (14,000\u2033 Au\u00dfendurchmesser)<\/th><\/tr><tr><td>SCH 10, 40, 80, 160, XXH<\/td><td>SCH10 (0,188), SCH40 (0,375)<\/td><\/tr><tr><th>2\u2033 IPS (2,375\u2033 Au\u00dfendurchmesser)<\/th><th>16\u2033 IPS (16.000\u2033 Au\u00dfendurchmesser)<\/th><\/tr><tr><td>SCH 10, 40, 80, 160, XXH<\/td><td>SCH10 (0,188), SCH40 (0,375)<\/td><\/tr><tr><th>2 1\/2\u2033 IPS (2,875\u2033 Au\u00dfendurchmesser)<\/th><th>18\u2033 IPS (18.000\u2033 Au\u00dfendurchmesser)<\/th><\/tr><tr><td>SCH 10, 40, 80, 160, XXH<\/td><td>SCH-40 (0,375)<\/td><\/tr><tr><th>3\u2033 IPS (3,500\u2033 Au\u00dfendurchmesser)<\/th><th>\u00a0<\/th><\/tr><tr><td>SCH 5, 10, 40, 80, 160, XXH<\/td><td>\u00a0<\/td><\/tr><\/tbody><\/table>\t\t\t\t\t\t\t\t<\/div>\n\t\t\t\t<\/div>\n\t\t\t\t\t<\/div>\n\t\t\t\t<\/div>\n\t\t<div class=\"elementor-element elementor-element-f508524 e-flex e-con-boxed e-con e-parent\" data-id=\"f508524\" data-element_type=\"container\" data-e-type=\"container\">\n\t\t\t\t\t<div class=\"e-con-inner\">\n\t\t\t\t<div class=\"elementor-element elementor-element-a679e6d elementor-widget elementor-widget-heading\" data-id=\"a679e6d\" data-element_type=\"widget\" data-e-type=\"widget\" data-widget_type=\"heading.default\">\n\t\t\t\t<div class=\"elementor-widget-container\">\n\t\t\t\t\t<h2 class=\"elementor-heading-title elementor-size-default\">Eigenschaften von Edelstahl 304<\/h2>\t\t\t\t<\/div>\n\t\t\t\t<\/div>\n\t\t\t\t<div class=\"elementor-element elementor-element-eba5e9a elementor-widget elementor-widget-text-editor\" data-id=\"eba5e9a\" data-element_type=\"widget\" data-e-type=\"widget\" data-widget_type=\"text-editor.default\">\n\t\t\t\t<div class=\"elementor-widget-container\">\n\t\t\t\t\t\t\t\t\t<p><b>1. Hervorragende Korrosionsbest\u00e4ndigkeit<\/b><\/p><p>Der Cr-Gehalt von 18% bildet eine passive Oxidschicht, die Rost und schwachen S\u00e4uren widersteht und eine ausgezeichnete Korrosionsbest\u00e4ndigkeit in atmosph\u00e4rischen, S\u00fc\u00dfwasser- und vielen chemischen Umgebungen bietet.<\/p><p><b>2. Hohe Festigkeit und Haltbarkeit<\/b><\/p><p>Hohe mechanische Festigkeit, um m\u00e4\u00dfigen Dr\u00fccken und Temperaturen standzuhalten und einen stabilen Langzeitbetrieb zu gew\u00e4hrleisten.<\/p><p><b>3. Flexible Anpassung<\/b><\/p><p>Es steht eine gro\u00dfe Auswahl an Gr\u00f6\u00dfen, Materialien und Oberfl\u00e4chenausf\u00fchrungen zur Verf\u00fcgung, um unterschiedlichen Projektanforderungen gerecht zu werden.<\/p><p><b>4. Einfache Wartung<\/b><\/p><p>Glatte Oberfl\u00e4chen sind weniger anf\u00e4llig f\u00fcr Schmutzansammlungen, leicht zu reinigen und zu pflegen, wodurch die Betriebskosten gesenkt werden.<\/p><p><b>5. Kosteneffizient<br \/><\/b><br \/>Im Vergleich zu nahtlosen Rohren sind geschwei\u00dfte Rohre kosteng\u00fcnstiger in der Herstellung und eignen sich daher ideal f\u00fcr Gro\u00dfeink\u00e4ufe.<\/p><p><b>6. \u00d6kologisch nachhaltig<\/b><\/p><p>100% recycelbar, entspricht den Standards der gr\u00fcnen Industrie.<\/p>\t\t\t\t\t\t\t\t<\/div>\n\t\t\t\t<\/div>\n\t\t\t\t\t<\/div>\n\t\t\t\t<\/div>\n\t\t<div class=\"elementor-element elementor-element-ab25134 e-flex e-con-boxed e-con e-parent\" data-id=\"ab25134\" data-element_type=\"container\" data-e-type=\"container\">\n\t\t\t\t\t<div class=\"e-con-inner\">\n\t\t\t\t<div class=\"elementor-element elementor-element-ef7ba0c elementor-widget elementor-widget-heading\" data-id=\"ef7ba0c\" data-element_type=\"widget\" data-e-type=\"widget\" data-widget_type=\"heading.default\">\n\t\t\t\t<div class=\"elementor-widget-container\">\n\t\t\t\t\t<h2 class=\"elementor-heading-title elementor-size-default\">Mechanische Eigenschaften von rostfreiem Stahl 304\n<\/h2>\t\t\t\t<\/div>\n\t\t\t\t<\/div>\n\t\t\t\t<div class=\"elementor-element elementor-element-eae2d48 elementor-widget elementor-widget-text-editor\" data-id=\"eae2d48\" data-element_type=\"widget\" data-e-type=\"widget\" data-widget_type=\"text-editor.default\">\n\t\t\t\t<div class=\"elementor-widget-container\">\n\t\t\t\t\t\t\t\t\t<p>Zugfestigkeit: \u226575 ksi (\u2248515 MPa) (typisches gegl\u00fchtes Rohr aus Edelstahl 304).<\/p><p>Streckgrenze: \u226530 ksi (\u2248205 MPa) Dehnung: \u226528% (bei 2\u2033-Messung), was auf eine hohe Duktilit\u00e4t hinweist.<\/p><p>H\u00e4rte: typischerweise 188 HB (max.); durch Biegen oder Schwei\u00dfen verfestigt.<br \/><br \/>Temperatur: Ausgezeichnete Festigkeit bei erh\u00f6hten Temperaturen. 304 SS beh\u00e4lt seine Eigenschaften bei hohen Betriebstemperaturen (bis zu ~870 \u00b0C kontinuierlich, ~925 \u00b0C intermittierend). Es bleibt auch bei kryogenen Temperaturen z\u00e4h.<\/p>\t\t\t\t\t\t\t\t<\/div>\n\t\t\t\t<\/div>\n\t\t\t\t\t<\/div>\n\t\t\t\t<\/div>\n\t\t<div class=\"elementor-element elementor-element-fdc6cce e-flex e-con-boxed e-con e-parent\" data-id=\"fdc6cce\" data-element_type=\"container\" data-e-type=\"container\">\n\t\t\t\t\t<div class=\"e-con-inner\">\n\t\t\t\t<div class=\"elementor-element elementor-element-69519b2 elementor-widget elementor-widget-heading\" data-id=\"69519b2\" data-element_type=\"widget\" data-e-type=\"widget\" data-widget_type=\"heading.default\">\n\t\t\t\t<div class=\"elementor-widget-container\">\n\t\t\t\t\t<h2 class=\"elementor-heading-title elementor-size-default\">304 Anwendung von geschwei\u00dften Rohren<\/h2>\t\t\t\t<\/div>\n\t\t\t\t<\/div>\n\t\t\t\t<div class=\"elementor-element elementor-element-82b2b7b elementor-widget elementor-widget-text-editor\" data-id=\"82b2b7b\" data-element_type=\"widget\" data-e-type=\"widget\" data-widget_type=\"text-editor.default\">\n\t\t\t\t<div class=\"elementor-widget-container\">\n\t\t\t\t\t\t\t\t\t<p>Aufgrund ihrer Korrosionsbest\u00e4ndigkeit und mechanischen Eigenschaften werden geschwei\u00dfte Rohre aus Edelstahl 304 in folgenden Bereichen h\u00e4ufig eingesetzt:<\/p><ul><li>Industrielle Rohrleitungen: f\u00fcr den Transport von Fl\u00fcssigkeiten, Gasen und Feststoffpartikeln, insbesondere in der Chemie-, \u00d6l- und Gasindustrie.<\/li><li>Bauindustrie: Verwendung f\u00fcr Treppengel\u00e4nder, Zierrohre und andere Bauteile.<\/li><li>Lebensmittelverarbeitung: Aufgrund seiner ungiftigen und unbedenklichen Eigenschaften wird es h\u00e4ufig bei der Herstellung von Lebensmittelmaschinen und -ger\u00e4ten verwendet.<\/li><li>Medizinische Ger\u00e4te: Wird aufgrund seiner antimikrobiellen Eigenschaften in medizinischen Ger\u00e4ten und chirurgischen Instrumenten verwendet.<\/li><li>Wohnraumgestaltung: Verwendung in M\u00f6beln, Sanit\u00e4ranlagen usw.<\/li><\/ul>\t\t\t\t\t\t\t\t<\/div>\n\t\t\t\t<\/div>\n\t\t\t\t\t<\/div>\n\t\t\t\t<\/div>\n\t\t<div class=\"elementor-element elementor-element-d001204 e-flex e-con-boxed e-con e-parent\" data-id=\"d001204\" data-element_type=\"container\" data-e-type=\"container\">\n\t\t\t\t\t<div class=\"e-con-inner\">\n\t\t\t\t<div class=\"elementor-element elementor-element-93c87f4 elementor-widget elementor-widget-heading\" data-id=\"93c87f4\" data-element_type=\"widget\" data-e-type=\"widget\" data-widget_type=\"heading.default\">\n\t\t\t\t<div class=\"elementor-widget-container\">\n\t\t\t\t\t<h2 class=\"elementor-heading-title elementor-size-default\">304 Geschwei\u00dftes Rohr im Vergleich zu nahtlosem Rohr<\/h2>\t\t\t\t<\/div>\n\t\t\t\t<\/div>\n\t\t\t\t<div class=\"elementor-element elementor-element-82c0343 elementor-widget elementor-widget-text-editor\" data-id=\"82c0343\" data-element_type=\"widget\" data-e-type=\"widget\" data-widget_type=\"text-editor.default\">\n\t\t\t\t<div class=\"elementor-widget-container\">\n\t\t\t\t\t\t\t\t\t<p>304 Geschwei\u00dfte Rohre werden durch Formen und Schwei\u00dfen von Blechen oder B\u00e4ndern hergestellt. Sie sind wirtschaftlicher und in l\u00e4ngeren durchgehenden L\u00e4ngen erh\u00e4ltlich als nahtlose Rohre. Nahtlose Rohre (aus Kn\u00fcppeln gezogen) haben jedoch eine gleichm\u00e4\u00dfige Kornstruktur ohne Schwei\u00dfnaht, wodurch sie eine etwas h\u00f6here Festigkeit und Druckkapazit\u00e4t aufweisen.<\/p><p>Nahtlose Rohre eignen sich f\u00fcr Anwendungen, die eine hohe Festigkeit, einen hohen Druck und eine hohe Dichtheit erfordern, sind jedoch teurer; geschwei\u00dfte Rohre eignen sich eher f\u00fcr Anwendungen mit begrenztem Budget und geringen Festigkeitsanforderungen.<\/p>\t\t\t\t\t\t\t\t<\/div>\n\t\t\t\t<\/div>\n\t\t\t\t\t<\/div>\n\t\t\t\t<\/div>\n\t\t<div class=\"elementor-element elementor-element-5fc04a3 e-flex e-con-boxed e-con e-parent\" data-id=\"5fc04a3\" data-element_type=\"container\" data-e-type=\"container\">\n\t\t\t\t\t<div class=\"e-con-inner\">\n\t\t\t\t<div class=\"elementor-element elementor-element-bdf81db elementor-widget elementor-widget-heading\" data-id=\"bdf81db\" data-element_type=\"widget\" data-e-type=\"widget\" data-widget_type=\"heading.default\">\n\t\t\t\t<div class=\"elementor-widget-container\">\n\t\t\t\t\t<h2 class=\"elementor-heading-title elementor-size-default\">So w\u00e4hlen Sie geschwei\u00dfte Rohre aus Edelstahl 304 aus<\/h2>\t\t\t\t<\/div>\n\t\t\t\t<\/div>\n\t\t\t\t<div class=\"elementor-element elementor-element-ae4f9c2 elementor-widget elementor-widget-text-editor\" data-id=\"ae4f9c2\" data-element_type=\"widget\" data-e-type=\"widget\" data-widget_type=\"text-editor.default\">\n\t\t\t\t<div class=\"elementor-widget-container\">\n\t\t\t\t\t\t\t\t\t<p>Vorschl\u00e4ge: W\u00e4hlen Sie den richtigen Prozess und die richtige Oberfl\u00e4chenbeschaffenheit entsprechend den Projektanforderungen. (poliert f\u00fcr hygienische Zwecke)<\/p><p>Hinweis: W\u00e4hlen Sie einen Lieferanten, der die Normen ASTM A312 oder EN 10217-7 erf\u00fcllt, um die Produktqualit\u00e4t sicherzustellen.<\/p>\t\t\t\t\t\t\t\t<\/div>\n\t\t\t\t<\/div>\n\t\t\t\t\t<\/div>\n\t\t\t\t<\/div>\n\t\t\t\t<\/div>","protected":false},"excerpt":{"rendered":"<p>Edelstahl 304 ist ein weit verbreiteter austenitischer Edelstahl, der f\u00fcr seine au\u00dfergew\u00f6hnliche Korrosionsbest\u00e4ndigkeit, Festigkeit und Vielseitigkeit bekannt ist und in einer Vielzahl von rauen Umgebungen stabil sein kann.<\/p>\n<ul>\n<li>Au\u00dfendurchmesser: DN6\u2013DN600<\/li>\n<li>Wandst\u00e4rke: 0,5 mm bis 50 mm<\/li>\n<li>Anpassung: Unterst\u00fctzung spezifischer Gr\u00f6\u00dfen und Oberfl\u00e4chenbehandlungen<\/li>\n<\/ul>","protected":false},"featured_media":1411,"template":"","meta":{"_eb_attr":""},"product_brand":[],"product_cat":[39],"product_tag":[47,62,61],"class_list":{"0":"post-1503","1":"product","2":"type-product","3":"status-publish","4":"has-post-thumbnail","6":"product_cat-stainless-steel-welded-pipe","7":"product_tag-304-stainless-steel-pipe","8":"product_tag-304-stainless-steel-welded-pipe","9":"product_tag-welded-ss-pipe","11":"first","12":"instock","13":"shipping-taxable","14":"product-type-simple"},"_links":{"self":[{"href":"https:\/\/jblstainless.com\/de\/wp-json\/wp\/v2\/product\/1503","targetHints":{"allow":["GET"]}}],"collection":[{"href":"https:\/\/jblstainless.com\/de\/wp-json\/wp\/v2\/product"}],"about":[{"href":"https:\/\/jblstainless.com\/de\/wp-json\/wp\/v2\/types\/product"}],"version-history":[{"count":9,"href":"https:\/\/jblstainless.com\/de\/wp-json\/wp\/v2\/product\/1503\/revisions"}],"predecessor-version":[{"id":1861,"href":"https:\/\/jblstainless.com\/de\/wp-json\/wp\/v2\/product\/1503\/revisions\/1861"}],"wp:featuredmedia":[{"embeddable":true,"href":"https:\/\/jblstainless.com\/de\/wp-json\/wp\/v2\/media\/1411"}],"wp:attachment":[{"href":"https:\/\/jblstainless.com\/de\/wp-json\/wp\/v2\/media?parent=1503"}],"wp:term":[{"taxonomy":"product_brand","embeddable":true,"href":"https:\/\/jblstainless.com\/de\/wp-json\/wp\/v2\/product_brand?post=1503"},{"taxonomy":"product_cat","embeddable":true,"href":"https:\/\/jblstainless.com\/de\/wp-json\/wp\/v2\/product_cat?post=1503"},{"taxonomy":"product_tag","embeddable":true,"href":"https:\/\/jblstainless.com\/de\/wp-json\/wp\/v2\/product_tag?post=1503"}],"curies":[{"name":"wp","href":"https:\/\/api.w.org\/{rel}","templated":true}]}}