{"id":1716,"date":"2025-07-04T17:13:27","date_gmt":"2025-07-04T09:13:27","guid":{"rendered":"https:\/\/jblstainless.com\/?post_type=product&#038;p=1716"},"modified":"2025-07-10T15:53:09","modified_gmt":"2025-07-10T07:53:09","slug":"316l-edelstahlplatte","status":"publish","type":"product","link":"https:\/\/jblstainless.com\/de\/316l-stainless-steel-plate\/","title":{"rendered":"316L-Edelstahlplatte"},"content":{"rendered":"<div data-elementor-type=\"product-post\" data-elementor-id=\"1716\" class=\"elementor elementor-1716\" data-elementor-post-type=\"product\">\n\t\t\t\t<div class=\"elementor-element elementor-element-b83957a e-con-full e-flex e-con e-parent\" data-id=\"b83957a\" data-element_type=\"container\" data-e-type=\"container\">\n\t\t\t\t<div class=\"elementor-element elementor-element-e0a3f55 elementor-widget elementor-widget-text-editor\" data-id=\"e0a3f55\" data-element_type=\"widget\" data-e-type=\"widget\" data-widget_type=\"text-editor.default\">\n\t\t\t\t<div class=\"elementor-widget-container\">\n\t\t\t\t\t\t\t\t\t<p>316L-Edelstahlblech ist ein Edelstahlmaterial mit hervorragender Leistung und Eigenschaften und ist die kohlenstoffarme Version von austenitischem Stahl. <a href=\"https:\/\/jblstainless.com\/de\/rohre-aus-rostfreiem-stahl-316\/\"><span style=\"text-decoration: underline;\">Edelstahl 316<\/span><\/a>, wobei L f\u00fcr den niedrigen Kohlenstoffgehalt steht, der maximale Kohlenstoffgehalt 0,03% betr\u00e4gt, die Hauptbestandteile Chrom (16-18%), Nickel (10-14%) und Molybd\u00e4n (2-3%) sind und es eine geringe Menge an Mangan, Silizium und anderen Elementen enth\u00e4lt.<\/p><p>Der niedrige Kohlenstoffgehalt macht es weniger anf\u00e4llig f\u00fcr Karbidausf\u00e4llungen beim Schwei\u00dfen oder in Umgebungen mit hohen Temperaturen, wodurch die Korrosionsbest\u00e4ndigkeit erhalten bleibt. Im Vergleich zu Edelstahl 304 erh\u00f6ht der Zusatz von Molybd\u00e4n in 316L die Best\u00e4ndigkeit gegen Lochfra\u00df und Spaltkorrosion in Meerwasser und sauren Umgebungen erheblich.<\/p>\t\t\t\t\t\t\t\t<\/div>\n\t\t\t\t<\/div>\n\t\t\t\t<\/div>\n\t\t<div class=\"elementor-element elementor-element-4fa2a28 e-con-full e-flex e-con e-parent\" data-id=\"4fa2a28\" data-element_type=\"container\" data-e-type=\"container\">\n\t\t\t\t<div class=\"elementor-element elementor-element-4043902 elementor-widget elementor-widget-text-editor\" data-id=\"4043902\" data-element_type=\"widget\" data-e-type=\"widget\" data-widget_type=\"text-editor.default\">\n\t\t\t\t<div class=\"elementor-widget-container\">\n\t\t\t\t\t\t\t\t\t<p>Diese kohlenstoffarme, mit Molybd\u00e4n angereicherte Legierung bietet eine au\u00dfergew\u00f6hnliche Korrosionsbest\u00e4ndigkeit und eignet sich daher ideal f\u00fcr raue Umgebungen wie Chemiewerke, Meeresumgebungen und Lebensmittelverarbeitungsanlagen. Diese wesentlichen Vorteile machen Edelstahl 316L zu einer beliebten Wahl:<\/p>\n<p><\/p>\t\t\t\t\t\t\t\t<\/div>\n\t\t\t\t<\/div>\n\t\t\t\t<\/div>\n\t\t<div class=\"elementor-element elementor-element-787314f e-con-full e-flex e-con e-parent\" data-id=\"787314f\" data-element_type=\"container\" data-e-type=\"container\">\n\t\t<div class=\"elementor-element elementor-element-3f32661 e-con-full e-flex e-con e-child\" data-id=\"3f32661\" data-element_type=\"container\" data-e-type=\"container\">\n\t\t\t\t<div class=\"elementor-element elementor-element-2d10b1a elementor-widget elementor-widget-text-editor\" data-id=\"2d10b1a\" data-element_type=\"widget\" data-e-type=\"widget\" data-widget_type=\"text-editor.default\">\n\t\t\t\t<div class=\"elementor-widget-container\">\n\t\t\t\t\t\t\t\t\t<p><b>Ausgezeichnete Korrosionsbest\u00e4ndigkeit<\/b><\/p>\n<p>316L-Edelstahlblech verf\u00fcgt \u00fcber eine ausgezeichnete Korrosionsbest\u00e4ndigkeit. Der hohe Chrom- und Molybd\u00e4ngehalt sorgt f\u00fcr eine hervorragende Best\u00e4ndigkeit gegen allgemeine Korrosion und Lochfra\u00df durch Meerwasser, wodurch der Wartungsaufwand reduziert und die Lebensdauer der Anlagen selbst in rauen Umgebungen verl\u00e4ngert wird.<\/p>\t\t\t\t\t\t\t\t<\/div>\n\t\t\t\t<\/div>\n\t\t\t\t<\/div>\n\t\t<div class=\"elementor-element elementor-element-cc17ef1 e-con-full e-flex e-con e-child\" data-id=\"cc17ef1\" data-element_type=\"container\" data-e-type=\"container\">\n\t\t\t\t<div class=\"elementor-element elementor-element-10d44b7 elementor-widget elementor-widget-text-editor\" data-id=\"10d44b7\" data-element_type=\"widget\" data-e-type=\"widget\" data-widget_type=\"text-editor.default\">\n\t\t\t\t<div class=\"elementor-widget-container\">\n\t\t\t\t\t\t\t\t\t<p><b>Best\u00e4ndigkeit gegen Chloridkorrosion<\/b><\/p><p>Edelstahl 316L verf\u00fcgt \u00fcber eine ausgezeichnete Korrosionsbest\u00e4ndigkeit. Durch die Zugabe von Molybd\u00e4n wird die Best\u00e4ndigkeit gegen\u00fcber Chloriden (z. B. Meerwasser, Sole), sauren Medien (Schwefels\u00e4ure, Phosphors\u00e4ure usw.) und industriellen Atmosph\u00e4ren deutlich verbessert. Er ist besonders widerstandsf\u00e4hig gegen Lochfra\u00df und Spaltkorrosion.<\/p>\t\t\t\t\t\t\t\t<\/div>\n\t\t\t\t<\/div>\n\t\t\t\t<\/div>\n\t\t<div class=\"elementor-element elementor-element-a277c2a e-con-full e-flex e-con e-child\" data-id=\"a277c2a\" data-element_type=\"container\" data-e-type=\"container\">\n\t\t\t\t<div class=\"elementor-element elementor-element-b8cf306 elementor-widget elementor-widget-text-editor\" data-id=\"b8cf306\" data-element_type=\"widget\" data-e-type=\"widget\" data-widget_type=\"text-editor.default\">\n\t\t\t\t<div class=\"elementor-widget-container\">\n\t\t\t\t\t\t\t\t\t<p><b>Hitzebest\u00e4ndigkeit<\/b><\/p><p>Hervorragende Oxidationsbest\u00e4ndigkeit bei intermittierendem Einsatz unter 871 \u00b0C (1600 \u00b0F) oder kontinuierlichem Einsatz unter 927 \u00b0C (1700 \u00b0F); jedoch muss ein kontinuierlicher Einsatz im Bereich von 427 bis 857 \u00b0C (800 bis 1575 \u00b0F) vermieden werden. 316L-Edelstahlplatten behalten auch unter Hochtemperaturbedingungen eine gute Korrosionsbest\u00e4ndigkeit und Festigkeit und eignen sich daher f\u00fcr Hochtemperaturprozesse und -anlagen.<\/p>\t\t\t\t\t\t\t\t<\/div>\n\t\t\t\t<\/div>\n\t\t\t\t<\/div>\n\t\t<div class=\"elementor-element elementor-element-ab2d858 e-con-full e-flex e-con e-child\" data-id=\"ab2d858\" data-element_type=\"container\" data-e-type=\"container\">\n\t\t\t\t<div class=\"elementor-element elementor-element-e967883 elementor-widget elementor-widget-text-editor\" data-id=\"e967883\" data-element_type=\"widget\" data-e-type=\"widget\" data-widget_type=\"text-editor.default\">\n\t\t\t\t<div class=\"elementor-widget-container\">\n\t\t\t\t\t\t\t\t\t<p><b>Schwei\u00dfbarkeit<\/b><\/p><p>316L-Edelstahlblech verf\u00fcgt \u00fcber eine gute Plastizit\u00e4t und Formbarkeit, ist leicht zu verarbeiten und zu formen und kann zur Herstellung komplexer Formen verwendet werden. Durch seinen geringen Kohlenstoffgehalt kommt es beim Schwei\u00dfen fast nicht zur Ausscheidung von Karbiden, wodurch die Korrosionsbest\u00e4ndigkeit an den Schwei\u00dfn\u00e4hten gew\u00e4hrleistet ist.<\/p>\t\t\t\t\t\t\t\t<\/div>\n\t\t\t\t<\/div>\n\t\t\t\t<\/div>\n\t\t<div class=\"elementor-element elementor-element-e8ffb5c e-con-full e-flex e-con e-child\" data-id=\"e8ffb5c\" data-element_type=\"container\" data-e-type=\"container\">\n\t\t\t\t<div class=\"elementor-element elementor-element-97f8694 elementor-widget elementor-widget-text-editor\" data-id=\"97f8694\" data-element_type=\"widget\" data-e-type=\"widget\" data-widget_type=\"text-editor.default\">\n\t\t\t\t<div class=\"elementor-widget-container\">\n\t\t\t\t\t\t\t\t\t<p><b>Mechanische Eigenschaften\u00a0<\/b><\/p><p>Im Vergleich zu einigen anderen Edelst\u00e4hlen ist 316L im gegl\u00fchten Zustand nicht magnetisch (kann nach Kaltumformung leicht magnetisch sein) und weist eine Zugfestigkeit von \u2265 70 ksi, eine Streckgrenze von \u2265 25 ksi und eine Dehnung von \u2265 40% auf.<\/p>\t\t\t\t\t\t\t\t<\/div>\n\t\t\t\t<\/div>\n\t\t\t\t<\/div>\n\t\t<div class=\"elementor-element elementor-element-2b2568d e-con-full e-flex e-con e-child\" data-id=\"2b2568d\" data-element_type=\"container\" data-e-type=\"container\">\n\t\t\t\t<div class=\"elementor-element elementor-element-90d2fef elementor-widget elementor-widget-text-editor\" data-id=\"90d2fef\" data-element_type=\"widget\" data-e-type=\"widget\" data-widget_type=\"text-editor.default\">\n\t\t\t\t<div class=\"elementor-widget-container\">\n\t\t\t\t\t\t\t\t\t<p><b>Hohe Festigkeit<\/b><\/p><p>316L-Edelstahlblech hat eine hohe Streckgrenze und Zugfestigkeit, wodurch es zuverl\u00e4ssige Unterst\u00fctzung bei Konstruktions- und Montageanwendungen bietet.<\/p>\t\t\t\t\t\t\t\t<\/div>\n\t\t\t\t<\/div>\n\t\t\t\t<\/div>\n\t\t\t\t<\/div>\n\t\t<div class=\"elementor-element elementor-element-76537fa e-con-full e-flex e-con e-parent\" data-id=\"76537fa\" data-element_type=\"container\" data-e-type=\"container\">\n\t\t\t\t<div class=\"elementor-element elementor-element-150ee30 elementor-widget-tablet__width-inherit elementor-widget elementor-widget-heading\" data-id=\"150ee30\" data-element_type=\"widget\" data-e-type=\"widget\" data-widget_type=\"heading.default\">\n\t\t\t\t<div class=\"elementor-widget-container\">\n\t\t\t\t\t<h2 class=\"elementor-heading-title elementor-size-default\">Spezifikation f\u00fcr Edelstahlplatten aus 316L<\/h2>\t\t\t\t<\/div>\n\t\t\t\t<\/div>\n\t\t\t\t<div class=\"elementor-element elementor-element-c881944 elementor-widget elementor-widget-text-editor\" data-id=\"c881944\" data-element_type=\"widget\" data-e-type=\"widget\" data-widget_type=\"text-editor.default\">\n\t\t\t\t<div class=\"elementor-widget-container\">\n\t\t\t\t\t\t\t\t\t<p>Norm: ASTM A240, EN 10088<\/p><p>Technologie: Warmgewalzt\/Kaltgewalzt<\/p><p>Kaltgewalzt Dicke: 0,3\u20134 mm, Sondergr\u00f6\u00dfe<\/p><p>Warmgewalzt Dicke: 3\u2013120 mm, Sonderma\u00dfe<\/p><p>Breite: 600 mm, 1000 mm, 1219 mm, 1500 mm, Sondergr\u00f6\u00dfe<\/p><p>L\u00e4nge: 2000 mm, 2438 mm, 3000 mm, Sondergr\u00f6\u00dfe<\/p><p>Kante: Mahlkante, Schlitzkante<\/p><p>Oberfl\u00e4chenausf\u00fchrung: 2B, 2D, BA, 8K, NO.4, HL, NO.8 usw. Mehrere Ausf\u00fchrungsoptionen<\/p><p>Bearbeitungsdienstleistungen: Biegen, Schwei\u00dfen, Abwickeln, Stanzen, Schneiden, Kugelstrahlen, W\u00e4rmebehandlung usw.<\/p>\t\t\t\t\t\t\t\t<\/div>\n\t\t\t\t<\/div>\n\t\t\t\t<\/div>\n\t\t<div class=\"elementor-element elementor-element-6960faa e-con-full e-flex e-con e-parent\" data-id=\"6960faa\" data-element_type=\"container\" data-e-type=\"container\">\n\t\t\t\t<div class=\"elementor-element elementor-element-fbe6a59 elementor-widget-tablet__width-inherit elementor-widget elementor-widget-heading\" data-id=\"fbe6a59\" data-element_type=\"widget\" data-e-type=\"widget\" data-widget_type=\"heading.default\">\n\t\t\t\t<div class=\"elementor-widget-container\">\n\t\t\t\t\t<h3 class=\"elementor-heading-title elementor-size-default\">Chemische Zusammensetzung von Edelstahl 316L<\/h3>\t\t\t\t<\/div>\n\t\t\t\t<\/div>\n\t\t\t\t<div class=\"elementor-element elementor-element-dc95c09 elementor-widget-tablet__width-inherit elementor-widget-mobile__width-inherit elementor-widget elementor-widget-text-editor\" data-id=\"dc95c09\" data-element_type=\"widget\" data-e-type=\"widget\" data-widget_type=\"text-editor.default\">\n\t\t\t\t<div class=\"elementor-widget-container\">\n\t\t\t\t\t\t\t\t\t<table><tbody><tr><td>Klasse<\/td><td>C<\/td><td>Si<\/td><td>Mn<\/td><td>P<\/td><td>S<\/td><td>Ni<\/td><td>Cr<\/td><td>Mo<\/td><\/tr><tr><td>316<\/td><td>\u22640.08<\/td><td>\u22641.0<\/td><td>\u22642.0<\/td><td>\u22640.045<\/td><td>\u22640.03<\/td><td>10.0-14.0<\/td><td>16.0-18.0<\/td><td>2.0-3.0<\/td><\/tr><tr><td>316L<\/td><td>\u22640.03<\/td><td>\u22641.0<\/td><td>\u22642.0<\/td><td>\u22640.045<\/td><td>\u22640.03<\/td><td>11.0-14.0<\/td><td>16.0-18.0<\/td><td>2.0-3.0<\/td><\/tr><\/tbody><\/table>\t\t\t\t\t\t\t\t<\/div>\n\t\t\t\t<\/div>\n\t\t\t\t<\/div>\n\t\t<div class=\"elementor-element elementor-element-25ca3b3 e-con-full e-flex e-con e-parent\" data-id=\"25ca3b3\" data-element_type=\"container\" data-e-type=\"container\">\n\t\t\t\t<div class=\"elementor-element elementor-element-5dca74c elementor-widget-tablet__width-inherit elementor-widget elementor-widget-heading\" data-id=\"5dca74c\" data-element_type=\"widget\" data-e-type=\"widget\" data-widget_type=\"heading.default\">\n\t\t\t\t<div class=\"elementor-widget-container\">\n\t\t\t\t\t<h3 class=\"elementor-heading-title elementor-size-default\">Mechanische Eigenschaften<\/h3>\t\t\t\t<\/div>\n\t\t\t\t<\/div>\n\t\t\t\t<div class=\"elementor-element elementor-element-53eb565 elementor-widget-tablet__width-inherit elementor-widget-mobile__width-inherit elementor-widget elementor-widget-text-editor\" data-id=\"53eb565\" data-element_type=\"widget\" data-e-type=\"widget\" data-widget_type=\"text-editor.default\">\n\t\t\t\t<div class=\"elementor-widget-container\">\n\t\t\t\t\t\t\t\t\t<table><tbody><tr><td>Mechanische Eigenschaften von 316\/316L<\/td><td>316<\/td><td>316L<\/td><\/tr><tr><td>Streckgrenze, min. (ksi)<\/td><td>30<\/td><td>25<\/td><\/tr><tr><td>Zugfestigkeit, min. (ksi)<\/td><td>75<\/td><td>70<\/td><\/tr><tr><td>Dehnung, min. (%)<\/td><td>40<\/td><td>40<\/td><\/tr><tr><td>H\u00e4rte, max. (Rb)<\/td><td>95<\/td><td>95<\/td><\/tr><\/tbody><\/table>\t\t\t\t\t\t\t\t<\/div>\n\t\t\t\t<\/div>\n\t\t\t\t<\/div>\n\t\t<div class=\"elementor-element elementor-element-ce5e1bb e-con-full e-flex e-con e-parent\" data-id=\"ce5e1bb\" data-element_type=\"container\" data-e-type=\"container\">\n\t\t\t\t<div class=\"elementor-element elementor-element-a295a56 elementor-widget-tablet__width-inherit elementor-widget elementor-widget-heading\" data-id=\"a295a56\" data-element_type=\"widget\" data-e-type=\"widget\" data-widget_type=\"heading.default\">\n\t\t\t\t<div class=\"elementor-widget-container\">\n\t\t\t\t\t<h3 class=\"elementor-heading-title elementor-size-default\">Ma\u00dfgeschneiderte Verarbeitung<\/h3>\t\t\t\t<\/div>\n\t\t\t\t<\/div>\n\t\t\t\t<div class=\"elementor-element elementor-element-e1f0c31 elementor-widget-tablet__width-inherit elementor-widget elementor-widget-text-editor\" data-id=\"e1f0c31\" data-element_type=\"widget\" data-e-type=\"widget\" data-widget_type=\"text-editor.default\">\n\t\t\t\t<div class=\"elementor-widget-container\">\n\t\t\t\t\t\t\t\t\t<p>\u00a0Wir bieten Pr\u00e4zisionsschneiden, Laser-\/Wasserstrahlschneiden, L\u00e4ngsschneiden, Gl\u00e4tten und Anfasen an, um 316L-Bleche in jeder Gr\u00f6\u00dfe und Form anzupassen. Modernste Anlagen gew\u00e4hrleisten, dass die Toleranzen hinsichtlich Dicke und Breite den strengen Anforderungen entsprechen.<\/p>\t\t\t\t\t\t\t\t<\/div>\n\t\t\t\t<\/div>\n\t\t\t\t<div class=\"elementor-element elementor-element-d591ff2 elementor-widget-tablet__width-inherit elementor-widget elementor-widget-image\" data-id=\"d591ff2\" data-element_type=\"widget\" data-e-type=\"widget\" data-widget_type=\"image.default\">\n\t\t\t\t<div class=\"elementor-widget-container\">\n\t\t\t\t\t\t\t\t\t\t\t\t\t\t\t<img fetchpriority=\"high\" decoding=\"async\" width=\"800\" height=\"556\" src=\"https:\/\/jblstainless.com\/wp-content\/uploads\/2025\/02\/process-service.webp\" class=\"attachment-large size-large wp-image-688\" alt=\"Verarbeitung von rostfreiem Stahlblech\" srcset=\"https:\/\/jblstainless.com\/wp-content\/uploads\/2025\/02\/process-service.webp 1000w, https:\/\/jblstainless.com\/wp-content\/uploads\/2025\/02\/process-service-600x417.webp 600w, https:\/\/jblstainless.com\/wp-content\/uploads\/2025\/02\/process-service-300x209.webp 300w, https:\/\/jblstainless.com\/wp-content\/uploads\/2025\/02\/process-service-768x534.webp 768w, https:\/\/jblstainless.com\/wp-content\/uploads\/2025\/02\/process-service-18x12.webp 18w\" sizes=\"(max-width: 800px) 100vw, 800px\" \/>\t\t\t\t\t\t\t\t\t\t\t\t\t\t\t<\/div>\n\t\t\t\t<\/div>\n\t\t\t\t<\/div>\n\t\t<div class=\"elementor-element elementor-element-4128b4d e-con-full e-flex e-con e-parent\" data-id=\"4128b4d\" data-element_type=\"container\" data-e-type=\"container\">\n\t\t\t\t<div class=\"elementor-element elementor-element-7a1d77b elementor-widget-tablet__width-inherit elementor-widget elementor-widget-heading\" data-id=\"7a1d77b\" data-element_type=\"widget\" data-e-type=\"widget\" data-widget_type=\"heading.default\">\n\t\t\t\t<div class=\"elementor-widget-container\">\n\t\t\t\t\t<h3 class=\"elementor-heading-title elementor-size-default\">Oberfl\u00e4chenbehandlung<\/h3>\t\t\t\t<\/div>\n\t\t\t\t<\/div>\n\t\t\t\t<div class=\"elementor-element elementor-element-c86e41e elementor-widget-tablet__width-inherit elementor-widget elementor-widget-text-editor\" data-id=\"c86e41e\" data-element_type=\"widget\" data-e-type=\"widget\" data-widget_type=\"text-editor.default\">\n\t\t\t\t<div class=\"elementor-widget-container\">\n\t\t\t\t\t\t\t\t\t<p>Die Bleche werden pr\u00e4zise kaltgewalzt und geebnet, um eine gleichm\u00e4\u00dfige Dicke und hohe Ebenheit zu gew\u00e4hrleisten. Es steht eine umfassende Auswahl an Oberfl\u00e4chenbehandlungen zur Verf\u00fcgung (warmgewalzt, 2D matt, 2B walzblank, Nr. 4 geb\u00fcrstet, HL matt, BA blank gegl\u00fcht, 8K spiegelglatt usw.) mit optionaler Gl\u00fch- oder Polierbehandlung, um den unterschiedlichen Anforderungen an Hygiene und \u00c4sthetik gerecht zu werden.<\/p>\t\t\t\t\t\t\t\t<\/div>\n\t\t\t\t<\/div>\n\t\t\t\t<div class=\"elementor-element elementor-element-0990f17 elementor-widget-tablet__width-inherit elementor-widget elementor-widget-image\" data-id=\"0990f17\" data-element_type=\"widget\" data-e-type=\"widget\" data-widget_type=\"image.default\">\n\t\t\t\t<div class=\"elementor-widget-container\">\n\t\t\t\t\t\t\t\t\t\t\t\t\t\t\t<img decoding=\"async\" width=\"800\" height=\"394\" src=\"https:\/\/jblstainless.com\/wp-content\/uploads\/2025\/04\/stainless-steel-pipe-surface-treatment.webp\" class=\"attachment-large size-large wp-image-1357\" alt=\"420 Edelstahlrohre\" srcset=\"https:\/\/jblstainless.com\/wp-content\/uploads\/2025\/04\/stainless-steel-pipe-surface-treatment.webp 1000w, https:\/\/jblstainless.com\/wp-content\/uploads\/2025\/04\/stainless-steel-pipe-surface-treatment-300x148.webp 300w, https:\/\/jblstainless.com\/wp-content\/uploads\/2025\/04\/stainless-steel-pipe-surface-treatment-768x379.webp 768w, https:\/\/jblstainless.com\/wp-content\/uploads\/2025\/04\/stainless-steel-pipe-surface-treatment-18x9.webp 18w, https:\/\/jblstainless.com\/wp-content\/uploads\/2025\/04\/stainless-steel-pipe-surface-treatment-600x296.webp 600w\" sizes=\"(max-width: 800px) 100vw, 800px\" \/>\t\t\t\t\t\t\t\t\t\t\t\t\t\t\t<\/div>\n\t\t\t\t<\/div>\n\t\t\t\t<\/div>\n\t\t<div class=\"elementor-element elementor-element-37f6c4b e-con-full e-flex e-con e-parent\" data-id=\"37f6c4b\" data-element_type=\"container\" data-e-type=\"container\">\n\t\t\t\t<div class=\"elementor-element elementor-element-1574dca elementor-widget-tablet__width-inherit elementor-widget elementor-widget-heading\" data-id=\"1574dca\" data-element_type=\"widget\" data-e-type=\"widget\" data-widget_type=\"heading.default\">\n\t\t\t\t<div class=\"elementor-widget-container\">\n\t\t\t\t\t<h3 class=\"elementor-heading-title elementor-size-default\">Pr\u00e4zises Schneiden und Verpacken<\/h3>\t\t\t\t<\/div>\n\t\t\t\t<\/div>\n\t\t\t\t<div class=\"elementor-element elementor-element-c6bf87c elementor-widget-tablet__width-inherit elementor-widget elementor-widget-text-editor\" data-id=\"c6bf87c\" data-element_type=\"widget\" data-e-type=\"widget\" data-widget_type=\"text-editor.default\">\n\t\t\t\t<div class=\"elementor-widget-container\">\n\t\t\t\t\t\t\t\t\t<p>Wir liefern Platten in Standardl\u00e4ngen, um glatte Kanten zu gew\u00e4hrleisten. Jede Lieferung wird sicher verpackt (in wasserdichten Folienb\u00fcndeln oder auf Holzpaletten) und mit einer R\u00fcckverfolgbarkeitsnummer gekennzeichnet. Der Lieferung kann ein Werkspr\u00fcfzeugnis gem\u00e4\u00df EN 10204-3.1 beiliegen.<\/p>\t\t\t\t\t\t\t\t<\/div>\n\t\t\t\t<\/div>\n\t\t\t\t<\/div>\n\t\t<div class=\"elementor-element elementor-element-06e7e43 e-con-full e-flex e-con e-parent\" data-id=\"06e7e43\" data-element_type=\"container\" data-e-type=\"container\">\n\t\t\t\t<div class=\"elementor-element elementor-element-11cb93c elementor-widget-tablet__width-inherit elementor-widget elementor-widget-heading\" data-id=\"11cb93c\" data-element_type=\"widget\" data-e-type=\"widget\" data-widget_type=\"heading.default\">\n\t\t\t\t<div class=\"elementor-widget-container\">\n\t\t\t\t\t<h3 class=\"elementor-heading-title elementor-size-default\">Anwendung von 316L-Platten<\/h3>\t\t\t\t<\/div>\n\t\t\t\t<\/div>\n\t\t\t\t<div class=\"elementor-element elementor-element-ef5dedf elementor-widget-tablet__width-inherit elementor-widget elementor-widget-text-editor\" data-id=\"ef5dedf\" data-element_type=\"widget\" data-e-type=\"widget\" data-widget_type=\"text-editor.default\">\n\t\t\t\t<div class=\"elementor-widget-container\">\n\t\t\t\t\t\t\t\t\t<p>316L-Edelstahlplatten spielen in verschiedenen Branchen eine entscheidende Rolle:<\/p><ul><li>Chemische Industrie: Verwendung in Lagertanks, Rohrleitungen und Reaktoren, korrosionsbest\u00e4ndig gegen\u00fcber starken S\u00e4uren und Chloriden.<\/li><li>Schiffstechnik: Einsatz in Schiffen, Offshore-Plattformen und Entsalzungsanlagen, widerstandsf\u00e4hig gegen Umgebungen mit hohem Salzgehalt.<\/li><li>Lebensmittel &amp; Pharmazeutika: Wird in Sanit\u00e4ranlagen verwendet, um Kontaminationen zu vermeiden und eine einfache Reinigung zu gew\u00e4hrleisten.<\/li><li>Architektur: Verwendung f\u00fcr Vorhangfassaden, Gel\u00e4nder und dekorative Paneele, die \u00c4sthetik und Langlebigkeit bieten.<\/li><\/ul>\t\t\t\t\t\t\t\t<\/div>\n\t\t\t\t<\/div>\n\t\t\t\t<\/div>\n\t\t<div class=\"elementor-element elementor-element-8ce7d7b e-con-full e-flex e-con e-parent\" data-id=\"8ce7d7b\" data-element_type=\"container\" data-e-type=\"container\">\n\t\t\t\t<div class=\"elementor-element elementor-element-f05b2b9 elementor-widget-tablet__width-inherit elementor-widget elementor-widget-heading\" data-id=\"f05b2b9\" data-element_type=\"widget\" data-e-type=\"widget\" data-widget_type=\"heading.default\">\n\t\t\t\t<div class=\"elementor-widget-container\">\n\t\t\t\t\t<h2 class=\"elementor-heading-title elementor-size-default\">Im Vergleich zu anderen Materialien<\/h2>\t\t\t\t<\/div>\n\t\t\t\t<\/div>\n\t\t\t\t<div class=\"elementor-element elementor-element-89b4c3e elementor-widget-tablet__width-inherit elementor-widget elementor-widget-text-editor\" data-id=\"89b4c3e\" data-element_type=\"widget\" data-e-type=\"widget\" data-widget_type=\"text-editor.default\">\n\t\t\t\t<div class=\"elementor-widget-container\">\n\t\t\t\t\t\t\t\t\t<p><b>1. Edelstahl 316L vs. Edelstahl 304:<\/b><\/p><p>316L weist aufgrund seines Molybd\u00e4ngehalts eine deutlich bessere Korrosionsbest\u00e4ndigkeit als 304 in chloridhaltigen Umgebungen (z. B. Meerwasser) und unter Bedingungen mit hohem Salzgehalt auf.<\/p><p><b>2. Edelstahl 316L vs. Edelstahl 316:<\/b><\/p><p>Der niedrige Kohlenstoffgehalt (\u22640,03%) von 316L macht es besser geeignet f\u00fcr Schwei\u00dfarbeiten und Szenarien, in denen ein Gl\u00fchen nicht m\u00f6glich ist, um das Risiko einer interkristallinen Korrosion zu vermeiden. 316 hat hingegen einen h\u00f6heren Kohlenstoffgehalt (\u22640,08%), eine etwas bessere Festigkeit, aber eine etwas geringere Korrosionsbest\u00e4ndigkeit.<\/p>\t\t\t\t\t\t\t\t<\/div>\n\t\t\t\t<\/div>\n\t\t\t\t<\/div>\n\t\t<div class=\"elementor-element elementor-element-b18d15d e-con-full e-flex e-con e-parent\" data-id=\"b18d15d\" data-element_type=\"container\" data-e-type=\"container\">\n\t\t\t\t<div class=\"elementor-element elementor-element-8a2a060 elementor-widget-tablet__width-inherit elementor-widget elementor-widget-heading\" data-id=\"8a2a060\" data-element_type=\"widget\" data-e-type=\"widget\" data-widget_type=\"heading.default\">\n\t\t\t\t<div class=\"elementor-widget-container\">\n\t\t\t\t\t<h2 class=\"elementor-heading-title elementor-size-default\">Bei der Verwendung von Edelstahlplatten aus 316L ist Vorsicht geboten.\n<\/h2>\t\t\t\t<\/div>\n\t\t\t\t<\/div>\n\t\t\t\t<div class=\"elementor-element elementor-element-86758d7 elementor-widget-tablet__width-inherit elementor-widget elementor-widget-text-editor\" data-id=\"86758d7\" data-element_type=\"widget\" data-e-type=\"widget\" data-widget_type=\"text-editor.default\">\n\t\t\t\t<div class=\"elementor-widget-container\">\n\t\t\t\t\t\t\t\t\t<p><b>Schwei\u00dfen und Bearbeitung:<\/b><\/p>\n<p>Kaltumformung kann zu leichtem Magnetismus f\u00fchren, daher muss das Ausma\u00df der Kaltverformung kontrolliert werden. Beim Schwei\u00dfen sollten kohlenstoffarme Schwei\u00dfzus\u00e4tze verwendet werden, um interkristalline Korrosion zu vermeiden.<\/p>\n<p><b>Temperaturbegrenzung:<\/b><\/p>\n<p>Vermeiden Sie eine langfristige Verwendung bei 427\u2013857 \u00b0C, um eine Verschlechterung der Materialeigenschaften zu verhindern.<\/p>\t\t\t\t\t\t\t\t<\/div>\n\t\t\t\t<\/div>\n\t\t\t\t<\/div>\n\t\t\t\t<\/div>","protected":false},"excerpt":{"rendered":"<p>316L ist eine kohlenstoff\u00e4rmere Version von 316 mit einem maximalen Kohlenstoffgehalt von 0,031 TP3T, die f\u00fcr ihre hervorragende Korrosionsbest\u00e4ndigkeit bekannt ist.<\/p>\n<p>Kaltgewalzt Dicke: 0,3\u20134 mm, Sondergr\u00f6\u00dfe<br \/>\nWarmgewalzt Dicke: 3\u2013120 mm, Sonderma\u00dfe<br \/>\nBreite: 600 mm, 1000 mm, 1219 mm, 1500 mm, Sondergr\u00f6\u00dfe<br \/>\nL\u00e4nge: 2000 mm, 2438 mm, 3000 mm, Sondergr\u00f6\u00dfe<\/p>","protected":false},"featured_media":1469,"template":"","meta":{"_eb_attr":""},"product_brand":[],"product_cat":[40],"product_tag":[],"class_list":{"0":"post-1716","1":"product","2":"type-product","3":"status-publish","4":"has-post-thumbnail","6":"product_cat-stainless-steel-plate-coil","8":"first","9":"instock","10":"shipping-taxable","11":"product-type-simple"},"_links":{"self":[{"href":"https:\/\/jblstainless.com\/de\/wp-json\/wp\/v2\/product\/1716","targetHints":{"allow":["GET"]}}],"collection":[{"href":"https:\/\/jblstainless.com\/de\/wp-json\/wp\/v2\/product"}],"about":[{"href":"https:\/\/jblstainless.com\/de\/wp-json\/wp\/v2\/types\/product"}],"version-history":[{"count":15,"href":"https:\/\/jblstainless.com\/de\/wp-json\/wp\/v2\/product\/1716\/revisions"}],"predecessor-version":[{"id":1855,"href":"https:\/\/jblstainless.com\/de\/wp-json\/wp\/v2\/product\/1716\/revisions\/1855"}],"wp:featuredmedia":[{"embeddable":true,"href":"https:\/\/jblstainless.com\/de\/wp-json\/wp\/v2\/media\/1469"}],"wp:attachment":[{"href":"https:\/\/jblstainless.com\/de\/wp-json\/wp\/v2\/media?parent=1716"}],"wp:term":[{"taxonomy":"product_brand","embeddable":true,"href":"https:\/\/jblstainless.com\/de\/wp-json\/wp\/v2\/product_brand?post=1716"},{"taxonomy":"product_cat","embeddable":true,"href":"https:\/\/jblstainless.com\/de\/wp-json\/wp\/v2\/product_cat?post=1716"},{"taxonomy":"product_tag","embeddable":true,"href":"https:\/\/jblstainless.com\/de\/wp-json\/wp\/v2\/product_tag?post=1716"}],"curies":[{"name":"wp","href":"https:\/\/api.w.org\/{rel}","templated":true}]}}