{"id":1884,"date":"2025-07-24T16:18:20","date_gmt":"2025-07-24T08:18:20","guid":{"rendered":"https:\/\/jblstainless.com\/?post_type=product&#038;p=1884"},"modified":"2025-07-24T16:23:17","modified_gmt":"2025-07-24T08:23:17","slug":"1-platte-aus-rostfreiem-stahl-4301","status":"publish","type":"product","link":"https:\/\/jblstainless.com\/de\/1-4301-stainless-steel-plate\/","title":{"rendered":"1.4301 Edelstahlblech"},"content":{"rendered":"<div data-elementor-type=\"product-post\" data-elementor-id=\"1884\" class=\"elementor elementor-1884\" data-elementor-post-type=\"product\">\n\t\t\t\t<div class=\"elementor-element elementor-element-60b2d98 e-flex e-con-boxed e-con e-parent\" data-id=\"60b2d98\" data-element_type=\"container\" data-e-type=\"container\">\n\t\t\t\t\t<div class=\"e-con-inner\">\n\t\t\t\t<div class=\"elementor-element elementor-element-3c877ad elementor-widget elementor-widget-text-editor\" data-id=\"3c877ad\" data-element_type=\"widget\" data-e-type=\"widget\" data-widget_type=\"text-editor.default\">\n\t\t\t\t<div class=\"elementor-widget-container\">\n\t\t\t\t\t\t\t\t\t<p>Nichtrostender Stahl 1.4301, auch bekannt als <a href=\"https:\/\/jblstainless.com\/de\/was-bedeutet-edelstahl-304\/\"><span style=\"text-decoration: underline;\"><strong>Rostfreier Stahl 304<\/strong><\/span><\/a>ist ein weit verbreiteter austenitischer rostfreier Stahl, ein rostfreier Allzweckstahl mit hervorragender Korrosionsbest\u00e4ndigkeit, guter Umformbarkeit, Bearbeitungseigenschaften und Schwei\u00dfeigenschaften, der in verschiedenen Industriezweigen weit verbreitet ist.<\/p><p>Wir beziehen 1.4301-Bleche direkt von f\u00fchrenden Edelstahlwerken (Baosteel, TISCO usw.), verwenden hochwertigen Basisstahl (z. B. Baosteel, Shougang) und verf\u00fcgen \u00fcber eine ISO\/BV\/SGS-Zertifizierung, die ein einheitliches Material gew\u00e4hrleistet.<\/p><p>Unsere Bleche entsprechen streng den Normen ASTM A240 und EN 10088-2 (DIN 1.4301,X5CrNi18-10). Wir kontrollieren die Ebenheit und die Abmessungen mit engen Toleranzen innerhalb von \u00b1 0,2 mm, um sicherzustellen, dass jede Rolle (Platte) Standard 18Cr-8Ni (304) Grad einheitliche Dicke und Ebenheit ist.<\/p>\t\t\t\t\t\t\t\t<\/div>\n\t\t\t\t<\/div>\n\t\t\t\t\t<\/div>\n\t\t\t\t<\/div>\n\t\t<div class=\"elementor-element elementor-element-4ad3b91 e-flex e-con-boxed e-con e-parent\" data-id=\"4ad3b91\" data-element_type=\"container\" data-e-type=\"container\">\n\t\t\t\t\t<div class=\"e-con-inner\">\n\t\t\t\t<div class=\"elementor-element elementor-element-891fb1f elementor-widget elementor-widget-heading\" data-id=\"891fb1f\" data-element_type=\"widget\" data-e-type=\"widget\" data-widget_type=\"heading.default\">\n\t\t\t\t<div class=\"elementor-widget-container\">\n\t\t\t\t\t<h2 class=\"elementor-heading-title elementor-size-default\">1.4301 Edelstahlblech Spezifikation<\/h2>\t\t\t\t<\/div>\n\t\t\t\t<\/div>\n\t\t\t\t<div class=\"elementor-element elementor-element-eb6ba0c elementor-widget elementor-widget-text-editor\" data-id=\"eb6ba0c\" data-element_type=\"widget\" data-e-type=\"widget\" data-widget_type=\"text-editor.default\">\n\t\t\t\t<div class=\"elementor-widget-container\">\n\t\t\t\t\t\t\t\t\t<table class=\"table\"><tbody><tr><td>Klasse<\/td><td>1.4301,304<\/td><\/tr><tr><td>Dicke<\/td><td>0,3-200 mm<\/td><\/tr><tr><td>L\u00e4nge:<\/td><td>2000mm, 2438mm, 3000mm, 5800mm, 6000mm, 12000mm, etc<\/td><\/tr><tr><td>Breite<\/td><td><p>40mm-600mm, 1000mm, 1250mm, 1500mm, 1800mm, 2000mm,<\/p><p>2500mm, 3000mm, 3500mm, etc<\/p><\/td><\/tr><tr><td>Standard<\/td><td>ASTM 240, EN 10088,JIS,DIN,AISI,GB<\/td><\/tr><tr><td>Oberfl\u00e4che<\/td><td>BA,2B,NO.1,NO.4,4K,HL,8K,Gepr\u00e4gt,Farbe,oder nach Bedarf<\/td><\/tr><tr><td>Zertifizierung<\/td><td>ISO, SGS, BV<\/td><\/tr><tr><td>Technik<\/td><td>Kaltgewalzt, warmgewalzt<\/td><\/tr><tr><td>Kante<\/td><td>Fr\u00e4skante \/ Schlitzkante<\/td><\/tr><\/tbody><\/table>\t\t\t\t\t\t\t\t<\/div>\n\t\t\t\t<\/div>\n\t\t\t\t\t<\/div>\n\t\t\t\t<\/div>\n\t\t<div class=\"elementor-element elementor-element-e9a46c8 e-flex e-con-boxed e-con e-parent\" data-id=\"e9a46c8\" data-element_type=\"container\" data-e-type=\"container\">\n\t\t\t\t\t<div class=\"e-con-inner\">\n\t\t\t\t<div class=\"elementor-element elementor-element-cac094f elementor-arrows-position-outside elementor-pagination-position-outside elementor-widget elementor-widget-image-carousel\" data-id=\"cac094f\" data-element_type=\"widget\" data-e-type=\"widget\" data-settings=\"{&quot;slides_to_show&quot;:&quot;3&quot;,&quot;navigation&quot;:&quot;both&quot;,&quot;autoplay&quot;:&quot;yes&quot;,&quot;pause_on_hover&quot;:&quot;yes&quot;,&quot;pause_on_interaction&quot;:&quot;yes&quot;,&quot;autoplay_speed&quot;:5000,&quot;infinite&quot;:&quot;yes&quot;,&quot;speed&quot;:500}\" data-widget_type=\"image-carousel.default\">\n\t\t\t\t<div class=\"elementor-widget-container\">\n\t\t\t\t\t\t\t<div class=\"elementor-image-carousel-wrapper swiper\" role=\"region\" aria-roledescription=\"carousel\" aria-label=\"Bild-Karussell\" dir=\"ltr\">\n\t\t\t<div class=\"elementor-image-carousel swiper-wrapper\" aria-live=\"off\">\n\t\t\t\t\t\t\t\t<div class=\"swiper-slide\" role=\"group\" aria-roledescription=\"slide\" aria-label=\"1 von 5\" data-no-translation-aria-label=\"\"><figure class=\"swiper-slide-inner\"><img decoding=\"async\" class=\"swiper-slide-image\" src=\"https:\/\/jblstainless.com\/wp-content\/uploads\/2025\/04\/stainless-steel-plate-300x300.webp\" alt=\"Platte aus rostfreiem Stahl\" \/><\/figure><\/div><div class=\"swiper-slide\" role=\"group\" aria-roledescription=\"slide\" aria-label=\"2 von 5\" data-no-translation-aria-label=\"\"><figure class=\"swiper-slide-inner\"><img decoding=\"async\" class=\"swiper-slide-image\" src=\"https:\/\/jblstainless.com\/wp-content\/uploads\/2025\/04\/stainless-steel-metal-plate-300x300.webp\" alt=\"304 Edelstahlplatte\" \/><\/figure><\/div><div class=\"swiper-slide\" role=\"group\" aria-roledescription=\"slide\" aria-label=\"3 von 5\" data-no-translation-aria-label=\"\"><figure class=\"swiper-slide-inner\"><img decoding=\"async\" class=\"swiper-slide-image\" src=\"https:\/\/jblstainless.com\/wp-content\/uploads\/2025\/04\/stainless-steel-thick-plate-300x300.webp\" alt=\"Platte aus rostfreiem Stahl\" \/><\/figure><\/div><div class=\"swiper-slide\" role=\"group\" aria-roledescription=\"slide\" aria-label=\"4 von 5\" data-no-translation-aria-label=\"\"><figure class=\"swiper-slide-inner\"><img decoding=\"async\" class=\"swiper-slide-image\" src=\"https:\/\/jblstainless.com\/wp-content\/uploads\/2025\/04\/ss-plate-300x300.webp\" alt=\"1.4301 Edelstahlblech\" \/><\/figure><\/div><div class=\"swiper-slide\" role=\"group\" aria-roledescription=\"slide\" aria-label=\"5 von 5\" data-no-translation-aria-label=\"\"><figure class=\"swiper-slide-inner\"><img decoding=\"async\" class=\"swiper-slide-image\" src=\"https:\/\/jblstainless.com\/wp-content\/uploads\/2025\/04\/ss-plate-process-300x300.webp\" alt=\"ss-Platten-Verfahren\" \/><\/figure><\/div>\t\t\t<\/div>\n\t\t\t\t\t\t\t\t\t\t\t\t<div class=\"elementor-swiper-button elementor-swiper-button-prev\" role=\"button\" tabindex=\"0\">\n\t\t\t\t\t\t<svg aria-hidden=\"true\" class=\"e-font-icon-svg e-eicon-chevron-left\" viewbox=\"0 0 1000 1000\" xmlns=\"http:\/\/www.w3.org\/2000\/svg\"><path d=\"M646 125C629 125 613 133 604 142L308 442C296 454 292 471 292 487 292 504 296 521 308 533L604 854C617 867 629 875 646 875 663 875 679 871 692 858 704 846 713 829 713 812 713 796 708 779 692 767L438 487 692 225C700 217 708 204 708 187 708 171 704 154 692 142 675 129 663 125 646 125Z\"><\/path><\/svg>\t\t\t\t\t<\/div>\n\t\t\t\t\t<div class=\"elementor-swiper-button elementor-swiper-button-next\" role=\"button\" tabindex=\"0\">\n\t\t\t\t\t\t<svg aria-hidden=\"true\" class=\"e-font-icon-svg e-eicon-chevron-right\" viewbox=\"0 0 1000 1000\" xmlns=\"http:\/\/www.w3.org\/2000\/svg\"><path d=\"M696 533C708 521 713 504 713 487 713 471 708 454 696 446L400 146C388 133 375 125 354 125 338 125 325 129 313 142 300 154 292 171 292 187 292 204 296 221 308 233L563 492 304 771C292 783 288 800 288 817 288 833 296 850 308 863 321 871 338 875 354 875 371 875 388 867 400 854L696 533Z\"><\/path><\/svg>\t\t\t\t\t<\/div>\n\t\t\t\t\n\t\t\t\t\t\t\t\t\t<div class=\"swiper-pagination\"><\/div>\n\t\t\t\t\t\t\t\t\t<\/div>\n\t\t\t\t\t\t<\/div>\n\t\t\t\t<\/div>\n\t\t\t\t\t<\/div>\n\t\t\t\t<\/div>\n\t\t<div class=\"elementor-element elementor-element-22eb224 e-flex e-con-boxed e-con e-parent\" data-id=\"22eb224\" data-element_type=\"container\" data-e-type=\"container\">\n\t\t\t\t\t<div class=\"e-con-inner\">\n\t\t\t\t<div class=\"elementor-element elementor-element-785ae18 elementor-widget elementor-widget-heading\" data-id=\"785ae18\" data-element_type=\"widget\" data-e-type=\"widget\" data-widget_type=\"heading.default\">\n\t\t\t\t<div class=\"elementor-widget-container\">\n\t\t\t\t\t<h2 class=\"elementor-heading-title elementor-size-default\">1.4301 Edelstahl Eigenschaften<\/h2>\t\t\t\t<\/div>\n\t\t\t\t<\/div>\n\t\t\t\t<div class=\"elementor-element elementor-element-b9155f8 elementor-widget elementor-widget-heading\" data-id=\"b9155f8\" data-element_type=\"widget\" data-e-type=\"widget\" data-widget_type=\"heading.default\">\n\t\t\t\t<div class=\"elementor-widget-container\">\n\t\t\t\t\t<h3 class=\"elementor-heading-title elementor-size-default\">Chemische Zusammensetzung - EN 10088 1.4301 Edelstahl<\/h3>\t\t\t\t<\/div>\n\t\t\t\t<\/div>\n\t\t\t\t<div class=\"elementor-element elementor-element-39d10fe elementor-widget elementor-widget-text-editor\" data-id=\"39d10fe\" data-element_type=\"widget\" data-e-type=\"widget\" data-widget_type=\"text-editor.default\">\n\t\t\t\t<div class=\"elementor-widget-container\">\n\t\t\t\t\t\t\t\t\t<table class=\"table\"><tbody><tr><td>Element<\/td><td>% Geschenk<\/td><\/tr><tr><td>Kohlenstoff (C)<\/td><td>0,0 \u2013 0,07<\/td><\/tr><tr><td>Chrom (Cr)<\/td><td>17:50 \u2013 19:50 Uhr<\/td><\/tr><tr><td>Mangan (Mn)<\/td><td>0,0 \u2013 2,00<\/td><\/tr><tr><td>Silizium (Si)<\/td><td>0,0 \u2013 1,00<\/td><\/tr><tr><td>Phosphor (P)<\/td><td>0,0 \u2013 0,05<\/td><\/tr><tr><td>Schwefel (S)<\/td><td>0,0 \u2013 0,03<\/td><\/tr><tr><td>Nickel (Ni)<\/td><td>8.00 \u2013 10.50<\/td><\/tr><tr><td>Stickstoff (N)<\/td><td>0,0 \u2013 0,11<\/td><\/tr><tr><td>Eisen (Fe)<\/td><td>Bilanz<\/td><\/tr><\/tbody><\/table>\t\t\t\t\t\t\t\t<\/div>\n\t\t\t\t<\/div>\n\t\t\t\t<div class=\"elementor-element elementor-element-12ef093 elementor-widget elementor-widget-text-editor\" data-id=\"12ef093\" data-element_type=\"widget\" data-e-type=\"widget\" data-widget_type=\"text-editor.default\">\n\t\t\t\t<div class=\"elementor-widget-container\">\n\t\t\t\t\t\t\t\t\t<table class=\"table\"><tbody><tr><td>Eigentum<\/td><td>Wert<\/td><\/tr><tr><td>Zugfestigkeit (Mpa), Rm<\/td><td>625<\/td><\/tr><tr><td>Streckgrenze (Mpa),Rp 0,2<\/td><td>315<\/td><\/tr><tr><td>Dichte<\/td><td>8,00 g\/cm\u00b3<\/td><\/tr><tr><td>Schmelzpunkt<\/td><td>1450 \u00b0C<\/td><\/tr><tr><td>Thermische Ausdehnung<\/td><td>17,2 x10^-6 \/K<\/td><\/tr><tr><td>Elastizit\u00e4tsmodul<\/td><td>193 GPa<\/td><\/tr><tr><td>W\u00e4rmeleitf\u00e4higkeit<\/td><td>16,2 W\/m.K<\/td><\/tr><tr><td>Elektrischer spezifischer Widerstand<\/td><td>0,072 x10^-6 \u03a9 .m<\/td><\/tr><tr><td>Dehnung<\/td><td>45<\/td><\/tr><\/tbody><\/table>\t\t\t\t\t\t\t\t<\/div>\n\t\t\t\t<\/div>\n\t\t\t\t<div class=\"elementor-element elementor-element-cac709a elementor-widget elementor-widget-heading\" data-id=\"cac709a\" data-element_type=\"widget\" data-e-type=\"widget\" data-widget_type=\"heading.default\">\n\t\t\t\t<div class=\"elementor-widget-container\">\n\t\t\t\t\t<h3 class=\"elementor-heading-title elementor-size-default\">1.4301 Edelstahl \u00c4quivalent<\/h3>\t\t\t\t<\/div>\n\t\t\t\t<\/div>\n\t\t\t\t<div class=\"elementor-element elementor-element-7a4da49 elementor-widget elementor-widget-text-editor\" data-id=\"7a4da49\" data-element_type=\"widget\" data-e-type=\"widget\" data-widget_type=\"text-editor.default\">\n\t\t\t\t<div class=\"elementor-widget-container\">\n\t\t\t\t\t\t\t\t\t<table class=\"table\"><tbody><tr><th>Standard<\/th><th>UNS<\/th><th>WERKSTOFF NR<\/th><th>AFNOR<\/th><th>DE<\/th><th>JIS<\/th><th>BS<\/th><th>GOST<\/th><\/tr><tr><td>SS 304<\/td><td>S30400<\/td><td>1.4301<\/td><td>Z7CN18-09<\/td><td>X5CrNi18-10<\/td><td>SUS304<\/td><td>304S31<\/td><td>08\u042518\u041d10<\/td><\/tr><\/tbody><\/table>\t\t\t\t\t\t\t\t<\/div>\n\t\t\t\t<\/div>\n\t\t\t\t\t<\/div>\n\t\t\t\t<\/div>\n\t\t<div class=\"elementor-element elementor-element-fc9c93e e-flex e-con-boxed e-con e-parent\" data-id=\"fc9c93e\" data-element_type=\"container\" data-e-type=\"container\">\n\t\t\t\t\t<div class=\"e-con-inner\">\n\t\t\t\t<div class=\"elementor-element elementor-element-3f87d22 elementor-widget elementor-widget-heading\" data-id=\"3f87d22\" data-element_type=\"widget\" data-e-type=\"widget\" data-widget_type=\"heading.default\">\n\t\t\t\t<div class=\"elementor-widget-container\">\n\t\t\t\t\t<h3 class=\"elementor-heading-title elementor-size-default\">1.4301 Blech Vorteile<\/h3>\t\t\t\t<\/div>\n\t\t\t\t<\/div>\n\t\t\t\t<div class=\"elementor-element elementor-element-daa9f1e elementor-widget elementor-widget-text-editor\" data-id=\"daa9f1e\" data-element_type=\"widget\" data-e-type=\"widget\" data-widget_type=\"text-editor.default\">\n\t\t\t\t<div class=\"elementor-widget-container\">\n\t\t\t\t\t\t\t\t\t<p><strong>1. Au\u00dfergew\u00f6hnliche Korrosionsbest\u00e4ndigkeit:<\/strong><\/p><ul><li>Hohe Korrosionsbest\u00e4ndigkeit gegen\u00fcber oxidierenden S\u00e4uren (z. B. Salpeters\u00e4ure), Laugen und den meisten organischen S\u00e4uren.<\/li><li>Gut geeignet f\u00fcr Industrieatmosph\u00e4re und Lebensmittelmedien.<\/li><li>Gew\u00e4hrleistet eine lange Lebensdauer in rauen Umgebungen.<\/li><\/ul><p><strong>2. Hervorragende Verformbarkeit und Schwei\u00dfbarkeit:<\/strong><\/p><ul><li>Hervorragende Tiefziehf\u00e4higkeit, geeignet f\u00fcr die Herstellung von Sp\u00fclbecken, T\u00f6pfen und Pfannen und anderen Tiefziehteilen.<\/li><li>Geeignet f\u00fcr alle Arten von Bearbeitungen und Schwei\u00dfarbeiten, einfach zur Herstellung komplex geformter Produkte, perfekt f\u00fcr verschiedene Fertigungsanforderungen.<\/li><\/ul><p><strong>3.<\/strong> Nicht magnetisch (im gegl\u00fchten Zustand nahezu unmagnetisch, kann nach Kaltverformung schwach magnetisch sein)<br \/><strong>4.<\/strong> Ausgezeichnete Leistung bei niedrigen Temperaturen (f\u00fcr Niedrigtemperaturszenarien)<br \/><strong>5.<\/strong> Geringe W\u00e4rmeleitf\u00e4higkeit, mittlere elektrische Leitf\u00e4higkeit<\/p>\t\t\t\t\t\t\t\t<\/div>\n\t\t\t\t<\/div>\n\t\t\t\t\t<\/div>\n\t\t\t\t<\/div>\n\t\t<div class=\"elementor-element elementor-element-e9e4c1c e-flex e-con-boxed e-con e-parent\" data-id=\"e9e4c1c\" data-element_type=\"container\" data-e-type=\"container\">\n\t\t\t\t\t<div class=\"e-con-inner\">\n\t\t\t\t<div class=\"elementor-element elementor-element-f889895 elementor-widget elementor-widget-heading\" data-id=\"f889895\" data-element_type=\"widget\" data-e-type=\"widget\" data-widget_type=\"heading.default\">\n\t\t\t\t<div class=\"elementor-widget-container\">\n\t\t\t\t\t<h2 class=\"elementor-heading-title elementor-size-default\">Kundenspezifische Dienstleistungen f\u00fcr Edelstahlbleche\n<\/h2>\t\t\t\t<\/div>\n\t\t\t\t<\/div>\n\t\t\t\t<div class=\"elementor-element elementor-element-33fade4 elementor-widget elementor-widget-heading\" data-id=\"33fade4\" data-element_type=\"widget\" data-e-type=\"widget\" data-widget_type=\"heading.default\">\n\t\t\t\t<div class=\"elementor-widget-container\">\n\t\t\t\t\t<p class=\"elementor-heading-title elementor-size-default\">Oberfl\u00e4chenbehandlung<\/p>\t\t\t\t<\/div>\n\t\t\t\t<\/div>\n\t\t\t\t<div class=\"elementor-element elementor-element-0880003 elementor-widget elementor-widget-text-editor\" data-id=\"0880003\" data-element_type=\"widget\" data-e-type=\"widget\" data-widget_type=\"text-editor.default\">\n\t\t\t\t<div class=\"elementor-widget-container\">\n\t\t\t\t\t\t\t\t\t<p>Wir bieten Oberfl\u00e4chen von blankgegl\u00fcht (BA, Nr. 1) bis kaltgewalzt (2B), Nr. 4, HL und Spiegel (8K) an. Mit fortschrittlichen Polieranlagen und strengen Qualit\u00e4tskontrollen k\u00f6nnen wir flache und saubere Bleche ohne Kratzer und Grate liefern, die sowohl f\u00fcr dekorative Materialien als auch f\u00fcr mechanische Teile geeignet sind.<\/p>\t\t\t\t\t\t\t\t<\/div>\n\t\t\t\t<\/div>\n\t\t\t\t<div class=\"elementor-element elementor-element-6127aee elementor-widget elementor-widget-image\" data-id=\"6127aee\" data-element_type=\"widget\" data-e-type=\"widget\" data-widget_type=\"image.default\">\n\t\t\t\t<div class=\"elementor-widget-container\">\n\t\t\t\t\t\t\t\t\t\t\t\t\t\t\t<img fetchpriority=\"high\" decoding=\"async\" width=\"800\" height=\"394\" src=\"https:\/\/jblstainless.com\/wp-content\/uploads\/2025\/04\/stainless-steel-pipe-surface-treatment.webp\" class=\"attachment-large size-large wp-image-1357\" alt=\"420 Edelstahlrohre\" srcset=\"https:\/\/jblstainless.com\/wp-content\/uploads\/2025\/04\/stainless-steel-pipe-surface-treatment.webp 1000w, https:\/\/jblstainless.com\/wp-content\/uploads\/2025\/04\/stainless-steel-pipe-surface-treatment-300x148.webp 300w, https:\/\/jblstainless.com\/wp-content\/uploads\/2025\/04\/stainless-steel-pipe-surface-treatment-768x379.webp 768w, https:\/\/jblstainless.com\/wp-content\/uploads\/2025\/04\/stainless-steel-pipe-surface-treatment-18x9.webp 18w, https:\/\/jblstainless.com\/wp-content\/uploads\/2025\/04\/stainless-steel-pipe-surface-treatment-600x296.webp 600w\" sizes=\"(max-width: 800px) 100vw, 800px\" \/>\t\t\t\t\t\t\t\t\t\t\t\t\t\t\t<\/div>\n\t\t\t\t<\/div>\n\t\t\t\t<div class=\"elementor-element elementor-element-fc991a8 elementor-widget elementor-widget-heading\" data-id=\"fc991a8\" data-element_type=\"widget\" data-e-type=\"widget\" data-widget_type=\"heading.default\">\n\t\t\t\t<div class=\"elementor-widget-container\">\n\t\t\t\t\t<p class=\"elementor-heading-title elementor-size-default\">Verarbeitung von Dienstleistungen<\/p>\t\t\t\t<\/div>\n\t\t\t\t<\/div>\n\t\t\t\t<div class=\"elementor-element elementor-element-d9978e7 elementor-widget elementor-widget-text-editor\" data-id=\"d9978e7\" data-element_type=\"widget\" data-e-type=\"widget\" data-widget_type=\"text-editor.default\">\n\t\t\t\t<div class=\"elementor-widget-container\">\n\t\t\t\t\t\t\t\t\t<p>Wir k\u00f6nnen Bleche auf jede beliebige Gr\u00f6\u00dfe oder Form zuschneiden, Kanten fr\u00e4sen oder polieren, abflachen, abkanten, polieren oder mit PVC-Schutzfolien und anderen sekund\u00e4ren Bearbeitungen je nach Bedarf versehen und je nach Wunsch beschriften oder laserbeschriften.<\/p><p>F\u00fcr Exportsendungen verwenden wir eine seetaugliche Standardverpackung (geb\u00fcndelt in Holzkisten\/Paletten mit wasserdichter Umh\u00fcllung).<\/p><p>Mit einem ausreichenden Lagerbestand und flexiblen Produktionskapazit\u00e4ten k\u00f6nnen wir p\u00fcnktlich liefern und bieten exklusive technische Unterst\u00fctzung f\u00fcr kundenspezifische Projekte.<\/p>\t\t\t\t\t\t\t\t<\/div>\n\t\t\t\t<\/div>\n\t\t\t\t<div class=\"elementor-element elementor-element-192f063 elementor-widget elementor-widget-image\" data-id=\"192f063\" data-element_type=\"widget\" data-e-type=\"widget\" data-widget_type=\"image.default\">\n\t\t\t\t<div class=\"elementor-widget-container\">\n\t\t\t\t\t\t\t\t\t\t\t\t\t\t\t<img decoding=\"async\" width=\"800\" height=\"556\" src=\"https:\/\/jblstainless.com\/wp-content\/uploads\/2025\/02\/process-service.webp\" class=\"attachment-large size-large wp-image-688\" alt=\"Verarbeitung von rostfreiem Stahlblech\" srcset=\"https:\/\/jblstainless.com\/wp-content\/uploads\/2025\/02\/process-service.webp 1000w, https:\/\/jblstainless.com\/wp-content\/uploads\/2025\/02\/process-service-600x417.webp 600w, https:\/\/jblstainless.com\/wp-content\/uploads\/2025\/02\/process-service-300x209.webp 300w, https:\/\/jblstainless.com\/wp-content\/uploads\/2025\/02\/process-service-768x534.webp 768w, https:\/\/jblstainless.com\/wp-content\/uploads\/2025\/02\/process-service-18x12.webp 18w\" sizes=\"(max-width: 800px) 100vw, 800px\" \/>\t\t\t\t\t\t\t\t\t\t\t\t\t\t\t<\/div>\n\t\t\t\t<\/div>\n\t\t\t\t\t<\/div>\n\t\t\t\t<\/div>\n\t\t<div class=\"elementor-element elementor-element-40716f7 e-flex e-con-boxed e-con e-parent\" data-id=\"40716f7\" data-element_type=\"container\" data-e-type=\"container\">\n\t\t\t\t\t<div class=\"e-con-inner\">\n\t\t\t\t<div class=\"elementor-element elementor-element-7294ae2 elementor-widget elementor-widget-heading\" data-id=\"7294ae2\" data-element_type=\"widget\" data-e-type=\"widget\" data-widget_type=\"heading.default\">\n\t\t\t\t<div class=\"elementor-widget-container\">\n\t\t\t\t\t<p class=\"elementor-heading-title elementor-size-default\">Anmeldung<\/p>\t\t\t\t<\/div>\n\t\t\t\t<\/div>\n\t\t\t\t<div class=\"elementor-element elementor-element-a07df10 elementor-widget elementor-widget-text-editor\" data-id=\"a07df10\" data-element_type=\"widget\" data-e-type=\"widget\" data-widget_type=\"text-editor.default\">\n\t\t\t\t<div class=\"elementor-widget-container\">\n\t\t\t\t\t\t\t\t\t<ul><li>Industrie: chemische Rohrleitungen, Beh\u00e4lter, W\u00e4rmetauscher (nicht chlorhaltige Umgebungen)<\/li><li>Allgemeine Industrie: Geschirr, K\u00fcchenger\u00e4te, Uhrenteile, Federpakete<\/li><li>Architektur: dekorative Platten, strukturelle Komponenten.<\/li><li>Medizin\/Lebensmittel: Medizinische Ger\u00e4te, Ger\u00e4te f\u00fcr die Lebensmittelverarbeitung (m\u00fcssen den Lebensmittelstandards entsprechen).<\/li><li>Andere: Automobilteile, elektrische Komponenten<\/li><\/ul>\t\t\t\t\t\t\t\t<\/div>\n\t\t\t\t<\/div>\n\t\t\t\t\t<\/div>\n\t\t\t\t<\/div>\n\t\t<div class=\"elementor-element elementor-element-0f1a8dd e-flex e-con-boxed e-con e-parent\" data-id=\"0f1a8dd\" data-element_type=\"container\" data-e-type=\"container\">\n\t\t\t\t\t<div class=\"e-con-inner\">\n\t\t\t\t<div class=\"elementor-element elementor-element-7557b73 elementor-widget elementor-widget-heading\" data-id=\"7557b73\" data-element_type=\"widget\" data-e-type=\"widget\" data-widget_type=\"heading.default\">\n\t\t\t\t<div class=\"elementor-widget-container\">\n\t\t\t\t\t<h2 class=\"elementor-heading-title elementor-size-default\">1.4301 Edelstahlblech Einschr\u00e4nkungen <\/h2>\t\t\t\t<\/div>\n\t\t\t\t<\/div>\n\t\t\t\t<div class=\"elementor-element elementor-element-4aa7a40 elementor-widget elementor-widget-text-editor\" data-id=\"4aa7a40\" data-element_type=\"widget\" data-e-type=\"widget\" data-widget_type=\"text-editor.default\">\n\t\t\t\t<div class=\"elementor-widget-container\">\n\t\t\t\t\t\t\t\t\t<p>Bei der Auswahl von Blechen aus nichtrostendem Stahl 1.4301 sollten die folgenden Umgebungen vermieden werden:<\/p><ul><li>Chloridhaltige Umgebungen: anf\u00e4llig f\u00fcr Lochfra\u00df\/Spaltkorrosion, nicht geeignet f\u00fcr Meerwasser oder Schwimmbadausr\u00fcstung.<\/li><li>Schwefels\u00e4ureumgebung: keine Toleranz (bei keiner Konzentration anwendbar).<\/li><li>Gefahr der interkristallinen Korrosion: Chromverarmte Bereiche k\u00f6nnen aufgrund von Chromkarbidausscheidungen nach dem Schwei\u00dfen oder der W\u00e4rmebehandlung bei 450-850\u00b0C auftreten; Prozesskontrolle ist erforderlich<\/li><li>Spannungsrisskorrosion: hohes Risiko in chloridhaltigen Umgebungen \u00fcber 60\u2103.<\/li><\/ul>\t\t\t\t\t\t\t\t<\/div>\n\t\t\t\t<\/div>\n\t\t\t\t\t<\/div>\n\t\t\t\t<\/div>\n\t\t\t\t<\/div>","protected":false},"excerpt":{"rendered":"<p>Der rostfreie Stahl 1.4301, auch bekannt als rostfreier Stahl 304, ist ein weit verbreiteter austenitischer rostfreier Stahl, ein rostfreier Stahl f\u00fcr allgemeine Zwecke.<\/p>\n<p>1.4301 Edelstahlblech Spezifikation<br \/>\nDicke: 0,3-200mm<br \/>\nBreite: 1000mm, 1250mm, 1500mm, 2000mm, etc<br \/>\nL\u00e4nge: 2000mm, 2438mm, 3000mm, 5800mm, etc<br \/>\nNorm: ASTM A240, EN 10088-2, usw.<\/p>","protected":false},"featured_media":1473,"template":"","meta":{"_eb_attr":""},"product_brand":[],"product_cat":[40],"product_tag":[],"class_list":{"0":"post-1884","1":"product","2":"type-product","3":"status-publish","4":"has-post-thumbnail","6":"product_cat-stainless-steel-plate-coil","8":"first","9":"instock","10":"shipping-taxable","11":"product-type-simple"},"_links":{"self":[{"href":"https:\/\/jblstainless.com\/de\/wp-json\/wp\/v2\/product\/1884","targetHints":{"allow":["GET"]}}],"collection":[{"href":"https:\/\/jblstainless.com\/de\/wp-json\/wp\/v2\/product"}],"about":[{"href":"https:\/\/jblstainless.com\/de\/wp-json\/wp\/v2\/types\/product"}],"version-history":[{"count":8,"href":"https:\/\/jblstainless.com\/de\/wp-json\/wp\/v2\/product\/1884\/revisions"}],"predecessor-version":[{"id":1892,"href":"https:\/\/jblstainless.com\/de\/wp-json\/wp\/v2\/product\/1884\/revisions\/1892"}],"wp:featuredmedia":[{"embeddable":true,"href":"https:\/\/jblstainless.com\/de\/wp-json\/wp\/v2\/media\/1473"}],"wp:attachment":[{"href":"https:\/\/jblstainless.com\/de\/wp-json\/wp\/v2\/media?parent=1884"}],"wp:term":[{"taxonomy":"product_brand","embeddable":true,"href":"https:\/\/jblstainless.com\/de\/wp-json\/wp\/v2\/product_brand?post=1884"},{"taxonomy":"product_cat","embeddable":true,"href":"https:\/\/jblstainless.com\/de\/wp-json\/wp\/v2\/product_cat?post=1884"},{"taxonomy":"product_tag","embeddable":true,"href":"https:\/\/jblstainless.com\/de\/wp-json\/wp\/v2\/product_tag?post=1884"}],"curies":[{"name":"wp","href":"https:\/\/api.w.org\/{rel}","templated":true}]}}