{"id":2231,"date":"2025-10-20T17:08:19","date_gmt":"2025-10-20T09:08:19","guid":{"rendered":"https:\/\/jblstainless.com\/?post_type=product&#038;p=2231"},"modified":"2025-10-20T17:08:20","modified_gmt":"2025-10-20T09:08:20","slug":"rohre-aus-edelstahl-321","status":"publish","type":"product","link":"https:\/\/jblstainless.com\/de\/321-stainless-steel-tubing\/","title":{"rendered":"Rohre aus 321er Edelstahl"},"content":{"rendered":"<div data-elementor-type=\"product-post\" data-elementor-id=\"2231\" class=\"elementor elementor-2231\" data-elementor-post-type=\"product\">\n\t\t\t\t<div class=\"elementor-element elementor-element-0fdb8a2 e-flex e-con-boxed e-con e-parent\" data-id=\"0fdb8a2\" data-element_type=\"container\" data-e-type=\"container\">\n\t\t\t\t\t<div class=\"e-con-inner\">\n\t\t\t\t<div class=\"elementor-element elementor-element-61c7831 elementor-widget elementor-widget-text-editor\" data-id=\"61c7831\" data-element_type=\"widget\" data-e-type=\"widget\" data-widget_type=\"text-editor.default\">\n\t\t\t\t<div class=\"elementor-widget-container\">\n\t\t\t\t\t\t\t\t\t<p>321 Stainless Steel Tubing (UNS S32100) ist ein titanstabilisierter austenitischer rostfreier Stahl, der zur 18-8-Legierungsreihe geh\u00f6rt und durch die Zugabe von Titan (Ti) zur Legierung die Ausscheidung von Chromkarbid bei erh\u00f6hten Temperaturen hemmt, wodurch die Best\u00e4ndigkeit gegen interkristalline Korrosion, insbesondere in Hochtemperaturumgebungen von 800 \u00b0F bis 1500 \u00b0F (ca. 427 \u00b0C bis 816 \u00b0C), erheblich verbessert wird.<\/p><p>Edelstahl 321 ist ein kohlenstoffarmer austenitischer Edelstahl mit titanstabilisierenden Karbiden, die seine Hochtemperaturleistung erheblich verbessern. Bestehend aus 18-20% Chrom, 9-12% Nickel und 0,1-0,8% Titan, verhindert 321 Edelstahlrohr interkristalline Korrosion bei erh\u00f6hten Temperaturen und gew\u00e4hrleistet strukturelle Integrit\u00e4t.<\/p>\t\t\t\t\t\t\t\t<\/div>\n\t\t\t\t<\/div>\n\t\t\t\t\t<\/div>\n\t\t\t\t<\/div>\n\t\t<div class=\"elementor-element elementor-element-c347778 e-flex e-con-boxed e-con e-parent\" data-id=\"c347778\" data-element_type=\"container\" data-e-type=\"container\">\n\t\t\t\t\t<div class=\"e-con-inner\">\n\t\t\t\t<div class=\"elementor-element elementor-element-928185b elementor-widget elementor-widget-heading\" data-id=\"928185b\" data-element_type=\"widget\" data-e-type=\"widget\" data-widget_type=\"heading.default\">\n\t\t\t\t<div class=\"elementor-widget-container\">\n\t\t\t\t\t<h2 class=\"elementor-heading-title elementor-size-default\">321 Edelstahlrohre Spezifikation<\/h2>\t\t\t\t<\/div>\n\t\t\t\t<\/div>\n\t\t\t\t<div class=\"elementor-element elementor-element-3357fda elementor-widget elementor-widget-text-editor\" data-id=\"3357fda\" data-element_type=\"widget\" data-e-type=\"widget\" data-widget_type=\"text-editor.default\">\n\t\t\t\t<div class=\"elementor-widget-container\">\n\t\t\t\t\t\t\t\t\t<table>\n<tbody>\n<tr>\n<td>Standard<\/td>\n<td>ASTM A240,ASTM A213,ASTM A312,ASTM A269,JIS G4303,DIN 17440,EN 10088-1<\/td>\n<\/tr>\n<tr>\n<td>Klasse<\/td>\n<td>S32100, 1.4541, SUS321<\/td>\n<\/tr>\n<tr>\n<td>Typen<\/td>\n<td>Nahtlos, geschwei\u00dft<\/td>\n<\/tr>\n<tr>\n<td>\u00c4u\u00dferer Durchmesser<\/td>\n<td>\n<p>Runde Rohre: 4 mm - 200 mm<\/p>\n<p>Nahtlose Rohre: 1\/2\u201d NB - 18\u201d NB<br>Geschwei\u00dfte Rohre \/ ERW: 1\u201d NB - 16\u201d NB<br>EFW: 8\u201d NB - 110\u201d NB<\/p>\n<\/td>\n<\/tr>\n<tr>\n<td>Wanddicke<\/td>\n<td>Schedule 10 bis Schedule 160 (3 mm bis 100 mm Dicke)<\/td>\n<\/tr>\n<tr>\n<td>L\u00e4nge<\/td>\n<td>0,1 m-12,5 m; einfache zuf\u00e4llige L\u00e4nge, doppelte zuf\u00e4llige L\u00e4nge und kundenspezifische Gr\u00f6\u00dfe<\/td>\n<\/tr>\n<tr>\n<td>Ende<\/td>\n<td>Glatt\/abgeschr\u00e4gt<\/td>\n<\/tr>\n<tr>\n<td>Oberfl\u00e4chenbehandlung<\/td>\n<td>Beizen, Polieren, Spiegeln<br>NO.1, 2B, 2D, HL, 8K, HL, BA, etc<\/td>\n<\/tr>\n<tr>\n<td>Lieferbedingungen<\/td>\n<td>Gewalzt, geformt, entspannt, gegl\u00fcht, geh\u00e4rtet, verg\u00fctet, kaltgezogen<\/td>\n<\/tr>\n<\/tbody>\n<\/table>\t\t\t\t\t\t\t\t<\/div>\n\t\t\t\t<\/div>\n\t\t\t\t<div class=\"elementor-element elementor-element-0304f63 elementor-widget elementor-widget-heading\" data-id=\"0304f63\" data-element_type=\"widget\" data-e-type=\"widget\" data-widget_type=\"heading.default\">\n\t\t\t\t<div class=\"elementor-widget-container\">\n\t\t\t\t\t<h3 class=\"elementor-heading-title elementor-size-default\">321H-Edelstahl <\/h3>\t\t\t\t<\/div>\n\t\t\t\t<\/div>\n\t\t\t\t<div class=\"elementor-element elementor-element-c62e61c elementor-widget elementor-widget-text-editor\" data-id=\"c62e61c\" data-element_type=\"widget\" data-e-type=\"widget\" data-widget_type=\"text-editor.default\">\n\t\t\t\t<div class=\"elementor-widget-container\">\n\t\t\t\t\t\t\t\t\t<p>321H (UNS S32109) ist ein titanstabilisierter austenitischer rostfreier Stahl, der eine kohlenstoffreiche modifizierte Version der Sorte 321 mit einem Kohlenstoffgehalt von 0,04 % bis 0,10 % ist. Im Vergleich zu 321 weist 321H eine h\u00f6here Festigkeit und Kriechbest\u00e4ndigkeit \u00fcber 1000 \u00b0F (ca. 538 \u00b0C) auf und eignet sich daher f\u00fcr den Einsatz bei h\u00f6heren Temperaturen.<\/p>\t\t\t\t\t\t\t\t<\/div>\n\t\t\t\t<\/div>\n\t\t\t\t\t<\/div>\n\t\t\t\t<\/div>\n\t\t<div class=\"elementor-element elementor-element-13b60b0 e-flex e-con-boxed e-con e-parent\" data-id=\"13b60b0\" data-element_type=\"container\" data-e-type=\"container\">\n\t\t\t\t\t<div class=\"e-con-inner\">\n\t\t\t\t<div class=\"elementor-element elementor-element-e44aa05 elementor-widget elementor-widget-heading\" data-id=\"e44aa05\" data-element_type=\"widget\" data-e-type=\"widget\" data-widget_type=\"heading.default\">\n\t\t\t\t<div class=\"elementor-widget-container\">\n\t\t\t\t\t<h2 class=\"elementor-heading-title elementor-size-default\">321 Edelstahl Vorteile<\/h2>\t\t\t\t<\/div>\n\t\t\t\t<\/div>\n\t\t\t\t<div class=\"elementor-element elementor-element-86058f4 elementor-widget elementor-widget-text-editor\" data-id=\"86058f4\" data-element_type=\"widget\" data-e-type=\"widget\" data-widget_type=\"text-editor.default\">\n\t\t\t\t<div class=\"elementor-widget-container\">\n\t\t\t\t\t\t\t\t\t<p><b>1. Best\u00e4ndigkeit gegen interkristalline Korrosion<\/b><\/p><p>Der Zusatz von Titan hemmt CrC-Ausscheidung, verhindert interkristalline Korrosion nach dem Schwei\u00dfen, besonders geeignet f\u00fcr langfristige Arbeit in Temperaturen von 800 \u00b0F-1500 \u00b0F.<\/p>\t\t\t\t\t\t\t\t<\/div>\n\t\t\t\t<\/div>\n\t\t\t\t<div class=\"elementor-element elementor-element-c9daf72 elementor-widget elementor-widget-text-editor\" data-id=\"c9daf72\" data-element_type=\"widget\" data-e-type=\"widget\" data-widget_type=\"text-editor.default\">\n\t\t\t\t<div class=\"elementor-widget-container\">\n\t\t\t\t\t\t\t\t\t<p><strong>2. Hochtemperaturfestigkeit<\/strong><\/p><p>Der rostfreie Stahl 321 weist bei 1500 \u00b0F (ca. 816 \u00b0C) gute Festigkeits-, Kriech- und Zeitstandseigenschaften auf, die denen von 304\/304L \u00fcberlegen sind, und eignet sich f\u00fcr Flugzeugtriebwerke, W\u00e4rmetauscher und Kesselrohre.<\/p>\t\t\t\t\t\t\t\t<\/div>\n\t\t\t\t<\/div>\n\t\t\t\t<div class=\"elementor-element elementor-element-6ed686b elementor-widget elementor-widget-text-editor\" data-id=\"6ed686b\" data-element_type=\"widget\" data-e-type=\"widget\" data-widget_type=\"text-editor.default\">\n\t\t\t\t<div class=\"elementor-widget-container\">\n\t\t\t\t\t\t\t\t\t<p><strong>3.\u00a0<\/strong><b>Ausgezeichnete Korrosionsbest\u00e4ndigkeit<\/b><\/p><p>Der hohe Chrom-Nickel-Gehalt widersteht oxidierender und saurer Korrosion und eignet sich daher f\u00fcr den Einsatz in der Chemie- und Erd\u00f6lindustrie.<\/p>\t\t\t\t\t\t\t\t<\/div>\n\t\t\t\t<\/div>\n\t\t\t\t<div class=\"elementor-element elementor-element-14dea8e elementor-widget elementor-widget-text-editor\" data-id=\"14dea8e\" data-element_type=\"widget\" data-e-type=\"widget\" data-widget_type=\"text-editor.default\">\n\t\t\t\t<div class=\"elementor-widget-container\">\n\t\t\t\t\t\t\t\t\t<p><strong>4.\u00a0<\/strong><b>Gute Schwei\u00dfeignung<\/b><\/p><p>Wie andere austenitische Werkstoffe hat 321 hervorragende Schwei\u00dfeigenschaften: Nach dem Schwei\u00dfen ist kein Gl\u00fchen erforderlich, und die w\u00e4rmebeeinflusste Zone der Schwei\u00dfnaht ist nach wie vor best\u00e4ndig gegen interkristalline Korrosion.<\/p>\t\t\t\t\t\t\t\t<\/div>\n\t\t\t\t<\/div>\n\t\t\t\t<div class=\"elementor-element elementor-element-35bfeb3 elementor-widget elementor-widget-text-editor\" data-id=\"35bfeb3\" data-element_type=\"widget\" data-e-type=\"widget\" data-widget_type=\"text-editor.default\">\n\t\t\t\t<div class=\"elementor-widget-container\">\n\t\t\t\t\t\t\t\t\t<p><strong>5.\u00a0<\/strong><b>Z\u00e4higkeit bei niedrigen Temperaturen<\/b><\/p><p>Nicht magnetisch im gegl\u00fchten Zustand, gute Tieftemperaturz\u00e4higkeit.<\/p>\t\t\t\t\t\t\t\t<\/div>\n\t\t\t\t<\/div>\n\t\t\t\t<div class=\"elementor-element elementor-element-1582e0e elementor-widget elementor-widget-text-editor\" data-id=\"1582e0e\" data-element_type=\"widget\" data-e-type=\"widget\" data-widget_type=\"text-editor.default\">\n\t\t\t\t<div class=\"elementor-widget-container\">\n\t\t\t\t\t\t\t\t\t<p><strong>6.\u00a0<\/strong><b>M\u00e4\u00dfige Kosten<\/b><\/p><p>Im Vergleich zu den molybd\u00e4nhaltigen Werkstoffen 316\/317 ist 321 kosteng\u00fcnstiger, und seine Leistung entspricht den Anforderungen der meisten Hochtemperaturanwendungen.<\/p>\t\t\t\t\t\t\t\t<\/div>\n\t\t\t\t<\/div>\n\t\t\t\t\t<\/div>\n\t\t\t\t<\/div>\n\t\t<div class=\"elementor-element elementor-element-a250538 e-flex e-con-boxed e-con e-parent\" data-id=\"a250538\" data-element_type=\"container\" data-e-type=\"container\">\n\t\t\t\t\t<div class=\"e-con-inner\">\n\t\t\t\t<div class=\"elementor-element elementor-element-132511d elementor-widget elementor-widget-text-editor\" data-id=\"132511d\" data-element_type=\"widget\" data-e-type=\"widget\" data-widget_type=\"text-editor.default\">\n\t\t\t\t<div class=\"elementor-widget-container\">\n\t\t\t\t\t\t\t\t\t<p>JBLSTEEL f\u00fchrt Rohre aus rostfreiem Stahl 321 in nahtloser oder geschwei\u00dfter Form, die in verschiedenen Gr\u00f6\u00dfen erh\u00e4ltlich sind. Wir bieten auch einen Rohrschneideservice an, bei dem wir Ihre Rohrprodukte in exakten L\u00e4ngen liefern.<\/p>\t\t\t\t\t\t\t\t<\/div>\n\t\t\t\t<\/div>\n\t\t\t\t\t<\/div>\n\t\t\t\t<\/div>\n\t\t<div class=\"elementor-element elementor-element-6d85733 e-flex e-con-boxed e-con e-parent\" data-id=\"6d85733\" data-element_type=\"container\" data-e-type=\"container\">\n\t\t\t\t\t<div class=\"e-con-inner\">\n\t\t\t\t<div class=\"elementor-element elementor-element-2fdb7b0 elementor-widget elementor-widget-heading\" data-id=\"2fdb7b0\" data-element_type=\"widget\" data-e-type=\"widget\" data-widget_type=\"heading.default\">\n\t\t\t\t<div class=\"elementor-widget-container\">\n\t\t\t\t\t<h3 class=\"elementor-heading-title elementor-size-default\">Chemische Zusammensetzung\n<\/h3>\t\t\t\t<\/div>\n\t\t\t\t<\/div>\n\t\t\t\t<div class=\"elementor-element elementor-element-abc4a6a elementor-widget elementor-widget-text-editor\" data-id=\"abc4a6a\" data-element_type=\"widget\" data-e-type=\"widget\" data-widget_type=\"text-editor.default\">\n\t\t\t\t<div class=\"elementor-widget-container\">\n\t\t\t\t\t\t\t\t\t<table><tbody><tr><td colspan=\"2\">Klasse<\/td><td>C<\/td><td>Mn<\/td><td>Si<\/td><td>P<\/td><td>S<\/td><td>Cr<\/td><td>Mo<\/td><td>Ni<\/td><td>N<\/td><td>Andere<\/td><\/tr><tr><td>321<\/td><td>min.<br \/>max<\/td><td>\u2013<br \/>0.08<\/td><td>2.00<\/td><td>0.75<\/td><td>0.045<\/td><td>0.030<\/td><td>17.0<br \/>19.0<\/td><td>\u2013<\/td><td>9.0<br \/>12.0<\/td><td>0.10<\/td><td>Ti=5(C+N)<br \/>0.70<\/td><\/tr><tr><td>321H<\/td><td>min.<br \/>max<\/td><td>0.04<br \/>0.10<\/td><td>2.00<\/td><td>0.75<\/td><td>0.045<\/td><td>0.030<\/td><td>17.0<br \/>19.0<\/td><td>\u2013<\/td><td>9.0<br \/>12.0<\/td><td>\u2013<\/td><td>Ti=4(C+N)<br \/>0.70<\/td><\/tr><\/tbody><\/table>\t\t\t\t\t\t\t\t<\/div>\n\t\t\t\t<\/div>\n\t\t\t\t\t<\/div>\n\t\t\t\t<\/div>\n\t\t\t\t<\/div>","protected":false},"excerpt":{"rendered":"<p>321 Stainless Steel Tubing ist ein kohlenstoffarmer austenitischer Edelstahl mit titanstabilisierenden Karbiden, die seine Hochtemperatureigenschaften erheblich verbessern. Bestehend aus 18-20% Chrom, 9-12% Nickel und 0,1-0,8% Titan, verhindert 321 Edelstahlrohre interkristalline Korrosion bei erh\u00f6hten Temperaturen und gew\u00e4hrleistet strukturelle Integrit\u00e4t.<\/p>\n<div class=\"elementor-element elementor-element-a250538 e-flex e-con-boxed e-con e-parent e-lazyloaded\" data-id=\"a250538\" data-element_type=\"container\">\n<div class=\"e-con-inner\">\n<div class=\"elementor-element elementor-element-132511d elementor-widget elementor-widget-text-editor\" data-id=\"132511d\" data-element_type=\"widget\" data-widget_type=\"text-editor.default\">\n<div class=\"elementor-widget-container\">\n<p>JBLSTEEL f\u00fchrt Rohre aus rostfreiem Stahl 321 in nahtloser oder geschwei\u00dfter Form, die in verschiedenen Gr\u00f6\u00dfen erh\u00e4ltlich sind. Wir bieten auch einen Rohrschneideservice an, bei dem wir Ihre Rohrprodukte in exakten L\u00e4ngen liefern.<\/p>\n<\/div>\n<\/div>\n<\/div>\n<\/div>\n<ul>\n<li>Interkristalline Korrosionsbest\u00e4ndigkeit<\/li>\n<li>Ausgezeichnete Korrosionsbest\u00e4ndigkeit<\/li>\n<li>Hohe Temperaturbest\u00e4ndigkeit<\/li>\n<li>Z\u00e4higkeit bei niedrigen Temperaturen<\/li>\n<\/ul>","protected":false},"featured_media":1315,"template":"","meta":{"_eb_attr":""},"product_brand":[],"product_cat":[30],"product_tag":[],"class_list":{"0":"post-2231","1":"product","2":"type-product","3":"status-publish","4":"has-post-thumbnail","6":"product_cat-stainless-steel-seamless-pipe","8":"first","9":"instock","10":"shipping-taxable","11":"product-type-simple"},"_links":{"self":[{"href":"https:\/\/jblstainless.com\/de\/wp-json\/wp\/v2\/product\/2231","targetHints":{"allow":["GET"]}}],"collection":[{"href":"https:\/\/jblstainless.com\/de\/wp-json\/wp\/v2\/product"}],"about":[{"href":"https:\/\/jblstainless.com\/de\/wp-json\/wp\/v2\/types\/product"}],"version-history":[{"count":5,"href":"https:\/\/jblstainless.com\/de\/wp-json\/wp\/v2\/product\/2231\/revisions"}],"predecessor-version":[{"id":2237,"href":"https:\/\/jblstainless.com\/de\/wp-json\/wp\/v2\/product\/2231\/revisions\/2237"}],"wp:featuredmedia":[{"embeddable":true,"href":"https:\/\/jblstainless.com\/de\/wp-json\/wp\/v2\/media\/1315"}],"wp:attachment":[{"href":"https:\/\/jblstainless.com\/de\/wp-json\/wp\/v2\/media?parent=2231"}],"wp:term":[{"taxonomy":"product_brand","embeddable":true,"href":"https:\/\/jblstainless.com\/de\/wp-json\/wp\/v2\/product_brand?post=2231"},{"taxonomy":"product_cat","embeddable":true,"href":"https:\/\/jblstainless.com\/de\/wp-json\/wp\/v2\/product_cat?post=2231"},{"taxonomy":"product_tag","embeddable":true,"href":"https:\/\/jblstainless.com\/de\/wp-json\/wp\/v2\/product_tag?post=2231"}],"curies":[{"name":"wp","href":"https:\/\/api.w.org\/{rel}","templated":true}]}}