{"id":2357,"date":"2025-11-13T15:54:51","date_gmt":"2025-11-13T07:54:51","guid":{"rendered":"https:\/\/jblstainless.com\/?post_type=product&#038;p=2357"},"modified":"2025-11-13T15:54:57","modified_gmt":"2025-11-13T07:54:57","slug":"edelstahlrohr-310","status":"publish","type":"product","link":"https:\/\/jblstainless.com\/de\/stainless-steel-310-pipe\/","title":{"rendered":"Edelstahlrohr 310"},"content":{"rendered":"<div data-elementor-type=\"product-post\" data-elementor-id=\"2357\" class=\"elementor elementor-2357\" data-elementor-post-type=\"product\">\n\t\t\t\t<div class=\"elementor-element elementor-element-cfbf7ee e-flex e-con-boxed e-con e-parent\" data-id=\"cfbf7ee\" data-element_type=\"container\" data-e-type=\"container\">\n\t\t\t\t\t<div class=\"e-con-inner\">\n\t\t\t\t<div class=\"elementor-element elementor-element-372e83a elementor-widget elementor-widget-text-editor\" data-id=\"372e83a\" data-element_type=\"widget\" data-e-type=\"widget\" data-widget_type=\"text-editor.default\">\n\t\t\t\t<div class=\"elementor-widget-container\">\n\t\t\t\t\t\t\t\t\t<p>Edelstahlrohr 310 ist ein austenitisches Edelstahlrohr mit einem Chromanteil von 25% und einem Nickelanteil von 20%, das sich durch eine hervorragende Oxidationsbest\u00e4ndigkeit und Festigkeit bei hohen Temperaturen auszeichnet. Es wird durch nahtlose oder geschwei\u00dfte Verfahren hergestellt, um das Risiko einer Karbidausscheidung bei hohen Temperaturen zu vermeiden.<\/p><p>Edelstahl 310 ist bekannt f\u00fcr seine hitzebest\u00e4ndige Zusammensetzung aus \u00fcber 25% Chrom (Cr) und 20% Nickel (Ni), die eine hervorragende Oxidationsbest\u00e4ndigkeit und strukturelle Stabilit\u00e4t bei Dauerbetrieb bei 1100 \u00b0C bietet. Damit ist er die ideale Wahl f\u00fcr Hochtemperatur-Ofensysteme, W\u00e4rmebehandlungsanlagen, Ofenrohre und Abgassysteme.<\/p>\t\t\t\t\t\t\t\t<\/div>\n\t\t\t\t<\/div>\n\t\t\t\t<div class=\"elementor-element elementor-element-cdbe61d elementor-widget elementor-widget-text-editor\" data-id=\"cdbe61d\" data-element_type=\"widget\" data-e-type=\"widget\" data-widget_type=\"text-editor.default\">\n\t\t\t\t<div class=\"elementor-widget-container\">\n\t\t\t\t\t\t\t\t\t<p>JBLSTEEL ist einer der besten Hersteller und Lieferanten von Edelstahlrohren 310 in China und liefert verschiedene Arten von Edelstahlrohren 310 in unterschiedlichen Gr\u00f6\u00dfen entsprechend den Anforderungen der Industrie.<\/p>\t\t\t\t\t\t\t\t<\/div>\n\t\t\t\t<\/div>\n\t\t\t\t\t<\/div>\n\t\t\t\t<\/div>\n\t\t<div class=\"elementor-element elementor-element-594f46a e-flex e-con-boxed e-con e-parent\" data-id=\"594f46a\" data-element_type=\"container\" data-e-type=\"container\">\n\t\t\t\t\t<div class=\"e-con-inner\">\n\t\t\t\t<div class=\"elementor-element elementor-element-9495f6c elementor-widget elementor-widget-heading\" data-id=\"9495f6c\" data-element_type=\"widget\" data-e-type=\"widget\" data-widget_type=\"heading.default\">\n\t\t\t\t<div class=\"elementor-widget-container\">\n\t\t\t\t\t<h2 class=\"elementor-heading-title elementor-size-default\">Spezifikation f\u00fcr Rohre aus Edelstahl 310<\/h2>\t\t\t\t<\/div>\n\t\t\t\t<\/div>\n\t\t\t\t<div class=\"elementor-element elementor-element-8442ff4 elementor-widget elementor-widget-text-editor\" data-id=\"8442ff4\" data-element_type=\"widget\" data-e-type=\"widget\" data-widget_type=\"text-editor.default\">\n\t\t\t\t<div class=\"elementor-widget-container\">\n\t\t\t\t\t\t\t\t\t<table><tbody><tr><td>Werkstoffg\u00fcte<\/td><td>Edelstahl 310<\/td><\/tr><tr><td>Standard<\/td><td>ASTM, ASME, DIN, ANSI usw.<\/td><\/tr><tr><td>Gr\u00f6\u00dfenbereich<\/td><td>Au\u00dfendurchmesser: DN6 \u2013 DN600<br \/>Breite: 10 \u2013 2000 mm<br \/>ma\u00dfgeschneidert<\/td><\/tr><tr><td>Wanddicke<\/td><td>0,5 \u2013 50 mm, Schedule 5S, 10S, 40S, 80S<\/td><\/tr><tr><td>L\u00e4nge<\/td><td>Innerhalb von 13500 mm<\/td><\/tr><tr><td>Oberfl\u00e4che<\/td><td>Gegl\u00fcht und gebeizt, Walzblank, poliert<\/td><\/tr><tr><td>Ende<\/td><td>Glattes Ende, abgeschr\u00e4gtes Ende, Gewindeende<\/td><\/tr><tr><td>Oberfl\u00e4chenbehandlung<\/td><td>N0.1, N0.4, N0.8, 2D, 2B, HL, BA, 6K, 8K usw.<\/td><\/tr><\/tbody><\/table>\t\t\t\t\t\t\t\t<\/div>\n\t\t\t\t<\/div>\n\t\t\t\t\t<\/div>\n\t\t\t\t<\/div>\n\t\t<div class=\"elementor-element elementor-element-ab7c450 e-flex e-con-boxed e-con e-parent\" data-id=\"ab7c450\" data-element_type=\"container\" data-e-type=\"container\">\n\t\t\t\t\t<div class=\"e-con-inner\">\n\t\t<div class=\"elementor-element elementor-element-1eab28f e-con-full e-flex e-con e-child\" data-id=\"1eab28f\" data-element_type=\"container\" data-e-type=\"container\">\n\t\t\t\t<div class=\"elementor-element elementor-element-188fca0 elementor-widget elementor-widget-image\" data-id=\"188fca0\" data-element_type=\"widget\" data-e-type=\"widget\" data-widget_type=\"image.default\">\n\t\t\t\t<div class=\"elementor-widget-container\">\n\t\t\t\t\t\t\t\t\t\t\t\t\t\t\t<img fetchpriority=\"high\" decoding=\"async\" width=\"300\" height=\"300\" src=\"https:\/\/jblstainless.com\/wp-content\/uploads\/2025\/03\/steel-pipe-1-300x300.webp\" class=\"attachment-medium size-medium wp-image-1315\" alt=\"201 Edelstahlrohr\" srcset=\"https:\/\/jblstainless.com\/wp-content\/uploads\/2025\/03\/steel-pipe-1-300x300.webp 300w, https:\/\/jblstainless.com\/wp-content\/uploads\/2025\/03\/steel-pipe-1-150x150.webp 150w, https:\/\/jblstainless.com\/wp-content\/uploads\/2025\/03\/steel-pipe-1-12x12.webp 12w, https:\/\/jblstainless.com\/wp-content\/uploads\/2025\/03\/steel-pipe-1-100x100.webp 100w, https:\/\/jblstainless.com\/wp-content\/uploads\/2025\/03\/steel-pipe-1.webp 600w\" sizes=\"(max-width: 300px) 100vw, 300px\" \/>\t\t\t\t\t\t\t\t\t\t\t\t\t\t\t<\/div>\n\t\t\t\t<\/div>\n\t\t\t\t<\/div>\n\t\t<div class=\"elementor-element elementor-element-773bfc5 e-con-full e-flex e-con e-child\" data-id=\"773bfc5\" data-element_type=\"container\" data-e-type=\"container\">\n\t\t\t\t<div class=\"elementor-element elementor-element-4926b0c elementor-widget elementor-widget-image\" data-id=\"4926b0c\" data-element_type=\"widget\" data-e-type=\"widget\" data-widget_type=\"image.default\">\n\t\t\t\t<div class=\"elementor-widget-container\">\n\t\t\t\t\t\t\t\t\t\t\t\t\t\t\t<img decoding=\"async\" width=\"300\" height=\"300\" src=\"https:\/\/jblstainless.com\/wp-content\/uploads\/2025\/03\/ss-round-pipe-300x300.webp\" class=\"attachment-medium size-medium wp-image-1314\" alt=\"201-Rohr aus Edelstahl\" srcset=\"https:\/\/jblstainless.com\/wp-content\/uploads\/2025\/03\/ss-round-pipe-300x300.webp 300w, https:\/\/jblstainless.com\/wp-content\/uploads\/2025\/03\/ss-round-pipe-150x150.webp 150w, https:\/\/jblstainless.com\/wp-content\/uploads\/2025\/03\/ss-round-pipe-12x12.webp 12w, https:\/\/jblstainless.com\/wp-content\/uploads\/2025\/03\/ss-round-pipe-100x100.webp 100w, https:\/\/jblstainless.com\/wp-content\/uploads\/2025\/03\/ss-round-pipe.webp 600w\" sizes=\"(max-width: 300px) 100vw, 300px\" \/>\t\t\t\t\t\t\t\t\t\t\t\t\t\t\t<\/div>\n\t\t\t\t<\/div>\n\t\t\t\t<\/div>\n\t\t<div class=\"elementor-element elementor-element-2094473 e-con-full e-flex e-con e-child\" data-id=\"2094473\" data-element_type=\"container\" data-e-type=\"container\">\n\t\t\t\t<div class=\"elementor-element elementor-element-dc5e4f9 elementor-widget elementor-widget-image\" data-id=\"dc5e4f9\" data-element_type=\"widget\" data-e-type=\"widget\" data-widget_type=\"image.default\">\n\t\t\t\t<div class=\"elementor-widget-container\">\n\t\t\t\t\t\t\t\t\t\t\t\t\t\t\t<img decoding=\"async\" width=\"1000\" height=\"500\" src=\"https:\/\/jblstainless.com\/wp-content\/uploads\/2025\/06\/316-pipe-surface-finish.webp\" class=\"attachment-full size-full wp-image-1669\" alt=\"430 Edelstahlrohre\" srcset=\"https:\/\/jblstainless.com\/wp-content\/uploads\/2025\/06\/316-pipe-surface-finish.webp 1000w, https:\/\/jblstainless.com\/wp-content\/uploads\/2025\/06\/316-pipe-surface-finish-300x150.webp 300w, https:\/\/jblstainless.com\/wp-content\/uploads\/2025\/06\/316-pipe-surface-finish-768x384.webp 768w, https:\/\/jblstainless.com\/wp-content\/uploads\/2025\/06\/316-pipe-surface-finish-18x9.webp 18w, https:\/\/jblstainless.com\/wp-content\/uploads\/2025\/06\/316-pipe-surface-finish-600x300.webp 600w\" sizes=\"(max-width: 1000px) 100vw, 1000px\" \/>\t\t\t\t\t\t\t\t\t\t\t\t\t\t\t<\/div>\n\t\t\t\t<\/div>\n\t\t\t\t<\/div>\n\t\t\t\t\t<\/div>\n\t\t\t\t<\/div>\n\t\t<div class=\"elementor-element elementor-element-615c148 e-flex e-con-boxed e-con e-parent\" data-id=\"615c148\" data-element_type=\"container\" data-e-type=\"container\">\n\t\t\t\t\t<div class=\"e-con-inner\">\n\t\t\t\t<div class=\"elementor-element elementor-element-df1a2be elementor-widget elementor-widget-heading\" data-id=\"df1a2be\" data-element_type=\"widget\" data-e-type=\"widget\" data-widget_type=\"heading.default\">\n\t\t\t\t<div class=\"elementor-widget-container\">\n\t\t\t\t\t<h3 class=\"elementor-heading-title elementor-size-default\">310 Edelstahlrohr Merkmal<\/h3>\t\t\t\t<\/div>\n\t\t\t\t<\/div>\n\t\t\t\t<div class=\"elementor-element elementor-element-12a202f elementor-widget elementor-widget-text-editor\" data-id=\"12a202f\" data-element_type=\"widget\" data-e-type=\"widget\" data-widget_type=\"text-editor.default\">\n\t\t\t\t<div class=\"elementor-widget-container\">\n\t\t\t\t\t\t\t\t\t<p><b>Hervorragende Best\u00e4ndigkeit gegen Oxidation bei hohen Temperaturen<\/b><\/p><p>In Umgebungen mit hohen Temperaturen (&gt;1000 \u00b0C) bilden Siliziumelemente weiterhin eine dichte Oxidschicht auf der Oberfl\u00e4che, wodurch eine weitere Metalloxidation oder Abplatzungen verhindert werden. \u00dcberlegene Leistung im Vergleich zu Edelstahl 304 bei 1100 \u00b0C.<\/p><p>Geeignet f\u00fcr Hochtemperaturanwendungen wie Gasturbinen, Verbrennungs\u00f6fen, Industrie\u00f6fen und W\u00e4rmetauschersysteme.<\/p>\t\t\t\t\t\t\t\t<\/div>\n\t\t\t\t<\/div>\n\t\t\t\t<div class=\"elementor-element elementor-element-7be5eb0 elementor-widget elementor-widget-text-editor\" data-id=\"7be5eb0\" data-element_type=\"widget\" data-e-type=\"widget\" data-widget_type=\"text-editor.default\">\n\t\t\t\t<div class=\"elementor-widget-container\">\n\t\t\t\t\t\t\t\t\t<p><b>Ausgezeichnete Korrosionsbest\u00e4ndigkeit<\/b><\/p><p>Der hohe Chrom-Nickel-Gehalt widersteht der Sulfidkorrosion und ist f\u00fcr saure Umgebungen geeignet.<\/p>\t\t\t\t\t\t\t\t<\/div>\n\t\t\t\t<\/div>\n\t\t\t\t<div class=\"elementor-element elementor-element-3d61d9e elementor-widget elementor-widget-text-editor\" data-id=\"3d61d9e\" data-element_type=\"widget\" data-e-type=\"widget\" data-widget_type=\"text-editor.default\">\n\t\t\t\t<div class=\"elementor-widget-container\">\n\t\t\t\t\t\t\t\t\t<p><b>Hervorragende Best\u00e4ndigkeit gegen thermische Erm\u00fcdung und Kriechen<\/b><\/p><p>Durch den hohen Nickelgehalt beh\u00e4lt Edelstahl 310 auch bei h\u00e4ufigen Temperaturwechseln seine mechanische Festigkeit und ist widerstandsf\u00e4hig gegen Risse und Br\u00fcche.<\/p>\t\t\t\t\t\t\t\t<\/div>\n\t\t\t\t<\/div>\n\t\t\t\t<div class=\"elementor-element elementor-element-dc57acf elementor-widget elementor-widget-text-editor\" data-id=\"dc57acf\" data-element_type=\"widget\" data-e-type=\"widget\" data-widget_type=\"text-editor.default\">\n\t\t\t\t<div class=\"elementor-widget-container\">\n\t\t\t\t\t\t\t\t\t<p><b>Hervorragende Schwei\u00dfbarkeit und Formbarkeit<\/b><\/p><p>Kompatibel mit mehreren Verfahren, darunter WIG\/MIG, Plasmaschwei\u00dfen und Laserschwei\u00dfen, ohne W\u00e4rmebehandlung nach dem Schwei\u00dfen.<\/p><p>Geeignet f\u00fcr Kalt-\/Warmumformung, unterst\u00fctzt kundenspezifische dickwandige oder d\u00fcnnwandige Strukturen.<\/p>\t\t\t\t\t\t\t\t<\/div>\n\t\t\t\t<\/div>\n\t\t\t\t<div class=\"elementor-element elementor-element-802aed8 elementor-widget elementor-widget-text-editor\" data-id=\"802aed8\" data-element_type=\"widget\" data-e-type=\"widget\" data-widget_type=\"text-editor.default\">\n\t\t\t\t<div class=\"elementor-widget-container\">\n\t\t\t\t\t\t\t\t\t<p><b>Stabilisierte Mikrostruktur bei hohen Temperaturen<\/b><\/p><p>Hervorragende Korrosionsbest\u00e4ndigkeit in kohlenstoff- oder schwefelhaltigen Gasumgebungen, deutlich \u00fcberlegen gegen\u00fcber Edelst\u00e4hlen der Serien 304\/316.<\/p>\t\t\t\t\t\t\t\t<\/div>\n\t\t\t\t<\/div>\n\t\t\t\t<div class=\"elementor-element elementor-element-f7a5df4 elementor-widget elementor-widget-text-editor\" data-id=\"f7a5df4\" data-element_type=\"widget\" data-e-type=\"widget\" data-widget_type=\"text-editor.default\">\n\t\t\t\t<div class=\"elementor-widget-container\">\n\t\t\t\t\t\t\t\t\t<p><b>Hochtemperaturbest\u00e4ndigkeit\u00a0<\/b><\/p><p>Dauerbetriebstemperatur, maximal: ca. 1100 \u00b0C (ca. 2000 \u00b0F);<\/p><p>Maximale intermittierende Betriebstemperatur: bis zu 1150 \u00b0C (ca. 2100 \u00b0F);<\/p><p>Oxidations-\/Aufkohlungsbest\u00e4ndigkeit: Beh\u00e4lt seine Festigkeit bei Temperaturen von 800 bis 900 \u00b0C bei; bildet eine dichte Oxidschicht, um weitere Korrosion zu verhindern.;<\/p><p>W\u00e4rmeausdehnung: ca. 17,5 \u00d7 10\u207b\u2076\/K (0\u2013525 \u00b0C)<\/p>\t\t\t\t\t\t\t\t<\/div>\n\t\t\t\t<\/div>\n\t\t\t\t\t<\/div>\n\t\t\t\t<\/div>\n\t\t<div class=\"elementor-element elementor-element-9f37d5d e-flex e-con-boxed e-con e-parent\" data-id=\"9f37d5d\" data-element_type=\"container\" data-e-type=\"container\">\n\t\t\t\t\t<div class=\"e-con-inner\">\n\t\t\t\t<div class=\"elementor-element elementor-element-6f2d714 elementor-widget elementor-widget-heading\" data-id=\"6f2d714\" data-element_type=\"widget\" data-e-type=\"widget\" data-widget_type=\"heading.default\">\n\t\t\t\t<div class=\"elementor-widget-container\">\n\t\t\t\t\t<h3 class=\"elementor-heading-title elementor-size-default\">Edelstahl 310S<\/h3>\t\t\t\t<\/div>\n\t\t\t\t<\/div>\n\t\t\t\t<div class=\"elementor-element elementor-element-fbfc77d elementor-widget elementor-widget-text-editor\" data-id=\"fbfc77d\" data-element_type=\"widget\" data-e-type=\"widget\" data-widget_type=\"text-editor.default\">\n\t\t\t\t<div class=\"elementor-widget-container\">\n\t\t\t\t\t\t\t\t\t<p>310S (UNS S31008) ist ein hochlegierter austenitischer Edelstahl, die kohlenstoffarme Variante des Edelstahls 310. Er beh\u00e4lt die Vorteile des hohen Chrom- (24\u201326%) und Nickelgehalts (19\u201322%) der Sorte 310 bei, w\u00e4hrend der Kohlenstoffgehalt auf \u22640,08% reduziert wird, wodurch die Schwei\u00dfbarkeit, die Sensibilisierungsbest\u00e4ndigkeit und die Festigkeit bei hohen Temperaturen erheblich verbessert werden.<\/p>\t\t\t\t\t\t\t\t<\/div>\n\t\t\t\t<\/div>\n\t\t\t\t\t<\/div>\n\t\t\t\t<\/div>\n\t\t<div class=\"elementor-element elementor-element-0b6c848 e-flex e-con-boxed e-con e-parent\" data-id=\"0b6c848\" data-element_type=\"container\" data-e-type=\"container\">\n\t\t\t\t\t<div class=\"e-con-inner\">\n\t\t\t\t<div class=\"elementor-element elementor-element-1b499a0 elementor-widget elementor-widget-heading\" data-id=\"1b499a0\" data-element_type=\"widget\" data-e-type=\"widget\" data-widget_type=\"heading.default\">\n\t\t\t\t<div class=\"elementor-widget-container\">\n\t\t\t\t\t<h2 class=\"elementor-heading-title elementor-size-default\">Eigenschaften von Edelstahlrohren 310<\/h2>\t\t\t\t<\/div>\n\t\t\t\t<\/div>\n\t\t\t\t<div class=\"elementor-element elementor-element-0e7f79b elementor-widget elementor-widget-heading\" data-id=\"0e7f79b\" data-element_type=\"widget\" data-e-type=\"widget\" data-widget_type=\"heading.default\">\n\t\t\t\t<div class=\"elementor-widget-container\">\n\t\t\t\t\t<h3 class=\"elementor-heading-title elementor-size-default\">Chemische Zusammensetzung<\/h3>\t\t\t\t<\/div>\n\t\t\t\t<\/div>\n\t\t\t\t<div class=\"elementor-element elementor-element-1df8a01 elementor-widget elementor-widget-text-editor\" data-id=\"1df8a01\" data-element_type=\"widget\" data-e-type=\"widget\" data-widget_type=\"text-editor.default\">\n\t\t\t\t<div class=\"elementor-widget-container\">\n\t\t\t\t\t\t\t\t\t<p>Die chemischen Eigenschaften von Edelstahlrohren der G\u00fcteklasse 310 bieten eine hervorragende Hochtemperaturbest\u00e4ndigkeit und Korrosionsbest\u00e4ndigkeit, wodurch sie sich ideal f\u00fcr eine Vielzahl von Anwendungen eignen.<\/p><table><tbody><tr><td>Klasse<\/td><td>C<\/td><td>Mn<\/td><td>Si<\/td><td>P<\/td><td>S<\/td><td>Cr<\/td><td>Mo<\/td><td>Ni<\/td><td>Fe<\/td><\/tr><tr><td><strong>310<\/strong><\/td><td>0,015 max.<\/td><td>2,0 max.<\/td><td>0,15 max.<\/td><td>0,020 max.<\/td><td>0,015 max.<\/td><td>24.00 \u2013 26.00<\/td><td>0,10 max.<\/td><td>19.00 \u2013 21.00 Uhr<\/td><td>54,7 Minuten<\/td><\/tr><tr><td><strong>310S<\/strong><\/td><td>0,08 max.<\/td><td>2,0 max.<\/td><td>1,00 mA<\/td><td>0,045 max.<\/td><td>0,030 max.<\/td><td>24.00 \u2013 26.00<\/td><td>0,75 max.<\/td><td>19.00 \u2013 21.00 Uhr<\/td><td>53,095 min<\/td><\/tr><\/tbody><\/table>\t\t\t\t\t\t\t\t<\/div>\n\t\t\t\t<\/div>\n\t\t\t\t\t<\/div>\n\t\t\t\t<\/div>\n\t\t<div class=\"elementor-element elementor-element-d51d973 e-flex e-con-boxed e-con e-parent\" data-id=\"d51d973\" data-element_type=\"container\" data-e-type=\"container\">\n\t\t\t\t\t<div class=\"e-con-inner\">\n\t\t\t\t<div class=\"elementor-element elementor-element-4f5dcdd elementor-widget elementor-widget-heading\" data-id=\"4f5dcdd\" data-element_type=\"widget\" data-e-type=\"widget\" data-widget_type=\"heading.default\">\n\t\t\t\t<div class=\"elementor-widget-container\">\n\t\t\t\t\t<h3 class=\"elementor-heading-title elementor-size-default\">Mechanische Eigenschaften<\/h3>\t\t\t\t<\/div>\n\t\t\t\t<\/div>\n\t\t\t\t<div class=\"elementor-element elementor-element-8618c63 elementor-widget elementor-widget-text-editor\" data-id=\"8618c63\" data-element_type=\"widget\" data-e-type=\"widget\" data-widget_type=\"text-editor.default\">\n\t\t\t\t<div class=\"elementor-widget-container\">\n\t\t\t\t\t\t\t\t\t<table><tbody><tr><td>Klasse<\/td><td>Dichte<\/td><td>Schmelzpunkt<\/td><td>Zugfestigkeit<\/td><td>Streckgrenze (0,2%Offset)<\/td><td>Dehnung<\/td><\/tr><tr><td><strong>310\/310S<\/strong><\/td><td>7,9 g\/cm\u00b3<\/td><td>1402 \u00b0C (2555 \u00b0F)<\/td><td>Psi \u2013 75000, MPa \u2013 515<\/td><td>Psi \u2013 30000, MPa \u2013 205<\/td><td>40 %<\/td><\/tr><\/tbody><\/table>\t\t\t\t\t\t\t\t<\/div>\n\t\t\t\t<\/div>\n\t\t\t\t\t<\/div>\n\t\t\t\t<\/div>\n\t\t<div class=\"elementor-element elementor-element-9e555b0 e-flex e-con-boxed e-con e-parent\" data-id=\"9e555b0\" data-element_type=\"container\" data-e-type=\"container\">\n\t\t\t\t\t<div class=\"e-con-inner\">\n\t\t\t\t<div class=\"elementor-element elementor-element-30ad228 elementor-widget elementor-widget-heading\" data-id=\"30ad228\" data-element_type=\"widget\" data-e-type=\"widget\" data-widget_type=\"heading.default\">\n\t\t\t\t<div class=\"elementor-widget-container\">\n\t\t\t\t\t<h3 class=\"elementor-heading-title elementor-size-default\">Empfehlungen zur Materialauswahl<\/h3>\t\t\t\t<\/div>\n\t\t\t\t<\/div>\n\t\t\t\t<div class=\"elementor-element elementor-element-9bd4f06 elementor-widget elementor-widget-text-editor\" data-id=\"9bd4f06\" data-element_type=\"widget\" data-e-type=\"widget\" data-widget_type=\"text-editor.default\">\n\t\t\t\t<div class=\"elementor-widget-container\">\n\t\t\t\t\t\t\t\t\t<p>F\u00fcr Ger\u00e4te, die kontinuierlich bei hohen Temperaturen (&gt;800 \u00b0C) betrieben werden und geschwei\u00dft werden m\u00fcssen, ist 310S die bevorzugte Wahl.<\/p><p>Wenn Komponenten haupts\u00e4chlich bei moderaten bis niedrigen Temperaturen (&lt;800 \u00b0C) betrieben werden und kostensensitiv sind, kann 310 in Betracht gezogen werden.<\/p><p>F\u00fcr Umgebungen mit starken S\u00e4uren\/Laugen oder Chloriden sind molybd\u00e4nbasierte rostfreie St\u00e4hle wie 316\/317 mit h\u00f6herer Lochfra\u00dfbest\u00e4ndigkeit vorzuziehen.<\/p>\t\t\t\t\t\t\t\t<\/div>\n\t\t\t\t<\/div>\n\t\t\t\t\t<\/div>\n\t\t\t\t<\/div>\n\t\t\t\t<\/div>","protected":false},"excerpt":{"rendered":"<p>Edelstahlrohr 310 ist ein hochtemperaturbest\u00e4ndiges, korrosionsbest\u00e4ndiges Edelstahlrohr, das f\u00fcr seine au\u00dfergew\u00f6hnliche Leistungsf\u00e4higkeit in extremen Umgebungen bekannt ist.<\/p>\n<p>Norm: ASTM A312, ASTM A240<\/p>\n<p>Typ: 310 nahtlose Rohre, 310 geschwei\u00dfte Rohre<\/p>\n<p>Form: Rund, quadratisch, rechteckig, hydraulisch usw.<\/p>\n<p>Ausgezeichnete Oxidationsbest\u00e4ndigkeit<\/p>\n<p>Ausgezeichnete Schwei\u00dfbarkeit<\/p>\n<p>Hervorragende Formbarkeit<\/p>\n<p>&nbsp;<\/p>","protected":false},"featured_media":2361,"template":"","meta":{"_eb_attr":""},"product_brand":[],"product_cat":[30],"product_tag":[],"class_list":{"0":"post-2357","1":"product","2":"type-product","3":"status-publish","4":"has-post-thumbnail","6":"product_cat-stainless-steel-seamless-pipe","8":"first","9":"instock","10":"shipping-taxable","11":"product-type-simple"},"_links":{"self":[{"href":"https:\/\/jblstainless.com\/de\/wp-json\/wp\/v2\/product\/2357","targetHints":{"allow":["GET"]}}],"collection":[{"href":"https:\/\/jblstainless.com\/de\/wp-json\/wp\/v2\/product"}],"about":[{"href":"https:\/\/jblstainless.com\/de\/wp-json\/wp\/v2\/types\/product"}],"version-history":[{"count":6,"href":"https:\/\/jblstainless.com\/de\/wp-json\/wp\/v2\/product\/2357\/revisions"}],"predecessor-version":[{"id":2364,"href":"https:\/\/jblstainless.com\/de\/wp-json\/wp\/v2\/product\/2357\/revisions\/2364"}],"wp:featuredmedia":[{"embeddable":true,"href":"https:\/\/jblstainless.com\/de\/wp-json\/wp\/v2\/media\/2361"}],"wp:attachment":[{"href":"https:\/\/jblstainless.com\/de\/wp-json\/wp\/v2\/media?parent=2357"}],"wp:term":[{"taxonomy":"product_brand","embeddable":true,"href":"https:\/\/jblstainless.com\/de\/wp-json\/wp\/v2\/product_brand?post=2357"},{"taxonomy":"product_cat","embeddable":true,"href":"https:\/\/jblstainless.com\/de\/wp-json\/wp\/v2\/product_cat?post=2357"},{"taxonomy":"product_tag","embeddable":true,"href":"https:\/\/jblstainless.com\/de\/wp-json\/wp\/v2\/product_tag?post=2357"}],"curies":[{"name":"wp","href":"https:\/\/api.w.org\/{rel}","templated":true}]}}