{"id":2401,"date":"2025-12-01T16:52:25","date_gmt":"2025-12-01T08:52:25","guid":{"rendered":"https:\/\/jblstainless.com\/?post_type=product&#038;p=2401"},"modified":"2025-12-01T16:55:07","modified_gmt":"2025-12-01T08:55:07","slug":"nahtloses-rohr-aus-edelstahl-201","status":"publish","type":"product","link":"https:\/\/jblstainless.com\/de\/201-stainless-steel-seamless-pipe\/","title":{"rendered":"201 Nahtloses Rohr aus Edelstahl"},"content":{"rendered":"<div data-elementor-type=\"product-post\" data-elementor-id=\"2401\" class=\"elementor elementor-2401\" data-elementor-post-type=\"product\">\n\t\t\t\t<div class=\"elementor-element elementor-element-14549ad e-flex e-con-boxed e-con e-parent\" data-id=\"14549ad\" data-element_type=\"container\" data-e-type=\"container\">\n\t\t\t\t\t<div class=\"e-con-inner\">\n\t\t\t\t<div class=\"elementor-element elementor-element-d6103e7 elementor-widget elementor-widget-text-editor\" data-id=\"d6103e7\" data-element_type=\"widget\" data-e-type=\"widget\" data-widget_type=\"text-editor.default\">\n\t\t\t\t<div class=\"elementor-widget-container\">\n\t\t\t\t\t\t\t\t\t<p>Das nahtlose Rohr aus Edelstahl 201 ist ein austenitisches Edelstahlrohr mit niedrigem Nickelgehalt, das f\u00fcr seine geringen Kosten und hohe Korrosionsbest\u00e4ndigkeit bekannt ist und sich f\u00fcr Umgebungen mit geringer bis mittlerer Korrosion eignet.<\/p><p>201 Edelstahl geh\u00f6rt zur Cr-Ni-Mn-Serie der austenitischen Edelst\u00e4hle. Durch Zugabe von Mangan (Mn) und Stickstoff (N) als Ersatz f\u00fcr Nickel (Ni) bleibt die Stabilit\u00e4t der austenitischen Struktur erhalten, w\u00e4hrend gleichzeitig die Kosten gesenkt werden. Au\u00dferdem bietet er gute\u00a0<span style=\"font-size: 1rem;\">Korrosionsbest\u00e4ndigkeit, hohe Festigkeit und gute Bearbeitbarkeit, wodurch es f\u00fcr Umgebungen mit hohen Temperaturen und hohem Druck geeignet ist.<\/span><\/p><p>JBLSTEEL ist einer der gr\u00f6\u00dften Lieferanten und Hersteller von nahtlosen Rohren aus Edelstahl 201. JBLSTEEL vertreibt eine breite Palette an Rohren aus Edelstahl 210, darunter Rundrohre, Vierkantrohre, Rechteckrohre und polierte Rohre usw. in verschiedenen Spezifikationen.<\/p>\t\t\t\t\t\t\t\t<\/div>\n\t\t\t\t<\/div>\n\t\t\t\t\t<\/div>\n\t\t\t\t<\/div>\n\t\t<div class=\"elementor-element elementor-element-056cb9e e-flex e-con-boxed e-con e-parent\" data-id=\"056cb9e\" data-element_type=\"container\" data-e-type=\"container\">\n\t\t\t\t\t<div class=\"e-con-inner\">\n\t\t\t\t<div class=\"elementor-element elementor-element-f666f62 elementor-widget elementor-widget-image\" data-id=\"f666f62\" data-element_type=\"widget\" data-e-type=\"widget\" data-widget_type=\"image.default\">\n\t\t\t\t<div class=\"elementor-widget-container\">\n\t\t\t\t\t\t\t\t\t\t\t\t\t\t\t<img fetchpriority=\"high\" decoding=\"async\" width=\"600\" height=\"600\" src=\"https:\/\/jblstainless.com\/wp-content\/uploads\/2025\/03\/smls-pipe.webp\" class=\"attachment-large size-large wp-image-1297\" alt=\"201 Nahtloses Rohr aus Edelstahl\" srcset=\"https:\/\/jblstainless.com\/wp-content\/uploads\/2025\/03\/smls-pipe.webp 600w, https:\/\/jblstainless.com\/wp-content\/uploads\/2025\/03\/smls-pipe-300x300.webp 300w, https:\/\/jblstainless.com\/wp-content\/uploads\/2025\/03\/smls-pipe-150x150.webp 150w, https:\/\/jblstainless.com\/wp-content\/uploads\/2025\/03\/smls-pipe-12x12.webp 12w, https:\/\/jblstainless.com\/wp-content\/uploads\/2025\/03\/smls-pipe-100x100.webp 100w\" sizes=\"(max-width: 600px) 100vw, 600px\" \/>\t\t\t\t\t\t\t\t\t\t\t\t\t\t\t<\/div>\n\t\t\t\t<\/div>\n\t\t\t\t<div class=\"elementor-element elementor-element-216304d elementor-widget elementor-widget-image\" data-id=\"216304d\" data-element_type=\"widget\" data-e-type=\"widget\" data-widget_type=\"image.default\">\n\t\t\t\t<div class=\"elementor-widget-container\">\n\t\t\t\t\t\t\t\t\t\t\t\t\t\t\t<img decoding=\"async\" width=\"600\" height=\"600\" src=\"https:\/\/jblstainless.com\/wp-content\/uploads\/2025\/03\/steel-pipe-1.webp\" class=\"attachment-large size-large wp-image-1315\" alt=\"201 Edelstahlrohr\" srcset=\"https:\/\/jblstainless.com\/wp-content\/uploads\/2025\/03\/steel-pipe-1.webp 600w, https:\/\/jblstainless.com\/wp-content\/uploads\/2025\/03\/steel-pipe-1-300x300.webp 300w, https:\/\/jblstainless.com\/wp-content\/uploads\/2025\/03\/steel-pipe-1-150x150.webp 150w, https:\/\/jblstainless.com\/wp-content\/uploads\/2025\/03\/steel-pipe-1-12x12.webp 12w, https:\/\/jblstainless.com\/wp-content\/uploads\/2025\/03\/steel-pipe-1-100x100.webp 100w\" sizes=\"(max-width: 600px) 100vw, 600px\" \/>\t\t\t\t\t\t\t\t\t\t\t\t\t\t\t<\/div>\n\t\t\t\t<\/div>\n\t\t\t\t<div class=\"elementor-element elementor-element-88d3c70 elementor-widget elementor-widget-image\" data-id=\"88d3c70\" data-element_type=\"widget\" data-e-type=\"widget\" data-widget_type=\"image.default\">\n\t\t\t\t<div class=\"elementor-widget-container\">\n\t\t\t\t\t\t\t\t\t\t\t\t\t\t\t<img decoding=\"async\" width=\"600\" height=\"600\" src=\"https:\/\/jblstainless.com\/wp-content\/uploads\/2025\/03\/ss-round-pipe.webp\" class=\"attachment-large size-large wp-image-1314\" alt=\"201-Rohr aus Edelstahl\" srcset=\"https:\/\/jblstainless.com\/wp-content\/uploads\/2025\/03\/ss-round-pipe.webp 600w, https:\/\/jblstainless.com\/wp-content\/uploads\/2025\/03\/ss-round-pipe-300x300.webp 300w, https:\/\/jblstainless.com\/wp-content\/uploads\/2025\/03\/ss-round-pipe-150x150.webp 150w, https:\/\/jblstainless.com\/wp-content\/uploads\/2025\/03\/ss-round-pipe-12x12.webp 12w, https:\/\/jblstainless.com\/wp-content\/uploads\/2025\/03\/ss-round-pipe-100x100.webp 100w\" sizes=\"(max-width: 600px) 100vw, 600px\" \/>\t\t\t\t\t\t\t\t\t\t\t\t\t\t\t<\/div>\n\t\t\t\t<\/div>\n\t\t\t\t\t<\/div>\n\t\t\t\t<\/div>\n\t\t<div class=\"elementor-element elementor-element-505d026 e-flex e-con-boxed e-con e-parent\" data-id=\"505d026\" data-element_type=\"container\" data-e-type=\"container\">\n\t\t\t\t\t<div class=\"e-con-inner\">\n\t\t\t\t<div class=\"elementor-element elementor-element-363845b elementor-widget elementor-widget-heading\" data-id=\"363845b\" data-element_type=\"widget\" data-e-type=\"widget\" data-widget_type=\"heading.default\">\n\t\t\t\t<div class=\"elementor-widget-container\">\n\t\t\t\t\t<h2 class=\"elementor-heading-title elementor-size-default\">Spezifikation f\u00fcr nahtlose Rohre aus Edelstahl 201<\/h2>\t\t\t\t<\/div>\n\t\t\t\t<\/div>\n\t\t\t\t<div class=\"elementor-element elementor-element-f2f6183 elementor-widget elementor-widget-text-editor\" data-id=\"f2f6183\" data-element_type=\"widget\" data-e-type=\"widget\" data-widget_type=\"text-editor.default\">\n\t\t\t\t<div class=\"elementor-widget-container\">\n\t\t\t\t\t\t\t\t\t<table><tbody><tr><td>Standard<\/td><td>ASTM A213\/ASME SA213, ASTM A312\/ASME SA312<\/td><\/tr><tr><td>Gr\u00f6\u00dfe<\/td><td>6 \u2013 914 mm<br \/>Au\u00dfendurchmesser: DN6 \u2013 DN600<\/td><\/tr><tr><td>Wanddicke<\/td><td>0,020\u2033 \u20130,220\u2033, kann individuell angepasst werden<br \/>Toleranz: \u00b1 10%<\/td><\/tr><tr><td>Zeitplan<\/td><td>SCH5, SCH10, SCH20, SCH40, SCH80, SCH160, XXS<\/td><\/tr><tr><td>L\u00e4nge<\/td><td>100 mm \u2013 12000 mm oder nach Bedarf<\/td><\/tr><tr><td>Oberfl\u00e4chenbehandlung<\/td><td>2B\/BA\/Nr. 4\/HL\/Spiegel usw.\u00a0<\/td><\/tr><\/tbody><\/table>\t\t\t\t\t\t\t\t<\/div>\n\t\t\t\t<\/div>\n\t\t\t\t\t<\/div>\n\t\t\t\t<\/div>\n\t\t<div class=\"elementor-element elementor-element-d95bfed e-flex e-con-boxed e-con e-parent\" data-id=\"d95bfed\" data-element_type=\"container\" data-e-type=\"container\">\n\t\t\t\t\t<div class=\"e-con-inner\">\n\t\t\t\t<div class=\"elementor-element elementor-element-8b3c66b elementor-widget elementor-widget-heading\" data-id=\"8b3c66b\" data-element_type=\"widget\" data-e-type=\"widget\" data-widget_type=\"heading.default\">\n\t\t\t\t<div class=\"elementor-widget-container\">\n\t\t\t\t\t<h3 class=\"elementor-heading-title elementor-size-default\">SS201 Rohrgr\u00f6\u00dfe <\/h3>\t\t\t\t<\/div>\n\t\t\t\t<\/div>\n\t\t\t\t<div class=\"elementor-element elementor-element-2efa18f elementor-widget elementor-widget-text-editor\" data-id=\"2efa18f\" data-element_type=\"widget\" data-e-type=\"widget\" data-widget_type=\"text-editor.default\">\n\t\t\t\t<div class=\"elementor-widget-container\">\n\t\t\t\t\t\t\t\t\t<table><tbody><tr><th>1\/8\u2033 IPS (0,405\u2033 Au\u00dfendurchmesser)<\/th><th>3 1\/2\u2033 IPS (4,000\u2033 Au\u00dfendurchmesser)<\/th><\/tr><tr><td>SCH 40, 80<\/td><td>SCH 10, 40, 80, 160, XXH<\/td><\/tr><tr><th>1\/4\u2033 IPS (0,540\u2033 Au\u00dfendurchmesser)<\/th><th>4\u2033 IPS (4,500\u2033 Au\u00dfendurchmesser)<\/th><\/tr><tr><td>SCH 10, 40, 80<\/td><td>SCH 10, 40, 80, 160, XXH<\/td><\/tr><tr><th>3\/8\u2033 IPS (0,675\u2033 Au\u00dfendurchmesser)<\/th><th>5\u2033 IPS (5,563\u2033 Au\u00dfendurchmesser)<\/th><\/tr><tr><td>SCH 10, 40, 80<\/td><td>SCH 10, 40, 80, 160, XXH<\/td><\/tr><tr><th>1\/2\u2033 IPS (0,840\u2033 Au\u00dfendurchmesser)<\/th><th>6\u2033 IPS (6,625\u2033 Au\u00dfendurchmesser)<\/th><\/tr><tr><td>SCH 5, 10, 40, 80, 160, XXH<\/td><td>SCH 5, 10, 40, 80, 120, 160, XXH<\/td><\/tr><tr><th>3\/4\u2033 IPS (1,050\u2033 Au\u00dfendurchmesser)<\/th><th>8\u201d IPS (8,625\" Au\u00dfendurchmesser)<\/th><\/tr><tr><td>SCH 10, 40, 80, 160, XXH<\/td><td>SCH 5, 10, 40, 80, 120, 160, XXH<\/td><\/tr><tr><th>1\u2033 IPS: (1,315\u2032 Au\u00dfendurchmesser)<\/th><th>10\u2033 IPS (10,750\u2033 Au\u00dfendurchmesser)<\/th><\/tr><tr><td>SCH 5, 10, 40, 80, 160, XXH<\/td><td>SCH 10, 20, 40, 80 (.500), TRUE 80(.500)<\/td><\/tr><tr><th>1-1\/4\u2033 IPS (1,660\u2033 Au\u00dfendurchmesser)<\/th><th>12\u2033 IPS (12,750\u2033 Au\u00dfendurchmesser)<\/th><\/tr><tr><td>SCH 10, 40, 80, 160, XXH<\/td><td>SCH 10, 20, 40 (0,375), TRUE40 (0,406), SCH80 (0,500)<\/td><\/tr><tr><th>1-1\/2\u2033 IPS (1,900\u2033 Au\u00dfendurchmesser)<\/th><th>14\u2033 IPS (14,000\u2033 Au\u00dfendurchmesser)<\/th><\/tr><tr><td>SCH 10, 40, 80, 160, XXH<\/td><td>SCH10 (0,188), SCH40 (0,375)<\/td><\/tr><tr><th>2\u2033 IPS (2,375\u2033 Au\u00dfendurchmesser)<\/th><th>16\u2033 IPS (16.000\u2033 Au\u00dfendurchmesser)<\/th><\/tr><tr><td>SCH 10, 40, 80, 160, XXH<\/td><td>SCH10 (0,188), SCH40 (0,375)<\/td><\/tr><tr><th>2 1\/2\u2033 IPS (2,875\u2033 Au\u00dfendurchmesser)<\/th><th>18\u2033 IPS (18.000\u2033 Au\u00dfendurchmesser)<\/th><\/tr><tr><td>SCH 10, 40, 80, 160, XXH<\/td><td>SCH-40 (0,375)<\/td><\/tr><tr><th>3\u2033 IPS (3,500\u2033 Au\u00dfendurchmesser)<\/th><th>\u00a0<\/th><\/tr><tr><td>SCH 5, 10, 40, 80, 160, XXH<\/td><td>\u00a0<\/td><\/tr><\/tbody><\/table>\t\t\t\t\t\t\t\t<\/div>\n\t\t\t\t<\/div>\n\t\t\t\t\t<\/div>\n\t\t\t\t<\/div>\n\t\t<div class=\"elementor-element elementor-element-3945a8e e-flex e-con-boxed e-con e-parent\" data-id=\"3945a8e\" data-element_type=\"container\" data-e-type=\"container\">\n\t\t\t\t\t<div class=\"e-con-inner\">\n\t\t\t\t<div class=\"elementor-element elementor-element-ab98427 elementor-widget elementor-widget-heading\" data-id=\"ab98427\" data-element_type=\"widget\" data-e-type=\"widget\" data-widget_type=\"heading.default\">\n\t\t\t\t<div class=\"elementor-widget-container\">\n\t\t\t\t\t<h3 class=\"elementor-heading-title elementor-size-default\">201 Edelstahl Chemische Zusammensetzung\n<\/h3>\t\t\t\t<\/div>\n\t\t\t\t<\/div>\n\t\t\t\t<div class=\"elementor-element elementor-element-bf6c7e5 elementor-widget elementor-widget-text-editor\" data-id=\"bf6c7e5\" data-element_type=\"widget\" data-e-type=\"widget\" data-widget_type=\"text-editor.default\">\n\t\t\t\t<div class=\"elementor-widget-container\">\n\t\t\t\t\t\t\t\t\t<p>201 Edelstahl ist ein austenitischer Edelstahl mit niedrigem Nickelgehalt. Sein niedriger Nickelgehalt sorgt f\u00fcr eine gewisse Korrosionsbest\u00e4ndigkeit und Kosteneffizienz.<\/p><p>C: \u22640,15%\u00a0<\/p><p>Si: \u22640,75% bis \u22641,00%\u00a0<\/p><p>Mn: 5,5 bis 7,50%\u00a0<\/p><p>Cr: 16,0\uff5e18,0%\u00a0<\/p><p>N: \u22640,25%\u00a0<\/p><p>P: \u22640,060%\u00a0<\/p><p>S: \u22640,030%<\/p><p>Ni: 3,5 bis 5,51 TP3T<\/p>\t\t\t\t\t\t\t\t<\/div>\n\t\t\t\t<\/div>\n\t\t\t\t\t<\/div>\n\t\t\t\t<\/div>\n\t\t<div class=\"elementor-element elementor-element-ef7ba24 e-flex e-con-boxed e-con e-parent\" data-id=\"ef7ba24\" data-element_type=\"container\" data-e-type=\"container\">\n\t\t\t\t\t<div class=\"e-con-inner\">\n\t\t\t\t<div class=\"elementor-element elementor-element-304179b elementor-widget elementor-widget-heading\" data-id=\"304179b\" data-element_type=\"widget\" data-e-type=\"widget\" data-widget_type=\"heading.default\">\n\t\t\t\t<div class=\"elementor-widget-container\">\n\t\t\t\t\t<h3 class=\"elementor-heading-title elementor-size-default\">Mechanische Eigenschaften<\/h3>\t\t\t\t<\/div>\n\t\t\t\t<\/div>\n\t\t\t\t<div class=\"elementor-element elementor-element-42a3673 elementor-widget elementor-widget-text-editor\" data-id=\"42a3673\" data-element_type=\"widget\" data-e-type=\"widget\" data-widget_type=\"text-editor.default\">\n\t\t\t\t<div class=\"elementor-widget-container\">\n\t\t\t\t\t\t\t\t\t<p>Zugfestigkeit: \u2265520 MPa<\/p><p>Streckgrenze: \u2265275 MPa<\/p><p>Dehnung: \u226540%<\/p><p>H\u00e4rte: \u2264241HB<\/p><p>Dichte: 7,64 bis 7,93 g\/cm\u00b3<\/p><p>Edelstahl 201 weist im gegl\u00fchten Zustand eine gute Plastizit\u00e4t auf, die jedoch nach der Kaltumformung deutlich abnimmt.<\/p>\t\t\t\t\t\t\t\t<\/div>\n\t\t\t\t<\/div>\n\t\t\t\t\t<\/div>\n\t\t\t\t<\/div>\n\t\t<div class=\"elementor-element elementor-element-a82842a e-flex e-con-boxed e-con e-parent\" data-id=\"a82842a\" data-element_type=\"container\" data-e-type=\"container\">\n\t\t\t\t\t<div class=\"e-con-inner\">\n\t\t\t\t<div class=\"elementor-element elementor-element-fb339c1 elementor-widget elementor-widget-heading\" data-id=\"fb339c1\" data-element_type=\"widget\" data-e-type=\"widget\" data-widget_type=\"heading.default\">\n\t\t\t\t<div class=\"elementor-widget-container\">\n\t\t\t\t\t<h2 class=\"elementor-heading-title elementor-size-default\">Edelstahl 201 vs. Edelstahl 304<\/h2>\t\t\t\t<\/div>\n\t\t\t\t<\/div>\n\t\t\t\t<div class=\"elementor-element elementor-element-29bb172 elementor-widget elementor-widget-text-editor\" data-id=\"29bb172\" data-element_type=\"widget\" data-e-type=\"widget\" data-widget_type=\"text-editor.default\">\n\t\t\t\t<div class=\"elementor-widget-container\">\n\t\t\t\t\t\t\t\t\t<p>Nahtlose Rohre aus Edelstahl 201 sind eine kosteng\u00fcnstige austenitische Edelstahlsorte mit guter Wirtschaftlichkeit. Durch eine Legierungszusammensetzung, bei der Nickel durch Mangan und Stickstoff ersetzt wird, bieten sie in trockenen, korrosionsarmen Umgebungen eine \u00e4hnliche Festigkeit wie 304. Ihre Korrosionsbest\u00e4ndigkeit in chloridhaltigen Medien betr\u00e4gt jedoch nur 30-40 % derjenigen von 304.<\/p>\n<p>Obwohl nahtlose Rohre aus Edelstahl 201 nicht so korrosionsbest\u00e4ndig sind wie Edelstahl 304, bleiben sie eine praktikable Alternative f\u00fcr bestimmte Anwendungen, bei denen keine extrem hohe Korrosionsbest\u00e4ndigkeit erforderlich ist.<\/p>\t\t\t\t\t\t\t\t<\/div>\n\t\t\t\t<\/div>\n\t\t\t\t\t<\/div>\n\t\t\t\t<\/div>\n\t\t\t\t<\/div>","protected":false},"excerpt":{"rendered":"<p>201 Nahtloses Edelstahlrohr ist ein austenitisches Edelstahlrohr mit niedrigem Nickelgehalt, das f\u00fcr Umgebungen mit geringer bis mittlerer Korrosionsbelastung geeignet ist.<\/p>\n<p>Gr\u00f6\u00dfe: 4 \u2013 219 mm<\/p>\n<p>OD: DN 6 \u2013 DN600<\/p>\n<p>Wandst\u00e4rke: 0,5 mm \u2013 50 mm<\/p>\n<p>Oberfl\u00e4che: 2B\/BA\/NO.4\/HL\/Spiegel<\/p>","protected":false},"featured_media":2407,"template":"","meta":{"_eb_attr":""},"product_brand":[],"product_cat":[30],"product_tag":[],"class_list":{"0":"post-2401","1":"product","2":"type-product","3":"status-publish","4":"has-post-thumbnail","6":"product_cat-stainless-steel-seamless-pipe","8":"first","9":"instock","10":"shipping-taxable","11":"product-type-simple"},"_links":{"self":[{"href":"https:\/\/jblstainless.com\/de\/wp-json\/wp\/v2\/product\/2401","targetHints":{"allow":["GET"]}}],"collection":[{"href":"https:\/\/jblstainless.com\/de\/wp-json\/wp\/v2\/product"}],"about":[{"href":"https:\/\/jblstainless.com\/de\/wp-json\/wp\/v2\/types\/product"}],"version-history":[{"count":9,"href":"https:\/\/jblstainless.com\/de\/wp-json\/wp\/v2\/product\/2401\/revisions"}],"predecessor-version":[{"id":2411,"href":"https:\/\/jblstainless.com\/de\/wp-json\/wp\/v2\/product\/2401\/revisions\/2411"}],"wp:featuredmedia":[{"embeddable":true,"href":"https:\/\/jblstainless.com\/de\/wp-json\/wp\/v2\/media\/2407"}],"wp:attachment":[{"href":"https:\/\/jblstainless.com\/de\/wp-json\/wp\/v2\/media?parent=2401"}],"wp:term":[{"taxonomy":"product_brand","embeddable":true,"href":"https:\/\/jblstainless.com\/de\/wp-json\/wp\/v2\/product_brand?post=2401"},{"taxonomy":"product_cat","embeddable":true,"href":"https:\/\/jblstainless.com\/de\/wp-json\/wp\/v2\/product_cat?post=2401"},{"taxonomy":"product_tag","embeddable":true,"href":"https:\/\/jblstainless.com\/de\/wp-json\/wp\/v2\/product_tag?post=2401"}],"curies":[{"name":"wp","href":"https:\/\/api.w.org\/{rel}","templated":true}]}}