{"id":2439,"date":"2026-01-12T17:14:49","date_gmt":"2026-01-12T09:14:49","guid":{"rendered":"https:\/\/jblstainless.com\/?post_type=product&#038;p=2439"},"modified":"2026-01-12T17:14:49","modified_gmt":"2026-01-12T09:14:49","slug":"rohre-aus-edelstahl-317","status":"publish","type":"product","link":"https:\/\/jblstainless.com\/de\/317-stainless-steel-tubing\/","title":{"rendered":"317 Edelstahlrohre"},"content":{"rendered":"<div data-elementor-type=\"product-post\" data-elementor-id=\"2439\" class=\"elementor elementor-2439\" data-elementor-post-type=\"product\">\n\t\t\t\t<div class=\"elementor-element elementor-element-043affb e-flex e-con-boxed e-con e-parent\" data-id=\"043affb\" data-element_type=\"container\" data-e-type=\"container\">\n\t\t\t\t\t<div class=\"e-con-inner\">\n\t\t\t\t<div class=\"elementor-element elementor-element-b2f0f0d elementor-widget elementor-widget-text-editor\" data-id=\"b2f0f0d\" data-element_type=\"widget\" data-e-type=\"widget\" data-widget_type=\"text-editor.default\">\n\t\t\t\t<div class=\"elementor-widget-container\">\n\t\t\t\t\t\t\t\t\t<p>317 Edelstahlrohre sind Rohre aus einer hochchromhaltigen Nickel-Molybd\u00e4n-Legierung mit einem Molybd\u00e4ngehalt von bis zu 3-4%, der deutlich \u00fcber dem von 316\/316L-G\u00fcten liegt. Der hohe Molybd\u00e4ngehalt erh\u00f6ht die Best\u00e4ndigkeit gegen Lochfra\u00df und Spaltkorrosion in chlorhaltigen Umgebungen erheblich und macht es besonders geeignet f\u00fcr extreme Bedingungen wie Meerwasser und stark saure chemische Medien. Das zus\u00e4tzliche Nickel und Chrom sorgen daf\u00fcr, dass das Rohr auch bei hohen Temperaturen stabil und haltbar bleibt, was die Lebensdauer der Anlagen effektiv verl\u00e4ngert.<\/p><p>Rohre aus Edelstahl 317 sind die bevorzugte Wahl f\u00fcr die Schifffahrtstechnik, das Beizen von Chemikalien und andere anspruchsvolle Anwendungen und bieten einen hervorragenden Schutz f\u00fcr verschiedene Industrieprojekte.<\/p>\t\t\t\t\t\t\t\t<\/div>\n\t\t\t\t<\/div>\n\t\t\t\t\t<\/div>\n\t\t\t\t<\/div>\n\t\t<div class=\"elementor-element elementor-element-06ec2a1 e-flex e-con-boxed e-con e-parent\" data-id=\"06ec2a1\" data-element_type=\"container\" data-e-type=\"container\">\n\t\t\t\t\t<div class=\"e-con-inner\">\n\t\t\t\t<div class=\"elementor-element elementor-element-79f89bb elementor-widget elementor-widget-heading\" data-id=\"79f89bb\" data-element_type=\"widget\" data-e-type=\"widget\" data-widget_type=\"heading.default\">\n\t\t\t\t<div class=\"elementor-widget-container\">\n\t\t\t\t\t<h2 class=\"elementor-heading-title elementor-size-default\">317 Edelstahlrohre Spezifikation<\/h2>\t\t\t\t<\/div>\n\t\t\t\t<\/div>\n\t\t\t\t<div class=\"elementor-element elementor-element-ac8b8cc elementor-widget elementor-widget-text-editor\" data-id=\"ac8b8cc\" data-element_type=\"widget\" data-e-type=\"widget\" data-widget_type=\"text-editor.default\">\n\t\t\t\t<div class=\"elementor-widget-container\">\n\t\t\t\t\t\t\t\t\t<p>Material:317, 317L Edelstahl<br \/>Norm:ASTM A213, ASTM A249, ASTM A269<br \/>Gr\u00f6\u00dfen (nahtlos): 1\/2\u2033 NB - 24\u2033 NB<br \/>Gr\u00f6\u00dfen (ERW): 1\/2\u2033 NB - 24\u2033 NB<br \/>Gr\u00f6\u00dfen (EFW): 6\u2033 NB - 100\u2033 NB<br \/>Wanddicke: Sch 5S - Schedule XXS (h\u00f6here Dicken auf Anfrage)<\/p>\t\t\t\t\t\t\t\t<\/div>\n\t\t\t\t<\/div>\n\t\t\t\t\t<\/div>\n\t\t\t\t<\/div>\n\t\t<div class=\"elementor-element elementor-element-f1e7b2d e-flex e-con-boxed e-con e-parent\" data-id=\"f1e7b2d\" data-element_type=\"container\" data-e-type=\"container\">\n\t\t\t\t\t<div class=\"e-con-inner\">\n\t\t\t\t<div class=\"elementor-element elementor-element-24f9f3c elementor-widget elementor-widget-heading\" data-id=\"24f9f3c\" data-element_type=\"widget\" data-e-type=\"widget\" data-widget_type=\"heading.default\">\n\t\t\t\t<div class=\"elementor-widget-container\">\n\t\t\t\t\t<h3 class=\"elementor-heading-title elementor-size-default\">Kundenspezifische Verarbeitung und Dienstleistungen<\/h3>\t\t\t\t<\/div>\n\t\t\t\t<\/div>\n\t\t\t\t<div class=\"elementor-element elementor-element-f2fdba4 elementor-widget elementor-widget-text-editor\" data-id=\"f2fdba4\" data-element_type=\"widget\" data-e-type=\"widget\" data-widget_type=\"text-editor.default\">\n\t\t\t\t<div class=\"elementor-widget-container\">\n\t\t\t\t\t\t\t\t\t<p>Auf L\u00e4nge geschnitten: Pr\u00e4ziser Zuschnitt nach Kundenspezifikation minimiert den Verschnitt bei der Installation vor Ort.<\/p><p>Hochglanzpolieren: Erm\u00f6glicht das Hochglanzpolieren sowohl der Innen- als auch der Au\u00dfenfl\u00e4chen von Rohren und eignet sich f\u00fcr Rohrleitungen im Sanit\u00e4rbereich oder Projekte mit strengen dekorativen Anforderungen.<\/p><p>Beizen und Passivieren: Durch professionelle Beiz- und Passivierungsverfahren werden Schwei\u00dfzunder und Oberfl\u00e4chenverunreinigungen entfernt und eine dichte Passivierungsschicht gebildet, die die Korrosionsbest\u00e4ndigkeit deutlich erh\u00f6ht.<\/p><p>Herstellung dickwandiger Rohre: Ma\u00dfgefertigte Produktion verschiedener dickwandiger Dimensionen, um den Anforderungen der Hochdruck- oder hochfesten Technik gerecht zu werden.<\/p>\t\t\t\t\t\t\t\t<\/div>\n\t\t\t\t<\/div>\n\t\t\t\t<div class=\"elementor-element elementor-element-e847145 elementor-widget elementor-widget-image\" data-id=\"e847145\" data-element_type=\"widget\" data-e-type=\"widget\" data-widget_type=\"image.default\">\n\t\t\t\t<div class=\"elementor-widget-container\">\n\t\t\t\t\t\t\t\t\t\t\t\t\t\t\t<img fetchpriority=\"high\" decoding=\"async\" width=\"800\" height=\"400\" src=\"https:\/\/jblstainless.com\/wp-content\/uploads\/2025\/06\/316-pipe-surface-finish.webp\" class=\"attachment-large size-large wp-image-1669\" alt=\"430 Edelstahlrohre\" srcset=\"https:\/\/jblstainless.com\/wp-content\/uploads\/2025\/06\/316-pipe-surface-finish.webp 1000w, https:\/\/jblstainless.com\/wp-content\/uploads\/2025\/06\/316-pipe-surface-finish-300x150.webp 300w, https:\/\/jblstainless.com\/wp-content\/uploads\/2025\/06\/316-pipe-surface-finish-768x384.webp 768w, https:\/\/jblstainless.com\/wp-content\/uploads\/2025\/06\/316-pipe-surface-finish-18x9.webp 18w, https:\/\/jblstainless.com\/wp-content\/uploads\/2025\/06\/316-pipe-surface-finish-600x300.webp 600w\" sizes=\"(max-width: 800px) 100vw, 800px\" \/>\t\t\t\t\t\t\t\t\t\t\t\t\t\t\t<\/div>\n\t\t\t\t<\/div>\n\t\t\t\t\t<\/div>\n\t\t\t\t<\/div>\n\t\t<div class=\"elementor-element elementor-element-3770365 e-flex e-con-boxed e-con e-parent\" data-id=\"3770365\" data-element_type=\"container\" data-e-type=\"container\">\n\t\t\t\t\t<div class=\"e-con-inner\">\n\t\t\t\t<div class=\"elementor-element elementor-element-c3fb622 elementor-widget elementor-widget-heading\" data-id=\"c3fb622\" data-element_type=\"widget\" data-e-type=\"widget\" data-widget_type=\"heading.default\">\n\t\t\t\t<div class=\"elementor-widget-container\">\n\t\t\t\t\t<h3 class=\"elementor-heading-title elementor-size-default\">317 Edelstahlrohre Chemische Zusammensetzung<\/h3>\t\t\t\t<\/div>\n\t\t\t\t<\/div>\n\t\t\t\t<div class=\"elementor-element elementor-element-c173736 elementor-widget elementor-widget-text-editor\" data-id=\"c173736\" data-element_type=\"widget\" data-e-type=\"widget\" data-widget_type=\"text-editor.default\">\n\t\t\t\t<div class=\"elementor-widget-container\">\n\t\t\t\t\t\t\t\t\t<p>Der rostfreie Stahl 317 ist im Wesentlichen eine Hochleistungslegierung, die aus dem klassischen austenitischen rostfreien Stahl 18-8 (z. B. 304) entwickelt wurde, indem der Molybd\u00e4ngehalt (Mo) deutlich erh\u00f6ht und andere Elemente optimiert wurden.<\/p>\t\t\t\t\t\t\t\t<\/div>\n\t\t\t\t<\/div>\n\t\t\t\t<div class=\"elementor-element elementor-element-99cd2f8 elementor-widget elementor-widget-text-editor\" data-id=\"99cd2f8\" data-element_type=\"widget\" data-e-type=\"widget\" data-widget_type=\"text-editor.default\">\n\t\t\t\t<div class=\"elementor-widget-container\">\n\t\t\t\t\t\t\t\t\t<table><tbody><tr><td>Klasse<\/td><td>C<\/td><td>Mn<\/td><td>Si<\/td><td>P<\/td><td>S<\/td><td>Cr<\/td><td>Mo<\/td><td>Ni<\/td><td>Fe<\/td><\/tr><tr><td>SS 317<\/td><td>0,08 max.<\/td><td>2 max.<\/td><td>1 max<\/td><td>0,045 max.<\/td><td>0,030 max.<\/td><td>18 - 20<\/td><td>3 - 4<\/td><td>11 - 15<\/td><td>57.845 min<\/td><\/tr><\/tbody><\/table><p>Chrom (Cr): Chrom ist das Kernelement, das den Passivierungsfilm bildet und f\u00fcr die wesentliche Korrosionsbest\u00e4ndigkeit sorgt.<\/p><p>Nickel (Ni): Nickel stabilisiert das austenitische Gef\u00fcge und sorgt f\u00fcr die Z\u00e4higkeit, die nichtmagnetischen Eigenschaften und die Schwei\u00dfbarkeit des Werkstoffs sowohl bei niedrigen als auch bei hohen Temperaturen.<\/p><p>Molybd\u00e4n (Mo): Dies ist der Hauptunterschied zwischen dem rostfreien Stahl 317 und der Serie 316 (Mo-Gehalt 2-3%). Der Zusatz von Molybd\u00e4n erh\u00f6ht die Best\u00e4ndigkeit des Materials gegen Lochfra\u00df und Spaltkorrosion in Umgebungen, die Halogenide wie Chloridionen enthalten, erheblich.<\/p><p>Kohlenstoff (C): Erh\u00f6ht die Festigkeit, verbindet sich aber leicht mit Chrom zu Chromkarbiden, was zu Chromverarmung an den Korngrenzen f\u00fchrt und interkristalline Korrosion ausl\u00f6st.<\/p>\t\t\t\t\t\t\t\t<\/div>\n\t\t\t\t<\/div>\n\t\t\t\t<div class=\"elementor-element elementor-element-2772c38 elementor-widget elementor-widget-text-editor\" data-id=\"2772c38\" data-element_type=\"widget\" data-e-type=\"widget\" data-widget_type=\"text-editor.default\">\n\t\t\t\t<div class=\"elementor-widget-container\">\n\t\t\t\t\t\t\t\t\t<p>Rohre aus Edelstahl 317 sind widerstandsf\u00e4higer gegen Lochfra\u00df und Spaltkorrosion in chloridhaltigen Umgebungen als herk\u00f6mmliche austenitische Chrom-Nickel-St\u00e4hle wie Rohre aus Edelstahl 304.<\/p><p>Der h\u00f6here Kohlenstoffgehalt von rostfreiem Rohr 317 macht den Stahl auch weniger schwei\u00dfbar als rostfreien Stahl 304 oder 316.<\/p>\t\t\t\t\t\t\t\t<\/div>\n\t\t\t\t<\/div>\n\t\t\t\t\t<\/div>\n\t\t\t\t<\/div>\n\t\t<div class=\"elementor-element elementor-element-282d04c e-flex e-con-boxed e-con e-parent\" data-id=\"282d04c\" data-element_type=\"container\" data-e-type=\"container\">\n\t\t\t\t\t<div class=\"e-con-inner\">\n\t\t\t\t<div class=\"elementor-element elementor-element-ea4208a elementor-widget elementor-widget-heading\" data-id=\"ea4208a\" data-element_type=\"widget\" data-e-type=\"widget\" data-widget_type=\"heading.default\">\n\t\t\t\t<div class=\"elementor-widget-container\">\n\t\t\t\t\t<h4 class=\"elementor-heading-title elementor-size-default\">Best\u00e4ndigkeit gegen Lochfra\u00df und Spaltkorrosion\n<\/h4>\t\t\t\t<\/div>\n\t\t\t\t<\/div>\n\t\t\t\t<div class=\"elementor-element elementor-element-cbcabb7 elementor-widget elementor-widget-text-editor\" data-id=\"cbcabb7\" data-element_type=\"widget\" data-e-type=\"widget\" data-widget_type=\"text-editor.default\">\n\t\t\t\t<div class=\"elementor-widget-container\">\n\t\t\t\t\t\t\t\t\t<p>Dies ist der wichtigste Vorteil des rostfreien Stahls 317. Das Element Molybd\u00e4n (Mo) unterdr\u00fcckt wirksam die Entstehung und Ausbreitung von Lochfra\u00df und Spaltkorrosion, indem es die F\u00e4higkeit des Passivierungsfilms zur Re-Passivierung in chlorhaltigen Umgebungen verbessert und das Risiko eines lokalen Zusammenbruchs der Passivierungsschicht verringert.<\/p>\t\t\t\t\t\t\t\t<\/div>\n\t\t\t\t<\/div>\n\t\t\t\t<div class=\"elementor-element elementor-element-28fcd55 elementor-widget elementor-widget-text-editor\" data-id=\"28fcd55\" data-element_type=\"widget\" data-e-type=\"widget\" data-widget_type=\"text-editor.default\">\n\t\t\t\t<div class=\"elementor-widget-container\">\n\t\t\t\t\t\t\t\t\t<p><strong>PREN<\/strong><br \/><strong>316L:<\/strong> 24-26<br \/><strong>317L:<\/strong> 29-33<\/p><p>Bei Anwendungen wie Meerwasser, chlorhaltigen Medien in chemischen Prozessen und Salzspr\u00fchnebel \u00fcbertreffen die Lebensdauer und Sicherheit von Rohren aus Edelstahl 317 die von 316L deutlich. <\/p>\t\t\t\t\t\t\t\t<\/div>\n\t\t\t\t<\/div>\n\t\t\t\t\t<\/div>\n\t\t\t\t<\/div>\n\t\t<div class=\"elementor-element elementor-element-329a4e8 e-flex e-con-boxed e-con e-parent\" data-id=\"329a4e8\" data-element_type=\"container\" data-e-type=\"container\">\n\t\t\t\t\t<div class=\"e-con-inner\">\n\t\t\t\t<div class=\"elementor-element elementor-element-7f31634 elementor-widget elementor-widget-heading\" data-id=\"7f31634\" data-element_type=\"widget\" data-e-type=\"widget\" data-widget_type=\"heading.default\">\n\t\t\t\t<div class=\"elementor-widget-container\">\n\t\t\t\t\t<h2 class=\"elementor-heading-title elementor-size-default\">317L-Edelstahl<\/h2>\t\t\t\t<\/div>\n\t\t\t\t<\/div>\n\t\t\t\t<div class=\"elementor-element elementor-element-c983d70 elementor-widget elementor-widget-text-editor\" data-id=\"c983d70\" data-element_type=\"widget\" data-e-type=\"widget\" data-widget_type=\"text-editor.default\">\n\t\t\t\t<div class=\"elementor-widget-container\">\n\t\t\t\t\t\t\t\t\t<p>Der nichtrostende Stahl 317L ist eine kohlenstoffarme Variante des Stahls 317, bei der der Kohlenstoffgehalt in der Regel streng auf unter 0,030 kontrolliert wird, was das Risiko von Chromkarbidausscheidungen beim Schwei\u00dfen oder im Hochtemperaturbetrieb erheblich verringert und die Best\u00e4ndigkeit gegen interkristalline Korrosion und die Korrosionsbest\u00e4ndigkeit nach dem Schwei\u00dfen deutlich erh\u00f6ht. Daher ist 317L der bevorzugte Werkstoff f\u00fcr geschwei\u00dfte Bauteile oder Anwendungen, bei denen die Betriebstemperaturen in den Sensibilisierungsbereich (ca. 450-850\u00b0C) fallen.<\/p>\t\t\t\t\t\t\t\t<\/div>\n\t\t\t\t<\/div>\n\t\t\t\t\t<\/div>\n\t\t\t\t<\/div>\n\t\t\t\t<\/div>","protected":false},"excerpt":{"rendered":"<p>317 Edelstahlrohre sind Rohre aus einer hochchromhaltigen Nickel-Molybd\u00e4n-Legierung mit einem Molybd\u00e4ngehalt von bis zu 3-4%, der deutlich \u00fcber dem von 316\/316L liegt und eine ausgezeichnete Best\u00e4ndigkeit gegen S\u00e4urekorrosion und Hochtemperaturfestigkeit bietet.<\/p>\n<p>Rohr, nahtlos ASTM-Norm: A213<\/p>\n<p>Rohr, geschwei\u00dft ASTM Standard: A249<\/p>\n<p>Material: 317, 317L<\/p>\n<p>&nbsp;<\/p>","protected":false},"featured_media":2440,"template":"","meta":{"_eb_attr":""},"product_brand":[],"product_cat":[30],"product_tag":[],"class_list":{"0":"post-2439","1":"product","2":"type-product","3":"status-publish","4":"has-post-thumbnail","6":"product_cat-stainless-steel-seamless-pipe","8":"first","9":"instock","10":"shipping-taxable","11":"product-type-simple"},"_links":{"self":[{"href":"https:\/\/jblstainless.com\/de\/wp-json\/wp\/v2\/product\/2439","targetHints":{"allow":["GET"]}}],"collection":[{"href":"https:\/\/jblstainless.com\/de\/wp-json\/wp\/v2\/product"}],"about":[{"href":"https:\/\/jblstainless.com\/de\/wp-json\/wp\/v2\/types\/product"}],"version-history":[{"count":2,"href":"https:\/\/jblstainless.com\/de\/wp-json\/wp\/v2\/product\/2439\/revisions"}],"predecessor-version":[{"id":2442,"href":"https:\/\/jblstainless.com\/de\/wp-json\/wp\/v2\/product\/2439\/revisions\/2442"}],"wp:featuredmedia":[{"embeddable":true,"href":"https:\/\/jblstainless.com\/de\/wp-json\/wp\/v2\/media\/2440"}],"wp:attachment":[{"href":"https:\/\/jblstainless.com\/de\/wp-json\/wp\/v2\/media?parent=2439"}],"wp:term":[{"taxonomy":"product_brand","embeddable":true,"href":"https:\/\/jblstainless.com\/de\/wp-json\/wp\/v2\/product_brand?post=2439"},{"taxonomy":"product_cat","embeddable":true,"href":"https:\/\/jblstainless.com\/de\/wp-json\/wp\/v2\/product_cat?post=2439"},{"taxonomy":"product_tag","embeddable":true,"href":"https:\/\/jblstainless.com\/de\/wp-json\/wp\/v2\/product_tag?post=2439"}],"curies":[{"name":"wp","href":"https:\/\/api.w.org\/{rel}","templated":true}]}}