{"id":2471,"date":"2026-01-22T17:30:24","date_gmt":"2026-01-22T09:30:24","guid":{"rendered":"https:\/\/jblstainless.com\/?post_type=product&#038;p=2471"},"modified":"2026-01-22T17:30:25","modified_gmt":"2026-01-22T09:30:25","slug":"309s-nahtloses-rohr-aus-edelstahl","status":"publish","type":"product","link":"https:\/\/jblstainless.com\/de\/309s-seamless-stainless-steel-pipe\/","title":{"rendered":"309S Nahtlose Rohre aus Edelstahl"},"content":{"rendered":"<div data-elementor-type=\"product-post\" data-elementor-id=\"2471\" class=\"elementor elementor-2471\" data-elementor-post-type=\"product\">\n\t\t\t\t<div class=\"elementor-element elementor-element-d4a7c7a e-flex e-con-boxed e-con e-parent\" data-id=\"d4a7c7a\" data-element_type=\"container\" data-e-type=\"container\">\n\t\t\t\t\t<div class=\"e-con-inner\">\n\t\t\t\t<div class=\"elementor-element elementor-element-2f62139 elementor-widget elementor-widget-text-editor\" data-id=\"2f62139\" data-element_type=\"widget\" data-e-type=\"widget\" data-widget_type=\"text-editor.default\">\n\t\t\t\t<div class=\"elementor-widget-container\">\n\t\t\t\t\t\t\t\t\t<p>Das nahtlose Edelstahlrohr 309S ist ein austenitisches Edelstahlrohr, das speziell f\u00fcr Hochtemperaturanwendungen entwickelt wurde. Es enth\u00e4lt ca. 23% Chrom und 13-15% Nickel und bietet eine au\u00dfergew\u00f6hnliche Hochtemperaturleistung und Oxidationsbest\u00e4ndigkeit, so dass es f\u00fcr Umgebungen von \u00fcber 800\u00b0C geeignet ist. Das nahtlose Verfahren gew\u00e4hrleistet eine hohe Druckbest\u00e4ndigkeit und eine leckagefreie Leistung.<\/p><p>Unter Dauereinsatzbedingungen kann das 309S-Rohr Temperaturen von bis zu 1100\u00b0C (ca. 2000\u00b0F) standhalten. Sein hoher Chrom- und Nickelgehalt gew\u00e4hrleistet eine hervorragende Oxidationsbest\u00e4ndigkeit und mechanische Festigkeit auch in Umgebungen mit wiederholten Heiz- und K\u00fchlzyklen. Im Vergleich zu den nichtrostenden St\u00e4hlen 304\/316 bieten Rohre aus 309S eine \u00fcberlegene Stabilit\u00e4t und Oxidationsbest\u00e4ndigkeit bei kontinuierlichen Hochtemperaturanwendungen um 980\u00b0C, wodurch sie sich f\u00fcr anspruchsvolle Hochtemperaturumgebungen wie W\u00e4rmebehandlungs\u00f6fen, Industriekessel, Hei\u00dfwindkan\u00e4le in Stahlwerken, Rauchgasleitungen und Brenner eignen.<\/p>\t\t\t\t\t\t\t\t<\/div>\n\t\t\t\t<\/div>\n\t\t\t\t\t<\/div>\n\t\t\t\t<\/div>\n\t\t<div class=\"elementor-element elementor-element-cae0608 e-flex e-con-boxed e-con e-parent\" data-id=\"cae0608\" data-element_type=\"container\" data-e-type=\"container\">\n\t\t\t\t\t<div class=\"e-con-inner\">\n\t\t\t\t<div class=\"elementor-element elementor-element-36a5065 elementor-widget elementor-widget-heading\" data-id=\"36a5065\" data-element_type=\"widget\" data-e-type=\"widget\" data-widget_type=\"heading.default\">\n\t\t\t\t<div class=\"elementor-widget-container\">\n\t\t\t\t\t<h2 class=\"elementor-heading-title elementor-size-default\">Rohre aus Edelstahl 309S - die ideale Wahl f\u00fcr Hochtemperaturumgebungen<\/h2>\t\t\t\t<\/div>\n\t\t\t\t<\/div>\n\t\t\t\t<div class=\"elementor-element elementor-element-708847b elementor-widget elementor-widget-text-editor\" data-id=\"708847b\" data-element_type=\"widget\" data-e-type=\"widget\" data-widget_type=\"text-editor.default\">\n\t\t\t\t<div class=\"elementor-widget-container\">\n\t\t\t\t\t\t\t\t\t<p>Das nahtlose Edelstahlrohr 309S ist ein hochlegierter, hitzebest\u00e4ndiger rostfreier Stahl. Seine hochchromhaltige, hochnickelhaltige Legierungszusammensetzung bietet eine au\u00dfergew\u00f6hnliche Hochtemperaturfestigkeit, hervorragende Oxidationsbest\u00e4ndigkeit und gute Korrosionsbest\u00e4ndigkeit. Dies macht ihn zu einem unverzichtbaren Schl\u00fcsselmaterial f\u00fcr Hochtemperaturanlagen wie Industrie\u00f6fen, Kessel, W\u00e4rmetauscher und chemische Reaktoren.<\/p>\t\t\t\t\t\t\t\t<\/div>\n\t\t\t\t<\/div>\n\t\t\t\t\t<\/div>\n\t\t\t\t<\/div>\n\t\t<div class=\"elementor-element elementor-element-a5adf0b e-flex e-con-boxed e-con e-parent\" data-id=\"a5adf0b\" data-element_type=\"container\" data-e-type=\"container\">\n\t\t\t\t\t<div class=\"e-con-inner\">\n\t\t\t\t<div class=\"elementor-element elementor-element-609c8ae elementor-widget elementor-widget-heading\" data-id=\"609c8ae\" data-element_type=\"widget\" data-e-type=\"widget\" data-widget_type=\"heading.default\">\n\t\t\t\t<div class=\"elementor-widget-container\">\n\t\t\t\t\t<h3 class=\"elementor-heading-title elementor-size-default\">Au\u00dfergew\u00f6hnliche Oxidationsbest\u00e4ndigkeit bei hohen Temperaturen\n<\/h3>\t\t\t\t<\/div>\n\t\t\t\t<\/div>\n\t\t\t\t<div class=\"elementor-element elementor-element-8729f48 elementor-widget elementor-widget-text-editor\" data-id=\"8729f48\" data-element_type=\"widget\" data-e-type=\"widget\" data-widget_type=\"text-editor.default\">\n\t\t\t\t<div class=\"elementor-widget-container\">\n\t\t\t\t\t\t\t\t\t<p><strong>Ausgezeichnete Hochtemperaturbest\u00e4ndigkeit:<\/strong><\/p><p>Das rostfreie Rohr 309S kann im Dauerbetrieb Temperaturen von bis zu 1038\u00b0C (1900\u00b0F) und im intermittierenden Betrieb bis zu 1149\u00b0C (2100\u00b0F) standhalten. Es ist langfristig hoch belastbar im Bereich von 650-700\u00b0C und weist eine hervorragende thermische Alterungsbest\u00e4ndigkeit auf.<\/p>\t\t\t\t\t\t\t\t<\/div>\n\t\t\t\t<\/div>\n\t\t\t\t<div class=\"elementor-element elementor-element-a1df5e7 elementor-widget elementor-widget-text-editor\" data-id=\"a1df5e7\" data-element_type=\"widget\" data-e-type=\"widget\" data-widget_type=\"text-editor.default\">\n\t\t\t\t<div class=\"elementor-widget-container\">\n\t\t\t\t\t\t\t\t\t<p><strong>Hervorragende Oxidationsbest\u00e4ndigkeit:<\/strong><\/p><p>Durch den hohen Chrom- und Nickelgehalt bildet 309S eine dichte Chromoxidschicht auf seiner Oberfl\u00e4che, die die Korrosion durch oxidierende Medien wirksam verhindert. 309S-Rohre bieten eine ausgezeichnete Oxidations- und Korrosionsbest\u00e4ndigkeit, die eine lange Lebensdauer der Anlagen gew\u00e4hrleistet und Oxidation und Abplatzungen unter Hochtemperaturbedingungen verhindert. Dank dieser Eigenschaft k\u00f6nnen 309S-Rohre in Hochtemperaturatmosph\u00e4ren und in Umgebungen mit oxidierendem S\u00e4urenebel bei hohen Temperaturen stabil betrieben werden und \u00fcbertreffen damit die Leistung von niedrig legierten Edelst\u00e4hlen erheblich.<\/p>\t\t\t\t\t\t\t\t<\/div>\n\t\t\t\t<\/div>\n\t\t\t\t\t<\/div>\n\t\t\t\t<\/div>\n\t\t<div class=\"elementor-element elementor-element-f582bcd e-flex e-con-boxed e-con e-parent\" data-id=\"f582bcd\" data-element_type=\"container\" data-e-type=\"container\">\n\t\t\t\t\t<div class=\"e-con-inner\">\n\t\t\t\t<div class=\"elementor-element elementor-element-3a11663 elementor-widget elementor-widget-heading\" data-id=\"3a11663\" data-element_type=\"widget\" data-e-type=\"widget\" data-widget_type=\"heading.default\">\n\t\t\t\t<div class=\"elementor-widget-container\">\n\t\t\t\t\t<h3 class=\"elementor-heading-title elementor-size-default\">Materialzusammensetzung - Hochchrom-Nickel-Legierung  \n<\/h3>\t\t\t\t<\/div>\n\t\t\t\t<\/div>\n\t\t\t\t<div class=\"elementor-element elementor-element-f27a507 elementor-widget elementor-widget-text-editor\" data-id=\"f27a507\" data-element_type=\"widget\" data-e-type=\"widget\" data-widget_type=\"text-editor.default\">\n\t\t\t\t<div class=\"elementor-widget-container\">\n\t\t\t\t\t\t\t\t\t<p>309S enth\u00e4lt 22-24% Chrom und 12-15% Nickel. Der h\u00f6here Legierungsgehalt im Vergleich zu 304\/316 sorgt f\u00fcr eine bessere Hitze- und Oxidationsbest\u00e4ndigkeit und erh\u00f6ht die Kriechfestigkeit und die Temperaturwechselbest\u00e4ndigkeit bei Temperaturen \u00fcber 500\u00b0C des rostfreien Stahls 309s.<\/p><p>309S ist die kohlenstoffarme Version von 309 (C \u2264 0,08%). Der niedrige Kohlenstoffgehalt minimiert die Neigung zur interkristallinen Karbidausscheidung, verringert die Anf\u00e4lligkeit f\u00fcr interkristalline Korrosion bei erh\u00f6hten Temperaturen und verbessert die Schwei\u00dfbarkeit und Best\u00e4ndigkeit gegen interkristalline Korrosion erheblich. Die L\u00f6sungsbehandlung nach dem Schwei\u00dfen (Halten bei 1050-1100\u00b0C und anschlie\u00dfendes schnelles Abk\u00fchlen) beseitigt Schwei\u00dfspannungen, l\u00f6st Karbide an den Korngrenzen auf, stellt die Korrosionsbest\u00e4ndigkeit und Hochtemperaturfestigkeit wieder her und gew\u00e4hrleistet, dass die geschwei\u00dften Zonen auch bei hohen Temperaturen eine ausgezeichnete Leistung aufweisen.<\/p>\t\t\t\t\t\t\t\t<\/div>\n\t\t\t\t<\/div>\n\t\t\t\t\t<\/div>\n\t\t\t\t<\/div>\n\t\t<div class=\"elementor-element elementor-element-353c5fc e-flex e-con-boxed e-con e-parent\" data-id=\"353c5fc\" data-element_type=\"container\" data-e-type=\"container\">\n\t\t\t\t\t<div class=\"e-con-inner\">\n\t\t\t\t<div class=\"elementor-element elementor-element-f68c53c elementor-widget elementor-widget-heading\" data-id=\"f68c53c\" data-element_type=\"widget\" data-e-type=\"widget\" data-widget_type=\"heading.default\">\n\t\t\t\t<div class=\"elementor-widget-container\">\n\t\t\t\t\t<h4 class=\"elementor-heading-title elementor-size-default\">Chemische Zusammensetzung<\/h4>\t\t\t\t<\/div>\n\t\t\t\t<\/div>\n\t\t\t\t<div class=\"elementor-element elementor-element-6f0cb95 elementor-widget elementor-widget-text-editor\" data-id=\"6f0cb95\" data-element_type=\"widget\" data-e-type=\"widget\" data-widget_type=\"text-editor.default\">\n\t\t\t\t<div class=\"elementor-widget-container\">\n\t\t\t\t\t\t\t\t\t<table><thead><tr><th>Elemente<\/th><th>UNS S30908 (ASTM)<\/th><\/tr><\/thead><tbody><tr><td>C<\/td><td>\u2264 0.08<\/td><\/tr><tr><td>Cr<\/td><td>22.0 - 24.0<\/td><\/tr><tr><td>Ni<\/td><td>12,0 \u2013 15,0<\/td><\/tr><tr><td>Mn<\/td><td>\u2264 2.00<\/td><\/tr><tr><td>Si<\/td><td>\u2264 0.75 \/ \u2264 1.00<\/td><\/tr><tr><td>P<\/td><td>\u2264 0.045<\/td><\/tr><tr><td>S<\/td><td>\u2264 0.030<\/td><\/tr><\/tbody><\/table>\t\t\t\t\t\t\t\t<\/div>\n\t\t\t\t<\/div>\n\t\t\t\t\t<\/div>\n\t\t\t\t<\/div>\n\t\t<div class=\"elementor-element elementor-element-ce55c24 e-flex e-con-boxed e-con e-parent\" data-id=\"ce55c24\" data-element_type=\"container\" data-e-type=\"container\">\n\t\t\t\t\t<div class=\"e-con-inner\">\n\t\t\t\t<div class=\"elementor-element elementor-element-fba8c32 elementor-widget elementor-widget-heading\" data-id=\"fba8c32\" data-element_type=\"widget\" data-e-type=\"widget\" data-widget_type=\"heading.default\">\n\t\t\t\t<div class=\"elementor-widget-container\">\n\t\t\t\t\t<h4 class=\"elementor-heading-title elementor-size-default\">Mechanische Eigenschaften<\/h4>\t\t\t\t<\/div>\n\t\t\t\t<\/div>\n\t\t\t\t<div class=\"elementor-element elementor-element-12bafc4 elementor-widget elementor-widget-text-editor\" data-id=\"12bafc4\" data-element_type=\"widget\" data-e-type=\"widget\" data-widget_type=\"text-editor.default\">\n\t\t\t\t<div class=\"elementor-widget-container\">\n\t\t\t\t\t\t\t\t\t<table><thead><tr><th>Eigenschaften<\/th><th>ASTM A213\/A312\/A276, mindestens<\/th><\/tr><\/thead><tbody><tr><td>Zugfestigkeit, \u03c3b<\/td><td>\u2265 75 ksi (515 MPa)<\/td><\/tr><tr><td>Streckgrenze, \u03c30,2<\/td><td>\u2265 30 ksi (205 MPa)<\/td><\/tr><tr><td>Dehnung, \u03b45<\/td><td>\u00a0\u2265 40% (in 50mm)<\/td><\/tr><tr><td>Verkleinerung der Fl\u00e4che, \u03c8<\/td><td>\u2013<\/td><\/tr><tr><td>H\u00e4rte<\/td><td>\u2264 90 HRB \/ \u2264 217 HBW<\/td><\/tr><\/tbody><\/table>\t\t\t\t\t\t\t\t<\/div>\n\t\t\t\t<\/div>\n\t\t\t\t\t<\/div>\n\t\t\t\t<\/div>\n\t\t<div class=\"elementor-element elementor-element-e394b3d e-flex e-con-boxed e-con e-parent\" data-id=\"e394b3d\" data-element_type=\"container\" data-e-type=\"container\">\n\t\t\t\t\t<div class=\"e-con-inner\">\n\t\t\t\t<div class=\"elementor-element elementor-element-05f5939 elementor-widget elementor-widget-heading\" data-id=\"05f5939\" data-element_type=\"widget\" data-e-type=\"widget\" data-widget_type=\"heading.default\">\n\t\t\t\t<div class=\"elementor-widget-container\">\n\t\t\t\t\t<h4 class=\"elementor-heading-title elementor-size-default\">Physikalische Eigenschaften<\/h4>\t\t\t\t<\/div>\n\t\t\t\t<\/div>\n\t\t\t\t<div class=\"elementor-element elementor-element-249d9d8 elementor-widget elementor-widget-text-editor\" data-id=\"249d9d8\" data-element_type=\"widget\" data-e-type=\"widget\" data-widget_type=\"text-editor.default\">\n\t\t\t\t<div class=\"elementor-widget-container\">\n\t\t\t\t\t\t\t\t\t<table><thead><tr><th>Eigenschaften<\/th><th>Wert<\/th><\/tr><\/thead><tbody><tr><td>Dichte<\/td><td>~ 7,9 - 8,0 g\/cm\u00b3<\/td><\/tr><tr><td>Schmelzbereich<\/td><td>1399 - 1454 \u00b0C<\/td><\/tr><tr><td>Spezifische W\u00e4rme, 0-100\u00b0C<\/td><td>~ 500 J\/(kg-K)<\/td><\/tr><tr><td>W\u00e4rmeleitf\u00e4higkeit, 100\u00b0C<\/td><td>~ 14,2 W\/(m-K)<\/td><\/tr><tr><td>Mittlerer W\u00e4rmeausdehnungskoeffizient, 0-100\u00b0C<\/td><td>~ 15,9 \u00b5m\/(m-\u00b0C)<\/td><\/tr><tr><td>Elektrischer spezifischer Widerstand, 20\u00b0C<\/td><td>~ 0,78 \u00b5\u03a9-m<\/td><\/tr><tr><td>Magnetismus<\/td><td>Nicht magnetisch im gegl\u00fchten Zustand<\/td><\/tr><\/tbody><\/table>\t\t\t\t\t\t\t\t<\/div>\n\t\t\t\t<\/div>\n\t\t\t\t\t<\/div>\n\t\t\t\t<\/div>\n\t\t<div class=\"elementor-element elementor-element-9dc1bbf e-flex e-con-boxed e-con e-parent\" data-id=\"9dc1bbf\" data-element_type=\"container\" data-e-type=\"container\">\n\t\t\t\t\t<div class=\"e-con-inner\">\n\t\t\t\t<div class=\"elementor-element elementor-element-0c5b45a elementor-widget elementor-widget-heading\" data-id=\"0c5b45a\" data-element_type=\"widget\" data-e-type=\"widget\" data-widget_type=\"heading.default\">\n\t\t\t\t<div class=\"elementor-widget-container\">\n\t\t\t\t\t<h3 class=\"elementor-heading-title elementor-size-default\">Anmeldung<\/h3>\t\t\t\t<\/div>\n\t\t\t\t<\/div>\n\t\t\t\t<div class=\"elementor-element elementor-element-a4f6066 elementor-widget elementor-widget-text-editor\" data-id=\"a4f6066\" data-element_type=\"widget\" data-e-type=\"widget\" data-widget_type=\"text-editor.default\">\n\t\t\t\t<div class=\"elementor-widget-container\">\n\t\t\t\t\t\t\t\t\t<p>Edelstahl 309S wird aufgrund seiner hervorragenden Hochtemperatureigenschaften in zahlreichen Industriezweigen eingesetzt.<\/p><ul><li>Energiewirtschaft: Kesselrohrleitungen und W\u00e4rmetauscher, die gegen Hochtemperaturoxidation best\u00e4ndig sind.<\/li><li>Chemische Industrie: Reaktoren und Ofenrohre, best\u00e4ndig gegen S\u00e4ure- und Laugenkorrosion.<\/li><li>Luft- und Raumfahrtanwendungen: Triebwerkskomponenten, die eine hohe Stabilit\u00e4t bei hohen Temperaturen aufweisen.<\/li><li>Metallurgische Industrie: Ofenauskleidungen, Verl\u00e4ngerung der Nutzungsdauer.<\/li><\/ul>\t\t\t\t\t\t\t\t<\/div>\n\t\t\t\t<\/div>\n\t\t\t\t\t<\/div>\n\t\t\t\t<\/div>\n\t\t<div class=\"elementor-element elementor-element-9d2f0ee e-flex e-con-boxed e-con e-parent\" data-id=\"9d2f0ee\" data-element_type=\"container\" data-e-type=\"container\">\n\t\t\t\t\t<div class=\"e-con-inner\">\n\t\t\t\t<div class=\"elementor-element elementor-element-da4d764 elementor-widget elementor-widget-heading\" data-id=\"da4d764\" data-element_type=\"widget\" data-e-type=\"widget\" data-widget_type=\"heading.default\">\n\t\t\t\t<div class=\"elementor-widget-container\">\n\t\t\t\t\t<h2 class=\"elementor-heading-title elementor-size-default\">Umfassende Verarbeitungs- und Anpassungsdienste\n<\/h2>\t\t\t\t<\/div>\n\t\t\t\t<\/div>\n\t\t\t\t<div class=\"elementor-element elementor-element-7792406 elementor-widget elementor-widget-text-editor\" data-id=\"7792406\" data-element_type=\"widget\" data-e-type=\"widget\" data-widget_type=\"text-editor.default\">\n\t\t\t\t<div class=\"elementor-widget-container\">\n\t\t\t\t\t\t\t\t\t<p>Wir haben ausgereifte Produktionslinien f\u00fcr die Verarbeitung eingerichtet, die verschiedene Behandlungen und kundenspezifische Dienstleistungen anbieten k\u00f6nnen, die auf die Projektanforderungen zugeschnitten sind:<\/p>\t\t\t\t\t\t\t\t<\/div>\n\t\t\t\t<\/div>\n\t\t\t\t<div class=\"elementor-element elementor-element-80193c9 elementor-widget elementor-widget-text-editor\" data-id=\"80193c9\" data-element_type=\"widget\" data-e-type=\"widget\" data-widget_type=\"text-editor.default\">\n\t\t\t\t<div class=\"elementor-widget-container\">\n\t\t\t\t\t\t\t\t\t<p><strong>Schneiden und W\u00e4rmebehandlung:<\/strong><\/p><p>Zu den kundenspezifischen Dienstleistungen geh\u00f6ren das Abl\u00e4ngen, L\u00f6sungsgl\u00fchen und Hochtemperatur-Schnellk\u00fchlen, um innere Spannungen zu beseitigen, die Duktilit\u00e4t zu erh\u00f6hen und die Korrosionsbest\u00e4ndigkeit zu verbessern.<\/p>\t\t\t\t\t\t\t\t<\/div>\n\t\t\t\t<\/div>\n\t\t\t\t<div class=\"elementor-element elementor-element-bb27f90 elementor-widget elementor-widget-text-editor\" data-id=\"bb27f90\" data-element_type=\"widget\" data-e-type=\"widget\" data-widget_type=\"text-editor.default\">\n\t\t\t\t<div class=\"elementor-widget-container\">\n\t\t\t\t\t\t\t\t\t<p><strong>Dickwandige und spezielle Spezifikationen:<\/strong><\/p><p>Wir sind in der Lage, 309ss-Rohre mit gro\u00dfem Durchmesser, dicken W\u00e4nden und gro\u00dfer L\u00e4nge zu produzieren, um spezielle technische Anforderungen an Abmessungen und Druckstufen zu erf\u00fcllen.<\/p>\t\t\t\t\t\t\t\t<\/div>\n\t\t\t\t<\/div>\n\t\t\t\t<div class=\"elementor-element elementor-element-c62d7be elementor-widget elementor-widget-text-editor\" data-id=\"c62d7be\" data-element_type=\"widget\" data-e-type=\"widget\" data-widget_type=\"text-editor.default\">\n\t\t\t\t<div class=\"elementor-widget-container\">\n\t\t\t\t\t\t\t\t\t<p><strong>Oberfl\u00e4chenbehandlung:\u00a0<\/strong><\/p><p>Durch Blankgl\u00fchen und S\u00e4urebeizen\/Passivieren k\u00f6nnen Oxidablagerungen sowohl von der Innen- als auch von der Au\u00dfenfl\u00e4che entfernt werden, wodurch eine gleichm\u00e4\u00dfige, gl\u00e4nzende Oberfl\u00e4che entsteht, die die Korrosionsbest\u00e4ndigkeit erh\u00f6ht und die anschlie\u00dfende Verarbeitung und Leckerkennung erleichtert.<\/p>\t\t\t\t\t\t\t\t<\/div>\n\t\t\t\t<\/div>\n\t\t\t\t<div class=\"elementor-element elementor-element-1c7cabd elementor-widget elementor-widget-text-editor\" data-id=\"1c7cabd\" data-element_type=\"widget\" data-e-type=\"widget\" data-widget_type=\"text-editor.default\">\n\t\t\t\t<div class=\"elementor-widget-container\">\n\t\t\t\t\t\t\t\t\t<p><strong>Benutzerdefinierte Zeichnungen:<\/strong><\/p><p>Wir fertigen komplexe Komponenten wie nicht standardisierte Rohrformst\u00fccke und Flanschverbindungen auf der Grundlage von technischen Zeichnungen oder Mustern, die uns der Kunde zur Verf\u00fcgung stellt. Unser spezialisiertes technisches Team bietet Beratung und Optimierungsempfehlungen, um sicherzustellen, dass die Produkte perfekt zu den Projektanforderungen passen.<\/p>\t\t\t\t\t\t\t\t<\/div>\n\t\t\t\t<\/div>\n\t\t\t\t\t<\/div>\n\t\t\t\t<\/div>\n\t\t<div class=\"elementor-element elementor-element-8d85eb9 e-flex e-con-boxed e-con e-parent\" data-id=\"8d85eb9\" data-element_type=\"container\" data-e-type=\"container\">\n\t\t\t\t\t<div class=\"e-con-inner\">\n\t\t\t\t<div class=\"elementor-element elementor-element-2f067da elementor-widget elementor-widget-image\" data-id=\"2f067da\" data-element_type=\"widget\" data-e-type=\"widget\" data-widget_type=\"image.default\">\n\t\t\t\t<div class=\"elementor-widget-container\">\n\t\t\t\t\t\t\t\t\t\t\t\t\t\t\t<img fetchpriority=\"high\" decoding=\"async\" width=\"1000\" height=\"493\" src=\"https:\/\/jblstainless.com\/wp-content\/uploads\/2025\/04\/stainless-steel-pipe-surface-treatment.webp\" class=\"attachment-full size-full wp-image-1357\" alt=\"420 Edelstahlrohre\" srcset=\"https:\/\/jblstainless.com\/wp-content\/uploads\/2025\/04\/stainless-steel-pipe-surface-treatment.webp 1000w, https:\/\/jblstainless.com\/wp-content\/uploads\/2025\/04\/stainless-steel-pipe-surface-treatment-300x148.webp 300w, https:\/\/jblstainless.com\/wp-content\/uploads\/2025\/04\/stainless-steel-pipe-surface-treatment-768x379.webp 768w, https:\/\/jblstainless.com\/wp-content\/uploads\/2025\/04\/stainless-steel-pipe-surface-treatment-18x9.webp 18w, https:\/\/jblstainless.com\/wp-content\/uploads\/2025\/04\/stainless-steel-pipe-surface-treatment-600x296.webp 600w\" sizes=\"(max-width: 1000px) 100vw, 1000px\" \/>\t\t\t\t\t\t\t\t\t\t\t\t\t\t\t<\/div>\n\t\t\t\t<\/div>\n\t\t\t\t\t<\/div>\n\t\t\t\t<\/div>\n\t\t<div class=\"elementor-element elementor-element-53e664b e-flex e-con-boxed e-con e-parent\" data-id=\"53e664b\" data-element_type=\"container\" data-e-type=\"container\">\n\t\t\t\t\t<div class=\"e-con-inner\">\n\t\t\t\t<div class=\"elementor-element elementor-element-b5a9db6 elementor-widget elementor-widget-image\" data-id=\"b5a9db6\" data-element_type=\"widget\" data-e-type=\"widget\" data-widget_type=\"image.default\">\n\t\t\t\t<div class=\"elementor-widget-container\">\n\t\t\t\t\t\t\t\t\t\t\t\t\t\t\t<img decoding=\"async\" width=\"1500\" height=\"450\" src=\"https:\/\/jblstainless.com\/wp-content\/uploads\/2025\/02\/stainless-steel-pipe-cutting-processing.webp\" class=\"attachment-1536x1536 size-1536x1536 wp-image-1043\" alt=\"Bearbeitung von Edelstahlrohren\" srcset=\"https:\/\/jblstainless.com\/wp-content\/uploads\/2025\/02\/stainless-steel-pipe-cutting-processing.webp 1500w, https:\/\/jblstainless.com\/wp-content\/uploads\/2025\/02\/stainless-steel-pipe-cutting-processing-300x90.webp 300w, https:\/\/jblstainless.com\/wp-content\/uploads\/2025\/02\/stainless-steel-pipe-cutting-processing-1024x307.webp 1024w, https:\/\/jblstainless.com\/wp-content\/uploads\/2025\/02\/stainless-steel-pipe-cutting-processing-768x230.webp 768w, https:\/\/jblstainless.com\/wp-content\/uploads\/2025\/02\/stainless-steel-pipe-cutting-processing-18x5.webp 18w, https:\/\/jblstainless.com\/wp-content\/uploads\/2025\/02\/stainless-steel-pipe-cutting-processing-600x180.webp 600w\" sizes=\"(max-width: 1500px) 100vw, 1500px\" \/>\t\t\t\t\t\t\t\t\t\t\t\t\t\t\t<\/div>\n\t\t\t\t<\/div>\n\t\t\t\t\t<\/div>\n\t\t\t\t<\/div>\n\t\t\t\t<\/div>","protected":false},"excerpt":{"rendered":"<p>Das nahtlose Edelstahlrohr 309S ist ein hochlegierter hitzebest\u00e4ndiger Edelstahl mit au\u00dfergew\u00f6hnlicher Hochtemperaturfestigkeit, hervorragender Oxidationsbest\u00e4ndigkeit und guter Korrosionsbest\u00e4ndigkeit.<\/p>\n<p>Norm: ASTM A213,A312,A269,EN 10216-5,JIS G3459<br \/>\nMaterial: 309,309S<br \/>\nAu\u00dfendurchmesser: 5mm - 300mm<br \/>\nW.T.: Sch. 5S,10S,40S,80S,SCH120, SCH140, SCH160, XXS<br \/>\nL\u00e4nge: 5,8 m, 6 m; auf L\u00e4nge geschnitten<\/p>","protected":false},"featured_media":2475,"template":"","meta":{"_eb_attr":""},"product_brand":[],"product_cat":[30],"product_tag":[],"class_list":{"0":"post-2471","1":"product","2":"type-product","3":"status-publish","4":"has-post-thumbnail","6":"product_cat-stainless-steel-seamless-pipe","8":"first","9":"instock","10":"shipping-taxable","11":"product-type-simple"},"_links":{"self":[{"href":"https:\/\/jblstainless.com\/de\/wp-json\/wp\/v2\/product\/2471","targetHints":{"allow":["GET"]}}],"collection":[{"href":"https:\/\/jblstainless.com\/de\/wp-json\/wp\/v2\/product"}],"about":[{"href":"https:\/\/jblstainless.com\/de\/wp-json\/wp\/v2\/types\/product"}],"version-history":[{"count":5,"href":"https:\/\/jblstainless.com\/de\/wp-json\/wp\/v2\/product\/2471\/revisions"}],"predecessor-version":[{"id":2478,"href":"https:\/\/jblstainless.com\/de\/wp-json\/wp\/v2\/product\/2471\/revisions\/2478"}],"wp:featuredmedia":[{"embeddable":true,"href":"https:\/\/jblstainless.com\/de\/wp-json\/wp\/v2\/media\/2475"}],"wp:attachment":[{"href":"https:\/\/jblstainless.com\/de\/wp-json\/wp\/v2\/media?parent=2471"}],"wp:term":[{"taxonomy":"product_brand","embeddable":true,"href":"https:\/\/jblstainless.com\/de\/wp-json\/wp\/v2\/product_brand?post=2471"},{"taxonomy":"product_cat","embeddable":true,"href":"https:\/\/jblstainless.com\/de\/wp-json\/wp\/v2\/product_cat?post=2471"},{"taxonomy":"product_tag","embeddable":true,"href":"https:\/\/jblstainless.com\/de\/wp-json\/wp\/v2\/product_tag?post=2471"}],"curies":[{"name":"wp","href":"https:\/\/api.w.org\/{rel}","templated":true}]}}