{"id":2492,"date":"2026-02-11T15:19:00","date_gmt":"2026-02-11T07:19:00","guid":{"rendered":"https:\/\/jblstainless.com\/?post_type=product&#038;p=2492"},"modified":"2026-02-11T15:35:14","modified_gmt":"2026-02-11T07:35:14","slug":"nahtloses-rohr-aus-edelstahl-347","status":"publish","type":"product","link":"https:\/\/jblstainless.com\/de\/347-stainless-steel-seamless-pipe\/","title":{"rendered":"Nahtlose Rohre aus Edelstahl 347"},"content":{"rendered":"<div data-elementor-type=\"product-post\" data-elementor-id=\"2492\" class=\"elementor elementor-2492\" data-elementor-post-type=\"product\">\n\t\t\t\t<div class=\"elementor-element elementor-element-fa4a8e3 e-flex e-con-boxed e-con e-parent\" data-id=\"fa4a8e3\" data-element_type=\"container\" data-e-type=\"container\">\n\t\t\t\t\t<div class=\"e-con-inner\">\n\t\t\t\t<div class=\"elementor-element elementor-element-90f0f6b elementor-widget elementor-widget-text-editor\" data-id=\"90f0f6b\" data-element_type=\"widget\" data-e-type=\"widget\" data-widget_type=\"text-editor.default\">\n\t\t\t\t<div class=\"elementor-widget-container\">\n\t\t\t\t\t\t\t\t\t<p>Edelstahl 347 ist eine Sorte, die durch Hinzuf\u00fcgen des stabilisierenden Elements Niob zu austenitischem Chrom-Nickel-Stahl entwickelt wurde. Seine nahtlosen Rohre werden durch Verfahren wie Warmwalzen, Warmstrangpressen, Kaltziehen oder Kaltwalzen hergestellt, was zu Stahlrohren ohne Schwei\u00dfn\u00e4hte an der Innen- oder Au\u00dfenwand f\u00fchrt. Diese Produktionsmethode verleiht den Rohren eine h\u00f6here Druckbelastbarkeit, ein gleichm\u00e4\u00dfigeres Gef\u00fcge und eine ausgezeichnete Ma\u00dfgenauigkeit. <\/p><p>Das nahtlose Rohr aus Edelstahl 347 ist ein niobstabilisiertes austenitisches Edelstahlrohr, das 0,32-1% Niob enth\u00e4lt, um eine Hochtemperatursensibilisierung zu verhindern. Es bietet eine ausgezeichnete Hochtemperaturfestigkeit und Korrosionsbest\u00e4ndigkeit und ist f\u00fcr Bedingungen \u00fcber 425\u00b0C geeignet.<\/p>\t\t\t\t\t\t\t\t<\/div>\n\t\t\t\t<\/div>\n\t\t\t\t\t<\/div>\n\t\t\t\t<\/div>\n\t\t<div class=\"elementor-element elementor-element-cd82651 e-flex e-con-boxed e-con e-parent\" data-id=\"cd82651\" data-element_type=\"container\" data-e-type=\"container\">\n\t\t\t\t\t<div class=\"e-con-inner\">\n\t\t\t\t<div class=\"elementor-element elementor-element-3417544 elementor-widget elementor-widget-heading\" data-id=\"3417544\" data-element_type=\"widget\" data-e-type=\"widget\" data-widget_type=\"heading.default\">\n\t\t\t\t<div class=\"elementor-widget-container\">\n\t\t\t\t\t<h2 class=\"elementor-heading-title elementor-size-default\">Nahtlose Rohre aus Edelstahl 347 Spezifikation<\/h2>\t\t\t\t<\/div>\n\t\t\t\t<\/div>\n\t\t\t\t<div class=\"elementor-element elementor-element-b9d6e08 elementor-widget elementor-widget-text-editor\" data-id=\"b9d6e08\" data-element_type=\"widget\" data-e-type=\"widget\" data-widget_type=\"text-editor.default\">\n\t\t\t\t<div class=\"elementor-widget-container\">\n\t\t\t\t\t\t\t\t\t<p>Norm: ASTM A269, ASTM A213, ASTM A312<\/p><p>Wanddicke: Schedule 10 bis Schedule 160 (3 mm bis 100 mm Dicke)<\/p><p>Gr\u00f6\u00dfe des Au\u00dfendurchmessers: 0,5\u201d NB - 16\u201d NB<\/p><p>L\u00e4nge: 0,1 m - 12,5 m, einfache zuf\u00e4llige L\u00e4nge, doppelte zuf\u00e4llige L\u00e4nge und kundenspezifische Gr\u00f6\u00dfe<\/p><p>Rohrenden: glatt\/abgeschr\u00e4gt\/abgeschr\u00e4gt<\/p><p>Wertsch\u00f6pfende Dienstleistung: Polieren, Anfasen, Honen\/Drehen, W\u00e4rmebehandlung \/ gegl\u00fcht \/ blankgegl\u00fcht\u00a0<\/p>\t\t\t\t\t\t\t\t<\/div>\n\t\t\t\t<\/div>\n\t\t\t\t<div class=\"elementor-element elementor-element-3157ae5 elementor-widget elementor-widget-image\" data-id=\"3157ae5\" data-element_type=\"widget\" data-e-type=\"widget\" data-widget_type=\"image.default\">\n\t\t\t\t<div class=\"elementor-widget-container\">\n\t\t\t\t\t\t\t\t\t\t\t\t\t\t\t<img fetchpriority=\"high\" decoding=\"async\" width=\"1000\" height=\"279\" src=\"https:\/\/jblstainless.com\/wp-content\/uploads\/2025\/09\/stainless-steel-pipe-end.webp\" class=\"attachment-1536x1536 size-1536x1536 wp-image-2201\" alt=\"Nahtlose Rohre aus Edelstahl 347\" srcset=\"https:\/\/jblstainless.com\/wp-content\/uploads\/2025\/09\/stainless-steel-pipe-end.webp 1000w, https:\/\/jblstainless.com\/wp-content\/uploads\/2025\/09\/stainless-steel-pipe-end-700x195.webp 700w, https:\/\/jblstainless.com\/wp-content\/uploads\/2025\/09\/stainless-steel-pipe-end-768x214.webp 768w, https:\/\/jblstainless.com\/wp-content\/uploads\/2025\/09\/stainless-steel-pipe-end-18x5.webp 18w, https:\/\/jblstainless.com\/wp-content\/uploads\/2025\/09\/stainless-steel-pipe-end-600x167.webp 600w\" sizes=\"(max-width: 1000px) 100vw, 1000px\" \/>\t\t\t\t\t\t\t\t\t\t\t\t\t\t\t<\/div>\n\t\t\t\t<\/div>\n\t\t\t\t\t<\/div>\n\t\t\t\t<\/div>\n\t\t<div class=\"elementor-element elementor-element-63f1419 e-flex e-con-boxed e-con e-parent\" data-id=\"63f1419\" data-element_type=\"container\" data-e-type=\"container\">\n\t\t\t\t\t<div class=\"e-con-inner\">\n\t\t\t\t<div class=\"elementor-element elementor-element-7627d60 elementor-widget elementor-widget-heading\" data-id=\"7627d60\" data-element_type=\"widget\" data-e-type=\"widget\" data-widget_type=\"heading.default\">\n\t\t\t\t<div class=\"elementor-widget-container\">\n\t\t\t\t\t<h3 class=\"elementor-heading-title elementor-size-default\">347 Edelstahl Kategorien<\/h3>\t\t\t\t<\/div>\n\t\t\t\t<\/div>\n\t\t\t\t<div class=\"elementor-element elementor-element-690f909 elementor-widget elementor-widget-text-editor\" data-id=\"690f909\" data-element_type=\"widget\" data-e-type=\"widget\" data-widget_type=\"text-editor.default\">\n\t\t\t\t<div class=\"elementor-widget-container\">\n\t\t\t\t\t\t\t\t\t<p>Der rostfreie Stahl 347 ist ein austenitischer rostfreier Stahl, der Niob und Tantal enth\u00e4lt, um die Bildung von Chromkarbiden zu verhindern. Er bietet eine ausgezeichnete Best\u00e4ndigkeit gegen interkristalline Korrosion und ist f\u00fcr Hochtemperaturumgebungen geeignet. Seine Korrosionsbest\u00e4ndigkeit ist besser als die von <a href=\"https:\/\/jblstainless.com\/de\/rohre-aus-edelstahl-321\/\"><u><b>321 rostfreier Stahl<\/b><\/u><\/a>, Dadurch ist es sowohl f\u00fcr Hoch- als auch f\u00fcr Tieftemperaturumgebungen geeignet und weist eine gute Korrosions- und Hitzebest\u00e4ndigkeit auf.<\/p>\t\t\t\t\t\t\t\t<\/div>\n\t\t\t\t<\/div>\n\t\t\t\t<div class=\"elementor-element elementor-element-c1140d6 elementor-widget elementor-widget-text-editor\" data-id=\"c1140d6\" data-element_type=\"widget\" data-e-type=\"widget\" data-widget_type=\"text-editor.default\">\n\t\t\t\t<div class=\"elementor-widget-container\">\n\t\t\t\t\t\t\t\t\t<p>Auf der Grundlage des Kohlenstoffgehalts wird nichtrostender Stahl 347 haupts\u00e4chlich in zwei Sorten unterteilt:<\/p><p><strong>347 Edelstahl (UNS S34700):<\/strong> Sein Kohlenstoffgehalt liegt in der Regel unter 0,08%, so dass es f\u00fcr die meisten Hochtemperatur- und korrosionsbest\u00e4ndigen Anwendungen geeignet ist.<\/p><p><strong>347H Edelstahl (UNS S34709):<\/strong> die kohlenstoffreiche Version von 347, mit einem Kohlenstoffgehalt zwischen 0,04% und 0,10%. Der h\u00f6here Kohlenstoffgehalt in Verbindung mit Niob verbessert die Hochtemperaturfestigkeit und Kriechbest\u00e4ndigkeit des Werkstoffs erheblich, so dass er sich besser f\u00fcr den langfristigen Einsatz in Druckumgebungen bei extrem hohen Temperaturen (in der Regel \u00fcber 538 \u00b0C) eignet.<\/p><p>Aufgrund des unterschiedlichen Kohlenstoffgehalts ist 347H dem Werkstoff 347 in Bezug auf die zul\u00e4ssige Spannung und die Zeitstandfestigkeit bei Temperaturen \u00fcber 538\u00b0C (1000\u00b0F) deutlich \u00fcberlegen, was ihn zu einem der bevorzugten Werkstoffe f\u00fcr Hochtemperaturanwendungen im ASME Boiler and Pressure Vessel Code macht.<\/p>\t\t\t\t\t\t\t\t<\/div>\n\t\t\t\t<\/div>\n\t\t\t\t\t<\/div>\n\t\t\t\t<\/div>\n\t\t<div class=\"elementor-element elementor-element-6601ec4 e-flex e-con-boxed e-con e-parent\" data-id=\"6601ec4\" data-element_type=\"container\" data-e-type=\"container\">\n\t\t\t\t\t<div class=\"e-con-inner\">\n\t\t\t\t<div class=\"elementor-element elementor-element-8ae60bd elementor-widget elementor-widget-heading\" data-id=\"8ae60bd\" data-element_type=\"widget\" data-e-type=\"widget\" data-widget_type=\"heading.default\">\n\t\t\t\t<div class=\"elementor-widget-container\">\n\t\t\t\t\t<h2 class=\"elementor-heading-title elementor-size-default\">Warum SS 347 nahtlose Rohre w\u00e4hlen<\/h2>\t\t\t\t<\/div>\n\t\t\t\t<\/div>\n\t\t\t\t<div class=\"elementor-element elementor-element-5111755 elementor-widget elementor-widget-text-editor\" data-id=\"5111755\" data-element_type=\"widget\" data-e-type=\"widget\" data-widget_type=\"text-editor.default\">\n\t\t\t\t<div class=\"elementor-widget-container\">\n\t\t\t\t\t\t\t\t\t<p>Im Gegensatz zu Stahl der G\u00fcteklasse 304 verf\u00fcgt Edelstahl 347 \u00fcber eine h\u00f6here Kriechfestigkeit und bessere Mitnahmeeigenschaften. Er funktioniert auch am besten unter extremen Hitzebedingungen und hat eine ausgezeichnete Hochdrucktragf\u00e4higkeit. Er hat eine bessere Z\u00e4higkeit zusammen mit einer guten Gesamtfestigkeit.<\/p>\t\t\t\t\t\t\t\t<\/div>\n\t\t\t\t<\/div>\n\t\t\t\t<div class=\"elementor-element elementor-element-528ed51 elementor-widget elementor-widget-text-editor\" data-id=\"528ed51\" data-element_type=\"widget\" data-e-type=\"widget\" data-widget_type=\"text-editor.default\">\n\t\t\t\t<div class=\"elementor-widget-container\">\n\t\t\t\t\t\t\t\t\t<p><strong>1. Nb-stabilisierte Struktur: Unterdr\u00fcckung interkristalliner Korrosion<\/strong><br \/>Im Vergleich zu 304H und 321 enth\u00e4lt der nichtrostende Stahl 347 Niob (Nb), das bevorzugt stabile Karbide mit Kohlenstoff bildet:<\/p><ul><li>Verhindert die Ausscheidung von Chrom an den Korngrenzen: Hemmt interkristalline Korrosion<\/li><li>Eliminiert die komplizierte Behandlung der L\u00f6sung nach dem Schwei\u00dfen: Ideal f\u00fcr gro\u00df angelegte Bauvorhaben vor Ort<\/li><li>Stabileres Mikrogef\u00fcge bei anhaltend hohen Temperaturen<\/li><\/ul>\t\t\t\t\t\t\t\t<\/div>\n\t\t\t\t<\/div>\n\t\t\t\t<div class=\"elementor-element elementor-element-c4fd1fc elementor-widget elementor-widget-text-editor\" data-id=\"c4fd1fc\" data-element_type=\"widget\" data-e-type=\"widget\" data-widget_type=\"text-editor.default\">\n\t\t\t\t<div class=\"elementor-widget-container\">\n\t\t\t\t\t\t\t\t\t<p><strong>2. 347 Nahtlose Stahlrohre: Geeignet f\u00fcr Hochtemperatur- und Hochdruckbedingungen<\/strong><\/p><ul><li>Nahtlose Konstruktion f\u00fcr eine gleichm\u00e4\u00dfigere Spannungsverteilung<\/li><li>H\u00f6here Druckbest\u00e4ndigkeit und Sicherheitskoeffizient<\/li><li>Besser geeignet f\u00fcr Projekte, die eine strenge Einhaltung von ASME-, ASTM- und anderen strengen Normen erfordern<\/li><\/ul>\t\t\t\t\t\t\t\t<\/div>\n\t\t\t\t<\/div>\n\t\t\t\t<div class=\"elementor-element elementor-element-484bdb0 elementor-widget elementor-widget-text-editor\" data-id=\"484bdb0\" data-element_type=\"widget\" data-e-type=\"widget\" data-widget_type=\"text-editor.default\">\n\t\t\t\t<div class=\"elementor-widget-container\">\n\t\t\t\t\t\t\t\t\t<p><strong>3. Festigkeit bei hohen Temperaturen<\/strong><\/p><p>Der nichtrostende Stahl 347 weist eine gr\u00f6\u00dfere Stabilit\u00e4t in den folgenden Punkten auf:<\/p><ul><li>Hervorragende Hochtemperatur-Kriechfestigkeit<\/li><li>Hohe Best\u00e4ndigkeit gegen thermische Erm\u00fcdung<\/li><li>Geringere Verschlechterung der mechanischen Eigenschaften bei Langzeitbetrieb<\/li><\/ul>\t\t\t\t\t\t\t\t<\/div>\n\t\t\t\t<\/div>\n\t\t\t\t<div class=\"elementor-element elementor-element-5fed6bc elementor-widget elementor-widget-text-editor\" data-id=\"5fed6bc\" data-element_type=\"widget\" data-e-type=\"widget\" data-widget_type=\"text-editor.default\">\n\t\t\t\t<div class=\"elementor-widget-container\">\n\t\t\t\t\t\t\t\t\t<p><strong>4. hervorragende Bearbeitbarkeit und Schwei\u00dfbarkeit<\/strong><\/p><p>Nichtrostender Stahl 347 weist eine ausgezeichnete Kalt- und Warmverformbarkeit auf. Bei seiner Warmverarbeitung (z. B. Schmieden und Warmwalzen) herrschen in der Regel Temperaturen von 1150 bis 1250 \u00b0C.<\/p><p>Aufgrund der stabilisierenden Wirkung von Niob sind Schwei\u00dfverbindungen weniger anf\u00e4llig f\u00fcr interkristalline Korrosion, so dass eine W\u00e4rmebehandlung nach dem Schwei\u00dfen im Allgemeinen nicht erforderlich ist.<\/p>\t\t\t\t\t\t\t\t<\/div>\n\t\t\t\t<\/div>\n\t\t\t\t\t<\/div>\n\t\t\t\t<\/div>\n\t\t<div class=\"elementor-element elementor-element-dfaaf83 e-flex e-con-boxed e-con e-parent\" data-id=\"dfaaf83\" data-element_type=\"container\" data-e-type=\"container\">\n\t\t\t\t\t<div class=\"e-con-inner\">\n\t\t\t\t<div class=\"elementor-element elementor-element-67a176a elementor-widget elementor-widget-heading\" data-id=\"67a176a\" data-element_type=\"widget\" data-e-type=\"widget\" data-widget_type=\"heading.default\">\n\t\t\t\t<div class=\"elementor-widget-container\">\n\t\t\t\t\t<h3 class=\"elementor-heading-title elementor-size-default\">347 Edelstahlrohre Chemische Zusammensetzung\n<\/h3>\t\t\t\t<\/div>\n\t\t\t\t<\/div>\n\t\t\t\t<div class=\"elementor-element elementor-element-3a79885 elementor-widget elementor-widget-text-editor\" data-id=\"3a79885\" data-element_type=\"widget\" data-e-type=\"widget\" data-widget_type=\"text-editor.default\">\n\t\t\t\t<div class=\"elementor-widget-container\">\n\t\t\t\t\t\t\t\t\t<table><tbody><tr><th>Standard<\/th><th>Element<\/th><th>C<\/th><th>Cr<\/th><th>Mn<\/th><th>Ni<\/th><th>P<\/th><th>S<\/th><th>Si<\/th><th>Cb\/Ta<\/th><\/tr><tr><td colspan=\"1\" rowspan=\"2\">ASTM A213<br \/>\/ASTM A312<\/td><td>347<\/td><td>0,08 max.<\/td><td>min: 17,0<br \/>max: 20,0<\/td><td>2,0 max.<\/td><td>min: 9,0<br \/>max: 13,0<\/td><td>0,04 max<\/td><td>0.30<br \/>max<\/td><td>0.75<br \/>max<\/td><td>min:10x C<br \/>max: 1,0<\/td><\/tr><tr><td>347H<\/td><td>min: 0,04<br \/>max: 0,10<\/td><td>min: 17,0<br \/>max: 20,0<\/td><td>2,0 max.<\/td><td>min: 9,0<br \/>max: 13,0<\/td><td>0,03 max.<\/td><td>0.30<br \/>max<\/td><td>0.75<br \/>max<\/td><td>min:10x C<br \/>max: 1,0<\/td><\/tr><\/tbody><\/table>\t\t\t\t\t\t\t\t<\/div>\n\t\t\t\t<\/div>\n\t\t\t\t\t<\/div>\n\t\t\t\t<\/div>\n\t\t<div class=\"elementor-element elementor-element-180e660 e-flex e-con-boxed e-con e-parent\" data-id=\"180e660\" data-element_type=\"container\" data-e-type=\"container\">\n\t\t\t\t\t<div class=\"e-con-inner\">\n\t\t\t\t<div class=\"elementor-element elementor-element-856e879 elementor-widget elementor-widget-heading\" data-id=\"856e879\" data-element_type=\"widget\" data-e-type=\"widget\" data-widget_type=\"heading.default\">\n\t\t\t\t<div class=\"elementor-widget-container\">\n\t\t\t\t\t<h3 class=\"elementor-heading-title elementor-size-default\">Mechanische Eigenschaften<\/h3>\t\t\t\t<\/div>\n\t\t\t\t<\/div>\n\t\t\t\t<div class=\"elementor-element elementor-element-15b588b elementor-widget elementor-widget-text-editor\" data-id=\"15b588b\" data-element_type=\"widget\" data-e-type=\"widget\" data-widget_type=\"text-editor.default\">\n\t\t\t\t<div class=\"elementor-widget-container\">\n\t\t\t\t\t\t\t\t\t<table class=\"table\"><tbody><tr><th>Klasse<\/th><th>Zugfestigkeit ksi (MPa) min<\/th><th>Streckgrenze 0.2% ksi Offset ksi (MPa) min<\/th><th>Dehnung (% in 50mm) min<\/th><th>H\u00e4rte (Brinell) MAX<\/th><th>H\u00e4rte (Rockwell B) MAX<\/th><\/tr><tr><td>347\/347H<\/td><td>75<br \/>(515)<\/td><td>30<br \/>(205)<\/td><td>40<\/td><td>201<\/td><td>95<\/td><\/tr><\/tbody><\/table>\t\t\t\t\t\t\t\t<\/div>\n\t\t\t\t<\/div>\n\t\t\t\t\t<\/div>\n\t\t\t\t<\/div>\n\t\t<div class=\"elementor-element elementor-element-46a4eb3 e-flex e-con-boxed e-con e-parent\" data-id=\"46a4eb3\" data-element_type=\"container\" data-e-type=\"container\">\n\t\t\t\t\t<div class=\"e-con-inner\">\n\t\t\t\t<div class=\"elementor-element elementor-element-a4ad9d9 elementor-widget elementor-widget-heading\" data-id=\"a4ad9d9\" data-element_type=\"widget\" data-e-type=\"widget\" data-widget_type=\"heading.default\">\n\t\t\t\t<div class=\"elementor-widget-container\">\n\t\t\t\t\t<h2 class=\"elementor-heading-title elementor-size-default\">Anwendungen<\/h2>\t\t\t\t<\/div>\n\t\t\t\t<\/div>\n\t\t\t\t<div class=\"elementor-element elementor-element-494dd5c elementor-widget elementor-widget-text-editor\" data-id=\"494dd5c\" data-element_type=\"widget\" data-e-type=\"widget\" data-widget_type=\"text-editor.default\">\n\t\t\t\t<div class=\"elementor-widget-container\">\n\t\t\t\t\t\t\t\t\t<p>Mit seinen einzigartigen Leistungsmerkmalen spielt das nahtlose Rohr aus Edelstahl 347 eine unverzichtbare Rolle in zahlreichen Branchen.<\/p>\t\t\t\t\t\t\t\t<\/div>\n\t\t\t\t<\/div>\n\t\t\t\t<div class=\"elementor-element elementor-element-226f583 elementor-widget elementor-widget-text-editor\" data-id=\"226f583\" data-element_type=\"widget\" data-e-type=\"widget\" data-widget_type=\"text-editor.default\">\n\t\t\t\t<div class=\"elementor-widget-container\">\n\t\t\t\t\t\t\t\t\t<p><strong>Erd\u00f6l- und Chemiefabriken<\/strong><\/p><p>Rohre aus Edelstahl 347 bieten eine stabile Leistung nach dem Schwei\u00dfen und interkristalline Korrosionsbest\u00e4ndigkeit, wodurch ungeplante Ausfallzeiten minimiert werden<\/p>\t\t\t\t\t\t\t\t<\/div>\n\t\t\t\t<\/div>\n\t\t\t\t<div class=\"elementor-element elementor-element-6cd585c elementor-widget elementor-widget-text-editor\" data-id=\"6cd585c\" data-element_type=\"widget\" data-e-type=\"widget\" data-widget_type=\"text-editor.default\">\n\t\t\t\t<div class=\"elementor-widget-container\">\n\t\t\t\t\t\t\t\t\t<p><strong>Strom- und Energietechnik<\/strong><\/p><p>347-Stahlrohre sind langfristig hochtemperaturbest\u00e4ndig und bieten eine Lebensdauer von mehr als 20 Jahren.<\/p>\t\t\t\t\t\t\t\t<\/div>\n\t\t\t\t<\/div>\n\t\t\t\t<div class=\"elementor-element elementor-element-0ec288d elementor-widget elementor-widget-text-editor\" data-id=\"0ec288d\" data-element_type=\"widget\" data-e-type=\"widget\" data-widget_type=\"text-editor.default\">\n\t\t\t\t<div class=\"elementor-widget-container\">\n\t\t\t\t\t\t\t\t\t<p><strong>Industrie\u00f6fen und W\u00e4rmebehandlungsanlagen<\/strong><\/p><p>Edelstahl 347 ist resistent gegen thermische Erm\u00fcdung und daher ideal f\u00fcr Anwendungen mit h\u00e4ufigen Start-Stopp-Zyklen.<\/p>\t\t\t\t\t\t\t\t<\/div>\n\t\t\t\t<\/div>\n\t\t\t\t\t<\/div>\n\t\t\t\t<\/div>\n\t\t\t\t<\/div>","protected":false},"excerpt":{"rendered":"<p>Nahtlose Rohre aus Edelstahl 347 sind mit Niob (Nb) stabilisierte austenitische Edelst\u00e4hle, die f\u00fcr den Einsatz bei hohen Temperaturen und im Langzeitbetrieb optimiert sind.<\/p>\n<p>Ausgezeichnete Best\u00e4ndigkeit gegen interkristalline Korrosion<\/p>\n<p>Hervorragende Hochtemperatureigenschaften<\/p>\n<p>Gute Bearbeitbarkeit und Schwei\u00dfbarkeit<\/p>","protected":false},"featured_media":2499,"template":"","meta":{"_eb_attr":""},"product_brand":[],"product_cat":[30],"product_tag":[],"class_list":{"0":"post-2492","1":"product","2":"type-product","3":"status-publish","4":"has-post-thumbnail","6":"product_cat-stainless-steel-seamless-pipe","8":"first","9":"instock","10":"shipping-taxable","11":"product-type-simple"},"_links":{"self":[{"href":"https:\/\/jblstainless.com\/de\/wp-json\/wp\/v2\/product\/2492","targetHints":{"allow":["GET"]}}],"collection":[{"href":"https:\/\/jblstainless.com\/de\/wp-json\/wp\/v2\/product"}],"about":[{"href":"https:\/\/jblstainless.com\/de\/wp-json\/wp\/v2\/types\/product"}],"version-history":[{"count":13,"href":"https:\/\/jblstainless.com\/de\/wp-json\/wp\/v2\/product\/2492\/revisions"}],"predecessor-version":[{"id":2509,"href":"https:\/\/jblstainless.com\/de\/wp-json\/wp\/v2\/product\/2492\/revisions\/2509"}],"wp:featuredmedia":[{"embeddable":true,"href":"https:\/\/jblstainless.com\/de\/wp-json\/wp\/v2\/media\/2499"}],"wp:attachment":[{"href":"https:\/\/jblstainless.com\/de\/wp-json\/wp\/v2\/media?parent=2492"}],"wp:term":[{"taxonomy":"product_brand","embeddable":true,"href":"https:\/\/jblstainless.com\/de\/wp-json\/wp\/v2\/product_brand?post=2492"},{"taxonomy":"product_cat","embeddable":true,"href":"https:\/\/jblstainless.com\/de\/wp-json\/wp\/v2\/product_cat?post=2492"},{"taxonomy":"product_tag","embeddable":true,"href":"https:\/\/jblstainless.com\/de\/wp-json\/wp\/v2\/product_tag?post=2492"}],"curies":[{"name":"wp","href":"https:\/\/api.w.org\/{rel}","templated":true}]}}