{"id":2515,"date":"2026-03-05T17:22:40","date_gmt":"2026-03-05T09:22:40","guid":{"rendered":"https:\/\/jblstainless.com\/?post_type=product&#038;p=2515"},"modified":"2026-03-05T17:25:52","modified_gmt":"2026-03-05T09:25:52","slug":"410-nahtloses-edelstahlrohr","status":"publish","type":"product","link":"https:\/\/jblstainless.com\/de\/410-seamless-stainless-steel-pipe\/","title":{"rendered":"410 Nahtlose Edelstahlrohre"},"content":{"rendered":"<div data-elementor-type=\"product-post\" data-elementor-id=\"2515\" class=\"elementor elementor-2515\" data-elementor-post-type=\"product\">\n\t\t\t\t<div class=\"elementor-element elementor-element-a3d817c e-flex e-con-boxed e-con e-parent\" data-id=\"a3d817c\" data-element_type=\"container\" data-e-type=\"container\">\n\t\t\t\t\t<div class=\"e-con-inner\">\n\t\t\t\t<div class=\"elementor-element elementor-element-b746704 elementor-widget elementor-widget-text-editor\" data-id=\"b746704\" data-element_type=\"widget\" data-e-type=\"widget\" data-widget_type=\"text-editor.default\">\n\t\t\t\t<div class=\"elementor-widget-container\">\n\t\t\t\t\t\t\t\t\t<p>410 ist ein typischer martensitischer rostfreier Stahl, auch bekannt als \u201c1Cr13\u201d, der etwa 12% Chrom enth\u00e4lt. Er bietet eine m\u00e4\u00dfige Korrosionsbest\u00e4ndigkeit, gute mechanische Festigkeit, W\u00e4rmebehandelbarkeit und magnetische Eigenschaften und wird h\u00e4ufig f\u00fcr die Herstellung verschiedener verschlei\u00dffester, hochfester mechanischer Komponenten verwendet.<\/p><p>Im Gegensatz zu typischen austenitischen nichtrostenden St\u00e4hlen (<a href=\"https:\/\/jblstainless.com\/de\/nahtloses-rohr-aus-edelstahl-304\/\"><em><span style=\"text-decoration: underline;\"><strong>304<\/strong><\/span><\/em><\/a>\/<a href=\"https:\/\/jblstainless.com\/de\/nahtloses-rohr-aus-edelstahl-316\/\"><span style=\"text-decoration: underline;\"><em><strong>316<\/strong><\/em><\/span><\/a>), 410-Stahl weist eine kubisch-raumzentrierte Kristallstruktur auf und besitzt magnetische Eigenschaften. Seine Festigkeit und H\u00e4rte lassen sich durch W\u00e4rmebehandlungen wie Abschrecken und Anlassen erheblich steigern. Er kann im unbehandelten Zustand geformt werden und erreicht nach der W\u00e4rmebehandlung eine ausgezeichnete Festigkeit und Verschlei\u00dffestigkeit.<\/p>\t\t\t\t\t\t\t\t<\/div>\n\t\t\t\t<\/div>\n\t\t\t\t\t<\/div>\n\t\t\t\t<\/div>\n\t\t<div class=\"elementor-element elementor-element-407e44c e-flex e-con-boxed e-con e-parent\" data-id=\"407e44c\" data-element_type=\"container\" data-e-type=\"container\">\n\t\t\t\t\t<div class=\"e-con-inner\">\n\t\t\t\t<div class=\"elementor-element elementor-element-e673dc0 elementor-widget elementor-widget-heading\" data-id=\"e673dc0\" data-element_type=\"widget\" data-e-type=\"widget\" data-widget_type=\"heading.default\">\n\t\t\t\t<div class=\"elementor-widget-container\">\n\t\t\t\t\t<h2 class=\"elementor-heading-title elementor-size-default\">Warum 410 nahtlose Edelstahlrohre<\/h2>\t\t\t\t<\/div>\n\t\t\t\t<\/div>\n\t\t\t\t<div class=\"elementor-element elementor-element-a685033 elementor-widget elementor-widget-text-editor\" data-id=\"a685033\" data-element_type=\"widget\" data-e-type=\"widget\" data-widget_type=\"text-editor.default\">\n\t\t\t\t<div class=\"elementor-widget-container\">\n\t\t\t\t\t\t\t\t\t<p>Nahtlose Rohre aus Edelstahl 410 sind durch Warmwalzen oder Strangpressen hergestellte Hohlprofile mit glatter Oberfl\u00e4che und pr\u00e4zisen Querschnittsabmessungen.<\/p><p>JBLSTEEL ist Hersteller, Exporteur und Lieferant von hochwertigen 410 nahtlosen Edelstahlrohren. Wir liefern alle 410 ss Rohr in verschiedenen Gr\u00f6\u00dfen, Durchmessern und Arten wie nahtlose, geschwei\u00dfte und fabriziert. 410 Rohr ist auch in verschiedenen Gr\u00f6\u00dfen, Formen wie pro die Anforderungen unserer Kunden zur Verf\u00fcgung. Wir f\u00fchren strenge Inspektionen f\u00fcr jede Charge von 410 Rohren durch. Materialpr\u00fcfungszertifikate (MTC) und Berichte \u00fcber die mechanischen Eigenschaften sind vor dem Versand erh\u00e4ltlich, in \u00dcbereinstimmung mit den ASTM\/ASME\/JIS\/GB-Normen.<\/p>\t\t\t\t\t\t\t\t<\/div>\n\t\t\t\t<\/div>\n\t\t\t\t\t<\/div>\n\t\t\t\t<\/div>\n\t\t<div class=\"elementor-element elementor-element-ca1fa32 e-flex e-con-boxed e-con e-parent\" data-id=\"ca1fa32\" data-element_type=\"container\" data-e-type=\"container\">\n\t\t\t\t\t<div class=\"e-con-inner\">\n\t\t\t\t<div class=\"elementor-element elementor-element-f41159a elementor-widget elementor-widget-image\" data-id=\"f41159a\" data-element_type=\"widget\" data-e-type=\"widget\" data-widget_type=\"image.default\">\n\t\t\t\t<div class=\"elementor-widget-container\">\n\t\t\t\t\t\t\t\t\t\t\t\t\t\t\t<img fetchpriority=\"high\" decoding=\"async\" width=\"800\" height=\"394\" src=\"https:\/\/jblstainless.com\/wp-content\/uploads\/2025\/04\/stainless-steel-pipe-surface-treatment.webp\" class=\"attachment-large size-large wp-image-1357\" alt=\"420 Edelstahlrohre\" srcset=\"https:\/\/jblstainless.com\/wp-content\/uploads\/2025\/04\/stainless-steel-pipe-surface-treatment.webp 1000w, https:\/\/jblstainless.com\/wp-content\/uploads\/2025\/04\/stainless-steel-pipe-surface-treatment-300x148.webp 300w, https:\/\/jblstainless.com\/wp-content\/uploads\/2025\/04\/stainless-steel-pipe-surface-treatment-768x379.webp 768w, https:\/\/jblstainless.com\/wp-content\/uploads\/2025\/04\/stainless-steel-pipe-surface-treatment-18x9.webp 18w, https:\/\/jblstainless.com\/wp-content\/uploads\/2025\/04\/stainless-steel-pipe-surface-treatment-600x296.webp 600w\" sizes=\"(max-width: 800px) 100vw, 800px\" \/>\t\t\t\t\t\t\t\t\t\t\t\t\t\t\t<\/div>\n\t\t\t\t<\/div>\n\t\t\t\t\t<\/div>\n\t\t\t\t<\/div>\n\t\t<div class=\"elementor-element elementor-element-1ad82db e-flex e-con-boxed e-con e-parent\" data-id=\"1ad82db\" data-element_type=\"container\" data-e-type=\"container\">\n\t\t\t\t\t<div class=\"e-con-inner\">\n\t\t\t\t<div class=\"elementor-element elementor-element-cfd7c5e elementor-widget elementor-widget-heading\" data-id=\"cfd7c5e\" data-element_type=\"widget\" data-e-type=\"widget\" data-widget_type=\"heading.default\">\n\t\t\t\t<div class=\"elementor-widget-container\">\n\t\t\t\t\t<h3 class=\"elementor-heading-title elementor-size-default\">410 Edelstahlrohre Vorteil\n<\/h3>\t\t\t\t<\/div>\n\t\t\t\t<\/div>\n\t\t\t\t<div class=\"elementor-element elementor-element-a57e256 elementor-widget elementor-widget-text-editor\" data-id=\"a57e256\" data-element_type=\"widget\" data-e-type=\"widget\" data-widget_type=\"text-editor.default\">\n\t\t\t\t<div class=\"elementor-widget-container\">\n\t\t\t\t\t\t\t\t\t<p>410 ist ein gegl\u00fchter rostfreier Stahl mit hohen mechanischen Eigenschaften, der sowohl im gegl\u00fchten als auch im geh\u00e4rteten Zustand hervorragende magnetische Eigenschaften aufweist.<\/p>\t\t\t\t\t\t\t\t<\/div>\n\t\t\t\t<\/div>\n\t\t\t\t<div class=\"elementor-element elementor-element-afc72e6 elementor-widget elementor-widget-text-editor\" data-id=\"afc72e6\" data-element_type=\"widget\" data-e-type=\"widget\" data-widget_type=\"text-editor.default\">\n\t\t\t\t<div class=\"elementor-widget-container\">\n\t\t\t\t\t\t\t\t\t<p><strong>Korrosionsbest\u00e4ndigkeit:<\/strong><\/p><p>Ausgezeichnete Korrosionsbest\u00e4ndigkeit in Umgebungen mit niedrigen bis mittleren Temperaturen und leicht korrosiven Medien (z. B. sauberes Wasser, \u00d6l, saure Gase), jedoch ungeeignet f\u00fcr Umgebungen mit hohem Chloridgehalt. F\u00fcr stark korrosive Medien wie S\u00e4uren, Laugen und Seewasser ist ein zus\u00e4tzlicher Schutz erforderlich.<\/p>\t\t\t\t\t\t\t\t<\/div>\n\t\t\t\t<\/div>\n\t\t\t\t<div class=\"elementor-element elementor-element-15d18ca elementor-widget elementor-widget-text-editor\" data-id=\"15d18ca\" data-element_type=\"widget\" data-e-type=\"widget\" data-widget_type=\"text-editor.default\">\n\t\t\t\t<div class=\"elementor-widget-container\">\n\t\t\t\t\t\t\t\t\t<p><strong>Hitzebest\u00e4ndigkeit:<\/strong><\/p><p>Kann m\u00e4\u00dfigen Temperaturbereichen standhalten (typische Betriebstemperatur \u2264 350 \u00b0C) und wird h\u00e4ufig in Dampfrohrleitungen und W\u00e4rmebehandlungsanlagen verwendet. Maximale Hitzebest\u00e4ndigkeit \u00fcbersteigt 600-650\u00b0C, mit hervorragender Oxidationsbest\u00e4ndigkeit (h\u00f6her als gew\u00f6hnlicher Kohlenstoffstahl).<\/p>\t\t\t\t\t\t\t\t<\/div>\n\t\t\t\t<\/div>\n\t\t\t\t<div class=\"elementor-element elementor-element-7c858f5 elementor-widget elementor-widget-text-editor\" data-id=\"7c858f5\" data-element_type=\"widget\" data-e-type=\"widget\" data-widget_type=\"text-editor.default\">\n\t\t\t\t<div class=\"elementor-widget-container\">\n\t\t\t\t\t\t\t\t\t<p><strong>Verarbeitbarkeit:<\/strong><\/p><p>Erweicht im gegl\u00fchten Zustand und erm\u00f6glicht eine sekund\u00e4re Verarbeitung wie Biegen oder Pressen; h\u00e4rtet im abgeschreckten Zustand; verschlei\u00dffest, aber rissanf\u00e4llig. 410-Stahl weist eine hohe H\u00e4rte und Festigkeit auf und muss vor dem Schwei\u00dfen und Umformen vorgew\u00e4rmt werden, gefolgt von einer W\u00e4rmebehandlung nach dem Schwei\u00dfen.<\/p>\t\t\t\t\t\t\t\t<\/div>\n\t\t\t\t<\/div>\n\t\t\t\t<div class=\"elementor-element elementor-element-085da19 elementor-widget elementor-widget-text-editor\" data-id=\"085da19\" data-element_type=\"widget\" data-e-type=\"widget\" data-widget_type=\"text-editor.default\">\n\t\t\t\t<div class=\"elementor-widget-container\">\n\t\t\t\t\t\t\t\t\t<p><strong>Hohe Festigkeit, hohe H\u00e4rte:<\/strong><\/p><p>Der rostfreie Stahl 410 kann nach der W\u00e4rmebehandlung eine extrem hohe Festigkeit und H\u00e4rte erreichen und bietet damit Vorteile gegen\u00fcber vielen austenitischen und ferritischen Stahlsorten. Dies bedeutet, dass er eine hervorragende Verschlei\u00df- und Schlagfestigkeit unter hohen Belastungen bietet, wie z. B. bei Hochdruckleitungen und mechanischen Komponenten.<\/p>\t\t\t\t\t\t\t\t<\/div>\n\t\t\t\t<\/div>\n\t\t\t\t\t<\/div>\n\t\t\t\t<\/div>\n\t\t<div class=\"elementor-element elementor-element-52d2366 e-flex e-con-boxed e-con e-parent\" data-id=\"52d2366\" data-element_type=\"container\" data-e-type=\"container\">\n\t\t\t\t\t<div class=\"e-con-inner\">\n\t\t\t\t<div class=\"elementor-element elementor-element-66b6e32 elementor-widget elementor-widget-heading\" data-id=\"66b6e32\" data-element_type=\"widget\" data-e-type=\"widget\" data-widget_type=\"heading.default\">\n\t\t\t\t<div class=\"elementor-widget-container\">\n\t\t\t\t\t<h3 class=\"elementor-heading-title elementor-size-default\">410 Edelstahl Eigenschaften\n<\/h3>\t\t\t\t<\/div>\n\t\t\t\t<\/div>\n\t\t\t\t<div class=\"elementor-element elementor-element-8270825 elementor-widget elementor-widget-heading\" data-id=\"8270825\" data-element_type=\"widget\" data-e-type=\"widget\" data-widget_type=\"heading.default\">\n\t\t\t\t<div class=\"elementor-widget-container\">\n\t\t\t\t\t<h4 class=\"elementor-heading-title elementor-size-default\">Chemische Zusammensetzung\n<\/h4>\t\t\t\t<\/div>\n\t\t\t\t<\/div>\n\t\t\t\t<div class=\"elementor-element elementor-element-451cd71 elementor-widget elementor-widget-text-editor\" data-id=\"451cd71\" data-element_type=\"widget\" data-e-type=\"widget\" data-widget_type=\"text-editor.default\">\n\t\t\t\t<div class=\"elementor-widget-container\">\n\t\t\t\t\t\t\t\t\t<table><tbody><tr><td colspan=\"2\">Klasse<\/td><td>C<\/td><td>Mn<\/td><td>Si<\/td><td>P<\/td><td>S<\/td><td>Cr<\/td><td>Mo<\/td><td>Ni<\/td><td>N<\/td><\/tr><tr><td rowspan=\"2\">410<\/td><td>min.<\/td><td>-<\/td><td>-<\/td><td>-<\/td><td>-<\/td><td>-<\/td><td>11.5<\/td><td>-<\/td><td>-<\/td><td>-<\/td><\/tr><tr><td>maximal.<\/td><td>0.15<\/td><td>1.0<\/td><td>1.00<\/td><td>0.040<\/td><td>0.030<\/td><td>13.5<\/td><td>-<\/td><td>0.75<\/td><td>-<\/td><\/tr><\/tbody><\/table>\t\t\t\t\t\t\t\t<\/div>\n\t\t\t\t<\/div>\n\t\t\t\t<div class=\"elementor-element elementor-element-2e3caf7 elementor-widget elementor-widget-heading\" data-id=\"2e3caf7\" data-element_type=\"widget\" data-e-type=\"widget\" data-widget_type=\"heading.default\">\n\t\t\t\t<div class=\"elementor-widget-container\">\n\t\t\t\t\t<h4 class=\"elementor-heading-title elementor-size-default\">Mechanische Eigenschaften\n<\/h4>\t\t\t\t<\/div>\n\t\t\t\t<\/div>\n\t\t\t\t<div class=\"elementor-element elementor-element-79ed0e6 elementor-widget elementor-widget-text-editor\" data-id=\"79ed0e6\" data-element_type=\"widget\" data-e-type=\"widget\" data-widget_type=\"text-editor.default\">\n\t\t\t\t<div class=\"elementor-widget-container\">\n\t\t\t\t\t\t\t\t\t<table>\n\t<tbody>\n\t\t<tr>\n\t\t\t<td rowspan=\"2\">Klasse<\/td>\n\t\t\t<td rowspan=\"2\">TS min<\/td>\n\t\t\t<td rowspan=\"2\">Dehnung (% in 50mm)<\/td>\n\t\t\t<td rowspan=\"2\">YS 0.2% Nachweis min<\/td>\n\t\t\t<td colspan=\"2\">H\u00e4rte<\/td>\n\t\t<\/tr>\n\t\t<tr>\n\t\t\t<td>Rockwell B max<\/td>\n\t\t\t<td>Brinell max<\/td>\n\t\t<\/tr>\n\t\t<tr>\n\t\t\t<td>410<\/td>\n\t\t\t<td>480 MPa<\/td>\n\t\t\t<td>16 min<\/td>\n\t\t\t<td>275 MPa<\/td>\n\t\t\t<td>95 HR B<\/td>\n\t\t\t<td>201 HB<\/td>\n\t\t<\/tr>\n\t<\/tbody>\n<\/table>\n\t\t\t\t\t\t\t\t<\/div>\n\t\t\t\t<\/div>\n\t\t\t\t<div class=\"elementor-element elementor-element-dbdfe89 elementor-widget elementor-widget-heading\" data-id=\"dbdfe89\" data-element_type=\"widget\" data-e-type=\"widget\" data-widget_type=\"heading.default\">\n\t\t\t\t<div class=\"elementor-widget-container\">\n\t\t\t\t\t<h4 class=\"elementor-heading-title elementor-size-default\">Gleichwertiges Material\n<\/h4>\t\t\t\t<\/div>\n\t\t\t\t<\/div>\n\t\t\t\t<div class=\"elementor-element elementor-element-ad2b12a elementor-widget elementor-widget-text-editor\" data-id=\"ad2b12a\" data-element_type=\"widget\" data-e-type=\"widget\" data-widget_type=\"text-editor.default\">\n\t\t\t\t<div class=\"elementor-widget-container\">\n\t\t\t\t\t\t\t\t\t<table>\n\t<tbody>\n\t\t<tr>\n\t\t\t<td rowspan=\"2\">Klasse<\/td>\n\t\t\t<td rowspan=\"2\">UNS-Nr.<\/td>\n\t\t\t<td colspan=\"2\">Alt-Britisch<\/td>\n\t\t\t<td colspan=\"2\">Euronorm<\/td>\n\t\t\t<td rowspan=\"2\">Schwedische SS<\/td>\n\t\t\t<td rowspan=\"2\">Japanisch JIS<\/td>\n\t\t<\/tr>\n\t\t<tr>\n\t\t\t<td>BS<\/td>\n\t\t\t<td>En<\/td>\n\t\t\t<td>Nein<\/td>\n\t\t\t<td>Name<\/td>\n\t\t<\/tr>\n\t\t<tr>\n\t\t\t<td>410<\/td>\n\t\t\t<td>S41000<\/td>\n\t\t\t<td>410S21<\/td>\n\t\t\t<td>56A<\/td>\n\t\t\t<td>1.4006<\/td>\n\t\t\t<td>X12Cr13<\/td>\n\t\t\t<td>2302<\/td>\n\t\t\t<td>SUS 410<\/td>\n\t\t<\/tr>\n\t<\/tbody>\n<\/table>\n\t\t\t\t\t\t\t\t<\/div>\n\t\t\t\t<\/div>\n\t\t\t\t\t<\/div>\n\t\t\t\t<\/div>\n\t\t\t\t<\/div>","protected":false},"excerpt":{"rendered":"<p>Das nahtlose Edelstahlrohr 410 ist ein durch Warmwalzen oder Strangpressen hergestelltes Hohlrohr mit glatter Oberfl\u00e4che und pr\u00e4zisen Querschnittsabmessungen.<\/p>\n<p>Norm:ASTM A312, ASM A213, DIN 1.4006, JIS G4303<\/p>\n<p>Gr\u00f6\u00dfe: 1\/4\u201d - 16\u201d<\/p>\n<p>Wanddicke: Sch 10, 40, 80, 160 &amp; XXH<\/p>\n<p>L\u00e4nge: 6m, 12m, oder auf L\u00e4nge geschnitten<\/p>","protected":false},"featured_media":2513,"template":"","meta":{"_eb_attr":""},"product_brand":[],"product_cat":[30],"product_tag":[],"class_list":{"0":"post-2515","1":"product","2":"type-product","3":"status-publish","4":"has-post-thumbnail","6":"product_cat-stainless-steel-seamless-pipe","8":"first","9":"instock","10":"shipping-taxable","11":"product-type-simple"},"_links":{"self":[{"href":"https:\/\/jblstainless.com\/de\/wp-json\/wp\/v2\/product\/2515","targetHints":{"allow":["GET"]}}],"collection":[{"href":"https:\/\/jblstainless.com\/de\/wp-json\/wp\/v2\/product"}],"about":[{"href":"https:\/\/jblstainless.com\/de\/wp-json\/wp\/v2\/types\/product"}],"version-history":[{"count":4,"href":"https:\/\/jblstainless.com\/de\/wp-json\/wp\/v2\/product\/2515\/revisions"}],"predecessor-version":[{"id":2519,"href":"https:\/\/jblstainless.com\/de\/wp-json\/wp\/v2\/product\/2515\/revisions\/2519"}],"wp:featuredmedia":[{"embeddable":true,"href":"https:\/\/jblstainless.com\/de\/wp-json\/wp\/v2\/media\/2513"}],"wp:attachment":[{"href":"https:\/\/jblstainless.com\/de\/wp-json\/wp\/v2\/media?parent=2515"}],"wp:term":[{"taxonomy":"product_brand","embeddable":true,"href":"https:\/\/jblstainless.com\/de\/wp-json\/wp\/v2\/product_brand?post=2515"},{"taxonomy":"product_cat","embeddable":true,"href":"https:\/\/jblstainless.com\/de\/wp-json\/wp\/v2\/product_cat?post=2515"},{"taxonomy":"product_tag","embeddable":true,"href":"https:\/\/jblstainless.com\/de\/wp-json\/wp\/v2\/product_tag?post=2515"}],"curies":[{"name":"wp","href":"https:\/\/api.w.org\/{rel}","templated":true}]}}