{"id":2536,"date":"2026-03-24T17:28:39","date_gmt":"2026-03-24T09:28:39","guid":{"rendered":"https:\/\/jblstainless.com\/?post_type=product&#038;p=2536"},"modified":"2026-03-24T17:28:40","modified_gmt":"2026-03-24T09:28:40","slug":"nahtloses-rohr-aus-edelstahl-409l","status":"publish","type":"product","link":"https:\/\/jblstainless.com\/de\/409l-stainless-steel-seamless-pipe\/","title":{"rendered":"Nahtlose Rohre aus Edelstahl 409L"},"content":{"rendered":"<div data-elementor-type=\"product-post\" data-elementor-id=\"2536\" class=\"elementor elementor-2536\" data-elementor-post-type=\"product\">\n\t\t\t\t<div class=\"elementor-element elementor-element-8e32f64 e-flex e-con-boxed e-con e-parent\" data-id=\"8e32f64\" data-element_type=\"container\" data-e-type=\"container\">\n\t\t\t\t\t<div class=\"e-con-inner\">\n\t\t\t\t<div class=\"elementor-element elementor-element-71208c1c elementor-widget elementor-widget-text-editor\" data-id=\"71208c1c\" data-element_type=\"widget\" data-e-type=\"widget\" data-widget_type=\"text-editor.default\">\n\t\t\t\t<div class=\"elementor-widget-container\">\n\t\t\t\t\t\t\t\t\t<p>Bei Hochtemperatur-Auspuffanlagen, im Automobilbau und bei W\u00e4rmetauschern entscheidet die Wahl des Materials h\u00e4ufig \u00fcber die Lebensdauer und die Wartungskosten des Projekts.<\/p><p>Wenn Sie nach einem Material suchen, das:<\/p><ul><li>Kosteng\u00fcnstiger als austenitischer rostfreier Stahl (wie 304\/316)<\/li><li>Bietet gute Oxidationsbest\u00e4ndigkeit<\/li><li>Und geeignet f\u00fcr Umgebungen mit mittleren und hohen Temperaturen (600-800\u00b0C)<\/li><\/ul><p>Das nahtlose 409L-Edelstahlrohr ist m\u00f6glicherweise eine der kosteng\u00fcnstigsten L\u00f6sungen, die derzeit auf dem Markt erh\u00e4ltlich sind.<\/p>\t\t\t\t\t\t\t\t<\/div>\n\t\t\t\t<\/div>\n\t\t\t\t\t<\/div>\n\t\t\t\t<\/div>\n\t\t<div class=\"elementor-element elementor-element-e3482ac e-flex e-con-boxed e-con e-parent\" data-id=\"e3482ac\" data-element_type=\"container\" data-e-type=\"container\">\n\t\t\t\t\t<div class=\"e-con-inner\">\n\t\t\t\t<div class=\"elementor-element elementor-element-e4e679b elementor-widget elementor-widget-heading\" data-id=\"e4e679b\" data-element_type=\"widget\" data-e-type=\"widget\" data-widget_type=\"heading.default\">\n\t\t\t\t<div class=\"elementor-widget-container\">\n\t\t\t\t\t<h2 class=\"elementor-heading-title elementor-size-default\">Nahtlose Rohre aus Edelstahl 409L Spezifikation<\/h2>\t\t\t\t<\/div>\n\t\t\t\t<\/div>\n\t\t\t\t<div class=\"elementor-element elementor-element-585a701 elementor-widget elementor-widget-text-editor\" data-id=\"585a701\" data-element_type=\"widget\" data-e-type=\"widget\" data-widget_type=\"text-editor.default\">\n\t\t\t\t<div class=\"elementor-widget-container\">\n\t\t\t\t\t\t\t\t\t<p>Der nichtrostende Stahl 409L (AISI 409L) ist ein typischer ferritischer nichtrostender Stahl, der gemeinhin als \u201cAutomobilauspuffstahl\u201d oder \u201cAuspuffstahl\u201d bezeichnet wird und auch als hitzebest\u00e4ndiger Stahl mit guter Oxidationsbest\u00e4ndigkeit und Schwei\u00dfbarkeit bekannt ist. Es handelt sich um eine kohlenstoffarme Variante des rostfreien Stahls 409 (wobei L\u201c f\u00fcr Low Carbon\u201d steht), mit reduziertem Kohlenstoffgehalt zur Verbesserung der Schwei\u00dfbarkeit und der Best\u00e4ndigkeit gegen interkristalline Korrosion. Aufgrund seiner relativ geringen Kosten und seiner stabilen Leistung wird er h\u00e4ufig in Auspuffanlagen von Kraftfahrzeugen, W\u00e4rmetauschern und anderen Hochtemperaturumgebungen eingesetzt.<\/p><p>Im Vergleich zu Edelstahl 409 hat 409L einen geringeren Kohlenstoffgehalt und beh\u00e4lt seine hohe Z\u00e4higkeit ohne W\u00e4rmebehandlung nach dem Schwei\u00dfen bei, wodurch das Problem der Verspr\u00f6dung nach dem Schwei\u00dfen\u201c, das bei herk\u00f6mmlichen ferritischen Edelst\u00e4hlen auftritt, vollst\u00e4ndig gel\u00f6st wird.<\/p>\t\t\t\t\t\t\t\t<\/div>\n\t\t\t\t<\/div>\n\t\t\t\t<div class=\"elementor-element elementor-element-ecb1e2b elementor-widget elementor-widget-text-editor\" data-id=\"ecb1e2b\" data-element_type=\"widget\" data-e-type=\"widget\" data-widget_type=\"text-editor.default\">\n\t\t\t\t<div class=\"elementor-widget-container\">\n\t\t\t\t\t\t\t\t\t<p>Die von uns hergestellten 409L-Edelstahlrohre sind in einer breiten Palette von Spezifikationen, Gr\u00f6\u00dfen, Durchmessern und Formen erh\u00e4ltlich.<\/p><ul><li>Herstellungstechniken: Warmgewalzt, kaltgezogen<\/li><li>Norm: ASTM A268, GB\/T 14976, JIS G3468, usw.<\/li><li>Au\u00dfendurchmesser: \u03a66-\u03a6630mm<\/li><li>Wanddicke: 0,5-30mm, SCH 5, SCH10, SCH 40, SCH 80, SCH 80S, SCH 160, SCH XXS, SCH XS<\/li><li>Oberfl\u00e4che: Gebeizt, poliert, kugelgestrahlt, oder nach Bedarf<\/li><li>Prozess-Service: Schmieden, Endbearbeitung, zerst\u00f6rende Pr\u00fcfung, W\u00e4rmebehandlung, maschinelle Bearbeitung, Gl\u00fchen<\/li><\/ul>\t\t\t\t\t\t\t\t<\/div>\n\t\t\t\t<\/div>\n\t\t\t\t<div class=\"elementor-element elementor-element-328a614 elementor-widget elementor-widget-image\" data-id=\"328a614\" data-element_type=\"widget\" data-e-type=\"widget\" data-widget_type=\"image.default\">\n\t\t\t\t<div class=\"elementor-widget-container\">\n\t\t\t\t\t\t\t\t\t\t\t\t\t\t\t<img fetchpriority=\"high\" decoding=\"async\" width=\"800\" height=\"400\" src=\"https:\/\/jblstainless.com\/wp-content\/uploads\/2025\/06\/316-pipe-surface-finish.webp\" class=\"attachment-large size-large wp-image-1669\" alt=\"430 Edelstahlrohre\" srcset=\"https:\/\/jblstainless.com\/wp-content\/uploads\/2025\/06\/316-pipe-surface-finish.webp 1000w, https:\/\/jblstainless.com\/wp-content\/uploads\/2025\/06\/316-pipe-surface-finish-300x150.webp 300w, https:\/\/jblstainless.com\/wp-content\/uploads\/2025\/06\/316-pipe-surface-finish-768x384.webp 768w, https:\/\/jblstainless.com\/wp-content\/uploads\/2025\/06\/316-pipe-surface-finish-18x9.webp 18w, https:\/\/jblstainless.com\/wp-content\/uploads\/2025\/06\/316-pipe-surface-finish-600x300.webp 600w\" sizes=\"(max-width: 800px) 100vw, 800px\" \/>\t\t\t\t\t\t\t\t\t\t\t\t\t\t\t<\/div>\n\t\t\t\t<\/div>\n\t\t\t\t\t<\/div>\n\t\t\t\t<\/div>\n\t\t<div class=\"elementor-element elementor-element-baf2533 e-flex e-con-boxed e-con e-parent\" data-id=\"baf2533\" data-element_type=\"container\" data-e-type=\"container\">\n\t\t\t\t\t<div class=\"e-con-inner\">\n\t\t\t\t<div class=\"elementor-element elementor-element-3a8ae64 elementor-widget elementor-widget-image\" data-id=\"3a8ae64\" data-element_type=\"widget\" data-e-type=\"widget\" data-widget_type=\"image.default\">\n\t\t\t\t<div class=\"elementor-widget-container\">\n\t\t\t\t\t\t\t\t\t\t\t\t\t\t\t<img decoding=\"async\" width=\"300\" height=\"278\" src=\"https:\/\/jblstainless.com\/wp-content\/uploads\/2025\/03\/steel-pipe.webp\" class=\"attachment-large size-large wp-image-1136\" alt=\"Stahlrohr\" srcset=\"https:\/\/jblstainless.com\/wp-content\/uploads\/2025\/03\/steel-pipe.webp 300w, https:\/\/jblstainless.com\/wp-content\/uploads\/2025\/03\/steel-pipe-13x12.webp 13w\" sizes=\"(max-width: 300px) 100vw, 300px\" \/>\t\t\t\t\t\t\t\t\t\t\t\t\t\t\t<\/div>\n\t\t\t\t<\/div>\n\t\t\t\t<div class=\"elementor-element elementor-element-ea9700f elementor-widget elementor-widget-image\" data-id=\"ea9700f\" data-element_type=\"widget\" data-e-type=\"widget\" data-widget_type=\"image.default\">\n\t\t\t\t<div class=\"elementor-widget-container\">\n\t\t\t\t\t\t\t\t\t\t\t\t\t\t\t<img decoding=\"async\" width=\"300\" height=\"278\" src=\"https:\/\/jblstainless.com\/wp-content\/uploads\/2025\/03\/stainless-steel-tube.webp\" class=\"attachment-large size-large wp-image-1137\" alt=\"Edelstahlrohr\" srcset=\"https:\/\/jblstainless.com\/wp-content\/uploads\/2025\/03\/stainless-steel-tube.webp 300w, https:\/\/jblstainless.com\/wp-content\/uploads\/2025\/03\/stainless-steel-tube-13x12.webp 13w\" sizes=\"(max-width: 300px) 100vw, 300px\" \/>\t\t\t\t\t\t\t\t\t\t\t\t\t\t\t<\/div>\n\t\t\t\t<\/div>\n\t\t\t\t<div class=\"elementor-element elementor-element-5aed175 elementor-widget elementor-widget-image\" data-id=\"5aed175\" data-element_type=\"widget\" data-e-type=\"widget\" data-widget_type=\"image.default\">\n\t\t\t\t<div class=\"elementor-widget-container\">\n\t\t\t\t\t\t\t\t\t\t\t\t\t\t\t<img loading=\"lazy\" decoding=\"async\" width=\"300\" height=\"278\" src=\"https:\/\/jblstainless.com\/wp-content\/uploads\/2025\/03\/steel-tube-1.webp\" class=\"attachment-large size-large wp-image-1139\" alt=\"Stahlrohr\" srcset=\"https:\/\/jblstainless.com\/wp-content\/uploads\/2025\/03\/steel-tube-1.webp 300w, https:\/\/jblstainless.com\/wp-content\/uploads\/2025\/03\/steel-tube-1-13x12.webp 13w\" sizes=\"(max-width: 300px) 100vw, 300px\" \/>\t\t\t\t\t\t\t\t\t\t\t\t\t\t\t<\/div>\n\t\t\t\t<\/div>\n\t\t\t\t<div class=\"elementor-element elementor-element-cd19e69 elementor-widget elementor-widget-image\" data-id=\"cd19e69\" data-element_type=\"widget\" data-e-type=\"widget\" data-widget_type=\"image.default\">\n\t\t\t\t<div class=\"elementor-widget-container\">\n\t\t\t\t\t\t\t\t\t\t\t\t\t\t\t<img loading=\"lazy\" decoding=\"async\" width=\"300\" height=\"268\" src=\"https:\/\/jblstainless.com\/wp-content\/uploads\/2025\/03\/stainless-tube.webp\" class=\"attachment-large size-large wp-image-1140\" alt=\"Nahtlose Rohre aus Edelstahl 409L\" srcset=\"https:\/\/jblstainless.com\/wp-content\/uploads\/2025\/03\/stainless-tube.webp 300w, https:\/\/jblstainless.com\/wp-content\/uploads\/2025\/03\/stainless-tube-13x12.webp 13w\" sizes=\"(max-width: 300px) 100vw, 300px\" \/>\t\t\t\t\t\t\t\t\t\t\t\t\t\t\t<\/div>\n\t\t\t\t<\/div>\n\t\t\t\t\t<\/div>\n\t\t\t\t<\/div>\n\t\t<div class=\"elementor-element elementor-element-ee919e7 e-flex e-con-boxed e-con e-parent\" data-id=\"ee919e7\" data-element_type=\"container\" data-e-type=\"container\">\n\t\t\t\t\t<div class=\"e-con-inner\">\n\t\t\t\t<div class=\"elementor-element elementor-element-d5933c2 elementor-widget elementor-widget-heading\" data-id=\"d5933c2\" data-element_type=\"widget\" data-e-type=\"widget\" data-widget_type=\"heading.default\">\n\t\t\t\t<div class=\"elementor-widget-container\">\n\t\t\t\t\t<h2 class=\"elementor-heading-title elementor-size-default\">Nahtlose Rohre aus Edelstahl 409L Merkmal<\/h2>\t\t\t\t<\/div>\n\t\t\t\t<\/div>\n\t\t\t\t<div class=\"elementor-element elementor-element-1044f34 elementor-widget elementor-widget-text-editor\" data-id=\"1044f34\" data-element_type=\"widget\" data-e-type=\"widget\" data-widget_type=\"text-editor.default\">\n\t\t\t\t<div class=\"elementor-widget-container\">\n\t\t\t\t\t\t\t\t\t<p>Mit mehr als 15 Jahren Erfahrung liefert JBLSTEEL nahtlose Rohre aus Edelstahl 409L direkt aus der Fabrik. Mit einem titanstabilisierten, kohlenstoffarmen Design widerstehen diese Rohre der Hochtemperaturoxidation bis zu 650\u00b0C. Die Kosten sind 35% niedriger als bei Edelstahl 304, und das nahtlose Herstellungsverfahren eliminiert das Risiko von Schwei\u00dffehlern, wodurch sie in Hochdruck- und Hochtemperaturumgebungen zuverl\u00e4ssiger sind.<\/p><ul><li>Kosteng\u00fcnstige Alternative zu 304\/316 (reduziert die Beschaffungskosten um 10-30%)<\/li><li>Ausgezeichnete Best\u00e4ndigkeit gegen thermische Oxidation<\/li><li>Hervorragender Widerstand gegen thermische Erm\u00fcdung<\/li><li>Geeignet f\u00fcr industrielle Gro\u00dfserienanwendungen (insbesondere in der Automobilindustrie)<\/li><\/ul>\t\t\t\t\t\t\t\t<\/div>\n\t\t\t\t<\/div>\n\t\t\t\t<div class=\"elementor-element elementor-element-211ef6b elementor-widget elementor-widget-text-editor\" data-id=\"211ef6b\" data-element_type=\"widget\" data-e-type=\"widget\" data-widget_type=\"text-editor.default\">\n\t\t\t\t<div class=\"elementor-widget-container\">\n\t\t\t\t\t\t\t\t\t<p>Im Vergleich zu anderen Arten von rostfreiem Stahl zeichnet sich der rostfreie Stahl 409L durch seine Hochtemperaturbest\u00e4ndigkeit und Bearbeitbarkeit aus, w\u00e4hrend die maximale Korrosionsbest\u00e4ndigkeit nicht im Vordergrund steht.<\/p>\t\t\t\t\t\t\t\t<\/div>\n\t\t\t\t<\/div>\n\t\t\t\t<div class=\"elementor-element elementor-element-7b8429a elementor-widget elementor-widget-text-editor\" data-id=\"7b8429a\" data-element_type=\"widget\" data-e-type=\"widget\" data-widget_type=\"text-editor.default\">\n\t\t\t\t<div class=\"elementor-widget-container\">\n\t\t\t\t\t\t\t\t\t<p><strong>Gute Hitzebest\u00e4ndigkeit:<\/strong><\/p><p>Es beh\u00e4lt seine Festigkeit in Hochtemperaturumgebungen um 800\u00b0C, wodurch es sich besonders f\u00fcr Hochtemperaturkomponenten in Kfz-Abgassystemen eignet.<\/p>\t\t\t\t\t\t\t\t<\/div>\n\t\t\t\t<\/div>\n\t\t\t\t<div class=\"elementor-element elementor-element-1698ab7 elementor-widget elementor-widget-text-editor\" data-id=\"1698ab7\" data-element_type=\"widget\" data-e-type=\"widget\" data-widget_type=\"text-editor.default\">\n\t\t\t\t<div class=\"elementor-widget-container\">\n\t\t\t\t\t\t\t\t\t<p><strong>Ausgezeichnete Verarbeitbarkeit:<\/strong><\/p><p>Es l\u00e4sst sich nach der W\u00e4rmebehandlung (bei 770-830 \u00b0C) gut umformen und eignet sich daher zum Tiefziehen, Biegen und Stanzen.<\/p>\t\t\t\t\t\t\t\t<\/div>\n\t\t\t\t<\/div>\n\t\t\t\t<div class=\"elementor-element elementor-element-8d231a5 elementor-widget elementor-widget-text-editor\" data-id=\"8d231a5\" data-element_type=\"widget\" data-e-type=\"widget\" data-widget_type=\"text-editor.default\">\n\t\t\t\t<div class=\"elementor-widget-container\">\n\t\t\t\t\t\t\t\t\t<p><strong>Hervorragende Schwei\u00dfeignung:<\/strong><\/p><p>Der niedrige Kohlenstoffgehalt verringert das Risiko interkristalliner Korrosion erheblich, so dass auf eine W\u00e4rmebehandlung nach dem Schwei\u00dfen verzichtet werden kann und nur minimale W\u00e4rmezufuhr beim Schwei\u00dfen erforderlich ist.<\/p>\t\t\t\t\t\t\t\t<\/div>\n\t\t\t\t<\/div>\n\t\t\t\t<div class=\"elementor-element elementor-element-ccdee18 elementor-widget elementor-widget-text-editor\" data-id=\"ccdee18\" data-element_type=\"widget\" data-e-type=\"widget\" data-widget_type=\"text-editor.default\">\n\t\t\t\t<div class=\"elementor-widget-container\">\n\t\t\t\t\t\t\t\t\t<p><strong>Kostenvorteile:<\/strong><\/p><p>Als unlegierter Stahl hat er relativ niedrige Produktionskosten und eine stabile Zusammensetzung.<\/p>\t\t\t\t\t\t\t\t<\/div>\n\t\t\t\t<\/div>\n\t\t\t\t\t<\/div>\n\t\t\t\t<\/div>\n\t\t<div class=\"elementor-element elementor-element-836bae4 e-flex e-con-boxed e-con e-parent\" data-id=\"836bae4\" data-element_type=\"container\" data-e-type=\"container\">\n\t\t\t\t\t<div class=\"e-con-inner\">\n\t\t\t\t<div class=\"elementor-element elementor-element-0f4e558 elementor-widget elementor-widget-heading\" data-id=\"0f4e558\" data-element_type=\"widget\" data-e-type=\"widget\" data-widget_type=\"heading.default\">\n\t\t\t\t<div class=\"elementor-widget-container\">\n\t\t\t\t\t<h2 class=\"elementor-heading-title elementor-size-default\">Edelstahl 409L im Vergleich zu 304\n<\/h2>\t\t\t\t<\/div>\n\t\t\t\t<\/div>\n\t\t\t\t<div class=\"elementor-element elementor-element-b63edd6 elementor-widget elementor-widget-text-editor\" data-id=\"b63edd6\" data-element_type=\"widget\" data-e-type=\"widget\" data-widget_type=\"text-editor.default\">\n\t\t\t\t<div class=\"elementor-widget-container\">\n\t\t\t\t\t\t\t\t\t<table><tbody><tr><td><b>Eigenschaften<\/b><\/td><td><b>409L<\/b><\/td><td><b>304<\/b><\/td><\/tr><tr><td>Korrosionsbest\u00e4ndigkeit<\/td><td>M\u00e4\u00dfig<\/td><td>Ausgezeichnet<\/td><\/tr><tr><td>Hochtemperaturbest\u00e4ndigkeit<\/td><td>Ausgezeichnet (geeignet f\u00fcr Auspuffanlagen)<\/td><td>M\u00e4\u00dfig<\/td><\/tr><tr><td>Kosten<\/td><td>Niedrig<\/td><td>Hoch<\/td><\/tr><tr><td>St\u00e4rke<\/td><td>M\u00e4\u00dfig<\/td><td>M\u00e4\u00dfig<\/td><\/tr><tr><td>Magnetische Eigenschaften<\/td><td>Magnetisch<\/td><td>Nicht-magnetisch<\/td><\/tr><\/tbody><\/table><p>Wenn die Projektumgebung eine ausgezeichnete Korrosionsbest\u00e4ndigkeit erfordert, wird 304 empfohlen.<\/p><p>Wenn das Projektbudget begrenzt ist und die Betriebsumgebung hohen Temperaturen ausgesetzt ist, ist 409L die beste Wahl.<\/p>\t\t\t\t\t\t\t\t<\/div>\n\t\t\t\t<\/div>\n\t\t\t\t\t<\/div>\n\t\t\t\t<\/div>\n\t\t<div class=\"elementor-element elementor-element-e7d0057 e-flex e-con-boxed e-con e-parent\" data-id=\"e7d0057\" data-element_type=\"container\" data-e-type=\"container\">\n\t\t\t\t\t<div class=\"e-con-inner\">\n\t\t\t\t<div class=\"elementor-element elementor-element-89d8623 elementor-widget elementor-widget-heading\" data-id=\"89d8623\" data-element_type=\"widget\" data-e-type=\"widget\" data-widget_type=\"heading.default\">\n\t\t\t\t<div class=\"elementor-widget-container\">\n\t\t\t\t\t<h3 class=\"elementor-heading-title elementor-size-default\">409L Edelstahl Chemische Zusammensetzung \n\n<\/h3>\t\t\t\t<\/div>\n\t\t\t\t<\/div>\n\t\t\t\t<div class=\"elementor-element elementor-element-79e9806 elementor-widget elementor-widget-text-editor\" data-id=\"79e9806\" data-element_type=\"widget\" data-e-type=\"widget\" data-widget_type=\"text-editor.default\">\n\t\t\t\t<div class=\"elementor-widget-container\">\n\t\t\t\t\t\t\t\t\t<table><tbody><tr><th>Klasse<\/th><th>C<\/th><th>Mn<\/th><th>Si<\/th><th>P<\/th><th>S<\/th><th>Cr<\/th><th>Ti<\/th><th>Ni<\/th><\/tr><tr><td>SS 409L<\/td><td>0,03 max.<\/td><td>1,00 max<\/td><td>1,00 max<\/td><td>0,04 max<\/td><td>0,02 max<\/td><td>11.75-10.5<\/td><td>0,75-6(C+N)<\/td><td>0.5<\/td><\/tr><\/tbody><\/table><ul><li>Die kohlenstoffarme Konstruktion verringert wirksam das Risiko der interkristallinen Korrosion und gew\u00e4hrleistet die Korrosionsbest\u00e4ndigkeit nach dem Schwei\u00dfen.<\/li><\/ul>\t\t\t\t\t\t\t\t<\/div>\n\t\t\t\t<\/div>\n\t\t\t\t\t<\/div>\n\t\t\t\t<\/div>\n\t\t<div class=\"elementor-element elementor-element-aece7ae e-flex e-con-boxed e-con e-parent\" data-id=\"aece7ae\" data-element_type=\"container\" data-e-type=\"container\">\n\t\t\t\t\t<div class=\"e-con-inner\">\n\t\t\t\t<div class=\"elementor-element elementor-element-4457ad7 elementor-widget elementor-widget-heading\" data-id=\"4457ad7\" data-element_type=\"widget\" data-e-type=\"widget\" data-widget_type=\"heading.default\">\n\t\t\t\t<div class=\"elementor-widget-container\">\n\t\t\t\t\t<h3 class=\"elementor-heading-title elementor-size-default\">Mechanische Eigenschaften\n<\/h3>\t\t\t\t<\/div>\n\t\t\t\t<\/div>\n\t\t\t\t<div class=\"elementor-element elementor-element-45774b9 elementor-widget elementor-widget-text-editor\" data-id=\"45774b9\" data-element_type=\"widget\" data-e-type=\"widget\" data-widget_type=\"text-editor.default\">\n\t\t\t\t<div class=\"elementor-widget-container\">\n\t\t\t\t\t\t\t\t\t<table class=\"table\" style=\"width: 100%;\" border=\"1\" cellspacing=\"1\" cellpadding=\"1\"><tbody><tr><th>Dichte<\/th><th>Zugfestigkeit<\/th><th>Streckgrenze (0,2%Offset)<\/th><th>Dehnung<\/th><th>Rockwell B (HRB) max<\/th><th>Brinell (HB) max.<\/th><th>H\u00e4rte<\/th><\/tr><tr><td>7,8 g\/cm<sup>3<\/sup><\/td><td>MPa - 380<\/td><td>MPa - 170<\/td><td>20 %<\/td><td>75<\/td><td>131<\/td><td><p>Rockwell B (HR B)- 88\u00a0<\/p><p>Brinell (HB)- 0,5t<\/p><\/td><\/tr><\/tbody><\/table>\t\t\t\t\t\t\t\t<\/div>\n\t\t\t\t<\/div>\n\t\t\t\t\t<\/div>\n\t\t\t\t<\/div>\n\t\t<div class=\"elementor-element elementor-element-3cff24e e-flex e-con-boxed e-con e-parent\" data-id=\"3cff24e\" data-element_type=\"container\" data-e-type=\"container\">\n\t\t\t\t\t<div class=\"e-con-inner\">\n\t\t\t\t<div class=\"elementor-element elementor-element-85b2b9c elementor-widget elementor-widget-heading\" data-id=\"85b2b9c\" data-element_type=\"widget\" data-e-type=\"widget\" data-widget_type=\"heading.default\">\n\t\t\t\t<div class=\"elementor-widget-container\">\n\t\t\t\t\t<h2 class=\"elementor-heading-title elementor-size-default\">409L Edelstahlrohr Anwendung<\/h2>\t\t\t\t<\/div>\n\t\t\t\t<\/div>\n\t\t\t\t<div class=\"elementor-element elementor-element-e2f358b elementor-widget elementor-widget-text-editor\" data-id=\"e2f358b\" data-element_type=\"widget\" data-e-type=\"widget\" data-widget_type=\"text-editor.default\">\n\t\t\t\t<div class=\"elementor-widget-container\">\n\t\t\t\t\t\t\t\t\t<p><strong>Auspuffanlagen f\u00fcr Kraftfahrzeuge:<\/strong><\/p><p>Dies ist seine Hauptanwendung, einschlie\u00dflich Auspuffkr\u00fcmmern, Katalysatorgeh\u00e4usen, Schalld\u00e4mpfern und Auspuffrohren.<\/p>\t\t\t\t\t\t\t\t<\/div>\n\t\t\t\t<\/div>\n\t\t\t\t<div class=\"elementor-element elementor-element-e4d88fe elementor-widget elementor-widget-text-editor\" data-id=\"e4d88fe\" data-element_type=\"widget\" data-e-type=\"widget\" data-widget_type=\"text-editor.default\">\n\t\t\t\t<div class=\"elementor-widget-container\">\n\t\t\t\t\t\t\t\t\t<p><strong>W\u00e4rmetauscher:<\/strong><\/p><p>Wird in W\u00e4rmeaustauschkomponenten f\u00fcr wasser- oder \u00f6lgek\u00fchlte Systeme verwendet.<\/p>\t\t\t\t\t\t\t\t<\/div>\n\t\t\t\t<\/div>\n\t\t\t\t<div class=\"elementor-element elementor-element-5c819bd elementor-widget elementor-widget-text-editor\" data-id=\"5c819bd\" data-element_type=\"widget\" data-e-type=\"widget\" data-widget_type=\"text-editor.default\">\n\t\t\t\t<div class=\"elementor-widget-container\">\n\t\t\t\t\t\t\t\t\t<p><strong>Bauwesen und andere Anwendungen:<\/strong><\/p><p>Zum Beispiel L\u00fcftungskan\u00e4le und Containerteile.<\/p>\t\t\t\t\t\t\t\t<\/div>\n\t\t\t\t<\/div>\n\t\t\t\t<div class=\"elementor-element elementor-element-9167dcb elementor-widget elementor-widget-text-editor\" data-id=\"9167dcb\" data-element_type=\"widget\" data-e-type=\"widget\" data-widget_type=\"text-editor.default\">\n\t\t\t\t<div class=\"elementor-widget-container\">\n\t\t\t\t\t\t\t\t\t<p>Im Vergleich zu austenitischen Edelst\u00e4hlen wie 304 weist Edelstahl 409 eine geringere Korrosionsbest\u00e4ndigkeit auf (ungeeignet f\u00fcr stark saure oder stark alkalische Umgebungen); seine Oxidationsbest\u00e4ndigkeit und Hochtemperaturfestigkeit machen ihn jedoch zur optimalen Wahl f\u00fcr Kfz-Abgassysteme.<\/p>\t\t\t\t\t\t\t\t<\/div>\n\t\t\t\t<\/div>\n\t\t\t\t\t<\/div>\n\t\t\t\t<\/div>\n\t\t\t\t<\/div>","protected":false},"excerpt":{"rendered":"<p>Nahtlose Rohre aus Edelstahl 409L sind ferritische Edelst\u00e4hle mit niedrigem Kohlenstoffgehalt, die auch als hitzebest\u00e4ndige St\u00e4hle bekannt sind und eine ausgezeichnete Oxidationsbest\u00e4ndigkeit und Schwei\u00dfbarkeit aufweisen. Nahtlose Rohre werden durch Warmwalzen oder Kaltziehen hergestellt; die nahtlose Konstruktion macht sie in Hochdruck- und Hochtemperaturumgebungen zuverl\u00e4ssiger.<\/p>\n<ul>\n<li>Kosteng\u00fcnstige Alternative zu 304\/316 (reduziert die Beschaffungskosten um 10-30%)<\/li>\n<li>Ausgezeichnete Best\u00e4ndigkeit gegen thermische Oxidation<\/li>\n<li>Hervorragender Widerstand gegen thermische Erm\u00fcdung<\/li>\n<li>Geeignet f\u00fcr industrielle Gro\u00dfserienanwendungen (insbesondere in der Automobilindustrie)<\/li>\n<\/ul>","protected":false},"featured_media":2528,"template":"","meta":{"_eb_attr":""},"product_brand":[],"product_cat":[30],"product_tag":[],"class_list":{"0":"post-2536","1":"product","2":"type-product","3":"status-publish","4":"has-post-thumbnail","6":"product_cat-stainless-steel-seamless-pipe","8":"first","9":"instock","10":"shipping-taxable","11":"product-type-simple"},"_links":{"self":[{"href":"https:\/\/jblstainless.com\/de\/wp-json\/wp\/v2\/product\/2536","targetHints":{"allow":["GET"]}}],"collection":[{"href":"https:\/\/jblstainless.com\/de\/wp-json\/wp\/v2\/product"}],"about":[{"href":"https:\/\/jblstainless.com\/de\/wp-json\/wp\/v2\/types\/product"}],"version-history":[{"count":6,"href":"https:\/\/jblstainless.com\/de\/wp-json\/wp\/v2\/product\/2536\/revisions"}],"predecessor-version":[{"id":2542,"href":"https:\/\/jblstainless.com\/de\/wp-json\/wp\/v2\/product\/2536\/revisions\/2542"}],"wp:featuredmedia":[{"embeddable":true,"href":"https:\/\/jblstainless.com\/de\/wp-json\/wp\/v2\/media\/2528"}],"wp:attachment":[{"href":"https:\/\/jblstainless.com\/de\/wp-json\/wp\/v2\/media?parent=2536"}],"wp:term":[{"taxonomy":"product_brand","embeddable":true,"href":"https:\/\/jblstainless.com\/de\/wp-json\/wp\/v2\/product_brand?post=2536"},{"taxonomy":"product_cat","embeddable":true,"href":"https:\/\/jblstainless.com\/de\/wp-json\/wp\/v2\/product_cat?post=2536"},{"taxonomy":"product_tag","embeddable":true,"href":"https:\/\/jblstainless.com\/de\/wp-json\/wp\/v2\/product_tag?post=2536"}],"curies":[{"name":"wp","href":"https:\/\/api.w.org\/{rel}","templated":true}]}}