{"id":2545,"date":"2026-04-02T17:17:46","date_gmt":"2026-04-02T09:17:46","guid":{"rendered":"https:\/\/jblstainless.com\/?post_type=product&#038;p=2545"},"modified":"2026-04-03T16:31:15","modified_gmt":"2026-04-03T08:31:15","slug":"410s-edelstahlrohr","status":"publish","type":"product","link":"https:\/\/jblstainless.com\/de\/410s-stainless-steel-pipe\/","title":{"rendered":"410S Edelstahlrohre"},"content":{"rendered":"<div data-elementor-type=\"product-post\" data-elementor-id=\"2545\" class=\"elementor elementor-2545\" data-elementor-post-type=\"product\">\n\t\t\t\t<div class=\"elementor-element elementor-element-2836fb1 e-flex e-con-boxed e-con e-parent\" data-id=\"2836fb1\" data-element_type=\"container\" data-e-type=\"container\">\n\t\t\t\t\t<div class=\"e-con-inner\">\n\t\t\t\t<div class=\"elementor-element elementor-element-245b9d0 elementor-widget elementor-widget-text-editor\" data-id=\"245b9d0\" data-element_type=\"widget\" data-e-type=\"widget\" data-widget_type=\"text-editor.default\">\n\t\t\t\t<div class=\"elementor-widget-container\">\n\t\t\t\t\t\t\t\t\t<p>Edelstahlrohr 410S ist ein ferritischer Edelstahl mit niedrigem Kohlenstoffgehalt, der eine ausgezeichnete Oxidationsbest\u00e4ndigkeit aufweist und gleichzeitig die Schwei\u00dfbarkeit durch den geringeren Kohlenstoffgehalt deutlich verbessert.<\/p><p>Im Vergleich zu 410: Gleichm\u00e4\u00dfigere Schwei\u00dfbarkeit, wodurch die Gefahr der Rissbildung verringert wird;<\/p><p>Im Vergleich zu 304: Erheblich niedrigere Kosten bei gleichzeitiger Erf\u00fcllung hitzebest\u00e4ndiger Betriebsbedingungen.<\/p><p>410S-Edelstahlrohre gelten als \u201cwirtschaftlicher hitzebest\u00e4ndiger Werkstoff\u201d f\u00fcr Hochtemperaturumgebungen.<\/p>\t\t\t\t\t\t\t\t<\/div>\n\t\t\t\t<\/div>\n\t\t\t\t\t<\/div>\n\t\t\t\t<\/div>\n\t\t<div class=\"elementor-element elementor-element-4ecb03b e-flex e-con-boxed e-con e-parent\" data-id=\"4ecb03b\" data-element_type=\"container\" data-e-type=\"container\">\n\t\t\t\t\t<div class=\"e-con-inner\">\n\t\t\t\t<div class=\"elementor-element elementor-element-d55cc6b elementor-widget elementor-widget-heading\" data-id=\"d55cc6b\" data-element_type=\"widget\" data-e-type=\"widget\" data-widget_type=\"heading.default\">\n\t\t\t\t<div class=\"elementor-widget-container\">\n\t\t\t\t\t<h2 class=\"elementor-heading-title elementor-size-default\">410S Edelstahlrohre Spezifikation<\/h2>\t\t\t\t<\/div>\n\t\t\t\t<\/div>\n\t\t\t\t<div class=\"elementor-element elementor-element-1112af3 elementor-widget elementor-widget-text-editor\" data-id=\"1112af3\" data-element_type=\"widget\" data-e-type=\"widget\" data-widget_type=\"text-editor.default\">\n\t\t\t\t<div class=\"elementor-widget-container\">\n\t\t\t\t\t\t\t\t\t<p>Werkstoff: AISI 410S \/ UNS S41008 \/ EN 1.4000<\/p><p>Gr\u00f6\u00dfe: 1\/4\u2033 - 16\u2033<\/p><p>Zeitpl\u00e4ne: Sch 10, 40, 80, 160, XXH<\/p><p>L\u00e4nge: 1 - 6 m, individuell nach Bedarf<\/p><p>Oberfl\u00e4chenbehandlung: NO.1, 2B, NO.4, BA, HL, Spiegel<\/p>\t\t\t\t\t\t\t\t<\/div>\n\t\t\t\t<\/div>\n\t\t\t\t<div class=\"elementor-element elementor-element-885d3d9 elementor-widget elementor-widget-image\" data-id=\"885d3d9\" data-element_type=\"widget\" data-e-type=\"widget\" data-widget_type=\"image.default\">\n\t\t\t\t<div class=\"elementor-widget-container\">\n\t\t\t\t\t\t\t\t\t\t\t\t\t\t\t<img fetchpriority=\"high\" decoding=\"async\" width=\"800\" height=\"400\" src=\"https:\/\/jblstainless.com\/wp-content\/uploads\/2025\/06\/316-pipe-surface-finish.webp\" class=\"attachment-large size-large wp-image-1669\" alt=\"430 Edelstahlrohre\" srcset=\"https:\/\/jblstainless.com\/wp-content\/uploads\/2025\/06\/316-pipe-surface-finish.webp 1000w, https:\/\/jblstainless.com\/wp-content\/uploads\/2025\/06\/316-pipe-surface-finish-300x150.webp 300w, https:\/\/jblstainless.com\/wp-content\/uploads\/2025\/06\/316-pipe-surface-finish-768x384.webp 768w, https:\/\/jblstainless.com\/wp-content\/uploads\/2025\/06\/316-pipe-surface-finish-18x9.webp 18w, https:\/\/jblstainless.com\/wp-content\/uploads\/2025\/06\/316-pipe-surface-finish-600x300.webp 600w\" sizes=\"(max-width: 800px) 100vw, 800px\" \/>\t\t\t\t\t\t\t\t\t\t\t\t\t\t\t<\/div>\n\t\t\t\t<\/div>\n\t\t\t\t<div class=\"elementor-element elementor-element-c19d32d elementor-widget elementor-widget-heading\" data-id=\"c19d32d\" data-element_type=\"widget\" data-e-type=\"widget\" data-widget_type=\"heading.default\">\n\t\t\t\t<div class=\"elementor-widget-container\">\n\t\t\t\t\t<h3 class=\"elementor-heading-title elementor-size-default\">Vorteile<\/h3>\t\t\t\t<\/div>\n\t\t\t\t<\/div>\n\t\t\t\t<div class=\"elementor-element elementor-element-e32bd65 elementor-widget elementor-widget-text-editor\" data-id=\"e32bd65\" data-element_type=\"widget\" data-e-type=\"widget\" data-widget_type=\"text-editor.default\">\n\t\t\t\t<div class=\"elementor-widget-container\">\n\t\t\t\t\t\t\t\t\t<ul><li>Ausgezeichnete Oxidationsbest\u00e4ndigkeit (geeignet f\u00fcr 600-800\u00b0C)<\/li><li>Kohlenstoffarmes Design reduziert interkristalline Korrosion<\/li><li>Gute Schwei\u00dfbarkeit<\/li><li>Erheblich niedrigere Kosten als austenitische nichtrostende St\u00e4hle (wie 304)<\/li><\/ul>\t\t\t\t\t\t\t\t<\/div>\n\t\t\t\t<\/div>\n\t\t\t\t\t<\/div>\n\t\t\t\t<\/div>\n\t\t<div class=\"elementor-element elementor-element-e29eef9 e-flex e-con-boxed e-con e-parent\" data-id=\"e29eef9\" data-element_type=\"container\" data-e-type=\"container\">\n\t\t\t\t\t<div class=\"e-con-inner\">\n\t\t\t\t<div class=\"elementor-element elementor-element-509ae0e elementor-widget elementor-widget-heading\" data-id=\"509ae0e\" data-element_type=\"widget\" data-e-type=\"widget\" data-widget_type=\"heading.default\">\n\t\t\t\t<div class=\"elementor-widget-container\">\n\t\t\t\t\t<h2 class=\"elementor-heading-title elementor-size-default\">Was ist 410S-Edelstahl?<\/h2>\t\t\t\t<\/div>\n\t\t\t\t<\/div>\n\t\t\t\t<div class=\"elementor-element elementor-element-f553c48 elementor-widget elementor-widget-text-editor\" data-id=\"f553c48\" data-element_type=\"widget\" data-e-type=\"widget\" data-widget_type=\"text-editor.default\">\n\t\t\t\t<div class=\"elementor-widget-container\">\n\t\t\t\t\t\t\t\t\t<p>Der nichtrostende Stahl 410S ist ein martensitischer nichtrostender Stahl mit niedrigem Kohlenstoffgehalt und eine kohlenstoffarme modifizierte Version des nichtrostenden Stahls 410 (13% Chrom). Er verhindert die H\u00e4rtung und Rissbildung bei Hochtemperatur- oder Schwei\u00dfverfahren durch Kontrolle des Kohlenstoffgehalts (typischerweise \u2264 0,08%), verbessert die Schwei\u00dfbarkeit, verhindert die H\u00e4rtung auch bei schneller Abk\u00fchlung, beh\u00e4lt eine hohe Duktilit\u00e4t bei und l\u00f6st das traditionelle Problem der \u201cVerspr\u00f6dung nach dem Schwei\u00dfen\u201d, das mit dem nichtrostenden Stahl 410 verbunden ist, vollst\u00e4ndig. Im Vergleich zu 410 bietet 410S eine bessere Bearbeitbarkeit und Schwei\u00dfbarkeit, aber eine etwas geringere Festigkeit.<\/p>\t\t\t\t\t\t\t\t<\/div>\n\t\t\t\t<\/div>\n\t\t\t\t<div class=\"elementor-element elementor-element-3c186c4 elementor-widget elementor-widget-heading\" data-id=\"3c186c4\" data-element_type=\"widget\" data-e-type=\"widget\" data-widget_type=\"heading.default\">\n\t\t\t\t<div class=\"elementor-widget-container\">\n\t\t\t\t\t<h3 class=\"elementor-heading-title elementor-size-default\">Merkmale<\/h3>\t\t\t\t<\/div>\n\t\t\t\t<\/div>\n\t\t\t\t<div class=\"elementor-element elementor-element-d289879 elementor-widget elementor-widget-text-editor\" data-id=\"d289879\" data-element_type=\"widget\" data-e-type=\"widget\" data-widget_type=\"text-editor.default\">\n\t\t\t\t<div class=\"elementor-widget-container\">\n\t\t\t\t\t\t\t\t\t<p>Der nichtrostende Stahl 410S verbindet die Festigkeit von martensitischem Stahl mit der Korrosionsbest\u00e4ndigkeit von ferritischem Stahl.<\/p>\t\t\t\t\t\t\t\t<\/div>\n\t\t\t\t<\/div>\n\t\t\t\t<div class=\"elementor-element elementor-element-9fe7307 elementor-widget elementor-widget-text-editor\" data-id=\"9fe7307\" data-element_type=\"widget\" data-e-type=\"widget\" data-widget_type=\"text-editor.default\">\n\t\t\t\t<div class=\"elementor-widget-container\">\n\t\t\t\t\t\t\t\t\t<p><strong>Korrosionsbest\u00e4ndigkeit:<\/strong><\/p><p>Zeigt eine gute Best\u00e4ndigkeit gegen Witterungseinfl\u00fcsse, Wasser, S\u00fc\u00dfwasser, milde organische und anorganische S\u00e4uren, Laugen und bestimmte Chemikalien, wobei die Leistung in oxidierenden Umgebungen besonders gut ist.<\/p>\t\t\t\t\t\t\t\t<\/div>\n\t\t\t\t<\/div>\n\t\t\t\t<div class=\"elementor-element elementor-element-5f63e63 elementor-widget elementor-widget-text-editor\" data-id=\"5f63e63\" data-element_type=\"widget\" data-e-type=\"widget\" data-widget_type=\"text-editor.default\">\n\t\t\t\t<div class=\"elementor-widget-container\">\n\t\t\t\t\t\t\t\t\t<p><strong>Widerstandsf\u00e4higkeit bei hohen Temperaturen:<\/strong><\/p><p>Es bietet eine hervorragende Oxidationsbest\u00e4ndigkeit in Hochtemperaturumgebungen. Es kann kontinuierlich bei 1300\u00b0F (ca. 705\u00b0C) eingesetzt werden und h\u00e4lt sogar kurzzeitig h\u00f6heren Temperaturen stand.<\/p>\t\t\t\t\t\t\t\t<\/div>\n\t\t\t\t<\/div>\n\t\t\t\t<div class=\"elementor-element elementor-element-cc7dc0c elementor-widget elementor-widget-text-editor\" data-id=\"cc7dc0c\" data-element_type=\"widget\" data-e-type=\"widget\" data-widget_type=\"text-editor.default\">\n\t\t\t\t<div class=\"elementor-widget-container\">\n\t\t\t\t\t\t\t\t\t<p><strong>Verformbarkeit:<\/strong><\/p><p>Aufgrund seines geringeren Kohlenstoffgehalts bietet 410S eine deutlich verbesserte Verformbarkeit. Es l\u00e4sst sich durch Verfahren wie Drehen, Biegen und Walzen leicht umformen und beh\u00e4lt auch nach der W\u00e4rmebehandlung seine Weichheit und Duktilit\u00e4t.<\/p>\t\t\t\t\t\t\t\t<\/div>\n\t\t\t\t<\/div>\n\t\t\t\t<div class=\"elementor-element elementor-element-e7fa2d1 elementor-widget elementor-widget-text-editor\" data-id=\"e7fa2d1\" data-element_type=\"widget\" data-e-type=\"widget\" data-widget_type=\"text-editor.default\">\n\t\t\t\t<div class=\"elementor-widget-container\">\n\t\t\t\t\t\t\t\t\t<p><strong>Schwei\u00dfeignung:<\/strong><\/p><p>\u00dcberlegener als Standard 410. Aufgrund seiner kohlenstoffarmen Zusammensetzung neigt es weniger zu Karbidausscheidungen beim Schwei\u00dfen, was das Risiko von Schwei\u00dfrissen verringert. Dennoch ist beim Schwei\u00dfen eine sorgf\u00e4ltige Prozesskontrolle erforderlich, um Spr\u00f6dbr\u00fcche zu vermeiden.<\/p>\t\t\t\t\t\t\t\t<\/div>\n\t\t\t\t<\/div>\n\t\t\t\t<div class=\"elementor-element elementor-element-8b64bbd elementor-widget elementor-widget-text-editor\" data-id=\"8b64bbd\" data-element_type=\"widget\" data-e-type=\"widget\" data-widget_type=\"text-editor.default\">\n\t\t\t\t<div class=\"elementor-widget-container\">\n\t\t\t\t\t\t\t\t\t<p><strong>Mechanische Eigenschaften:<\/strong><\/p><p>Obwohl es sich nicht zum H\u00e4rten durch W\u00e4rmebehandlung eignet, verwandelt es sich beim Gl\u00fchen (1600-1650\u00b0F) vollst\u00e4ndig in eine ferritische Struktur.<\/p>\t\t\t\t\t\t\t\t<\/div>\n\t\t\t\t<\/div>\n\t\t\t\t\t<\/div>\n\t\t\t\t<\/div>\n\t\t<div class=\"elementor-element elementor-element-2759337 e-flex e-con-boxed e-con e-parent\" data-id=\"2759337\" data-element_type=\"container\" data-e-type=\"container\">\n\t\t\t\t\t<div class=\"e-con-inner\">\n\t\t\t\t<div class=\"elementor-element elementor-element-ae88d49 elementor-widget elementor-widget-heading\" data-id=\"ae88d49\" data-element_type=\"widget\" data-e-type=\"widget\" data-widget_type=\"heading.default\">\n\t\t\t\t<div class=\"elementor-widget-container\">\n\t\t\t\t\t<h2 class=\"elementor-heading-title elementor-size-default\">Anwendungen<\/h2>\t\t\t\t<\/div>\n\t\t\t\t<\/div>\n\t\t\t\t<div class=\"elementor-element elementor-element-f5659a3 elementor-widget elementor-widget-text-editor\" data-id=\"f5659a3\" data-element_type=\"widget\" data-e-type=\"widget\" data-widget_type=\"text-editor.default\">\n\t\t\t\t<div class=\"elementor-widget-container\">\n\t\t\t\t\t\t\t\t\t<ul><li><strong>Automobilindustrie:<\/strong><\/li><\/ul><p>Aufgrund seiner ausgezeichneten Hochtemperatur- und Korrosionsbest\u00e4ndigkeit eignet es sich f\u00fcr Kfz-Abgassysteme (wie Schalld\u00e4mpfer, Auspuffrohre und Katalysatoren).<\/p><ul><li><strong>Heizkessel und Brennkammern:<\/strong><\/li><\/ul><p>Wird in Ofenkomponenten, Verbrennungskammern und Abgaskan\u00e4len verwendet - Komponenten, die hohe Temperaturen und Oxidationsbest\u00e4ndigkeit erfordern.<\/p><ul><li><strong>Petrochemische Industrie:<\/strong><\/li><\/ul><p>Wird in Komponenten wie Bodenplatten, Rohren, W\u00e4rmetauschern, Pumpen und Ventilen verwendet, insbesondere in Umgebungen mit leicht korrosiven Medien.<\/p><ul><li><strong>K\u00fcchenartikel und Haushaltsger\u00e4te:<\/strong><\/li><\/ul><p>Aufgrund seiner Korrosionsbest\u00e4ndigkeit und seines \u00e4sthetischen Aussehens wird es auch bei der Herstellung von K\u00fcchenger\u00e4ten (z. B. Sp\u00fclbecken und Back\u00f6fen) und bei der Verkleidung von Haushaltsger\u00e4ten verwendet.<\/p>\t\t\t\t\t\t\t\t<\/div>\n\t\t\t\t<\/div>\n\t\t\t\t\t<\/div>\n\t\t\t\t<\/div>\n\t\t<div class=\"elementor-element elementor-element-92a3ed3 e-flex e-con-boxed e-con e-parent\" data-id=\"92a3ed3\" data-element_type=\"container\" data-e-type=\"container\">\n\t\t\t\t\t<div class=\"e-con-inner\">\n\t\t\t\t<div class=\"elementor-element elementor-element-f683365 elementor-widget elementor-widget-heading\" data-id=\"f683365\" data-element_type=\"widget\" data-e-type=\"widget\" data-widget_type=\"heading.default\">\n\t\t\t\t<div class=\"elementor-widget-container\">\n\t\t\t\t\t<h3 class=\"elementor-heading-title elementor-size-default\">Warum 410S Edelstahlrohre w\u00e4hlen?<\/h3>\t\t\t\t<\/div>\n\t\t\t\t<\/div>\n\t\t\t\t<div class=\"elementor-element elementor-element-be5b97d elementor-widget elementor-widget-text-editor\" data-id=\"be5b97d\" data-element_type=\"widget\" data-e-type=\"widget\" data-widget_type=\"text-editor.default\">\n\t\t\t\t<div class=\"elementor-widget-container\">\n\t\t\t\t\t\t\t\t\t<p>1. die Materialkosten f\u00fcr das gesamte Projekt zu senken (20-30% Einsparungen im Vergleich zu Edelstahl 304)<\/p><p>2. das Risiko der Rissbildung durch Schwei\u00dfen und thermische Erm\u00fcdung zu verringern<\/p><p>3. die langfristige Betriebsstabilit\u00e4t von Ger\u00e4ten in Hochtemperaturumgebungen zu verbessern<\/p>\t\t\t\t\t\t\t\t<\/div>\n\t\t\t\t<\/div>\n\t\t\t\t<div class=\"elementor-element elementor-element-dbad876 elementor-widget elementor-widget-heading\" data-id=\"dbad876\" data-element_type=\"widget\" data-e-type=\"widget\" data-widget_type=\"heading.default\">\n\t\t\t\t<div class=\"elementor-widget-container\">\n\t\t\t\t\t<h3 class=\"elementor-heading-title elementor-size-default\">410S-Edelstahl vs. 304<\/h3>\t\t\t\t<\/div>\n\t\t\t\t<\/div>\n\t\t\t\t<div class=\"elementor-element elementor-element-9407045 elementor-widget elementor-widget-text-editor\" data-id=\"9407045\" data-element_type=\"widget\" data-e-type=\"widget\" data-widget_type=\"text-editor.default\">\n\t\t\t\t<div class=\"elementor-widget-container\">\n\t\t\t\t\t\t\t\t\t<table class=\"table\"><tbody><tr><td>Material<\/td><td>410S Edelstahlrohre<\/td><td>304 Edelstahlrohre<\/td><\/tr><tr><td>Kohlenstoffgehalt<\/td><td>niedrig(\u22640,08%)<\/td><td>\u22640,08%<\/td><\/tr><tr><td>Schwei\u00dfbarkeit<\/td><td>Ausgezeichnet (ohne W\u00e4rmebehandlung, keine Rissbildung)<\/td><td>Hervorragende Schwei\u00df- und Tiefzieheigenschaften<\/td><\/tr><tr><td>Korrosionsbest\u00e4ndigkeit (milde Umgebungen)<\/td><td>Gut<\/td><td>Ausgezeichnet<\/td><\/tr><tr><td>Oxidationsbest\u00e4ndigkeit bei hohen Temperaturen<\/td><td>Ausgezeichnet bei 650-800\u00b0C<\/td><td>Ausgezeichnet<\/td><\/tr><tr><td>Kosten<\/td><td>Hohe Kosteneffizienz<\/td><td>20%-30% h\u00f6here Kosten<\/td><\/tr><\/tbody><\/table>\t\t\t\t\t\t\t\t<\/div>\n\t\t\t\t<\/div>\n\t\t\t\t<div class=\"elementor-element elementor-element-d4e19fc elementor-widget elementor-widget-text-editor\" data-id=\"d4e19fc\" data-element_type=\"widget\" data-e-type=\"widget\" data-widget_type=\"text-editor.default\">\n\t\t\t\t<div class=\"elementor-widget-container\">\n\t\t\t\t\t\t\t\t\t<p>JBLSTAINLESS ist ein professioneller Hersteller und Lieferant von Rohren aus rostfreiem Stahl. Wir bieten eine breite Palette von 410 Edelstahlrohre in verschiedenen Arten und Gr\u00f6\u00dfen, zusammen mit zuverl\u00e4ssigen industriellen L\u00f6sungen:<\/p><ul><li>\u00dcber 15 Jahre Erfahrung in der Herstellung von rostfreiem Stahl<\/li><li>Strenge Einhaltung der ASTM\/EN-Normen<\/li><li>Materialtest-Zertifikate (MTC) bereitgestellt<\/li><li>Unterst\u00fctzung der Fremdpr\u00fcfung durch SGS\/BV<\/li><li>Kundenspezifische Gr\u00f6\u00dfen verf\u00fcgbar (OD\/WT\/L\u00e4nge)<\/li><\/ul><div>\u00a0<\/div><div><div>Wenn Sie nach einer L\u00f6sung f\u00fcr Edelstahlrohre suchen, die Hochtemperaturbest\u00e4ndigkeit und Kostenkontrolle in Einklang bringt, ist 410S die ideale Wahl.<\/div><\/div>\t\t\t\t\t\t\t\t<\/div>\n\t\t\t\t<\/div>\n\t\t\t\t\t<\/div>\n\t\t\t\t<\/div>\n\t\t\t\t<\/div>","protected":false},"excerpt":{"rendered":"<p>Edelstahlrohr 410S ist ein ferritischer Edelstahl mit niedrigem Kohlenstoffgehalt, der eine ausgezeichnete Oxidationsbest\u00e4ndigkeit aufweist und gleichzeitig die Schwei\u00dfbarkeit durch den geringeren Kohlenstoffgehalt deutlich verbessert.<\/p>\n<p>Ausgezeichnete Oxidationsbest\u00e4ndigkeit (geeignet f\u00fcr 600-800\u00b0C)<\/p>\n<p>Kohlenstoffarmes Design reduziert interkristalline Korrosion<\/p>\n<p>Gute Schwei\u00dfbarkeit<\/p>\n<p>Erheblich niedrigere Kosten als austenitische nichtrostende St\u00e4hle (wie 304)<\/p>","protected":false},"featured_media":2556,"template":"","meta":{"_eb_attr":""},"product_brand":[],"product_cat":[30],"product_tag":[],"class_list":{"0":"post-2545","1":"product","2":"type-product","3":"status-publish","4":"has-post-thumbnail","6":"product_cat-stainless-steel-seamless-pipe","8":"first","9":"instock","10":"shipping-taxable","11":"product-type-simple"},"_links":{"self":[{"href":"https:\/\/jblstainless.com\/de\/wp-json\/wp\/v2\/product\/2545","targetHints":{"allow":["GET"]}}],"collection":[{"href":"https:\/\/jblstainless.com\/de\/wp-json\/wp\/v2\/product"}],"about":[{"href":"https:\/\/jblstainless.com\/de\/wp-json\/wp\/v2\/types\/product"}],"version-history":[{"count":13,"href":"https:\/\/jblstainless.com\/de\/wp-json\/wp\/v2\/product\/2545\/revisions"}],"predecessor-version":[{"id":2562,"href":"https:\/\/jblstainless.com\/de\/wp-json\/wp\/v2\/product\/2545\/revisions\/2562"}],"wp:featuredmedia":[{"embeddable":true,"href":"https:\/\/jblstainless.com\/de\/wp-json\/wp\/v2\/media\/2556"}],"wp:attachment":[{"href":"https:\/\/jblstainless.com\/de\/wp-json\/wp\/v2\/media?parent=2545"}],"wp:term":[{"taxonomy":"product_brand","embeddable":true,"href":"https:\/\/jblstainless.com\/de\/wp-json\/wp\/v2\/product_brand?post=2545"},{"taxonomy":"product_cat","embeddable":true,"href":"https:\/\/jblstainless.com\/de\/wp-json\/wp\/v2\/product_cat?post=2545"},{"taxonomy":"product_tag","embeddable":true,"href":"https:\/\/jblstainless.com\/de\/wp-json\/wp\/v2\/product_tag?post=2545"}],"curies":[{"name":"wp","href":"https:\/\/api.w.org\/{rel}","templated":true}]}}