{"id":1163,"date":"2025-03-10T16:52:47","date_gmt":"2025-03-10T08:52:47","guid":{"rendered":"https:\/\/jblstainless.com\/?page_id=1163"},"modified":"2025-03-10T17:10:24","modified_gmt":"2025-03-10T09:10:24","slug":"politica-de-cookies","status":"publish","type":"page","link":"https:\/\/jblstainless.com\/es\/cookie-policy\/","title":{"rendered":"Pol\u00edtica de cookies"},"content":{"rendered":"<p>JBLSTEEL (\u201cnosotros\u201d, \u201cnos\u201d o \u201cnuestro\u201d) utiliza cookies en nuestro sitio web www.jblstainless.com para mejorar su experiencia de navegaci\u00f3n y mejorar nuestros servicios. Esta Pol\u00edtica de Cookies explica qu\u00e9 son las cookies, c\u00f3mo las utilizamos y sus opciones en relaci\u00f3n con las cookies.<\/p>\n\n\n\n<ol class=\"wp-block-list\">\n<li>\u00bfQu\u00e9 son las cookies?<br>Las cookies son peque\u00f1os archivos de texto que se almacenan en su dispositivo (ordenador, tableta o m\u00f3vil) cuando visita un sitio web. Las cookies se utilizan ampliamente para que los sitios web funcionen de manera m\u00e1s eficiente y para proporcionar informaci\u00f3n a los propietarios del sitio.<\/li>\n\n\n\n<li>C\u00f3mo utilizamos las cookies<br>Utilizamos cookies por diversas razones, entre ellas:<\/li>\n<\/ol>\n\n\n\n<ul class=\"wp-block-list\">\n<li>Cookies esenciales: Estas cookies son necesarias para el correcto funcionamiento de nuestro sitio web. Le permiten navegar por el sitio y utilizar sus funciones, como acceder a zonas seguras.<\/li>\n\n\n\n<li>Cookies de rendimiento: Estas cookies recopilan informaci\u00f3n sobre c\u00f3mo los visitantes utilizan nuestro sitio web, como qu\u00e9 p\u00e1ginas se visitan con m\u00e1s frecuencia. Esta informaci\u00f3n nos ayuda a mejorar el rendimiento del sitio y la experiencia del usuario.<\/li>\n\n\n\n<li>Cookies de funcionalidad: Estas cookies permiten a nuestro sitio web recordar las elecciones que usted realiza (como su idioma o regi\u00f3n) y proporcionar funciones mejoradas y m\u00e1s personalizadas.<\/li>\n\n\n\n<li>Cookies de segmentaci\u00f3n\/publicidad: Estas cookies se utilizan para ofrecer anuncios m\u00e1s relevantes para usted y sus intereses. Tambi\u00e9n se utilizan para limitar el n\u00famero de veces que ve un anuncio y para medir la eficacia de las campa\u00f1as publicitarias<\/li>\n<\/ul>\n\n\n\n<ol start=\"3\" class=\"wp-block-list\">\n<li>Cookies de terceros<br>Adem\u00e1s de nuestras propias cookies, tambi\u00e9n podemos utilizar varias cookies de terceros para elaborar estad\u00edsticas de uso, ofrecer publicidad y proporcionar funcionalidades adicionales. Estas cookies son instaladas por terceras empresas y est\u00e1n sujetas a sus propias pol\u00edticas de privacidad.<\/li>\n\n\n\n<li>Sus opciones con respecto a las cookies<br>Usted tiene derecho a decidir si acepta o rechaza las cookies. La mayor\u00eda de los navegadores aceptan autom\u00e1ticamente las cookies, pero usted puede modificar la configuraci\u00f3n de su navegador para rechazarlas si lo prefiere. A continuaci\u00f3n le indicamos c\u00f3mo puede gestionar sus preferencias de cookies:<\/li>\n<\/ol>\n\n\n\n<ul class=\"wp-block-list\">\n<li>Configuraci\u00f3n del navegador: Normalmente puede cambiar la configuraci\u00f3n de su navegador para desactivar las cookies. Consulte la secci\u00f3n de ayuda de su navegador para obtener instrucciones sobre c\u00f3mo hacerlo.<\/li>\n\n\n\n<li>Enlaces de exclusi\u00f3n: Algunos servicios de terceros ofrecen opciones de exclusi\u00f3n, lo que le permite optar por no participar en la recopilaci\u00f3n de datos a trav\u00e9s de sus cookies. Visite sus sitios web para gestionar sus preferencias.<\/li>\n<\/ul>\n\n\n\n<p>Tenga en cuenta que desactivar las cookies puede afectar a la funcionalidad y las caracter\u00edsticas de nuestro sitio web. Es posible que algunas partes del sitio no funcionen correctamente si desactiva las cookies.<\/p>\n\n\n\n<ol start=\"5\" class=\"wp-block-list\">\n<li>Cambios en esta pol\u00edtica de cookies<br>Podemos actualizar esta Pol\u00edtica de Cookies de vez en cuando para reflejar los cambios en nuestras pr\u00e1cticas o por otras razones operativas, legales o reglamentarias. Le notificaremos cualquier cambio significativo publicando la nueva pol\u00edtica en nuestro sitio web.<\/li>\n\n\n\n<li>P\u00f3ngase en contacto con nosotros<br>Si tiene alguna pregunta o duda sobre nuestro uso de las cookies, p\u00f3ngase en contacto con nosotros en:<\/li>\n<\/ol>\n\n\n\n<p>JBLSTEEL<br>Correo electr\u00f3nico: wendy@jinblai.com<br>Direcci\u00f3n: Ciudad de Anyang, provincia de Henan, China<\/p>","protected":false},"excerpt":{"rendered":"<p>JBLSTEEL (\u201cwe,\u201d \u201cus,\u201d or \u201cour\u201d) uses cookies on our website www.jblstainless.com to enhance your browsing experience and improve our services. This Cookie Policy explains what cookies are, how we use them, and your choices regarding cookies. Please note that disabling cookies may affect the functionality and features of our website. Some parts of the site [&hellip;]<\/p>\n","protected":false},"author":1,"featured_media":0,"parent":0,"menu_order":0,"comment_status":"closed","ping_status":"closed","template":"","meta":{"_eb_attr":"","footnotes":""},"class_list":["post-1163","page","type-page","status-publish","hentry"],"_links":{"self":[{"href":"https:\/\/jblstainless.com\/es\/wp-json\/wp\/v2\/pages\/1163","targetHints":{"allow":["GET"]}}],"collection":[{"href":"https:\/\/jblstainless.com\/es\/wp-json\/wp\/v2\/pages"}],"about":[{"href":"https:\/\/jblstainless.com\/es\/wp-json\/wp\/v2\/types\/page"}],"author":[{"embeddable":true,"href":"https:\/\/jblstainless.com\/es\/wp-json\/wp\/v2\/users\/1"}],"replies":[{"embeddable":true,"href":"https:\/\/jblstainless.com\/es\/wp-json\/wp\/v2\/comments?post=1163"}],"version-history":[{"count":3,"href":"https:\/\/jblstainless.com\/es\/wp-json\/wp\/v2\/pages\/1163\/revisions"}],"predecessor-version":[{"id":1171,"href":"https:\/\/jblstainless.com\/es\/wp-json\/wp\/v2\/pages\/1163\/revisions\/1171"}],"wp:attachment":[{"href":"https:\/\/jblstainless.com\/es\/wp-json\/wp\/v2\/media?parent=1163"}],"curies":[{"name":"wp","href":"https:\/\/api.w.org\/{rel}","templated":true}]}}