{"id":1172,"date":"2025-03-10T17:23:12","date_gmt":"2025-03-10T09:23:12","guid":{"rendered":"https:\/\/jblstainless.com\/?page_id=1172"},"modified":"2025-03-10T17:23:13","modified_gmt":"2025-03-10T09:23:13","slug":"terminos-y-condiciones","status":"publish","type":"page","link":"https:\/\/jblstainless.com\/es\/termsconditions\/","title":{"rendered":"Condiciones generales"},"content":{"rendered":"<p>Bienvenido al sitio web de JBLSTEEL (\u201cnosotros\u201d, \u201cnos\u201d o \u201cnuestro\u201d), www.jblstainless.com. Al utilizar este sitio web, usted acepta cumplir y estar sujeto a los siguientes T\u00e9rminos de servicio (\u201cT\u00e9rminos\u201d). Lea atentamente estos T\u00e9rminos antes de utilizar nuestro sitio web.<\/p>\n\n\n\n<ol class=\"wp-block-list\">\n<li>Aceptaci\u00f3n de los t\u00e9rminos<br>Al acceder y utilizar nuestro sitio web, usted acepta estos T\u00e9rminos. Si no est\u00e1 de acuerdo con estos T\u00e9rminos, le rogamos que no utilice nuestro sitio web.<\/li>\n\n\n\n<li>Modificaci\u00f3n de los t\u00e9rminos<br>JBLSTEEL se reserva el derecho de modificar o actualizar estos T\u00e9rminos en cualquier momento. Cualquier cambio entrar\u00e1 en vigor inmediatamente despu\u00e9s de su publicaci\u00f3n en el sitio web. El uso continuado del sitio web despu\u00e9s de la publicaci\u00f3n de dichos cambios constituye la aceptaci\u00f3n de los nuevos T\u00e9rminos.<\/li>\n\n\n\n<li>Elegibilidad del usuario<br>Los usuarios de este sitio web deben tener al menos 18 a\u00f1os y ser capaces de celebrar contratos legalmente vinculantes. Al utilizar este sitio web, usted declara y garantiza que cumple estos requisitos de elegibilidad.<\/li>\n\n\n\n<li>Productos y servicios<br>Nos esforzamos por describir con precisi\u00f3n nuestros productos y servicios, pero no garantizamos que las descripciones, los precios u otros contenidos sean precisos, completos o est\u00e9n libres de errores. Nos reservamos el derecho de modificar la informaci\u00f3n sobre nuestros productos y servicios sin previo aviso.<\/li>\n\n\n\n<li>Pedidos y pagos<br>Todos los pedidos deben pagarse a trav\u00e9s de nuestros m\u00e9todos de pago designados. Nos reservamos el derecho de rechazar o cancelar cualquier pedido por cualquier motivo, incluyendo, entre otros, errores en la informaci\u00f3n del producto o del precio, sospecha de fraude u otros problemas.<\/li>\n\n\n\n<li>Conducta del usuario<br>Usted acepta no utilizar el sitio web de ninguna manera que sea ilegal, infrinja los derechos de otros o interfiera con el funcionamiento del sitio web. Las acciones prohibidas incluyen cargar, publicar o transmitir cualquier contenido ilegal, infractor, ofensivo, falso o da\u00f1ino.<\/li>\n\n\n\n<li>Descargo de responsabilidad<br>El sitio web y su contenido se proporcionan \u201ctal cual\u201d y \u201cseg\u00fan disponibilidad\u201d. JBLSTEEL no ofrece ninguna garant\u00eda, expresa o impl\u00edcita, con respecto al sitio web, incluidas, entre otras, garant\u00edas de comerciabilidad, idoneidad para un fin determinado o ausencia de infracci\u00f3n.<\/li>\n\n\n\n<li>Limitaci\u00f3n de responsabilidad<br>En la medida en que lo permita la ley, JBLSTEEL no se hace responsable de ning\u00fan da\u00f1o directo, indirecto, incidental, especial o consecuente que resulte del uso o la imposibilidad de usar el sitio web o su contenido, incluso si se nos ha informado de la posibilidad de tales da\u00f1os.<\/li>\n\n\n\n<li>Rescisi\u00f3n<br>Nos reservamos el derecho de rescindir o suspender su acceso al sitio web en cualquier momento, por cualquier motivo y sin previo aviso.<\/li>\n\n\n\n<li>Legislaci\u00f3n aplicable<br>Estos T\u00e9rminos se rigen e interpretan de conformidad con las leyes de China.<\/li>\n\n\n\n<li>P\u00f3ngase en contacto con nosotros<br>Si tiene alguna pregunta o necesita m\u00e1s informaci\u00f3n sobre estos T\u00e9rminos, p\u00f3ngase en contacto con nosotros:<\/li>\n<\/ol>\n\n\n\n<p>JBLSTEEL<br>Correo electr\u00f3nico: wendy@jinblai.com<br>Direcci\u00f3n: Ciudad de Anyang, provincia de Henan, China<\/p>","protected":false},"excerpt":{"rendered":"<p>Bienvenido al sitio web de JBLSTEEL (\u201cnosotros\u201d, \u201cnos\u201d o \u201cnuestro\u201d), www.jblstainless.com. Al utilizar este sitio web, usted acepta cumplir y quedar vinculado por las siguientes Condiciones del servicio (\u201cCondiciones\u201d). Lea atentamente estas Condiciones antes de utilizar nuestro sitio web. JBLSTEELEmail: wendy@jinblai.comAddress: Ciudad de Anyang, provincia de Henan, China<\/p>","protected":false},"author":1,"featured_media":0,"parent":0,"menu_order":0,"comment_status":"closed","ping_status":"closed","template":"","meta":{"_eb_attr":"","footnotes":""},"class_list":["post-1172","page","type-page","status-publish","hentry"],"_links":{"self":[{"href":"https:\/\/jblstainless.com\/es\/wp-json\/wp\/v2\/pages\/1172","targetHints":{"allow":["GET"]}}],"collection":[{"href":"https:\/\/jblstainless.com\/es\/wp-json\/wp\/v2\/pages"}],"about":[{"href":"https:\/\/jblstainless.com\/es\/wp-json\/wp\/v2\/types\/page"}],"author":[{"embeddable":true,"href":"https:\/\/jblstainless.com\/es\/wp-json\/wp\/v2\/users\/1"}],"replies":[{"embeddable":true,"href":"https:\/\/jblstainless.com\/es\/wp-json\/wp\/v2\/comments?post=1172"}],"version-history":[{"count":1,"href":"https:\/\/jblstainless.com\/es\/wp-json\/wp\/v2\/pages\/1172\/revisions"}],"predecessor-version":[{"id":1173,"href":"https:\/\/jblstainless.com\/es\/wp-json\/wp\/v2\/pages\/1172\/revisions\/1173"}],"wp:attachment":[{"href":"https:\/\/jblstainless.com\/es\/wp-json\/wp\/v2\/media?parent=1172"}],"curies":[{"name":"wp","href":"https:\/\/api.w.org\/{rel}","templated":true}]}}