{"id":1636,"date":"2025-06-05T17:02:15","date_gmt":"2025-06-05T09:02:15","guid":{"rendered":"https:\/\/jblstainless.com\/?page_id=1636"},"modified":"2025-06-05T17:02:16","modified_gmt":"2025-06-05T09:02:16","slug":"preguntas-frecuentes","status":"publish","type":"page","link":"https:\/\/jblstainless.com\/es\/faq\/","title":{"rendered":"PREGUNTAS FRECUENTES"},"content":{"rendered":"<div data-elementor-type=\"wp-page\" data-elementor-id=\"1636\" class=\"elementor elementor-1636\" data-elementor-post-type=\"page\">\n\t\t\t\t<div class=\"elementor-element elementor-element-8c5e0d6 e-flex e-con-boxed e-con e-parent\" data-id=\"8c5e0d6\" data-element_type=\"container\" data-e-type=\"container\">\n\t\t\t\t\t<div class=\"e-con-inner\">\n\t\t\t\t<div class=\"elementor-element elementor-element-7196fa7 elementor-widget elementor-widget-heading\" data-id=\"7196fa7\" data-element_type=\"widget\" data-e-type=\"widget\" data-widget_type=\"heading.default\">\n\t\t\t\t<div class=\"elementor-widget-container\">\n\t\t\t\t\t<h2 class=\"elementor-heading-title elementor-size-default\">PREGUNTAS FRECUENTES<\/h2>\t\t\t\t<\/div>\n\t\t\t\t<\/div>\n\t\t\t\t\t<\/div>\n\t\t\t\t<\/div>\n\t\t<div class=\"elementor-element elementor-element-24355f5 e-flex e-con-boxed e-con e-parent\" data-id=\"24355f5\" data-element_type=\"container\" data-e-type=\"container\">\n\t\t\t\t\t<div class=\"e-con-inner\">\n\t\t\t\t<div class=\"elementor-element elementor-element-f15a9c6 elementor-widget elementor-widget-heading\" data-id=\"f15a9c6\" data-element_type=\"widget\" data-e-type=\"widget\" data-widget_type=\"heading.default\">\n\t\t\t\t<div class=\"elementor-widget-container\">\n\t\t\t\t\t<h2 class=\"elementor-heading-title elementor-size-default\">\u00bfQu\u00e9 tipos de productos de acero inoxidable tienen?<\/h2>\t\t\t\t<\/div>\n\t\t\t\t<\/div>\n\t\t\t\t<div class=\"elementor-element elementor-element-279587e elementor-widget elementor-widget-text-editor\" data-id=\"279587e\" data-element_type=\"widget\" data-e-type=\"widget\" data-widget_type=\"text-editor.default\">\n\t\t\t\t<div class=\"elementor-widget-container\">\n\t\t\t\t\t\t\t\t\t<p>Suministramos diversos tipos de productos de acero inoxidable, incluyendo placas y bobinas de acero inoxidable, tubos de acero sin soldadura, tubos de acero soldados, accesorios para tubos, perfiles, elementos de fijaci\u00f3n y productos personalizados. Gracias a sus caracter\u00edsticas de resistencia a la corrosi\u00f3n, alta resistencia y est\u00e9tica, se utilizan ampliamente en los sectores de la construcci\u00f3n, la fabricaci\u00f3n, la energ\u00eda, la qu\u00edmica, el procesamiento de alimentos y la medicina.<\/p>\t\t\t\t\t\t\t\t<\/div>\n\t\t\t\t<\/div>\n\t\t\t\t\t<\/div>\n\t\t\t\t<\/div>\n\t\t<div class=\"elementor-element elementor-element-0cca6f0 e-flex e-con-boxed e-con e-parent\" data-id=\"0cca6f0\" data-element_type=\"container\" data-e-type=\"container\">\n\t\t\t\t\t<div class=\"e-con-inner\">\n\t\t\t\t<div class=\"elementor-element elementor-element-82fc5de elementor-widget elementor-widget-heading\" data-id=\"82fc5de\" data-element_type=\"widget\" data-e-type=\"widget\" data-widget_type=\"heading.default\">\n\t\t\t\t<div class=\"elementor-widget-container\">\n\t\t\t\t\t<h2 class=\"elementor-heading-title elementor-size-default\">\u00bfCu\u00e1les son las ventajas del acero inoxidable?<\/h2>\t\t\t\t<\/div>\n\t\t\t\t<\/div>\n\t\t\t\t<div class=\"elementor-element elementor-element-50ddc49 elementor-widget elementor-widget-text-editor\" data-id=\"50ddc49\" data-element_type=\"widget\" data-e-type=\"widget\" data-widget_type=\"text-editor.default\">\n\t\t\t\t<div class=\"elementor-widget-container\">\n\t\t\t\t\t\t\t\t\t<p>El acero inoxidable ofrece una resistencia superior a la corrosi\u00f3n, resistencia, durabilidad y est\u00e9tica, es f\u00e1cil de mantener, 100% reciclable y respetuoso con el medio ambiente.<\/p>\t\t\t\t\t\t\t\t<\/div>\n\t\t\t\t<\/div>\n\t\t\t\t\t<\/div>\n\t\t\t\t<\/div>\n\t\t<div class=\"elementor-element elementor-element-70fd210 e-flex e-con-boxed e-con e-parent\" data-id=\"70fd210\" data-element_type=\"container\" data-e-type=\"container\">\n\t\t\t\t\t<div class=\"e-con-inner\">\n\t\t\t\t<div class=\"elementor-element elementor-element-3aa63f5 elementor-widget elementor-widget-heading\" data-id=\"3aa63f5\" data-element_type=\"widget\" data-e-type=\"widget\" data-widget_type=\"heading.default\">\n\t\t\t\t<div class=\"elementor-widget-container\">\n\t\t\t\t\t<h2 class=\"elementor-heading-title elementor-size-default\">\u00bfC\u00f3mo elijo el producto de acero inoxidable adecuado?<\/h2>\t\t\t\t<\/div>\n\t\t\t\t<\/div>\n\t\t\t\t<div class=\"elementor-element elementor-element-2b1d86c elementor-widget elementor-widget-text-editor\" data-id=\"2b1d86c\" data-element_type=\"widget\" data-e-type=\"widget\" data-widget_type=\"text-editor.default\">\n\t\t\t\t<div class=\"elementor-widget-container\">\n\t\t\t\t\t\t\t\t\t<p>Elija el material (por ejemplo, 304, 316), las especificaciones y el tratamiento superficial en funci\u00f3n de los requisitos del proyecto. Seleccione proveedores que cumplan con las normas internacionales para garantizar la calidad.<br \/>En JBLSTEEL nos abastecemos de materias primas de las mejores acer\u00edas, como TISCO y Baosteel, con un estricto control de calidad, y cumplimos con las normas ASTM, EN, JIS y GB, as\u00ed como con las especificaciones de los clientes.<\/p>\t\t\t\t\t\t\t\t<\/div>\n\t\t\t\t<\/div>\n\t\t\t\t\t<\/div>\n\t\t\t\t<\/div>\n\t\t<div class=\"elementor-element elementor-element-0cd1e4f e-flex e-con-boxed e-con e-parent\" data-id=\"0cd1e4f\" data-element_type=\"container\" data-e-type=\"container\">\n\t\t\t\t\t<div class=\"e-con-inner\">\n\t\t\t\t<div class=\"elementor-element elementor-element-34081c3 elementor-widget elementor-widget-heading\" data-id=\"34081c3\" data-element_type=\"widget\" data-e-type=\"widget\" data-widget_type=\"heading.default\">\n\t\t\t\t<div class=\"elementor-widget-container\">\n\t\t\t\t\t<h2 class=\"elementor-heading-title elementor-size-default\">\u00bfOfrecen servicios de personalizaci\u00f3n?<\/h2>\t\t\t\t<\/div>\n\t\t\t\t<\/div>\n\t\t\t\t<div class=\"elementor-element elementor-element-e5cf9bb elementor-widget elementor-widget-text-editor\" data-id=\"e5cf9bb\" data-element_type=\"widget\" data-e-type=\"widget\" data-widget_type=\"text-editor.default\">\n\t\t\t\t<div class=\"elementor-widget-container\">\n\t\t\t\t\t\t\t\t\t<p>S\u00ed, ofrecemos tama\u00f1os, especificaciones, materiales y acabados personalizados para satisfacer los requisitos espec\u00edficos de cada proyecto. Podemos cortar a medida, taladrar, fresar ranuras o soldar seg\u00fan los planos para satisfacer los requisitos individuales de cada proyecto.<\/p>\t\t\t\t\t\t\t\t<\/div>\n\t\t\t\t<\/div>\n\t\t\t\t\t<\/div>\n\t\t\t\t<\/div>\n\t\t<div class=\"elementor-element elementor-element-aab96d4 e-flex e-con-boxed e-con e-parent\" data-id=\"aab96d4\" data-element_type=\"container\" data-e-type=\"container\">\n\t\t\t\t\t<div class=\"e-con-inner\">\n\t\t\t\t<div class=\"elementor-element elementor-element-ff6f18d elementor-align-center elementor-widget elementor-widget-button\" data-id=\"ff6f18d\" data-element_type=\"widget\" data-e-type=\"widget\" data-widget_type=\"button.default\">\n\t\t\t\t<div class=\"elementor-widget-container\">\n\t\t\t\t\t\t\t\t\t<div class=\"elementor-button-wrapper\">\n\t\t\t\t\t<a class=\"elementor-button elementor-button-link elementor-size-sm\" href=\"#elementor-action%3Aaction%3Dpopup%3Aopen%26settings%3DeyJpZCI6IjExODMiLCJ0b2dnbGUiOmZhbHNlfQ%3D%3D\" id=\"FAQ\">\n\t\t\t\t\t\t<span class=\"elementor-button-content-wrapper\">\n\t\t\t\t\t\t\t\t\t<span class=\"elementor-button-text\">Obtenga un presupuesto instant\u00e1neo <\/span>\n\t\t\t\t\t<\/span>\n\t\t\t\t\t<\/a>\n\t\t\t\t<\/div>\n\t\t\t\t\t\t\t\t<\/div>\n\t\t\t\t<\/div>\n\t\t\t\t\t<\/div>\n\t\t\t\t<\/div>\n\t\t<div class=\"elementor-element elementor-element-3e95751 e-flex e-con-boxed e-con e-parent\" data-id=\"3e95751\" data-element_type=\"container\" data-e-type=\"container\">\n\t\t\t\t\t<div class=\"e-con-inner\">\n\t\t\t\t<div class=\"elementor-element elementor-element-74d307c elementor-widget elementor-widget-heading\" data-id=\"74d307c\" data-element_type=\"widget\" data-e-type=\"widget\" data-widget_type=\"heading.default\">\n\t\t\t\t<div class=\"elementor-widget-container\">\n\t\t\t\t\t<h2 class=\"elementor-heading-title elementor-size-default\">\u00bfC\u00f3mo controlan la calidad?<\/h2>\t\t\t\t<\/div>\n\t\t\t\t<\/div>\n\t\t\t\t<div class=\"elementor-element elementor-element-c35a071 elementor-widget elementor-widget-text-editor\" data-id=\"c35a071\" data-element_type=\"widget\" data-e-type=\"widget\" data-widget_type=\"text-editor.default\">\n\t\t\t\t<div class=\"elementor-widget-container\">\n\t\t\t\t\t\t\t\t\t<p>Realizamos inspecciones dimensionales, an\u00e1lisis de composici\u00f3n qu\u00edmica, pruebas ultras\u00f3nicas, pruebas de resistencia a la tracci\u00f3n, pruebas de dureza y otros controles de proceso para garantizar que cada producto cumpla con los requisitos de dise\u00f1o.<\/p><p>La certificaci\u00f3n de pruebas de f\u00e1brica se suministra con el env\u00edo, y se ofrece la posibilidad de realizar una inspecci\u00f3n por parte de terceros.<\/p>\t\t\t\t\t\t\t\t<\/div>\n\t\t\t\t<\/div>\n\t\t\t\t\t<\/div>\n\t\t\t\t<\/div>\n\t\t<div class=\"elementor-element elementor-element-82a3c82 e-flex e-con-boxed e-con e-parent\" data-id=\"82a3c82\" data-element_type=\"container\" data-e-type=\"container\">\n\t\t\t\t\t<div class=\"e-con-inner\">\n\t\t\t\t<div class=\"elementor-element elementor-element-06d31b2 elementor-widget elementor-widget-heading\" data-id=\"06d31b2\" data-element_type=\"widget\" data-e-type=\"widget\" data-widget_type=\"heading.default\">\n\t\t\t\t<div class=\"elementor-widget-container\">\n\t\t\t\t\t<h2 class=\"elementor-heading-title elementor-size-default\">\u00bfSus productos est\u00e1n certificados?\n<\/h2>\t\t\t\t<\/div>\n\t\t\t\t<\/div>\n\t\t\t\t<div class=\"elementor-element elementor-element-00a8ff0 elementor-widget elementor-widget-text-editor\" data-id=\"00a8ff0\" data-element_type=\"widget\" data-e-type=\"widget\" data-widget_type=\"text-editor.default\">\n\t\t\t\t<div class=\"elementor-widget-container\">\n\t\t\t\t\t\t\t\t\t<p>Los productos cumplen con las normas ASTM, EN, JIS, GB y las especificaciones del cliente.<\/p><p>Tambi\u00e9n podemos proporcionar certificaciones CE, RoHS y otras seg\u00fan los requisitos del proyecto para garantizar el cumplimiento de las normas locales y de exportaci\u00f3n. Cumplimos con normas internacionales como ASTM\/EN\/JIS\/GB.<\/p>\t\t\t\t\t\t\t\t<\/div>\n\t\t\t\t<\/div>\n\t\t\t\t\t<\/div>\n\t\t\t\t<\/div>\n\t\t<div class=\"elementor-element elementor-element-420a80e e-flex e-con-boxed e-con e-parent\" data-id=\"420a80e\" data-element_type=\"container\" data-e-type=\"container\">\n\t\t\t\t\t<div class=\"e-con-inner\">\n\t\t\t\t<div class=\"elementor-element elementor-element-0eed53d elementor-widget elementor-widget-heading\" data-id=\"0eed53d\" data-element_type=\"widget\" data-e-type=\"widget\" data-widget_type=\"heading.default\">\n\t\t\t\t<div class=\"elementor-widget-container\">\n\t\t\t\t\t<h2 class=\"elementor-heading-title elementor-size-default\">\u00bfQu\u00e9 tal los precios?\n<\/h2>\t\t\t\t<\/div>\n\t\t\t\t<\/div>\n\t\t\t\t<div class=\"elementor-element elementor-element-51eb343 elementor-widget elementor-widget-text-editor\" data-id=\"51eb343\" data-element_type=\"widget\" data-e-type=\"widget\" data-widget_type=\"text-editor.default\">\n\t\t\t\t<div class=\"elementor-widget-container\">\n\t\t\t\t\t\t\t\t\t<p>Nos abastecemos de materias primas de acer\u00edas de primer nivel, como TISCO y Baosteel, con un inventario suficiente, una menor exposici\u00f3n a las fluctuaciones internacionales de los precios de las materias primas, precios competitivos y una gesti\u00f3n eficiente de la producci\u00f3n y la cadena de suministro para garantizar un rendimiento rentable.<\/p>\t\t\t\t\t\t\t\t<\/div>\n\t\t\t\t<\/div>\n\t\t\t\t\t<\/div>\n\t\t\t\t<\/div>\n\t\t\t\t<\/div>","protected":false},"excerpt":{"rendered":"<p>FAQ What types Stainless Steel products do you have? We supply various types of stainless steel products, including stainless steel plates and coils, seamless steel pipes, welded steel pipes, pipe fittings, profiles, fasteners, and customization products. With the characteristics of corrosion resistance, high strength and aesthetics, they are widely used in the construction, manufacturing, energy, [&hellip;]<\/p>\n","protected":false},"author":1,"featured_media":0,"parent":0,"menu_order":0,"comment_status":"closed","ping_status":"closed","template":"","meta":{"_eb_attr":"","footnotes":""},"class_list":["post-1636","page","type-page","status-publish","hentry"],"_links":{"self":[{"href":"https:\/\/jblstainless.com\/es\/wp-json\/wp\/v2\/pages\/1636","targetHints":{"allow":["GET"]}}],"collection":[{"href":"https:\/\/jblstainless.com\/es\/wp-json\/wp\/v2\/pages"}],"about":[{"href":"https:\/\/jblstainless.com\/es\/wp-json\/wp\/v2\/types\/page"}],"author":[{"embeddable":true,"href":"https:\/\/jblstainless.com\/es\/wp-json\/wp\/v2\/users\/1"}],"replies":[{"embeddable":true,"href":"https:\/\/jblstainless.com\/es\/wp-json\/wp\/v2\/comments?post=1636"}],"version-history":[{"count":1,"href":"https:\/\/jblstainless.com\/es\/wp-json\/wp\/v2\/pages\/1636\/revisions"}],"predecessor-version":[{"id":1637,"href":"https:\/\/jblstainless.com\/es\/wp-json\/wp\/v2\/pages\/1636\/revisions\/1637"}],"wp:attachment":[{"href":"https:\/\/jblstainless.com\/es\/wp-json\/wp\/v2\/media?parent=1636"}],"curies":[{"name":"wp","href":"https:\/\/api.w.org\/{rel}","templated":true}]}}