{"id":1236,"date":"2025-04-02T17:33:36","date_gmt":"2025-04-02T09:33:36","guid":{"rendered":"https:\/\/jblstainless.com\/?post_type=product&#038;p=1236"},"modified":"2025-07-14T16:43:58","modified_gmt":"2025-07-14T08:43:58","slug":"tubos-de-acero-inoxidable-sin-soldadura","status":"publish","type":"product","link":"https:\/\/jblstainless.com\/es\/seamless-stainless-steel-tubing\/","title":{"rendered":"Tubos de acero inoxidable sin soldadura"},"content":{"rendered":"<p>Los tubos de acero inoxidable sin soldadura son un material para tuber\u00edas de alta resistencia, resistente a la corrosi\u00f3n y a altas temperaturas, y su dise\u00f1o sin soldaduras garantiza una mayor fiabilidad y seguridad. Ofrecemos una amplia gama de materiales de acero inoxidable, incluyendo tubos sin soldadura de acero inoxidable austen\u00edtico, tubos sin soldadura de acero inoxidable martens\u00edtico, tubos sin soldadura de acero inoxidable ferr\u00edtico, etc., ampliamente utilizados en los campos del petr\u00f3leo, la industria qu\u00edmica, la energ\u00eda el\u00e9ctrica, la industria aeroespacial, la ingenier\u00eda oce\u00e1nica, etc.<\/p>\n<table class=\"table\">\n<tbody>\n<tr>\n<td>Material<\/td>\n<td>Caracter\u00edstica<\/td>\n<td>Grado de acero<\/td>\n<td>Dimensi\u00f3n<\/td>\n<\/tr>\n<tr>\n<td>Acero inoxidable austen\u00edtico<\/td>\n<td>Excelente resistencia a la corrosi\u00f3n, apto para productos qu\u00edmicos.<br \/>\ne ingenier\u00eda naval.<\/td>\n<td>304, 316, 317, etc.<\/td>\n<td>OD: 6,0~813,0 mm<br \/>\nWT:SCH5S~SCH80S<\/td>\n<\/tr>\n<tr>\n<td>Acero inoxidable martens\u00edtico<\/td>\n<td>alta resistencia, adecuado para ingenier\u00eda mec\u00e1nica.<\/td>\n<td>410, 420, 431, etc.<\/td>\n<td>OD: 6,0~813,0 mm<br \/>\nWT:SCH5S~SCH80S<\/td>\n<\/tr>\n<tr>\n<td>Acero inoxidable d\u00faplex<\/td>\n<td>Mayor resistencia a la corrosi\u00f3n y mayor resistencia mec\u00e1nica.<\/td>\n<td>S32205, S31803, etc.<\/td>\n<td>OD: 19,0~254 mm<br \/>\nWT: SCH5S~SCH80S<\/td>\n<\/tr>\n<\/tbody>\n<\/table>\n<p><img fetchpriority=\"high\" decoding=\"async\" class=\"wp-image-1042 size-full\" src=\"https:\/\/jblstainless.com\/wp-content\/uploads\/2025\/02\/stainless-pipe.webp\" alt=\"tubo inoxidable\" width=\"1001\" height=\"300\" srcset=\"https:\/\/jblstainless.com\/wp-content\/uploads\/2025\/02\/stainless-pipe.webp 1001w, https:\/\/jblstainless.com\/wp-content\/uploads\/2025\/02\/stainless-pipe-300x90.webp 300w, https:\/\/jblstainless.com\/wp-content\/uploads\/2025\/02\/stainless-pipe-768x230.webp 768w, https:\/\/jblstainless.com\/wp-content\/uploads\/2025\/02\/stainless-pipe-18x5.webp 18w, https:\/\/jblstainless.com\/wp-content\/uploads\/2025\/02\/stainless-pipe-600x180.webp 600w\" sizes=\"(max-width: 1001px) 100vw, 1001px\" \/><\/p>\n<p>Nuestros tubos sin soldadura est\u00e1n fabricados con acero inoxidable de alta pureza y dise\u00f1ados para garantizar su resistencia a la corrosi\u00f3n y a las altas temperaturas. Desde las materias primas hasta los productos acabados, aplicamos un estricto sistema de gesti\u00f3n de la calidad para garantizar el cumplimiento de normas internacionales como ASTM A312 y GB\/T 14976. Se utilizan tecnolog\u00edas de laminaci\u00f3n de precisi\u00f3n y tratamiento t\u00e9rmico para garantizar un espesor de pared uniforme y la ausencia de defectos, cumpliendo as\u00ed los estrictos requisitos de aplicaciones como las del sector petrolero, qu\u00edmico y el\u00e9ctrico.<\/p>\n<h2><strong>Especificaciones de tubos de acero inoxidable sin soldadura<\/strong><\/h2>\n<table>\n<tbody>\n<tr>\n<td colspan=\"1\" rowspan=\"1\">Art\u00edculo<\/td>\n<td colspan=\"2\" rowspan=\"1\">Tubo sin soldadura de acero inoxidable<\/td>\n<\/tr>\n<tr>\n<td colspan=\"1\" rowspan=\"1\">Grado de acero<\/td>\n<td colspan=\"2\" rowspan=\"1\">Serie 200, serie 300, serie 400, 904L, 2205, etc.<\/td>\n<\/tr>\n<tr>\n<td colspan=\"1\" rowspan=\"1\">Est\u00e1ndar<\/td>\n<td colspan=\"2\" rowspan=\"1\">ASTM A213, A312, ASTM A269, ASTM A778, ASTM A789, DIN 17456, DIN 17457, DIN 17459, JIS G3459,<\/p>\n<p>JIS G3463, GOST9941, EN10216, BS3605, GB13296<\/td>\n<\/tr>\n<tr>\n<td colspan=\"1\" rowspan=\"1\">Material<\/td>\n<td colspan=\"2\" rowspan=\"1\">304, 304L, 309S, 310S, 316, 316Ti, 317, 317L, 321, 347, 347H, 304N, 316L, 316N, 201, 2205, etc.<\/td>\n<\/tr>\n<tr>\n<td colspan=\"1\" rowspan=\"1\">Superficie<\/td>\n<td colspan=\"2\" rowspan=\"1\">Pulido, recocido, decapado, abrillantado.<\/td>\n<\/tr>\n<tr>\n<td colspan=\"1\" rowspan=\"1\">Tipo<\/td>\n<td colspan=\"2\" rowspan=\"1\">laminado en caliente, laminado en fr\u00edo<\/td>\n<\/tr>\n<tr>\n<td colspan=\"1\" rowspan=\"1\">Espesor de pared<\/td>\n<td colspan=\"2\" rowspan=\"1\">1 mm-150 mm (SCH10-XXS)<\/td>\n<\/tr>\n<tr>\n<td colspan=\"1\" rowspan=\"1\">Di\u00e1metro exterior<\/td>\n<td colspan=\"2\" rowspan=\"1\">6 mm-2500 mm (3\/8\u2033-100\u2033)<\/td>\n<\/tr>\n<tr>\n<td colspan=\"1\" rowspan=\"1\">Plazo de entrega<\/td>\n<td colspan=\"2\" rowspan=\"1\">Entrega r\u00e1pida o seg\u00fan la cantidad del pedido.<\/td>\n<\/tr>\n<tr>\n<td colspan=\"1\" rowspan=\"1\">Paquete<\/td>\n<td colspan=\"2\" rowspan=\"1\">Embalaje est\u00e1ndar apto para el transporte mar\u00edtimo, o seg\u00fan se requiera.<\/td>\n<\/tr>\n<\/tbody>\n<\/table>\n<p>Gracias a su excelente rendimiento, los tubos sin soldadura de acero inoxidable han sido el material preferido para tuber\u00edas en los sectores petrolero, qu\u00edmico, el\u00e9ctrico y otros. Tanto si necesita tama\u00f1os est\u00e1ndar como dimensiones especiales, podemos satisfacer sus necesidades.<\/p>\n<h2>\u00bfPor qu\u00e9 elegir JBLSTEEL como su proveedor de tubos sin soldadura?<\/h2>\n<h3><strong>Servicio de personalizaci\u00f3n<\/strong><\/h3>\n<p>Entendemos que cada proyecto es \u00fanico, por lo que ofrecemos soluciones personalizadas en cuanto a tama\u00f1os y especificaciones para satisfacer las necesidades espec\u00edficas de cada proyecto. Obtenga aqu\u00ed su propuesta personalizada:<\/p>\n<p><strong>1. Dimensiones \u00fanicas:<\/strong> Disponemos de especificaciones completas del producto, y podemos personalizar tama\u00f1os y formas no est\u00e1ndar. Nuestras avanzadas capacidades de mecanizado CNC e ingenier\u00eda de precisi\u00f3n nos permiten fabricar tubos seg\u00fan sus especificaciones exactas.<\/p>\n<p><strong>2. Material:<\/strong> Elija entre una variedad de grados de materiales, incluyendo aceros inoxidables austen\u00edticos, ferr\u00edticos, martens\u00edticos y d\u00faplex, para satisfacer los requisitos de su proyecto, incluyendo aplicaciones de alta temperatura, resistentes a la corrosi\u00f3n o de alta presi\u00f3n.<\/p>\n<p><strong>3. Tratamientos superficiales:<\/strong> Elija acabados superficiales como pulido, recocido, decapado y abrillantado para conseguir un acabado brillante y suave, mejorar la est\u00e9tica, reducir la rugosidad de la superficie y aumentar la resistencia a la corrosi\u00f3n.<\/p>\n<p><strong>4. Dise\u00f1os especiales:<\/strong> Seleccione el material (como 316L resistente a la corrosi\u00f3n, 304 de uso general) y las especificaciones (DN15-DN600) de acuerdo con los requisitos del proyecto para garantizar que se cumplan los requisitos de ingenier\u00eda. Podemos personalizar tama\u00f1os de tubos no est\u00e1ndar o formas personalizadas para satisfacer las demandas \u00fanicas de su proyecto.<\/p>\n<p><img decoding=\"async\" class=\"wp-image-1357 size-full\" src=\"https:\/\/jblstainless.com\/wp-content\/uploads\/2025\/04\/stainless-steel-pipe-surface-treatment.webp\" alt=\"Tratamiento superficial de tubos de acero inoxidable\" width=\"1000\" height=\"493\" srcset=\"https:\/\/jblstainless.com\/wp-content\/uploads\/2025\/04\/stainless-steel-pipe-surface-treatment.webp 1000w, https:\/\/jblstainless.com\/wp-content\/uploads\/2025\/04\/stainless-steel-pipe-surface-treatment-300x148.webp 300w, https:\/\/jblstainless.com\/wp-content\/uploads\/2025\/04\/stainless-steel-pipe-surface-treatment-768x379.webp 768w, https:\/\/jblstainless.com\/wp-content\/uploads\/2025\/04\/stainless-steel-pipe-surface-treatment-18x9.webp 18w, https:\/\/jblstainless.com\/wp-content\/uploads\/2025\/04\/stainless-steel-pipe-surface-treatment-600x296.webp 600w\" sizes=\"(max-width: 1000px) 100vw, 1000px\" \/><\/p>\n<h3>Materiales de primera calidad<\/h3>\n<p>Las materias primas se adquieren de acer\u00edas de renombre (por ejemplo, Baosteel, Shagang, TISCO, etc.), los materiales son de alta calidad y cumplen con las normas internacionales ASTM, DIN, JIS, etc., lo que garantiza un rendimiento y una durabilidad excelentes. El tubo de acero adopta tecnolog\u00eda de laminaci\u00f3n y tratamiento t\u00e9rmico de precisi\u00f3n para garantizar un espesor de pared uniforme y sin defectos.<\/p>\n<h3>Calidad garantizada<\/h3>\n<p>Estricto control de calidad: nuestro proceso de fabricaci\u00f3n de \u00faltima generaci\u00f3n incluye rigurosas inspecciones de calidad, desde las materias primas hasta los productos terminados, para garantizar que todos los productos cumplan con los m\u00e1s altos est\u00e1ndares, proporcionando informes de pruebas para garantizar una entrega sin defectos. Certificaci\u00f3n de terceros: tambi\u00e9n aceptamos inspecciones de terceros para garantizar que nuestros productos cumplan con los est\u00e1ndares.<\/p>\n<ul>\n<li>Proporcionar certificado de garant\u00eda de calidad, informe de inspecci\u00f3n, etc.<\/li>\n<\/ul>\n<p><img decoding=\"async\" class=\"wp-image-1361 size-full\" src=\"https:\/\/jblstainless.com\/wp-content\/uploads\/2025\/04\/seamless-stainless-steel-pipe-quality-inspection.webp\" alt=\"Inspecci\u00f3n de calidad de tubos de acero inoxidable sin soldadura\" width=\"1000\" height=\"660\" srcset=\"https:\/\/jblstainless.com\/wp-content\/uploads\/2025\/04\/seamless-stainless-steel-pipe-quality-inspection.webp 1000w, https:\/\/jblstainless.com\/wp-content\/uploads\/2025\/04\/seamless-stainless-steel-pipe-quality-inspection-300x198.webp 300w, https:\/\/jblstainless.com\/wp-content\/uploads\/2025\/04\/seamless-stainless-steel-pipe-quality-inspection-768x507.webp 768w, https:\/\/jblstainless.com\/wp-content\/uploads\/2025\/04\/seamless-stainless-steel-pipe-quality-inspection-18x12.webp 18w, https:\/\/jblstainless.com\/wp-content\/uploads\/2025\/04\/seamless-stainless-steel-pipe-quality-inspection-600x396.webp 600w\" sizes=\"(max-width: 1000px) 100vw, 1000px\" \/><\/p>\n<h3>Amplias aplicaciones de los tubos de acero inoxidable sin soldadura<\/h3>\n<p>Los tubos sin soldadura de acero inoxidable tienen una amplia gama de aplicaciones debido a su excelente resistencia a la corrosi\u00f3n, su resistencia a altas temperaturas y su gran resistencia mec\u00e1nica:<\/p>\n<ul>\n<li>Campo petrolero: se utiliza para el transporte de petr\u00f3leo y gas en aguas profundas, con el fin de garantizar la estabilidad de la tuber\u00eda en entornos de alta presi\u00f3n.<\/li>\n<li>\u00c1mbito qu\u00edmico: resistencia a la corrosi\u00f3n por \u00e1cidos y \u00e1lcalis, para garantizar el transporte seguro de materias primas qu\u00edmicas.<\/li>\n<li>Campo energ\u00e9tico: la resistencia a altas temperaturas favorece el funcionamiento prolongado de las calderas y mejora la eficiencia de la generaci\u00f3n de energ\u00eda.<\/li>\n<\/ul>\n<h3>Precio competitivo<\/h3>\n<ul>\n<li>\n<h4>Precio razonable<\/h4>\n<\/li>\n<\/ul>\n<p>Nuestra f\u00e1brica est\u00e1 cerca de las acer\u00edas Angang, lo que reduce los costes de transporte, los tubos sin soldadura tienen un precio competitivo y el inventario suficiente reduce el impacto de las fluctuaciones en los precios de las materias primas.<\/p>\n<ul>\n<li>\n<h4>Muestra disponible<\/h4>\n<\/li>\n<\/ul>\n<p>Ofrecemos muestras gratuitas en stock para comprobar la calidad de nuestros productos antes de realizar los pedidos.<\/p>\n<ul>\n<li>\n<h4>Cantidad m\u00ednima de pedido<\/h4>\n<\/li>\n<\/ul>\n<p>La cantidad m\u00ednima de pedido de los proveedores de acero suele ser de 1 tonelada. Sin embargo, nosotros ofrecemos una cantidad m\u00ednima de pedido m\u00e1s flexible, por lo que, independientemente de si su pedido es grande o peque\u00f1o, podemos ofrecerle una buena soluci\u00f3n.<\/p>\n<h3>Buenas capacidades de la cadena de suministro<\/h3>\n<ul>\n<li>\n<h4>Instalaciones de producci\u00f3n avanzadas<\/h4>\n<\/li>\n<\/ul>\n<p>Nuestra f\u00e1brica cuenta con un inventario suficiente, est\u00e1 equipada con l\u00edneas de producci\u00f3n automatizadas y dispone de equipos de producci\u00f3n avanzados, como laminadores en caliente, laminadores en fr\u00edo, punzonadoras, etc., lo que reduce el tiempo de producci\u00f3n y mejora considerablemente la eficiencia de la misma. Bas\u00e1ndose en las especificaciones y tolerancias proporcionadas, JBLSTEEL dise\u00f1a, fabrica y suministra tubos de acero inoxidable de alta calidad para los pedidos.<\/p>\n<p><img loading=\"lazy\" decoding=\"async\" class=\"wp-image-1324 size-full\" src=\"https:\/\/jblstainless.com\/wp-content\/uploads\/2025\/03\/seamless-pipe-production-process.webp\" alt=\"Proceso de producci\u00f3n de tubos sin soldadura\" width=\"1140\" height=\"730\" srcset=\"https:\/\/jblstainless.com\/wp-content\/uploads\/2025\/03\/seamless-pipe-production-process.webp 1140w, https:\/\/jblstainless.com\/wp-content\/uploads\/2025\/03\/seamless-pipe-production-process-300x192.webp 300w, https:\/\/jblstainless.com\/wp-content\/uploads\/2025\/03\/seamless-pipe-production-process-1024x656.webp 1024w, https:\/\/jblstainless.com\/wp-content\/uploads\/2025\/03\/seamless-pipe-production-process-768x492.webp 768w, https:\/\/jblstainless.com\/wp-content\/uploads\/2025\/03\/seamless-pipe-production-process-18x12.webp 18w, https:\/\/jblstainless.com\/wp-content\/uploads\/2025\/03\/seamless-pipe-production-process-600x384.webp 600w\" sizes=\"(max-width: 1140px) 100vw, 1140px\" \/><\/p>\n<ul>\n<li>\n<h4>M\u00faltiples m\u00e9todos de transporte<\/h4>\n<\/li>\n<\/ul>\n<p>Ofrecemos servicios de transporte urgente, mar\u00edtimo, terrestre, a\u00e9reo y ferroviario, y mantenemos una colaboraci\u00f3n estable y duradera con varias empresas de log\u00edstica para garantizar la entrega puntual y la seguridad de los productos.<\/p>\n<ul>\n<li>\n<h4>Entrega puntual<\/h4>\n<\/li>\n<\/ul>\n<p>Desde el pedido hasta la entrega, cumplimos estrictamente con los requisitos de calidad para cumplir con su plazo de producci\u00f3n.<\/p>\n<ul>\n<li>\n<h4>Garant\u00eda posventa<\/h4>\n<\/li>\n<\/ul>\n<p>Ofrecemos un servicio posventa 24 horas al d\u00eda, 7 d\u00edas a la semana, para resolver su problema en cualquier momento. Tambi\u00e9n contamos con un equipo profesional que se encarga de la instalaci\u00f3n, puesta en marcha, mantenimiento y otros servicios relacionados con los productos.<\/p>\n<h3>Establezca una colaboraci\u00f3n a largo plazo con JBLSTEEL.<\/h3>\n<h4>Condiciones de pago flexibles<\/h4>\n<p>Admite diversos m\u00e9todos de pago, como TT, LC, Alipay, etc., con condiciones de prepago y pago final manejables.<\/p>","protected":false},"excerpt":{"rendered":"<p>Los tubos de acero inoxidable sin soldadura son un tipo de tubos sin soldadura fabricados en acero inoxidable de alta calidad, con un dise\u00f1o sin soldaduras para garantizar una mayor fiabilidad y seguridad.<\/p>\n<p>Material:<\/p>\n<ul>\n<li>304<\/li>\n<li>316<\/li>\n<li>317<\/li>\n<li>321<\/li>\n<li>etc<\/li>\n<\/ul>\n<p>&nbsp;<\/p>\n<ol>\n<li>alta resistencia<\/li>\n<li>resistente a la corrosi\u00f3n<\/li>\n<li>resistente a altas temperaturas<\/li>\n<\/ol>","protected":false},"featured_media":1316,"template":"","meta":{"_eb_attr":""},"product_brand":[],"product_cat":[30],"product_tag":[],"class_list":{"0":"post-1236","1":"product","2":"type-product","3":"status-publish","4":"has-post-thumbnail","6":"product_cat-stainless-steel-seamless-pipe","8":"first","9":"instock","10":"shipping-taxable","11":"product-type-simple"},"_links":{"self":[{"href":"https:\/\/jblstainless.com\/es\/wp-json\/wp\/v2\/product\/1236","targetHints":{"allow":["GET"]}}],"collection":[{"href":"https:\/\/jblstainless.com\/es\/wp-json\/wp\/v2\/product"}],"about":[{"href":"https:\/\/jblstainless.com\/es\/wp-json\/wp\/v2\/types\/product"}],"version-history":[{"count":13,"href":"https:\/\/jblstainless.com\/es\/wp-json\/wp\/v2\/product\/1236\/revisions"}],"predecessor-version":[{"id":1390,"href":"https:\/\/jblstainless.com\/es\/wp-json\/wp\/v2\/product\/1236\/revisions\/1390"}],"wp:featuredmedia":[{"embeddable":true,"href":"https:\/\/jblstainless.com\/es\/wp-json\/wp\/v2\/media\/1316"}],"wp:attachment":[{"href":"https:\/\/jblstainless.com\/es\/wp-json\/wp\/v2\/media?parent=1236"}],"wp:term":[{"taxonomy":"product_brand","embeddable":true,"href":"https:\/\/jblstainless.com\/es\/wp-json\/wp\/v2\/product_brand?post=1236"},{"taxonomy":"product_cat","embeddable":true,"href":"https:\/\/jblstainless.com\/es\/wp-json\/wp\/v2\/product_cat?post=1236"},{"taxonomy":"product_tag","embeddable":true,"href":"https:\/\/jblstainless.com\/es\/wp-json\/wp\/v2\/product_tag?post=1236"}],"curies":[{"name":"wp","href":"https:\/\/api.w.org\/{rel}","templated":true}]}}