{"id":1688,"date":"2025-06-27T18:00:01","date_gmt":"2025-06-27T10:00:01","guid":{"rendered":"https:\/\/jblstainless.com\/?post_type=product&#038;p=1688"},"modified":"2025-07-10T16:23:54","modified_gmt":"2025-07-10T08:23:54","slug":"tubo-soldado-de-acero-inoxidable-astm-a312","status":"publish","type":"product","link":"https:\/\/jblstainless.com\/es\/stainless-steel-welded-pipe-astm-a312\/","title":{"rendered":"Tubos soldados de acero inoxidable ASTM A312"},"content":{"rendered":"<div data-elementor-type=\"product-post\" data-elementor-id=\"1688\" class=\"elementor elementor-1688\" data-elementor-post-type=\"product\">\n\t\t\t\t<div class=\"elementor-element elementor-element-82576df e-flex e-con-boxed e-con e-parent\" data-id=\"82576df\" data-element_type=\"container\" data-e-type=\"container\">\n\t\t\t\t\t<div class=\"e-con-inner\">\n\t\t\t\t<div class=\"elementor-element elementor-element-9994632 elementor-widget elementor-widget-text-editor\" data-id=\"9994632\" data-element_type=\"widget\" data-e-type=\"widget\" data-widget_type=\"text-editor.default\">\n\t\t\t\t<div class=\"elementor-widget-container\">\n\t\t\t\t\t\t\t\t\t<p>El tubo soldado de acero inoxidable ASTM A312 es un material para tuber\u00edas dise\u00f1ado para entornos corrosivos y de alta temperatura en una amplia gama de industrias qu\u00edmicas, petroqu\u00edmicas, de procesamiento de alimentos, farmac\u00e9uticas y energ\u00e9ticas.La norma ASTM A312 abarca una amplia gama de materiales de acero inoxidable, incluidos los grados 304\/304L, 316\/316L, 310S, 321, 317L y otros, que tienen una excelente resistencia a las altas temperaturas y a la corrosi\u00f3n, lo que los convierte en la opci\u00f3n preferida para los sistemas de tuber\u00edas industriales.<\/p>\t\t\t\t\t\t\t\t<\/div>\n\t\t\t\t<\/div>\n\t\t\t\t\t<\/div>\n\t\t\t\t<\/div>\n\t\t<div class=\"elementor-element elementor-element-d10d556 e-flex e-con-boxed e-con e-parent\" data-id=\"d10d556\" data-element_type=\"container\" data-e-type=\"container\">\n\t\t\t\t\t<div class=\"e-con-inner\">\n\t\t\t\t<div class=\"elementor-element elementor-element-e1a3018 elementor-widget elementor-widget-heading\" data-id=\"e1a3018\" data-element_type=\"widget\" data-e-type=\"widget\" data-widget_type=\"heading.default\">\n\t\t\t\t<div class=\"elementor-widget-container\">\n\t\t\t\t\t<h2 class=\"elementor-heading-title elementor-size-default\">Especificaci\u00f3n est\u00e1ndar ASTM A312<\/h2>\t\t\t\t<\/div>\n\t\t\t\t<\/div>\n\t\t\t\t<div class=\"elementor-element elementor-element-cc534f1 elementor-widget elementor-widget-text-editor\" data-id=\"cc534f1\" data-element_type=\"widget\" data-e-type=\"widget\" data-widget_type=\"text-editor.default\">\n\t\t\t\t<div class=\"elementor-widget-container\">\n\t\t\t\t\t\t\t\t\t<p>ASTM A312 es una especificaci\u00f3n est\u00e1ndar desarrollada por la Sociedad Americana para Ensayos y Materiales (ASTM) para tubos de acero inoxidable austen\u00edtico sin soldadura, soldados y trabajados en fr\u00edo. La norma es adecuada para aplicaciones en entornos de alta temperatura y generalmente corrosivos en una amplia gama de aplicaciones qu\u00edmicas, petroleras, de procesamiento de alimentos, farmac\u00e9uticas, de construcci\u00f3n y otras aplicaciones industriales.<\/p><p>Los tubos de acero inoxidable ASTM A312 est\u00e1n disponibles en una amplia gama de tama\u00f1os, desde 1\/8 pulgadas hasta 30 pulgadas de di\u00e1metro exterior, y espesores de pared desde SCH 5S hasta SCH XXS. Los acabados superficiales de estos tubos incluyen recocido, decapado, pulido a mano, pulido mec\u00e1nico y pulido espejo. Adem\u00e1s, la norma ASTM A312 cubre los requisitos de composici\u00f3n qu\u00edmica para una amplia gama de grados, como 304, 304L, 316 y 316L, cada grado debe confirmar la composici\u00f3n qu\u00edmica requerida de C, Mn, P, S, Si, Cr y Cr, Ni, Mo, etc.<\/p>\t\t\t\t\t\t\t\t<\/div>\n\t\t\t\t<\/div>\n\t\t\t\t<div class=\"elementor-element elementor-element-99ef5e6 elementor-widget elementor-widget-heading\" data-id=\"99ef5e6\" data-element_type=\"widget\" data-e-type=\"widget\" data-widget_type=\"heading.default\">\n\t\t\t\t<div class=\"elementor-widget-container\">\n\t\t\t\t\t<h3 class=\"elementor-heading-title elementor-size-default\">Composici\u00f3n qu\u00edmica del acero inoxidable<\/h3>\t\t\t\t<\/div>\n\t\t\t\t<\/div>\n\t\t\t\t<div class=\"elementor-element elementor-element-8f53e91 elementor-widget elementor-widget-text-editor\" data-id=\"8f53e91\" data-element_type=\"widget\" data-e-type=\"widget\" data-widget_type=\"text-editor.default\">\n\t\t\t\t<div class=\"elementor-widget-container\">\n\t\t\t\t\t\t\t\t\t<table><tbody><tr><td>Grado<\/td><td>C<\/td><td>Si<\/td><td>Mn<\/td><td>P<\/td><td>S<\/td><td>Ni<\/td><td>Cr<\/td><td>Mo<\/td><\/tr><tr><td>304<\/td><td>\u22640.08<\/td><td>\u22641.0<\/td><td>\u22642.0<\/td><td>\u22640.045<\/td><td>\u22640.03<\/td><td>8.0-11.0<\/td><td>18.0-20.0<\/td><td>\u2013<\/td><\/tr><tr><td>304L<\/td><td>\u22640.03<\/td><td>\u22641.0<\/td><td>\u22642.0<\/td><td>\u22640,035<\/td><td>\u22640.03<\/td><td>9.0-12.0<\/td><td>18.0-20.0<\/td><td>\u2013<\/td><\/tr><tr><td>316<\/td><td>\u22640.08<\/td><td>\u22641.0<\/td><td>\u22642.0<\/td><td>\u22640.045<\/td><td>\u22640.03<\/td><td>10.0-14.0<\/td><td>16.0-18.0<\/td><td>2.0-3.0<\/td><\/tr><tr><td>316L<\/td><td>\u22640.03<\/td><td>\u22641.0<\/td><td>\u22642.0<\/td><td>\u22640.045<\/td><td>\u22640.03<\/td><td>11.0-14.0<\/td><td>16.0-18.0<\/td><td>2.0-3.0<\/td><\/tr><\/tbody><\/table>\t\t\t\t\t\t\t\t<\/div>\n\t\t\t\t<\/div>\n\t\t\t\t\t<\/div>\n\t\t\t\t<\/div>\n\t\t<div class=\"elementor-element elementor-element-f406c16 e-flex e-con-boxed e-con e-parent\" data-id=\"f406c16\" data-element_type=\"container\" data-e-type=\"container\">\n\t\t\t\t\t<div class=\"e-con-inner\">\n\t\t\t\t<div class=\"elementor-element elementor-element-d585a4f elementor-widget elementor-widget-heading\" data-id=\"d585a4f\" data-element_type=\"widget\" data-e-type=\"widget\" data-widget_type=\"heading.default\">\n\t\t\t\t<div class=\"elementor-widget-container\">\n\t\t\t\t\t<h2 class=\"elementor-heading-title elementor-size-default\">Tubo soldado de acero inoxidable. Especificaci\u00f3n ASTM A312.<\/h2>\t\t\t\t<\/div>\n\t\t\t\t<\/div>\n\t\t\t\t<div class=\"elementor-element elementor-element-e0c09c5 elementor-widget elementor-widget-text-editor\" data-id=\"e0c09c5\" data-element_type=\"widget\" data-e-type=\"widget\" data-widget_type=\"text-editor.default\">\n\t\t\t\t<div class=\"elementor-widget-container\">\n\t\t\t\t\t\t\t\t\t<p><b>Grado del material:<br \/><\/b>TP304\/304L, TP316\/316L (grados generales resistentes a la corrosi\u00f3n)<\/p><p>TP321, TP316Ti (resistencia a la fluencia a alta temperatura)<\/p><p>Otros: TP309S, TP310S, d\u00faplex (UNS S32205), etc.<\/p><p><b>Rango de tama\u00f1os<br \/><\/b>Di\u00e1metro exterior: 1\/8\u201d (10,3 mm) \u2013 36\u201d (914 mm)<\/p><p>Espesor de pared: SCH 5S \u2014 SCH XXS<\/p><p>Longitud: 20 pies, 40 pies, longitud aleatoria simple, longitud aleatoria doble y personalizada.<\/p><p><b>Tolerancias<br \/><\/b>Di\u00e1metro exterior: \u00b11,64 mm para tubos \u2264NPS de 1,5 pulgadas, \u00b11,51 TP3T para tubos \u2265NPS de 2 pulgadas.<\/p><p>Espesor de pared: Espesor m\u00ednimo de pared no inferior a 87,51 TP3T del valor nominal.<\/p><p><b>Acabado superficial<\/b><\/p><p>Acabados 2B recocido brillante, n.\u00ba 1 (laminado en caliente), pulido (espejo) o decapado disponibles para resistencia a la corrosi\u00f3n.<\/p>\t\t\t\t\t\t\t\t<\/div>\n\t\t\t\t<\/div>\n\t\t\t\t<div class=\"elementor-element elementor-element-f0018a8 elementor-widget elementor-widget-image\" data-id=\"f0018a8\" data-element_type=\"widget\" data-e-type=\"widget\" data-widget_type=\"image.default\">\n\t\t\t\t<div class=\"elementor-widget-container\">\n\t\t\t\t\t\t\t\t\t\t\t\t\t\t\t<img fetchpriority=\"high\" decoding=\"async\" width=\"750\" height=\"326\" src=\"https:\/\/jblstainless.com\/wp-content\/uploads\/2025\/02\/ss-pipe.webp\" class=\"attachment-large size-large wp-image-1047\" alt=\"tubo soldado de acero inoxidable ASTM A312\" srcset=\"https:\/\/jblstainless.com\/wp-content\/uploads\/2025\/02\/ss-pipe.webp 750w, https:\/\/jblstainless.com\/wp-content\/uploads\/2025\/02\/ss-pipe-300x130.webp 300w, https:\/\/jblstainless.com\/wp-content\/uploads\/2025\/02\/ss-pipe-18x8.webp 18w, https:\/\/jblstainless.com\/wp-content\/uploads\/2025\/02\/ss-pipe-600x261.webp 600w\" sizes=\"(max-width: 750px) 100vw, 750px\" \/>\t\t\t\t\t\t\t\t\t\t\t\t\t\t\t<\/div>\n\t\t\t\t<\/div>\n\t\t\t\t\t<\/div>\n\t\t\t\t<\/div>\n\t\t<div class=\"elementor-element elementor-element-3cf4ac3 e-flex e-con-boxed e-con e-parent\" data-id=\"3cf4ac3\" data-element_type=\"container\" data-e-type=\"container\">\n\t\t\t\t\t<div class=\"e-con-inner\">\n\t\t\t\t<div class=\"elementor-element elementor-element-0343700 elementor-widget elementor-widget-heading\" data-id=\"0343700\" data-element_type=\"widget\" data-e-type=\"widget\" data-widget_type=\"heading.default\">\n\t\t\t\t<div class=\"elementor-widget-container\">\n\t\t\t\t\t<h3 class=\"elementor-heading-title elementor-size-default\">Proceso de fabricaci\u00f3n<\/h3>\t\t\t\t<\/div>\n\t\t\t\t<\/div>\n\t\t\t\t<div class=\"elementor-element elementor-element-b3a4971 elementor-widget elementor-widget-text-editor\" data-id=\"b3a4971\" data-element_type=\"widget\" data-e-type=\"widget\" data-widget_type=\"text-editor.default\">\n\t\t\t\t<div class=\"elementor-widget-container\">\n\t\t\t\t\t\t\t\t\t<p>La producci\u00f3n de tubos de acero inoxidable ASTM A312 implica una variedad de procesos, como los tubos sin soldadura, que se forman mediante extrusi\u00f3n o perforaci\u00f3n, y los tubos soldados, que se fabrican soldando l\u00e1minas o bobinas de acero inoxidable.<\/p><p>Las tuber\u00edas ASTM A312 abarcan los siguientes tipos de fabricaci\u00f3n (incluidos los acabados en caliente y en fr\u00edo):<\/p><p><b>1. Tubo de acero sin soldadura:<\/b>\u00a0<\/p><p>Fabricado mediante proceso de extrusi\u00f3n o perforaci\u00f3n.<\/p><p><b>2. Tubo de acero soldado:<\/b><\/p><p><b><\/b>Fabricado mediante soldadura de l\u00e1minas o bobinas de acero inoxidable. Normalmente se realiza mediante m\u00e9todos como la soldadura TIG (gas inerte de tungsteno), la soldadura MIG (gas inerte met\u00e1lico) o la soldadura por arco manual, y puede requerir un precalentamiento y un tratamiento t\u00e9rmico posterior a la soldadura para evitar la sensibilizaci\u00f3n y garantizar la resistencia a la corrosi\u00f3n.<\/p><p>Requisitos:<\/p><ul><li>Tratamiento t\u00e9rmico posterior a la soldadura: Evita la sensibilizaci\u00f3n (precipitaci\u00f3n de carburos) en la zona de soldadura para garantizar la resistencia a la corrosi\u00f3n.<\/li><li>Soldadura sin metales de aportaci\u00f3n: Algunas especificaciones permiten la soldadura directa sin la adici\u00f3n de metales de aportaci\u00f3n (por ejemplo, tubos de pared delgada).<\/li><\/ul><div>\u00a0<\/div><div><b>3. Tubo de acero trabajado en fr\u00edo:\u00a0<br \/><\/b>Fabricado mediante un proceso de trabajo en fr\u00edo, con alta resistencia y dureza.<\/div>\t\t\t\t\t\t\t\t<\/div>\n\t\t\t\t<\/div>\n\t\t<div class=\"elementor-element elementor-element-757bbcd e-con-full e-flex e-con e-child\" data-id=\"757bbcd\" data-element_type=\"container\" data-e-type=\"container\">\n\t\t\t\t<div class=\"elementor-element elementor-element-b78a432 elementor-widget elementor-widget-image\" data-id=\"b78a432\" data-element_type=\"widget\" data-e-type=\"widget\" data-widget_type=\"image.default\">\n\t\t\t\t<div class=\"elementor-widget-container\">\n\t\t\t\t\t\t\t\t\t\t\t\t\t\t\t<img decoding=\"async\" width=\"800\" height=\"716\" src=\"https:\/\/jblstainless.com\/wp-content\/uploads\/2025\/06\/stainless-steel-welded-pipe-production.webp\" class=\"attachment-large size-large wp-image-1681\" alt=\"proceso de producci\u00f3n de tubos soldados de acero inoxidable\" srcset=\"https:\/\/jblstainless.com\/wp-content\/uploads\/2025\/06\/stainless-steel-welded-pipe-production.webp 1023w, https:\/\/jblstainless.com\/wp-content\/uploads\/2025\/06\/stainless-steel-welded-pipe-production-300x268.webp 300w, https:\/\/jblstainless.com\/wp-content\/uploads\/2025\/06\/stainless-steel-welded-pipe-production-768x687.webp 768w, https:\/\/jblstainless.com\/wp-content\/uploads\/2025\/06\/stainless-steel-welded-pipe-production-13x12.webp 13w, https:\/\/jblstainless.com\/wp-content\/uploads\/2025\/06\/stainless-steel-welded-pipe-production-600x537.webp 600w\" sizes=\"(max-width: 800px) 100vw, 800px\" \/>\t\t\t\t\t\t\t\t\t\t\t\t\t\t\t<\/div>\n\t\t\t\t<\/div>\n\t\t\t\t<\/div>\n\t\t\t\t\t<\/div>\n\t\t\t\t<\/div>\n\t\t<div class=\"elementor-element elementor-element-7ae0e68 e-flex e-con-boxed e-con e-parent\" data-id=\"7ae0e68\" data-element_type=\"container\" data-e-type=\"container\">\n\t\t\t\t\t<div class=\"e-con-inner\">\n\t\t\t\t<div class=\"elementor-element elementor-element-f7d50c2 elementor-widget elementor-widget-heading\" data-id=\"f7d50c2\" data-element_type=\"widget\" data-e-type=\"widget\" data-widget_type=\"heading.default\">\n\t\t\t\t<div class=\"elementor-widget-container\">\n\t\t\t\t\t<h3 class=\"elementor-heading-title elementor-size-default\">Pruebas de propiedades mec\u00e1nicas<\/h3>\t\t\t\t<\/div>\n\t\t\t\t<\/div>\n\t\t\t\t<div class=\"elementor-element elementor-element-10b00b3 elementor-widget elementor-widget-text-editor\" data-id=\"10b00b3\" data-element_type=\"widget\" data-e-type=\"widget\" data-widget_type=\"text-editor.default\">\n\t\t\t\t<div class=\"elementor-widget-container\">\n\t\t\t\t\t\t\t\t\t<p>Pruebas mec\u00e1nicas, incluyendo ensayo de tracci\u00f3n, ensayo de aplastamiento y ensayo no destructivo.<\/p><p><b>Ensayo de tracci\u00f3n\u00a0<\/b><br \/>Tomemos como ejemplo el acero inoxidable 304, con una resistencia a la tracci\u00f3n \u2265 515 MPa y un l\u00edmite el\u00e1stico \u2265 205 MPa.<\/p><p><b>Prueba de aplastamiento o prueba hidrost\u00e1tica\u00a0<\/b><\/p><p>presi\u00f3n m\u00ednima 17-19 MPa<\/p><p><b>El\u00e9ctrico no destructivo (NDE)\u00a0<\/b><\/p><p>ensayo ultras\u00f3nico, ensayo por corrientes de Foucault en lugar de ensayo hidrost\u00e1tico<\/p>\t\t\t\t\t\t\t\t<\/div>\n\t\t\t\t<\/div>\n\t\t\t\t\t<\/div>\n\t\t\t\t<\/div>\n\t\t<div class=\"elementor-element elementor-element-c2420eb e-flex e-con-boxed e-con e-parent\" data-id=\"c2420eb\" data-element_type=\"container\" data-e-type=\"container\">\n\t\t\t\t\t<div class=\"e-con-inner\">\n\t\t\t\t<div class=\"elementor-element elementor-element-99afe3b elementor-widget elementor-widget-heading\" data-id=\"99afe3b\" data-element_type=\"widget\" data-e-type=\"widget\" data-widget_type=\"heading.default\">\n\t\t\t\t<div class=\"elementor-widget-container\">\n\t\t\t\t\t<h3 class=\"elementor-heading-title elementor-size-default\">Material de grado com\u00fan de tuber\u00eda A312<\/h3>\t\t\t\t<\/div>\n\t\t\t\t<\/div>\n\t\t\t\t<div class=\"elementor-element elementor-element-d5c8f71 elementor-widget elementor-widget-text-editor\" data-id=\"d5c8f71\" data-element_type=\"widget\" data-e-type=\"widget\" data-widget_type=\"text-editor.default\">\n\t\t\t\t<div class=\"elementor-widget-container\">\n\t\t\t\t\t\t\t\t\t<p>La norma ASTM A312 abarca una amplia gama de grados de materiales de acero inoxidable, entre los que se incluyen:<\/p><p><a href=\"https:\/\/jblstainless.com\/es\/tubo-soldado-de-acero-inoxidable-304\/\"><u><b>304\/304L:<br \/><\/b><\/u><\/a>Aceros inoxidables austen\u00edticos de uso general con buena resistencia a la corrosi\u00f3n y maquinabilidad, son los aceros inoxidables m\u00e1s vers\u00e1tiles y m\u00e1s utilizados, tambi\u00e9n conocidos como aceros inoxidables \u201c18\/8\u201d, porque la composici\u00f3n del acero es 18% de cromo y 8% de n\u00edquel.<\/p><p><a href=\"https:\/\/jblstainless.com\/es\/tubo-de-acero-inoxidable-316\/\"><span style=\"text-decoration: underline;\"><b>316\/316L:<br \/><\/b><\/span><\/a>Aceros inoxidables austen\u00edticos con molibdeno que ofrecen una excelente resistencia a la corrosi\u00f3n y un alto rendimiento a altas temperaturas. En comparaci\u00f3n con el 304, el 316 resiste mucho mejor los cloruros y los \u00e1cidos, lo que lo hace ideal para entornos hostiles.<\/p><div><p><b>316Ti:<br \/><\/b>Acero inoxidable austen\u00edtico con titanio, con excelente resistencia a la corrosi\u00f3n y propiedades a altas temperaturas.<\/p><p><b>321:<br \/><\/b>Acero inoxidable austen\u00edtico que contiene titanio o niobio, con resistencia a altas temperaturas y buena resistencia a la oxidaci\u00f3n.<\/p><p><b>347:<br \/><\/b>Acero inoxidable austen\u00edtico que contiene niobio, con excelente resistencia a altas temperaturas y resistencia a la corrosi\u00f3n intergranular.<\/p><\/div>\t\t\t\t\t\t\t\t<\/div>\n\t\t\t\t<\/div>\n\t\t\t\t\t<\/div>\n\t\t\t\t<\/div>\n\t\t<div class=\"elementor-element elementor-element-807a961 e-flex e-con-boxed e-con e-parent\" data-id=\"807a961\" data-element_type=\"container\" data-e-type=\"container\">\n\t\t\t\t\t<div class=\"e-con-inner\">\n\t\t\t\t<div class=\"elementor-element elementor-element-cf3bbc9 elementor-widget elementor-widget-heading\" data-id=\"cf3bbc9\" data-element_type=\"widget\" data-e-type=\"widget\" data-widget_type=\"heading.default\">\n\t\t\t\t<div class=\"elementor-widget-container\">\n\t\t\t\t\t<h2 class=\"elementor-heading-title elementor-size-default\">Tubo soldado de acero inoxidable ASTM A312 Aplicaci\u00f3n<\/h2>\t\t\t\t<\/div>\n\t\t\t\t<\/div>\n\t\t\t\t<div class=\"elementor-element elementor-element-b99a594 elementor-widget elementor-widget-text-editor\" data-id=\"b99a594\" data-element_type=\"widget\" data-e-type=\"widget\" data-widget_type=\"text-editor.default\">\n\t\t\t\t<div class=\"elementor-widget-container\">\n\t\t\t\t\t\t\t\t\t<p><b>1. Industria qu\u00edmica:<\/b><\/p><p>Para el transporte de productos qu\u00edmicos corrosivos y para garantizar que los sistemas de tuber\u00edas sean seguros y no presenten fugas.<\/p><p><b style=\"font-size: 1rem;\">2. Procesamiento de alimentos:<\/b><\/p><p>Tuber\u00edas higi\u00e9nicas que cumplen con estrictas normas de higiene y garantizan la seguridad alimentaria.<\/p><p><b style=\"font-size: 1rem;\">3. Industria energ\u00e9tica:<\/b><\/p><p>Mantiene la estabilidad en entornos con altas temperaturas y altas presiones, adecuado para calderas e intercambiadores de calor.<\/p><p><b>4.\u00a0<span style=\"font-size: 1rem;\">Industria farmac\u00e9utica:<\/span><\/b><\/p><p>Se utiliza en entornos as\u00e9pticos para garantizar procesos de producci\u00f3n seguros y fiables.<\/p>\t\t\t\t\t\t\t\t<\/div>\n\t\t\t\t<\/div>\n\t\t\t\t\t<\/div>\n\t\t\t\t<\/div>\n\t\t<div class=\"elementor-element elementor-element-975fff6 e-flex e-con-boxed e-con e-parent\" data-id=\"975fff6\" data-element_type=\"container\" data-e-type=\"container\">\n\t\t\t\t\t<div class=\"e-con-inner\">\n\t\t\t\t<div class=\"elementor-element elementor-element-935a61e elementor-widget elementor-widget-heading\" data-id=\"935a61e\" data-element_type=\"widget\" data-e-type=\"widget\" data-widget_type=\"heading.default\">\n\t\t\t\t<div class=\"elementor-widget-container\">\n\t\t\t\t\t<h2 class=\"elementor-heading-title elementor-size-default\">En comparaci\u00f3n con otras normas<\/h2>\t\t\t\t<\/div>\n\t\t\t\t<\/div>\n\t\t\t\t<div class=\"elementor-element elementor-element-2616fa4 elementor-widget elementor-widget-text-editor\" data-id=\"2616fa4\" data-element_type=\"widget\" data-e-type=\"widget\" data-widget_type=\"text-editor.default\">\n\t\t\t\t<div class=\"elementor-widget-container\">\n\t\t\t\t\t\t\t\t\t<p><b>ASTM A312 frente a ASTM A358:<\/b><\/p><p><b>1. Norma ASTM A312<\/b><\/p><p>Abarca tubos de acero inoxidable sin soldadura y soldados (sin metal de relleno). Los tubos se fabrican normalmente mediante procesos de extrusi\u00f3n (sin soldadura) o soldadura autom\u00e1tica.<\/p><p>Tubo soldado A312: principalmente soldado por unidades (alta eficiencia, soldadura a un solo lado), con grandes tolerancias dimensionales;<\/p><p><b style=\"font-size: 1rem;\">2. Norma ASTM A358<\/b><\/p><p>Abarca tuber\u00edas de acero inoxidable austen\u00edtico soldadas por electrofusi\u00f3n (EFW). La soldadura utiliza metales de relleno para aumentar la resistencia y hacerla adecuada para paredes m\u00e1s gruesas.<\/p><p>Tuber\u00eda soldada A358: soldadura a doble cara de placas, adecuada para di\u00e1metros grandes (\u2265 DN400) y situaciones de alta presi\u00f3n.<\/p>\t\t\t\t\t\t\t\t<\/div>\n\t\t\t\t<\/div>\n\t\t\t\t<div class=\"elementor-element elementor-element-dc4713b elementor-widget elementor-widget-text-editor\" data-id=\"dc4713b\" data-element_type=\"widget\" data-e-type=\"widget\" data-widget_type=\"text-editor.default\">\n\t\t\t\t<div class=\"elementor-widget-container\">\n\t\t\t\t\t\t\t\t\t<p><b>Tuber\u00eda soldada frente a tuber\u00eda sin soldadura:<\/b><\/p><p>La resistencia de los tubos soldados suele ser ligeramente inferior a la de los tubos sin soldadura, pero los avances en los procesos han reducido la diferencia, y su rendimiento en entornos corrosivos es comparable. Adem\u00e1s, la variedad y las especificaciones de los tubos de acero soldados est\u00e1n aumentando.<\/p>\t\t\t\t\t\t\t\t<\/div>\n\t\t\t\t<\/div>\n\t\t\t\t\t<\/div>\n\t\t\t\t<\/div>\n\t\t<div class=\"elementor-element elementor-element-efceffa e-flex e-con-boxed e-con e-parent\" data-id=\"efceffa\" data-element_type=\"container\" data-e-type=\"container\">\n\t\t\t\t\t<div class=\"e-con-inner\">\n\t\t\t\t<div class=\"elementor-element elementor-element-d36ab74 elementor-widget elementor-widget-heading\" data-id=\"d36ab74\" data-element_type=\"widget\" data-e-type=\"widget\" data-widget_type=\"heading.default\">\n\t\t\t\t<div class=\"elementor-widget-container\">\n\t\t\t\t\t<h2 class=\"elementor-heading-title elementor-size-default\">\u00bfPor qu\u00e9 elegirnos?<\/h2>\t\t\t\t<\/div>\n\t\t\t\t<\/div>\n\t\t\t\t<div class=\"elementor-element elementor-element-65e681c elementor-widget elementor-widget-text-editor\" data-id=\"65e681c\" data-element_type=\"widget\" data-e-type=\"widget\" data-widget_type=\"text-editor.default\">\n\t\t\t\t<div class=\"elementor-widget-container\">\n\t\t\t\t\t\t\t\t\t<p><b>Materia prima de primera calidad<br \/><\/b>Utilizamos materiales de primera calidad (TP304\/304L, TP316\/316L) para garantizar una excelente resistencia a la corrosi\u00f3n en entornos industriales adversos. Procedentes de las mejores acer\u00edas, como TISCO y Baosteel, nuestros tubos son un referente en cuanto a calidad y consistencia.<\/p>\t\t\t\t\t\t\t\t<\/div>\n\t\t\t\t<\/div>\n\t\t\t\t<div class=\"elementor-element elementor-element-e26b1d1 elementor-widget elementor-widget-text-editor\" data-id=\"e26b1d1\" data-element_type=\"widget\" data-e-type=\"widget\" data-widget_type=\"text-editor.default\">\n\t\t\t\t<div class=\"elementor-widget-container\">\n\t\t\t\t\t\t\t\t\t<p><b>Calidad soldada<br \/><\/b>Los procesos de soldadura automatizados (TIG, HF, HFI) con control preciso de la costura garantizan soldaduras de alta calidad constante.<\/p><p><b>Garant\u00eda de calidad<\/b><\/p><p>Documentaci\u00f3n completa (certificado de material EN10204 3.1, BL, lista de embalaje, factura) y asistencia para inspecciones de terceros (SGS, BV, TUV) para garantizar la trazabilidad completa y el aseguramiento de la calidad.<\/p><p><b>Soluciones personalizadas<\/b><\/p><p>Disponemos de capacidades OEM\/ODM, preparaciones finales personalizadas (biselado, roscado) y embalajes listos para la exportaci\u00f3n (paquetes, cajas de madera). Disponible en tama\u00f1os desde \u00bd\u2033 hasta 48\u2033 (especificaciones Sch5S a Sch160), tambi\u00e9n se puede personalizar.<\/p>\t\t\t\t\t\t\t\t<\/div>\n\t\t\t\t<\/div>\n\t\t\t\t\t<\/div>\n\t\t\t\t<\/div>\n\t\t\t\t<\/div>","protected":false},"excerpt":{"rendered":"<p>Norma: ASTM A312<br \/>\nGrado de uso com\u00fan: 304\/304L; 316\/316L<br \/>\nDi\u00e1metro exterior: 2 pulgadas \u2014 36 pulgadas<br \/>\nEspesor de pared: SCH 5S \u2014 SCH XXS<br \/>\nLongitud: 6 m, 12 m y personalizada.<\/p>\n<p>JBLSTEEL suministra tubos soldados de acero inoxidable ASTM A312 en 304\/304L, 316\/316L con excelente resistencia a altas temperaturas y a la corrosi\u00f3n.<\/p>","protected":false},"featured_media":1400,"template":"","meta":{"_eb_attr":""},"product_brand":[],"product_cat":[39],"product_tag":[],"class_list":{"0":"post-1688","1":"product","2":"type-product","3":"status-publish","4":"has-post-thumbnail","6":"product_cat-stainless-steel-welded-pipe","8":"first","9":"instock","10":"shipping-taxable","11":"product-type-simple"},"_links":{"self":[{"href":"https:\/\/jblstainless.com\/es\/wp-json\/wp\/v2\/product\/1688","targetHints":{"allow":["GET"]}}],"collection":[{"href":"https:\/\/jblstainless.com\/es\/wp-json\/wp\/v2\/product"}],"about":[{"href":"https:\/\/jblstainless.com\/es\/wp-json\/wp\/v2\/types\/product"}],"version-history":[{"count":12,"href":"https:\/\/jblstainless.com\/es\/wp-json\/wp\/v2\/product\/1688\/revisions"}],"predecessor-version":[{"id":1857,"href":"https:\/\/jblstainless.com\/es\/wp-json\/wp\/v2\/product\/1688\/revisions\/1857"}],"wp:featuredmedia":[{"embeddable":true,"href":"https:\/\/jblstainless.com\/es\/wp-json\/wp\/v2\/media\/1400"}],"wp:attachment":[{"href":"https:\/\/jblstainless.com\/es\/wp-json\/wp\/v2\/media?parent=1688"}],"wp:term":[{"taxonomy":"product_brand","embeddable":true,"href":"https:\/\/jblstainless.com\/es\/wp-json\/wp\/v2\/product_brand?post=1688"},{"taxonomy":"product_cat","embeddable":true,"href":"https:\/\/jblstainless.com\/es\/wp-json\/wp\/v2\/product_cat?post=1688"},{"taxonomy":"product_tag","embeddable":true,"href":"https:\/\/jblstainless.com\/es\/wp-json\/wp\/v2\/product_tag?post=1688"}],"curies":[{"name":"wp","href":"https:\/\/api.w.org\/{rel}","templated":true}]}}