{"id":1716,"date":"2025-07-04T17:13:27","date_gmt":"2025-07-04T09:13:27","guid":{"rendered":"https:\/\/jblstainless.com\/?post_type=product&#038;p=1716"},"modified":"2025-07-10T15:53:09","modified_gmt":"2025-07-10T07:53:09","slug":"placa-de-acero-inoxidable-316l","status":"publish","type":"product","link":"https:\/\/jblstainless.com\/es\/316l-stainless-steel-plate\/","title":{"rendered":"Placa de acero inoxidable 316L"},"content":{"rendered":"<div data-elementor-type=\"product-post\" data-elementor-id=\"1716\" class=\"elementor elementor-1716\" data-elementor-post-type=\"product\">\n\t\t\t\t<div class=\"elementor-element elementor-element-b83957a e-con-full e-flex e-con e-parent\" data-id=\"b83957a\" data-element_type=\"container\" data-e-type=\"container\">\n\t\t\t\t<div class=\"elementor-element elementor-element-e0a3f55 elementor-widget elementor-widget-text-editor\" data-id=\"e0a3f55\" data-element_type=\"widget\" data-e-type=\"widget\" data-widget_type=\"text-editor.default\">\n\t\t\t\t<div class=\"elementor-widget-container\">\n\t\t\t\t\t\t\t\t\t<p>La chapa de acero inoxidable 316L es un material de acero inoxidable con excelentes prestaciones y caracter\u00edsticas, es la versi\u00f3n baja en carbono del austen\u00edtico <a href=\"https:\/\/jblstainless.com\/es\/tubo-de-acero-inoxidable-316\/\"><span style=\"text-decoration: underline;\">acero inoxidable 316<\/span><\/a>, donde L representa el bajo contenido de carbono, el contenido m\u00e1ximo de carbono de 0,03%, los principales componentes de cromo (16-18%), n\u00edquel (10-14%), molibdeno (2-3%), y contiene una peque\u00f1a cantidad de manganeso, silicio y otros elementos.<\/p><p>El bajo contenido de carbono lo hace menos propenso a la precipitaci\u00f3n de carburos en entornos de soldadura o alta temperatura, para mantener la resistencia a la corrosi\u00f3n. En comparaci\u00f3n con el acero inoxidable 304, la adici\u00f3n de molibdeno en el 316L aumenta dr\u00e1sticamente su resistencia a la corrosi\u00f3n por picaduras y grietas en agua de mar y condiciones \u00e1cidas.<\/p>\t\t\t\t\t\t\t\t<\/div>\n\t\t\t\t<\/div>\n\t\t\t\t<\/div>\n\t\t<div class=\"elementor-element elementor-element-4fa2a28 e-con-full e-flex e-con e-parent\" data-id=\"4fa2a28\" data-element_type=\"container\" data-e-type=\"container\">\n\t\t\t\t<div class=\"elementor-element elementor-element-4043902 elementor-widget elementor-widget-text-editor\" data-id=\"4043902\" data-element_type=\"widget\" data-e-type=\"widget\" data-widget_type=\"text-editor.default\">\n\t\t\t\t<div class=\"elementor-widget-container\">\n\t\t\t\t\t\t\t\t\t<p>Esta aleaci\u00f3n mejorada con molibdeno y bajo contenido en carbono ofrece una excepcional resistencia a la corrosi\u00f3n, por lo que es ideal para entornos hostiles como plantas qu\u00edmicas, entornos marinos e instalaciones de procesamiento de alimentos:<\/p>\n<p><\/p>\t\t\t\t\t\t\t\t<\/div>\n\t\t\t\t<\/div>\n\t\t\t\t<\/div>\n\t\t<div class=\"elementor-element elementor-element-787314f e-con-full e-flex e-con e-parent\" data-id=\"787314f\" data-element_type=\"container\" data-e-type=\"container\">\n\t\t<div class=\"elementor-element elementor-element-3f32661 e-con-full e-flex e-con e-child\" data-id=\"3f32661\" data-element_type=\"container\" data-e-type=\"container\">\n\t\t\t\t<div class=\"elementor-element elementor-element-2d10b1a elementor-widget elementor-widget-text-editor\" data-id=\"2d10b1a\" data-element_type=\"widget\" data-e-type=\"widget\" data-widget_type=\"text-editor.default\">\n\t\t\t\t<div class=\"elementor-widget-container\">\n\t\t\t\t\t\t\t\t\t<p><b>Excelente resistencia a la corrosi\u00f3n<\/b><\/p>\n<p>La chapa de acero inoxidable 316L tiene una excelente resistencia a la corrosi\u00f3n, el alto contenido de cromo y molibdeno proporciona una excelente resistencia a la corrosi\u00f3n general y a las picaduras del agua de mar, lo que reduce la necesidad de mantenimiento y prolonga la vida \u00fatil del equipo, incluso en entornos dif\u00edciles.<\/p>\t\t\t\t\t\t\t\t<\/div>\n\t\t\t\t<\/div>\n\t\t\t\t<\/div>\n\t\t<div class=\"elementor-element elementor-element-cc17ef1 e-con-full e-flex e-con e-child\" data-id=\"cc17ef1\" data-element_type=\"container\" data-e-type=\"container\">\n\t\t\t\t<div class=\"elementor-element elementor-element-10d44b7 elementor-widget elementor-widget-text-editor\" data-id=\"10d44b7\" data-element_type=\"widget\" data-e-type=\"widget\" data-widget_type=\"text-editor.default\">\n\t\t\t\t<div class=\"elementor-widget-container\">\n\t\t\t\t\t\t\t\t\t<p><b>Resistencia a la corrosi\u00f3n por cloruros<\/b><\/p><p>El acero inoxidable 316L tiene una excelente resistencia a la corrosi\u00f3n, la adici\u00f3n de molibdeno mejora significativamente la resistencia a los cloruros (por ejemplo, agua de mar, salmuera), medios \u00e1cidos (\u00e1cido sulf\u00farico, \u00e1cido fosf\u00f3rico, etc.) y atm\u00f3sferas industriales, y es particularmente bueno para resistir la corrosi\u00f3n por picaduras y grietas.<\/p>\t\t\t\t\t\t\t\t<\/div>\n\t\t\t\t<\/div>\n\t\t\t\t<\/div>\n\t\t<div class=\"elementor-element elementor-element-a277c2a e-con-full e-flex e-con e-child\" data-id=\"a277c2a\" data-element_type=\"container\" data-e-type=\"container\">\n\t\t\t\t<div class=\"elementor-element elementor-element-b8cf306 elementor-widget elementor-widget-text-editor\" data-id=\"b8cf306\" data-element_type=\"widget\" data-e-type=\"widget\" data-widget_type=\"text-editor.default\">\n\t\t\t\t<div class=\"elementor-widget-container\">\n\t\t\t\t\t\t\t\t\t<p><b>Resistencia al calor<\/b><\/p><p>Excelente resistencia a la oxidaci\u00f3n cuando se utiliza de forma intermitente por debajo de 871\u00b0C (1600\u00b0F) o de forma continua por debajo de 927\u00b0C (1700\u00b0F); pero es necesario evitar el uso continuo en el rango de 427-857\u00b0C (800-1575\u00b0F). La chapa de acero inoxidable 316L sigue manteniendo una buena resistencia a la corrosi\u00f3n y fuerza en condiciones de alta temperatura, adecuada para procesos y equipos de alta temperatura.<\/p>\t\t\t\t\t\t\t\t<\/div>\n\t\t\t\t<\/div>\n\t\t\t\t<\/div>\n\t\t<div class=\"elementor-element elementor-element-ab2d858 e-con-full e-flex e-con e-child\" data-id=\"ab2d858\" data-element_type=\"container\" data-e-type=\"container\">\n\t\t\t\t<div class=\"elementor-element elementor-element-e967883 elementor-widget elementor-widget-text-editor\" data-id=\"e967883\" data-element_type=\"widget\" data-e-type=\"widget\" data-widget_type=\"text-editor.default\">\n\t\t\t\t<div class=\"elementor-widget-container\">\n\t\t\t\t\t\t\t\t\t<p><b>Soldabilidad<\/b><\/p><p>La chapa de acero inoxidable 316L tiene buena plasticidad y maleabilidad, es f\u00e1cil de procesar y conformar, y puede utilizarse para fabricar formas complejas. Las propiedades de bajo contenido en carbono hacen que casi no precipiten carburos en la soldadura, lo que garantiza la resistencia a la corrosi\u00f3n en las uniones soldadas.<\/p>\t\t\t\t\t\t\t\t<\/div>\n\t\t\t\t<\/div>\n\t\t\t\t<\/div>\n\t\t<div class=\"elementor-element elementor-element-e8ffb5c e-con-full e-flex e-con e-child\" data-id=\"e8ffb5c\" data-element_type=\"container\" data-e-type=\"container\">\n\t\t\t\t<div class=\"elementor-element elementor-element-97f8694 elementor-widget elementor-widget-text-editor\" data-id=\"97f8694\" data-element_type=\"widget\" data-e-type=\"widget\" data-widget_type=\"text-editor.default\">\n\t\t\t\t<div class=\"elementor-widget-container\">\n\t\t\t\t\t\t\t\t\t<p><b>Propiedades mec\u00e1nicas\u00a0<\/b><\/p><p>en comparaci\u00f3n con algunos otros aceros inoxidables, el 316L no es magn\u00e9tico en estado recocido (puede ser ligeramente magn\u00e9tico despu\u00e9s del trabajo en fr\u00edo), con una resistencia a la tracci\u00f3n \u2265 70 ksi, un l\u00edmite el\u00e1stico \u2265 25 ksi y un alargamiento \u2265 40%.<\/p>\t\t\t\t\t\t\t\t<\/div>\n\t\t\t\t<\/div>\n\t\t\t\t<\/div>\n\t\t<div class=\"elementor-element elementor-element-2b2568d e-con-full e-flex e-con e-child\" data-id=\"2b2568d\" data-element_type=\"container\" data-e-type=\"container\">\n\t\t\t\t<div class=\"elementor-element elementor-element-90d2fef elementor-widget elementor-widget-text-editor\" data-id=\"90d2fef\" data-element_type=\"widget\" data-e-type=\"widget\" data-widget_type=\"text-editor.default\">\n\t\t\t\t<div class=\"elementor-widget-container\">\n\t\t\t\t\t\t\t\t\t<p><b>Alta resistencia<\/b><\/p><p>La chapa de acero inoxidable 316L tiene un elevado l\u00edmite el\u00e1stico y resistencia a la tracci\u00f3n, lo que le permite ofrecer un soporte fiable en aplicaciones estructurales y de montaje.<\/p>\t\t\t\t\t\t\t\t<\/div>\n\t\t\t\t<\/div>\n\t\t\t\t<\/div>\n\t\t\t\t<\/div>\n\t\t<div class=\"elementor-element elementor-element-76537fa e-con-full e-flex e-con e-parent\" data-id=\"76537fa\" data-element_type=\"container\" data-e-type=\"container\">\n\t\t\t\t<div class=\"elementor-element elementor-element-150ee30 elementor-widget-tablet__width-inherit elementor-widget elementor-widget-heading\" data-id=\"150ee30\" data-element_type=\"widget\" data-e-type=\"widget\" data-widget_type=\"heading.default\">\n\t\t\t\t<div class=\"elementor-widget-container\">\n\t\t\t\t\t<h2 class=\"elementor-heading-title elementor-size-default\">Placa de acero inoxidable 316L Especificaci\u00f3n<\/h2>\t\t\t\t<\/div>\n\t\t\t\t<\/div>\n\t\t\t\t<div class=\"elementor-element elementor-element-c881944 elementor-widget elementor-widget-text-editor\" data-id=\"c881944\" data-element_type=\"widget\" data-e-type=\"widget\" data-widget_type=\"text-editor.default\">\n\t\t\t\t<div class=\"elementor-widget-container\">\n\t\t\t\t\t\t\t\t\t<p>Normativa: ASTM A240,EN10088<\/p><p>Tecnolog\u00eda: Laminado en caliente\/Laminado en fr\u00edo<\/p><p>Laminado en fr\u00edo Espesor: 0,3-4 mm, tama\u00f1o personalizado<\/p><p>Espesor laminado en caliente 3-120 mm, tama\u00f1o personalizado<\/p><p>Anchura: 600 mm, 1000 mm, 1219 mm, 1500 mm, tama\u00f1o personalizado<\/p><p>Longitud: 2000mm, 2438mm, 3000mm, tama\u00f1o personalizado<\/p><p>Canto: Fresado, Ranurado<\/p><p>Acabado superficial: 2B, 2D, BA, 8K, NO.4, HL, NO.8, etc. M\u00faltiples opciones de acabado<\/p><p>Servicio de procesamiento: Doblado, soldadura, desbobinado, punzonado, corte, granallado, tratamiento t\u00e9rmico, etc.<\/p>\t\t\t\t\t\t\t\t<\/div>\n\t\t\t\t<\/div>\n\t\t\t\t<\/div>\n\t\t<div class=\"elementor-element elementor-element-6960faa e-con-full e-flex e-con e-parent\" data-id=\"6960faa\" data-element_type=\"container\" data-e-type=\"container\">\n\t\t\t\t<div class=\"elementor-element elementor-element-fbe6a59 elementor-widget-tablet__width-inherit elementor-widget elementor-widget-heading\" data-id=\"fbe6a59\" data-element_type=\"widget\" data-e-type=\"widget\" data-widget_type=\"heading.default\">\n\t\t\t\t<div class=\"elementor-widget-container\">\n\t\t\t\t\t<h3 class=\"elementor-heading-title elementor-size-default\">Acero inoxidable 316L Composici\u00f3n qu\u00edmica<\/h3>\t\t\t\t<\/div>\n\t\t\t\t<\/div>\n\t\t\t\t<div class=\"elementor-element elementor-element-dc95c09 elementor-widget-tablet__width-inherit elementor-widget-mobile__width-inherit elementor-widget elementor-widget-text-editor\" data-id=\"dc95c09\" data-element_type=\"widget\" data-e-type=\"widget\" data-widget_type=\"text-editor.default\">\n\t\t\t\t<div class=\"elementor-widget-container\">\n\t\t\t\t\t\t\t\t\t<table><tbody><tr><td>Grado<\/td><td>C<\/td><td>Si<\/td><td>Mn<\/td><td>P<\/td><td>S<\/td><td>Ni<\/td><td>Cr<\/td><td>Mo<\/td><\/tr><tr><td>316<\/td><td>\u22640.08<\/td><td>\u22641.0<\/td><td>\u22642.0<\/td><td>\u22640.045<\/td><td>\u22640.03<\/td><td>10.0-14.0<\/td><td>16.0-18.0<\/td><td>2.0-3.0<\/td><\/tr><tr><td>316L<\/td><td>\u22640.03<\/td><td>\u22641.0<\/td><td>\u22642.0<\/td><td>\u22640.045<\/td><td>\u22640.03<\/td><td>11.0-14.0<\/td><td>16.0-18.0<\/td><td>2.0-3.0<\/td><\/tr><\/tbody><\/table>\t\t\t\t\t\t\t\t<\/div>\n\t\t\t\t<\/div>\n\t\t\t\t<\/div>\n\t\t<div class=\"elementor-element elementor-element-25ca3b3 e-con-full e-flex e-con e-parent\" data-id=\"25ca3b3\" data-element_type=\"container\" data-e-type=\"container\">\n\t\t\t\t<div class=\"elementor-element elementor-element-5dca74c elementor-widget-tablet__width-inherit elementor-widget elementor-widget-heading\" data-id=\"5dca74c\" data-element_type=\"widget\" data-e-type=\"widget\" data-widget_type=\"heading.default\">\n\t\t\t\t<div class=\"elementor-widget-container\">\n\t\t\t\t\t<h3 class=\"elementor-heading-title elementor-size-default\">Propiedades mec\u00e1nicas<\/h3>\t\t\t\t<\/div>\n\t\t\t\t<\/div>\n\t\t\t\t<div class=\"elementor-element elementor-element-53eb565 elementor-widget-tablet__width-inherit elementor-widget-mobile__width-inherit elementor-widget elementor-widget-text-editor\" data-id=\"53eb565\" data-element_type=\"widget\" data-e-type=\"widget\" data-widget_type=\"text-editor.default\">\n\t\t\t\t<div class=\"elementor-widget-container\">\n\t\t\t\t\t\t\t\t\t<table><tbody><tr><td>Propiedades mec\u00e1nicas del 316\/316L<\/td><td>316<\/td><td>316L<\/td><\/tr><tr><td>L\u00edmite el\u00e1stico, m\u00edn. (ksi)<\/td><td>30<\/td><td>25<\/td><\/tr><tr><td>Resistencia a la tracci\u00f3n, m\u00edn. (ksi)<\/td><td>75<\/td><td>70<\/td><\/tr><tr><td>Alargamiento, m\u00edn. (%)<\/td><td>40<\/td><td>40<\/td><\/tr><tr><td>Dureza, m\u00e1x. (Rb)<\/td><td>95<\/td><td>95<\/td><\/tr><\/tbody><\/table>\t\t\t\t\t\t\t\t<\/div>\n\t\t\t\t<\/div>\n\t\t\t\t<\/div>\n\t\t<div class=\"elementor-element elementor-element-ce5e1bb e-con-full e-flex e-con e-parent\" data-id=\"ce5e1bb\" data-element_type=\"container\" data-e-type=\"container\">\n\t\t\t\t<div class=\"elementor-element elementor-element-a295a56 elementor-widget-tablet__width-inherit elementor-widget elementor-widget-heading\" data-id=\"a295a56\" data-element_type=\"widget\" data-e-type=\"widget\" data-widget_type=\"heading.default\">\n\t\t\t\t<div class=\"elementor-widget-container\">\n\t\t\t\t\t<h3 class=\"elementor-heading-title elementor-size-default\">Tratamiento a medida<\/h3>\t\t\t\t<\/div>\n\t\t\t\t<\/div>\n\t\t\t\t<div class=\"elementor-element elementor-element-e1f0c31 elementor-widget-tablet__width-inherit elementor-widget elementor-widget-text-editor\" data-id=\"e1f0c31\" data-element_type=\"widget\" data-e-type=\"widget\" data-widget_type=\"text-editor.default\">\n\t\t\t\t<div class=\"elementor-widget-container\">\n\t\t\t\t\t\t\t\t\t<p>\u00a0Ofrecemos servicios de cizallado de precisi\u00f3n, corte por l\u00e1ser o chorro de agua, corte longitudinal, aplanado y biselado para adaptar la chapa 316L a cualquier tama\u00f1o o forma. Los equipos m\u00e1s modernos garantizan que las tolerancias de grosor y anchura cumplan los estrictos requisitos.<\/p>\t\t\t\t\t\t\t\t<\/div>\n\t\t\t\t<\/div>\n\t\t\t\t<div class=\"elementor-element elementor-element-d591ff2 elementor-widget-tablet__width-inherit elementor-widget elementor-widget-image\" data-id=\"d591ff2\" data-element_type=\"widget\" data-e-type=\"widget\" data-widget_type=\"image.default\">\n\t\t\t\t<div class=\"elementor-widget-container\">\n\t\t\t\t\t\t\t\t\t\t\t\t\t\t\t<img fetchpriority=\"high\" decoding=\"async\" width=\"800\" height=\"556\" src=\"https:\/\/jblstainless.com\/wp-content\/uploads\/2025\/02\/process-service.webp\" class=\"attachment-large size-large wp-image-688\" alt=\"transformaci\u00f3n de chapa de acero inoxidable\" srcset=\"https:\/\/jblstainless.com\/wp-content\/uploads\/2025\/02\/process-service.webp 1000w, https:\/\/jblstainless.com\/wp-content\/uploads\/2025\/02\/process-service-600x417.webp 600w, https:\/\/jblstainless.com\/wp-content\/uploads\/2025\/02\/process-service-300x209.webp 300w, https:\/\/jblstainless.com\/wp-content\/uploads\/2025\/02\/process-service-768x534.webp 768w, https:\/\/jblstainless.com\/wp-content\/uploads\/2025\/02\/process-service-18x12.webp 18w\" sizes=\"(max-width: 800px) 100vw, 800px\" \/>\t\t\t\t\t\t\t\t\t\t\t\t\t\t\t<\/div>\n\t\t\t\t<\/div>\n\t\t\t\t<\/div>\n\t\t<div class=\"elementor-element elementor-element-4128b4d e-con-full e-flex e-con e-parent\" data-id=\"4128b4d\" data-element_type=\"container\" data-e-type=\"container\">\n\t\t\t\t<div class=\"elementor-element elementor-element-7a1d77b elementor-widget-tablet__width-inherit elementor-widget elementor-widget-heading\" data-id=\"7a1d77b\" data-element_type=\"widget\" data-e-type=\"widget\" data-widget_type=\"heading.default\">\n\t\t\t\t<div class=\"elementor-widget-container\">\n\t\t\t\t\t<h3 class=\"elementor-heading-title elementor-size-default\">Acabado superficial<\/h3>\t\t\t\t<\/div>\n\t\t\t\t<\/div>\n\t\t\t\t<div class=\"elementor-element elementor-element-c86e41e elementor-widget-tablet__width-inherit elementor-widget elementor-widget-text-editor\" data-id=\"c86e41e\" data-element_type=\"widget\" data-e-type=\"widget\" data-widget_type=\"text-editor.default\">\n\t\t\t\t<div class=\"elementor-widget-container\">\n\t\t\t\t\t\t\t\t\t<p>Las chapas se laminan en fr\u00edo con precisi\u00f3n y se nivelan para conseguir un espesor uniforme y una gran planitud. Proporcionan una gama completa de acabados (laminado en caliente, 2D mate, 2B acabado fresado, n\u00ba 4 cepillado, HL mate, BA recocido brillante, 8K espejo, etc.) con recocido o pulido opcionales, para satisfacer los diferentes requisitos de higiene y est\u00e9tica.<\/p>\t\t\t\t\t\t\t\t<\/div>\n\t\t\t\t<\/div>\n\t\t\t\t<div class=\"elementor-element elementor-element-0990f17 elementor-widget-tablet__width-inherit elementor-widget elementor-widget-image\" data-id=\"0990f17\" data-element_type=\"widget\" data-e-type=\"widget\" data-widget_type=\"image.default\">\n\t\t\t\t<div class=\"elementor-widget-container\">\n\t\t\t\t\t\t\t\t\t\t\t\t\t\t\t<img decoding=\"async\" width=\"800\" height=\"394\" src=\"https:\/\/jblstainless.com\/wp-content\/uploads\/2025\/04\/stainless-steel-pipe-surface-treatment.webp\" class=\"attachment-large size-large wp-image-1357\" alt=\"Tubo de acero inoxidable 420\" srcset=\"https:\/\/jblstainless.com\/wp-content\/uploads\/2025\/04\/stainless-steel-pipe-surface-treatment.webp 1000w, https:\/\/jblstainless.com\/wp-content\/uploads\/2025\/04\/stainless-steel-pipe-surface-treatment-300x148.webp 300w, https:\/\/jblstainless.com\/wp-content\/uploads\/2025\/04\/stainless-steel-pipe-surface-treatment-768x379.webp 768w, https:\/\/jblstainless.com\/wp-content\/uploads\/2025\/04\/stainless-steel-pipe-surface-treatment-18x9.webp 18w, https:\/\/jblstainless.com\/wp-content\/uploads\/2025\/04\/stainless-steel-pipe-surface-treatment-600x296.webp 600w\" sizes=\"(max-width: 800px) 100vw, 800px\" \/>\t\t\t\t\t\t\t\t\t\t\t\t\t\t\t<\/div>\n\t\t\t\t<\/div>\n\t\t\t\t<\/div>\n\t\t<div class=\"elementor-element elementor-element-37f6c4b e-con-full e-flex e-con e-parent\" data-id=\"37f6c4b\" data-element_type=\"container\" data-e-type=\"container\">\n\t\t\t\t<div class=\"elementor-element elementor-element-1574dca elementor-widget-tablet__width-inherit elementor-widget elementor-widget-heading\" data-id=\"1574dca\" data-element_type=\"widget\" data-e-type=\"widget\" data-widget_type=\"heading.default\">\n\t\t\t\t<div class=\"elementor-widget-container\">\n\t\t\t\t\t<h3 class=\"elementor-heading-title elementor-size-default\">Corte y embalaje precisos<\/h3>\t\t\t\t<\/div>\n\t\t\t\t<\/div>\n\t\t\t\t<div class=\"elementor-element elementor-element-c6bf87c elementor-widget-tablet__width-inherit elementor-widget elementor-widget-text-editor\" data-id=\"c6bf87c\" data-element_type=\"widget\" data-e-type=\"widget\" data-widget_type=\"text-editor.default\">\n\t\t\t\t<div class=\"elementor-widget-container\">\n\t\t\t\t\t\t\t\t\t<p>Suministramos placas cortadas a medida para garantizar bordes lisos. Cada env\u00edo se embala de forma segura (en paquetes de pel\u00edcula impermeable o pal\u00e9s de madera) y se etiqueta con un n\u00famero de trazabilidad. El env\u00edo puede ir acompa\u00f1ado de un certificado de ensayo EN 10204-3.1 Mill .<\/p>\t\t\t\t\t\t\t\t<\/div>\n\t\t\t\t<\/div>\n\t\t\t\t<\/div>\n\t\t<div class=\"elementor-element elementor-element-06e7e43 e-con-full e-flex e-con e-parent\" data-id=\"06e7e43\" data-element_type=\"container\" data-e-type=\"container\">\n\t\t\t\t<div class=\"elementor-element elementor-element-11cb93c elementor-widget-tablet__width-inherit elementor-widget elementor-widget-heading\" data-id=\"11cb93c\" data-element_type=\"widget\" data-e-type=\"widget\" data-widget_type=\"heading.default\">\n\t\t\t\t<div class=\"elementor-widget-container\">\n\t\t\t\t\t<h3 class=\"elementor-heading-title elementor-size-default\">Placa 316L Aplicaci\u00f3n<\/h3>\t\t\t\t<\/div>\n\t\t\t\t<\/div>\n\t\t\t\t<div class=\"elementor-element elementor-element-ef5dedf elementor-widget-tablet__width-inherit elementor-widget elementor-widget-text-editor\" data-id=\"ef5dedf\" data-element_type=\"widget\" data-e-type=\"widget\" data-widget_type=\"text-editor.default\">\n\t\t\t\t<div class=\"elementor-widget-container\">\n\t\t\t\t\t\t\t\t\t<p>La placa de acero inoxidable 316L desempe\u00f1a un papel fundamental en diversas industrias:<\/p><ul><li>Industria qu\u00edmica: se utiliza en tanques de almacenamiento, tuber\u00edas y reactores, resistiendo la corrosi\u00f3n por \u00e1cidos fuertes y cloruros.<\/li><li>Ingenier\u00eda naval: se utiliza en buques, plataformas marinas y equipos de desalinizaci\u00f3n, soportando entornos de alta salinidad.<\/li><li>Alimentario y farmac\u00e9utico: se utiliza en equipos sanitarios para garantizar la ausencia de contaminaci\u00f3n y facilitar la limpieza.<\/li><li>Arquitectura: se utiliza para muros cortina, barandillas y paneles decorativos, aportando est\u00e9tica y durabilidad.<\/li><\/ul>\t\t\t\t\t\t\t\t<\/div>\n\t\t\t\t<\/div>\n\t\t\t\t<\/div>\n\t\t<div class=\"elementor-element elementor-element-8ce7d7b e-con-full e-flex e-con e-parent\" data-id=\"8ce7d7b\" data-element_type=\"container\" data-e-type=\"container\">\n\t\t\t\t<div class=\"elementor-element elementor-element-f05b2b9 elementor-widget-tablet__width-inherit elementor-widget elementor-widget-heading\" data-id=\"f05b2b9\" data-element_type=\"widget\" data-e-type=\"widget\" data-widget_type=\"heading.default\">\n\t\t\t\t<div class=\"elementor-widget-container\">\n\t\t\t\t\t<h2 class=\"elementor-heading-title elementor-size-default\">En comparaci\u00f3n con otros materiales<\/h2>\t\t\t\t<\/div>\n\t\t\t\t<\/div>\n\t\t\t\t<div class=\"elementor-element elementor-element-89b4c3e elementor-widget-tablet__width-inherit elementor-widget elementor-widget-text-editor\" data-id=\"89b4c3e\" data-element_type=\"widget\" data-e-type=\"widget\" data-widget_type=\"text-editor.default\">\n\t\t\t\t<div class=\"elementor-widget-container\">\n\t\t\t\t\t\t\t\t\t<p><b>1. Acero inoxidable 316L frente a 304:<\/b><\/p><p>El 316L tiene una resistencia a la corrosi\u00f3n significativamente mejor que el 304 en entornos con cloruros (por ejemplo, agua de mar) y condiciones de alta salinidad debido a su contenido en molibdeno.<\/p><p><b>2. Acero inoxidable 316L frente a 316:<\/b><\/p><p>El bajo contenido de carbono (\u22640,03%) del 316L lo hace m\u00e1s adecuado para la soldadura y los escenarios en los que no es posible el recocido para evitar el riesgo de corrosi\u00f3n intergranular; mientras que el 316 tiene un mayor contenido de carbono (\u22640,08%), una resistencia ligeramente mejor pero algo m\u00e1s d\u00e9bil a la corrosi\u00f3n.<\/p>\t\t\t\t\t\t\t\t<\/div>\n\t\t\t\t<\/div>\n\t\t\t\t<\/div>\n\t\t<div class=\"elementor-element elementor-element-b18d15d e-con-full e-flex e-con e-parent\" data-id=\"b18d15d\" data-element_type=\"container\" data-e-type=\"container\">\n\t\t\t\t<div class=\"elementor-element elementor-element-8a2a060 elementor-widget-tablet__width-inherit elementor-widget elementor-widget-heading\" data-id=\"8a2a060\" data-element_type=\"widget\" data-e-type=\"widget\" data-widget_type=\"heading.default\">\n\t\t\t\t<div class=\"elementor-widget-container\">\n\t\t\t\t\t<h2 class=\"elementor-heading-title elementor-size-default\">Debe prestarse atenci\u00f3n al utilizar chapa de acero inoxidable 316L\n<\/h2>\t\t\t\t<\/div>\n\t\t\t\t<\/div>\n\t\t\t\t<div class=\"elementor-element elementor-element-86758d7 elementor-widget-tablet__width-inherit elementor-widget elementor-widget-text-editor\" data-id=\"86758d7\" data-element_type=\"widget\" data-e-type=\"widget\" data-widget_type=\"text-editor.default\">\n\t\t\t\t<div class=\"elementor-widget-container\">\n\t\t\t\t\t\t\t\t\t<p><b>Soldadura y procesamiento:<\/b><\/p>\n<p>El procesado en fr\u00edo puede causar un ligero magnetismo, es necesario controlar la cantidad de deformaci\u00f3n en fr\u00edo; la soldadura debe utilizar consumibles de soldadura con bajo contenido en carbono para evitar la corrosi\u00f3n intergranular.<\/p>\n<p><b>Limitaci\u00f3n de temperatura:<\/b><\/p>\n<p>Evitar el uso prolongado a 427-857\u00b0C para evitar la degradaci\u00f3n de las propiedades del material.<\/p>\t\t\t\t\t\t\t\t<\/div>\n\t\t\t\t<\/div>\n\t\t\t\t<\/div>\n\t\t\t\t<\/div>","protected":false},"excerpt":{"rendered":"<p>El 316L es una versi\u00f3n con menos carbono del 316, con un contenido m\u00e1ximo de carbono de 0,03%, conocida por su mayor resistencia a la corrosi\u00f3n.<\/p>\n<p>Laminado en fr\u00edo Espesor: 0,3-4 mm, tama\u00f1o personalizado<br \/>\nEspesor laminado en caliente 3-120 mm, tama\u00f1o personalizado<br \/>\nAnchura: 600 mm, 1000 mm, 1219 mm, 1500 mm, tama\u00f1o personalizado<br \/>\nLongitud: 2000mm, 2438mm, 3000mm, tama\u00f1o personalizado<\/p>","protected":false},"featured_media":1469,"template":"","meta":{"_eb_attr":""},"product_brand":[],"product_cat":[40],"product_tag":[],"class_list":{"0":"post-1716","1":"product","2":"type-product","3":"status-publish","4":"has-post-thumbnail","6":"product_cat-stainless-steel-plate-coil","8":"first","9":"instock","10":"shipping-taxable","11":"product-type-simple"},"_links":{"self":[{"href":"https:\/\/jblstainless.com\/es\/wp-json\/wp\/v2\/product\/1716","targetHints":{"allow":["GET"]}}],"collection":[{"href":"https:\/\/jblstainless.com\/es\/wp-json\/wp\/v2\/product"}],"about":[{"href":"https:\/\/jblstainless.com\/es\/wp-json\/wp\/v2\/types\/product"}],"version-history":[{"count":15,"href":"https:\/\/jblstainless.com\/es\/wp-json\/wp\/v2\/product\/1716\/revisions"}],"predecessor-version":[{"id":1855,"href":"https:\/\/jblstainless.com\/es\/wp-json\/wp\/v2\/product\/1716\/revisions\/1855"}],"wp:featuredmedia":[{"embeddable":true,"href":"https:\/\/jblstainless.com\/es\/wp-json\/wp\/v2\/media\/1469"}],"wp:attachment":[{"href":"https:\/\/jblstainless.com\/es\/wp-json\/wp\/v2\/media?parent=1716"}],"wp:term":[{"taxonomy":"product_brand","embeddable":true,"href":"https:\/\/jblstainless.com\/es\/wp-json\/wp\/v2\/product_brand?post=1716"},{"taxonomy":"product_cat","embeddable":true,"href":"https:\/\/jblstainless.com\/es\/wp-json\/wp\/v2\/product_cat?post=1716"},{"taxonomy":"product_tag","embeddable":true,"href":"https:\/\/jblstainless.com\/es\/wp-json\/wp\/v2\/product_tag?post=1716"}],"curies":[{"name":"wp","href":"https:\/\/api.w.org\/{rel}","templated":true}]}}