{"id":1884,"date":"2025-07-24T16:18:20","date_gmt":"2025-07-24T08:18:20","guid":{"rendered":"https:\/\/jblstainless.com\/?post_type=product&#038;p=1884"},"modified":"2025-07-24T16:23:17","modified_gmt":"2025-07-24T08:23:17","slug":"1-placa-de-acero-inoxidable-4301","status":"publish","type":"product","link":"https:\/\/jblstainless.com\/es\/1-4301-stainless-steel-plate\/","title":{"rendered":"Placa de acero inoxidable 1.4301"},"content":{"rendered":"<div data-elementor-type=\"product-post\" data-elementor-id=\"1884\" class=\"elementor elementor-1884\" data-elementor-post-type=\"product\">\n\t\t\t\t<div class=\"elementor-element elementor-element-60b2d98 e-flex e-con-boxed e-con e-parent\" data-id=\"60b2d98\" data-element_type=\"container\" data-e-type=\"container\">\n\t\t\t\t\t<div class=\"e-con-inner\">\n\t\t\t\t<div class=\"elementor-element elementor-element-3c877ad elementor-widget elementor-widget-text-editor\" data-id=\"3c877ad\" data-element_type=\"widget\" data-e-type=\"widget\" data-widget_type=\"text-editor.default\">\n\t\t\t\t<div class=\"elementor-widget-container\">\n\t\t\t\t\t\t\t\t\t<p>Acero inoxidable 1.4301, tambi\u00e9n conocido como <a href=\"https:\/\/jblstainless.com\/es\/que-significa-acero-inoxidable-304\/\"><span style=\"text-decoration: underline;\"><strong>Acero inoxidable 304<\/strong><\/span><\/a>, es un acero inoxidable austen\u00edtico ampliamente utilizado, un acero inoxidable de uso general, con excelente resistencia a la corrosi\u00f3n, buena conformabilidad, propiedades de mecanizado y propiedades de soldadura, ampliamente utilizado en diversas industrias.<\/p><p>Adquirimos la placa 1.4301 directamente de las principales f\u00e1bricas de acero inoxidable (Baosteel, TISCO, etc.), adoptamos acero base de alta calidad (por ejemplo, Baosteel, Shougang) y contamos con la certificaci\u00f3n ISO\/BV\/SGS, lo que garantiza la consistencia del material.<\/p><p>Nuestras chapas cumplen estrictamente las normas ASTM A240 y EN 10088-2 (DIN 1.4301,X5CrNi18-10). Controlamos la planitud y las dimensiones con tolerancias estrictas dentro de \u00b1 0,2 mm, para asegurar que cada rollo (placa) es est\u00e1ndar 18Cr-8Ni (304) grado espesor uniforme y planitud.<\/p>\t\t\t\t\t\t\t\t<\/div>\n\t\t\t\t<\/div>\n\t\t\t\t\t<\/div>\n\t\t\t\t<\/div>\n\t\t<div class=\"elementor-element elementor-element-4ad3b91 e-flex e-con-boxed e-con e-parent\" data-id=\"4ad3b91\" data-element_type=\"container\" data-e-type=\"container\">\n\t\t\t\t\t<div class=\"e-con-inner\">\n\t\t\t\t<div class=\"elementor-element elementor-element-891fb1f elementor-widget elementor-widget-heading\" data-id=\"891fb1f\" data-element_type=\"widget\" data-e-type=\"widget\" data-widget_type=\"heading.default\">\n\t\t\t\t<div class=\"elementor-widget-container\">\n\t\t\t\t\t<h2 class=\"elementor-heading-title elementor-size-default\">Placa de acero inoxidable 1.4301 Especificaci\u00f3n<\/h2>\t\t\t\t<\/div>\n\t\t\t\t<\/div>\n\t\t\t\t<div class=\"elementor-element elementor-element-eb6ba0c elementor-widget elementor-widget-text-editor\" data-id=\"eb6ba0c\" data-element_type=\"widget\" data-e-type=\"widget\" data-widget_type=\"text-editor.default\">\n\t\t\t\t<div class=\"elementor-widget-container\">\n\t\t\t\t\t\t\t\t\t<table class=\"table\"><tbody><tr><td>Grado<\/td><td>1.4301,304<\/td><\/tr><tr><td>Espesor<\/td><td>0,3-200 mm<\/td><\/tr><tr><td>Longitud:<\/td><td>2000 mm, 2438 mm, 3000 mm, 5800 mm, 6000 mm, 12000 mm, etc.<\/td><\/tr><tr><td>Anchura<\/td><td><p>40mm-600mm, 1000mm, 1250mm, 1500mm, 1800mm, 2000mm,<\/p><p>2500 mm, 3000 mm, 3500 mm, etc.<\/p><\/td><\/tr><tr><td>Est\u00e1ndar<\/td><td>ASTM 240, EN 10088,JIS,DIN,AISI,GB<\/td><\/tr><tr><td>Superficie<\/td><td>BA,2B,NO.1,NO.4,4K,HL,8K,Grabado en relieve,Color,o seg\u00fan se requiera<\/td><\/tr><tr><td>Certificaci\u00f3n<\/td><td>ISO, SGS, BV<\/td><\/tr><tr><td>T\u00e9cnica<\/td><td>Laminado en fr\u00edo, Laminado en caliente<\/td><\/tr><tr><td>Borde<\/td><td>Canto de fresado \/ Canto hendido<\/td><\/tr><\/tbody><\/table>\t\t\t\t\t\t\t\t<\/div>\n\t\t\t\t<\/div>\n\t\t\t\t\t<\/div>\n\t\t\t\t<\/div>\n\t\t<div class=\"elementor-element elementor-element-e9a46c8 e-flex e-con-boxed e-con e-parent\" data-id=\"e9a46c8\" data-element_type=\"container\" data-e-type=\"container\">\n\t\t\t\t\t<div class=\"e-con-inner\">\n\t\t\t\t<div class=\"elementor-element elementor-element-cac094f elementor-arrows-position-outside elementor-pagination-position-outside elementor-widget elementor-widget-image-carousel\" data-id=\"cac094f\" data-element_type=\"widget\" data-e-type=\"widget\" data-settings=\"{&quot;slides_to_show&quot;:&quot;3&quot;,&quot;navigation&quot;:&quot;both&quot;,&quot;autoplay&quot;:&quot;yes&quot;,&quot;pause_on_hover&quot;:&quot;yes&quot;,&quot;pause_on_interaction&quot;:&quot;yes&quot;,&quot;autoplay_speed&quot;:5000,&quot;infinite&quot;:&quot;yes&quot;,&quot;speed&quot;:500}\" data-widget_type=\"image-carousel.default\">\n\t\t\t\t<div class=\"elementor-widget-container\">\n\t\t\t\t\t\t\t<div class=\"elementor-image-carousel-wrapper swiper\" role=\"region\" aria-roledescription=\"carousel\" aria-label=\"Carrusel de im\u00e1genes\" dir=\"ltr\">\n\t\t\t<div class=\"elementor-image-carousel swiper-wrapper\" aria-live=\"off\">\n\t\t\t\t\t\t\t\t<div class=\"swiper-slide\" role=\"group\" aria-roledescription=\"slide\" aria-label=\"1 von 5\" data-no-translation-aria-label=\"\"><figure class=\"swiper-slide-inner\"><img decoding=\"async\" class=\"swiper-slide-image\" src=\"https:\/\/jblstainless.com\/wp-content\/uploads\/2025\/04\/stainless-steel-plate-300x300.webp\" alt=\"chapa de acero inoxidable\" \/><\/figure><\/div><div class=\"swiper-slide\" role=\"group\" aria-roledescription=\"slide\" aria-label=\"2 von 5\" data-no-translation-aria-label=\"\"><figure class=\"swiper-slide-inner\"><img decoding=\"async\" class=\"swiper-slide-image\" src=\"https:\/\/jblstainless.com\/wp-content\/uploads\/2025\/04\/stainless-steel-metal-plate-300x300.webp\" alt=\"Placa de acero inoxidable 304\" \/><\/figure><\/div><div class=\"swiper-slide\" role=\"group\" aria-roledescription=\"slide\" aria-label=\"3 von 5\" data-no-translation-aria-label=\"\"><figure class=\"swiper-slide-inner\"><img decoding=\"async\" class=\"swiper-slide-image\" src=\"https:\/\/jblstainless.com\/wp-content\/uploads\/2025\/04\/stainless-steel-thick-plate-300x300.webp\" alt=\"chapa de acero inoxidable\" \/><\/figure><\/div><div class=\"swiper-slide\" role=\"group\" aria-roledescription=\"slide\" aria-label=\"4 von 5\" data-no-translation-aria-label=\"\"><figure class=\"swiper-slide-inner\"><img decoding=\"async\" class=\"swiper-slide-image\" src=\"https:\/\/jblstainless.com\/wp-content\/uploads\/2025\/04\/ss-plate-300x300.webp\" alt=\"Placa de acero inoxidable 1.4301\" \/><\/figure><\/div><div class=\"swiper-slide\" role=\"group\" aria-roledescription=\"slide\" aria-label=\"5 von 5\" data-no-translation-aria-label=\"\"><figure class=\"swiper-slide-inner\"><img decoding=\"async\" class=\"swiper-slide-image\" src=\"https:\/\/jblstainless.com\/wp-content\/uploads\/2025\/04\/ss-plate-process-300x300.webp\" alt=\"proceso de chapa de acero inoxidable\" \/><\/figure><\/div>\t\t\t<\/div>\n\t\t\t\t\t\t\t\t\t\t\t\t<div class=\"elementor-swiper-button elementor-swiper-button-prev\" role=\"button\" tabindex=\"0\">\n\t\t\t\t\t\t<svg aria-hidden=\"true\" class=\"e-font-icon-svg e-eicon-chevron-left\" viewbox=\"0 0 1000 1000\" xmlns=\"http:\/\/www.w3.org\/2000\/svg\"><path d=\"M646 125C629 125 613 133 604 142L308 442C296 454 292 471 292 487 292 504 296 521 308 533L604 854C617 867 629 875 646 875 663 875 679 871 692 858 704 846 713 829 713 812 713 796 708 779 692 767L438 487 692 225C700 217 708 204 708 187 708 171 704 154 692 142 675 129 663 125 646 125Z\"><\/path><\/svg>\t\t\t\t\t<\/div>\n\t\t\t\t\t<div class=\"elementor-swiper-button elementor-swiper-button-next\" role=\"button\" tabindex=\"0\">\n\t\t\t\t\t\t<svg aria-hidden=\"true\" class=\"e-font-icon-svg e-eicon-chevron-right\" viewbox=\"0 0 1000 1000\" xmlns=\"http:\/\/www.w3.org\/2000\/svg\"><path d=\"M696 533C708 521 713 504 713 487 713 471 708 454 696 446L400 146C388 133 375 125 354 125 338 125 325 129 313 142 300 154 292 171 292 187 292 204 296 221 308 233L563 492 304 771C292 783 288 800 288 817 288 833 296 850 308 863 321 871 338 875 354 875 371 875 388 867 400 854L696 533Z\"><\/path><\/svg>\t\t\t\t\t<\/div>\n\t\t\t\t\n\t\t\t\t\t\t\t\t\t<div class=\"swiper-pagination\"><\/div>\n\t\t\t\t\t\t\t\t\t<\/div>\n\t\t\t\t\t\t<\/div>\n\t\t\t\t<\/div>\n\t\t\t\t\t<\/div>\n\t\t\t\t<\/div>\n\t\t<div class=\"elementor-element elementor-element-22eb224 e-flex e-con-boxed e-con e-parent\" data-id=\"22eb224\" data-element_type=\"container\" data-e-type=\"container\">\n\t\t\t\t\t<div class=\"e-con-inner\">\n\t\t\t\t<div class=\"elementor-element elementor-element-785ae18 elementor-widget elementor-widget-heading\" data-id=\"785ae18\" data-element_type=\"widget\" data-e-type=\"widget\" data-widget_type=\"heading.default\">\n\t\t\t\t<div class=\"elementor-widget-container\">\n\t\t\t\t\t<h2 class=\"elementor-heading-title elementor-size-default\">Propiedades del acero inoxidable 1.4301<\/h2>\t\t\t\t<\/div>\n\t\t\t\t<\/div>\n\t\t\t\t<div class=\"elementor-element elementor-element-b9155f8 elementor-widget elementor-widget-heading\" data-id=\"b9155f8\" data-element_type=\"widget\" data-e-type=\"widget\" data-widget_type=\"heading.default\">\n\t\t\t\t<div class=\"elementor-widget-container\">\n\t\t\t\t\t<h3 class=\"elementor-heading-title elementor-size-default\">Composici\u00f3n qu\u00edmica-EN 10088 1.4301 Acero inoxidable<\/h3>\t\t\t\t<\/div>\n\t\t\t\t<\/div>\n\t\t\t\t<div class=\"elementor-element elementor-element-39d10fe elementor-widget elementor-widget-text-editor\" data-id=\"39d10fe\" data-element_type=\"widget\" data-e-type=\"widget\" data-widget_type=\"text-editor.default\">\n\t\t\t\t<div class=\"elementor-widget-container\">\n\t\t\t\t\t\t\t\t\t<table class=\"table\"><tbody><tr><td>Elemento<\/td><td>% Presente<\/td><\/tr><tr><td>Carbono (C)<\/td><td>0,0 \u2013 0,07<\/td><\/tr><tr><td>Cromo (Cr)<\/td><td>17:50 \u2013 19:50<\/td><\/tr><tr><td>Manganeso (Mn)<\/td><td>0,0 \u2013 2,00<\/td><\/tr><tr><td>Silicio (Si)<\/td><td>0,0 \u2013 1,00<\/td><\/tr><tr><td>F\u00f3sforo (P)<\/td><td>0,0 \u2013 0,05<\/td><\/tr><tr><td>Azufre (S)<\/td><td>0,0 \u2013 0,03<\/td><\/tr><tr><td>N\u00edquel (Ni)<\/td><td>8:00 \u2013 10:50<\/td><\/tr><tr><td>Nitr\u00f3geno (N)<\/td><td>0,0 \u2013 0,11<\/td><\/tr><tr><td>Hierro (Fe)<\/td><td>Saldo<\/td><\/tr><\/tbody><\/table>\t\t\t\t\t\t\t\t<\/div>\n\t\t\t\t<\/div>\n\t\t\t\t<div class=\"elementor-element elementor-element-12ef093 elementor-widget elementor-widget-text-editor\" data-id=\"12ef093\" data-element_type=\"widget\" data-e-type=\"widget\" data-widget_type=\"text-editor.default\">\n\t\t\t\t<div class=\"elementor-widget-container\">\n\t\t\t\t\t\t\t\t\t<table class=\"table\"><tbody><tr><td>Propiedad<\/td><td>Valor<\/td><\/tr><tr><td>Resistencia a la tracci\u00f3n(Mpa), Rm<\/td><td>625<\/td><\/tr><tr><td>L\u00edmite el\u00e1stico (Mpa),Rp 0,2<\/td><td>315<\/td><\/tr><tr><td>Densidad<\/td><td>8,00 g\/cm\u00b3<\/td><\/tr><tr><td>Punto de fusi\u00f3n<\/td><td>1450 \u00b0C<\/td><\/tr><tr><td>Expansi\u00f3n t\u00e9rmica<\/td><td>17,2 x10^-6 \/K<\/td><\/tr><tr><td>M\u00f3dulo de elasticidad<\/td><td>193 GPa<\/td><\/tr><tr><td>Conductividad t\u00e9rmica<\/td><td>16,2 W\/m.K<\/td><\/tr><tr><td>Resistividad el\u00e9ctrica<\/td><td>0,072 x10^-6 \u03a9 .m<\/td><\/tr><tr><td>Alargamiento<\/td><td>45<\/td><\/tr><\/tbody><\/table>\t\t\t\t\t\t\t\t<\/div>\n\t\t\t\t<\/div>\n\t\t\t\t<div class=\"elementor-element elementor-element-cac709a elementor-widget elementor-widget-heading\" data-id=\"cac709a\" data-element_type=\"widget\" data-e-type=\"widget\" data-widget_type=\"heading.default\">\n\t\t\t\t<div class=\"elementor-widget-container\">\n\t\t\t\t\t<h3 class=\"elementor-heading-title elementor-size-default\">Equivalente de acero inoxidable 1.4301<\/h3>\t\t\t\t<\/div>\n\t\t\t\t<\/div>\n\t\t\t\t<div class=\"elementor-element elementor-element-7a4da49 elementor-widget elementor-widget-text-editor\" data-id=\"7a4da49\" data-element_type=\"widget\" data-e-type=\"widget\" data-widget_type=\"text-editor.default\">\n\t\t\t\t<div class=\"elementor-widget-container\">\n\t\t\t\t\t\t\t\t\t<table class=\"table\"><tbody><tr><th>Est\u00e1ndar<\/th><th>UNS<\/th><th>WERKSTOFF NR<\/th><th>AFNOR<\/th><th>ES<\/th><th>JIS<\/th><th>BS<\/th><th>GOST<\/th><\/tr><tr><td>SS 304<\/td><td>S30400<\/td><td>1.4301<\/td><td>Z7CN18-09<\/td><td>X5CrNi18-10<\/td><td>SUS304<\/td><td>304S31<\/td><td>08\u042518\u041d10<\/td><\/tr><\/tbody><\/table>\t\t\t\t\t\t\t\t<\/div>\n\t\t\t\t<\/div>\n\t\t\t\t\t<\/div>\n\t\t\t\t<\/div>\n\t\t<div class=\"elementor-element elementor-element-fc9c93e e-flex e-con-boxed e-con e-parent\" data-id=\"fc9c93e\" data-element_type=\"container\" data-e-type=\"container\">\n\t\t\t\t\t<div class=\"e-con-inner\">\n\t\t\t\t<div class=\"elementor-element elementor-element-3f87d22 elementor-widget elementor-widget-heading\" data-id=\"3f87d22\" data-element_type=\"widget\" data-e-type=\"widget\" data-widget_type=\"heading.default\">\n\t\t\t\t<div class=\"elementor-widget-container\">\n\t\t\t\t\t<h3 class=\"elementor-heading-title elementor-size-default\">Ventajas de la chapa 1.4301<\/h3>\t\t\t\t<\/div>\n\t\t\t\t<\/div>\n\t\t\t\t<div class=\"elementor-element elementor-element-daa9f1e elementor-widget elementor-widget-text-editor\" data-id=\"daa9f1e\" data-element_type=\"widget\" data-e-type=\"widget\" data-widget_type=\"text-editor.default\">\n\t\t\t\t<div class=\"elementor-widget-container\">\n\t\t\t\t\t\t\t\t\t<p><strong>1. Excepcional resistencia a la corrosi\u00f3n:<\/strong><\/p><ul><li>Alta resistencia a la corrosi\u00f3n frente a \u00e1cidos oxidantes (por ejemplo, \u00e1cido n\u00edtrico), soluciones alcalinas y la mayor\u00eda de los \u00e1cidos org\u00e1nicos.<\/li><li>Buen comportamiento en atm\u00f3sferas industriales y medios alimentarios.<\/li><li>Garantiza una larga durabilidad en entornos dif\u00edciles.<\/li><\/ul><p><strong>2. Formabilidad y soldabilidad superiores:<\/strong><\/p><ul><li>Excelente rendimiento de embutici\u00f3n profunda, adecuado para la fabricaci\u00f3n de fregaderos, cacerolas y otras piezas de embutici\u00f3n profunda.<\/li><li>Adecuado para todo tipo de mecanizado y soldadura, f\u00e1cil de fabricar productos de formas complejas.Perfecto para diversas necesidades de fabricaci\u00f3n.<\/li><\/ul><p><strong>3.<\/strong> No magn\u00e9tico (casi no magn\u00e9tico en condiciones de recocido, puede ser d\u00e9bilmente magn\u00e9tico despu\u00e9s del trabajo en fr\u00edo)<br \/><strong>4.<\/strong> Excelente rendimiento a bajas temperaturas (para escenarios de baja temperatura)<br \/><strong>5.<\/strong> Baja conductividad t\u00e9rmica, conductividad el\u00e9ctrica media<\/p>\t\t\t\t\t\t\t\t<\/div>\n\t\t\t\t<\/div>\n\t\t\t\t\t<\/div>\n\t\t\t\t<\/div>\n\t\t<div class=\"elementor-element elementor-element-e9e4c1c e-flex e-con-boxed e-con e-parent\" data-id=\"e9e4c1c\" data-element_type=\"container\" data-e-type=\"container\">\n\t\t\t\t\t<div class=\"e-con-inner\">\n\t\t\t\t<div class=\"elementor-element elementor-element-f889895 elementor-widget elementor-widget-heading\" data-id=\"f889895\" data-element_type=\"widget\" data-e-type=\"widget\" data-widget_type=\"heading.default\">\n\t\t\t\t<div class=\"elementor-widget-container\">\n\t\t\t\t\t<h2 class=\"elementor-heading-title elementor-size-default\">Servicios de personalizaci\u00f3n de placas de acero inoxidable\n<\/h2>\t\t\t\t<\/div>\n\t\t\t\t<\/div>\n\t\t\t\t<div class=\"elementor-element elementor-element-33fade4 elementor-widget elementor-widget-heading\" data-id=\"33fade4\" data-element_type=\"widget\" data-e-type=\"widget\" data-widget_type=\"heading.default\">\n\t\t\t\t<div class=\"elementor-widget-container\">\n\t\t\t\t\t<p class=\"elementor-heading-title elementor-size-default\">Acabado superficial<\/p>\t\t\t\t<\/div>\n\t\t\t\t<\/div>\n\t\t\t\t<div class=\"elementor-element elementor-element-0880003 elementor-widget elementor-widget-text-editor\" data-id=\"0880003\" data-element_type=\"widget\" data-e-type=\"widget\" data-widget_type=\"text-editor.default\">\n\t\t\t\t<div class=\"elementor-widget-container\">\n\t\t\t\t\t\t\t\t\t<p>Ofrecemos acabados desde recocido brillante (BA, n.\u00ba 1) hasta laminado en fr\u00edo (2B), n.\u00ba 4, HL y espejo (8K).Con equipos avanzados de pulido y un estricto control de calidad, podemos suministrar chapas planas y limpias, sin ara\u00f1azos ni rebabas.Tanto para materiales decorativos como para piezas mec\u00e1nicas, cumplimos altos est\u00e1ndares.<\/p>\t\t\t\t\t\t\t\t<\/div>\n\t\t\t\t<\/div>\n\t\t\t\t<div class=\"elementor-element elementor-element-6127aee elementor-widget elementor-widget-image\" data-id=\"6127aee\" data-element_type=\"widget\" data-e-type=\"widget\" data-widget_type=\"image.default\">\n\t\t\t\t<div class=\"elementor-widget-container\">\n\t\t\t\t\t\t\t\t\t\t\t\t\t\t\t<img fetchpriority=\"high\" decoding=\"async\" width=\"800\" height=\"394\" src=\"https:\/\/jblstainless.com\/wp-content\/uploads\/2025\/04\/stainless-steel-pipe-surface-treatment.webp\" class=\"attachment-large size-large wp-image-1357\" alt=\"Tubo de acero inoxidable 420\" srcset=\"https:\/\/jblstainless.com\/wp-content\/uploads\/2025\/04\/stainless-steel-pipe-surface-treatment.webp 1000w, https:\/\/jblstainless.com\/wp-content\/uploads\/2025\/04\/stainless-steel-pipe-surface-treatment-300x148.webp 300w, https:\/\/jblstainless.com\/wp-content\/uploads\/2025\/04\/stainless-steel-pipe-surface-treatment-768x379.webp 768w, https:\/\/jblstainless.com\/wp-content\/uploads\/2025\/04\/stainless-steel-pipe-surface-treatment-18x9.webp 18w, https:\/\/jblstainless.com\/wp-content\/uploads\/2025\/04\/stainless-steel-pipe-surface-treatment-600x296.webp 600w\" sizes=\"(max-width: 800px) 100vw, 800px\" \/>\t\t\t\t\t\t\t\t\t\t\t\t\t\t\t<\/div>\n\t\t\t\t<\/div>\n\t\t\t\t<div class=\"elementor-element elementor-element-fc991a8 elementor-widget elementor-widget-heading\" data-id=\"fc991a8\" data-element_type=\"widget\" data-e-type=\"widget\" data-widget_type=\"heading.default\">\n\t\t\t\t<div class=\"elementor-widget-container\">\n\t\t\t\t\t<p class=\"elementor-heading-title elementor-size-default\">Servicios de procesamiento<\/p>\t\t\t\t<\/div>\n\t\t\t\t<\/div>\n\t\t\t\t<div class=\"elementor-element elementor-element-d9978e7 elementor-widget elementor-widget-text-editor\" data-id=\"d9978e7\" data-element_type=\"widget\" data-e-type=\"widget\" data-widget_type=\"text-editor.default\">\n\t\t\t\t<div class=\"elementor-widget-container\">\n\t\t\t\t\t\t\t\t\t<p>Podemos cortar las chapas a cualquier tama\u00f1o o forma, fresar o pulir los bordes, aplanar, biselar, pulir o aplicar una pel\u00edcula protectora de PVC y otros tratamientos secundarios seg\u00fan los requisitos, y etiquetar o marcar con l\u00e1ser a petici\u00f3n.<\/p><p>Para los env\u00edos de exportaci\u00f3n, utilizamos embalajes mar\u00edtimos est\u00e1ndar (embalados en cajas\/pal\u00e9s de madera con envoltorio impermeable).<\/p><p>Con existencias suficientes y una capacidad de producci\u00f3n flexible, podemos entregar a tiempo y ofrecer asistencia t\u00e9cnica exclusiva para proyectos personalizados.<\/p>\t\t\t\t\t\t\t\t<\/div>\n\t\t\t\t<\/div>\n\t\t\t\t<div class=\"elementor-element elementor-element-192f063 elementor-widget elementor-widget-image\" data-id=\"192f063\" data-element_type=\"widget\" data-e-type=\"widget\" data-widget_type=\"image.default\">\n\t\t\t\t<div class=\"elementor-widget-container\">\n\t\t\t\t\t\t\t\t\t\t\t\t\t\t\t<img decoding=\"async\" width=\"800\" height=\"556\" src=\"https:\/\/jblstainless.com\/wp-content\/uploads\/2025\/02\/process-service.webp\" class=\"attachment-large size-large wp-image-688\" alt=\"transformaci\u00f3n de chapa de acero inoxidable\" srcset=\"https:\/\/jblstainless.com\/wp-content\/uploads\/2025\/02\/process-service.webp 1000w, https:\/\/jblstainless.com\/wp-content\/uploads\/2025\/02\/process-service-600x417.webp 600w, https:\/\/jblstainless.com\/wp-content\/uploads\/2025\/02\/process-service-300x209.webp 300w, https:\/\/jblstainless.com\/wp-content\/uploads\/2025\/02\/process-service-768x534.webp 768w, https:\/\/jblstainless.com\/wp-content\/uploads\/2025\/02\/process-service-18x12.webp 18w\" sizes=\"(max-width: 800px) 100vw, 800px\" \/>\t\t\t\t\t\t\t\t\t\t\t\t\t\t\t<\/div>\n\t\t\t\t<\/div>\n\t\t\t\t\t<\/div>\n\t\t\t\t<\/div>\n\t\t<div class=\"elementor-element elementor-element-40716f7 e-flex e-con-boxed e-con e-parent\" data-id=\"40716f7\" data-element_type=\"container\" data-e-type=\"container\">\n\t\t\t\t\t<div class=\"e-con-inner\">\n\t\t\t\t<div class=\"elementor-element elementor-element-7294ae2 elementor-widget elementor-widget-heading\" data-id=\"7294ae2\" data-element_type=\"widget\" data-e-type=\"widget\" data-widget_type=\"heading.default\">\n\t\t\t\t<div class=\"elementor-widget-container\">\n\t\t\t\t\t<p class=\"elementor-heading-title elementor-size-default\">Aplicaci\u00f3n<\/p>\t\t\t\t<\/div>\n\t\t\t\t<\/div>\n\t\t\t\t<div class=\"elementor-element elementor-element-a07df10 elementor-widget elementor-widget-text-editor\" data-id=\"a07df10\" data-element_type=\"widget\" data-e-type=\"widget\" data-widget_type=\"text-editor.default\">\n\t\t\t\t<div class=\"elementor-widget-container\">\n\t\t\t\t\t\t\t\t\t<ul><li>Industrial: tuber\u00edas qu\u00edmicas, recipientes, intercambiadores de calor (entornos no clorados)<\/li><li>Industria general: vajillas, utensilios de cocina, piezas de relojer\u00eda, ensamblajes de muelles<\/li><li>Arquitectura: paneles decorativos, componentes estructurales.<\/li><li>Medicina\/alimentaci\u00f3n: dispositivos m\u00e9dicos, equipos de procesamiento de alimentos (deben cumplir las normas de calidad alimentaria).<\/li><li>Otros: piezas de autom\u00f3vil, componentes el\u00e9ctricos<\/li><\/ul>\t\t\t\t\t\t\t\t<\/div>\n\t\t\t\t<\/div>\n\t\t\t\t\t<\/div>\n\t\t\t\t<\/div>\n\t\t<div class=\"elementor-element elementor-element-0f1a8dd e-flex e-con-boxed e-con e-parent\" data-id=\"0f1a8dd\" data-element_type=\"container\" data-e-type=\"container\">\n\t\t\t\t\t<div class=\"e-con-inner\">\n\t\t\t\t<div class=\"elementor-element elementor-element-7557b73 elementor-widget elementor-widget-heading\" data-id=\"7557b73\" data-element_type=\"widget\" data-e-type=\"widget\" data-widget_type=\"heading.default\">\n\t\t\t\t<div class=\"elementor-widget-container\">\n\t\t\t\t\t<h2 class=\"elementor-heading-title elementor-size-default\">Limitaciones de la chapa de acero inoxidable 1.4301 <\/h2>\t\t\t\t<\/div>\n\t\t\t\t<\/div>\n\t\t\t\t<div class=\"elementor-element elementor-element-4aa7a40 elementor-widget elementor-widget-text-editor\" data-id=\"4aa7a40\" data-element_type=\"widget\" data-e-type=\"widget\" data-widget_type=\"text-editor.default\">\n\t\t\t\t<div class=\"elementor-widget-container\">\n\t\t\t\t\t\t\t\t\t<p>Al seleccionar la chapa de acero inoxidable 1.4301, deben evitarse los siguientes entornos:<\/p><ul><li>Entornos con cloruros: susceptible a la corrosi\u00f3n por picaduras\/fisuras, no apto para agua de mar o equipos de piscinas.<\/li><li>Entorno \u00e1cido sulf\u00farico: sin tolerancia (no aplicable a ninguna concentraci\u00f3n).<\/li><li>Riesgo de corrosi\u00f3n intergranular: Pueden producirse zonas agotadas de cromo debido a la precipitaci\u00f3n de carburo de cromo tras la soldadura o el tratamiento t\u00e9rmico a 450-850\u00b0C; es necesario controlar el proceso.<\/li><li>Agrietamiento por corrosi\u00f3n bajo tensi\u00f3n: alto riesgo en entornos con cloruros por encima de 60\u2103.<\/li><\/ul>\t\t\t\t\t\t\t\t<\/div>\n\t\t\t\t<\/div>\n\t\t\t\t\t<\/div>\n\t\t\t\t<\/div>\n\t\t\t\t<\/div>","protected":false},"excerpt":{"rendered":"<p>El acero inoxidable 1.4301, tambi\u00e9n conocido como acero inoxidable 304, es un acero inoxidable austen\u00edtico muy utilizado, un acero inoxidable de uso general.<\/p>\n<p>Placa de acero inoxidable 1.4301 Especificaci\u00f3n<br \/>\nEspesor: 0,3-200 mm<br \/>\nAnchura: 1000 mm, 1250 mm, 1500 mm, 2000 mm, etc.<br \/>\nLongitud: 2000 mm, 2438 mm, 3000 mm, 5800 mm, etc.<br \/>\nNormas: ASTM A240, EN 10088-2, etc.<\/p>","protected":false},"featured_media":1473,"template":"","meta":{"_eb_attr":""},"product_brand":[],"product_cat":[40],"product_tag":[],"class_list":{"0":"post-1884","1":"product","2":"type-product","3":"status-publish","4":"has-post-thumbnail","6":"product_cat-stainless-steel-plate-coil","8":"first","9":"instock","10":"shipping-taxable","11":"product-type-simple"},"_links":{"self":[{"href":"https:\/\/jblstainless.com\/es\/wp-json\/wp\/v2\/product\/1884","targetHints":{"allow":["GET"]}}],"collection":[{"href":"https:\/\/jblstainless.com\/es\/wp-json\/wp\/v2\/product"}],"about":[{"href":"https:\/\/jblstainless.com\/es\/wp-json\/wp\/v2\/types\/product"}],"version-history":[{"count":8,"href":"https:\/\/jblstainless.com\/es\/wp-json\/wp\/v2\/product\/1884\/revisions"}],"predecessor-version":[{"id":1892,"href":"https:\/\/jblstainless.com\/es\/wp-json\/wp\/v2\/product\/1884\/revisions\/1892"}],"wp:featuredmedia":[{"embeddable":true,"href":"https:\/\/jblstainless.com\/es\/wp-json\/wp\/v2\/media\/1473"}],"wp:attachment":[{"href":"https:\/\/jblstainless.com\/es\/wp-json\/wp\/v2\/media?parent=1884"}],"wp:term":[{"taxonomy":"product_brand","embeddable":true,"href":"https:\/\/jblstainless.com\/es\/wp-json\/wp\/v2\/product_brand?post=1884"},{"taxonomy":"product_cat","embeddable":true,"href":"https:\/\/jblstainless.com\/es\/wp-json\/wp\/v2\/product_cat?post=1884"},{"taxonomy":"product_tag","embeddable":true,"href":"https:\/\/jblstainless.com\/es\/wp-json\/wp\/v2\/product_tag?post=1884"}],"curies":[{"name":"wp","href":"https:\/\/api.w.org\/{rel}","templated":true}]}}