{"id":2144,"date":"2025-08-18T17:33:18","date_gmt":"2025-08-18T09:33:18","guid":{"rendered":"https:\/\/jblstainless.com\/?post_type=product&#038;p=2144"},"modified":"2025-08-18T17:39:02","modified_gmt":"2025-08-18T09:39:02","slug":"bobina-de-acero-inoxidable-430","status":"publish","type":"product","link":"https:\/\/jblstainless.com\/es\/430-stainless-steel-coil\/","title":{"rendered":"Bobina de acero inoxidable 430"},"content":{"rendered":"<div data-elementor-type=\"product-post\" data-elementor-id=\"2144\" class=\"elementor elementor-2144\" data-elementor-post-type=\"product\">\n\t\t\t\t<div class=\"elementor-element elementor-element-e9571e6 e-con-full e-flex e-con e-parent\" data-id=\"e9571e6\" data-element_type=\"container\" data-e-type=\"container\">\n\t\t\t\t<div class=\"elementor-element elementor-element-92233e6 elementor-widget-tablet__width-auto elementor-widget elementor-widget-text-editor\" data-id=\"92233e6\" data-element_type=\"widget\" data-e-type=\"widget\" data-widget_type=\"text-editor.default\">\n\t\t\t\t<div class=\"elementor-widget-container\">\n\t\t\t\t\t\t\t\t\t<p>La bobina de acero inoxidable 430 es una aleaci\u00f3n ferr\u00edtica vers\u00e1til conocida por su excelente resistencia a la corrosi\u00f3n y su buena conformabilidad. Con un rendimiento superior en entornos moderadamente corrosivos, es una alternativa econ\u00f3mica a los aceros inoxidables de mayor calidad para aplicaciones en interiores y condiciones suaves. El acero inoxidable 430 es naturalmente magn\u00e9tico y proporciona resistencia al calor y estabilidad estructural para electrodom\u00e9sticos de cocina y paneles decorativos.<\/p><p>El acero inoxidable 430 es un acero inoxidable ferr\u00edtico (grado de cromo puro) con una estructura cristalina c\u00fabica centrada en el cuerpo y, por lo tanto, es magn\u00e9tico, a diferencia del acero inoxidable austen\u00edtico 304\/316.<\/p>\t\t\t\t\t\t\t\t<\/div>\n\t\t\t\t<\/div>\n\t\t\t\t<\/div>\n\t\t<div class=\"elementor-element elementor-element-ac61458 e-con-full e-flex e-con e-parent\" data-id=\"ac61458\" data-element_type=\"container\" data-e-type=\"container\">\n\t\t\t\t<div class=\"elementor-element elementor-element-1223a04 elementor-widget-tablet__width-auto elementor-widget elementor-widget-heading\" data-id=\"1223a04\" data-element_type=\"widget\" data-e-type=\"widget\" data-widget_type=\"heading.default\">\n\t\t\t\t<div class=\"elementor-widget-container\">\n\t\t\t\t\t<h2 class=\"elementor-heading-title elementor-size-default\">Especificaciones de la bobina de acero inoxidable 430<\/h2>\t\t\t\t<\/div>\n\t\t\t\t<\/div>\n\t\t\t\t<div class=\"elementor-element elementor-element-26814b8 elementor-widget-tablet__width-auto elementor-widget elementor-widget-text-editor\" data-id=\"26814b8\" data-element_type=\"widget\" data-e-type=\"widget\" data-widget_type=\"text-editor.default\">\n\t\t\t\t<div class=\"elementor-widget-container\">\n\t\t\t\t\t\t\t\t\t<table><tbody><tr><td>Art\u00edculo<\/td><td>Bobina de acero inoxidable 430<\/td><\/tr><tr><td>Calificaciones<\/td><td>430\/1.4016\/SUS430<\/td><\/tr><tr><td>Espesor<\/td><td>0,02 mm-6,0 mm<\/td><\/tr><tr><td>Anchura<\/td><td>1,0 mm-1500 mm<\/td><\/tr><tr><td>Borde<\/td><td>Corte \/ Molino<\/td><\/tr><tr><td>Acabado superficial<\/td><td>N.\u00ba 1, 2B, 8K, HL, BA, N.\u00ba 4, N.\u00ba 3, o seg\u00fan sea necesario.<\/td><\/tr><tr><td>Embalaje<\/td><td>Paquete est\u00e1ndar Seaworty<br \/>Pal\u00e9 de madera\/caja de madera, o seg\u00fan se requiera.<\/td><\/tr><tr><td>Puerto de embarque<\/td><td>Shangh\u00e1i\/Tianjin\/Qingdao, o seg\u00fan sea necesario.<\/td><\/tr><tr><td>Servicio de muestra<\/td><td>La muestra de bobina de acero inoxidable 430 est\u00e1 disponible.<\/td><\/tr><\/tbody><\/table>\t\t\t\t\t\t\t\t<\/div>\n\t\t\t\t<\/div>\n\t\t\t\t<\/div>\n\t\t<div class=\"elementor-element elementor-element-914a91d e-con-full e-flex e-con e-parent\" data-id=\"914a91d\" data-element_type=\"container\" data-e-type=\"container\">\n\t\t\t\t<div class=\"elementor-element elementor-element-0c78996 elementor-arrows-position-inside elementor-pagination-position-outside elementor-widget elementor-widget-image-carousel\" data-id=\"0c78996\" data-element_type=\"widget\" data-e-type=\"widget\" data-settings=\"{&quot;slides_to_show&quot;:&quot;3&quot;,&quot;slides_to_scroll&quot;:&quot;1&quot;,&quot;navigation&quot;:&quot;both&quot;,&quot;autoplay&quot;:&quot;yes&quot;,&quot;pause_on_hover&quot;:&quot;yes&quot;,&quot;pause_on_interaction&quot;:&quot;yes&quot;,&quot;autoplay_speed&quot;:5000,&quot;infinite&quot;:&quot;yes&quot;,&quot;speed&quot;:500}\" data-widget_type=\"image-carousel.default\">\n\t\t\t\t<div class=\"elementor-widget-container\">\n\t\t\t\t\t\t\t<div class=\"elementor-image-carousel-wrapper swiper\" role=\"region\" aria-roledescription=\"carousel\" aria-label=\"Carrusel de im\u00e1genes\" dir=\"ltr\">\n\t\t\t<div class=\"elementor-image-carousel swiper-wrapper\" aria-live=\"off\">\n\t\t\t\t\t\t\t\t<div class=\"swiper-slide\" role=\"group\" aria-roledescription=\"slide\" aria-label=\"1 \u0645\u0646 5\" data-no-translation-aria-label=\"\"><figure class=\"swiper-slide-inner\"><img decoding=\"async\" class=\"swiper-slide-image\" src=\"https:\/\/jblstainless.com\/wp-content\/uploads\/2025\/07\/1.4016-stainless-steel-plate.webp\" alt=\"Placa de acero inoxidable 430\" \/><\/figure><\/div><div class=\"swiper-slide\" role=\"group\" aria-roledescription=\"slide\" aria-label=\"2 \u0645\u0646 5\" data-no-translation-aria-label=\"\"><figure class=\"swiper-slide-inner\"><img decoding=\"async\" class=\"swiper-slide-image\" src=\"https:\/\/jblstainless.com\/wp-content\/uploads\/2025\/08\/stainless-coil.webp\" alt=\"bobina de acero inoxidable\" \/><\/figure><\/div><div class=\"swiper-slide\" role=\"group\" aria-roledescription=\"slide\" aria-label=\"3 \u0645\u0646 5\" data-no-translation-aria-label=\"\"><figure class=\"swiper-slide-inner\"><img decoding=\"async\" class=\"swiper-slide-image\" src=\"https:\/\/jblstainless.com\/wp-content\/uploads\/2025\/08\/430-stainless-steel-coil.webp\" alt=\"Bobina de acero inoxidable 430\" \/><\/figure><\/div><div class=\"swiper-slide\" role=\"group\" aria-roledescription=\"slide\" aria-label=\"4 \u0645\u0646 5\" data-no-translation-aria-label=\"\"><figure class=\"swiper-slide-inner\"><img decoding=\"async\" class=\"swiper-slide-image\" src=\"https:\/\/jblstainless.com\/wp-content\/uploads\/2025\/08\/stainless-steel-coil.webp\" alt=\"Bobina SS 430\" \/><\/figure><\/div><div class=\"swiper-slide\" role=\"group\" aria-roledescription=\"slide\" aria-label=\"5 \u0645\u0646 5\" data-no-translation-aria-label=\"\"><figure class=\"swiper-slide-inner\"><img decoding=\"async\" class=\"swiper-slide-image\" src=\"https:\/\/jblstainless.com\/wp-content\/uploads\/2025\/07\/plate-steel.webp\" alt=\"chapa de acero inoxidable\" \/><\/figure><\/div>\t\t\t<\/div>\n\t\t\t\t\t\t\t\t\t\t\t\t<div class=\"elementor-swiper-button elementor-swiper-button-prev\" role=\"button\" tabindex=\"0\">\n\t\t\t\t\t\t<svg aria-hidden=\"true\" class=\"e-font-icon-svg e-eicon-chevron-left\" viewbox=\"0 0 1000 1000\" xmlns=\"http:\/\/www.w3.org\/2000\/svg\"><path d=\"M646 125C629 125 613 133 604 142L308 442C296 454 292 471 292 487 292 504 296 521 308 533L604 854C617 867 629 875 646 875 663 875 679 871 692 858 704 846 713 829 713 812 713 796 708 779 692 767L438 487 692 225C700 217 708 204 708 187 708 171 704 154 692 142 675 129 663 125 646 125Z\"><\/path><\/svg>\t\t\t\t\t<\/div>\n\t\t\t\t\t<div class=\"elementor-swiper-button elementor-swiper-button-next\" role=\"button\" tabindex=\"0\">\n\t\t\t\t\t\t<svg aria-hidden=\"true\" class=\"e-font-icon-svg e-eicon-chevron-right\" viewbox=\"0 0 1000 1000\" xmlns=\"http:\/\/www.w3.org\/2000\/svg\"><path d=\"M696 533C708 521 713 504 713 487 713 471 708 454 696 446L400 146C388 133 375 125 354 125 338 125 325 129 313 142 300 154 292 171 292 187 292 204 296 221 308 233L563 492 304 771C292 783 288 800 288 817 288 833 296 850 308 863 321 871 338 875 354 875 371 875 388 867 400 854L696 533Z\"><\/path><\/svg>\t\t\t\t\t<\/div>\n\t\t\t\t\n\t\t\t\t\t\t\t\t\t<div class=\"swiper-pagination\"><\/div>\n\t\t\t\t\t\t\t\t\t<\/div>\n\t\t\t\t\t\t<\/div>\n\t\t\t\t<\/div>\n\t\t\t\t<\/div>\n\t\t<div class=\"elementor-element elementor-element-3dd92e5 e-con-full e-flex e-con e-parent\" data-id=\"3dd92e5\" data-element_type=\"container\" data-e-type=\"container\">\n\t\t\t\t<div class=\"elementor-element elementor-element-38e9ae7 elementor-widget-tablet__width-auto elementor-widget elementor-widget-heading\" data-id=\"38e9ae7\" data-element_type=\"widget\" data-e-type=\"widget\" data-widget_type=\"heading.default\">\n\t\t\t\t<div class=\"elementor-widget-container\">\n\t\t\t\t\t<h3 class=\"elementor-heading-title elementor-size-default\">Composici\u00f3n qu\u00edmica del acero inoxidable 430\n<\/h3>\t\t\t\t<\/div>\n\t\t\t\t<\/div>\n\t\t\t\t<div class=\"elementor-element elementor-element-5434fe3 elementor-widget-tablet__width-auto elementor-widget elementor-widget-text-editor\" data-id=\"5434fe3\" data-element_type=\"widget\" data-e-type=\"widget\" data-widget_type=\"text-editor.default\">\n\t\t\t\t<div class=\"elementor-widget-container\">\n\t\t\t\t\t\t\t\t\t<table><tbody><tr><td>Est\u00e1ndar<\/td><td colspan=\"2\" rowspan=\"1\">Grado<\/td><td>C<\/td><td>Mn<\/td><td>P<\/td><td>S<\/td><td>Si<\/td><td>Cr<\/td><td>Ni<\/td><td>N<\/td><td>Fe<\/td><\/tr><tr><td rowspan=\"2\">ASTM<br \/>A240<\/td><td rowspan=\"2\">430<\/td><td>MIN<\/td><td>-<\/td><td>-<\/td><td>-<\/td><td>-<\/td><td>-<\/td><td>16.0<\/td><td>-<\/td><td>-<\/td><td>-<\/td><\/tr><tr><td>M\u00c1XIMO<\/td><td>0.12<\/td><td>1.0<\/td><td>0.040<\/td><td>0.030<\/td><td>1.00<\/td><td>18.0<\/td><td>0.75<\/td><td>-<\/td><td>BAL<\/td><\/tr><\/tbody><\/table>\t\t\t\t\t\t\t\t<\/div>\n\t\t\t\t<\/div>\n\t\t\t\t<\/div>\n\t\t<div class=\"elementor-element elementor-element-43dc4b5 e-con-full e-flex e-con e-parent\" data-id=\"43dc4b5\" data-element_type=\"container\" data-e-type=\"container\">\n\t\t\t\t<div class=\"elementor-element elementor-element-6cfbe7b elementor-widget-tablet__width-auto elementor-widget elementor-widget-heading\" data-id=\"6cfbe7b\" data-element_type=\"widget\" data-e-type=\"widget\" data-widget_type=\"heading.default\">\n\t\t\t\t<div class=\"elementor-widget-container\">\n\t\t\t\t\t<h3 class=\"elementor-heading-title elementor-size-default\">Propiedades mec\u00e1nicas\n<\/h3>\t\t\t\t<\/div>\n\t\t\t\t<\/div>\n\t\t\t\t<div class=\"elementor-element elementor-element-2f57960 elementor-widget-tablet__width-auto elementor-widget elementor-widget-text-editor\" data-id=\"2f57960\" data-element_type=\"widget\" data-e-type=\"widget\" data-widget_type=\"text-editor.default\">\n\t\t\t\t<div class=\"elementor-widget-container\">\n\t\t\t\t\t\t\t\t\t<table><tbody><tr><td>Est\u00e1ndar<\/td><td>Condici\u00f3n<\/td><td>Resistencia a la tracci\u00f3n <br \/>M\u00ednimo (UTS)<\/td><td>0,21 TP3T YS m\u00edn.<\/td><td>Alargamiento % en 2\u201d m\u00edn. <br \/>(50,8 mm)<\/td><td>Dureza<br \/>\u00a0Rockwell<\/td><\/tr><tr><td>ASTM A240<\/td><td>Recocido (m\u00ednimo)<\/td><td>65 ksi <br \/>(450 MPa)<\/td><td>30 ksi <br \/>(205 MPa)<\/td><td>22%<\/td><td>89 HBW (m\u00e1ximo)<\/td><\/tr><\/tbody><\/table>\t\t\t\t\t\t\t\t<\/div>\n\t\t\t\t<\/div>\n\t\t\t\t<\/div>\n\t\t<div class=\"elementor-element elementor-element-258365c e-con-full e-flex e-con e-parent\" data-id=\"258365c\" data-element_type=\"container\" data-e-type=\"container\">\n\t\t\t\t<div class=\"elementor-element elementor-element-535a8d7 elementor-widget-tablet__width-auto elementor-widget elementor-widget-heading\" data-id=\"535a8d7\" data-element_type=\"widget\" data-e-type=\"widget\" data-widget_type=\"heading.default\">\n\t\t\t\t<div class=\"elementor-widget-container\">\n\t\t\t\t\t<h3 class=\"elementor-heading-title elementor-size-default\">Resistencia a la corrosi\u00f3n y adaptabilidad medioambiental \n<\/h3>\t\t\t\t<\/div>\n\t\t\t\t<\/div>\n\t\t\t\t<div class=\"elementor-element elementor-element-4a4578f elementor-widget-tablet__width-auto elementor-widget elementor-widget-text-editor\" data-id=\"4a4578f\" data-element_type=\"widget\" data-e-type=\"widget\" data-widget_type=\"text-editor.default\">\n\t\t\t\t<div class=\"elementor-widget-container\">\n\t\t\t\t\t\t\t\t\t<ul><li>Resistente a la corrosi\u00f3n atmosf\u00e9rica, al agua dulce, al vapor, a los \u00e1cidos org\u00e1nicos y al \u00e1cido n\u00edtrico (especialmente despu\u00e9s del pulido de la superficie).<\/li><li>Resistencia a la corrosi\u00f3n bajo tensi\u00f3n superior a la del acero inoxidable 304.<\/li><li>Resistencia a la oxidaci\u00f3n a altas temperaturas: uso intermitente \u2264 870 \u00b0C, uso continuo \u2264 815 \u00b0C.<\/li><\/ul>\t\t\t\t\t\t\t\t<\/div>\n\t\t\t\t<\/div>\n\t\t\t\t<div class=\"elementor-element elementor-element-7d0da36 elementor-widget-tablet__width-auto elementor-widget elementor-widget-text-editor\" data-id=\"7d0da36\" data-element_type=\"widget\" data-e-type=\"widget\" data-widget_type=\"text-editor.default\">\n\t\t\t\t<div class=\"elementor-widget-container\">\n\t\t\t\t\t\t\t\t\t<p><strong>Limitaciones:\u00a0\u00a0<\/strong><\/p><ul><li>Susceptible a la corrosi\u00f3n por picaduras y hendiduras en entornos clorados (por ejemplo, agua de mar) o con pH bajo.<\/li><li>Puede volverse fr\u00e1gil con una exposici\u00f3n prolongada a temperaturas de entre 400 y 600 \u00b0C, por lo que es necesario recocerlo para restaurar su resistencia.<\/li><\/ul>\t\t\t\t\t\t\t\t<\/div>\n\t\t\t\t<\/div>\n\t\t\t\t<\/div>\n\t\t<div class=\"elementor-element elementor-element-4102a8f e-con-full e-flex e-con e-parent\" data-id=\"4102a8f\" data-element_type=\"container\" data-e-type=\"container\">\n\t\t\t\t<div class=\"elementor-element elementor-element-8a7cff4 elementor-widget-tablet__width-auto elementor-widget elementor-widget-heading\" data-id=\"8a7cff4\" data-element_type=\"widget\" data-e-type=\"widget\" data-widget_type=\"heading.default\">\n\t\t\t\t<div class=\"elementor-widget-container\">\n\t\t\t\t\t<h3 class=\"elementor-heading-title elementor-size-default\">Ferr\u00edtico y magn\u00e9tico<\/h3>\t\t\t\t<\/div>\n\t\t\t\t<\/div>\n\t\t\t\t<div class=\"elementor-element elementor-element-4929530 elementor-widget-tablet__width-auto elementor-widget elementor-widget-text-editor\" data-id=\"4929530\" data-element_type=\"widget\" data-e-type=\"widget\" data-widget_type=\"text-editor.default\">\n\t\t\t\t<div class=\"elementor-widget-container\">\n\t\t\t\t\t\t\t\t\t<p>El grado 430 pertenece a la familia de aceros inoxidables ferr\u00edticos, contiene aproximadamente 17% de cromo, es magn\u00e9tico natural y tiene una excelente resistencia a la corrosi\u00f3n.<\/p>\t\t\t\t\t\t\t\t<\/div>\n\t\t\t\t<\/div>\n\t\t\t\t<\/div>\n\t\t<div class=\"elementor-element elementor-element-7e13152 e-con-full e-flex e-con e-parent\" data-id=\"7e13152\" data-element_type=\"container\" data-e-type=\"container\">\n\t\t\t\t<div class=\"elementor-element elementor-element-f160cf7 elementor-widget-tablet__width-auto elementor-widget elementor-widget-heading\" data-id=\"f160cf7\" data-element_type=\"widget\" data-e-type=\"widget\" data-widget_type=\"heading.default\">\n\t\t\t\t<div class=\"elementor-widget-container\">\n\t\t\t\t\t<h3 class=\"elementor-heading-title elementor-size-default\">Resistencia al calor<\/h3>\t\t\t\t<\/div>\n\t\t\t\t<\/div>\n\t\t\t\t<div class=\"elementor-element elementor-element-512a3fb elementor-widget-tablet__width-auto elementor-widget elementor-widget-text-editor\" data-id=\"512a3fb\" data-element_type=\"widget\" data-e-type=\"widget\" data-widget_type=\"text-editor.default\">\n\t\t\t\t<div class=\"elementor-widget-container\">\n\t\t\t\t\t\t\t\t\t<p>Expansi\u00f3n t\u00e9rmica inferior a la del 304 y alta estabilidad frente a la oxidaci\u00f3n, adecuado para la fabricaci\u00f3n de componentes resistentes al calor (por ejemplo, accesorios para hornos, tubos para calderas).<\/p>\t\t\t\t\t\t\t\t<\/div>\n\t\t\t\t<\/div>\n\t\t\t\t<\/div>\n\t\t<div class=\"elementor-element elementor-element-f19096a e-con-full e-flex e-con e-parent\" data-id=\"f19096a\" data-element_type=\"container\" data-e-type=\"container\">\n\t\t\t\t<div class=\"elementor-element elementor-element-75b5b8d elementor-widget-tablet__width-auto elementor-widget elementor-widget-heading\" data-id=\"75b5b8d\" data-element_type=\"widget\" data-e-type=\"widget\" data-widget_type=\"heading.default\">\n\t\t\t\t<div class=\"elementor-widget-container\">\n\t\t\t\t\t<h3 class=\"elementor-heading-title elementor-size-default\">Buena conformabilidad\n<\/h3>\t\t\t\t<\/div>\n\t\t\t\t<\/div>\n\t\t\t\t<div class=\"elementor-element elementor-element-8540300 elementor-widget-tablet__width-auto elementor-widget elementor-widget-text-editor\" data-id=\"8540300\" data-element_type=\"widget\" data-e-type=\"widget\" data-widget_type=\"text-editor.default\">\n\t\t\t\t<div class=\"elementor-widget-container\">\n\t\t\t\t\t\t\t\t\t<p>Excelentes propiedades de embutici\u00f3n profunda y conformado en fr\u00edo (similares a las del 304), puede formar estructuras complejas con poca deformaci\u00f3n despu\u00e9s de la soldadura.<\/p>\t\t\t\t\t\t\t\t<\/div>\n\t\t\t\t<\/div>\n\t\t\t\t<\/div>\n\t\t<div class=\"elementor-element elementor-element-7f5e158 e-con-full e-flex e-con e-parent\" data-id=\"7f5e158\" data-element_type=\"container\" data-e-type=\"container\">\n\t\t\t\t<div class=\"elementor-element elementor-element-e9cb984 elementor-widget-tablet__width-auto elementor-widget elementor-widget-heading\" data-id=\"e9cb984\" data-element_type=\"widget\" data-e-type=\"widget\" data-widget_type=\"heading.default\">\n\t\t\t\t<div class=\"elementor-widget-container\">\n\t\t\t\t\t<h3 class=\"elementor-heading-title elementor-size-default\">Acabados de superficies pulidas<\/h3>\t\t\t\t<\/div>\n\t\t\t\t<\/div>\n\t\t\t\t<div class=\"elementor-element elementor-element-5307f58 elementor-widget-tablet__width-auto elementor-widget elementor-widget-text-editor\" data-id=\"5307f58\" data-element_type=\"widget\" data-e-type=\"widget\" data-widget_type=\"text-editor.default\">\n\t\t\t\t<div class=\"elementor-widget-container\">\n\t\t\t\t\t\t\t\t\t<p>Las superficies brillantes y cepilladas (2B, n.\u00ba 4, HL, BA, espejo, etc.) pueden aplicarse para obtener un aspecto suave y bonito.<\/p>\t\t\t\t\t\t\t\t<\/div>\n\t\t\t\t<\/div>\n\t\t\t\t<\/div>\n\t\t<div class=\"elementor-element elementor-element-9a3b19a e-con-full e-flex e-con e-parent\" data-id=\"9a3b19a\" data-element_type=\"container\" data-e-type=\"container\">\n\t\t\t\t<div class=\"elementor-element elementor-element-0e44de5 elementor-widget-tablet__width-auto elementor-widget elementor-widget-image\" data-id=\"0e44de5\" data-element_type=\"widget\" data-e-type=\"widget\" data-widget_type=\"image.default\">\n\t\t\t\t<div class=\"elementor-widget-container\">\n\t\t\t\t\t\t\t\t\t\t\t\t\t\t\t<img fetchpriority=\"high\" decoding=\"async\" width=\"800\" height=\"394\" src=\"https:\/\/jblstainless.com\/wp-content\/uploads\/2025\/04\/stainless-steel-pipe-surface-treatment.webp\" class=\"attachment-large size-large wp-image-1357\" alt=\"Tubo de acero inoxidable 420\" srcset=\"https:\/\/jblstainless.com\/wp-content\/uploads\/2025\/04\/stainless-steel-pipe-surface-treatment.webp 1000w, https:\/\/jblstainless.com\/wp-content\/uploads\/2025\/04\/stainless-steel-pipe-surface-treatment-300x148.webp 300w, https:\/\/jblstainless.com\/wp-content\/uploads\/2025\/04\/stainless-steel-pipe-surface-treatment-768x379.webp 768w, https:\/\/jblstainless.com\/wp-content\/uploads\/2025\/04\/stainless-steel-pipe-surface-treatment-18x9.webp 18w, https:\/\/jblstainless.com\/wp-content\/uploads\/2025\/04\/stainless-steel-pipe-surface-treatment-600x296.webp 600w\" sizes=\"(max-width: 800px) 100vw, 800px\" \/>\t\t\t\t\t\t\t\t\t\t\t\t\t\t\t<\/div>\n\t\t\t\t<\/div>\n\t\t\t\t<\/div>\n\t\t<div class=\"elementor-element elementor-element-816af36 e-con-full e-flex e-con e-parent\" data-id=\"816af36\" data-element_type=\"container\" data-e-type=\"container\">\n\t\t\t\t<div class=\"elementor-element elementor-element-aab46de elementor-widget-tablet__width-auto elementor-widget elementor-widget-heading\" data-id=\"aab46de\" data-element_type=\"widget\" data-e-type=\"widget\" data-widget_type=\"heading.default\">\n\t\t\t\t<div class=\"elementor-widget-container\">\n\t\t\t\t\t<h3 class=\"elementor-heading-title elementor-size-default\">Econ\u00f3mico<\/h3>\t\t\t\t<\/div>\n\t\t\t\t<\/div>\n\t\t\t\t<div class=\"elementor-element elementor-element-0559ba5 elementor-widget-tablet__width-auto elementor-widget elementor-widget-text-editor\" data-id=\"0559ba5\" data-element_type=\"widget\" data-e-type=\"widget\" data-widget_type=\"text-editor.default\">\n\t\t\t\t<div class=\"elementor-widget-container\">\n\t\t\t\t\t\t\t\t\t<p>Sin n\u00edquel o con bajo contenido en n\u00edquel, significativamente m\u00e1s econ\u00f3mico que el 304\/316; proporciona el rendimiento requerido en entornos suaves, lo que lo convierte en una soluci\u00f3n ideal orientada al coste.<\/p>\t\t\t\t\t\t\t\t<\/div>\n\t\t\t\t<\/div>\n\t\t\t\t<\/div>\n\t\t<div class=\"elementor-element elementor-element-6369e97 e-con-full e-flex e-con e-parent\" data-id=\"6369e97\" data-element_type=\"container\" data-e-type=\"container\">\n\t\t\t\t<div class=\"elementor-element elementor-element-2b96fa6 elementor-widget-tablet__width-auto elementor-widget elementor-widget-heading\" data-id=\"2b96fa6\" data-element_type=\"widget\" data-e-type=\"widget\" data-widget_type=\"heading.default\">\n\t\t\t\t<div class=\"elementor-widget-container\">\n\t\t\t\t\t<h2 class=\"elementor-heading-title elementor-size-default\">En comparaci\u00f3n con otros aceros inoxidables<\/h2>\t\t\t\t<\/div>\n\t\t\t\t<\/div>\n\t\t\t\t<div class=\"elementor-element elementor-element-5186363 elementor-widget-tablet__width-auto elementor-widget elementor-widget-text-editor\" data-id=\"5186363\" data-element_type=\"widget\" data-e-type=\"widget\" data-widget_type=\"text-editor.default\">\n\t\t\t\t<div class=\"elementor-widget-container\">\n\t\t\t\t\t\t\t\t\t<p><strong>Acero inoxidable 430 frente a <span style=\"text-decoration: underline;\"><a href=\"https:\/\/jblstainless.com\/es\/tubo-sin-soldadura-de-acero-inoxidable-304\/\" target=\"_blank\" rel=\"noopener\">304<\/a><\/span>:<\/strong><\/p><ul><li>El 430 es m\u00e1s barato (sin n\u00edquel o con bajo contenido en n\u00edquel) y m\u00e1s magn\u00e9tico, pero menos resistente a la corrosi\u00f3n (especialmente en entornos con cloruro).<\/li><li>El 430 es m\u00e1s duro, pero menos d\u00factil y soldable.<\/li><\/ul>\t\t\t\t\t\t\t\t<\/div>\n\t\t\t\t<\/div>\n\t\t\t\t<div class=\"elementor-element elementor-element-9f9d2cf elementor-widget-tablet__width-auto elementor-widget elementor-widget-text-editor\" data-id=\"9f9d2cf\" data-element_type=\"widget\" data-e-type=\"widget\" data-widget_type=\"text-editor.default\">\n\t\t\t\t<div class=\"elementor-widget-container\">\n\t\t\t\t\t\t\t\t\t<p><strong>Acero inoxidable 430 frente a <a href=\"https:\/\/jblstainless.com\/es\/tubo-sin-soldadura-de-acero-inoxidable-316\/\" target=\"_blank\" rel=\"noopener\"><span style=\"text-decoration: underline;\">316<\/span><\/a><\/strong><\/p><p>La resistencia a la corrosi\u00f3n del 430 es mucho menor que la del 316, por lo que no es adecuado para entornos marinos o altamente corrosivos. En entornos con altas temperaturas durante largos periodos de tiempo, es necesario recocerlo peri\u00f3dicamente.<\/p>\t\t\t\t\t\t\t\t<\/div>\n\t\t\t\t<\/div>\n\t\t\t\t<\/div>\n\t\t\t\t<\/div>","protected":false},"excerpt":{"rendered":"<p>El acero inoxidable 430 es un acero inoxidable ferr\u00edtico (grado de cromo puro) con una estructura cristalina c\u00fabica centrada en el cuerpo y, por lo tanto, es magn\u00e9tico, a diferencia del acero inoxidable austen\u00edtico 304\/316.<\/p>\n<p>La bobina de acero inoxidable 430 es una aleaci\u00f3n ferr\u00edtica vers\u00e1til conocida por su excelente resistencia a la corrosi\u00f3n y buena conformabilidad, que ofrece una pulibilidad y resistencia al calor superiores.<\/p>\n<p>La bobina de acero inoxidable 430 est\u00e1 disponible en una amplia gama de espesores y anchuras, y las longitudes se pueden personalizar.<\/p>\n<p>&nbsp;<\/p>","protected":false},"featured_media":2149,"template":"","meta":{"_eb_attr":""},"product_brand":[],"product_cat":[40],"product_tag":[],"class_list":{"0":"post-2144","1":"product","2":"type-product","3":"status-publish","4":"has-post-thumbnail","6":"product_cat-stainless-steel-plate-coil","8":"first","9":"instock","10":"shipping-taxable","11":"product-type-simple"},"_links":{"self":[{"href":"https:\/\/jblstainless.com\/es\/wp-json\/wp\/v2\/product\/2144","targetHints":{"allow":["GET"]}}],"collection":[{"href":"https:\/\/jblstainless.com\/es\/wp-json\/wp\/v2\/product"}],"about":[{"href":"https:\/\/jblstainless.com\/es\/wp-json\/wp\/v2\/types\/product"}],"version-history":[{"count":7,"href":"https:\/\/jblstainless.com\/es\/wp-json\/wp\/v2\/product\/2144\/revisions"}],"predecessor-version":[{"id":2155,"href":"https:\/\/jblstainless.com\/es\/wp-json\/wp\/v2\/product\/2144\/revisions\/2155"}],"wp:featuredmedia":[{"embeddable":true,"href":"https:\/\/jblstainless.com\/es\/wp-json\/wp\/v2\/media\/2149"}],"wp:attachment":[{"href":"https:\/\/jblstainless.com\/es\/wp-json\/wp\/v2\/media?parent=2144"}],"wp:term":[{"taxonomy":"product_brand","embeddable":true,"href":"https:\/\/jblstainless.com\/es\/wp-json\/wp\/v2\/product_brand?post=2144"},{"taxonomy":"product_cat","embeddable":true,"href":"https:\/\/jblstainless.com\/es\/wp-json\/wp\/v2\/product_cat?post=2144"},{"taxonomy":"product_tag","embeddable":true,"href":"https:\/\/jblstainless.com\/es\/wp-json\/wp\/v2\/product_tag?post=2144"}],"curies":[{"name":"wp","href":"https:\/\/api.w.org\/{rel}","templated":true}]}}