{"id":2231,"date":"2025-10-20T17:08:19","date_gmt":"2025-10-20T09:08:19","guid":{"rendered":"https:\/\/jblstainless.com\/?post_type=product&#038;p=2231"},"modified":"2025-10-20T17:08:20","modified_gmt":"2025-10-20T09:08:20","slug":"tubo-de-acero-inoxidable-321","status":"publish","type":"product","link":"https:\/\/jblstainless.com\/es\/321-stainless-steel-tubing\/","title":{"rendered":"Tubos de acero inoxidable 321"},"content":{"rendered":"<div data-elementor-type=\"product-post\" data-elementor-id=\"2231\" class=\"elementor elementor-2231\" data-elementor-post-type=\"product\">\n\t\t\t\t<div class=\"elementor-element elementor-element-0fdb8a2 e-flex e-con-boxed e-con e-parent\" data-id=\"0fdb8a2\" data-element_type=\"container\" data-e-type=\"container\">\n\t\t\t\t\t<div class=\"e-con-inner\">\n\t\t\t\t<div class=\"elementor-element elementor-element-61c7831 elementor-widget elementor-widget-text-editor\" data-id=\"61c7831\" data-element_type=\"widget\" data-e-type=\"widget\" data-widget_type=\"text-editor.default\">\n\t\t\t\t<div class=\"elementor-widget-container\">\n\t\t\t\t\t\t\t\t\t<p>El tubo de acero inoxidable 321 (UNS S32100) es un acero inoxidable austen\u00edtico estabilizado con titanio que pertenece a la serie de aleaciones 18-8.Al a\u00f1adir titanio (Ti) a la aleaci\u00f3n para inhibir la precipitaci\u00f3n de carburo de cromo a temperaturas elevadas, se mejora significativamente la resistencia a la corrosi\u00f3n intergranular, especialmente en entornos con temperaturas altas, de 800 \u00b0F a 1500 \u00b0F (aproximadamente de 427 \u00b0C a 816 \u00b0C).<\/p><p>El acero inoxidable 321 es un acero inoxidable austen\u00edtico con bajo contenido en carbono y carburos estabilizadores de titanio que mejoran significativamente su rendimiento a altas temperaturas. Compuesto por 18-20% de cromo, 9-12% de n\u00edquel y 0,1-0,8% de titanio, el tubo de acero inoxidable 321 evita la corrosi\u00f3n intergranular a temperaturas elevadas y garantiza la integridad estructural.<\/p>\t\t\t\t\t\t\t\t<\/div>\n\t\t\t\t<\/div>\n\t\t\t\t\t<\/div>\n\t\t\t\t<\/div>\n\t\t<div class=\"elementor-element elementor-element-c347778 e-flex e-con-boxed e-con e-parent\" data-id=\"c347778\" data-element_type=\"container\" data-e-type=\"container\">\n\t\t\t\t\t<div class=\"e-con-inner\">\n\t\t\t\t<div class=\"elementor-element elementor-element-928185b elementor-widget elementor-widget-heading\" data-id=\"928185b\" data-element_type=\"widget\" data-e-type=\"widget\" data-widget_type=\"heading.default\">\n\t\t\t\t<div class=\"elementor-widget-container\">\n\t\t\t\t\t<h2 class=\"elementor-heading-title elementor-size-default\">Especificaciones de los tubos de acero inoxidable 321<\/h2>\t\t\t\t<\/div>\n\t\t\t\t<\/div>\n\t\t\t\t<div class=\"elementor-element elementor-element-3357fda elementor-widget elementor-widget-text-editor\" data-id=\"3357fda\" data-element_type=\"widget\" data-e-type=\"widget\" data-widget_type=\"text-editor.default\">\n\t\t\t\t<div class=\"elementor-widget-container\">\n\t\t\t\t\t\t\t\t\t<table>\n<tbody>\n<tr>\n<td>Est\u00e1ndar<\/td>\n<td>ASTM A240, ASTM A213, ASTM A312, ASTM A269, JIS G4303, DIN 17440, EN 10088-1<\/td>\n<\/tr>\n<tr>\n<td>Grado<\/td>\n<td>S32100, 1.4541, SUS321<\/td>\n<\/tr>\n<tr>\n<td>Tipos<\/td>\n<td>Sin costuras, soldado<\/td>\n<\/tr>\n<tr>\n<td>Di\u00e1metro exterior<\/td>\n<td>\n<p>Tubo redondo: 4 mm - 200 mm<\/p>\n<p>Tubo sin soldadura: 1\/2\u201d NB \u2014 18\u201d NB<br>Tubos soldados \/ ERW: 1\u201d NB \u2014 16\u201d NB<br>EFW: 8\u201d NB \u2014 110\u201d NB<\/p>\n<\/td>\n<\/tr>\n<tr>\n<td>Espesor de pared<\/td>\n<td>Anexo 10 a Anexo 160 (3 mm a 100 mm de espesor)<\/td>\n<\/tr>\n<tr>\n<td>Longitud<\/td>\n<td>0,1 m-12,5 m; longitud aleatoria simple, longitud aleatoria doble y tama\u00f1o personalizado.<\/td>\n<\/tr>\n<tr>\n<td>Fin<\/td>\n<td>Liso\/Biselado<\/td>\n<\/tr>\n<tr>\n<td>Acabado superficial<\/td>\n<td>Decapado, pulido, espejo<br>N.\u00ba 1, 2B, 2D, HL, 8K, HL, BA, etc.<\/td>\n<\/tr>\n<tr>\n<td>Condiciones de entrega<\/td>\n<td>Laminado, conformado, aliviado de tensiones, recocido, endurecido, templado, estirado en fr\u00edo.<\/td>\n<\/tr>\n<\/tbody>\n<\/table>\t\t\t\t\t\t\t\t<\/div>\n\t\t\t\t<\/div>\n\t\t\t\t<div class=\"elementor-element elementor-element-0304f63 elementor-widget elementor-widget-heading\" data-id=\"0304f63\" data-element_type=\"widget\" data-e-type=\"widget\" data-widget_type=\"heading.default\">\n\t\t\t\t<div class=\"elementor-widget-container\">\n\t\t\t\t\t<h3 class=\"elementor-heading-title elementor-size-default\">Acero inoxidable 321H <\/h3>\t\t\t\t<\/div>\n\t\t\t\t<\/div>\n\t\t\t\t<div class=\"elementor-element elementor-element-c62e61c elementor-widget elementor-widget-text-editor\" data-id=\"c62e61c\" data-element_type=\"widget\" data-e-type=\"widget\" data-widget_type=\"text-editor.default\">\n\t\t\t\t<div class=\"elementor-widget-container\">\n\t\t\t\t\t\t\t\t\t<p>El 321H (UNS S32109) es un acero inoxidable austen\u00edtico estabilizado con titanio (Ti) que es una versi\u00f3n modificada con alto contenido de carbono del grado 321, con un contenido de carbono de 0,04 % a 0,10 %. En comparaci\u00f3n con el 321, el 321H mantiene una mayor resistencia y resistencia a la fluencia por encima de los 1000 \u00b0F (aproximadamente 538 \u00b0C), lo que lo hace adecuado para servicios a temperaturas m\u00e1s altas.<\/p>\t\t\t\t\t\t\t\t<\/div>\n\t\t\t\t<\/div>\n\t\t\t\t\t<\/div>\n\t\t\t\t<\/div>\n\t\t<div class=\"elementor-element elementor-element-13b60b0 e-flex e-con-boxed e-con e-parent\" data-id=\"13b60b0\" data-element_type=\"container\" data-e-type=\"container\">\n\t\t\t\t\t<div class=\"e-con-inner\">\n\t\t\t\t<div class=\"elementor-element elementor-element-e44aa05 elementor-widget elementor-widget-heading\" data-id=\"e44aa05\" data-element_type=\"widget\" data-e-type=\"widget\" data-widget_type=\"heading.default\">\n\t\t\t\t<div class=\"elementor-widget-container\">\n\t\t\t\t\t<h2 class=\"elementor-heading-title elementor-size-default\">Ventajas del acero inoxidable 321<\/h2>\t\t\t\t<\/div>\n\t\t\t\t<\/div>\n\t\t\t\t<div class=\"elementor-element elementor-element-86058f4 elementor-widget elementor-widget-text-editor\" data-id=\"86058f4\" data-element_type=\"widget\" data-e-type=\"widget\" data-widget_type=\"text-editor.default\">\n\t\t\t\t<div class=\"elementor-widget-container\">\n\t\t\t\t\t\t\t\t\t<p><b>1. Resistencia a la corrosi\u00f3n intergranular<\/b><\/p><p>La adici\u00f3n de titanio inhibe la precipitaci\u00f3n de CrC, previene la corrosi\u00f3n intergranular despu\u00e9s de la soldadura y es especialmente adecuada para trabajos prolongados a temperaturas de entre 800 \u00b0F y 1500 \u00b0F.<\/p>\t\t\t\t\t\t\t\t<\/div>\n\t\t\t\t<\/div>\n\t\t\t\t<div class=\"elementor-element elementor-element-c9daf72 elementor-widget elementor-widget-text-editor\" data-id=\"c9daf72\" data-element_type=\"widget\" data-e-type=\"widget\" data-widget_type=\"text-editor.default\">\n\t\t\t\t<div class=\"elementor-widget-container\">\n\t\t\t\t\t\t\t\t\t<p><strong>2. Resistencia a altas temperaturas<\/strong><\/p><p>El acero inoxidable 321 mantiene buenas propiedades de resistencia, fluencia y rotura por tensi\u00f3n a 1500 \u00b0F (aproximadamente 816 \u00b0C), superiores a las del 304\/304L, y es adecuado para motores de aviones, intercambiadores de calor y tuber\u00edas de calderas.<\/p>\t\t\t\t\t\t\t\t<\/div>\n\t\t\t\t<\/div>\n\t\t\t\t<div class=\"elementor-element elementor-element-6ed686b elementor-widget elementor-widget-text-editor\" data-id=\"6ed686b\" data-element_type=\"widget\" data-e-type=\"widget\" data-widget_type=\"text-editor.default\">\n\t\t\t\t<div class=\"elementor-widget-container\">\n\t\t\t\t\t\t\t\t\t<p><strong>3.\u00a0<\/strong><b>Excelente resistencia a la corrosi\u00f3n<\/b><\/p><p>Su alto contenido en cromo y n\u00edquel lo hace resistente a la oxidaci\u00f3n y a la corrosi\u00f3n \u00e1cida, lo que lo hace adecuado para su uso en las industrias qu\u00edmica y petrolera.<\/p>\t\t\t\t\t\t\t\t<\/div>\n\t\t\t\t<\/div>\n\t\t\t\t<div class=\"elementor-element elementor-element-14dea8e elementor-widget elementor-widget-text-editor\" data-id=\"14dea8e\" data-element_type=\"widget\" data-e-type=\"widget\" data-widget_type=\"text-editor.default\">\n\t\t\t\t<div class=\"elementor-widget-container\">\n\t\t\t\t\t\t\t\t\t<p><strong>4.\u00a0<\/strong><b>Buena soldabilidad<\/b><\/p><p>Al igual que otros grados austen\u00edticos, el 321 tiene excelentes caracter\u00edsticas de soldadura. No se requiere recocido posterior a la soldadura, y la zona afectada por el calor de la soldadura sigue siendo resistente a la corrosi\u00f3n intergranular.<\/p>\t\t\t\t\t\t\t\t<\/div>\n\t\t\t\t<\/div>\n\t\t\t\t<div class=\"elementor-element elementor-element-35bfeb3 elementor-widget elementor-widget-text-editor\" data-id=\"35bfeb3\" data-element_type=\"widget\" data-e-type=\"widget\" data-widget_type=\"text-editor.default\">\n\t\t\t\t<div class=\"elementor-widget-container\">\n\t\t\t\t\t\t\t\t\t<p><strong>5.\u00a0<\/strong><b>Resistencia a bajas temperaturas<\/b><\/p><p>No magn\u00e9tico en estado recocido, buena tenacidad a bajas temperaturas.<\/p>\t\t\t\t\t\t\t\t<\/div>\n\t\t\t\t<\/div>\n\t\t\t\t<div class=\"elementor-element elementor-element-1582e0e elementor-widget elementor-widget-text-editor\" data-id=\"1582e0e\" data-element_type=\"widget\" data-e-type=\"widget\" data-widget_type=\"text-editor.default\">\n\t\t\t\t<div class=\"elementor-widget-container\">\n\t\t\t\t\t\t\t\t\t<p><strong>6.\u00a0<\/strong><b>Costo moderado<\/b><\/p><p>En comparaci\u00f3n con el 316\/317, que contiene molibdeno, el 321 es m\u00e1s competitivo en cuanto a costes y su rendimiento satisface las necesidades de la mayor\u00eda de las aplicaciones a altas temperaturas.<\/p>\t\t\t\t\t\t\t\t<\/div>\n\t\t\t\t<\/div>\n\t\t\t\t\t<\/div>\n\t\t\t\t<\/div>\n\t\t<div class=\"elementor-element elementor-element-a250538 e-flex e-con-boxed e-con e-parent\" data-id=\"a250538\" data-element_type=\"container\" data-e-type=\"container\">\n\t\t\t\t\t<div class=\"e-con-inner\">\n\t\t\t\t<div class=\"elementor-element elementor-element-132511d elementor-widget elementor-widget-text-editor\" data-id=\"132511d\" data-element_type=\"widget\" data-e-type=\"widget\" data-widget_type=\"text-editor.default\">\n\t\t\t\t<div class=\"elementor-widget-container\">\n\t\t\t\t\t\t\t\t\t<p>JBLSTEEL dispone de tubos de acero inoxidable 321 sin soldadura o soldados, disponibles en varios tama\u00f1os. Tambi\u00e9n ofrecemos un servicio de corte de tubos, mediante el cual suministramos sus productos tubulares con las longitudes exactas que necesite.<\/p>\t\t\t\t\t\t\t\t<\/div>\n\t\t\t\t<\/div>\n\t\t\t\t\t<\/div>\n\t\t\t\t<\/div>\n\t\t<div class=\"elementor-element elementor-element-6d85733 e-flex e-con-boxed e-con e-parent\" data-id=\"6d85733\" data-element_type=\"container\" data-e-type=\"container\">\n\t\t\t\t\t<div class=\"e-con-inner\">\n\t\t\t\t<div class=\"elementor-element elementor-element-2fdb7b0 elementor-widget elementor-widget-heading\" data-id=\"2fdb7b0\" data-element_type=\"widget\" data-e-type=\"widget\" data-widget_type=\"heading.default\">\n\t\t\t\t<div class=\"elementor-widget-container\">\n\t\t\t\t\t<h3 class=\"elementor-heading-title elementor-size-default\">Composici\u00f3n qu\u00edmica\n<\/h3>\t\t\t\t<\/div>\n\t\t\t\t<\/div>\n\t\t\t\t<div class=\"elementor-element elementor-element-abc4a6a elementor-widget elementor-widget-text-editor\" data-id=\"abc4a6a\" data-element_type=\"widget\" data-e-type=\"widget\" data-widget_type=\"text-editor.default\">\n\t\t\t\t<div class=\"elementor-widget-container\">\n\t\t\t\t\t\t\t\t\t<table><tbody><tr><td colspan=\"2\">Grado<\/td><td>C<\/td><td>Mn<\/td><td>Si<\/td><td>P<\/td><td>S<\/td><td>Cr<\/td><td>Mo<\/td><td>Ni<\/td><td>N<\/td><td>Otros<\/td><\/tr><tr><td>321<\/td><td>min.<br \/>m\u00e1ximo<\/td><td>\u2013<br \/>0.08<\/td><td>2.00<\/td><td>0.75<\/td><td>0.045<\/td><td>0.030<\/td><td>17.0<br \/>19.0<\/td><td>\u2013<\/td><td>9.0<br \/>12.0<\/td><td>0.10<\/td><td>Ti=5(C+N)<br \/>0.70<\/td><\/tr><tr><td>321H<\/td><td>min.<br \/>m\u00e1ximo<\/td><td>0.04<br \/>0.10<\/td><td>2.00<\/td><td>0.75<\/td><td>0.045<\/td><td>0.030<\/td><td>17.0<br \/>19.0<\/td><td>\u2013<\/td><td>9.0<br \/>12.0<\/td><td>\u2013<\/td><td>Ti=4(C+N)<br \/>0.70<\/td><\/tr><\/tbody><\/table>\t\t\t\t\t\t\t\t<\/div>\n\t\t\t\t<\/div>\n\t\t\t\t\t<\/div>\n\t\t\t\t<\/div>\n\t\t\t\t<\/div>","protected":false},"excerpt":{"rendered":"<p>El tubo de acero inoxidable 321 es un acero inoxidable austen\u00edtico con bajo contenido en carbono y carburos estabilizadores de titanio que mejoran significativamente su rendimiento a altas temperaturas. Compuesto por 18-20% de cromo, 9-12% de n\u00edquel y 0,1-0,8% de titanio, el tubo de acero inoxidable 321 evita la corrosi\u00f3n intergranular a temperaturas elevadas y garantiza la integridad estructural.<\/p>\n<div class=\"elementor-element elementor-element-a250538 e-flex e-con-boxed e-con e-parent e-lazyloaded\" data-id=\"a250538\" data-element_type=\"container\">\n<div class=\"e-con-inner\">\n<div class=\"elementor-element elementor-element-132511d elementor-widget elementor-widget-text-editor\" data-id=\"132511d\" data-element_type=\"widget\" data-widget_type=\"text-editor.default\">\n<div class=\"elementor-widget-container\">\n<p>JBLSTEEL dispone de tubos de acero inoxidable 321 sin soldadura o soldados, disponibles en varios tama\u00f1os. Tambi\u00e9n ofrecemos un servicio de corte de tubos, mediante el cual suministramos sus productos tubulares con las longitudes exactas que necesite.<\/p>\n<\/div>\n<\/div>\n<\/div>\n<\/div>\n<ul>\n<li>Resistencia a la corrosi\u00f3n intergranular<\/li>\n<li>Excelente resistencia a la corrosi\u00f3n<\/li>\n<li>Resistencia a altas temperaturas<\/li>\n<li>Resistencia a bajas temperaturas<\/li>\n<\/ul>","protected":false},"featured_media":1315,"template":"","meta":{"_eb_attr":""},"product_brand":[],"product_cat":[30],"product_tag":[],"class_list":{"0":"post-2231","1":"product","2":"type-product","3":"status-publish","4":"has-post-thumbnail","6":"product_cat-stainless-steel-seamless-pipe","8":"first","9":"instock","10":"shipping-taxable","11":"product-type-simple"},"_links":{"self":[{"href":"https:\/\/jblstainless.com\/es\/wp-json\/wp\/v2\/product\/2231","targetHints":{"allow":["GET"]}}],"collection":[{"href":"https:\/\/jblstainless.com\/es\/wp-json\/wp\/v2\/product"}],"about":[{"href":"https:\/\/jblstainless.com\/es\/wp-json\/wp\/v2\/types\/product"}],"version-history":[{"count":5,"href":"https:\/\/jblstainless.com\/es\/wp-json\/wp\/v2\/product\/2231\/revisions"}],"predecessor-version":[{"id":2237,"href":"https:\/\/jblstainless.com\/es\/wp-json\/wp\/v2\/product\/2231\/revisions\/2237"}],"wp:featuredmedia":[{"embeddable":true,"href":"https:\/\/jblstainless.com\/es\/wp-json\/wp\/v2\/media\/1315"}],"wp:attachment":[{"href":"https:\/\/jblstainless.com\/es\/wp-json\/wp\/v2\/media?parent=2231"}],"wp:term":[{"taxonomy":"product_brand","embeddable":true,"href":"https:\/\/jblstainless.com\/es\/wp-json\/wp\/v2\/product_brand?post=2231"},{"taxonomy":"product_cat","embeddable":true,"href":"https:\/\/jblstainless.com\/es\/wp-json\/wp\/v2\/product_cat?post=2231"},{"taxonomy":"product_tag","embeddable":true,"href":"https:\/\/jblstainless.com\/es\/wp-json\/wp\/v2\/product_tag?post=2231"}],"curies":[{"name":"wp","href":"https:\/\/api.w.org\/{rel}","templated":true}]}}