{"id":2357,"date":"2025-11-13T15:54:51","date_gmt":"2025-11-13T07:54:51","guid":{"rendered":"https:\/\/jblstainless.com\/?post_type=product&#038;p=2357"},"modified":"2025-11-13T15:54:57","modified_gmt":"2025-11-13T07:54:57","slug":"tubo-de-acero-inoxidable-310","status":"publish","type":"product","link":"https:\/\/jblstainless.com\/es\/stainless-steel-310-pipe\/","title":{"rendered":"Tubo de acero inoxidable 310"},"content":{"rendered":"<div data-elementor-type=\"product-post\" data-elementor-id=\"2357\" class=\"elementor elementor-2357\" data-elementor-post-type=\"product\">\n\t\t\t\t<div class=\"elementor-element elementor-element-cfbf7ee e-flex e-con-boxed e-con e-parent\" data-id=\"cfbf7ee\" data-element_type=\"container\" data-e-type=\"container\">\n\t\t\t\t\t<div class=\"e-con-inner\">\n\t\t\t\t<div class=\"elementor-element elementor-element-372e83a elementor-widget elementor-widget-text-editor\" data-id=\"372e83a\" data-element_type=\"widget\" data-e-type=\"widget\" data-widget_type=\"text-editor.default\">\n\t\t\t\t<div class=\"elementor-widget-container\">\n\t\t\t\t\t\t\t\t\t<p>El tubo de acero inoxidable 310 es un tubo de acero inoxidable austen\u00edtico que contiene 25% de cromo y 20% de n\u00edquel y ofrece una excelente resistencia a la oxidaci\u00f3n a alta temperatura y una gran solidez. Se fabrica mediante procesos sin soldadura o soldados para eliminar el riesgo de precipitaci\u00f3n de carburos a altas temperaturas.<\/p><p>El acero inoxidable 310 es conocido por su composici\u00f3n resistente al calor de m\u00e1s de 25% de cromo (Cr) y 20% de n\u00edquel (Ni), que proporciona una extraordinaria resistencia a la oxidaci\u00f3n y estabilidad estructural durante el funcionamiento continuo a 1100\u00b0C. Esto lo convierte en la opci\u00f3n ideal para sistemas de hornos de alta temperatura, equipos de tratamiento t\u00e9rmico, tubos de hornos y sistemas de escape.<\/p>\t\t\t\t\t\t\t\t<\/div>\n\t\t\t\t<\/div>\n\t\t\t\t<div class=\"elementor-element elementor-element-cdbe61d elementor-widget elementor-widget-text-editor\" data-id=\"cdbe61d\" data-element_type=\"widget\" data-e-type=\"widget\" data-widget_type=\"text-editor.default\">\n\t\t\t\t<div class=\"elementor-widget-container\">\n\t\t\t\t\t\t\t\t\t<p>JBLSTEEL es uno de los mejores fabricantes de tubos de acero inoxidable 310, proveedores en China, suministrando varios tipos de tubos de acero inoxidable 310 en diferentes tama\u00f1os seg\u00fan las necesidades de la industria.<\/p>\t\t\t\t\t\t\t\t<\/div>\n\t\t\t\t<\/div>\n\t\t\t\t\t<\/div>\n\t\t\t\t<\/div>\n\t\t<div class=\"elementor-element elementor-element-594f46a e-flex e-con-boxed e-con e-parent\" data-id=\"594f46a\" data-element_type=\"container\" data-e-type=\"container\">\n\t\t\t\t\t<div class=\"e-con-inner\">\n\t\t\t\t<div class=\"elementor-element elementor-element-9495f6c elementor-widget elementor-widget-heading\" data-id=\"9495f6c\" data-element_type=\"widget\" data-e-type=\"widget\" data-widget_type=\"heading.default\">\n\t\t\t\t<div class=\"elementor-widget-container\">\n\t\t\t\t\t<h2 class=\"elementor-heading-title elementor-size-default\">Especificaci\u00f3n del tubo de acero inoxidable 310<\/h2>\t\t\t\t<\/div>\n\t\t\t\t<\/div>\n\t\t\t\t<div class=\"elementor-element elementor-element-8442ff4 elementor-widget elementor-widget-text-editor\" data-id=\"8442ff4\" data-element_type=\"widget\" data-e-type=\"widget\" data-widget_type=\"text-editor.default\">\n\t\t\t\t<div class=\"elementor-widget-container\">\n\t\t\t\t\t\t\t\t\t<table><tbody><tr><td>Calidad del material<\/td><td>Acero inoxidable 310<\/td><\/tr><tr><td>Est\u00e1ndar<\/td><td>ASTM, ASME, DIN, ANSI, etc.<\/td><\/tr><tr><td>Rango de tama\u00f1os<\/td><td>OD: DN6 \u2013 DN600<br \/>Anchura: 10 - 2000 mm<br \/>personalizado<\/td><\/tr><tr><td>Espesor de pared<\/td><td>0,5 - 50 mm, Schedule 5S, 10S, 40S, 80S<\/td><\/tr><tr><td>Longitud<\/td><td>Dentro de 13500 mm<\/td><\/tr><tr><td>Acabado<\/td><td>Recocido y decapado, Fresado, Pulido<\/td><\/tr><tr><td>Fin<\/td><td>Extremo liso, extremo biselado, extremo roscado<\/td><\/tr><tr><td>Tratamiento de superficies<\/td><td>N0.1, N0.4, N0.8, 2D, 2B, HL, BA, 6K, 8K, etc.<\/td><\/tr><\/tbody><\/table>\t\t\t\t\t\t\t\t<\/div>\n\t\t\t\t<\/div>\n\t\t\t\t\t<\/div>\n\t\t\t\t<\/div>\n\t\t<div class=\"elementor-element elementor-element-ab7c450 e-flex e-con-boxed e-con e-parent\" data-id=\"ab7c450\" data-element_type=\"container\" data-e-type=\"container\">\n\t\t\t\t\t<div class=\"e-con-inner\">\n\t\t<div class=\"elementor-element elementor-element-1eab28f e-con-full e-flex e-con e-child\" data-id=\"1eab28f\" data-element_type=\"container\" data-e-type=\"container\">\n\t\t\t\t<div class=\"elementor-element elementor-element-188fca0 elementor-widget elementor-widget-image\" data-id=\"188fca0\" data-element_type=\"widget\" data-e-type=\"widget\" data-widget_type=\"image.default\">\n\t\t\t\t<div class=\"elementor-widget-container\">\n\t\t\t\t\t\t\t\t\t\t\t\t\t\t\t<img fetchpriority=\"high\" decoding=\"async\" width=\"300\" height=\"300\" src=\"https:\/\/jblstainless.com\/wp-content\/uploads\/2025\/03\/steel-pipe-1-300x300.webp\" class=\"attachment-medium size-medium wp-image-1315\" alt=\"Tubo de acero inoxidable 201\" srcset=\"https:\/\/jblstainless.com\/wp-content\/uploads\/2025\/03\/steel-pipe-1-300x300.webp 300w, https:\/\/jblstainless.com\/wp-content\/uploads\/2025\/03\/steel-pipe-1-150x150.webp 150w, https:\/\/jblstainless.com\/wp-content\/uploads\/2025\/03\/steel-pipe-1-12x12.webp 12w, https:\/\/jblstainless.com\/wp-content\/uploads\/2025\/03\/steel-pipe-1-100x100.webp 100w, https:\/\/jblstainless.com\/wp-content\/uploads\/2025\/03\/steel-pipe-1.webp 600w\" sizes=\"(max-width: 300px) 100vw, 300px\" \/>\t\t\t\t\t\t\t\t\t\t\t\t\t\t\t<\/div>\n\t\t\t\t<\/div>\n\t\t\t\t<\/div>\n\t\t<div class=\"elementor-element elementor-element-773bfc5 e-con-full e-flex e-con e-child\" data-id=\"773bfc5\" data-element_type=\"container\" data-e-type=\"container\">\n\t\t\t\t<div class=\"elementor-element elementor-element-4926b0c elementor-widget elementor-widget-image\" data-id=\"4926b0c\" data-element_type=\"widget\" data-e-type=\"widget\" data-widget_type=\"image.default\">\n\t\t\t\t<div class=\"elementor-widget-container\">\n\t\t\t\t\t\t\t\t\t\t\t\t\t\t\t<img decoding=\"async\" width=\"300\" height=\"300\" src=\"https:\/\/jblstainless.com\/wp-content\/uploads\/2025\/03\/ss-round-pipe-300x300.webp\" class=\"attachment-medium size-medium wp-image-1314\" alt=\"Tubo de acero inoxidable 201\" srcset=\"https:\/\/jblstainless.com\/wp-content\/uploads\/2025\/03\/ss-round-pipe-300x300.webp 300w, https:\/\/jblstainless.com\/wp-content\/uploads\/2025\/03\/ss-round-pipe-150x150.webp 150w, https:\/\/jblstainless.com\/wp-content\/uploads\/2025\/03\/ss-round-pipe-12x12.webp 12w, https:\/\/jblstainless.com\/wp-content\/uploads\/2025\/03\/ss-round-pipe-100x100.webp 100w, https:\/\/jblstainless.com\/wp-content\/uploads\/2025\/03\/ss-round-pipe.webp 600w\" sizes=\"(max-width: 300px) 100vw, 300px\" \/>\t\t\t\t\t\t\t\t\t\t\t\t\t\t\t<\/div>\n\t\t\t\t<\/div>\n\t\t\t\t<\/div>\n\t\t<div class=\"elementor-element elementor-element-2094473 e-con-full e-flex e-con e-child\" data-id=\"2094473\" data-element_type=\"container\" data-e-type=\"container\">\n\t\t\t\t<div class=\"elementor-element elementor-element-dc5e4f9 elementor-widget elementor-widget-image\" data-id=\"dc5e4f9\" data-element_type=\"widget\" data-e-type=\"widget\" data-widget_type=\"image.default\">\n\t\t\t\t<div class=\"elementor-widget-container\">\n\t\t\t\t\t\t\t\t\t\t\t\t\t\t\t<img decoding=\"async\" width=\"1000\" height=\"500\" src=\"https:\/\/jblstainless.com\/wp-content\/uploads\/2025\/06\/316-pipe-surface-finish.webp\" class=\"attachment-full size-full wp-image-1669\" alt=\"Tubo de acero inoxidable 430\" srcset=\"https:\/\/jblstainless.com\/wp-content\/uploads\/2025\/06\/316-pipe-surface-finish.webp 1000w, https:\/\/jblstainless.com\/wp-content\/uploads\/2025\/06\/316-pipe-surface-finish-300x150.webp 300w, https:\/\/jblstainless.com\/wp-content\/uploads\/2025\/06\/316-pipe-surface-finish-768x384.webp 768w, https:\/\/jblstainless.com\/wp-content\/uploads\/2025\/06\/316-pipe-surface-finish-18x9.webp 18w, https:\/\/jblstainless.com\/wp-content\/uploads\/2025\/06\/316-pipe-surface-finish-600x300.webp 600w\" sizes=\"(max-width: 1000px) 100vw, 1000px\" \/>\t\t\t\t\t\t\t\t\t\t\t\t\t\t\t<\/div>\n\t\t\t\t<\/div>\n\t\t\t\t<\/div>\n\t\t\t\t\t<\/div>\n\t\t\t\t<\/div>\n\t\t<div class=\"elementor-element elementor-element-615c148 e-flex e-con-boxed e-con e-parent\" data-id=\"615c148\" data-element_type=\"container\" data-e-type=\"container\">\n\t\t\t\t\t<div class=\"e-con-inner\">\n\t\t\t\t<div class=\"elementor-element elementor-element-df1a2be elementor-widget elementor-widget-heading\" data-id=\"df1a2be\" data-element_type=\"widget\" data-e-type=\"widget\" data-widget_type=\"heading.default\">\n\t\t\t\t<div class=\"elementor-widget-container\">\n\t\t\t\t\t<h3 class=\"elementor-heading-title elementor-size-default\">Caracter\u00edsticas de los tubos de acero inoxidable 310<\/h3>\t\t\t\t<\/div>\n\t\t\t\t<\/div>\n\t\t\t\t<div class=\"elementor-element elementor-element-12a202f elementor-widget elementor-widget-text-editor\" data-id=\"12a202f\" data-element_type=\"widget\" data-e-type=\"widget\" data-widget_type=\"text-editor.default\">\n\t\t\t\t<div class=\"elementor-widget-container\">\n\t\t\t\t\t\t\t\t\t<p><b>Resistencia superior a la oxidaci\u00f3n a altas temperaturas<\/b><\/p><p>En entornos de alta temperatura (&gt;1000\u00b0C), los elementos de silicio siguen formando una densa pel\u00edcula de \u00f3xido en la superficie, evitando una mayor oxidaci\u00f3n o desconchamiento del metal; Rendimiento superior en comparaci\u00f3n con el acero inoxidable 304 a 1100\u00b0C.<\/p><p>Adecuado para aplicaciones de alta temperatura como turbinas de gas, incineradoras, hornos industriales y sistemas de intercambio de calor.<\/p>\t\t\t\t\t\t\t\t<\/div>\n\t\t\t\t<\/div>\n\t\t\t\t<div class=\"elementor-element elementor-element-7be5eb0 elementor-widget elementor-widget-text-editor\" data-id=\"7be5eb0\" data-element_type=\"widget\" data-e-type=\"widget\" data-widget_type=\"text-editor.default\">\n\t\t\t\t<div class=\"elementor-widget-container\">\n\t\t\t\t\t\t\t\t\t<p><b>Excelente resistencia a la corrosi\u00f3n<\/b><\/p><p>Alto contenido en cromo-n\u00edquel resistente a la corrosi\u00f3n por sulfuraci\u00f3n, adecuado para entornos \u00e1cidos.<\/p>\t\t\t\t\t\t\t\t<\/div>\n\t\t\t\t<\/div>\n\t\t\t\t<div class=\"elementor-element elementor-element-3d61d9e elementor-widget elementor-widget-text-editor\" data-id=\"3d61d9e\" data-element_type=\"widget\" data-e-type=\"widget\" data-widget_type=\"text-editor.default\">\n\t\t\t\t<div class=\"elementor-widget-container\">\n\t\t\t\t\t\t\t\t\t<p><b>Excelente resistencia a la fatiga t\u00e9rmica y a la fluencia<\/b><\/p><p>El alto contenido en n\u00edquel hace que el acero inoxidable 310 mantenga su resistencia mec\u00e1nica incluso bajo frecuentes ciclos t\u00e9rmicos, resistiendo el agrietamiento o la fractura.<\/p>\t\t\t\t\t\t\t\t<\/div>\n\t\t\t\t<\/div>\n\t\t\t\t<div class=\"elementor-element elementor-element-dc57acf elementor-widget elementor-widget-text-editor\" data-id=\"dc57acf\" data-element_type=\"widget\" data-e-type=\"widget\" data-widget_type=\"text-editor.default\">\n\t\t\t\t<div class=\"elementor-widget-container\">\n\t\t\t\t\t\t\t\t\t<p><b>Excelente soldabilidad y conformabilidad<\/b><\/p><p>Compatible con m\u00faltiples procesos, incluidos TIG\/MIG, soldadura por plasma y soldadura l\u00e1ser, sin tratamiento t\u00e9rmico posterior a la soldadura.<\/p><p>Adecuado para el conformado en fr\u00edo\/caliente, soportando estructuras personalizadas de paredes gruesas o finas.<\/p>\t\t\t\t\t\t\t\t<\/div>\n\t\t\t\t<\/div>\n\t\t\t\t<div class=\"elementor-element elementor-element-802aed8 elementor-widget elementor-widget-text-editor\" data-id=\"802aed8\" data-element_type=\"widget\" data-e-type=\"widget\" data-widget_type=\"text-editor.default\">\n\t\t\t\t<div class=\"elementor-widget-container\">\n\t\t\t\t\t\t\t\t\t<p><b>Microestructura estabilizada a altas temperaturas<\/b><\/p><p>Excelente resistencia a la corrosi\u00f3n en ambientes gaseosos que contengan carbono o azufre, significativamente superior a los aceros inoxidables de las series 304\/316.<\/p>\t\t\t\t\t\t\t\t<\/div>\n\t\t\t\t<\/div>\n\t\t\t\t<div class=\"elementor-element elementor-element-f7a5df4 elementor-widget elementor-widget-text-editor\" data-id=\"f7a5df4\" data-element_type=\"widget\" data-e-type=\"widget\" data-widget_type=\"text-editor.default\">\n\t\t\t\t<div class=\"elementor-widget-container\">\n\t\t\t\t\t\t\t\t\t<p><b>Resistencia a altas temperaturas\u00a0<\/b><\/p><p>Temperatura de funcionamiento continuo, m\u00e1xima: Aproximadamente 1100\u00b0C (aproximadamente 2000\u00b0F);<\/p><p>Temperatura de funcionamiento intermitente, m\u00e1xima: Hasta 1150\u00b0C (aproximadamente 2100\u00b0F);<\/p><p>Resistencia a la oxidaci\u00f3n\/carburaci\u00f3n: Mantiene la resistencia a partir de 800-900\u00b0C; forma una densa capa de \u00f3xido para evitar la corrosi\u00f3n posterior;<\/p><p>Expansi\u00f3n t\u00e9rmica: Aprox. 17,5 \u00d7 10-\u2076\/K (0-525\u00b0C)<\/p>\t\t\t\t\t\t\t\t<\/div>\n\t\t\t\t<\/div>\n\t\t\t\t\t<\/div>\n\t\t\t\t<\/div>\n\t\t<div class=\"elementor-element elementor-element-9f37d5d e-flex e-con-boxed e-con e-parent\" data-id=\"9f37d5d\" data-element_type=\"container\" data-e-type=\"container\">\n\t\t\t\t\t<div class=\"e-con-inner\">\n\t\t\t\t<div class=\"elementor-element elementor-element-6f2d714 elementor-widget elementor-widget-heading\" data-id=\"6f2d714\" data-element_type=\"widget\" data-e-type=\"widget\" data-widget_type=\"heading.default\">\n\t\t\t\t<div class=\"elementor-widget-container\">\n\t\t\t\t\t<h3 class=\"elementor-heading-title elementor-size-default\">Acero inoxidable 310S<\/h3>\t\t\t\t<\/div>\n\t\t\t\t<\/div>\n\t\t\t\t<div class=\"elementor-element elementor-element-fbfc77d elementor-widget elementor-widget-text-editor\" data-id=\"fbfc77d\" data-element_type=\"widget\" data-e-type=\"widget\" data-widget_type=\"text-editor.default\">\n\t\t\t\t<div class=\"elementor-widget-container\">\n\t\t\t\t\t\t\t\t\t<p>El 310S (UNS S31008) es un acero inoxidable austen\u00edtico de alta aleaci\u00f3n, la variante con bajo contenido en carbono del acero inoxidable 310. Mantiene las ventajas del alto contenido de cromo (24-26%) y n\u00edquel (19-22%) del grado 310, al tiempo que reduce el contenido de carbono a \u22640,08%, mejorando significativamente la soldabilidad, la resistencia a la sensibilizaci\u00f3n y la resistencia a altas temperaturas.<\/p>\t\t\t\t\t\t\t\t<\/div>\n\t\t\t\t<\/div>\n\t\t\t\t\t<\/div>\n\t\t\t\t<\/div>\n\t\t<div class=\"elementor-element elementor-element-0b6c848 e-flex e-con-boxed e-con e-parent\" data-id=\"0b6c848\" data-element_type=\"container\" data-e-type=\"container\">\n\t\t\t\t\t<div class=\"e-con-inner\">\n\t\t\t\t<div class=\"elementor-element elementor-element-1b499a0 elementor-widget elementor-widget-heading\" data-id=\"1b499a0\" data-element_type=\"widget\" data-e-type=\"widget\" data-widget_type=\"heading.default\">\n\t\t\t\t<div class=\"elementor-widget-container\">\n\t\t\t\t\t<h2 class=\"elementor-heading-title elementor-size-default\">Propiedades de los tubos de acero inoxidable 310<\/h2>\t\t\t\t<\/div>\n\t\t\t\t<\/div>\n\t\t\t\t<div class=\"elementor-element elementor-element-0e7f79b elementor-widget elementor-widget-heading\" data-id=\"0e7f79b\" data-element_type=\"widget\" data-e-type=\"widget\" data-widget_type=\"heading.default\">\n\t\t\t\t<div class=\"elementor-widget-container\">\n\t\t\t\t\t<h3 class=\"elementor-heading-title elementor-size-default\">Composici\u00f3n qu\u00edmica<\/h3>\t\t\t\t<\/div>\n\t\t\t\t<\/div>\n\t\t\t\t<div class=\"elementor-element elementor-element-1df8a01 elementor-widget elementor-widget-text-editor\" data-id=\"1df8a01\" data-element_type=\"widget\" data-e-type=\"widget\" data-widget_type=\"text-editor.default\">\n\t\t\t\t<div class=\"elementor-widget-container\">\n\t\t\t\t\t\t\t\t\t<p>Las propiedades qu\u00edmicas de los tubos de acero inoxidable 310 proporcionan una excelente resistencia a las altas temperaturas y a la corrosi\u00f3n, lo que los convierte en la opci\u00f3n ideal para una amplia gama de aplicaciones.<\/p><table><tbody><tr><td>Grado<\/td><td>C<\/td><td>Mn<\/td><td>Si<\/td><td>P<\/td><td>S<\/td><td>Cr<\/td><td>Mo<\/td><td>Ni<\/td><td>Fe<\/td><\/tr><tr><td><strong>310<\/strong><\/td><td>0,015 m\u00e1x.<\/td><td>2,0 m\u00e1x.<\/td><td>0,15 m\u00e1x.<\/td><td>0,020 m\u00e1x.<\/td><td>0,015 m\u00e1x.<\/td><td>24.00 - 26.00<\/td><td>0,10 m\u00e1x.<\/td><td>19.00 - 21.00<\/td><td>54,7 min<\/td><\/tr><tr><td><strong>310S<\/strong><\/td><td>0,08 m\u00e1x.<\/td><td>2,0 m\u00e1x.<\/td><td>1.00 ma<\/td><td>0,045 m\u00e1x.<\/td><td>0,030 m\u00e1x.<\/td><td>24.00 - 26.00<\/td><td>0,75 m\u00e1x.<\/td><td>19.00 - 21.00<\/td><td>53.095 min<\/td><\/tr><\/tbody><\/table>\t\t\t\t\t\t\t\t<\/div>\n\t\t\t\t<\/div>\n\t\t\t\t\t<\/div>\n\t\t\t\t<\/div>\n\t\t<div class=\"elementor-element elementor-element-d51d973 e-flex e-con-boxed e-con e-parent\" data-id=\"d51d973\" data-element_type=\"container\" data-e-type=\"container\">\n\t\t\t\t\t<div class=\"e-con-inner\">\n\t\t\t\t<div class=\"elementor-element elementor-element-4f5dcdd elementor-widget elementor-widget-heading\" data-id=\"4f5dcdd\" data-element_type=\"widget\" data-e-type=\"widget\" data-widget_type=\"heading.default\">\n\t\t\t\t<div class=\"elementor-widget-container\">\n\t\t\t\t\t<h3 class=\"elementor-heading-title elementor-size-default\">Propiedades mec\u00e1nicas<\/h3>\t\t\t\t<\/div>\n\t\t\t\t<\/div>\n\t\t\t\t<div class=\"elementor-element elementor-element-8618c63 elementor-widget elementor-widget-text-editor\" data-id=\"8618c63\" data-element_type=\"widget\" data-e-type=\"widget\" data-widget_type=\"text-editor.default\">\n\t\t\t\t<div class=\"elementor-widget-container\">\n\t\t\t\t\t\t\t\t\t<table><tbody><tr><td>Grado<\/td><td>Densidad<\/td><td>Punto de fusi\u00f3n<\/td><td>Resistencia a la tracci\u00f3n<\/td><td>L\u00edmite el\u00e1stico (0,2%Offset)<\/td><td>Alargamiento<\/td><\/tr><tr><td><strong>310\/310S<\/strong><\/td><td>7,9 g\/cm3<\/td><td>1402 \u00b0C (2555 \u00b0F)<\/td><td>Psi - 75000 , MPa - 515<\/td><td>Psi - 30000 , MPa - 205<\/td><td>40 %<\/td><\/tr><\/tbody><\/table>\t\t\t\t\t\t\t\t<\/div>\n\t\t\t\t<\/div>\n\t\t\t\t\t<\/div>\n\t\t\t\t<\/div>\n\t\t<div class=\"elementor-element elementor-element-9e555b0 e-flex e-con-boxed e-con e-parent\" data-id=\"9e555b0\" data-element_type=\"container\" data-e-type=\"container\">\n\t\t\t\t\t<div class=\"e-con-inner\">\n\t\t\t\t<div class=\"elementor-element elementor-element-30ad228 elementor-widget elementor-widget-heading\" data-id=\"30ad228\" data-element_type=\"widget\" data-e-type=\"widget\" data-widget_type=\"heading.default\">\n\t\t\t\t<div class=\"elementor-widget-container\">\n\t\t\t\t\t<h3 class=\"elementor-heading-title elementor-size-default\">Recomendaciones para la selecci\u00f3n de materiales<\/h3>\t\t\t\t<\/div>\n\t\t\t\t<\/div>\n\t\t\t\t<div class=\"elementor-element elementor-element-9bd4f06 elementor-widget elementor-widget-text-editor\" data-id=\"9bd4f06\" data-element_type=\"widget\" data-e-type=\"widget\" data-widget_type=\"text-editor.default\">\n\t\t\t\t<div class=\"elementor-widget-container\">\n\t\t\t\t\t\t\t\t\t<p>Para equipos que funcionen continuamente a altas temperaturas (&gt;800\u00b0C) y requieran soldadura, considere la 310S como la opci\u00f3n preferida.<\/p><p>Si los componentes funcionan principalmente a temperaturas de moderadas a bajas (&lt;800\u00b0C) y son sensibles a los costes, se puede considerar el 310.<\/p><p>Para entornos con \u00e1cidos o \u00e1lcalis fuertes o cloruros, se prefieren aceros inoxidables con base de molibdeno m\u00e1s resistentes a las picaduras, como el 316\/317.<\/p>\t\t\t\t\t\t\t\t<\/div>\n\t\t\t\t<\/div>\n\t\t\t\t\t<\/div>\n\t\t\t\t<\/div>\n\t\t\t\t<\/div>","protected":false},"excerpt":{"rendered":"<p>El tubo de acero inoxidable 310 es un tubo de acero inoxidable resistente a la corrosi\u00f3n a altas temperaturas, conocido por su excepcional rendimiento en entornos extremos.<\/p>\n<p>Normativa: ASTM A312, ASTM A240<\/p>\n<p>Tipo: Tubos sin soldadura 310, Tubos soldados 310<\/p>\n<p>Forma: Redonda, cuadrada, rectangular, hidr\u00e1ulica, etc.<\/p>\n<p>Excelente resistencia a la oxidaci\u00f3n<\/p>\n<p>Excelente soldabilidad<\/p>\n<p>Excelente conformabilidad<\/p>\n<p>&nbsp;<\/p>","protected":false},"featured_media":2361,"template":"","meta":{"_eb_attr":""},"product_brand":[],"product_cat":[30],"product_tag":[],"class_list":{"0":"post-2357","1":"product","2":"type-product","3":"status-publish","4":"has-post-thumbnail","6":"product_cat-stainless-steel-seamless-pipe","8":"first","9":"instock","10":"shipping-taxable","11":"product-type-simple"},"_links":{"self":[{"href":"https:\/\/jblstainless.com\/es\/wp-json\/wp\/v2\/product\/2357","targetHints":{"allow":["GET"]}}],"collection":[{"href":"https:\/\/jblstainless.com\/es\/wp-json\/wp\/v2\/product"}],"about":[{"href":"https:\/\/jblstainless.com\/es\/wp-json\/wp\/v2\/types\/product"}],"version-history":[{"count":6,"href":"https:\/\/jblstainless.com\/es\/wp-json\/wp\/v2\/product\/2357\/revisions"}],"predecessor-version":[{"id":2364,"href":"https:\/\/jblstainless.com\/es\/wp-json\/wp\/v2\/product\/2357\/revisions\/2364"}],"wp:featuredmedia":[{"embeddable":true,"href":"https:\/\/jblstainless.com\/es\/wp-json\/wp\/v2\/media\/2361"}],"wp:attachment":[{"href":"https:\/\/jblstainless.com\/es\/wp-json\/wp\/v2\/media?parent=2357"}],"wp:term":[{"taxonomy":"product_brand","embeddable":true,"href":"https:\/\/jblstainless.com\/es\/wp-json\/wp\/v2\/product_brand?post=2357"},{"taxonomy":"product_cat","embeddable":true,"href":"https:\/\/jblstainless.com\/es\/wp-json\/wp\/v2\/product_cat?post=2357"},{"taxonomy":"product_tag","embeddable":true,"href":"https:\/\/jblstainless.com\/es\/wp-json\/wp\/v2\/product_tag?post=2357"}],"curies":[{"name":"wp","href":"https:\/\/api.w.org\/{rel}","templated":true}]}}