{"id":2471,"date":"2026-01-22T17:30:24","date_gmt":"2026-01-22T09:30:24","guid":{"rendered":"https:\/\/jblstainless.com\/?post_type=product&#038;p=2471"},"modified":"2026-01-22T17:30:25","modified_gmt":"2026-01-22T09:30:25","slug":"tubo-de-acero-inoxidable-sin-soldadura-309s","status":"publish","type":"product","link":"https:\/\/jblstainless.com\/es\/309s-seamless-stainless-steel-pipe\/","title":{"rendered":"Tubo de acero inoxidable sin soldadura 309S"},"content":{"rendered":"<div data-elementor-type=\"product-post\" data-elementor-id=\"2471\" class=\"elementor elementor-2471\" data-elementor-post-type=\"product\">\n\t\t\t\t<div class=\"elementor-element elementor-element-d4a7c7a e-flex e-con-boxed e-con e-parent\" data-id=\"d4a7c7a\" data-element_type=\"container\" data-e-type=\"container\">\n\t\t\t\t\t<div class=\"e-con-inner\">\n\t\t\t\t<div class=\"elementor-element elementor-element-2f62139 elementor-widget elementor-widget-text-editor\" data-id=\"2f62139\" data-element_type=\"widget\" data-e-type=\"widget\" data-widget_type=\"text-editor.default\">\n\t\t\t\t<div class=\"elementor-widget-container\">\n\t\t\t\t\t\t\t\t\t<p>La tuber\u00eda de acero inoxidable sin soldadura 309S es una tuber\u00eda de acero inoxidable austen\u00edtico dise\u00f1ada espec\u00edficamente para servicio a alta temperatura, que contiene aproximadamente 23% de cromo y 13-15% de n\u00edquel, ofreciendo un rendimiento excepcional a alta temperatura y resistencia a la oxidaci\u00f3n, lo que la hace adecuada para entornos que superen los 800\u00b0C. El proceso sin soldadura garantiza la resistencia a altas presiones y un rendimiento sin fugas.<\/p><p>En condiciones de uso continuo, el tubo 309S puede soportar temperaturas cercanas a los 1100\u00b0C (aproximadamente 2000\u00b0F). Su alto contenido en cromo y n\u00edquel garantiza que mantenga una excelente resistencia a la oxidaci\u00f3n y resistencia mec\u00e1nica incluso en entornos que impliquen repetidos ciclos de calentamiento y enfriamiento. En comparaci\u00f3n con los aceros inoxidables 304\/316, el tubo 309S ofrece una estabilidad y una resistencia a la oxidaci\u00f3n superiores en aplicaciones continuas de alta temperatura en torno a 980\u00b0C, lo que lo hace adecuado para entornos exigentes de alta temperatura como hornos de tratamiento t\u00e9rmico, calderas industriales, conductos de chorro caliente de acer\u00edas, conductos de gases de combusti\u00f3n y quemadores.<\/p>\t\t\t\t\t\t\t\t<\/div>\n\t\t\t\t<\/div>\n\t\t\t\t\t<\/div>\n\t\t\t\t<\/div>\n\t\t<div class=\"elementor-element elementor-element-cae0608 e-flex e-con-boxed e-con e-parent\" data-id=\"cae0608\" data-element_type=\"container\" data-e-type=\"container\">\n\t\t\t\t\t<div class=\"e-con-inner\">\n\t\t\t\t<div class=\"elementor-element elementor-element-36a5065 elementor-widget elementor-widget-heading\" data-id=\"36a5065\" data-element_type=\"widget\" data-e-type=\"widget\" data-widget_type=\"heading.default\">\n\t\t\t\t<div class=\"elementor-widget-container\">\n\t\t\t\t\t<h2 class=\"elementor-heading-title elementor-size-default\">Tubos de acero inoxidable 309S: la elecci\u00f3n ideal para entornos de alta temperatura<\/h2>\t\t\t\t<\/div>\n\t\t\t\t<\/div>\n\t\t\t\t<div class=\"elementor-element elementor-element-708847b elementor-widget elementor-widget-text-editor\" data-id=\"708847b\" data-element_type=\"widget\" data-e-type=\"widget\" data-widget_type=\"text-editor.default\">\n\t\t\t\t<div class=\"elementor-widget-container\">\n\t\t\t\t\t\t\t\t\t<p>El tubo de acero inoxidable sin soldadura 309S es un acero inoxidable de alta aleaci\u00f3n resistente al calor. Su composici\u00f3n de aleaci\u00f3n con alto contenido en cromo y n\u00edquel ofrece una excepcional resistencia a altas temperaturas, una extraordinaria resistencia a la oxidaci\u00f3n y una buena resistencia a la corrosi\u00f3n. Esto lo convierte en un material clave indispensable para equipos de alta temperatura como hornos industriales, calderas, intercambiadores de calor y reactores qu\u00edmicos.<\/p>\t\t\t\t\t\t\t\t<\/div>\n\t\t\t\t<\/div>\n\t\t\t\t\t<\/div>\n\t\t\t\t<\/div>\n\t\t<div class=\"elementor-element elementor-element-a5adf0b e-flex e-con-boxed e-con e-parent\" data-id=\"a5adf0b\" data-element_type=\"container\" data-e-type=\"container\">\n\t\t\t\t\t<div class=\"e-con-inner\">\n\t\t\t\t<div class=\"elementor-element elementor-element-609c8ae elementor-widget elementor-widget-heading\" data-id=\"609c8ae\" data-element_type=\"widget\" data-e-type=\"widget\" data-widget_type=\"heading.default\">\n\t\t\t\t<div class=\"elementor-widget-container\">\n\t\t\t\t\t<h3 class=\"elementor-heading-title elementor-size-default\">Excepcional resistencia a la oxidaci\u00f3n a altas temperaturas\n<\/h3>\t\t\t\t<\/div>\n\t\t\t\t<\/div>\n\t\t\t\t<div class=\"elementor-element elementor-element-8729f48 elementor-widget elementor-widget-text-editor\" data-id=\"8729f48\" data-element_type=\"widget\" data-e-type=\"widget\" data-widget_type=\"text-editor.default\">\n\t\t\t\t<div class=\"elementor-widget-container\">\n\t\t\t\t\t\t\t\t\t<p><strong>Excelente resistencia a altas temperaturas:<\/strong><\/p><p>El tubo inoxidable 309S puede soportar temperaturas de hasta aproximadamente 1038\u00b0C (1900\u00b0F) durante el funcionamiento continuo y de hasta 1149\u00b0C (2100\u00b0F) durante el funcionamiento intermitente. Mantiene una capacidad de servicio de alta carga a largo plazo dentro del intervalo de 650-700\u00b0C y presenta una excelente resistencia al envejecimiento t\u00e9rmico.<\/p>\t\t\t\t\t\t\t\t<\/div>\n\t\t\t\t<\/div>\n\t\t\t\t<div class=\"elementor-element elementor-element-a1df5e7 elementor-widget elementor-widget-text-editor\" data-id=\"a1df5e7\" data-element_type=\"widget\" data-e-type=\"widget\" data-widget_type=\"text-editor.default\">\n\t\t\t\t<div class=\"elementor-widget-container\">\n\t\t\t\t\t\t\t\t\t<p><strong>Resistencia superior a la oxidaci\u00f3n:<\/strong><\/p><p>El alto contenido de cromo y n\u00edquel permite al 309S formar una densa pel\u00edcula de \u00f3xido de cromo en su superficie, bloqueando eficazmente la corrosi\u00f3n por medios oxidantes. Los tubos 309S ofrecen una excelente resistencia a la oxidaci\u00f3n y a la corrosi\u00f3n, lo que garantiza la durabilidad de los equipos a largo plazo y evita la oxidaci\u00f3n y el desconchamiento en entornos de alta temperatura. Esta caracter\u00edstica permite a los tubos 309S funcionar de forma estable en atm\u00f3sferas de alta temperatura y en entornos de niebla \u00e1cida oxidante de alta temperatura, superando significativamente a los aceros inoxidables de baja aleaci\u00f3n.<\/p>\t\t\t\t\t\t\t\t<\/div>\n\t\t\t\t<\/div>\n\t\t\t\t\t<\/div>\n\t\t\t\t<\/div>\n\t\t<div class=\"elementor-element elementor-element-f582bcd e-flex e-con-boxed e-con e-parent\" data-id=\"f582bcd\" data-element_type=\"container\" data-e-type=\"container\">\n\t\t\t\t\t<div class=\"e-con-inner\">\n\t\t\t\t<div class=\"elementor-element elementor-element-3a11663 elementor-widget elementor-widget-heading\" data-id=\"3a11663\" data-element_type=\"widget\" data-e-type=\"widget\" data-widget_type=\"heading.default\">\n\t\t\t\t<div class=\"elementor-widget-container\">\n\t\t\t\t\t<h3 class=\"elementor-heading-title elementor-size-default\">Composici\u00f3n del material - Aleaci\u00f3n de alto contenido en cromo y n\u00edquel  \n<\/h3>\t\t\t\t<\/div>\n\t\t\t\t<\/div>\n\t\t\t\t<div class=\"elementor-element elementor-element-f27a507 elementor-widget elementor-widget-text-editor\" data-id=\"f27a507\" data-element_type=\"widget\" data-e-type=\"widget\" data-widget_type=\"text-editor.default\">\n\t\t\t\t<div class=\"elementor-widget-container\">\n\t\t\t\t\t\t\t\t\t<p>El 309S contiene 22-24% de cromo y 12-15% de n\u00edquel, el mayor contenido de aleaci\u00f3n en comparaci\u00f3n con el 304\/316 proporciona una resistencia superior al calor y a la oxidaci\u00f3n, tambi\u00e9n mejora la resistencia a la fluencia y al choque t\u00e9rmico a temperaturas superiores a 500\u00b0C del acero inoxidable 309s.<\/p><p>El 309S es la versi\u00f3n de bajo contenido en carbono del 309 (C \u2264 0,08%). El bajo contenido en carbono minimiza la tendencia a la precipitaci\u00f3n de carburos intergranulares, reduce la susceptibilidad a la corrosi\u00f3n intergranular a temperaturas elevadas y mejora significativamente la soldabilidad y la resistencia a la corrosi\u00f3n intergranular. El tratamiento por disoluci\u00f3n posterior a la soldadura (mantenimiento a 1050-1100\u00b0C seguido de enfriamiento r\u00e1pido) elimina las tensiones de soldadura, disuelve los carburos en los l\u00edmites de grano, restaura la resistencia a la corrosi\u00f3n y la resistencia a altas temperaturas, y garantiza que las zonas soldadas posean tambi\u00e9n un excelente comportamiento a altas temperaturas.<\/p>\t\t\t\t\t\t\t\t<\/div>\n\t\t\t\t<\/div>\n\t\t\t\t\t<\/div>\n\t\t\t\t<\/div>\n\t\t<div class=\"elementor-element elementor-element-353c5fc e-flex e-con-boxed e-con e-parent\" data-id=\"353c5fc\" data-element_type=\"container\" data-e-type=\"container\">\n\t\t\t\t\t<div class=\"e-con-inner\">\n\t\t\t\t<div class=\"elementor-element elementor-element-f68c53c elementor-widget elementor-widget-heading\" data-id=\"f68c53c\" data-element_type=\"widget\" data-e-type=\"widget\" data-widget_type=\"heading.default\">\n\t\t\t\t<div class=\"elementor-widget-container\">\n\t\t\t\t\t<h4 class=\"elementor-heading-title elementor-size-default\">Composici\u00f3n qu\u00edmica<\/h4>\t\t\t\t<\/div>\n\t\t\t\t<\/div>\n\t\t\t\t<div class=\"elementor-element elementor-element-6f0cb95 elementor-widget elementor-widget-text-editor\" data-id=\"6f0cb95\" data-element_type=\"widget\" data-e-type=\"widget\" data-widget_type=\"text-editor.default\">\n\t\t\t\t<div class=\"elementor-widget-container\">\n\t\t\t\t\t\t\t\t\t<table><thead><tr><th>Elementos<\/th><th>UNS S30908 (ASTM)<\/th><\/tr><\/thead><tbody><tr><td>C<\/td><td>\u2264 0,08<\/td><\/tr><tr><td>Cr<\/td><td>22.0 - 24.0<\/td><\/tr><tr><td>Ni<\/td><td>12,0 \u2013 15,0<\/td><\/tr><tr><td>Mn<\/td><td>\u2264 2,00<\/td><\/tr><tr><td>Si<\/td><td>\u2264 0.75 \/ \u2264 1.00<\/td><\/tr><tr><td>P<\/td><td>\u2264 0,045<\/td><\/tr><tr><td>S<\/td><td>\u2264 0,030<\/td><\/tr><\/tbody><\/table>\t\t\t\t\t\t\t\t<\/div>\n\t\t\t\t<\/div>\n\t\t\t\t\t<\/div>\n\t\t\t\t<\/div>\n\t\t<div class=\"elementor-element elementor-element-ce55c24 e-flex e-con-boxed e-con e-parent\" data-id=\"ce55c24\" data-element_type=\"container\" data-e-type=\"container\">\n\t\t\t\t\t<div class=\"e-con-inner\">\n\t\t\t\t<div class=\"elementor-element elementor-element-fba8c32 elementor-widget elementor-widget-heading\" data-id=\"fba8c32\" data-element_type=\"widget\" data-e-type=\"widget\" data-widget_type=\"heading.default\">\n\t\t\t\t<div class=\"elementor-widget-container\">\n\t\t\t\t\t<h4 class=\"elementor-heading-title elementor-size-default\">Propiedades mec\u00e1nicas<\/h4>\t\t\t\t<\/div>\n\t\t\t\t<\/div>\n\t\t\t\t<div class=\"elementor-element elementor-element-12bafc4 elementor-widget elementor-widget-text-editor\" data-id=\"12bafc4\" data-element_type=\"widget\" data-e-type=\"widget\" data-widget_type=\"text-editor.default\">\n\t\t\t\t<div class=\"elementor-widget-container\">\n\t\t\t\t\t\t\t\t\t<table><thead><tr><th>Propiedades<\/th><th>ASTM A213\/A312\/A276, m\u00edn.<\/th><\/tr><\/thead><tbody><tr><td>Resistencia a la tracci\u00f3n, \u03c3b<\/td><td>\u2265 75 ksi (515 MPa)<\/td><\/tr><tr><td>L\u00edmite el\u00e1stico, \u03c30,2<\/td><td>\u2265 30 ksi (205 MPa)<\/td><\/tr><tr><td>Alargamiento, \u03b45<\/td><td>\u00a0\u2265 40% (en 50 mm)<\/td><\/tr><tr><td>Reducci\u00f3n de la superficie, \u03c8<\/td><td>\u2013<\/td><\/tr><tr><td>Dureza<\/td><td>\u2264 90 HRB \/ \u2264 217 HBW<\/td><\/tr><\/tbody><\/table>\t\t\t\t\t\t\t\t<\/div>\n\t\t\t\t<\/div>\n\t\t\t\t\t<\/div>\n\t\t\t\t<\/div>\n\t\t<div class=\"elementor-element elementor-element-e394b3d e-flex e-con-boxed e-con e-parent\" data-id=\"e394b3d\" data-element_type=\"container\" data-e-type=\"container\">\n\t\t\t\t\t<div class=\"e-con-inner\">\n\t\t\t\t<div class=\"elementor-element elementor-element-05f5939 elementor-widget elementor-widget-heading\" data-id=\"05f5939\" data-element_type=\"widget\" data-e-type=\"widget\" data-widget_type=\"heading.default\">\n\t\t\t\t<div class=\"elementor-widget-container\">\n\t\t\t\t\t<h4 class=\"elementor-heading-title elementor-size-default\">Propiedades f\u00edsicas<\/h4>\t\t\t\t<\/div>\n\t\t\t\t<\/div>\n\t\t\t\t<div class=\"elementor-element elementor-element-249d9d8 elementor-widget elementor-widget-text-editor\" data-id=\"249d9d8\" data-element_type=\"widget\" data-e-type=\"widget\" data-widget_type=\"text-editor.default\">\n\t\t\t\t<div class=\"elementor-widget-container\">\n\t\t\t\t\t\t\t\t\t<table><thead><tr><th>Propiedades<\/th><th>Valor<\/th><\/tr><\/thead><tbody><tr><td>Densidad<\/td><td>~ 7,9 - 8,0 g\/cm\u00b3<\/td><\/tr><tr><td>Intervalo de fusi\u00f3n<\/td><td>1399 - 1454 \u00b0C<\/td><\/tr><tr><td>Calor espec\u00edfico, 0-100\u00b0C<\/td><td>~ 500 J\/(kg-K)<\/td><\/tr><tr><td>Conductividad t\u00e9rmica, 100\u00b0C<\/td><td>~ 14,2 W\/(m-K)<\/td><\/tr><tr><td>Coeficiente medio de dilataci\u00f3n t\u00e9rmica, 0-100\u00b0C<\/td><td>~ 15,9 \u00b5m\/(m-\u00b0C)<\/td><\/tr><tr><td>Resistividad el\u00e9ctrica, 20\u00b0C<\/td><td>~ 0,78 \u00b5\u03a9-m<\/td><\/tr><tr><td>Magnetismo<\/td><td>No magn\u00e9tico en estado recocido<\/td><\/tr><\/tbody><\/table>\t\t\t\t\t\t\t\t<\/div>\n\t\t\t\t<\/div>\n\t\t\t\t\t<\/div>\n\t\t\t\t<\/div>\n\t\t<div class=\"elementor-element elementor-element-9dc1bbf e-flex e-con-boxed e-con e-parent\" data-id=\"9dc1bbf\" data-element_type=\"container\" data-e-type=\"container\">\n\t\t\t\t\t<div class=\"e-con-inner\">\n\t\t\t\t<div class=\"elementor-element elementor-element-0c5b45a elementor-widget elementor-widget-heading\" data-id=\"0c5b45a\" data-element_type=\"widget\" data-e-type=\"widget\" data-widget_type=\"heading.default\">\n\t\t\t\t<div class=\"elementor-widget-container\">\n\t\t\t\t\t<h3 class=\"elementor-heading-title elementor-size-default\">Aplicaci\u00f3n<\/h3>\t\t\t\t<\/div>\n\t\t\t\t<\/div>\n\t\t\t\t<div class=\"elementor-element elementor-element-a4f6066 elementor-widget elementor-widget-text-editor\" data-id=\"a4f6066\" data-element_type=\"widget\" data-e-type=\"widget\" data-widget_type=\"text-editor.default\">\n\t\t\t\t<div class=\"elementor-widget-container\">\n\t\t\t\t\t\t\t\t\t<p>El piep de acero inoxidable 309S se utiliza ampliamente en numerosos sectores industriales debido a su excelente rendimiento a altas temperaturas.<\/p><ul><li>Industria energ\u00e9tica: Tuber\u00edas de calderas e intercambiadores de calor, resistentes a la oxidaci\u00f3n a alta temperatura.<\/li><li>Industria qu\u00edmica: Reactores y tubos de hornos, resistentes a la corrosi\u00f3n \u00e1cida y alcalina.<\/li><li>Aplicaciones aeroespaciales: Componentes de motores, manteniendo una gran estabilidad a altas temperaturas.<\/li><li>Industria metal\u00fargica: Revestimientos de hornos, prolongaci\u00f3n de la vida \u00fatil.<\/li><\/ul>\t\t\t\t\t\t\t\t<\/div>\n\t\t\t\t<\/div>\n\t\t\t\t\t<\/div>\n\t\t\t\t<\/div>\n\t\t<div class=\"elementor-element elementor-element-9d2f0ee e-flex e-con-boxed e-con e-parent\" data-id=\"9d2f0ee\" data-element_type=\"container\" data-e-type=\"container\">\n\t\t\t\t\t<div class=\"e-con-inner\">\n\t\t\t\t<div class=\"elementor-element elementor-element-da4d764 elementor-widget elementor-widget-heading\" data-id=\"da4d764\" data-element_type=\"widget\" data-e-type=\"widget\" data-widget_type=\"heading.default\">\n\t\t\t\t<div class=\"elementor-widget-container\">\n\t\t\t\t\t<h2 class=\"elementor-heading-title elementor-size-default\">Servicios integrales de procesamiento y personalizaci\u00f3n\n<\/h2>\t\t\t\t<\/div>\n\t\t\t\t<\/div>\n\t\t\t\t<div class=\"elementor-element elementor-element-7792406 elementor-widget elementor-widget-text-editor\" data-id=\"7792406\" data-element_type=\"widget\" data-e-type=\"widget\" data-widget_type=\"text-editor.default\">\n\t\t\t\t<div class=\"elementor-widget-container\">\n\t\t\t\t\t\t\t\t\t<p>Hemos establecido l\u00edneas de producci\u00f3n de procesamiento maduras, capaces de ofrecer diversos tratamientos y servicios de personalizaci\u00f3n adaptados a los requisitos de cada proyecto:<\/p>\t\t\t\t\t\t\t\t<\/div>\n\t\t\t\t<\/div>\n\t\t\t\t<div class=\"elementor-element elementor-element-80193c9 elementor-widget elementor-widget-text-editor\" data-id=\"80193c9\" data-element_type=\"widget\" data-e-type=\"widget\" data-widget_type=\"text-editor.default\">\n\t\t\t\t<div class=\"elementor-widget-container\">\n\t\t\t\t\t\t\t\t\t<p><strong>Corte y tratamiento t\u00e9rmico:<\/strong><\/p><p>Los servicios personalizados incluyen corte longitudinal, recocido por disoluci\u00f3n y enfriamiento r\u00e1pido a alta temperatura para eliminar tensiones internas, aumentar la ductilidad y mejorar la resistencia a la corrosi\u00f3n.<\/p>\t\t\t\t\t\t\t\t<\/div>\n\t\t\t\t<\/div>\n\t\t\t\t<div class=\"elementor-element elementor-element-bb27f90 elementor-widget elementor-widget-text-editor\" data-id=\"bb27f90\" data-element_type=\"widget\" data-e-type=\"widget\" data-widget_type=\"text-editor.default\">\n\t\t\t\t<div class=\"elementor-widget-container\">\n\t\t\t\t\t\t\t\t\t<p><strong>Pared gruesa y especificaciones especiales:<\/strong><\/p><p>Capaz de producir tubos 309ss de gran di\u00e1metro, pared gruesa y gran longitud para satisfacer requisitos de ingenier\u00eda especializados en cuanto a dimensiones y presiones nominales.<\/p>\t\t\t\t\t\t\t\t<\/div>\n\t\t\t\t<\/div>\n\t\t\t\t<div class=\"elementor-element elementor-element-c62d7be elementor-widget elementor-widget-text-editor\" data-id=\"c62d7be\" data-element_type=\"widget\" data-e-type=\"widget\" data-widget_type=\"text-editor.default\">\n\t\t\t\t<div class=\"elementor-widget-container\">\n\t\t\t\t\t\t\t\t\t<p><strong>Tratamiento de la superficie:\u00a0<\/strong><\/p><p>El recocido brillante y el decapado\/pasivado \u00e1cido est\u00e1n disponibles para eliminar las incrustaciones de \u00f3xido de las superficies interiores y exteriores, creando un acabado uniforme y brillante que mejora la resistencia a la corrosi\u00f3n y facilita el procesamiento posterior y la detecci\u00f3n de fugas.<\/p>\t\t\t\t\t\t\t\t<\/div>\n\t\t\t\t<\/div>\n\t\t\t\t<div class=\"elementor-element elementor-element-1c7cabd elementor-widget elementor-widget-text-editor\" data-id=\"1c7cabd\" data-element_type=\"widget\" data-e-type=\"widget\" data-widget_type=\"text-editor.default\">\n\t\t\t\t<div class=\"elementor-widget-container\">\n\t\t\t\t\t\t\t\t\t<p><strong>Dibujos a medida:<\/strong><\/p><p>Fabricamos componentes complejos, como accesorios de tuber\u00eda no est\u00e1ndar y juntas de brida, a partir de muestras o planos de ingenier\u00eda proporcionados por el cliente. Nuestro equipo t\u00e9cnico especializado ofrece asesoramiento y recomendaciones de optimizaci\u00f3n para garantizar que los productos se ajustan perfectamente a los requisitos del proyecto.<\/p>\t\t\t\t\t\t\t\t<\/div>\n\t\t\t\t<\/div>\n\t\t\t\t\t<\/div>\n\t\t\t\t<\/div>\n\t\t<div class=\"elementor-element elementor-element-8d85eb9 e-flex e-con-boxed e-con e-parent\" data-id=\"8d85eb9\" data-element_type=\"container\" data-e-type=\"container\">\n\t\t\t\t\t<div class=\"e-con-inner\">\n\t\t\t\t<div class=\"elementor-element elementor-element-2f067da elementor-widget elementor-widget-image\" data-id=\"2f067da\" data-element_type=\"widget\" data-e-type=\"widget\" data-widget_type=\"image.default\">\n\t\t\t\t<div class=\"elementor-widget-container\">\n\t\t\t\t\t\t\t\t\t\t\t\t\t\t\t<img fetchpriority=\"high\" decoding=\"async\" width=\"1000\" height=\"493\" src=\"https:\/\/jblstainless.com\/wp-content\/uploads\/2025\/04\/stainless-steel-pipe-surface-treatment.webp\" class=\"attachment-full size-full wp-image-1357\" alt=\"Tubo de acero inoxidable 420\" srcset=\"https:\/\/jblstainless.com\/wp-content\/uploads\/2025\/04\/stainless-steel-pipe-surface-treatment.webp 1000w, https:\/\/jblstainless.com\/wp-content\/uploads\/2025\/04\/stainless-steel-pipe-surface-treatment-300x148.webp 300w, https:\/\/jblstainless.com\/wp-content\/uploads\/2025\/04\/stainless-steel-pipe-surface-treatment-768x379.webp 768w, https:\/\/jblstainless.com\/wp-content\/uploads\/2025\/04\/stainless-steel-pipe-surface-treatment-18x9.webp 18w, https:\/\/jblstainless.com\/wp-content\/uploads\/2025\/04\/stainless-steel-pipe-surface-treatment-600x296.webp 600w\" sizes=\"(max-width: 1000px) 100vw, 1000px\" \/>\t\t\t\t\t\t\t\t\t\t\t\t\t\t\t<\/div>\n\t\t\t\t<\/div>\n\t\t\t\t\t<\/div>\n\t\t\t\t<\/div>\n\t\t<div class=\"elementor-element elementor-element-53e664b e-flex e-con-boxed e-con e-parent\" data-id=\"53e664b\" data-element_type=\"container\" data-e-type=\"container\">\n\t\t\t\t\t<div class=\"e-con-inner\">\n\t\t\t\t<div class=\"elementor-element elementor-element-b5a9db6 elementor-widget elementor-widget-image\" data-id=\"b5a9db6\" data-element_type=\"widget\" data-e-type=\"widget\" data-widget_type=\"image.default\">\n\t\t\t\t<div class=\"elementor-widget-container\">\n\t\t\t\t\t\t\t\t\t\t\t\t\t\t\t<img decoding=\"async\" width=\"1500\" height=\"450\" src=\"https:\/\/jblstainless.com\/wp-content\/uploads\/2025\/02\/stainless-steel-pipe-cutting-processing.webp\" class=\"attachment-1536x1536 size-1536x1536 wp-image-1043\" alt=\"corte de tubos de acero inoxidable\" srcset=\"https:\/\/jblstainless.com\/wp-content\/uploads\/2025\/02\/stainless-steel-pipe-cutting-processing.webp 1500w, https:\/\/jblstainless.com\/wp-content\/uploads\/2025\/02\/stainless-steel-pipe-cutting-processing-300x90.webp 300w, https:\/\/jblstainless.com\/wp-content\/uploads\/2025\/02\/stainless-steel-pipe-cutting-processing-1024x307.webp 1024w, https:\/\/jblstainless.com\/wp-content\/uploads\/2025\/02\/stainless-steel-pipe-cutting-processing-768x230.webp 768w, https:\/\/jblstainless.com\/wp-content\/uploads\/2025\/02\/stainless-steel-pipe-cutting-processing-18x5.webp 18w, https:\/\/jblstainless.com\/wp-content\/uploads\/2025\/02\/stainless-steel-pipe-cutting-processing-600x180.webp 600w\" sizes=\"(max-width: 1500px) 100vw, 1500px\" \/>\t\t\t\t\t\t\t\t\t\t\t\t\t\t\t<\/div>\n\t\t\t\t<\/div>\n\t\t\t\t\t<\/div>\n\t\t\t\t<\/div>\n\t\t\t\t<\/div>","protected":false},"excerpt":{"rendered":"<p>El tubo de acero inoxidable sin soldadura 309S es un acero inoxidable de alta aleaci\u00f3n resistente al calor, con una excepcional resistencia a altas temperaturas, una extraordinaria resistencia a la oxidaci\u00f3n y una buena resistencia a la corrosi\u00f3n.<\/p>\n<p>Normativa: ASTM A213,A312,A269,EN 10216-5,JIS G3459<br \/>\nMaterial: 309,309S<br \/>\nDE: 5 mm - 300 mm<br \/>\nW.T.: Sch. 5S,10S,40S,80S,SCH120, SCH140, SCH160, XXS<br \/>\nLongitud: 5,8 m,6 m; corte a medida<\/p>","protected":false},"featured_media":2475,"template":"","meta":{"_eb_attr":""},"product_brand":[],"product_cat":[30],"product_tag":[],"class_list":{"0":"post-2471","1":"product","2":"type-product","3":"status-publish","4":"has-post-thumbnail","6":"product_cat-stainless-steel-seamless-pipe","8":"first","9":"instock","10":"shipping-taxable","11":"product-type-simple"},"_links":{"self":[{"href":"https:\/\/jblstainless.com\/es\/wp-json\/wp\/v2\/product\/2471","targetHints":{"allow":["GET"]}}],"collection":[{"href":"https:\/\/jblstainless.com\/es\/wp-json\/wp\/v2\/product"}],"about":[{"href":"https:\/\/jblstainless.com\/es\/wp-json\/wp\/v2\/types\/product"}],"version-history":[{"count":5,"href":"https:\/\/jblstainless.com\/es\/wp-json\/wp\/v2\/product\/2471\/revisions"}],"predecessor-version":[{"id":2478,"href":"https:\/\/jblstainless.com\/es\/wp-json\/wp\/v2\/product\/2471\/revisions\/2478"}],"wp:featuredmedia":[{"embeddable":true,"href":"https:\/\/jblstainless.com\/es\/wp-json\/wp\/v2\/media\/2475"}],"wp:attachment":[{"href":"https:\/\/jblstainless.com\/es\/wp-json\/wp\/v2\/media?parent=2471"}],"wp:term":[{"taxonomy":"product_brand","embeddable":true,"href":"https:\/\/jblstainless.com\/es\/wp-json\/wp\/v2\/product_brand?post=2471"},{"taxonomy":"product_cat","embeddable":true,"href":"https:\/\/jblstainless.com\/es\/wp-json\/wp\/v2\/product_cat?post=2471"},{"taxonomy":"product_tag","embeddable":true,"href":"https:\/\/jblstainless.com\/es\/wp-json\/wp\/v2\/product_tag?post=2471"}],"curies":[{"name":"wp","href":"https:\/\/api.w.org\/{rel}","templated":true}]}}