{"id":2492,"date":"2026-02-11T15:19:00","date_gmt":"2026-02-11T07:19:00","guid":{"rendered":"https:\/\/jblstainless.com\/?post_type=product&#038;p=2492"},"modified":"2026-02-11T15:35:14","modified_gmt":"2026-02-11T07:35:14","slug":"tubo-sin-soldadura-de-acero-inoxidable-347","status":"publish","type":"product","link":"https:\/\/jblstainless.com\/es\/347-stainless-steel-seamless-pipe\/","title":{"rendered":"Tubo sin soldadura de acero inoxidable 347"},"content":{"rendered":"<div data-elementor-type=\"product-post\" data-elementor-id=\"2492\" class=\"elementor elementor-2492\" data-elementor-post-type=\"product\">\n\t\t\t\t<div class=\"elementor-element elementor-element-fa4a8e3 e-flex e-con-boxed e-con e-parent\" data-id=\"fa4a8e3\" data-element_type=\"container\" data-e-type=\"container\">\n\t\t\t\t\t<div class=\"e-con-inner\">\n\t\t\t\t<div class=\"elementor-element elementor-element-90f0f6b elementor-widget elementor-widget-text-editor\" data-id=\"90f0f6b\" data-element_type=\"widget\" data-e-type=\"widget\" data-widget_type=\"text-editor.default\">\n\t\t\t\t<div class=\"elementor-widget-container\">\n\t\t\t\t\t\t\t\t\t<p>El acero inoxidable 347 es un grado desarrollado mediante la adici\u00f3n del elemento estabilizador niobio al acero inoxidable austen\u00edtico al cromo-n\u00edquel. Sus tubos sin soldadura se fabrican mediante procesos como el laminado en caliente, la extrusi\u00f3n en caliente, el estirado en fr\u00edo o el laminado en fr\u00edo, lo que da como resultado tubos de acero sin costuras de soldadura ni en la pared interior ni en la exterior. Este m\u00e9todo de producci\u00f3n dota a los tubos de una mayor capacidad para soportar presi\u00f3n, una microestructura m\u00e1s uniforme y una excelente precisi\u00f3n dimensional. <\/p><p>El tubo sin soldadura de acero inoxidable 347 es un tubo de acero inoxidable austen\u00edtico estabilizado con niobio que contiene 0,32-1% de niobio para evitar la sensibilizaci\u00f3n a altas temperaturas, proporcionando una excelente resistencia a altas temperaturas y a la corrosi\u00f3n, adecuado para condiciones que superen los 425\u00b0C.<\/p>\t\t\t\t\t\t\t\t<\/div>\n\t\t\t\t<\/div>\n\t\t\t\t\t<\/div>\n\t\t\t\t<\/div>\n\t\t<div class=\"elementor-element elementor-element-cd82651 e-flex e-con-boxed e-con e-parent\" data-id=\"cd82651\" data-element_type=\"container\" data-e-type=\"container\">\n\t\t\t\t\t<div class=\"e-con-inner\">\n\t\t\t\t<div class=\"elementor-element elementor-element-3417544 elementor-widget elementor-widget-heading\" data-id=\"3417544\" data-element_type=\"widget\" data-e-type=\"widget\" data-widget_type=\"heading.default\">\n\t\t\t\t<div class=\"elementor-widget-container\">\n\t\t\t\t\t<h2 class=\"elementor-heading-title elementor-size-default\">Especificaci\u00f3n de los tubos sin soldadura de acero inoxidable 347<\/h2>\t\t\t\t<\/div>\n\t\t\t\t<\/div>\n\t\t\t\t<div class=\"elementor-element elementor-element-b9d6e08 elementor-widget elementor-widget-text-editor\" data-id=\"b9d6e08\" data-element_type=\"widget\" data-e-type=\"widget\" data-widget_type=\"text-editor.default\">\n\t\t\t\t<div class=\"elementor-widget-container\">\n\t\t\t\t\t\t\t\t\t<p>Normativa: ASTM A269, ASTM A213, ASTM A312<\/p><p>Espesor de pared: Schedule 10 a Schedule 160 (3 mm a 100 mm de espesor)<\/p><p>Tama\u00f1o del di\u00e1metro exterior: 0,5\u201d NB - 16\u201d NB<\/p><p>Longitud: 0,1 m - 12,5 m, longitud aleatoria simple, longitud aleatoria doble y tama\u00f1o personalizado<\/p><p>Extremos de tubo: lisos \/ biselados \/ ranurados<\/p><p>Servicio de valor a\u00f1adido: Pulido, biselado, bru\u00f1ido\/torneado, tratamiento t\u00e9rmico \/ recocido \/ recocido brillante\u00a0<\/p>\t\t\t\t\t\t\t\t<\/div>\n\t\t\t\t<\/div>\n\t\t\t\t<div class=\"elementor-element elementor-element-3157ae5 elementor-widget elementor-widget-image\" data-id=\"3157ae5\" data-element_type=\"widget\" data-e-type=\"widget\" data-widget_type=\"image.default\">\n\t\t\t\t<div class=\"elementor-widget-container\">\n\t\t\t\t\t\t\t\t\t\t\t\t\t\t\t<img fetchpriority=\"high\" decoding=\"async\" width=\"1000\" height=\"279\" src=\"https:\/\/jblstainless.com\/wp-content\/uploads\/2025\/09\/stainless-steel-pipe-end.webp\" class=\"attachment-1536x1536 size-1536x1536 wp-image-2201\" alt=\"Tubo sin soldadura de acero inoxidable 347\" srcset=\"https:\/\/jblstainless.com\/wp-content\/uploads\/2025\/09\/stainless-steel-pipe-end.webp 1000w, https:\/\/jblstainless.com\/wp-content\/uploads\/2025\/09\/stainless-steel-pipe-end-700x195.webp 700w, https:\/\/jblstainless.com\/wp-content\/uploads\/2025\/09\/stainless-steel-pipe-end-768x214.webp 768w, https:\/\/jblstainless.com\/wp-content\/uploads\/2025\/09\/stainless-steel-pipe-end-18x5.webp 18w, https:\/\/jblstainless.com\/wp-content\/uploads\/2025\/09\/stainless-steel-pipe-end-600x167.webp 600w\" sizes=\"(max-width: 1000px) 100vw, 1000px\" \/>\t\t\t\t\t\t\t\t\t\t\t\t\t\t\t<\/div>\n\t\t\t\t<\/div>\n\t\t\t\t\t<\/div>\n\t\t\t\t<\/div>\n\t\t<div class=\"elementor-element elementor-element-63f1419 e-flex e-con-boxed e-con e-parent\" data-id=\"63f1419\" data-element_type=\"container\" data-e-type=\"container\">\n\t\t\t\t\t<div class=\"e-con-inner\">\n\t\t\t\t<div class=\"elementor-element elementor-element-7627d60 elementor-widget elementor-widget-heading\" data-id=\"7627d60\" data-element_type=\"widget\" data-e-type=\"widget\" data-widget_type=\"heading.default\">\n\t\t\t\t<div class=\"elementor-widget-container\">\n\t\t\t\t\t<h3 class=\"elementor-heading-title elementor-size-default\">Categor\u00edas de acero inoxidable 347<\/h3>\t\t\t\t<\/div>\n\t\t\t\t<\/div>\n\t\t\t\t<div class=\"elementor-element elementor-element-690f909 elementor-widget elementor-widget-text-editor\" data-id=\"690f909\" data-element_type=\"widget\" data-e-type=\"widget\" data-widget_type=\"text-editor.default\">\n\t\t\t\t<div class=\"elementor-widget-container\">\n\t\t\t\t\t\t\t\t\t<p>El acero inoxidable 347 es un acero inoxidable austen\u00edtico que contiene niobio y t\u00e1ntalo para evitar la formaci\u00f3n de carburos de cromo, ofrece una excelente resistencia a la corrosi\u00f3n intergranular y es adecuado para entornos de alta temperatura. Su resistencia a la corrosi\u00f3n es superior a la de <a href=\"https:\/\/jblstainless.com\/es\/tubo-de-acero-inoxidable-321\/\"><u><b>Acero inoxidable 321<\/b><\/u><\/a>, por lo que es adecuado tanto para entornos de alta temperatura como de baja temperatura, con buena resistencia a la corrosi\u00f3n y al calor.<\/p>\t\t\t\t\t\t\t\t<\/div>\n\t\t\t\t<\/div>\n\t\t\t\t<div class=\"elementor-element elementor-element-c1140d6 elementor-widget elementor-widget-text-editor\" data-id=\"c1140d6\" data-element_type=\"widget\" data-e-type=\"widget\" data-widget_type=\"text-editor.default\">\n\t\t\t\t<div class=\"elementor-widget-container\">\n\t\t\t\t\t\t\t\t\t<p>En funci\u00f3n del contenido de carbono, el acero inoxidable 347 se divide principalmente en dos calidades:<\/p><p><strong>Acero inoxidable 347 (UNS S34700):<\/strong> Su contenido de carbono suele ser inferior a 0,08%, lo que lo hace adecuado para la mayor\u00eda de las aplicaciones de alta temperatura y resistentes a la corrosi\u00f3n.<\/p><p><strong>Acero inoxidable 347H (UNS S34709):<\/strong> la versi\u00f3n de alto contenido en carbono del 347, con un contenido en carbono que suele oscilar entre 0,04% y 0,10%. El mayor contenido de carbono, combinado con el niobio, mejora significativamente la resistencia a altas temperaturas y a la fluencia del material, lo que lo hace m\u00e1s adecuado para su uso a largo plazo en entornos presurizados a temperaturas ultraelevadas (normalmente superiores a 538 \u00b0C).<\/p><p>La diferencia en el contenido de carbono hace que el 347H sea significativamente superior al 347 en t\u00e9rminos de tensi\u00f3n admisible y resistencia a la rotura por fluencia a temperaturas superiores a 538\u00b0C (1000\u00b0F), convirti\u00e9ndolo en uno de los materiales preferidos para aplicaciones de alta temperatura en el C\u00f3digo ASME de Calderas y Recipientes a Presi\u00f3n.<\/p>\t\t\t\t\t\t\t\t<\/div>\n\t\t\t\t<\/div>\n\t\t\t\t\t<\/div>\n\t\t\t\t<\/div>\n\t\t<div class=\"elementor-element elementor-element-6601ec4 e-flex e-con-boxed e-con e-parent\" data-id=\"6601ec4\" data-element_type=\"container\" data-e-type=\"container\">\n\t\t\t\t\t<div class=\"e-con-inner\">\n\t\t\t\t<div class=\"elementor-element elementor-element-8ae60bd elementor-widget elementor-widget-heading\" data-id=\"8ae60bd\" data-element_type=\"widget\" data-e-type=\"widget\" data-widget_type=\"heading.default\">\n\t\t\t\t<div class=\"elementor-widget-container\">\n\t\t\t\t\t<h2 class=\"elementor-heading-title elementor-size-default\">Por qu\u00e9 elegir tubos sin soldadura SS 347<\/h2>\t\t\t\t<\/div>\n\t\t\t\t<\/div>\n\t\t\t\t<div class=\"elementor-element elementor-element-5111755 elementor-widget elementor-widget-text-editor\" data-id=\"5111755\" data-element_type=\"widget\" data-e-type=\"widget\" data-widget_type=\"text-editor.default\">\n\t\t\t\t<div class=\"elementor-widget-container\">\n\t\t\t\t\t\t\t\t\t<p>A diferencia del acero de grado 304, el acero inoxidable 347 tiene mejores propiedades de resistencia a la fluencia y al arrebato. Tambi\u00e9n funciona mejor en condiciones de calor extremo y tiene una excelente capacidad para soportar altas presiones. Tiene mejor tenacidad junto con una buena resistencia general.<\/p>\t\t\t\t\t\t\t\t<\/div>\n\t\t\t\t<\/div>\n\t\t\t\t<div class=\"elementor-element elementor-element-528ed51 elementor-widget elementor-widget-text-editor\" data-id=\"528ed51\" data-element_type=\"widget\" data-e-type=\"widget\" data-widget_type=\"text-editor.default\">\n\t\t\t\t<div class=\"elementor-widget-container\">\n\t\t\t\t\t\t\t\t\t<p><strong>1. Estructura estabilizada con Nb: Supresi\u00f3n de la corrosi\u00f3n intergranular<\/strong><br \/>En comparaci\u00f3n con el 304H y el 321, el acero inoxidable 347 incorpora niobio (Nb) para formar preferentemente carburos estables con el carbono:<\/p><ul><li>Previene la precipitaci\u00f3n de cromo en los l\u00edmites de grano:Inhibe la corrosi\u00f3n intergranular<\/li><li>Elimina el complejo tratamiento con soluci\u00f3n postsoldadura: Ideal para la construcci\u00f3n in situ a gran escala<\/li><li>Microestructura m\u00e1s estable a altas temperaturas prolongadas<\/li><\/ul>\t\t\t\t\t\t\t\t<\/div>\n\t\t\t\t<\/div>\n\t\t\t\t<div class=\"elementor-element elementor-element-c4fd1fc elementor-widget elementor-widget-text-editor\" data-id=\"c4fd1fc\" data-element_type=\"widget\" data-e-type=\"widget\" data-widget_type=\"text-editor.default\">\n\t\t\t\t<div class=\"elementor-widget-container\">\n\t\t\t\t\t\t\t\t\t<p><strong>2. Tubo de acero sin soldadura 347: Adecuado para condiciones de alta temperatura y alta presi\u00f3n<\/strong><\/p><ul><li>Construcci\u00f3n sin costuras para una distribuci\u00f3n m\u00e1s uniforme de la tensi\u00f3n<\/li><li>Mayor resistencia a la presi\u00f3n y coeficiente de seguridad<\/li><li>M\u00e1s adecuado para proyectos que requieren un cumplimiento estricto de las normas ASME, ASTM y otras normas rigurosas.<\/li><\/ul>\t\t\t\t\t\t\t\t<\/div>\n\t\t\t\t<\/div>\n\t\t\t\t<div class=\"elementor-element elementor-element-484bdb0 elementor-widget elementor-widget-text-editor\" data-id=\"484bdb0\" data-element_type=\"widget\" data-e-type=\"widget\" data-widget_type=\"text-editor.default\">\n\t\t\t\t<div class=\"elementor-widget-container\">\n\t\t\t\t\t\t\t\t\t<p><strong>3. Resistencia a altas temperaturas<\/strong><\/p><p>El acero inoxidable 347 presenta una mayor estabilidad en lo siguiente:<\/p><ul><li>Resistencia superior a la fluencia a altas temperaturas<\/li><li>Gran resistencia a la fatiga t\u00e9rmica<\/li><li>Degradaci\u00f3n m\u00e1s lenta de las propiedades mec\u00e1nicas durante el funcionamiento a largo plazo<\/li><\/ul>\t\t\t\t\t\t\t\t<\/div>\n\t\t\t\t<\/div>\n\t\t\t\t<div class=\"elementor-element elementor-element-5fed6bc elementor-widget elementor-widget-text-editor\" data-id=\"5fed6bc\" data-element_type=\"widget\" data-e-type=\"widget\" data-widget_type=\"text-editor.default\">\n\t\t\t\t<div class=\"elementor-widget-container\">\n\t\t\t\t\t\t\t\t\t<p><strong>4.Excelente maquinabilidad y soldabilidad<\/strong><\/p><p>El acero inoxidable 347 presenta una excelente trabajabilidad en fr\u00edo y en caliente. Su procesamiento en caliente (como la forja y el laminado en caliente) suele implicar temperaturas que oscilan entre 1150 y 1250 \u00b0C.<\/p><p>Debido al efecto estabilizador del niobio, las uniones soldadas son menos susceptibles a la corrosi\u00f3n intergranular, por lo que el tratamiento t\u00e9rmico posterior a la soldadura suele ser innecesario.<\/p>\t\t\t\t\t\t\t\t<\/div>\n\t\t\t\t<\/div>\n\t\t\t\t\t<\/div>\n\t\t\t\t<\/div>\n\t\t<div class=\"elementor-element elementor-element-dfaaf83 e-flex e-con-boxed e-con e-parent\" data-id=\"dfaaf83\" data-element_type=\"container\" data-e-type=\"container\">\n\t\t\t\t\t<div class=\"e-con-inner\">\n\t\t\t\t<div class=\"elementor-element elementor-element-67a176a elementor-widget elementor-widget-heading\" data-id=\"67a176a\" data-element_type=\"widget\" data-e-type=\"widget\" data-widget_type=\"heading.default\">\n\t\t\t\t<div class=\"elementor-widget-container\">\n\t\t\t\t\t<h3 class=\"elementor-heading-title elementor-size-default\">Composici\u00f3n qu\u00edmica de los tubos de acero inoxidable 347\n<\/h3>\t\t\t\t<\/div>\n\t\t\t\t<\/div>\n\t\t\t\t<div class=\"elementor-element elementor-element-3a79885 elementor-widget elementor-widget-text-editor\" data-id=\"3a79885\" data-element_type=\"widget\" data-e-type=\"widget\" data-widget_type=\"text-editor.default\">\n\t\t\t\t<div class=\"elementor-widget-container\">\n\t\t\t\t\t\t\t\t\t<table><tbody><tr><th>Est\u00e1ndar<\/th><th>Elemento<\/th><th>C<\/th><th>Cr<\/th><th>Mn<\/th><th>Ni<\/th><th>P<\/th><th>S<\/th><th>Si<\/th><th>Cb\/Ta<\/th><\/tr><tr><td colspan=\"1\" rowspan=\"2\">ASTM A213<br \/>\/ASTM A312<\/td><td>347<\/td><td>0,08 m\u00e1x.<\/td><td>min: 17.0<br \/>m\u00e1x: 20,0<\/td><td>2,0 m\u00e1x.<\/td><td>min: 9.0<br \/>m\u00e1x: 13,0<\/td><td>0,04 m\u00e1x.<\/td><td>0.30<br \/>m\u00e1ximo<\/td><td>0.75<br \/>m\u00e1ximo<\/td><td>min:10x C<br \/>m\u00e1x: 1,0<\/td><\/tr><tr><td>347H<\/td><td>m\u00edn: 0,04<br \/>m\u00e1x: 0,10<\/td><td>min: 17.0<br \/>m\u00e1x: 20,0<\/td><td>2,0 m\u00e1x.<\/td><td>min: 9.0<br \/>m\u00e1x: 13,0<\/td><td>0,03 m\u00e1x.<\/td><td>0.30<br \/>m\u00e1ximo<\/td><td>0.75<br \/>m\u00e1ximo<\/td><td>min:10x C<br \/>m\u00e1x: 1,0<\/td><\/tr><\/tbody><\/table>\t\t\t\t\t\t\t\t<\/div>\n\t\t\t\t<\/div>\n\t\t\t\t\t<\/div>\n\t\t\t\t<\/div>\n\t\t<div class=\"elementor-element elementor-element-180e660 e-flex e-con-boxed e-con e-parent\" data-id=\"180e660\" data-element_type=\"container\" data-e-type=\"container\">\n\t\t\t\t\t<div class=\"e-con-inner\">\n\t\t\t\t<div class=\"elementor-element elementor-element-856e879 elementor-widget elementor-widget-heading\" data-id=\"856e879\" data-element_type=\"widget\" data-e-type=\"widget\" data-widget_type=\"heading.default\">\n\t\t\t\t<div class=\"elementor-widget-container\">\n\t\t\t\t\t<h3 class=\"elementor-heading-title elementor-size-default\">Propiedades mec\u00e1nicas<\/h3>\t\t\t\t<\/div>\n\t\t\t\t<\/div>\n\t\t\t\t<div class=\"elementor-element elementor-element-15b588b elementor-widget elementor-widget-text-editor\" data-id=\"15b588b\" data-element_type=\"widget\" data-e-type=\"widget\" data-widget_type=\"text-editor.default\">\n\t\t\t\t<div class=\"elementor-widget-container\">\n\t\t\t\t\t\t\t\t\t<table class=\"table\"><tbody><tr><th>Grado<\/th><th>Resistencia a la tracci\u00f3n ksi (MPa) min<\/th><th>L\u00edmite el\u00e1stico 0.2% ksi offset ksi (MPa) min<\/th><th>Alargamiento (% en 50mm) min<\/th><th>Dureza (Brinell) MAX<\/th><th>Dureza (Rockwell B) MAX<\/th><\/tr><tr><td>347\/347H<\/td><td>75<br \/>(515)<\/td><td>30<br \/>(205)<\/td><td>40<\/td><td>201<\/td><td>95<\/td><\/tr><\/tbody><\/table>\t\t\t\t\t\t\t\t<\/div>\n\t\t\t\t<\/div>\n\t\t\t\t\t<\/div>\n\t\t\t\t<\/div>\n\t\t<div class=\"elementor-element elementor-element-46a4eb3 e-flex e-con-boxed e-con e-parent\" data-id=\"46a4eb3\" data-element_type=\"container\" data-e-type=\"container\">\n\t\t\t\t\t<div class=\"e-con-inner\">\n\t\t\t\t<div class=\"elementor-element elementor-element-a4ad9d9 elementor-widget elementor-widget-heading\" data-id=\"a4ad9d9\" data-element_type=\"widget\" data-e-type=\"widget\" data-widget_type=\"heading.default\">\n\t\t\t\t<div class=\"elementor-widget-container\">\n\t\t\t\t\t<h2 class=\"elementor-heading-title elementor-size-default\">Aplicaciones<\/h2>\t\t\t\t<\/div>\n\t\t\t\t<\/div>\n\t\t\t\t<div class=\"elementor-element elementor-element-494dd5c elementor-widget elementor-widget-text-editor\" data-id=\"494dd5c\" data-element_type=\"widget\" data-e-type=\"widget\" data-widget_type=\"text-editor.default\">\n\t\t\t\t<div class=\"elementor-widget-container\">\n\t\t\t\t\t\t\t\t\t<p>Con sus caracter\u00edsticas de rendimiento \u00fanicas, los tubos sin soldadura de acero inoxidable 347 desempe\u00f1an un papel indispensable en m\u00faltiples industrias.<\/p>\t\t\t\t\t\t\t\t<\/div>\n\t\t\t\t<\/div>\n\t\t\t\t<div class=\"elementor-element elementor-element-226f583 elementor-widget elementor-widget-text-editor\" data-id=\"226f583\" data-element_type=\"widget\" data-e-type=\"widget\" data-widget_type=\"text-editor.default\">\n\t\t\t\t<div class=\"elementor-widget-container\">\n\t\t\t\t\t\t\t\t\t<p><strong>Plantas petrol\u00edferas y qu\u00edmicas<\/strong><\/p><p>Los tubos de acero inoxidable 347 ofrecen un rendimiento postsoldadura estable y resistencia a la corrosi\u00f3n intergranular, lo que minimiza los tiempos de inactividad imprevistos.<\/p>\t\t\t\t\t\t\t\t<\/div>\n\t\t\t\t<\/div>\n\t\t\t\t<div class=\"elementor-element elementor-element-6cd585c elementor-widget elementor-widget-text-editor\" data-id=\"6cd585c\" data-element_type=\"widget\" data-e-type=\"widget\" data-widget_type=\"text-editor.default\">\n\t\t\t\t<div class=\"elementor-widget-container\">\n\t\t\t\t\t\t\t\t\t<p><strong>Ingenier\u00eda energ\u00e9tica<\/strong><\/p><p>Los tubos de acero 347, que mantienen a largo plazo la estabilidad de la resistencia a altas temperaturas, ofrecen una vida \u00fatil superior a 20 a\u00f1os.<\/p>\t\t\t\t\t\t\t\t<\/div>\n\t\t\t\t<\/div>\n\t\t\t\t<div class=\"elementor-element elementor-element-0ec288d elementor-widget elementor-widget-text-editor\" data-id=\"0ec288d\" data-element_type=\"widget\" data-e-type=\"widget\" data-widget_type=\"text-editor.default\">\n\t\t\t\t<div class=\"elementor-widget-container\">\n\t\t\t\t\t\t\t\t\t<p><strong>Hornos industriales y equipos de tratamiento t\u00e9rmico<\/strong><\/p><p>El acero inoxidable 347 resiste la fatiga t\u00e9rmica, por lo que es ideal para aplicaciones con frecuentes ciclos de arranque y parada.<\/p>\t\t\t\t\t\t\t\t<\/div>\n\t\t\t\t<\/div>\n\t\t\t\t\t<\/div>\n\t\t\t\t<\/div>\n\t\t\t\t<\/div>","protected":false},"excerpt":{"rendered":"<p>El tubo sin soldadura de acero inoxidable 347 es un acero inoxidable austen\u00edtico estabilizado con niobio (Nb) optimizado para entornos de servicio de larga duraci\u00f3n a altas temperaturas.<\/p>\n<p>Excelente resistencia a la corrosi\u00f3n intergranular<\/p>\n<p>Propiedades superiores a altas temperaturas<\/p>\n<p>Buena maquinabilidad y soldabilidad<\/p>","protected":false},"featured_media":2499,"template":"","meta":{"_eb_attr":""},"product_brand":[],"product_cat":[30],"product_tag":[],"class_list":{"0":"post-2492","1":"product","2":"type-product","3":"status-publish","4":"has-post-thumbnail","6":"product_cat-stainless-steel-seamless-pipe","8":"first","9":"instock","10":"shipping-taxable","11":"product-type-simple"},"_links":{"self":[{"href":"https:\/\/jblstainless.com\/es\/wp-json\/wp\/v2\/product\/2492","targetHints":{"allow":["GET"]}}],"collection":[{"href":"https:\/\/jblstainless.com\/es\/wp-json\/wp\/v2\/product"}],"about":[{"href":"https:\/\/jblstainless.com\/es\/wp-json\/wp\/v2\/types\/product"}],"version-history":[{"count":13,"href":"https:\/\/jblstainless.com\/es\/wp-json\/wp\/v2\/product\/2492\/revisions"}],"predecessor-version":[{"id":2509,"href":"https:\/\/jblstainless.com\/es\/wp-json\/wp\/v2\/product\/2492\/revisions\/2509"}],"wp:featuredmedia":[{"embeddable":true,"href":"https:\/\/jblstainless.com\/es\/wp-json\/wp\/v2\/media\/2499"}],"wp:attachment":[{"href":"https:\/\/jblstainless.com\/es\/wp-json\/wp\/v2\/media?parent=2492"}],"wp:term":[{"taxonomy":"product_brand","embeddable":true,"href":"https:\/\/jblstainless.com\/es\/wp-json\/wp\/v2\/product_brand?post=2492"},{"taxonomy":"product_cat","embeddable":true,"href":"https:\/\/jblstainless.com\/es\/wp-json\/wp\/v2\/product_cat?post=2492"},{"taxonomy":"product_tag","embeddable":true,"href":"https:\/\/jblstainless.com\/es\/wp-json\/wp\/v2\/product_tag?post=2492"}],"curies":[{"name":"wp","href":"https:\/\/api.w.org\/{rel}","templated":true}]}}