{"id":2515,"date":"2026-03-05T17:22:40","date_gmt":"2026-03-05T09:22:40","guid":{"rendered":"https:\/\/jblstainless.com\/?post_type=product&#038;p=2515"},"modified":"2026-03-05T17:25:52","modified_gmt":"2026-03-05T09:25:52","slug":"tubo-de-acero-inoxidable-410-sin-soldadura","status":"publish","type":"product","link":"https:\/\/jblstainless.com\/es\/410-seamless-stainless-steel-pipe\/","title":{"rendered":"Tubo de acero inoxidable 410 sin soldadura"},"content":{"rendered":"<div data-elementor-type=\"product-post\" data-elementor-id=\"2515\" class=\"elementor elementor-2515\" data-elementor-post-type=\"product\">\n\t\t\t\t<div class=\"elementor-element elementor-element-a3d817c e-flex e-con-boxed e-con e-parent\" data-id=\"a3d817c\" data-element_type=\"container\" data-e-type=\"container\">\n\t\t\t\t\t<div class=\"e-con-inner\">\n\t\t\t\t<div class=\"elementor-element elementor-element-b746704 elementor-widget elementor-widget-text-editor\" data-id=\"b746704\" data-element_type=\"widget\" data-e-type=\"widget\" data-widget_type=\"text-editor.default\">\n\t\t\t\t<div class=\"elementor-widget-container\">\n\t\t\t\t\t\t\t\t\t<p>El acero inoxidable 410 es un acero inoxidable martens\u00edtico t\u00edpico, tambi\u00e9n conocido como \u201c1Cr13\u201d, que contiene aproximadamente 12% de cromo, proporciona una resistencia moderada a la corrosi\u00f3n, buena resistencia mec\u00e1nica, capacidad de tratamiento t\u00e9rmico y propiedades magn\u00e9ticas, ampliamente utilizado en la fabricaci\u00f3n de diversos componentes mec\u00e1nicos resistentes al desgaste y de alta resistencia.<\/p><p>A diferencia de los aceros inoxidables austen\u00edticos t\u00edpicos (<a href=\"https:\/\/jblstainless.com\/es\/tubo-sin-soldadura-de-acero-inoxidable-304\/\"><em><span style=\"text-decoration: underline;\"><strong>304<\/strong><\/span><\/em><\/a>\/<a href=\"https:\/\/jblstainless.com\/es\/tubo-sin-soldadura-de-acero-inoxidable-316\/\"><span style=\"text-decoration: underline;\"><em><strong>316<\/strong><\/em><\/span><\/a>), el acero 410 tiene una estructura cristalina c\u00fabica centrada en el cuerpo y presenta propiedades magn\u00e9ticas. Su resistencia y dureza pueden mejorarse considerablemente mediante tratamientos t\u00e9rmicos como el temple y el revenido. Puede formarse en estado bruto y alcanza una excelente resistencia y resistencia al desgaste tras el tratamiento t\u00e9rmico.<\/p>\t\t\t\t\t\t\t\t<\/div>\n\t\t\t\t<\/div>\n\t\t\t\t\t<\/div>\n\t\t\t\t<\/div>\n\t\t<div class=\"elementor-element elementor-element-407e44c e-flex e-con-boxed e-con e-parent\" data-id=\"407e44c\" data-element_type=\"container\" data-e-type=\"container\">\n\t\t\t\t\t<div class=\"e-con-inner\">\n\t\t\t\t<div class=\"elementor-element elementor-element-e673dc0 elementor-widget elementor-widget-heading\" data-id=\"e673dc0\" data-element_type=\"widget\" data-e-type=\"widget\" data-widget_type=\"heading.default\">\n\t\t\t\t<div class=\"elementor-widget-container\">\n\t\t\t\t\t<h2 class=\"elementor-heading-title elementor-size-default\">Por qu\u00e9 elegir los tubos de acero inoxidable sin soldadura 410<\/h2>\t\t\t\t<\/div>\n\t\t\t\t<\/div>\n\t\t\t\t<div class=\"elementor-element elementor-element-a685033 elementor-widget elementor-widget-text-editor\" data-id=\"a685033\" data-element_type=\"widget\" data-e-type=\"widget\" data-widget_type=\"text-editor.default\">\n\t\t\t\t<div class=\"elementor-widget-container\">\n\t\t\t\t\t\t\t\t\t<p>Los tubos sin soldadura de acero inoxidable 410 son productos tubulares huecos fabricados mediante procesos de laminaci\u00f3n en caliente o extrusi\u00f3n, que presentan una superficie lisa y unas dimensiones precisas de la secci\u00f3n transversal.<\/p><p>JBLSTEEL es fabricante, exportador y proveedores de alta calidad 410 tubos de acero inoxidable sin soldadura. Suministramos todos los tubos de acero inoxidable 410 en diferentes tama\u00f1os, di\u00e1metros y tipos como sin costura, soldado y fabricado. 410 tuber\u00eda tambi\u00e9n est\u00e1 disponible en varios tama\u00f1os, formas seg\u00fan los requisitos de nuestros clientes. Llevamos a cabo rigurosas inspecciones en cada lote de tuber\u00eda 410. Certificados de Prueba de Materiales (MTC) y los informes de propiedades mec\u00e1nicas est\u00e1n disponibles antes del env\u00edo, de conformidad con las normas ASTM \/ ASME \/ JIS \/ GB.<\/p>\t\t\t\t\t\t\t\t<\/div>\n\t\t\t\t<\/div>\n\t\t\t\t\t<\/div>\n\t\t\t\t<\/div>\n\t\t<div class=\"elementor-element elementor-element-ca1fa32 e-flex e-con-boxed e-con e-parent\" data-id=\"ca1fa32\" data-element_type=\"container\" data-e-type=\"container\">\n\t\t\t\t\t<div class=\"e-con-inner\">\n\t\t\t\t<div class=\"elementor-element elementor-element-f41159a elementor-widget elementor-widget-image\" data-id=\"f41159a\" data-element_type=\"widget\" data-e-type=\"widget\" data-widget_type=\"image.default\">\n\t\t\t\t<div class=\"elementor-widget-container\">\n\t\t\t\t\t\t\t\t\t\t\t\t\t\t\t<img fetchpriority=\"high\" decoding=\"async\" width=\"800\" height=\"394\" src=\"https:\/\/jblstainless.com\/wp-content\/uploads\/2025\/04\/stainless-steel-pipe-surface-treatment.webp\" class=\"attachment-large size-large wp-image-1357\" alt=\"Tubo de acero inoxidable 420\" srcset=\"https:\/\/jblstainless.com\/wp-content\/uploads\/2025\/04\/stainless-steel-pipe-surface-treatment.webp 1000w, https:\/\/jblstainless.com\/wp-content\/uploads\/2025\/04\/stainless-steel-pipe-surface-treatment-300x148.webp 300w, https:\/\/jblstainless.com\/wp-content\/uploads\/2025\/04\/stainless-steel-pipe-surface-treatment-768x379.webp 768w, https:\/\/jblstainless.com\/wp-content\/uploads\/2025\/04\/stainless-steel-pipe-surface-treatment-18x9.webp 18w, https:\/\/jblstainless.com\/wp-content\/uploads\/2025\/04\/stainless-steel-pipe-surface-treatment-600x296.webp 600w\" sizes=\"(max-width: 800px) 100vw, 800px\" \/>\t\t\t\t\t\t\t\t\t\t\t\t\t\t\t<\/div>\n\t\t\t\t<\/div>\n\t\t\t\t\t<\/div>\n\t\t\t\t<\/div>\n\t\t<div class=\"elementor-element elementor-element-1ad82db e-flex e-con-boxed e-con e-parent\" data-id=\"1ad82db\" data-element_type=\"container\" data-e-type=\"container\">\n\t\t\t\t\t<div class=\"e-con-inner\">\n\t\t\t\t<div class=\"elementor-element elementor-element-cfd7c5e elementor-widget elementor-widget-heading\" data-id=\"cfd7c5e\" data-element_type=\"widget\" data-e-type=\"widget\" data-widget_type=\"heading.default\">\n\t\t\t\t<div class=\"elementor-widget-container\">\n\t\t\t\t\t<h3 class=\"elementor-heading-title elementor-size-default\">Tubos de acero inoxidable 410 Ventajas\n<\/h3>\t\t\t\t<\/div>\n\t\t\t\t<\/div>\n\t\t\t\t<div class=\"elementor-element elementor-element-a57e256 elementor-widget elementor-widget-text-editor\" data-id=\"a57e256\" data-element_type=\"widget\" data-e-type=\"widget\" data-widget_type=\"text-editor.default\">\n\t\t\t\t<div class=\"elementor-widget-container\">\n\t\t\t\t\t\t\t\t\t<p>El 410 es un acero inoxidable recocido con elevadas propiedades mec\u00e1nicas, que ofrece excelentes propiedades magn\u00e9ticas tanto en estado recocido como templado.<\/p>\t\t\t\t\t\t\t\t<\/div>\n\t\t\t\t<\/div>\n\t\t\t\t<div class=\"elementor-element elementor-element-afc72e6 elementor-widget elementor-widget-text-editor\" data-id=\"afc72e6\" data-element_type=\"widget\" data-e-type=\"widget\" data-widget_type=\"text-editor.default\">\n\t\t\t\t<div class=\"elementor-widget-container\">\n\t\t\t\t\t\t\t\t\t<p><strong>Resistencia a la corrosi\u00f3n:<\/strong><\/p><p>Excelente resistencia a la corrosi\u00f3n en entornos de temperatura baja a media y medios ligeramente corrosivos (por ejemplo, agua limpia, aceite, gases \u00e1cidos), pero inadecuado para entornos con alto contenido en cloruros. Se requiere protecci\u00f3n adicional para medios fuertemente corrosivos como \u00e1cidos, \u00e1lcalis y agua de mar.<\/p>\t\t\t\t\t\t\t\t<\/div>\n\t\t\t\t<\/div>\n\t\t\t\t<div class=\"elementor-element elementor-element-15d18ca elementor-widget elementor-widget-text-editor\" data-id=\"15d18ca\" data-element_type=\"widget\" data-e-type=\"widget\" data-widget_type=\"text-editor.default\">\n\t\t\t\t<div class=\"elementor-widget-container\">\n\t\t\t\t\t\t\t\t\t<p><strong>Resistencia al calor:<\/strong><\/p><p>Puede soportar rangos de temperatura moderados (temperatura de funcionamiento t\u00edpica \u2264 350\u00b0C), de uso com\u00fan en tuber\u00edas de vapor y equipos de tratamiento t\u00e9rmico. La resistencia m\u00e1xima al calor supera los 600-650\u00b0C, con una resistencia superior a la oxidaci\u00f3n (superior a la del acero al carbono ordinario).<\/p>\t\t\t\t\t\t\t\t<\/div>\n\t\t\t\t<\/div>\n\t\t\t\t<div class=\"elementor-element elementor-element-7c858f5 elementor-widget elementor-widget-text-editor\" data-id=\"7c858f5\" data-element_type=\"widget\" data-e-type=\"widget\" data-widget_type=\"text-editor.default\">\n\t\t\t\t<div class=\"elementor-widget-container\">\n\t\t\t\t\t\t\t\t\t<p><strong>Trabajabilidad:<\/strong><\/p><p>Se reblandece en estado recocido, lo que permite procesos secundarios como el doblado o el prensado; se endurece en estado templado; es resistente al desgaste pero propenso al agrietamiento. El acero 410 presenta una gran dureza y resistencia, por lo que requiere un precalentamiento antes de las operaciones de soldadura y conformado, seguido de un tratamiento t\u00e9rmico posterior.<\/p>\t\t\t\t\t\t\t\t<\/div>\n\t\t\t\t<\/div>\n\t\t\t\t<div class=\"elementor-element elementor-element-085da19 elementor-widget elementor-widget-text-editor\" data-id=\"085da19\" data-element_type=\"widget\" data-e-type=\"widget\" data-widget_type=\"text-editor.default\">\n\t\t\t\t<div class=\"elementor-widget-container\">\n\t\t\t\t\t\t\t\t\t<p><strong>Alta resistencia, alta dureza:<\/strong><\/p><p>El acero inoxidable 410 puede alcanzar una resistencia y dureza extremadamente altas tras el tratamiento t\u00e9rmico, lo que ofrece ventajas sobre muchos tipos de acero austen\u00edtico y ferr\u00edtico. Esto significa que ofrece una mayor resistencia al desgaste y al impacto en condiciones de alta tensi\u00f3n, como en tuber\u00edas y componentes mec\u00e1nicos de alta presi\u00f3n.<\/p>\t\t\t\t\t\t\t\t<\/div>\n\t\t\t\t<\/div>\n\t\t\t\t\t<\/div>\n\t\t\t\t<\/div>\n\t\t<div class=\"elementor-element elementor-element-52d2366 e-flex e-con-boxed e-con e-parent\" data-id=\"52d2366\" data-element_type=\"container\" data-e-type=\"container\">\n\t\t\t\t\t<div class=\"e-con-inner\">\n\t\t\t\t<div class=\"elementor-element elementor-element-66b6e32 elementor-widget elementor-widget-heading\" data-id=\"66b6e32\" data-element_type=\"widget\" data-e-type=\"widget\" data-widget_type=\"heading.default\">\n\t\t\t\t<div class=\"elementor-widget-container\">\n\t\t\t\t\t<h3 class=\"elementor-heading-title elementor-size-default\">Propiedades del acero inoxidable 410\n<\/h3>\t\t\t\t<\/div>\n\t\t\t\t<\/div>\n\t\t\t\t<div class=\"elementor-element elementor-element-8270825 elementor-widget elementor-widget-heading\" data-id=\"8270825\" data-element_type=\"widget\" data-e-type=\"widget\" data-widget_type=\"heading.default\">\n\t\t\t\t<div class=\"elementor-widget-container\">\n\t\t\t\t\t<h4 class=\"elementor-heading-title elementor-size-default\">Composici\u00f3n qu\u00edmica\n<\/h4>\t\t\t\t<\/div>\n\t\t\t\t<\/div>\n\t\t\t\t<div class=\"elementor-element elementor-element-451cd71 elementor-widget elementor-widget-text-editor\" data-id=\"451cd71\" data-element_type=\"widget\" data-e-type=\"widget\" data-widget_type=\"text-editor.default\">\n\t\t\t\t<div class=\"elementor-widget-container\">\n\t\t\t\t\t\t\t\t\t<table><tbody><tr><td colspan=\"2\">Grado<\/td><td>C<\/td><td>Mn<\/td><td>Si<\/td><td>P<\/td><td>S<\/td><td>Cr<\/td><td>Mo<\/td><td>Ni<\/td><td>N<\/td><\/tr><tr><td rowspan=\"2\">410<\/td><td>min.<\/td><td>-<\/td><td>-<\/td><td>-<\/td><td>-<\/td><td>-<\/td><td>11.5<\/td><td>-<\/td><td>-<\/td><td>-<\/td><\/tr><tr><td>m\u00e1x.<\/td><td>0.15<\/td><td>1.0<\/td><td>1.00<\/td><td>0.040<\/td><td>0.030<\/td><td>13.5<\/td><td>-<\/td><td>0.75<\/td><td>-<\/td><\/tr><\/tbody><\/table>\t\t\t\t\t\t\t\t<\/div>\n\t\t\t\t<\/div>\n\t\t\t\t<div class=\"elementor-element elementor-element-2e3caf7 elementor-widget elementor-widget-heading\" data-id=\"2e3caf7\" data-element_type=\"widget\" data-e-type=\"widget\" data-widget_type=\"heading.default\">\n\t\t\t\t<div class=\"elementor-widget-container\">\n\t\t\t\t\t<h4 class=\"elementor-heading-title elementor-size-default\">Propiedades mec\u00e1nicas\n<\/h4>\t\t\t\t<\/div>\n\t\t\t\t<\/div>\n\t\t\t\t<div class=\"elementor-element elementor-element-79ed0e6 elementor-widget elementor-widget-text-editor\" data-id=\"79ed0e6\" data-element_type=\"widget\" data-e-type=\"widget\" data-widget_type=\"text-editor.default\">\n\t\t\t\t<div class=\"elementor-widget-container\">\n\t\t\t\t\t\t\t\t\t<table>\n\t<tbody>\n\t\t<tr>\n\t\t\t<td rowspan=\"2\">Grado<\/td>\n\t\t\t<td rowspan=\"2\">TS min<\/td>\n\t\t\t<td rowspan=\"2\">Alargamiento (% en 50 mm)<\/td>\n\t\t\t<td rowspan=\"2\">YS 0.2% Prueba min<\/td>\n\t\t\t<td colspan=\"2\">Dureza<\/td>\n\t\t<\/tr>\n\t\t<tr>\n\t\t\t<td>Rockwell B m\u00e1x<\/td>\n\t\t\t<td>Brinell m\u00e1x<\/td>\n\t\t<\/tr>\n\t\t<tr>\n\t\t\t<td>410<\/td>\n\t\t\t<td>480 MPa<\/td>\n\t\t\t<td>16 minutos<\/td>\n\t\t\t<td>275 MPa<\/td>\n\t\t\t<td>95 HR B<\/td>\n\t\t\t<td>201 HB<\/td>\n\t\t<\/tr>\n\t<\/tbody>\n<\/table>\n\t\t\t\t\t\t\t\t<\/div>\n\t\t\t\t<\/div>\n\t\t\t\t<div class=\"elementor-element elementor-element-dbdfe89 elementor-widget elementor-widget-heading\" data-id=\"dbdfe89\" data-element_type=\"widget\" data-e-type=\"widget\" data-widget_type=\"heading.default\">\n\t\t\t\t<div class=\"elementor-widget-container\">\n\t\t\t\t\t<h4 class=\"elementor-heading-title elementor-size-default\">Material equivalente\n<\/h4>\t\t\t\t<\/div>\n\t\t\t\t<\/div>\n\t\t\t\t<div class=\"elementor-element elementor-element-ad2b12a elementor-widget elementor-widget-text-editor\" data-id=\"ad2b12a\" data-element_type=\"widget\" data-e-type=\"widget\" data-widget_type=\"text-editor.default\">\n\t\t\t\t<div class=\"elementor-widget-container\">\n\t\t\t\t\t\t\t\t\t<table>\n\t<tbody>\n\t\t<tr>\n\t\t\t<td rowspan=\"2\">Grado<\/td>\n\t\t\t<td rowspan=\"2\">N\u00ba UNS<\/td>\n\t\t\t<td colspan=\"2\">Antiguos brit\u00e1nicos<\/td>\n\t\t\t<td colspan=\"2\">Euronorma<\/td>\n\t\t\t<td rowspan=\"2\">SS sueca<\/td>\n\t\t\t<td rowspan=\"2\">Japon\u00e9s JIS<\/td>\n\t\t<\/tr>\n\t\t<tr>\n\t\t\t<td>BS<\/td>\n\t\t\t<td>En<\/td>\n\t\t\t<td>No<\/td>\n\t\t\t<td>Nombre<\/td>\n\t\t<\/tr>\n\t\t<tr>\n\t\t\t<td>410<\/td>\n\t\t\t<td>S41000<\/td>\n\t\t\t<td>410S21<\/td>\n\t\t\t<td>56A<\/td>\n\t\t\t<td>1.4006<\/td>\n\t\t\t<td>X12Cr13<\/td>\n\t\t\t<td>2302<\/td>\n\t\t\t<td>SUS 410<\/td>\n\t\t<\/tr>\n\t<\/tbody>\n<\/table>\n\t\t\t\t\t\t\t\t<\/div>\n\t\t\t\t<\/div>\n\t\t\t\t\t<\/div>\n\t\t\t\t<\/div>\n\t\t\t\t<\/div>","protected":false},"excerpt":{"rendered":"<p>El tubo de acero inoxidable 410 sin soldadura es un producto tubular hueco fabricado mediante procesos de laminaci\u00f3n en caliente o extrusi\u00f3n, que presenta una superficie lisa y unas dimensiones precisas de la secci\u00f3n transversal.<\/p>\n<p>Norma:ASTM A312, ASM A213, DIN 1.4006, JIS G4303<\/p>\n<p>Tama\u00f1o: 1\/4\u201d - 16\u201d<\/p>\n<p>Espesor de pared: Sch 10, 40, 80, 160 y XXH<\/p>\n<p>Longitud: 6m,12m, o cortado a medida<\/p>","protected":false},"featured_media":2513,"template":"","meta":{"_eb_attr":""},"product_brand":[],"product_cat":[30],"product_tag":[],"class_list":{"0":"post-2515","1":"product","2":"type-product","3":"status-publish","4":"has-post-thumbnail","6":"product_cat-stainless-steel-seamless-pipe","8":"first","9":"instock","10":"shipping-taxable","11":"product-type-simple"},"_links":{"self":[{"href":"https:\/\/jblstainless.com\/es\/wp-json\/wp\/v2\/product\/2515","targetHints":{"allow":["GET"]}}],"collection":[{"href":"https:\/\/jblstainless.com\/es\/wp-json\/wp\/v2\/product"}],"about":[{"href":"https:\/\/jblstainless.com\/es\/wp-json\/wp\/v2\/types\/product"}],"version-history":[{"count":4,"href":"https:\/\/jblstainless.com\/es\/wp-json\/wp\/v2\/product\/2515\/revisions"}],"predecessor-version":[{"id":2519,"href":"https:\/\/jblstainless.com\/es\/wp-json\/wp\/v2\/product\/2515\/revisions\/2519"}],"wp:featuredmedia":[{"embeddable":true,"href":"https:\/\/jblstainless.com\/es\/wp-json\/wp\/v2\/media\/2513"}],"wp:attachment":[{"href":"https:\/\/jblstainless.com\/es\/wp-json\/wp\/v2\/media?parent=2515"}],"wp:term":[{"taxonomy":"product_brand","embeddable":true,"href":"https:\/\/jblstainless.com\/es\/wp-json\/wp\/v2\/product_brand?post=2515"},{"taxonomy":"product_cat","embeddable":true,"href":"https:\/\/jblstainless.com\/es\/wp-json\/wp\/v2\/product_cat?post=2515"},{"taxonomy":"product_tag","embeddable":true,"href":"https:\/\/jblstainless.com\/es\/wp-json\/wp\/v2\/product_tag?post=2515"}],"curies":[{"name":"wp","href":"https:\/\/api.w.org\/{rel}","templated":true}]}}