{"id":2536,"date":"2026-03-24T17:28:39","date_gmt":"2026-03-24T09:28:39","guid":{"rendered":"https:\/\/jblstainless.com\/?post_type=product&#038;p=2536"},"modified":"2026-03-24T17:28:40","modified_gmt":"2026-03-24T09:28:40","slug":"tubo-sin-soldadura-de-acero-inoxidable-409l","status":"publish","type":"product","link":"https:\/\/jblstainless.com\/es\/409l-stainless-steel-seamless-pipe\/","title":{"rendered":"Tubo sin soldadura de acero inoxidable 409L"},"content":{"rendered":"<div data-elementor-type=\"product-post\" data-elementor-id=\"2536\" class=\"elementor elementor-2536\" data-elementor-post-type=\"product\">\n\t\t\t\t<div class=\"elementor-element elementor-element-8e32f64 e-flex e-con-boxed e-con e-parent\" data-id=\"8e32f64\" data-element_type=\"container\" data-e-type=\"container\">\n\t\t\t\t\t<div class=\"e-con-inner\">\n\t\t\t\t<div class=\"elementor-element elementor-element-71208c1c elementor-widget elementor-widget-text-editor\" data-id=\"71208c1c\" data-element_type=\"widget\" data-e-type=\"widget\" data-widget_type=\"text-editor.default\">\n\t\t\t\t<div class=\"elementor-widget-container\">\n\t\t\t\t\t\t\t\t\t<p>En los sistemas de escape de alta temperatura, la fabricaci\u00f3n de autom\u00f3viles y los equipos de intercambio de calor, la elecci\u00f3n del material determina con frecuencia la vida \u00fatil del proyecto y los costes de mantenimiento.<\/p><p>Si busca un material que:<\/p><ul><li>Cuesta menos que el acero inoxidable austen\u00edtico (como 304\/316)<\/li><li>Ofrece buena resistencia a la oxidaci\u00f3n<\/li><li>Y apto para entornos de media y alta temperatura (600-800\u00b0C)<\/li><\/ul><p>El tubo sin soldadura de acero inoxidable 409L puede ser una de las soluciones m\u00e1s rentables disponibles actualmente en el mercado.<\/p>\t\t\t\t\t\t\t\t<\/div>\n\t\t\t\t<\/div>\n\t\t\t\t\t<\/div>\n\t\t\t\t<\/div>\n\t\t<div class=\"elementor-element elementor-element-e3482ac e-flex e-con-boxed e-con e-parent\" data-id=\"e3482ac\" data-element_type=\"container\" data-e-type=\"container\">\n\t\t\t\t\t<div class=\"e-con-inner\">\n\t\t\t\t<div class=\"elementor-element elementor-element-e4e679b elementor-widget elementor-widget-heading\" data-id=\"e4e679b\" data-element_type=\"widget\" data-e-type=\"widget\" data-widget_type=\"heading.default\">\n\t\t\t\t<div class=\"elementor-widget-container\">\n\t\t\t\t\t<h2 class=\"elementor-heading-title elementor-size-default\">Especificaci\u00f3n de los tubos sin soldadura de acero inoxidable 409L<\/h2>\t\t\t\t<\/div>\n\t\t\t\t<\/div>\n\t\t\t\t<div class=\"elementor-element elementor-element-585a701 elementor-widget elementor-widget-text-editor\" data-id=\"585a701\" data-element_type=\"widget\" data-e-type=\"widget\" data-widget_type=\"text-editor.default\">\n\t\t\t\t<div class=\"elementor-widget-container\">\n\t\t\t\t\t\t\t\t\t<p>El acero inoxidable 409L (AISI 409L) es un acero inoxidable ferr\u00edtico t\u00edpico, com\u00fanmente denominado \u201cacero para tubos de escape de autom\u00f3viles\u201d o \u201cacero para tubos de escape\u201d, tambi\u00e9n conocido como acero resistente al calor con buena resistencia a la oxidaci\u00f3n y soldabilidad. Es una variante con bajo contenido en carbono del acero inoxidable 409 (donde \u201cL\u201d significa \u201cLow carbon\u201d), con un contenido reducido en carbono para mejorar la soldabilidad y la resistencia a la corrosi\u00f3n intergranular. Debido a su coste relativamente bajo y su rendimiento estable, se utiliza ampliamente en sistemas de escape de autom\u00f3viles, intercambiadores de calor y otros entornos de alta temperatura.<\/p><p>En comparaci\u00f3n con el acero inoxidable 409, el 409L tiene un menor contenido de carbono y mantiene una alta tenacidad sin el tratamiento t\u00e9rmico posterior a la soldadura, resolviendo completamente el problema de la \u201cfragilizaci\u00f3n posterior a la soldadura\u201d asociado a los aceros inoxidables ferr\u00edticos tradicionales.<\/p>\t\t\t\t\t\t\t\t<\/div>\n\t\t\t\t<\/div>\n\t\t\t\t<div class=\"elementor-element elementor-element-ecb1e2b elementor-widget elementor-widget-text-editor\" data-id=\"ecb1e2b\" data-element_type=\"widget\" data-e-type=\"widget\" data-widget_type=\"text-editor.default\">\n\t\t\t\t<div class=\"elementor-widget-container\">\n\t\t\t\t\t\t\t\t\t<p>Los tubos de acero inoxidable 409L que fabricamos est\u00e1n disponibles en una amplia gama de especificaciones, tama\u00f1os, di\u00e1metros y formas.<\/p><ul><li>T\u00e9cnicas de fabricaci\u00f3n: Laminado en caliente, estirado en fr\u00edo<\/li><li>Est\u00e1ndar: ASTM A268, GB\/T 14976, JIS G3468, etc.<\/li><li>Di\u00e1metro exterior: \u03a66-\u03a6630mm<\/li><li>Espesor de pared: 0,5-30 mm, SCH 5, SCH10, SCH 40, SCH 80, SCH 80S, SCH 160, SCH XXS, SCH XS<\/li><li>Superficie: Decapada, pulida, granallada, o seg\u00fan se requiera<\/li><li>Servicio de procesos: Forja, Acabado, Pruebas destructivas, Tratamiento t\u00e9rmico, Mecanizado, Recocido<\/li><\/ul>\t\t\t\t\t\t\t\t<\/div>\n\t\t\t\t<\/div>\n\t\t\t\t<div class=\"elementor-element elementor-element-328a614 elementor-widget elementor-widget-image\" data-id=\"328a614\" data-element_type=\"widget\" data-e-type=\"widget\" data-widget_type=\"image.default\">\n\t\t\t\t<div class=\"elementor-widget-container\">\n\t\t\t\t\t\t\t\t\t\t\t\t\t\t\t<img fetchpriority=\"high\" decoding=\"async\" width=\"800\" height=\"400\" src=\"https:\/\/jblstainless.com\/wp-content\/uploads\/2025\/06\/316-pipe-surface-finish.webp\" class=\"attachment-large size-large wp-image-1669\" alt=\"Tubo de acero inoxidable 430\" srcset=\"https:\/\/jblstainless.com\/wp-content\/uploads\/2025\/06\/316-pipe-surface-finish.webp 1000w, https:\/\/jblstainless.com\/wp-content\/uploads\/2025\/06\/316-pipe-surface-finish-300x150.webp 300w, https:\/\/jblstainless.com\/wp-content\/uploads\/2025\/06\/316-pipe-surface-finish-768x384.webp 768w, https:\/\/jblstainless.com\/wp-content\/uploads\/2025\/06\/316-pipe-surface-finish-18x9.webp 18w, https:\/\/jblstainless.com\/wp-content\/uploads\/2025\/06\/316-pipe-surface-finish-600x300.webp 600w\" sizes=\"(max-width: 800px) 100vw, 800px\" \/>\t\t\t\t\t\t\t\t\t\t\t\t\t\t\t<\/div>\n\t\t\t\t<\/div>\n\t\t\t\t\t<\/div>\n\t\t\t\t<\/div>\n\t\t<div class=\"elementor-element elementor-element-baf2533 e-flex e-con-boxed e-con e-parent\" data-id=\"baf2533\" data-element_type=\"container\" data-e-type=\"container\">\n\t\t\t\t\t<div class=\"e-con-inner\">\n\t\t\t\t<div class=\"elementor-element elementor-element-3a8ae64 elementor-widget elementor-widget-image\" data-id=\"3a8ae64\" data-element_type=\"widget\" data-e-type=\"widget\" data-widget_type=\"image.default\">\n\t\t\t\t<div class=\"elementor-widget-container\">\n\t\t\t\t\t\t\t\t\t\t\t\t\t\t\t<img decoding=\"async\" width=\"300\" height=\"278\" src=\"https:\/\/jblstainless.com\/wp-content\/uploads\/2025\/03\/steel-pipe.webp\" class=\"attachment-large size-large wp-image-1136\" alt=\"tubo de acero\" srcset=\"https:\/\/jblstainless.com\/wp-content\/uploads\/2025\/03\/steel-pipe.webp 300w, https:\/\/jblstainless.com\/wp-content\/uploads\/2025\/03\/steel-pipe-13x12.webp 13w\" sizes=\"(max-width: 300px) 100vw, 300px\" \/>\t\t\t\t\t\t\t\t\t\t\t\t\t\t\t<\/div>\n\t\t\t\t<\/div>\n\t\t\t\t<div class=\"elementor-element elementor-element-ea9700f elementor-widget elementor-widget-image\" data-id=\"ea9700f\" data-element_type=\"widget\" data-e-type=\"widget\" data-widget_type=\"image.default\">\n\t\t\t\t<div class=\"elementor-widget-container\">\n\t\t\t\t\t\t\t\t\t\t\t\t\t\t\t<img decoding=\"async\" width=\"300\" height=\"278\" src=\"https:\/\/jblstainless.com\/wp-content\/uploads\/2025\/03\/stainless-steel-tube.webp\" class=\"attachment-large size-large wp-image-1137\" alt=\"tubo de acero inoxidable\" srcset=\"https:\/\/jblstainless.com\/wp-content\/uploads\/2025\/03\/stainless-steel-tube.webp 300w, https:\/\/jblstainless.com\/wp-content\/uploads\/2025\/03\/stainless-steel-tube-13x12.webp 13w\" sizes=\"(max-width: 300px) 100vw, 300px\" \/>\t\t\t\t\t\t\t\t\t\t\t\t\t\t\t<\/div>\n\t\t\t\t<\/div>\n\t\t\t\t<div class=\"elementor-element elementor-element-5aed175 elementor-widget elementor-widget-image\" data-id=\"5aed175\" data-element_type=\"widget\" data-e-type=\"widget\" data-widget_type=\"image.default\">\n\t\t\t\t<div class=\"elementor-widget-container\">\n\t\t\t\t\t\t\t\t\t\t\t\t\t\t\t<img loading=\"lazy\" decoding=\"async\" width=\"300\" height=\"278\" src=\"https:\/\/jblstainless.com\/wp-content\/uploads\/2025\/03\/steel-tube-1.webp\" class=\"attachment-large size-large wp-image-1139\" alt=\"tubo de acero\" srcset=\"https:\/\/jblstainless.com\/wp-content\/uploads\/2025\/03\/steel-tube-1.webp 300w, https:\/\/jblstainless.com\/wp-content\/uploads\/2025\/03\/steel-tube-1-13x12.webp 13w\" sizes=\"(max-width: 300px) 100vw, 300px\" \/>\t\t\t\t\t\t\t\t\t\t\t\t\t\t\t<\/div>\n\t\t\t\t<\/div>\n\t\t\t\t<div class=\"elementor-element elementor-element-cd19e69 elementor-widget elementor-widget-image\" data-id=\"cd19e69\" data-element_type=\"widget\" data-e-type=\"widget\" data-widget_type=\"image.default\">\n\t\t\t\t<div class=\"elementor-widget-container\">\n\t\t\t\t\t\t\t\t\t\t\t\t\t\t\t<img loading=\"lazy\" decoding=\"async\" width=\"300\" height=\"268\" src=\"https:\/\/jblstainless.com\/wp-content\/uploads\/2025\/03\/stainless-tube.webp\" class=\"attachment-large size-large wp-image-1140\" alt=\"Tubo sin soldadura de acero inoxidable 409L\" srcset=\"https:\/\/jblstainless.com\/wp-content\/uploads\/2025\/03\/stainless-tube.webp 300w, https:\/\/jblstainless.com\/wp-content\/uploads\/2025\/03\/stainless-tube-13x12.webp 13w\" sizes=\"(max-width: 300px) 100vw, 300px\" \/>\t\t\t\t\t\t\t\t\t\t\t\t\t\t\t<\/div>\n\t\t\t\t<\/div>\n\t\t\t\t\t<\/div>\n\t\t\t\t<\/div>\n\t\t<div class=\"elementor-element elementor-element-ee919e7 e-flex e-con-boxed e-con e-parent\" data-id=\"ee919e7\" data-element_type=\"container\" data-e-type=\"container\">\n\t\t\t\t\t<div class=\"e-con-inner\">\n\t\t\t\t<div class=\"elementor-element elementor-element-d5933c2 elementor-widget elementor-widget-heading\" data-id=\"d5933c2\" data-element_type=\"widget\" data-e-type=\"widget\" data-widget_type=\"heading.default\">\n\t\t\t\t<div class=\"elementor-widget-container\">\n\t\t\t\t\t<h2 class=\"elementor-heading-title elementor-size-default\">Caracter\u00edsticas de los tubos sin soldadura de acero inoxidable 409L<\/h2>\t\t\t\t<\/div>\n\t\t\t\t<\/div>\n\t\t\t\t<div class=\"elementor-element elementor-element-1044f34 elementor-widget elementor-widget-text-editor\" data-id=\"1044f34\" data-element_type=\"widget\" data-e-type=\"widget\" data-widget_type=\"text-editor.default\">\n\t\t\t\t<div class=\"elementor-widget-container\">\n\t\t\t\t\t\t\t\t\t<p>Con m\u00e1s de 15 a\u00f1os de experiencia, la f\u00e1brica JBLSTEEL suministra directamente tubos sin soldadura de acero inoxidable 409L. Con un dise\u00f1o estabilizado con titanio y bajo en carbono, estos tubos resisten la oxidaci\u00f3n a altas temperaturas de hasta 650\u00b0C. El coste es 35% inferior al del acero inoxidable 304, y el proceso de fabricaci\u00f3n sin soldadura elimina el riesgo de defectos de soldadura, lo que los hace m\u00e1s fiables en entornos de alta presi\u00f3n y alta temperatura.<\/p><ul><li>Alternativa rentable al 304\/316 (reduce los costes de adquisici\u00f3n en 10-30%)<\/li><li>Excelente resistencia a la oxidaci\u00f3n t\u00e9rmica<\/li><li>Resistencia superior a la fatiga t\u00e9rmica<\/li><li>Adecuado para aplicaciones industriales de producci\u00f3n en serie (especialmente en la industria del autom\u00f3vil)<\/li><\/ul>\t\t\t\t\t\t\t\t<\/div>\n\t\t\t\t<\/div>\n\t\t\t\t<div class=\"elementor-element elementor-element-211ef6b elementor-widget elementor-widget-text-editor\" data-id=\"211ef6b\" data-element_type=\"widget\" data-e-type=\"widget\" data-widget_type=\"text-editor.default\">\n\t\t\t\t<div class=\"elementor-widget-container\">\n\t\t\t\t\t\t\t\t\t<p>En comparaci\u00f3n con otros tipos de acero inoxidable, el acero inoxidable 409L destaca por su resistencia a las altas temperaturas y su maquinabilidad, en lugar de dar prioridad a la m\u00e1xima resistencia a la corrosi\u00f3n.<\/p>\t\t\t\t\t\t\t\t<\/div>\n\t\t\t\t<\/div>\n\t\t\t\t<div class=\"elementor-element elementor-element-7b8429a elementor-widget elementor-widget-text-editor\" data-id=\"7b8429a\" data-element_type=\"widget\" data-e-type=\"widget\" data-widget_type=\"text-editor.default\">\n\t\t\t\t<div class=\"elementor-widget-container\">\n\t\t\t\t\t\t\t\t\t<p><strong>Buena resistencia al calor:<\/strong><\/p><p>Mantiene su resistencia en entornos de altas temperaturas, en torno a los 800 \u00b0C, lo que lo hace especialmente adecuado para componentes de alta temperatura en sistemas de escape de autom\u00f3viles.<\/p>\t\t\t\t\t\t\t\t<\/div>\n\t\t\t\t<\/div>\n\t\t\t\t<div class=\"elementor-element elementor-element-1698ab7 elementor-widget elementor-widget-text-editor\" data-id=\"1698ab7\" data-element_type=\"widget\" data-e-type=\"widget\" data-widget_type=\"text-editor.default\">\n\t\t\t\t<div class=\"elementor-widget-container\">\n\t\t\t\t\t\t\t\t\t<p><strong>Excelente trabajabilidad:<\/strong><\/p><p>Ofrece una buena conformabilidad tras el tratamiento t\u00e9rmico (a 770-830\u00b0C), lo que lo hace adecuado para la embutici\u00f3n profunda, el plegado y el estampado.<\/p>\t\t\t\t\t\t\t\t<\/div>\n\t\t\t\t<\/div>\n\t\t\t\t<div class=\"elementor-element elementor-element-8d231a5 elementor-widget elementor-widget-text-editor\" data-id=\"8d231a5\" data-element_type=\"widget\" data-e-type=\"widget\" data-widget_type=\"text-editor.default\">\n\t\t\t\t<div class=\"elementor-widget-container\">\n\t\t\t\t\t\t\t\t\t<p><strong>Excelente soldabilidad:<\/strong><\/p><p>El bajo contenido de carbono reduce significativamente el riesgo de corrosi\u00f3n intergranular, lo que permite su uso sin tratamiento t\u00e9rmico posterior a la soldadura y requiere un aporte m\u00ednimo de calor durante la soldadura.<\/p>\t\t\t\t\t\t\t\t<\/div>\n\t\t\t\t<\/div>\n\t\t\t\t<div class=\"elementor-element elementor-element-ccdee18 elementor-widget elementor-widget-text-editor\" data-id=\"ccdee18\" data-element_type=\"widget\" data-e-type=\"widget\" data-widget_type=\"text-editor.default\">\n\t\t\t\t<div class=\"elementor-widget-container\">\n\t\t\t\t\t\t\t\t\t<p><strong>Coste-beneficio:<\/strong><\/p><p>Como acero no aleado, tiene unos costes de producci\u00f3n relativamente bajos y una composici\u00f3n estable.<\/p>\t\t\t\t\t\t\t\t<\/div>\n\t\t\t\t<\/div>\n\t\t\t\t\t<\/div>\n\t\t\t\t<\/div>\n\t\t<div class=\"elementor-element elementor-element-836bae4 e-flex e-con-boxed e-con e-parent\" data-id=\"836bae4\" data-element_type=\"container\" data-e-type=\"container\">\n\t\t\t\t\t<div class=\"e-con-inner\">\n\t\t\t\t<div class=\"elementor-element elementor-element-0f4e558 elementor-widget elementor-widget-heading\" data-id=\"0f4e558\" data-element_type=\"widget\" data-e-type=\"widget\" data-widget_type=\"heading.default\">\n\t\t\t\t<div class=\"elementor-widget-container\">\n\t\t\t\t\t<h2 class=\"elementor-heading-title elementor-size-default\">Acero inoxidable 409L frente a 304\n<\/h2>\t\t\t\t<\/div>\n\t\t\t\t<\/div>\n\t\t\t\t<div class=\"elementor-element elementor-element-b63edd6 elementor-widget elementor-widget-text-editor\" data-id=\"b63edd6\" data-element_type=\"widget\" data-e-type=\"widget\" data-widget_type=\"text-editor.default\">\n\t\t\t\t<div class=\"elementor-widget-container\">\n\t\t\t\t\t\t\t\t\t<table><tbody><tr><td><b>Propiedades<\/b><\/td><td><b>409L<\/b><\/td><td><b>304<\/b><\/td><\/tr><tr><td>Resistencia a la corrosi\u00f3n<\/td><td>Moderado<\/td><td>Excelente<\/td><\/tr><tr><td>Resistencia a altas temperaturas<\/td><td>Excelente (apto para sistemas de escape)<\/td><td>Moderado<\/td><\/tr><tr><td>Coste<\/td><td>Bajo<\/td><td>Alta<\/td><\/tr><tr><td>Fuerza<\/td><td>Moderado<\/td><td>Moderado<\/td><\/tr><tr><td>Propiedades magn\u00e9ticas<\/td><td>Magn\u00e9tico<\/td><td>No magn\u00e9tico<\/td><\/tr><\/tbody><\/table><p>Si el entorno del proyecto requiere una excelente resistencia a la corrosi\u00f3n, se recomienda el 304.<\/p><p>Si el presupuesto del proyecto es limitado y el entorno de funcionamiento es a altas temperaturas, 409L es la mejor opci\u00f3n.<\/p>\t\t\t\t\t\t\t\t<\/div>\n\t\t\t\t<\/div>\n\t\t\t\t\t<\/div>\n\t\t\t\t<\/div>\n\t\t<div class=\"elementor-element elementor-element-e7d0057 e-flex e-con-boxed e-con e-parent\" data-id=\"e7d0057\" data-element_type=\"container\" data-e-type=\"container\">\n\t\t\t\t\t<div class=\"e-con-inner\">\n\t\t\t\t<div class=\"elementor-element elementor-element-89d8623 elementor-widget elementor-widget-heading\" data-id=\"89d8623\" data-element_type=\"widget\" data-e-type=\"widget\" data-widget_type=\"heading.default\">\n\t\t\t\t<div class=\"elementor-widget-container\">\n\t\t\t\t\t<h3 class=\"elementor-heading-title elementor-size-default\">Composici\u00f3n qu\u00edmica del acero inoxidable 409L \n\n<\/h3>\t\t\t\t<\/div>\n\t\t\t\t<\/div>\n\t\t\t\t<div class=\"elementor-element elementor-element-79e9806 elementor-widget elementor-widget-text-editor\" data-id=\"79e9806\" data-element_type=\"widget\" data-e-type=\"widget\" data-widget_type=\"text-editor.default\">\n\t\t\t\t<div class=\"elementor-widget-container\">\n\t\t\t\t\t\t\t\t\t<table><tbody><tr><th>Grado<\/th><th>C<\/th><th>Mn<\/th><th>Si<\/th><th>P<\/th><th>S<\/th><th>Cr<\/th><th>Ti<\/th><th>Ni<\/th><\/tr><tr><td>SS 409L<\/td><td>0,03 m\u00e1x.<\/td><td>1,00 m\u00e1x.<\/td><td>1,00 m\u00e1x.<\/td><td>0,04 m\u00e1x.<\/td><td>0,02 m\u00e1x.<\/td><td>11.75-10.5<\/td><td>0,75-6(C+N)<\/td><td>0.5<\/td><\/tr><\/tbody><\/table><ul><li>El dise\u00f1o con bajo contenido en carbono reduce eficazmente el riesgo de corrosi\u00f3n intergranular y garantiza la resistencia a la corrosi\u00f3n tras la soldadura.<\/li><\/ul>\t\t\t\t\t\t\t\t<\/div>\n\t\t\t\t<\/div>\n\t\t\t\t\t<\/div>\n\t\t\t\t<\/div>\n\t\t<div class=\"elementor-element elementor-element-aece7ae e-flex e-con-boxed e-con e-parent\" data-id=\"aece7ae\" data-element_type=\"container\" data-e-type=\"container\">\n\t\t\t\t\t<div class=\"e-con-inner\">\n\t\t\t\t<div class=\"elementor-element elementor-element-4457ad7 elementor-widget elementor-widget-heading\" data-id=\"4457ad7\" data-element_type=\"widget\" data-e-type=\"widget\" data-widget_type=\"heading.default\">\n\t\t\t\t<div class=\"elementor-widget-container\">\n\t\t\t\t\t<h3 class=\"elementor-heading-title elementor-size-default\">Propiedades mec\u00e1nicas\n<\/h3>\t\t\t\t<\/div>\n\t\t\t\t<\/div>\n\t\t\t\t<div class=\"elementor-element elementor-element-45774b9 elementor-widget elementor-widget-text-editor\" data-id=\"45774b9\" data-element_type=\"widget\" data-e-type=\"widget\" data-widget_type=\"text-editor.default\">\n\t\t\t\t<div class=\"elementor-widget-container\">\n\t\t\t\t\t\t\t\t\t<table class=\"table\" style=\"width: 100%;\" border=\"1\" cellspacing=\"1\" cellpadding=\"1\"><tbody><tr><th>Densidad<\/th><th>Resistencia a la tracci\u00f3n<\/th><th>L\u00edmite el\u00e1stico (0,2%Offset)<\/th><th>Alargamiento<\/th><th>Rockwell B (HRB) m\u00e1x.<\/th><th>Brinell (HB) m\u00e1x<\/th><th>Dureza<\/th><\/tr><tr><td>7,8 g\/cm<sup>3<\/sup><\/td><td>MPa - 380<\/td><td>MPa - 170<\/td><td>20 %<\/td><td>75<\/td><td>131<\/td><td><p>Rockwell B (HR B)- 88\u00a0<\/p><p>Brinell (HB)- 0,5t<\/p><\/td><\/tr><\/tbody><\/table>\t\t\t\t\t\t\t\t<\/div>\n\t\t\t\t<\/div>\n\t\t\t\t\t<\/div>\n\t\t\t\t<\/div>\n\t\t<div class=\"elementor-element elementor-element-3cff24e e-flex e-con-boxed e-con e-parent\" data-id=\"3cff24e\" data-element_type=\"container\" data-e-type=\"container\">\n\t\t\t\t\t<div class=\"e-con-inner\">\n\t\t\t\t<div class=\"elementor-element elementor-element-85b2b9c elementor-widget elementor-widget-heading\" data-id=\"85b2b9c\" data-element_type=\"widget\" data-e-type=\"widget\" data-widget_type=\"heading.default\">\n\t\t\t\t<div class=\"elementor-widget-container\">\n\t\t\t\t\t<h2 class=\"elementor-heading-title elementor-size-default\">Tubo de acero inoxidable 409L Aplicaci\u00f3n<\/h2>\t\t\t\t<\/div>\n\t\t\t\t<\/div>\n\t\t\t\t<div class=\"elementor-element elementor-element-e2f358b elementor-widget elementor-widget-text-editor\" data-id=\"e2f358b\" data-element_type=\"widget\" data-e-type=\"widget\" data-widget_type=\"text-editor.default\">\n\t\t\t\t<div class=\"elementor-widget-container\">\n\t\t\t\t\t\t\t\t\t<p><strong>Sistemas de escape para autom\u00f3viles:<\/strong><\/p><p>Esta es su principal aplicaci\u00f3n, incluidos los colectores de escape, las carcasas de los catalizadores, los silenciadores y el tubo de escape.<\/p>\t\t\t\t\t\t\t\t<\/div>\n\t\t\t\t<\/div>\n\t\t\t\t<div class=\"elementor-element elementor-element-e4d88fe elementor-widget elementor-widget-text-editor\" data-id=\"e4d88fe\" data-element_type=\"widget\" data-e-type=\"widget\" data-widget_type=\"text-editor.default\">\n\t\t\t\t<div class=\"elementor-widget-container\">\n\t\t\t\t\t\t\t\t\t<p><strong>Intercambiadores de calor:<\/strong><\/p><p>Se utiliza en componentes de intercambio de calor para sistemas refrigerados por agua o aceite.<\/p>\t\t\t\t\t\t\t\t<\/div>\n\t\t\t\t<\/div>\n\t\t\t\t<div class=\"elementor-element elementor-element-5c819bd elementor-widget elementor-widget-text-editor\" data-id=\"5c819bd\" data-element_type=\"widget\" data-e-type=\"widget\" data-widget_type=\"text-editor.default\">\n\t\t\t\t<div class=\"elementor-widget-container\">\n\t\t\t\t\t\t\t\t\t<p><strong>Construcci\u00f3n y otras aplicaciones:<\/strong><\/p><p>Como los conductos de ventilaci\u00f3n y los componentes de los contenedores.<\/p>\t\t\t\t\t\t\t\t<\/div>\n\t\t\t\t<\/div>\n\t\t\t\t<div class=\"elementor-element elementor-element-9167dcb elementor-widget elementor-widget-text-editor\" data-id=\"9167dcb\" data-element_type=\"widget\" data-e-type=\"widget\" data-widget_type=\"text-editor.default\">\n\t\t\t\t<div class=\"elementor-widget-container\">\n\t\t\t\t\t\t\t\t\t<p>En comparaci\u00f3n con los aceros inoxidables austen\u00edticos como el 304, el acero inoxidable 409 tiene una menor resistencia a la corrosi\u00f3n (inadecuado para entornos con \u00e1cidos fuertes o \u00e1lcalis fuertes); sin embargo, su resistencia a la oxidaci\u00f3n y su resistencia a altas temperaturas en sistemas de escape de automoci\u00f3n lo convierten en la elecci\u00f3n \u00f3ptima.<\/p>\t\t\t\t\t\t\t\t<\/div>\n\t\t\t\t<\/div>\n\t\t\t\t\t<\/div>\n\t\t\t\t<\/div>\n\t\t\t\t<\/div>","protected":false},"excerpt":{"rendered":"<p>El tubo sin soldadura de acero inoxidable 409L es un acero inoxidable ferr\u00edtico de bajo contenido en carbono, tambi\u00e9n conocido como acero resistente al calor, que ofrece una excelente resistencia a la oxidaci\u00f3n y soldabilidad. Los tubos sin soldadura se fabrican mediante procesos de laminado en caliente o estirado en fr\u00edo; la construcci\u00f3n sin soldadura lo hace m\u00e1s fiable en entornos de alta presi\u00f3n y alta temperatura.<\/p>\n<ul>\n<li>Alternativa rentable al 304\/316 (reduce los costes de adquisici\u00f3n en 10-30%)<\/li>\n<li>Excelente resistencia a la oxidaci\u00f3n t\u00e9rmica<\/li>\n<li>Resistencia superior a la fatiga t\u00e9rmica<\/li>\n<li>Adecuado para aplicaciones industriales de producci\u00f3n en serie (especialmente en la industria del autom\u00f3vil)<\/li>\n<\/ul>","protected":false},"featured_media":2528,"template":"","meta":{"_eb_attr":""},"product_brand":[],"product_cat":[30],"product_tag":[],"class_list":{"0":"post-2536","1":"product","2":"type-product","3":"status-publish","4":"has-post-thumbnail","6":"product_cat-stainless-steel-seamless-pipe","8":"first","9":"instock","10":"shipping-taxable","11":"product-type-simple"},"_links":{"self":[{"href":"https:\/\/jblstainless.com\/es\/wp-json\/wp\/v2\/product\/2536","targetHints":{"allow":["GET"]}}],"collection":[{"href":"https:\/\/jblstainless.com\/es\/wp-json\/wp\/v2\/product"}],"about":[{"href":"https:\/\/jblstainless.com\/es\/wp-json\/wp\/v2\/types\/product"}],"version-history":[{"count":6,"href":"https:\/\/jblstainless.com\/es\/wp-json\/wp\/v2\/product\/2536\/revisions"}],"predecessor-version":[{"id":2542,"href":"https:\/\/jblstainless.com\/es\/wp-json\/wp\/v2\/product\/2536\/revisions\/2542"}],"wp:featuredmedia":[{"embeddable":true,"href":"https:\/\/jblstainless.com\/es\/wp-json\/wp\/v2\/media\/2528"}],"wp:attachment":[{"href":"https:\/\/jblstainless.com\/es\/wp-json\/wp\/v2\/media?parent=2536"}],"wp:term":[{"taxonomy":"product_brand","embeddable":true,"href":"https:\/\/jblstainless.com\/es\/wp-json\/wp\/v2\/product_brand?post=2536"},{"taxonomy":"product_cat","embeddable":true,"href":"https:\/\/jblstainless.com\/es\/wp-json\/wp\/v2\/product_cat?post=2536"},{"taxonomy":"product_tag","embeddable":true,"href":"https:\/\/jblstainless.com\/es\/wp-json\/wp\/v2\/product_tag?post=2536"}],"curies":[{"name":"wp","href":"https:\/\/api.w.org\/{rel}","templated":true}]}}