{"id":2545,"date":"2026-04-02T17:17:46","date_gmt":"2026-04-02T09:17:46","guid":{"rendered":"https:\/\/jblstainless.com\/?post_type=product&#038;p=2545"},"modified":"2026-04-03T16:31:15","modified_gmt":"2026-04-03T08:31:15","slug":"tubo-de-acero-inoxidable-410s","status":"publish","type":"product","link":"https:\/\/jblstainless.com\/es\/410s-stainless-steel-pipe\/","title":{"rendered":"Tubo de acero inoxidable 410S"},"content":{"rendered":"<div data-elementor-type=\"product-post\" data-elementor-id=\"2545\" class=\"elementor elementor-2545\" data-elementor-post-type=\"product\">\n\t\t\t\t<div class=\"elementor-element elementor-element-2836fb1 e-flex e-con-boxed e-con e-parent\" data-id=\"2836fb1\" data-element_type=\"container\" data-e-type=\"container\">\n\t\t\t\t\t<div class=\"e-con-inner\">\n\t\t\t\t<div class=\"elementor-element elementor-element-245b9d0 elementor-widget elementor-widget-text-editor\" data-id=\"245b9d0\" data-element_type=\"widget\" data-e-type=\"widget\" data-widget_type=\"text-editor.default\">\n\t\t\t\t<div class=\"elementor-widget-container\">\n\t\t\t\t\t\t\t\t\t<p>El tubo de acero inoxidable 410S es un material de acero inoxidable ferr\u00edtico con bajo contenido en carbono que mantiene una excelente resistencia a la oxidaci\u00f3n al tiempo que mejora significativamente la soldabilidad gracias a la reducci\u00f3n del contenido en carbono.<\/p><p>Comparado con el 410: soldabilidad m\u00e1s consistente, reduciendo el riesgo de agrietamiento;<\/p><p>Comparado con el 304: Coste significativamente inferior al tiempo que cumple las condiciones de funcionamiento resistentes al calor.<\/p><p>El tubo de acero inoxidable 410S se considera un \u201cmaterial econ\u00f3mico resistente al calor\u201d para entornos de alta temperatura.<\/p>\t\t\t\t\t\t\t\t<\/div>\n\t\t\t\t<\/div>\n\t\t\t\t\t<\/div>\n\t\t\t\t<\/div>\n\t\t<div class=\"elementor-element elementor-element-4ecb03b e-flex e-con-boxed e-con e-parent\" data-id=\"4ecb03b\" data-element_type=\"container\" data-e-type=\"container\">\n\t\t\t\t\t<div class=\"e-con-inner\">\n\t\t\t\t<div class=\"elementor-element elementor-element-d55cc6b elementor-widget elementor-widget-heading\" data-id=\"d55cc6b\" data-element_type=\"widget\" data-e-type=\"widget\" data-widget_type=\"heading.default\">\n\t\t\t\t<div class=\"elementor-widget-container\">\n\t\t\t\t\t<h2 class=\"elementor-heading-title elementor-size-default\">Especificaci\u00f3n de los tubos de acero inoxidable 410S<\/h2>\t\t\t\t<\/div>\n\t\t\t\t<\/div>\n\t\t\t\t<div class=\"elementor-element elementor-element-1112af3 elementor-widget elementor-widget-text-editor\" data-id=\"1112af3\" data-element_type=\"widget\" data-e-type=\"widget\" data-widget_type=\"text-editor.default\">\n\t\t\t\t<div class=\"elementor-widget-container\">\n\t\t\t\t\t\t\t\t\t<p>Material: AISI 410S \/ UNS S41008 \/ EN 1.4000<\/p><p>Tama\u00f1o: 1\/4\u2033 - 16\u2033.<\/p><p>Horarios: Sch 10, 40, 80, 160, XXH<\/p><p>Longitud: de 1 a 6 m, seg\u00fan las necesidades del cliente<\/p><p>Tratamiento de superficie: NO.1, 2B, NO.4, BA, HL, Espejo<\/p>\t\t\t\t\t\t\t\t<\/div>\n\t\t\t\t<\/div>\n\t\t\t\t<div class=\"elementor-element elementor-element-885d3d9 elementor-widget elementor-widget-image\" data-id=\"885d3d9\" data-element_type=\"widget\" data-e-type=\"widget\" data-widget_type=\"image.default\">\n\t\t\t\t<div class=\"elementor-widget-container\">\n\t\t\t\t\t\t\t\t\t\t\t\t\t\t\t<img fetchpriority=\"high\" decoding=\"async\" width=\"800\" height=\"400\" src=\"https:\/\/jblstainless.com\/wp-content\/uploads\/2025\/06\/316-pipe-surface-finish.webp\" class=\"attachment-large size-large wp-image-1669\" alt=\"Tubo de acero inoxidable 430\" srcset=\"https:\/\/jblstainless.com\/wp-content\/uploads\/2025\/06\/316-pipe-surface-finish.webp 1000w, https:\/\/jblstainless.com\/wp-content\/uploads\/2025\/06\/316-pipe-surface-finish-300x150.webp 300w, https:\/\/jblstainless.com\/wp-content\/uploads\/2025\/06\/316-pipe-surface-finish-768x384.webp 768w, https:\/\/jblstainless.com\/wp-content\/uploads\/2025\/06\/316-pipe-surface-finish-18x9.webp 18w, https:\/\/jblstainless.com\/wp-content\/uploads\/2025\/06\/316-pipe-surface-finish-600x300.webp 600w\" sizes=\"(max-width: 800px) 100vw, 800px\" \/>\t\t\t\t\t\t\t\t\t\t\t\t\t\t\t<\/div>\n\t\t\t\t<\/div>\n\t\t\t\t<div class=\"elementor-element elementor-element-c19d32d elementor-widget elementor-widget-heading\" data-id=\"c19d32d\" data-element_type=\"widget\" data-e-type=\"widget\" data-widget_type=\"heading.default\">\n\t\t\t\t<div class=\"elementor-widget-container\">\n\t\t\t\t\t<h3 class=\"elementor-heading-title elementor-size-default\">Beneficios<\/h3>\t\t\t\t<\/div>\n\t\t\t\t<\/div>\n\t\t\t\t<div class=\"elementor-element elementor-element-e32bd65 elementor-widget elementor-widget-text-editor\" data-id=\"e32bd65\" data-element_type=\"widget\" data-e-type=\"widget\" data-widget_type=\"text-editor.default\">\n\t\t\t\t<div class=\"elementor-widget-container\">\n\t\t\t\t\t\t\t\t\t<ul><li>Excelente resistencia a la oxidaci\u00f3n (apto para 600-800\u00b0C)<\/li><li>El dise\u00f1o bajo en carbono reduce la corrosi\u00f3n intergranular<\/li><li>Buena soldabilidad<\/li><li>Coste significativamente inferior al de los aceros inoxidables austen\u00edticos (como el 304)<\/li><\/ul>\t\t\t\t\t\t\t\t<\/div>\n\t\t\t\t<\/div>\n\t\t\t\t\t<\/div>\n\t\t\t\t<\/div>\n\t\t<div class=\"elementor-element elementor-element-e29eef9 e-flex e-con-boxed e-con e-parent\" data-id=\"e29eef9\" data-element_type=\"container\" data-e-type=\"container\">\n\t\t\t\t\t<div class=\"e-con-inner\">\n\t\t\t\t<div class=\"elementor-element elementor-element-509ae0e elementor-widget elementor-widget-heading\" data-id=\"509ae0e\" data-element_type=\"widget\" data-e-type=\"widget\" data-widget_type=\"heading.default\">\n\t\t\t\t<div class=\"elementor-widget-container\">\n\t\t\t\t\t<h2 class=\"elementor-heading-title elementor-size-default\">Qu\u00e9 es el acero inoxidable 410S<\/h2>\t\t\t\t<\/div>\n\t\t\t\t<\/div>\n\t\t\t\t<div class=\"elementor-element elementor-element-f553c48 elementor-widget elementor-widget-text-editor\" data-id=\"f553c48\" data-element_type=\"widget\" data-e-type=\"widget\" data-widget_type=\"text-editor.default\">\n\t\t\t\t<div class=\"elementor-widget-container\">\n\t\t\t\t\t\t\t\t\t<p>El acero inoxidable 410S es un acero inoxidable martens\u00edtico de bajo contenido en carbono y una versi\u00f3n modificada de bajo contenido en carbono del acero inoxidable 410 (13% de cromo). Evita el endurecimiento y la fisuraci\u00f3n durante los procesos a alta temperatura o de soldadura mediante el control del contenido de carbono (normalmente \u2264 0,08%), mejora la soldabilidad, evita el endurecimiento incluso durante el enfriamiento r\u00e1pido, mantiene una alta ductilidad y resuelve completamente el tradicional problema de \u201cfragilizaci\u00f3n posterior a la soldadura\u201d asociado al acero inoxidable 410. Comparado con el 410, el 410S ofrece mejor maquinabilidad y soldabilidad, pero una resistencia ligeramente inferior.<\/p>\t\t\t\t\t\t\t\t<\/div>\n\t\t\t\t<\/div>\n\t\t\t\t<div class=\"elementor-element elementor-element-3c186c4 elementor-widget elementor-widget-heading\" data-id=\"3c186c4\" data-element_type=\"widget\" data-e-type=\"widget\" data-widget_type=\"heading.default\">\n\t\t\t\t<div class=\"elementor-widget-container\">\n\t\t\t\t\t<h3 class=\"elementor-heading-title elementor-size-default\">Caracter\u00edsticas<\/h3>\t\t\t\t<\/div>\n\t\t\t\t<\/div>\n\t\t\t\t<div class=\"elementor-element elementor-element-d289879 elementor-widget elementor-widget-text-editor\" data-id=\"d289879\" data-element_type=\"widget\" data-e-type=\"widget\" data-widget_type=\"text-editor.default\">\n\t\t\t\t<div class=\"elementor-widget-container\">\n\t\t\t\t\t\t\t\t\t<p>El acero inoxidable 410S combina la resistencia del acero martens\u00edtico con la resistencia a la corrosi\u00f3n del acero ferr\u00edtico.<\/p>\t\t\t\t\t\t\t\t<\/div>\n\t\t\t\t<\/div>\n\t\t\t\t<div class=\"elementor-element elementor-element-9fe7307 elementor-widget elementor-widget-text-editor\" data-id=\"9fe7307\" data-element_type=\"widget\" data-e-type=\"widget\" data-widget_type=\"text-editor.default\">\n\t\t\t\t<div class=\"elementor-widget-container\">\n\t\t\t\t\t\t\t\t\t<p><strong>Resistencia a la corrosi\u00f3n:<\/strong><\/p><p>Presenta una buena resistencia a la exposici\u00f3n atmosf\u00e9rica, al agua, al agua dulce, a los \u00e1cidos org\u00e1nicos e inorg\u00e1nicos suaves, a los \u00e1lcalis y a determinados productos qu\u00edmicos, con un rendimiento especialmente destacado en entornos oxidantes.<\/p>\t\t\t\t\t\t\t\t<\/div>\n\t\t\t\t<\/div>\n\t\t\t\t<div class=\"elementor-element elementor-element-5f63e63 elementor-widget elementor-widget-text-editor\" data-id=\"5f63e63\" data-element_type=\"widget\" data-e-type=\"widget\" data-widget_type=\"text-editor.default\">\n\t\t\t\t<div class=\"elementor-widget-container\">\n\t\t\t\t\t\t\t\t\t<p><strong>Resistencia a altas temperaturas:<\/strong><\/p><p>Ofrece una excelente resistencia a la oxidaci\u00f3n en entornos de altas temperaturas. Puede utilizarse de forma continua a 1300 \u00b0F (aproximadamente 705 \u00b0C) e incluso puede soportar temperaturas m\u00e1s altas durante breves periodos.<\/p>\t\t\t\t\t\t\t\t<\/div>\n\t\t\t\t<\/div>\n\t\t\t\t<div class=\"elementor-element elementor-element-cc7dc0c elementor-widget elementor-widget-text-editor\" data-id=\"cc7dc0c\" data-element_type=\"widget\" data-e-type=\"widget\" data-widget_type=\"text-editor.default\">\n\t\t\t\t<div class=\"elementor-widget-container\">\n\t\t\t\t\t\t\t\t\t<p><strong>Formabilidad:<\/strong><\/p><p>Gracias a su reducido contenido en carbono, el 410S ofrece una conformabilidad significativamente mejorada. Puede conformarse f\u00e1cilmente mediante procesos como el hilado, el doblado y el laminado, y conserva la blandura y la ductilidad incluso despu\u00e9s del tratamiento t\u00e9rmico.<\/p>\t\t\t\t\t\t\t\t<\/div>\n\t\t\t\t<\/div>\n\t\t\t\t<div class=\"elementor-element elementor-element-e7fa2d1 elementor-widget elementor-widget-text-editor\" data-id=\"e7fa2d1\" data-element_type=\"widget\" data-e-type=\"widget\" data-widget_type=\"text-editor.default\">\n\t\t\t\t<div class=\"elementor-widget-container\">\n\t\t\t\t\t\t\t\t\t<p><strong>Soldabilidad:<\/strong><\/p><p>Superior al 410 est\u00e1ndar. Debido a su composici\u00f3n baja en carbono, es menos propenso a la precipitaci\u00f3n de carburos durante la soldadura, lo que reduce el riesgo de grietas en la soldadura. Sin embargo, sigue siendo necesario un cuidadoso control del proceso durante la soldadura para evitar fracturas fr\u00e1giles.<\/p>\t\t\t\t\t\t\t\t<\/div>\n\t\t\t\t<\/div>\n\t\t\t\t<div class=\"elementor-element elementor-element-8b64bbd elementor-widget elementor-widget-text-editor\" data-id=\"8b64bbd\" data-element_type=\"widget\" data-e-type=\"widget\" data-widget_type=\"text-editor.default\">\n\t\t\t\t<div class=\"elementor-widget-container\">\n\t\t\t\t\t\t\t\t\t<p><strong>Propiedades mec\u00e1nicas:<\/strong><\/p><p>Aunque no es apto para el endurecimiento por tratamiento t\u00e9rmico, se transforma totalmente en una estructura ferr\u00edtica cuando se recuece (1600-1650\u00b0F).<\/p>\t\t\t\t\t\t\t\t<\/div>\n\t\t\t\t<\/div>\n\t\t\t\t\t<\/div>\n\t\t\t\t<\/div>\n\t\t<div class=\"elementor-element elementor-element-2759337 e-flex e-con-boxed e-con e-parent\" data-id=\"2759337\" data-element_type=\"container\" data-e-type=\"container\">\n\t\t\t\t\t<div class=\"e-con-inner\">\n\t\t\t\t<div class=\"elementor-element elementor-element-ae88d49 elementor-widget elementor-widget-heading\" data-id=\"ae88d49\" data-element_type=\"widget\" data-e-type=\"widget\" data-widget_type=\"heading.default\">\n\t\t\t\t<div class=\"elementor-widget-container\">\n\t\t\t\t\t<h2 class=\"elementor-heading-title elementor-size-default\">Aplicaciones<\/h2>\t\t\t\t<\/div>\n\t\t\t\t<\/div>\n\t\t\t\t<div class=\"elementor-element elementor-element-f5659a3 elementor-widget elementor-widget-text-editor\" data-id=\"f5659a3\" data-element_type=\"widget\" data-e-type=\"widget\" data-widget_type=\"text-editor.default\">\n\t\t\t\t<div class=\"elementor-widget-container\">\n\t\t\t\t\t\t\t\t\t<ul><li><strong>Industria del autom\u00f3vil:<\/strong><\/li><\/ul><p>Su excelente resistencia a las altas temperaturas y a la corrosi\u00f3n lo hacen adecuado para sistemas de escape de autom\u00f3viles (como silenciadores, tubos de escape y catalizadores).<\/p><ul><li><strong>Calderas y c\u00e1maras de combusti\u00f3n:<\/strong><\/li><\/ul><p>Se utiliza en componentes de hornos, c\u00e1maras de combusti\u00f3n y conductos de humos, componentes que requieren resistencia a altas temperaturas y a la oxidaci\u00f3n.<\/p><ul><li><strong>Industria petroqu\u00edmica:<\/strong><\/li><\/ul><p>Se utiliza en componentes como placas de bandeja, tubos, intercambiadores de calor y bombas y v\u00e1lvulas, especialmente en entornos con medios ligeramente corrosivos.<\/p><ul><li><strong>Menaje y electrodom\u00e9sticos:<\/strong><\/li><\/ul><p>Por su resistencia a la corrosi\u00f3n y su atractivo est\u00e9tico, tambi\u00e9n se utiliza en la fabricaci\u00f3n de utensilios de cocina (como fregaderos y hornos) y carcasas de electrodom\u00e9sticos.<\/p>\t\t\t\t\t\t\t\t<\/div>\n\t\t\t\t<\/div>\n\t\t\t\t\t<\/div>\n\t\t\t\t<\/div>\n\t\t<div class=\"elementor-element elementor-element-92a3ed3 e-flex e-con-boxed e-con e-parent\" data-id=\"92a3ed3\" data-element_type=\"container\" data-e-type=\"container\">\n\t\t\t\t\t<div class=\"e-con-inner\">\n\t\t\t\t<div class=\"elementor-element elementor-element-f683365 elementor-widget elementor-widget-heading\" data-id=\"f683365\" data-element_type=\"widget\" data-e-type=\"widget\" data-widget_type=\"heading.default\">\n\t\t\t\t<div class=\"elementor-widget-container\">\n\t\t\t\t\t<h3 class=\"elementor-heading-title elementor-size-default\">Por qu\u00e9 elegir el tubo de acero inoxidable 410S<\/h3>\t\t\t\t<\/div>\n\t\t\t\t<\/div>\n\t\t\t\t<div class=\"elementor-element elementor-element-be5b97d elementor-widget elementor-widget-text-editor\" data-id=\"be5b97d\" data-element_type=\"widget\" data-e-type=\"widget\" data-widget_type=\"text-editor.default\">\n\t\t\t\t<div class=\"elementor-widget-container\">\n\t\t\t\t\t\t\t\t\t<p>1.Reducci\u00f3n de los costes generales de material del proyecto (ahorro de 20-30% en comparaci\u00f3n con el acero inoxidable 304)<\/p><p>2.Reducir el riesgo de agrietamiento causado por la soldadura y la fatiga t\u00e9rmica<\/p><p>3.Mejorar la estabilidad operativa a largo plazo de los equipos en entornos de altas temperaturas.<\/p>\t\t\t\t\t\t\t\t<\/div>\n\t\t\t\t<\/div>\n\t\t\t\t<div class=\"elementor-element elementor-element-dbad876 elementor-widget elementor-widget-heading\" data-id=\"dbad876\" data-element_type=\"widget\" data-e-type=\"widget\" data-widget_type=\"heading.default\">\n\t\t\t\t<div class=\"elementor-widget-container\">\n\t\t\t\t\t<h3 class=\"elementor-heading-title elementor-size-default\">Acero inoxidable 410S frente a 304<\/h3>\t\t\t\t<\/div>\n\t\t\t\t<\/div>\n\t\t\t\t<div class=\"elementor-element elementor-element-9407045 elementor-widget elementor-widget-text-editor\" data-id=\"9407045\" data-element_type=\"widget\" data-e-type=\"widget\" data-widget_type=\"text-editor.default\">\n\t\t\t\t<div class=\"elementor-widget-container\">\n\t\t\t\t\t\t\t\t\t<table class=\"table\"><tbody><tr><td>Material<\/td><td>Tubo de acero inoxidable 410S<\/td><td>Tubos de acero inoxidable 304<\/td><\/tr><tr><td>Contenido de carbono<\/td><td>bajo(\u22640.08%)<\/td><td>\u22640.08%<\/td><\/tr><tr><td>Soldabilidad<\/td><td>Excelente (sin tratamiento t\u00e9rmico, sin grietas)<\/td><td>Excelentes caracter\u00edsticas de soldadura y embutici\u00f3n profunda<\/td><\/tr><tr><td>Resistencia a la corrosi\u00f3n (entornos suaves)<\/td><td>Bien<\/td><td>Excelente<\/td><\/tr><tr><td>Resistencia a la oxidaci\u00f3n a altas temperaturas<\/td><td>Excelente a 650-800\u00b0C<\/td><td>Excelente<\/td><\/tr><tr><td>Coste<\/td><td>Alta rentabilidad<\/td><td>20%-30% mayor coste<\/td><\/tr><\/tbody><\/table>\t\t\t\t\t\t\t\t<\/div>\n\t\t\t\t<\/div>\n\t\t\t\t<div class=\"elementor-element elementor-element-d4e19fc elementor-widget elementor-widget-text-editor\" data-id=\"d4e19fc\" data-element_type=\"widget\" data-e-type=\"widget\" data-widget_type=\"text-editor.default\">\n\t\t\t\t<div class=\"elementor-widget-container\">\n\t\t\t\t\t\t\t\t\t<p>JBLSTAINLESS es un fabricante y proveedor profesional de tubos de acero inoxidable. Ofrecemos una amplia gama de tubos de acero inoxidable 410 en varios tipos y tama\u00f1os, junto con soluciones industriales fiables:<\/p><ul><li>M\u00e1s de 15 a\u00f1os de experiencia en la fabricaci\u00f3n de acero inoxidable<\/li><li>Cumplimiento estricto de las normas ASTM\/EN<\/li><li>Certificados de ensayo de materiales<\/li><li>Apoyo a las pruebas de terceros por SGS\/BV<\/li><li>Tama\u00f1os personalizados disponibles (OD\/WT\/Longitud)<\/li><\/ul><div>\u00a0<\/div><div><div>Si busca una soluci\u00f3n de tubos de acero inoxidable que equilibre la resistencia a altas temperaturas con el control de costes, el 410S es la opci\u00f3n ideal.<\/div><\/div>\t\t\t\t\t\t\t\t<\/div>\n\t\t\t\t<\/div>\n\t\t\t\t\t<\/div>\n\t\t\t\t<\/div>\n\t\t\t\t<\/div>","protected":false},"excerpt":{"rendered":"<p>El tubo de acero inoxidable 410S es un material de acero inoxidable ferr\u00edtico con bajo contenido en carbono que mantiene una excelente resistencia a la oxidaci\u00f3n al tiempo que mejora significativamente la soldabilidad gracias a la reducci\u00f3n del contenido en carbono.<\/p>\n<p>Excelente resistencia a la oxidaci\u00f3n (apto para 600-800\u00b0C)<\/p>\n<p>El dise\u00f1o bajo en carbono reduce la corrosi\u00f3n intergranular<\/p>\n<p>Buena soldabilidad<\/p>\n<p>Coste significativamente inferior al de los aceros inoxidables austen\u00edticos (como el 304)<\/p>","protected":false},"featured_media":2556,"template":"","meta":{"_eb_attr":""},"product_brand":[],"product_cat":[30],"product_tag":[],"class_list":{"0":"post-2545","1":"product","2":"type-product","3":"status-publish","4":"has-post-thumbnail","6":"product_cat-stainless-steel-seamless-pipe","8":"first","9":"instock","10":"shipping-taxable","11":"product-type-simple"},"_links":{"self":[{"href":"https:\/\/jblstainless.com\/es\/wp-json\/wp\/v2\/product\/2545","targetHints":{"allow":["GET"]}}],"collection":[{"href":"https:\/\/jblstainless.com\/es\/wp-json\/wp\/v2\/product"}],"about":[{"href":"https:\/\/jblstainless.com\/es\/wp-json\/wp\/v2\/types\/product"}],"version-history":[{"count":13,"href":"https:\/\/jblstainless.com\/es\/wp-json\/wp\/v2\/product\/2545\/revisions"}],"predecessor-version":[{"id":2562,"href":"https:\/\/jblstainless.com\/es\/wp-json\/wp\/v2\/product\/2545\/revisions\/2562"}],"wp:featuredmedia":[{"embeddable":true,"href":"https:\/\/jblstainless.com\/es\/wp-json\/wp\/v2\/media\/2556"}],"wp:attachment":[{"href":"https:\/\/jblstainless.com\/es\/wp-json\/wp\/v2\/media?parent=2545"}],"wp:term":[{"taxonomy":"product_brand","embeddable":true,"href":"https:\/\/jblstainless.com\/es\/wp-json\/wp\/v2\/product_brand?post=2545"},{"taxonomy":"product_cat","embeddable":true,"href":"https:\/\/jblstainless.com\/es\/wp-json\/wp\/v2\/product_cat?post=2545"},{"taxonomy":"product_tag","embeddable":true,"href":"https:\/\/jblstainless.com\/es\/wp-json\/wp\/v2\/product_tag?post=2545"}],"curies":[{"name":"wp","href":"https:\/\/api.w.org\/{rel}","templated":true}]}}