{"id":1163,"date":"2025-03-10T16:52:47","date_gmt":"2025-03-10T08:52:47","guid":{"rendered":"https:\/\/jblstainless.com\/?page_id=1163"},"modified":"2025-03-10T17:10:24","modified_gmt":"2025-03-10T09:10:24","slug":"politique-en-matiere-de-cookies","status":"publish","type":"page","link":"https:\/\/jblstainless.com\/fr\/cookie-policy\/","title":{"rendered":"Politique en mati\u00e8re de cookies"},"content":{"rendered":"<p>JBLSTEEL (\u201cnous\u201d, \u201cnotre\u201d ou \u201cnos\u201d) utilise des cookies sur notre site web www.jblstainless.com pour am\u00e9liorer votre exp\u00e9rience de navigation et nos services. La pr\u00e9sente politique en mati\u00e8re de cookies explique ce que sont les cookies, comment nous les utilisons et quels sont vos choix en la mati\u00e8re.<\/p>\n\n\n\n<ol class=\"wp-block-list\">\n<li>Qu'est-ce qu'un cookie ?<br>Les cookies sont de petits fichiers texte qui sont stock\u00e9s sur votre appareil (ordinateur, tablette ou mobile) lorsque vous visitez un site web. Les cookies sont largement utilis\u00e9s pour am\u00e9liorer le fonctionnement des sites web et fournir des informations \u00e0 leurs propri\u00e9taires.<\/li>\n\n\n\n<li>Comment nous utilisons les cookies<br>Nous utilisons des cookies pour diverses raisons, notamment :<\/li>\n<\/ol>\n\n\n\n<ul class=\"wp-block-list\">\n<li>Cookies essentiels : Ces cookies sont n\u00e9cessaires au bon fonctionnement de notre site web. Ils vous permettent de naviguer sur le site et d'utiliser ses fonctionnalit\u00e9s, comme l'acc\u00e8s aux zones s\u00e9curis\u00e9es.<\/li>\n\n\n\n<li>Cookies de performance : Ces cookies recueillent des informations sur la mani\u00e8re dont les visiteurs utilisent notre site web, par exemple les pages les plus visit\u00e9es. Ces informations nous aident \u00e0 am\u00e9liorer les performances du site et l'exp\u00e9rience des utilisateurs.<\/li>\n\n\n\n<li>Cookies de fonctionnalit\u00e9 : Ces cookies permettent \u00e0 notre site web de se souvenir des choix que vous faites (comme votre langue ou votre r\u00e9gion) et de fournir des fonctions am\u00e9lior\u00e9es et plus personnalis\u00e9es.<\/li>\n\n\n\n<li>Cookies de ciblage\/publicit\u00e9 : Ces cookies sont utilis\u00e9s pour diffuser des publicit\u00e9s plus pertinentes pour vous et vos centres d'int\u00e9r\u00eat. Ils sont \u00e9galement utilis\u00e9s pour limiter le nombre de fois que vous voyez une publicit\u00e9 et pour mesurer l'efficacit\u00e9 des campagnes publicitaires.<\/li>\n<\/ul>\n\n\n\n<ol start=\"3\" class=\"wp-block-list\">\n<li>Cookies de tiers<br>Outre nos propres cookies, nous pouvons \u00e9galement utiliser divers cookies de tiers pour \u00e9tablir des statistiques d'utilisation, diffuser des publicit\u00e9s et fournir des fonctionnalit\u00e9s suppl\u00e9mentaires. Ces cookies sont mis en place par des soci\u00e9t\u00e9s tierces et sont soumis \u00e0 leurs propres politiques de confidentialit\u00e9.<\/li>\n\n\n\n<li>Vos choix concernant les cookies<br>Vous avez le droit d'accepter ou de refuser les cookies. La plupart des navigateurs web acceptent automatiquement les cookies, mais vous pouvez modifier les param\u00e8tres de votre navigateur pour les refuser si vous le souhaitez. Voici comment g\u00e9rer vos pr\u00e9f\u00e9rences en mati\u00e8re de cookies :<\/li>\n<\/ol>\n\n\n\n<ul class=\"wp-block-list\">\n<li>Param\u00e8tres du navigateur : Vous pouvez g\u00e9n\u00e9ralement modifier les param\u00e8tres de votre navigateur pour d\u00e9sactiver les cookies. Veuillez consulter la section d'aide de votre navigateur pour savoir comment proc\u00e9der.<\/li>\n\n\n\n<li>Liens d'exclusion : Certains services tiers proposent des options de retrait, vous permettant de refuser la collecte de donn\u00e9es par le biais de leurs cookies. Visitez leurs sites web pour g\u00e9rer vos pr\u00e9f\u00e9rences.<\/li>\n<\/ul>\n\n\n\n<p>Veuillez noter que la d\u00e9sactivation des cookies peut affecter la fonctionnalit\u00e9 et les caract\u00e9ristiques de notre site web. Certaines parties du site peuvent ne pas fonctionner correctement si vous d\u00e9sactivez les cookies.<\/p>\n\n\n\n<ol start=\"5\" class=\"wp-block-list\">\n<li>Modifications de la pr\u00e9sente politique en mati\u00e8re de cookies<br>Nous pouvons mettre \u00e0 jour la pr\u00e9sente politique en mati\u00e8re de cookies de temps \u00e0 autre pour refl\u00e9ter des changements dans nos pratiques ou pour d'autres raisons op\u00e9rationnelles, juridiques ou r\u00e9glementaires. Nous vous informerons de toute modification importante en publiant la nouvelle politique sur notre site web.<\/li>\n\n\n\n<li>Nous contacter<br>Si vous avez des questions ou des pr\u00e9occupations concernant notre utilisation des cookies, veuillez nous contacter \u00e0 l'adresse suivante :<\/li>\n<\/ol>\n\n\n\n<p>JBLSTEEL<br>Courriel : wendy@jinblai.com<br>Adresse : Ville d'Anyang, province du Henan, Chine<\/p>","protected":false},"excerpt":{"rendered":"<p>JBLSTEEL (\u201cwe,\u201d \u201cus,\u201d or \u201cour\u201d) uses cookies on our website www.jblstainless.com to enhance your browsing experience and improve our services. This Cookie Policy explains what cookies are, how we use them, and your choices regarding cookies. Please note that disabling cookies may affect the functionality and features of our website. Some parts of the site [&hellip;]<\/p>\n","protected":false},"author":1,"featured_media":0,"parent":0,"menu_order":0,"comment_status":"closed","ping_status":"closed","template":"","meta":{"_eb_attr":"","footnotes":""},"class_list":["post-1163","page","type-page","status-publish","hentry"],"_links":{"self":[{"href":"https:\/\/jblstainless.com\/fr\/wp-json\/wp\/v2\/pages\/1163","targetHints":{"allow":["GET"]}}],"collection":[{"href":"https:\/\/jblstainless.com\/fr\/wp-json\/wp\/v2\/pages"}],"about":[{"href":"https:\/\/jblstainless.com\/fr\/wp-json\/wp\/v2\/types\/page"}],"author":[{"embeddable":true,"href":"https:\/\/jblstainless.com\/fr\/wp-json\/wp\/v2\/users\/1"}],"replies":[{"embeddable":true,"href":"https:\/\/jblstainless.com\/fr\/wp-json\/wp\/v2\/comments?post=1163"}],"version-history":[{"count":3,"href":"https:\/\/jblstainless.com\/fr\/wp-json\/wp\/v2\/pages\/1163\/revisions"}],"predecessor-version":[{"id":1171,"href":"https:\/\/jblstainless.com\/fr\/wp-json\/wp\/v2\/pages\/1163\/revisions\/1171"}],"wp:attachment":[{"href":"https:\/\/jblstainless.com\/fr\/wp-json\/wp\/v2\/media?parent=1163"}],"curies":[{"name":"wp","href":"https:\/\/api.w.org\/{rel}","templated":true}]}}