{"id":1168,"date":"2025-03-10T17:01:30","date_gmt":"2025-03-10T09:01:30","guid":{"rendered":"https:\/\/jblstainless.com\/?page_id=1168"},"modified":"2025-03-10T17:01:31","modified_gmt":"2025-03-10T09:01:31","slug":"politique-de-confidentialite","status":"publish","type":"page","link":"https:\/\/jblstainless.com\/fr\/privacy-policy\/","title":{"rendered":"Politique de confidentialit\u00e9"},"content":{"rendered":"<p>JBLSTEEL (\u201cnous\u201d, \u201cnotre\u201d ou \u201cnos\u201d) s'engage \u00e0 prot\u00e9ger votre vie priv\u00e9e. La pr\u00e9sente politique de confidentialit\u00e9 d\u00e9crit la mani\u00e8re dont nous recueillons, utilisons et prot\u00e9geons vos informations lorsque vous visitez notre site web, www.jblstainless.com, et interagissez avec nos services.<\/p>\n\n\n\n<ol class=\"wp-block-list\">\n<li>Informations collect\u00e9es<br>Informations personnelles : Lorsque vous visitez notre site web, passez une commande ou nous contactez, nous pouvons recueillir des informations personnelles telles que votre nom, votre adresse \u00e9lectronique, votre num\u00e9ro de t\u00e9l\u00e9phone et les coordonn\u00e9es de votre entreprise.<\/li>\n<\/ol>\n\n\n\n<p>Informations non personnelles : Nous recueillons \u00e9galement des informations non personnelles telles que votre type de navigateur, votre syst\u00e8me d'exploitation, votre adresse IP et votre comportement de navigation afin d'am\u00e9liorer la fonctionnalit\u00e9 de notre site web et l'exp\u00e9rience de l'utilisateur.<\/p>\n\n\n\n<ol start=\"2\" class=\"wp-block-list\">\n<li>Comment nous utilisons vos informations<br>Nous utilisons les informations collect\u00e9es aux fins suivantes :<\/li>\n<\/ol>\n\n\n\n<p>Pour traiter et ex\u00e9cuter vos commandes.<br>Pour r\u00e9pondre \u00e0 vos demandes et fournir une assistance \u00e0 la client\u00e8le.<br>Am\u00e9liorer notre site web, nos produits et nos services.<br>Pour vous envoyer du mat\u00e9riel promotionnel et des mises \u00e0 jour (vous pouvez vous d\u00e9sinscrire \u00e0 tout moment).<br>Se conformer aux exigences l\u00e9gales et prot\u00e9ger nos droits l\u00e9gaux.<\/p>\n\n\n\n<ol start=\"3\" class=\"wp-block-list\">\n<li>Partage et divulgation d'informations<br>Nous ne vendons pas, n'\u00e9changeons pas et ne louons pas vos informations personnelles \u00e0 des tiers. Nous pouvons partager vos informations avec des prestataires de services tiers de confiance qui nous aident \u00e0 exploiter notre site web, \u00e0 mener nos activit\u00e9s ou \u00e0 vous fournir des services, \u00e0 condition que ces parties acceptent de garder ces informations confidentielles.<\/li>\n\n\n\n<li>S\u00e9curit\u00e9 des donn\u00e9es<br>Nous mettons en \u0153uvre une s\u00e9rie de mesures de s\u00e9curit\u00e9 pour assurer la s\u00e9curit\u00e9 de vos informations personnelles. Toutefois, veuillez noter qu'aucune m\u00e9thode de transmission sur l'internet ou de stockage \u00e9lectronique n'est 100% s\u00fbre et que nous ne pouvons pas garantir une s\u00e9curit\u00e9 absolue.<\/li>\n\n\n\n<li>Cookies<br>Notre site web utilise des cookies pour am\u00e9liorer votre exp\u00e9rience de navigation. Les cookies sont de petits fichiers stock\u00e9s sur votre appareil qui nous aident \u00e0 comprendre vos pr\u00e9f\u00e9rences et \u00e0 am\u00e9liorer nos services. Vous pouvez choisir de d\u00e9sactiver les cookies par le biais des param\u00e8tres de votre navigateur, mais cela peut affecter votre capacit\u00e9 \u00e0 utiliser certaines fonctionnalit\u00e9s de notre site web.<\/li>\n\n\n\n<li>Liens avec des tiers<br>Notre site web peut contenir des liens vers des sites web de tiers. Nous ne sommes pas responsables des pratiques en mati\u00e8re de protection de la vie priv\u00e9e ou du contenu de ces sites externes. Nous vous encourageons \u00e0 consulter les politiques de confidentialit\u00e9 des sites tiers que vous visitez.<\/li>\n\n\n\n<li>Vos droits<br>Vous avez le droit d'acc\u00e9der \u00e0 vos informations personnelles d\u00e9tenues par nous, de les corriger ou de les supprimer. Vous pouvez \u00e9galement vous opposer au traitement de vos informations personnelles ou demander la portabilit\u00e9 des donn\u00e9es. Pour exercer ces droits, veuillez nous contacter \u00e0 l'adresse suivante : wendy@jinblai.com<\/li>\n\n\n\n<li>Modifications de la pr\u00e9sente politique de protection de la vie priv\u00e9e<br>Nous pouvons mettre \u00e0 jour cette politique de confidentialit\u00e9 de temps \u00e0 autre pour refl\u00e9ter des changements dans nos pratiques ou pour d'autres raisons op\u00e9rationnelles, juridiques ou r\u00e9glementaires. Nous vous informerons de toute modification importante en publiant la nouvelle politique sur notre site web.<\/li>\n\n\n\n<li>Nous contacter<br>Si vous avez des questions ou des pr\u00e9occupations concernant la pr\u00e9sente politique de confidentialit\u00e9, veuillez nous contacter \u00e0 l'adresse suivante<\/li>\n<\/ol>\n\n\n\n<p><\/p>\n\n\n\n<p>JBLSTEEL<br>Email:wendy@jinblai.com<br>Adresse : Anyang City, Henan Province, China<\/p>","protected":false},"excerpt":{"rendered":"<p>JBLSTEEL (\u201cwe,\u201d \u201cus,\u201d or \u201cour\u201d) is committed to protecting your privacy. This Privacy Policy outlines how we collect, use, and safeguard your information when you visit our website, www.jblstainless.com, and interact with our services. Non-Personal Information: We also collect non-personal information such as your browser type, operating system, IP address, and browsing behavior to improve [&hellip;]<\/p>\n","protected":false},"author":1,"featured_media":0,"parent":0,"menu_order":0,"comment_status":"closed","ping_status":"closed","template":"","meta":{"_eb_attr":"","footnotes":""},"class_list":["post-1168","page","type-page","status-publish","hentry"],"_links":{"self":[{"href":"https:\/\/jblstainless.com\/fr\/wp-json\/wp\/v2\/pages\/1168","targetHints":{"allow":["GET"]}}],"collection":[{"href":"https:\/\/jblstainless.com\/fr\/wp-json\/wp\/v2\/pages"}],"about":[{"href":"https:\/\/jblstainless.com\/fr\/wp-json\/wp\/v2\/types\/page"}],"author":[{"embeddable":true,"href":"https:\/\/jblstainless.com\/fr\/wp-json\/wp\/v2\/users\/1"}],"replies":[{"embeddable":true,"href":"https:\/\/jblstainless.com\/fr\/wp-json\/wp\/v2\/comments?post=1168"}],"version-history":[{"count":1,"href":"https:\/\/jblstainless.com\/fr\/wp-json\/wp\/v2\/pages\/1168\/revisions"}],"predecessor-version":[{"id":1169,"href":"https:\/\/jblstainless.com\/fr\/wp-json\/wp\/v2\/pages\/1168\/revisions\/1169"}],"wp:attachment":[{"href":"https:\/\/jblstainless.com\/fr\/wp-json\/wp\/v2\/media?parent=1168"}],"curies":[{"name":"wp","href":"https:\/\/api.w.org\/{rel}","templated":true}]}}