{"id":1172,"date":"2025-03-10T17:23:12","date_gmt":"2025-03-10T09:23:12","guid":{"rendered":"https:\/\/jblstainless.com\/?page_id=1172"},"modified":"2025-03-10T17:23:13","modified_gmt":"2025-03-10T09:23:13","slug":"conditions-generales","status":"publish","type":"page","link":"https:\/\/jblstainless.com\/fr\/termsconditions\/","title":{"rendered":"Conditions g\u00e9n\u00e9rales"},"content":{"rendered":"<p>Bienvenue sur le site Web de JBLSTEEL (\u201c nous \u201d, \u201c notre \u201d ou \u201c nos \u201d), www.jblstainless.com. En utilisant ce site Web, vous acceptez de vous conformer et d'\u00eatre li\u00e9 par les conditions d'utilisation suivantes (\u201c Conditions \u201d). Veuillez lire attentivement ces Conditions avant d'utiliser notre site Web.<\/p>\n\n\n\n<ol class=\"wp-block-list\">\n<li>Acceptation des conditions g\u00e9n\u00e9rales<br>En acc\u00e9dant \u00e0 notre site Web et en l'utilisant, vous acceptez les pr\u00e9sentes conditions. Si vous n'acceptez pas ces conditions, veuillez ne pas utiliser notre site Web.<\/li>\n\n\n\n<li>Modification des conditions g\u00e9n\u00e9rales<br>JBLSTEEL se r\u00e9serve le droit de modifier ou de mettre \u00e0 jour les pr\u00e9sentes Conditions \u00e0 tout moment. Toute modification entrera en vigueur d\u00e8s sa publication sur le site Web. En continuant \u00e0 utiliser le site Web apr\u00e8s la publication de ces modifications, vous acceptez les nouvelles Conditions.<\/li>\n\n\n\n<li>Admissibilit\u00e9 des utilisateurs<br>Les utilisateurs de ce site Web doivent \u00eatre \u00e2g\u00e9s d'au moins 18 ans et \u00eatre capables de conclure des contrats juridiquement contraignants. En utilisant ce site Web, vous d\u00e9clarez et garantissez que vous remplissez ces conditions d'\u00e9ligibilit\u00e9.<\/li>\n\n\n\n<li>Produits et services<br>Nous nous effor\u00e7ons de d\u00e9crire nos produits et services avec pr\u00e9cision, mais ne garantissons pas que les descriptions, les prix ou tout autre contenu soient exacts, complets ou exempts d'erreurs. Nous nous r\u00e9servons le droit de modifier les informations relatives \u00e0 nos produits et services sans pr\u00e9avis.<\/li>\n\n\n\n<li>Commandes et paiements<br>Toutes les commandes doivent \u00eatre r\u00e9gl\u00e9es via nos modes de paiement d\u00e9sign\u00e9s. Nous nous r\u00e9servons le droit de refuser ou d'annuler toute commande pour quelque raison que ce soit, y compris, mais sans s'y limiter, des erreurs dans les informations sur les produits ou les prix, des soup\u00e7ons de fraude ou d'autres probl\u00e8mes.<\/li>\n\n\n\n<li>Conduite de l'utilisateur<br>Vous acceptez de ne pas utiliser le site Web d'une mani\u00e8re ill\u00e9gale, qui porte atteinte aux droits d'autrui ou qui interf\u00e8re avec le fonctionnement du site Web. Les actions interdites comprennent le t\u00e9l\u00e9chargement, la publication ou la transmission de tout contenu ill\u00e9gal, contrefait, offensant, faux ou pr\u00e9judiciable.<\/li>\n\n\n\n<li>Avertissement<br>Le site Web et son contenu sont fournis \u201c tels quels \u201d et \u201c tels que disponibles \u201d. JBLSTEEL ne fait aucune d\u00e9claration et n'offre aucune garantie, expresse ou implicite, concernant le site Web, y compris, mais sans s'y limiter, les garanties de qualit\u00e9 marchande, d'ad\u00e9quation \u00e0 un usage particulier ou d'absence de contrefa\u00e7on.<\/li>\n\n\n\n<li>Limitation de responsabilit\u00e9<br>Dans toute la mesure permise par la loi, JBLSTEEL ne saurait \u00eatre tenu responsable des dommages directs, indirects, accessoires, sp\u00e9ciaux ou cons\u00e9cutifs r\u00e9sultant de l'utilisation ou de l'impossibilit\u00e9 d'utiliser le site Web ou son contenu, m\u00eame si nous avons \u00e9t\u00e9 inform\u00e9s de la possibilit\u00e9 de tels dommages.<\/li>\n\n\n\n<li>R\u00e9siliation<br>Nous nous r\u00e9servons le droit de r\u00e9silier ou de suspendre votre acc\u00e8s au site Web \u00e0 tout moment, pour quelque raison que ce soit et sans pr\u00e9avis.<\/li>\n\n\n\n<li>Loi applicable<br>Les pr\u00e9sentes Conditions sont r\u00e9gies et interpr\u00e9t\u00e9es conform\u00e9ment aux lois chinoises.<\/li>\n\n\n\n<li>Nous contacter<br>Si vous avez des questions ou souhaitez obtenir plus d'informations sur les pr\u00e9sentes Conditions, veuillez nous contacter :<\/li>\n<\/ol>\n\n\n\n<p>JBLSTEEL<br>Courriel : wendy@jinblai.com<br>Adresse : Ville d'Anyang, province du Henan, Chine<\/p>","protected":false},"excerpt":{"rendered":"<p>Bienvenue sur le site web de JBLSTEEL (\u201cnous\u201d, \u201cnotre\u201d ou \u201cnos\u201d), www.jblstainless.com. En utilisant ce site, vous acceptez de vous conformer et d'\u00eatre li\u00e9 par les conditions de service suivantes (\u201cconditions\u201d). Veuillez lire attentivement ces conditions avant d'utiliser notre site web. JBLSTEELEmail : wendy@jinblai.comAddress : Anyang City, Henan Province, China<\/p>","protected":false},"author":1,"featured_media":0,"parent":0,"menu_order":0,"comment_status":"closed","ping_status":"closed","template":"","meta":{"_eb_attr":"","footnotes":""},"class_list":["post-1172","page","type-page","status-publish","hentry"],"_links":{"self":[{"href":"https:\/\/jblstainless.com\/fr\/wp-json\/wp\/v2\/pages\/1172","targetHints":{"allow":["GET"]}}],"collection":[{"href":"https:\/\/jblstainless.com\/fr\/wp-json\/wp\/v2\/pages"}],"about":[{"href":"https:\/\/jblstainless.com\/fr\/wp-json\/wp\/v2\/types\/page"}],"author":[{"embeddable":true,"href":"https:\/\/jblstainless.com\/fr\/wp-json\/wp\/v2\/users\/1"}],"replies":[{"embeddable":true,"href":"https:\/\/jblstainless.com\/fr\/wp-json\/wp\/v2\/comments?post=1172"}],"version-history":[{"count":1,"href":"https:\/\/jblstainless.com\/fr\/wp-json\/wp\/v2\/pages\/1172\/revisions"}],"predecessor-version":[{"id":1173,"href":"https:\/\/jblstainless.com\/fr\/wp-json\/wp\/v2\/pages\/1172\/revisions\/1173"}],"wp:attachment":[{"href":"https:\/\/jblstainless.com\/fr\/wp-json\/wp\/v2\/media?parent=1172"}],"curies":[{"name":"wp","href":"https:\/\/api.w.org\/{rel}","templated":true}]}}