{"id":1636,"date":"2025-06-05T17:02:15","date_gmt":"2025-06-05T09:02:15","guid":{"rendered":"https:\/\/jblstainless.com\/?page_id=1636"},"modified":"2025-06-05T17:02:16","modified_gmt":"2025-06-05T09:02:16","slug":"faq","status":"publish","type":"page","link":"https:\/\/jblstainless.com\/fr\/faq\/","title":{"rendered":"FAQ"},"content":{"rendered":"<div data-elementor-type=\"wp-page\" data-elementor-id=\"1636\" class=\"elementor elementor-1636\" data-elementor-post-type=\"page\">\n\t\t\t\t<div class=\"elementor-element elementor-element-8c5e0d6 e-flex e-con-boxed e-con e-parent\" data-id=\"8c5e0d6\" data-element_type=\"container\" data-e-type=\"container\">\n\t\t\t\t\t<div class=\"e-con-inner\">\n\t\t\t\t<div class=\"elementor-element elementor-element-7196fa7 elementor-widget elementor-widget-heading\" data-id=\"7196fa7\" data-element_type=\"widget\" data-e-type=\"widget\" data-widget_type=\"heading.default\">\n\t\t\t\t<div class=\"elementor-widget-container\">\n\t\t\t\t\t<h2 class=\"elementor-heading-title elementor-size-default\">FAQ<\/h2>\t\t\t\t<\/div>\n\t\t\t\t<\/div>\n\t\t\t\t\t<\/div>\n\t\t\t\t<\/div>\n\t\t<div class=\"elementor-element elementor-element-24355f5 e-flex e-con-boxed e-con e-parent\" data-id=\"24355f5\" data-element_type=\"container\" data-e-type=\"container\">\n\t\t\t\t\t<div class=\"e-con-inner\">\n\t\t\t\t<div class=\"elementor-element elementor-element-f15a9c6 elementor-widget elementor-widget-heading\" data-id=\"f15a9c6\" data-element_type=\"widget\" data-e-type=\"widget\" data-widget_type=\"heading.default\">\n\t\t\t\t<div class=\"elementor-widget-container\">\n\t\t\t\t\t<h2 class=\"elementor-heading-title elementor-size-default\">Quels types de produits en acier inoxydable proposez-vous ?<\/h2>\t\t\t\t<\/div>\n\t\t\t\t<\/div>\n\t\t\t\t<div class=\"elementor-element elementor-element-279587e elementor-widget elementor-widget-text-editor\" data-id=\"279587e\" data-element_type=\"widget\" data-e-type=\"widget\" data-widget_type=\"text-editor.default\">\n\t\t\t\t<div class=\"elementor-widget-container\">\n\t\t\t\t\t\t\t\t\t<p>Nous fournissons divers types de produits en acier inoxydable, notamment des plaques et des bobines en acier inoxydable, des tubes en acier sans soudure, des tubes en acier soud\u00e9s, des raccords de tuyauterie, des profil\u00e9s, des fixations et des produits personnalis\u00e9s. Gr\u00e2ce \u00e0 leurs caract\u00e9ristiques de r\u00e9sistance \u00e0 la corrosion, de haute r\u00e9sistance et d'esth\u00e9tique, ils sont largement utilis\u00e9s dans les secteurs de la construction, de la fabrication, de l'\u00e9nergie, de la chimie, de la transformation alimentaire et du m\u00e9dical.<\/p>\t\t\t\t\t\t\t\t<\/div>\n\t\t\t\t<\/div>\n\t\t\t\t\t<\/div>\n\t\t\t\t<\/div>\n\t\t<div class=\"elementor-element elementor-element-0cca6f0 e-flex e-con-boxed e-con e-parent\" data-id=\"0cca6f0\" data-element_type=\"container\" data-e-type=\"container\">\n\t\t\t\t\t<div class=\"e-con-inner\">\n\t\t\t\t<div class=\"elementor-element elementor-element-82fc5de elementor-widget elementor-widget-heading\" data-id=\"82fc5de\" data-element_type=\"widget\" data-e-type=\"widget\" data-widget_type=\"heading.default\">\n\t\t\t\t<div class=\"elementor-widget-container\">\n\t\t\t\t\t<h2 class=\"elementor-heading-title elementor-size-default\">Quels sont les avantages de l'acier inoxydable ?<\/h2>\t\t\t\t<\/div>\n\t\t\t\t<\/div>\n\t\t\t\t<div class=\"elementor-element elementor-element-50ddc49 elementor-widget elementor-widget-text-editor\" data-id=\"50ddc49\" data-element_type=\"widget\" data-e-type=\"widget\" data-widget_type=\"text-editor.default\">\n\t\t\t\t<div class=\"elementor-widget-container\">\n\t\t\t\t\t\t\t\t\t<p>L'acier inoxydable offre une r\u00e9sistance \u00e0 la corrosion, une solidit\u00e9, une durabilit\u00e9 et une esth\u00e9tique sup\u00e9rieures. Il est facile \u00e0 entretenir, recyclable \u00e0 100 % et respectueux de l'environnement.<\/p>\t\t\t\t\t\t\t\t<\/div>\n\t\t\t\t<\/div>\n\t\t\t\t\t<\/div>\n\t\t\t\t<\/div>\n\t\t<div class=\"elementor-element elementor-element-70fd210 e-flex e-con-boxed e-con e-parent\" data-id=\"70fd210\" data-element_type=\"container\" data-e-type=\"container\">\n\t\t\t\t\t<div class=\"e-con-inner\">\n\t\t\t\t<div class=\"elementor-element elementor-element-3aa63f5 elementor-widget elementor-widget-heading\" data-id=\"3aa63f5\" data-element_type=\"widget\" data-e-type=\"widget\" data-widget_type=\"heading.default\">\n\t\t\t\t<div class=\"elementor-widget-container\">\n\t\t\t\t\t<h2 class=\"elementor-heading-title elementor-size-default\">Comment choisir le bon produit en acier inoxydable ?<\/h2>\t\t\t\t<\/div>\n\t\t\t\t<\/div>\n\t\t\t\t<div class=\"elementor-element elementor-element-2b1d86c elementor-widget elementor-widget-text-editor\" data-id=\"2b1d86c\" data-element_type=\"widget\" data-e-type=\"widget\" data-widget_type=\"text-editor.default\">\n\t\t\t\t<div class=\"elementor-widget-container\">\n\t\t\t\t\t\t\t\t\t<p>Choisissez le mat\u00e9riau (par exemple, 304, 316), les sp\u00e9cifications et le traitement de surface en fonction des exigences du projet. S\u00e9lectionnez des fournisseurs qui r\u00e9pondent aux normes internationales afin de garantir la qualit\u00e9.<br \/>Chez JBLSTEEL, nous nous approvisionnons en mati\u00e8res premi\u00e8res aupr\u00e8s des meilleurs aci\u00e9ries telles que TISCO et Baosteel, qui appliquent des contr\u00f4les qualit\u00e9 stricts et respectent les normes ASTM, EN, JIS, GB et les sp\u00e9cifications des clients.<\/p>\t\t\t\t\t\t\t\t<\/div>\n\t\t\t\t<\/div>\n\t\t\t\t\t<\/div>\n\t\t\t\t<\/div>\n\t\t<div class=\"elementor-element elementor-element-0cd1e4f e-flex e-con-boxed e-con e-parent\" data-id=\"0cd1e4f\" data-element_type=\"container\" data-e-type=\"container\">\n\t\t\t\t\t<div class=\"e-con-inner\">\n\t\t\t\t<div class=\"elementor-element elementor-element-34081c3 elementor-widget elementor-widget-heading\" data-id=\"34081c3\" data-element_type=\"widget\" data-e-type=\"widget\" data-widget_type=\"heading.default\">\n\t\t\t\t<div class=\"elementor-widget-container\">\n\t\t\t\t\t<h2 class=\"elementor-heading-title elementor-size-default\">Proposez-vous des services de personnalisation ?<\/h2>\t\t\t\t<\/div>\n\t\t\t\t<\/div>\n\t\t\t\t<div class=\"elementor-element elementor-element-e5cf9bb elementor-widget elementor-widget-text-editor\" data-id=\"e5cf9bb\" data-element_type=\"widget\" data-e-type=\"widget\" data-widget_type=\"text-editor.default\">\n\t\t\t\t<div class=\"elementor-widget-container\">\n\t\t\t\t\t\t\t\t\t<p>Oui, nous proposons des dimensions, des sp\u00e9cifications, des mat\u00e9riaux et des finitions personnalis\u00e9s afin de r\u00e9pondre aux exigences sp\u00e9cifiques de chaque projet. Nous pouvons d\u00e9couper \u00e0 la longueur souhait\u00e9e, percer, fraiser des rainures ou souder selon les plans afin de r\u00e9pondre aux exigences individuelles de chaque projet.<\/p>\t\t\t\t\t\t\t\t<\/div>\n\t\t\t\t<\/div>\n\t\t\t\t\t<\/div>\n\t\t\t\t<\/div>\n\t\t<div class=\"elementor-element elementor-element-aab96d4 e-flex e-con-boxed e-con e-parent\" data-id=\"aab96d4\" data-element_type=\"container\" data-e-type=\"container\">\n\t\t\t\t\t<div class=\"e-con-inner\">\n\t\t\t\t<div class=\"elementor-element elementor-element-ff6f18d elementor-align-center elementor-widget elementor-widget-button\" data-id=\"ff6f18d\" data-element_type=\"widget\" data-e-type=\"widget\" data-widget_type=\"button.default\">\n\t\t\t\t<div class=\"elementor-widget-container\">\n\t\t\t\t\t\t\t\t\t<div class=\"elementor-button-wrapper\">\n\t\t\t\t\t<a class=\"elementor-button elementor-button-link elementor-size-sm\" href=\"#elementor-action%3Aaction%3Dpopup%3Aopen%26settings%3DeyJpZCI6IjExODMiLCJ0b2dnbGUiOmZhbHNlfQ%3D%3D\" id=\"FAQ\">\n\t\t\t\t\t\t<span class=\"elementor-button-content-wrapper\">\n\t\t\t\t\t\t\t\t\t<span class=\"elementor-button-text\">Obtenir un devis imm\u00e9diat <\/span>\n\t\t\t\t\t<\/span>\n\t\t\t\t\t<\/a>\n\t\t\t\t<\/div>\n\t\t\t\t\t\t\t\t<\/div>\n\t\t\t\t<\/div>\n\t\t\t\t\t<\/div>\n\t\t\t\t<\/div>\n\t\t<div class=\"elementor-element elementor-element-3e95751 e-flex e-con-boxed e-con e-parent\" data-id=\"3e95751\" data-element_type=\"container\" data-e-type=\"container\">\n\t\t\t\t\t<div class=\"e-con-inner\">\n\t\t\t\t<div class=\"elementor-element elementor-element-74d307c elementor-widget elementor-widget-heading\" data-id=\"74d307c\" data-element_type=\"widget\" data-e-type=\"widget\" data-widget_type=\"heading.default\">\n\t\t\t\t<div class=\"elementor-widget-container\">\n\t\t\t\t\t<h2 class=\"elementor-heading-title elementor-size-default\">Comment contr\u00f4lez-vous la qualit\u00e9 ?<\/h2>\t\t\t\t<\/div>\n\t\t\t\t<\/div>\n\t\t\t\t<div class=\"elementor-element elementor-element-c35a071 elementor-widget elementor-widget-text-editor\" data-id=\"c35a071\" data-element_type=\"widget\" data-e-type=\"widget\" data-widget_type=\"text-editor.default\">\n\t\t\t\t<div class=\"elementor-widget-container\">\n\t\t\t\t\t\t\t\t\t<p>Nous effectuons des contr\u00f4les dimensionnels, des analyses de composition chimique, des essais par ultrasons, des essais de r\u00e9sistance \u00e0 la traction, des essais de duret\u00e9 et d'autres contr\u00f4les de processus afin de garantir que chaque produit r\u00e9pond aux exigences de conception.<\/p><p>La certification des essais en usine est fournie avec la livraison, une inspection par un tiers est disponible.<\/p>\t\t\t\t\t\t\t\t<\/div>\n\t\t\t\t<\/div>\n\t\t\t\t\t<\/div>\n\t\t\t\t<\/div>\n\t\t<div class=\"elementor-element elementor-element-82a3c82 e-flex e-con-boxed e-con e-parent\" data-id=\"82a3c82\" data-element_type=\"container\" data-e-type=\"container\">\n\t\t\t\t\t<div class=\"e-con-inner\">\n\t\t\t\t<div class=\"elementor-element elementor-element-06d31b2 elementor-widget elementor-widget-heading\" data-id=\"06d31b2\" data-element_type=\"widget\" data-e-type=\"widget\" data-widget_type=\"heading.default\">\n\t\t\t\t<div class=\"elementor-widget-container\">\n\t\t\t\t\t<h2 class=\"elementor-heading-title elementor-size-default\">Vos produits sont-ils certifi\u00e9s ?\n<\/h2>\t\t\t\t<\/div>\n\t\t\t\t<\/div>\n\t\t\t\t<div class=\"elementor-element elementor-element-00a8ff0 elementor-widget elementor-widget-text-editor\" data-id=\"00a8ff0\" data-element_type=\"widget\" data-e-type=\"widget\" data-widget_type=\"text-editor.default\">\n\t\t\t\t<div class=\"elementor-widget-container\">\n\t\t\t\t\t\t\t\t\t<p>Les produits sont conformes aux normes ASTM, EN, JIS, GB et aux sp\u00e9cifications des clients.<\/p><p>Nous pouvons \u00e9galement fournir les certifications CE, RoHS et autres selon les exigences du projet afin de garantir la conformit\u00e9 aux normes locales et d'exportation. Conformit\u00e9 aux normes internationales telles que ASTM\/EN\/JIS\/GB.<\/p>\t\t\t\t\t\t\t\t<\/div>\n\t\t\t\t<\/div>\n\t\t\t\t\t<\/div>\n\t\t\t\t<\/div>\n\t\t<div class=\"elementor-element elementor-element-420a80e e-flex e-con-boxed e-con e-parent\" data-id=\"420a80e\" data-element_type=\"container\" data-e-type=\"container\">\n\t\t\t\t\t<div class=\"e-con-inner\">\n\t\t\t\t<div class=\"elementor-element elementor-element-0eed53d elementor-widget elementor-widget-heading\" data-id=\"0eed53d\" data-element_type=\"widget\" data-e-type=\"widget\" data-widget_type=\"heading.default\">\n\t\t\t\t<div class=\"elementor-widget-container\">\n\t\t\t\t\t<h2 class=\"elementor-heading-title elementor-size-default\">Qu'en est-il des prix ?\n<\/h2>\t\t\t\t<\/div>\n\t\t\t\t<\/div>\n\t\t\t\t<div class=\"elementor-element elementor-element-51eb343 elementor-widget elementor-widget-text-editor\" data-id=\"51eb343\" data-element_type=\"widget\" data-e-type=\"widget\" data-widget_type=\"text-editor.default\">\n\t\t\t\t<div class=\"elementor-widget-container\">\n\t\t\t\t\t\t\t\t\t<p>Nous nous approvisionnons en mati\u00e8res premi\u00e8res aupr\u00e8s d'aci\u00e9ries de premier plan telles que TISCO et Baosteel, avec des stocks suffisants, une exposition moindre aux fluctuations internationales des prix des mati\u00e8res premi\u00e8res, des prix comp\u00e9titifs et une gestion efficace de la production et de la cha\u00eene d'approvisionnement afin de garantir une rentabilit\u00e9 optimale.<\/p>\t\t\t\t\t\t\t\t<\/div>\n\t\t\t\t<\/div>\n\t\t\t\t\t<\/div>\n\t\t\t\t<\/div>\n\t\t\t\t<\/div>","protected":false},"excerpt":{"rendered":"<p>FAQ What types Stainless Steel products do you have? We supply various types of stainless steel products, including stainless steel plates and coils, seamless steel pipes, welded steel pipes, pipe fittings, profiles, fasteners, and customization products. With the characteristics of corrosion resistance, high strength and aesthetics, they are widely used in the construction, manufacturing, energy, [&hellip;]<\/p>\n","protected":false},"author":1,"featured_media":0,"parent":0,"menu_order":0,"comment_status":"closed","ping_status":"closed","template":"","meta":{"_eb_attr":"","footnotes":""},"class_list":["post-1636","page","type-page","status-publish","hentry"],"_links":{"self":[{"href":"https:\/\/jblstainless.com\/fr\/wp-json\/wp\/v2\/pages\/1636","targetHints":{"allow":["GET"]}}],"collection":[{"href":"https:\/\/jblstainless.com\/fr\/wp-json\/wp\/v2\/pages"}],"about":[{"href":"https:\/\/jblstainless.com\/fr\/wp-json\/wp\/v2\/types\/page"}],"author":[{"embeddable":true,"href":"https:\/\/jblstainless.com\/fr\/wp-json\/wp\/v2\/users\/1"}],"replies":[{"embeddable":true,"href":"https:\/\/jblstainless.com\/fr\/wp-json\/wp\/v2\/comments?post=1636"}],"version-history":[{"count":1,"href":"https:\/\/jblstainless.com\/fr\/wp-json\/wp\/v2\/pages\/1636\/revisions"}],"predecessor-version":[{"id":1637,"href":"https:\/\/jblstainless.com\/fr\/wp-json\/wp\/v2\/pages\/1636\/revisions\/1637"}],"wp:attachment":[{"href":"https:\/\/jblstainless.com\/fr\/wp-json\/wp\/v2\/media?parent=1636"}],"curies":[{"name":"wp","href":"https:\/\/api.w.org\/{rel}","templated":true}]}}