{"id":1236,"date":"2025-04-02T17:33:36","date_gmt":"2025-04-02T09:33:36","guid":{"rendered":"https:\/\/jblstainless.com\/?post_type=product&#038;p=1236"},"modified":"2025-07-14T16:43:58","modified_gmt":"2025-07-14T08:43:58","slug":"tubes-en-acier-inoxydable-sans-soudure","status":"publish","type":"product","link":"https:\/\/jblstainless.com\/fr\/seamless-stainless-steel-tubing\/","title":{"rendered":"Tubes en acier inoxydable sans soudure"},"content":{"rendered":"<p>Les tubes en acier inoxydable sans soudure sont des mat\u00e9riaux de tuyauterie \u00e0 haute r\u00e9sistance, r\u00e9sistants \u00e0 la corrosion et aux temp\u00e9ratures \u00e9lev\u00e9es, et la conception sans soudure garantit une fiabilit\u00e9 et une s\u00e9curit\u00e9 accrues.Nous proposons une gamme compl\u00e8te de mat\u00e9riaux en acier inoxydable, y compris des tubes en acier inoxydable aust\u00e9nitique sans soudure, des tubes en acier inoxydable martensitique sans soudure, des tubes en acier inoxydable ferritique sans soudure, etc.<\/p>\n<table class=\"table\">\n<tbody>\n<tr>\n<td>Mat\u00e9riau<\/td>\n<td>Fonctionnalit\u00e9<\/td>\n<td>Qualit\u00e9 de l'acier<\/td>\n<td>Dimension<\/td>\n<\/tr>\n<tr>\n<td>Acier inoxydable aust\u00e9nitique<\/td>\n<td>excellente r\u00e9sistance \u00e0 la corrosion, adapt\u00e9e aux produits chimiques<br \/>\net le g\u00e9nie maritime.<\/td>\n<td>304, 316, 317, etc.<\/td>\n<td>Diam\u00e8tre ext\u00e9rieur : 6,0~813,0 mm<br \/>\nWT:SCH5S~SCH80S<\/td>\n<\/tr>\n<tr>\n<td>Acier inoxydable martensitique<\/td>\n<td>haute r\u00e9sistance, adapt\u00e9 \u00e0 l'ing\u00e9nierie m\u00e9canique.<\/td>\n<td>410, 420, 431, etc.<\/td>\n<td>Diam\u00e8tre ext\u00e9rieur : 6,0~813,0 mm<br \/>\nWT:SCH5S~SCH80S<\/td>\n<\/tr>\n<tr>\n<td>Acier inoxydable duplex<\/td>\n<td>une meilleure r\u00e9sistance \u00e0 la corrosion et une plus grande solidit\u00e9<\/td>\n<td>S32205, S31803, etc.<\/td>\n<td>Diam\u00e8tre ext\u00e9rieur : 19,0~254 mm<br \/>\nPOIDS : SCH5S~SCH80S<\/td>\n<\/tr>\n<\/tbody>\n<\/table>\n<p><img fetchpriority=\"high\" decoding=\"async\" class=\"wp-image-1042 size-full\" src=\"https:\/\/jblstainless.com\/wp-content\/uploads\/2025\/02\/stainless-pipe.webp\" alt=\"tuyau en acier inoxydable\" width=\"1001\" height=\"300\" srcset=\"https:\/\/jblstainless.com\/wp-content\/uploads\/2025\/02\/stainless-pipe.webp 1001w, https:\/\/jblstainless.com\/wp-content\/uploads\/2025\/02\/stainless-pipe-300x90.webp 300w, https:\/\/jblstainless.com\/wp-content\/uploads\/2025\/02\/stainless-pipe-768x230.webp 768w, https:\/\/jblstainless.com\/wp-content\/uploads\/2025\/02\/stainless-pipe-18x5.webp 18w, https:\/\/jblstainless.com\/wp-content\/uploads\/2025\/02\/stainless-pipe-600x180.webp 600w\" sizes=\"(max-width: 1001px) 100vw, 1001px\" \/><\/p>\n<p>Nos tubes sans soudure sont fabriqu\u00e9s en acier inoxydable de haute puret\u00e9 et sont con\u00e7us pour r\u00e9sister \u00e0 la corrosion et aux temp\u00e9ratures \u00e9lev\u00e9es. Des mati\u00e8res premi\u00e8res aux produits finis, nous mettons en \u0153uvre un syst\u00e8me strict de gestion de la qualit\u00e9 pour garantir la conformit\u00e9 aux normes internationales telles que ASTM A312 et GB\/T 14976. Un laminage de pr\u00e9cision et une technologie de traitement thermique sont utilis\u00e9s pour garantir une \u00e9paisseur de paroi uniforme et l'absence de d\u00e9fauts, r\u00e9pondant ainsi aux exigences strictes d'applications telles que le p\u00e9trole, les produits chimiques et l'\u00e9nergie \u00e9lectrique.<\/p>\n<h2><strong>Sp\u00e9cification des tubes en acier inoxydable sans soudure<\/strong><\/h2>\n<table>\n<tbody>\n<tr>\n<td colspan=\"1\" rowspan=\"1\">Objet<\/td>\n<td colspan=\"2\" rowspan=\"1\">Tube en acier inoxydable sans soudure<\/td>\n<\/tr>\n<tr>\n<td colspan=\"1\" rowspan=\"1\">Qualit\u00e9 de l'acier<\/td>\n<td colspan=\"2\" rowspan=\"1\">S\u00e9rie 200, s\u00e9rie 300, s\u00e9rie 400, 904L, 2205, etc.<\/td>\n<\/tr>\n<tr>\n<td colspan=\"1\" rowspan=\"1\">Standard<\/td>\n<td colspan=\"2\" rowspan=\"1\">ASTM A213,A312,ASTM A269,ASTM A778,ASTM A789,DIN 17456, DIN17457,DIN 17459,JIS G3459,<\/p>\n<p>JIS G3463,GOST9941,EN10216, BS3605,GB13296<\/td>\n<\/tr>\n<tr>\n<td colspan=\"1\" rowspan=\"1\">Mat\u00e9riau<\/td>\n<td colspan=\"2\" rowspan=\"1\">304,304L,309S,310S,316,316Ti,317,317L,321,347,347H,304N,316L,316N,201,2205,etc<\/td>\n<\/tr>\n<tr>\n<td colspan=\"1\" rowspan=\"1\">Surface<\/td>\n<td colspan=\"2\" rowspan=\"1\">Polissage, recuit, d\u00e9capage, brillant<\/td>\n<\/tr>\n<tr>\n<td colspan=\"1\" rowspan=\"1\">Type<\/td>\n<td colspan=\"2\" rowspan=\"1\">lamin\u00e9 \u00e0 chaud, lamin\u00e9 \u00e0 froid<\/td>\n<\/tr>\n<tr>\n<td colspan=\"1\" rowspan=\"1\">Epaisseur de la paroi<\/td>\n<td colspan=\"2\" rowspan=\"1\">1mm-150mm(SCH10-XXS)<\/td>\n<\/tr>\n<tr>\n<td colspan=\"1\" rowspan=\"1\">Diam\u00e8tre ext\u00e9rieur<\/td>\n<td colspan=\"2\" rowspan=\"1\">6mm-2500mm (3\/8\u2033-100\u2033)<\/td>\n<\/tr>\n<tr>\n<td colspan=\"1\" rowspan=\"1\">D\u00e9lai de livraison<\/td>\n<td colspan=\"2\" rowspan=\"1\">Livraison rapide ou selon la quantit\u00e9 command\u00e9e.<\/td>\n<\/tr>\n<tr>\n<td colspan=\"1\" rowspan=\"1\">Paquet<\/td>\n<td colspan=\"2\" rowspan=\"1\">Emballage maritime d'exportation standard, ou selon les besoins.<\/td>\n<\/tr>\n<\/tbody>\n<\/table>\n<p>Gr\u00e2ce \u00e0 ses excellentes performances, le tube sans soudure en acier inoxydable est le mat\u00e9riau de tuyauterie pr\u00e9f\u00e9r\u00e9 dans les secteurs du p\u00e9trole, de la chimie, de l'\u00e9nergie \u00e9lectrique et d'autres domaines.Que vous ayez besoin de dimensions standard ou de dimensions sp\u00e9ciales, nous pouvons r\u00e9pondre \u00e0 vos besoins.<\/p>\n<h2>Pourquoi choisir JBLSTEEL comme fournisseur de tubes sans soudure ?<\/h2>\n<h3><strong>Service de personnalisation<\/strong><\/h3>\n<p>Nous comprenons que chaque projet est unique, c'est pourquoi nous proposons des solutions sur mesure, de diff\u00e9rentes tailles et sp\u00e9cifications, afin de r\u00e9pondre aux besoins sp\u00e9cifiques de chaque projet :<\/p>\n<p><strong>1.Unique Dimensions :<\/strong> Nos capacit\u00e9s avanc\u00e9es d'usinage CNC et d'ing\u00e9nierie de pr\u00e9cision nous permettent de fabriquer des tubes selon vos sp\u00e9cifications exactes.<\/p>\n<p><strong>2. mat\u00e9riau :<\/strong> Choisissez parmi une vari\u00e9t\u00e9 de nuances de mat\u00e9riaux, y compris les aciers inoxydables aust\u00e9nitiques, ferritiques, martensitiques et duplex, pour r\u00e9pondre aux exigences de votre projet, y compris les applications \u00e0 haute temp\u00e9rature, r\u00e9sistantes \u00e0 la corrosion ou \u00e0 haute pression.<\/p>\n<p><strong>3) Traitements de surface :<\/strong> Choisissez des finitions de surface telles que le polissage, le recuit, le d\u00e9capage et le brillant, afin d'obtenir une finition brillante et lisse, d'am\u00e9liorer l'esth\u00e9tique, de r\u00e9duire la rugosit\u00e9 de la surface et d'am\u00e9liorer la r\u00e9sistance \u00e0 la corrosion.<\/p>\n<p><strong>4. dessins et mod\u00e8les sp\u00e9ciaux :<\/strong> S\u00e9lectionnez le mat\u00e9riau (tel que 316L r\u00e9sistant \u00e0 la corrosion, 304 \u00e0 usage g\u00e9n\u00e9ral) et les sp\u00e9cifications (DN15-DN600) en fonction des exigences du projet afin de garantir l'ad\u00e9quation avec les exigences d'ing\u00e9nierie.<\/p>\n<p><img decoding=\"async\" class=\"wp-image-1357 size-full\" src=\"https:\/\/jblstainless.com\/wp-content\/uploads\/2025\/04\/stainless-steel-pipe-surface-treatment.webp\" alt=\"Traitement de surface des tuyaux en acier inoxydable\" width=\"1000\" height=\"493\" srcset=\"https:\/\/jblstainless.com\/wp-content\/uploads\/2025\/04\/stainless-steel-pipe-surface-treatment.webp 1000w, https:\/\/jblstainless.com\/wp-content\/uploads\/2025\/04\/stainless-steel-pipe-surface-treatment-300x148.webp 300w, https:\/\/jblstainless.com\/wp-content\/uploads\/2025\/04\/stainless-steel-pipe-surface-treatment-768x379.webp 768w, https:\/\/jblstainless.com\/wp-content\/uploads\/2025\/04\/stainless-steel-pipe-surface-treatment-18x9.webp 18w, https:\/\/jblstainless.com\/wp-content\/uploads\/2025\/04\/stainless-steel-pipe-surface-treatment-600x296.webp 600w\" sizes=\"(max-width: 1000px) 100vw, 1000px\" \/><\/p>\n<h3>Mat\u00e9riaux de premi\u00e8re qualit\u00e9<\/h3>\n<p>Les mati\u00e8res premi\u00e8res proviennent d'aci\u00e9ries r\u00e9put\u00e9es (Baosteel, Shagang, TISCO, etc.), les mat\u00e9riaux sont de haute qualit\u00e9 et conformes aux normes internationales ASTM, DIN, JIS, etc., ce qui garantit d'excellentes performances et une grande durabilit\u00e9. Le tube d'acier adopte un laminage de pr\u00e9cision et une technologie de traitement thermique pour garantir une \u00e9paisseur de paroi uniforme et l'absence de d\u00e9fauts.<\/p>\n<h3>Qualit\u00e9 garantie<\/h3>\n<p>Contr\u00f4le strict de la qualit\u00e9 : Notre processus de fabrication de pointe comprend des inspections de qualit\u00e9 rigoureuses, des mati\u00e8res premi\u00e8res aux produits finis, afin de garantir que chaque produit r\u00e9pond aux normes les plus strictes. Nous fournissons des rapports d'essai afin de garantir une livraison sans d\u00e9faut. Certification par des tiers : Nous acceptons \u00e9galement les inspections de tiers pour garantir que nos produits r\u00e9pondent aux normes.<\/p>\n<ul>\n<li>Fournir un certificat d'assurance qualit\u00e9, un rapport d'inspection, etc.<\/li>\n<\/ul>\n<p><img decoding=\"async\" class=\"wp-image-1361 size-full\" src=\"https:\/\/jblstainless.com\/wp-content\/uploads\/2025\/04\/seamless-stainless-steel-pipe-quality-inspection.webp\" alt=\"Inspection de la qualit\u00e9 des tubes en acier inoxydable sans soudure\" width=\"1000\" height=\"660\" srcset=\"https:\/\/jblstainless.com\/wp-content\/uploads\/2025\/04\/seamless-stainless-steel-pipe-quality-inspection.webp 1000w, https:\/\/jblstainless.com\/wp-content\/uploads\/2025\/04\/seamless-stainless-steel-pipe-quality-inspection-300x198.webp 300w, https:\/\/jblstainless.com\/wp-content\/uploads\/2025\/04\/seamless-stainless-steel-pipe-quality-inspection-768x507.webp 768w, https:\/\/jblstainless.com\/wp-content\/uploads\/2025\/04\/seamless-stainless-steel-pipe-quality-inspection-18x12.webp 18w, https:\/\/jblstainless.com\/wp-content\/uploads\/2025\/04\/seamless-stainless-steel-pipe-quality-inspection-600x396.webp 600w\" sizes=\"(max-width: 1000px) 100vw, 1000px\" \/><\/p>\n<h3>Nombreuses applications des tubes en acier inoxydable sans soudure<\/h3>\n<p>Les tubes sans soudure en acier inoxydable ont un large \u00e9ventail d'applications en raison de leur excellente r\u00e9sistance \u00e0 la corrosion, aux temp\u00e9ratures \u00e9lev\u00e9es et \u00e0 la solidit\u00e9 :<\/p>\n<ul>\n<li>Champ p\u00e9trolier : utilis\u00e9 pour le transport du p\u00e9trole et du gaz en haute mer, pour assurer la stabilit\u00e9 du pipeline dans des environnements \u00e0 haute pression.<\/li>\n<li>Domaine chimique : r\u00e9sistance \u00e0 la corrosion acide et alcaline, pour assurer la s\u00e9curit\u00e9 du transport des mati\u00e8res premi\u00e8res chimiques.<\/li>\n<li>Domaine de l'\u00e9nergie : la r\u00e9sistance aux temp\u00e9ratures \u00e9lev\u00e9es favorise le fonctionnement \u00e0 long terme des chaudi\u00e8res et am\u00e9liore l'efficacit\u00e9 de la production d'\u00e9nergie.<\/li>\n<\/ul>\n<h3>Prix comp\u00e9titif<\/h3>\n<ul>\n<li>\n<h4>Prix raisonnable<\/h4>\n<\/li>\n<\/ul>\n<p>Notre usine est proche des aci\u00e9ries d'Angang, ce qui r\u00e9duit les co\u00fbts de transport, les prix des tuyaux sans soudure sont comp\u00e9titifs et des stocks suffisants r\u00e9duisent l'impact des fluctuations des prix des mati\u00e8res premi\u00e8res.<\/p>\n<ul>\n<li>\n<h4>\u00c9chantillon disponible<\/h4>\n<\/li>\n<\/ul>\n<p>Nous fournissons des \u00e9chantillons gratuits en stock pour v\u00e9rifier la qualit\u00e9 de nos produits avant de passer commande.<\/p>\n<ul>\n<li>\n<h4>MOQ<\/h4>\n<\/li>\n<\/ul>\n<p>La quantit\u00e9 minimale de commande du fournisseur d'acier est g\u00e9n\u00e9ralement de 1 tonne. Mais nous avons des MOQ plus flexibles, peu importe que vous ayez de grandes ou de petites commandes, nous pouvons vous fournir une bonne solution.<\/p>\n<h3>Bonnes capacit\u00e9s en mati\u00e8re de cha\u00eene d'approvisionnement<\/h3>\n<ul>\n<li>\n<h4>Installations de production avanc\u00e9es<\/h4>\n<\/li>\n<\/ul>\n<p>Notre usine dispose de stocks suffisants, de lignes de production automatis\u00e9es et d'\u00e9quipements de production avanc\u00e9s tels que des laminoirs \u00e0 chaud, des laminoirs \u00e0 froid, des poin\u00e7onneuses, etc., ce qui r\u00e9duit le temps de production et am\u00e9liore grandement l'efficacit\u00e9 de la production. Sur la base des sp\u00e9cifications et tol\u00e9rances fournies, JBLSTEEL con\u00e7oit, fabrique et livre des tuyaux en acier inoxydable de haute qualit\u00e9 pour les commandes.<\/p>\n<p><img loading=\"lazy\" decoding=\"async\" class=\"wp-image-1324 size-full\" src=\"https:\/\/jblstainless.com\/wp-content\/uploads\/2025\/03\/seamless-pipe-production-process.webp\" alt=\"processus de production de tubes sans soudure\" width=\"1140\" height=\"730\" srcset=\"https:\/\/jblstainless.com\/wp-content\/uploads\/2025\/03\/seamless-pipe-production-process.webp 1140w, https:\/\/jblstainless.com\/wp-content\/uploads\/2025\/03\/seamless-pipe-production-process-300x192.webp 300w, https:\/\/jblstainless.com\/wp-content\/uploads\/2025\/03\/seamless-pipe-production-process-1024x656.webp 1024w, https:\/\/jblstainless.com\/wp-content\/uploads\/2025\/03\/seamless-pipe-production-process-768x492.webp 768w, https:\/\/jblstainless.com\/wp-content\/uploads\/2025\/03\/seamless-pipe-production-process-18x12.webp 18w, https:\/\/jblstainless.com\/wp-content\/uploads\/2025\/03\/seamless-pipe-production-process-600x384.webp 600w\" sizes=\"(max-width: 1140px) 100vw, 1140px\" \/><\/p>\n<ul>\n<li>\n<h4>M\u00e9thodes de transport multiples<\/h4>\n<\/li>\n<\/ul>\n<p>Nous prenons en charge le fret express, maritime, terrestre, a\u00e9rien et ferroviaire, et entretenons une coop\u00e9ration stable et \u00e0 long terme avec plusieurs soci\u00e9t\u00e9s de logistique afin de garantir la livraison en temps voulu et la s\u00e9curit\u00e9 des produits.<\/p>\n<ul>\n<li>\n<h4>Livraison en temps voulu<\/h4>\n<\/li>\n<\/ul>\n<p>De la commande \u00e0 la livraison, nous respectons strictement les exigences de qualit\u00e9 afin de respecter votre d\u00e9lai de production.<\/p>\n<ul>\n<li>\n<h4>Garantie apr\u00e8s-vente<\/h4>\n<\/li>\n<\/ul>\n<p>Nous assurons un service apr\u00e8s-vente 7*24 heures pour r\u00e9soudre vos probl\u00e8mes \u00e0 tout moment. Nous disposons \u00e9galement d'une \u00e9quipe professionnelle charg\u00e9e de l'installation des produits, de la mise en service, de la maintenance et d'autres services.<\/p>\n<h3>Construire un partenariat \u00e0 long terme avec JBLSTEEL<\/h3>\n<h4>Conditions de paiement flexibles<\/h4>\n<p>Prise en charge de diverses m\u00e9thodes de paiement, telles que TT, LC, Alipay, etc., avec des conditions de pr\u00e9paiement et de paiement final g\u00e9rables.<\/p>","protected":false},"excerpt":{"rendered":"<p>Le tube en acier inoxydable sans soudure est un type de tube sans soudure fabriqu\u00e9 en acier inoxydable de haute qualit\u00e9, dont la conception sans soudure garantit une fiabilit\u00e9 et une s\u00e9curit\u00e9 accrues.<\/p>\n<p>Mat\u00e9riau :<\/p>\n<ul>\n<li>304<\/li>\n<li>316<\/li>\n<li>317<\/li>\n<li>321<\/li>\n<li>etc.<\/li>\n<\/ul>\n<p>&nbsp;<\/p>\n<ol>\n<li>haute r\u00e9sistance<\/li>\n<li>r\u00e9sistant \u00e0 la corrosion<\/li>\n<li>r\u00e9sistant aux hautes temp\u00e9ratures<\/li>\n<\/ol>","protected":false},"featured_media":1316,"template":"","meta":{"_eb_attr":""},"product_brand":[],"product_cat":[30],"product_tag":[],"class_list":{"0":"post-1236","1":"product","2":"type-product","3":"status-publish","4":"has-post-thumbnail","6":"product_cat-stainless-steel-seamless-pipe","8":"first","9":"instock","10":"shipping-taxable","11":"product-type-simple"},"_links":{"self":[{"href":"https:\/\/jblstainless.com\/fr\/wp-json\/wp\/v2\/product\/1236","targetHints":{"allow":["GET"]}}],"collection":[{"href":"https:\/\/jblstainless.com\/fr\/wp-json\/wp\/v2\/product"}],"about":[{"href":"https:\/\/jblstainless.com\/fr\/wp-json\/wp\/v2\/types\/product"}],"version-history":[{"count":13,"href":"https:\/\/jblstainless.com\/fr\/wp-json\/wp\/v2\/product\/1236\/revisions"}],"predecessor-version":[{"id":1390,"href":"https:\/\/jblstainless.com\/fr\/wp-json\/wp\/v2\/product\/1236\/revisions\/1390"}],"wp:featuredmedia":[{"embeddable":true,"href":"https:\/\/jblstainless.com\/fr\/wp-json\/wp\/v2\/media\/1316"}],"wp:attachment":[{"href":"https:\/\/jblstainless.com\/fr\/wp-json\/wp\/v2\/media?parent=1236"}],"wp:term":[{"taxonomy":"product_brand","embeddable":true,"href":"https:\/\/jblstainless.com\/fr\/wp-json\/wp\/v2\/product_brand?post=1236"},{"taxonomy":"product_cat","embeddable":true,"href":"https:\/\/jblstainless.com\/fr\/wp-json\/wp\/v2\/product_cat?post=1236"},{"taxonomy":"product_tag","embeddable":true,"href":"https:\/\/jblstainless.com\/fr\/wp-json\/wp\/v2\/product_tag?post=1236"}],"curies":[{"name":"wp","href":"https:\/\/api.w.org\/{rel}","templated":true}]}}