{"id":1503,"date":"2025-05-08T15:45:07","date_gmt":"2025-05-08T07:45:07","guid":{"rendered":"https:\/\/jblstainless.com\/?post_type=product&#038;p=1503"},"modified":"2025-07-14T15:34:58","modified_gmt":"2025-07-14T07:34:58","slug":"tube-soude-en-acier-inoxydable-304","status":"publish","type":"product","link":"https:\/\/jblstainless.com\/fr\/304-stainless-steel-welded-pipe\/","title":{"rendered":"Tube soud\u00e9 en acier inoxydable 304"},"content":{"rendered":"<div data-elementor-type=\"product-post\" data-elementor-id=\"1503\" class=\"elementor elementor-1503\" data-elementor-post-type=\"product\">\n\t\t\t\t<div class=\"elementor-element elementor-element-5adbd4a e-flex e-con-boxed e-con e-parent\" data-id=\"5adbd4a\" data-element_type=\"container\" data-e-type=\"container\">\n\t\t\t\t\t<div class=\"e-con-inner\">\n\t\t\t\t<div class=\"elementor-element elementor-element-acac518 elementor-widget elementor-widget-text-editor\" data-id=\"acac518\" data-element_type=\"widget\" data-e-type=\"widget\" data-widget_type=\"text-editor.default\">\n\t\t\t\t<div class=\"elementor-widget-container\">\n\t\t\t\t\t\t\t\t\t<p>Le tube soud\u00e9 en acier inoxydable 304 est un produit inoxydable aust\u00e9nitique lamin\u00e9 et soud\u00e9 par fusion sur toute sa longueur. Il contient environ 18-20% de chrome et 8-11% de nickel, ce qui lui conf\u00e8re une excellente r\u00e9sistance g\u00e9n\u00e9rale \u00e0 la corrosion et \u00e0 l'oxydation, ainsi qu'une bonne aptitude \u00e0 la d\u00e9formation, qui le rend stable dans une vari\u00e9t\u00e9 d'environnements difficiles.<\/p><p>L'ASTM A312 couvre les grades 304\/304L pour les tuyaux sans soudure et soud\u00e9s, sp\u00e9cifiant les propri\u00e9t\u00e9s m\u00e9caniques, la pr\u00e9cision dimensionnelle et les exigences de finition de surface, destin\u00e9s aux services \u00e0 haute temp\u00e9rature et corrosifs, adapt\u00e9s au transport de fluides \u00e0 moyenne et basse pression et aux besoins d\u00e9coratifs.<\/p><p>En fonction du processus et de l'application, les tubes soud\u00e9s en acier inoxydable peuvent \u00eatre class\u00e9s en tant que tubes \u00e0 soudure droite (LSAW), tubes \u00e0 soudure en spirale (SSAW) ou tubes soud\u00e9s \u00e0 haute fr\u00e9quence (ERW), et sont disponibles dans une large gamme d'options de surface, telles que le d\u00e9capage, le polissage ou la finition miroir.<\/p>\t\t\t\t\t\t\t\t<\/div>\n\t\t\t\t<\/div>\n\t\t\t\t\t<\/div>\n\t\t\t\t<\/div>\n\t\t<div class=\"elementor-element elementor-element-db57733 e-flex e-con-boxed e-con e-parent\" data-id=\"db57733\" data-element_type=\"container\" data-e-type=\"container\">\n\t\t\t\t\t<div class=\"e-con-inner\">\n\t\t\t\t<div class=\"elementor-element elementor-element-eed67ce elementor-widget elementor-widget-image\" data-id=\"eed67ce\" data-element_type=\"widget\" data-e-type=\"widget\" data-widget_type=\"image.default\">\n\t\t\t\t<div class=\"elementor-widget-container\">\n\t\t\t\t\t\t\t\t\t\t\t\t<figure class=\"wp-caption\">\n\t\t\t\t\t\t\t\t\t\t<img fetchpriority=\"high\" decoding=\"async\" width=\"300\" height=\"300\" src=\"https:\/\/jblstainless.com\/wp-content\/uploads\/2025\/04\/LSAW-steel-tube-300x300.webp\" class=\"attachment-medium size-medium wp-image-1412\" alt=\"tube soud\u00e9 en acier inoxydable\" srcset=\"https:\/\/jblstainless.com\/wp-content\/uploads\/2025\/04\/LSAW-steel-tube-300x300.webp 300w, https:\/\/jblstainless.com\/wp-content\/uploads\/2025\/04\/LSAW-steel-tube-150x150.webp 150w, https:\/\/jblstainless.com\/wp-content\/uploads\/2025\/04\/LSAW-steel-tube-12x12.webp 12w, https:\/\/jblstainless.com\/wp-content\/uploads\/2025\/04\/LSAW-steel-tube-600x600.webp 600w, https:\/\/jblstainless.com\/wp-content\/uploads\/2025\/04\/LSAW-steel-tube-100x100.webp 100w, https:\/\/jblstainless.com\/wp-content\/uploads\/2025\/04\/LSAW-steel-tube.webp 750w\" sizes=\"(max-width: 300px) 100vw, 300px\" \/>\t\t\t\t\t\t\t\t\t\t\t<figcaption class=\"widget-image-caption wp-caption-text\">LSAW<\/figcaption>\n\t\t\t\t\t\t\t\t\t\t<\/figure>\n\t\t\t\t\t\t\t\t\t<\/div>\n\t\t\t\t<\/div>\n\t\t\t\t<div class=\"elementor-element elementor-element-b894752 elementor-widget elementor-widget-image\" data-id=\"b894752\" data-element_type=\"widget\" data-e-type=\"widget\" data-widget_type=\"image.default\">\n\t\t\t\t<div class=\"elementor-widget-container\">\n\t\t\t\t\t\t\t\t\t\t\t\t<figure class=\"wp-caption\">\n\t\t\t\t\t\t\t\t\t\t<img decoding=\"async\" width=\"300\" height=\"300\" src=\"https:\/\/jblstainless.com\/wp-content\/uploads\/2025\/04\/ssaw-tube-300x300.webp\" class=\"attachment-medium size-medium wp-image-1413\" alt=\"tubes et tuyaux soud\u00e9s en acier inoxydable\" srcset=\"https:\/\/jblstainless.com\/wp-content\/uploads\/2025\/04\/ssaw-tube-300x300.webp 300w, https:\/\/jblstainless.com\/wp-content\/uploads\/2025\/04\/ssaw-tube-150x150.webp 150w, https:\/\/jblstainless.com\/wp-content\/uploads\/2025\/04\/ssaw-tube-768x768.webp 768w, https:\/\/jblstainless.com\/wp-content\/uploads\/2025\/04\/ssaw-tube-12x12.webp 12w, https:\/\/jblstainless.com\/wp-content\/uploads\/2025\/04\/ssaw-tube-600x600.webp 600w, https:\/\/jblstainless.com\/wp-content\/uploads\/2025\/04\/ssaw-tube-100x100.webp 100w, https:\/\/jblstainless.com\/wp-content\/uploads\/2025\/04\/ssaw-tube.webp 800w\" sizes=\"(max-width: 300px) 100vw, 300px\" \/>\t\t\t\t\t\t\t\t\t\t\t<figcaption class=\"widget-image-caption wp-caption-text\">SSAW<\/figcaption>\n\t\t\t\t\t\t\t\t\t\t<\/figure>\n\t\t\t\t\t\t\t\t\t<\/div>\n\t\t\t\t<\/div>\n\t\t\t\t<div class=\"elementor-element elementor-element-fec39c6 elementor-widget elementor-widget-image\" data-id=\"fec39c6\" data-element_type=\"widget\" data-e-type=\"widget\" data-widget_type=\"image.default\">\n\t\t\t\t<div class=\"elementor-widget-container\">\n\t\t\t\t\t\t\t\t\t\t\t\t<figure class=\"wp-caption\">\n\t\t\t\t\t\t\t\t\t\t<img decoding=\"async\" width=\"300\" height=\"300\" src=\"https:\/\/jblstainless.com\/wp-content\/uploads\/2025\/04\/erw-stainless-steel-pipe-300x300.webp\" class=\"attachment-medium size-medium wp-image-1411\" alt=\"Tube soud\u00e9 en acier inoxydable 304\" srcset=\"https:\/\/jblstainless.com\/wp-content\/uploads\/2025\/04\/erw-stainless-steel-pipe-300x300.webp 300w, https:\/\/jblstainless.com\/wp-content\/uploads\/2025\/04\/erw-stainless-steel-pipe-150x150.webp 150w, https:\/\/jblstainless.com\/wp-content\/uploads\/2025\/04\/erw-stainless-steel-pipe-768x768.webp 768w, https:\/\/jblstainless.com\/wp-content\/uploads\/2025\/04\/erw-stainless-steel-pipe-12x12.webp 12w, https:\/\/jblstainless.com\/wp-content\/uploads\/2025\/04\/erw-stainless-steel-pipe-600x600.webp 600w, https:\/\/jblstainless.com\/wp-content\/uploads\/2025\/04\/erw-stainless-steel-pipe-100x100.webp 100w, https:\/\/jblstainless.com\/wp-content\/uploads\/2025\/04\/erw-stainless-steel-pipe.webp 779w\" sizes=\"(max-width: 300px) 100vw, 300px\" \/>\t\t\t\t\t\t\t\t\t\t\t<figcaption class=\"widget-image-caption wp-caption-text\">ERW<\/figcaption>\n\t\t\t\t\t\t\t\t\t\t<\/figure>\n\t\t\t\t\t\t\t\t\t<\/div>\n\t\t\t\t<\/div>\n\t\t\t\t\t<\/div>\n\t\t\t\t<\/div>\n\t\t<div class=\"elementor-element elementor-element-bfc6116 e-flex e-con-boxed e-con e-parent\" data-id=\"bfc6116\" data-element_type=\"container\" data-e-type=\"container\">\n\t\t\t\t\t<div class=\"e-con-inner\">\n\t\t\t\t<div class=\"elementor-element elementor-element-5096b75 elementor-widget elementor-widget-text-editor\" data-id=\"5096b75\" data-element_type=\"widget\" data-e-type=\"widget\" data-widget_type=\"text-editor.default\">\n\t\t\t\t<div class=\"elementor-widget-container\">\n\t\t\t\t\t\t\t\t\t<p>En tant que fournisseur professionnel de tubes soud\u00e9s en acier inoxydable, nous nous engageons \u00e0 vous fournir des tubes soud\u00e9s en acier inoxydable 304 de haute qualit\u00e9 et personnalis\u00e9s afin d'assurer le bon d\u00e9roulement de votre projet.<\/p>\t\t\t\t\t\t\t\t<\/div>\n\t\t\t\t<\/div>\n\t\t\t\t\t<\/div>\n\t\t\t\t<\/div>\n\t\t<div class=\"elementor-element elementor-element-93f405e e-flex e-con-boxed e-con e-parent\" data-id=\"93f405e\" data-element_type=\"container\" data-e-type=\"container\">\n\t\t\t\t\t<div class=\"e-con-inner\">\n\t\t\t\t<div class=\"elementor-element elementor-element-ce1b78b elementor-widget elementor-widget-heading\" data-id=\"ce1b78b\" data-element_type=\"widget\" data-e-type=\"widget\" data-widget_type=\"heading.default\">\n\t\t\t\t<div class=\"elementor-widget-container\">\n\t\t\t\t\t<h2 class=\"elementor-heading-title elementor-size-default\">Sp\u00e9cification des tubes soud\u00e9s en acier inoxydable 304<\/h2>\t\t\t\t<\/div>\n\t\t\t\t<\/div>\n\t\t\t\t<div class=\"elementor-element elementor-element-5bdb1da elementor-widget elementor-widget-text-editor\" data-id=\"5bdb1da\" data-element_type=\"widget\" data-e-type=\"widget\" data-widget_type=\"text-editor.default\">\n\t\t\t\t<div class=\"elementor-widget-container\">\n\t\t\t\t\t\t\t\t\t<p><b>Mat\u00e9riau<\/b>: 304, UNS S30400, 18Cr-8Ni<\/p><p><b>Standard<\/b>: ASME SA-312\/ASTM A312;ASTM A269\/269M<\/p><p><b>\u00c9paisseur de la paroi<\/b>: SCH20, SCH30, SCH40, STD, SCH80, XS, SCH60, SCH80, SCH120, SCH140, SCH160, XXS<\/p><p><b>Taille<\/b>: 1\/8\u2033 jusqu'\u00e0 ~30\u2033, sur mesure<\/p><p><b>Fin<\/b>: Lisse (mill) ; Biseaut\u00e9<\/p><p><b>Finition de la surface<\/b>: Recuit et d\u00e9cap\u00e9 (finition 2B) ; recuit brillant (BA) ou poli (#4, No.8 miroir) ; l'\u00e9lectropolissage ou la passivation peuvent \u00eatre ajout\u00e9s pour une meilleure r\u00e9sistance \u00e0 la corrosion.<\/p><p><b>Essais<\/b>: Essais en usine ou par des tiers (hydrostatique, PMI, duret\u00e9, etc.) selon les exigences du client.<\/p>\t\t\t\t\t\t\t\t<\/div>\n\t\t\t\t<\/div>\n\t\t\t\t\t<\/div>\n\t\t\t\t<\/div>\n\t\t<div class=\"elementor-element elementor-element-6972d15 e-flex e-con-boxed e-con e-parent\" data-id=\"6972d15\" data-element_type=\"container\" data-e-type=\"container\">\n\t\t\t\t\t<div class=\"e-con-inner\">\n\t\t\t\t<div class=\"elementor-element elementor-element-97ca120 elementor-widget elementor-widget-heading\" data-id=\"97ca120\" data-element_type=\"widget\" data-e-type=\"widget\" data-widget_type=\"heading.default\">\n\t\t\t\t<div class=\"elementor-widget-container\">\n\t\t\t\t\t<h3 class=\"elementor-heading-title elementor-size-default\">Tableau de correspondance des tubes soud\u00e9s 304<\/h3>\t\t\t\t<\/div>\n\t\t\t\t<\/div>\n\t\t\t\t<div class=\"elementor-element elementor-element-46e7a3d elementor-widget elementor-widget-text-editor\" data-id=\"46e7a3d\" data-element_type=\"widget\" data-e-type=\"widget\" data-widget_type=\"text-editor.default\">\n\t\t\t\t<div class=\"elementor-widget-container\">\n\t\t\t\t\t\t\t\t\t<table><tbody><tr><th>1\/8\u2033 IPS(.405\u2033O. D.)<\/th><th>3 1\/2\u2033 IPS( 4.000\u2033O. D.)<\/th><\/tr><tr><td>SCH 40, 80<\/td><td>SCH 10, 40, 80, 160, XXH<\/td><\/tr><tr><th>1\/4\u2033 IPS(.540\u2033O. D.)<\/th><th>4\u2033 IPS(4.500\u2033O. D.)<\/th><\/tr><tr><td>SCH 10, 40, 80<\/td><td>SCH 10, 40, 80, 160, XXH<\/td><\/tr><tr><th>3\/8\u2033 IPS(.675\u2033O. D.)<\/th><th>5\u2033 IPS( 5.563\u2033O. D.)<\/th><\/tr><tr><td>SCH 10, 40, 80<\/td><td>SCH 10, 40, 80, 160, XXH<\/td><\/tr><tr><th>1\/2\u2033 IPS(.840\u2033O. D.)<\/th><th>6\u2033 IPS(6.625\u2033O. D.)<\/th><\/tr><tr><td>SCH 5, 10, 40, 80, 160, XXH<\/td><td>SCH 5, 10, 40, 80, 120, 160, XXH<\/td><\/tr><tr><th>3\/4\u2033 IPS(1.050\u2033O. D.)<\/th><th>8 \" IPS(8.625\u2033O. D.)<\/th><\/tr><tr><td>SCH 10, 40, 80, 160, XXH<\/td><td>SCH 5, 10, 40, 80, 120, 160, XXH<\/td><\/tr><tr><th>1\u2033 IPS :(1.315\u2032O. D.)<\/th><th>10\u2033 IPS(10.750\u2033O. D.)<\/th><\/tr><tr><td>SCH 5, 10, 40, 80, 160, XXH<\/td><td>SCH 10, 20, 40, 80 (.500), TRUE 80(.500)<\/td><\/tr><tr><th>1-1\/4\u2033 IPS(1.660\u2033O. D.)<\/th><th>12\u2033 IPS(12.750\u2033O. D.)<\/th><\/tr><tr><td>SCH 10, 40, 80, 160, XXH<\/td><td>SCH 10, 20, 40(.375), TRUE40(.406), SCH80(.500)<\/td><\/tr><tr><th>1-1\/2\u2033 IPS(1.900\u2033O. D.)<\/th><th>14\u2033 IPS(14.000\u2033O. D.)<\/th><\/tr><tr><td>SCH 10, 40, 80, 160, XXH<\/td><td>SCH10 (.188), SCH40 (.375)<\/td><\/tr><tr><th>2\u2033 IPS(2.375\u2033O. D.)<\/th><th>16\u2033 IPS(16.000\u2033O. D.)<\/th><\/tr><tr><td>SCH 10, 40, 80, 160, XXH<\/td><td>SCH10(.188), SCH40(.375)<\/td><\/tr><tr><th>2 1\/2\u2033 IPS(2.875\u2033O. D.)<\/th><th>18\u2033 IPS (18.000\u2033O. D.)<\/th><\/tr><tr><td>SCH 10, 40, 80, 160, XXH<\/td><td>SCH-40 (.375)<\/td><\/tr><tr><th>3\u2033 IPS( 3.500\u2033O. D.)<\/th><th>\u00a0<\/th><\/tr><tr><td>SCH 5, 10, 40, 80, 160, XXH<\/td><td>\u00a0<\/td><\/tr><\/tbody><\/table>\t\t\t\t\t\t\t\t<\/div>\n\t\t\t\t<\/div>\n\t\t\t\t\t<\/div>\n\t\t\t\t<\/div>\n\t\t<div class=\"elementor-element elementor-element-f508524 e-flex e-con-boxed e-con e-parent\" data-id=\"f508524\" data-element_type=\"container\" data-e-type=\"container\">\n\t\t\t\t\t<div class=\"e-con-inner\">\n\t\t\t\t<div class=\"elementor-element elementor-element-a679e6d elementor-widget elementor-widget-heading\" data-id=\"a679e6d\" data-element_type=\"widget\" data-e-type=\"widget\" data-widget_type=\"heading.default\">\n\t\t\t\t<div class=\"elementor-widget-container\">\n\t\t\t\t\t<h2 class=\"elementor-heading-title elementor-size-default\">Acier inoxydable 304 Caract\u00e9ristiques<\/h2>\t\t\t\t<\/div>\n\t\t\t\t<\/div>\n\t\t\t\t<div class=\"elementor-element elementor-element-eba5e9a elementor-widget elementor-widget-text-editor\" data-id=\"eba5e9a\" data-element_type=\"widget\" data-e-type=\"widget\" data-widget_type=\"text-editor.default\">\n\t\t\t\t<div class=\"elementor-widget-container\">\n\t\t\t\t\t\t\t\t\t<p><b>1. Excellente r\u00e9sistance \u00e0 la corrosion<\/b><\/p><p>La teneur en Cr du 18% forme un film d'oxyde passif qui r\u00e9siste \u00e0 la rouille et aux acides faibles, ce qui lui conf\u00e8re une excellente r\u00e9sistance \u00e0 la corrosion dans l'atmosph\u00e8re, l'eau douce et de nombreux environnements chimiques.<\/p><p><b>2. Haute r\u00e9sistance et durabilit\u00e9<\/b><\/p><p>Haute r\u00e9sistance m\u00e9canique permettant de supporter des pressions et des temp\u00e9ratures mod\u00e9r\u00e9es, garantissant un fonctionnement stable \u00e0 long terme.<\/p><p><b>3. Personnalisation souple<\/b><\/p><p>Une large gamme de tailles, de mat\u00e9riaux et d'options de finition de surface est disponible pour r\u00e9pondre aux diff\u00e9rentes exigences des projets.<\/p><p><b>4. Facilit\u00e9 d'entretien<\/b><\/p><p>Les surfaces lisses sont moins sujettes \u00e0 l'accumulation de salet\u00e9s, faciles \u00e0 nettoyer et \u00e0 entretenir, ce qui r\u00e9duit les co\u00fbts d'exploitation.<\/p><p><b>5. Rentabilit\u00e9<br \/><\/b><br \/>Par rapport aux tubes sans soudure, les tubes soud\u00e9s sont moins chers \u00e0 produire, ce qui les rend id\u00e9aux pour les achats en gros.<\/p><p><b>6. Durabilit\u00e9 environnementale<\/b><\/p><p>100% recyclable, conforme aux normes de l'industrie verte.<\/p>\t\t\t\t\t\t\t\t<\/div>\n\t\t\t\t<\/div>\n\t\t\t\t\t<\/div>\n\t\t\t\t<\/div>\n\t\t<div class=\"elementor-element elementor-element-ab25134 e-flex e-con-boxed e-con e-parent\" data-id=\"ab25134\" data-element_type=\"container\" data-e-type=\"container\">\n\t\t\t\t\t<div class=\"e-con-inner\">\n\t\t\t\t<div class=\"elementor-element elementor-element-ef7ba0c elementor-widget elementor-widget-heading\" data-id=\"ef7ba0c\" data-element_type=\"widget\" data-e-type=\"widget\" data-widget_type=\"heading.default\">\n\t\t\t\t<div class=\"elementor-widget-container\">\n\t\t\t\t\t<h2 class=\"elementor-heading-title elementor-size-default\">Propri\u00e9t\u00e9s m\u00e9caniques de l'acier inoxydable 304\n<\/h2>\t\t\t\t<\/div>\n\t\t\t\t<\/div>\n\t\t\t\t<div class=\"elementor-element elementor-element-eae2d48 elementor-widget elementor-widget-text-editor\" data-id=\"eae2d48\" data-element_type=\"widget\" data-e-type=\"widget\" data-widget_type=\"text-editor.default\">\n\t\t\t\t<div class=\"elementor-widget-container\">\n\t\t\t\t\t\t\t\t\t<p>R\u00e9sistance \u00e0 la traction : \u226575 ksi (\u2248515 MPa) (tuyau 304 recuit typique).<\/p><p>Limite d'\u00e9lasticit\u00e9 : \u226530 ksi (\u2248205 MPa)Allongement : \u226528% (en 2\u2033 gauge), indiquant une ductilit\u00e9 \u00e9lev\u00e9e.<\/p><p>Duret\u00e9 : 188 HB (max) typique ; durcissement par \u00e9crouissage en cas de pliage ou de soudage.<br \/><br \/>Temp\u00e9rature : Excellente r\u00e9sistance \u00e0 des temp\u00e9ratures \u00e9lev\u00e9es. L'acier inoxydable 304 conserve ses propri\u00e9t\u00e9s \u00e0 des temp\u00e9ratures de service \u00e9lev\u00e9es (jusqu'\u00e0 ~870\u00b0C en continu, ~925\u00b0C par intermittence). Il reste \u00e9galement r\u00e9sistant \u00e0 des temp\u00e9ratures cryog\u00e9niques.<\/p>\t\t\t\t\t\t\t\t<\/div>\n\t\t\t\t<\/div>\n\t\t\t\t\t<\/div>\n\t\t\t\t<\/div>\n\t\t<div class=\"elementor-element elementor-element-fdc6cce e-flex e-con-boxed e-con e-parent\" data-id=\"fdc6cce\" data-element_type=\"container\" data-e-type=\"container\">\n\t\t\t\t\t<div class=\"e-con-inner\">\n\t\t\t\t<div class=\"elementor-element elementor-element-69519b2 elementor-widget elementor-widget-heading\" data-id=\"69519b2\" data-element_type=\"widget\" data-e-type=\"widget\" data-widget_type=\"heading.default\">\n\t\t\t\t<div class=\"elementor-widget-container\">\n\t\t\t\t\t<h2 class=\"elementor-heading-title elementor-size-default\">Application du tube soud\u00e9 304<\/h2>\t\t\t\t<\/div>\n\t\t\t\t<\/div>\n\t\t\t\t<div class=\"elementor-element elementor-element-82b2b7b elementor-widget elementor-widget-text-editor\" data-id=\"82b2b7b\" data-element_type=\"widget\" data-e-type=\"widget\" data-widget_type=\"text-editor.default\">\n\t\t\t\t<div class=\"elementor-widget-container\">\n\t\t\t\t\t\t\t\t\t<p>En raison de sa r\u00e9sistance \u00e0 la corrosion et de ses propri\u00e9t\u00e9s m\u00e9caniques, les tubes soud\u00e9s en acier inoxydable 304 sont largement utilis\u00e9s dans les domaines suivants :<\/p><ul><li>Tuyauterie industrielle : pour le transport de liquides, de gaz et de particules solides, en particulier dans les industries chimiques, p\u00e9troli\u00e8res et gazi\u00e8res.<\/li><li>Industrie de la construction : utilis\u00e9 pour les rampes d'escalier, les tuyaux d\u00e9coratifs et d'autres pi\u00e8ces structurelles.<\/li><li>Transformation alimentaire : en raison de ses propri\u00e9t\u00e9s non toxiques et inoffensives, il est couramment utilis\u00e9 dans la fabrication de machines et d'\u00e9quipements alimentaires.<\/li><li>Dispositifs m\u00e9dicaux : Utilis\u00e9 dans les dispositifs m\u00e9dicaux et le mat\u00e9riel chirurgical en raison de ses propri\u00e9t\u00e9s antimicrobiennes.<\/li><li>D\u00e9coration int\u00e9rieure : utilisation dans le mobilier, l'\u00e9quipement sanitaire, etc.<\/li><\/ul>\t\t\t\t\t\t\t\t<\/div>\n\t\t\t\t<\/div>\n\t\t\t\t\t<\/div>\n\t\t\t\t<\/div>\n\t\t<div class=\"elementor-element elementor-element-d001204 e-flex e-con-boxed e-con e-parent\" data-id=\"d001204\" data-element_type=\"container\" data-e-type=\"container\">\n\t\t\t\t\t<div class=\"e-con-inner\">\n\t\t\t\t<div class=\"elementor-element elementor-element-93c87f4 elementor-widget elementor-widget-heading\" data-id=\"93c87f4\" data-element_type=\"widget\" data-e-type=\"widget\" data-widget_type=\"heading.default\">\n\t\t\t\t<div class=\"elementor-widget-container\">\n\t\t\t\t\t<h2 class=\"elementor-heading-title elementor-size-default\">304 Tube soud\u00e9 compar\u00e9 au tube sans soudure<\/h2>\t\t\t\t<\/div>\n\t\t\t\t<\/div>\n\t\t\t\t<div class=\"elementor-element elementor-element-82c0343 elementor-widget elementor-widget-text-editor\" data-id=\"82c0343\" data-element_type=\"widget\" data-e-type=\"widget\" data-widget_type=\"text-editor.default\">\n\t\t\t\t<div class=\"elementor-widget-container\">\n\t\t\t\t\t\t\t\t\t<p>304 Les tubes soud\u00e9s sont fabriqu\u00e9s en formant et en soudant des plaques ou des bandes. Il est plus \u00e9conomique et disponible en plus grandes longueurs continues que le tube sans soudure. Cependant, le tube sans soudure (tir\u00e9 d'une billette) a une structure de grain uniforme sans cordon de soudure, ce qui lui conf\u00e8re une r\u00e9sistance et une capacit\u00e9 de pression l\u00e9g\u00e8rement sup\u00e9rieures.<\/p><p>Les tubes sans soudure conviennent aux applications n\u00e9cessitant une r\u00e9sistance, une pression et une \u00e9tanch\u00e9it\u00e9 \u00e9lev\u00e9es, mais sont plus co\u00fbteux ; les tubes soud\u00e9s conviennent davantage aux applications dont le budget est limit\u00e9 et dont les exigences en mati\u00e8re de r\u00e9sistance sont faibles.<\/p>\t\t\t\t\t\t\t\t<\/div>\n\t\t\t\t<\/div>\n\t\t\t\t\t<\/div>\n\t\t\t\t<\/div>\n\t\t<div class=\"elementor-element elementor-element-5fc04a3 e-flex e-con-boxed e-con e-parent\" data-id=\"5fc04a3\" data-element_type=\"container\" data-e-type=\"container\">\n\t\t\t\t\t<div class=\"e-con-inner\">\n\t\t\t\t<div class=\"elementor-element elementor-element-bdf81db elementor-widget elementor-widget-heading\" data-id=\"bdf81db\" data-element_type=\"widget\" data-e-type=\"widget\" data-widget_type=\"heading.default\">\n\t\t\t\t<div class=\"elementor-widget-container\">\n\t\t\t\t\t<h2 class=\"elementor-heading-title elementor-size-default\">Comment choisir un tube soud\u00e9 en acier inoxydable 304 ?<\/h2>\t\t\t\t<\/div>\n\t\t\t\t<\/div>\n\t\t\t\t<div class=\"elementor-element elementor-element-ae4f9c2 elementor-widget elementor-widget-text-editor\" data-id=\"ae4f9c2\" data-element_type=\"widget\" data-e-type=\"widget\" data-widget_type=\"text-editor.default\">\n\t\t\t\t<div class=\"elementor-widget-container\">\n\t\t\t\t\t\t\t\t\t<p>Suggestions : Choisir le bon proc\u00e9d\u00e9 et la bonne finition de surface en fonction des exigences du projet. ( poli pour usage sanitaire)<\/p><p>Note : Choisissez un fournisseur qui respecte les normes ASTM A312 ou EN 10217-7 pour garantir la qualit\u00e9 du produit.<\/p>\t\t\t\t\t\t\t\t<\/div>\n\t\t\t\t<\/div>\n\t\t\t\t\t<\/div>\n\t\t\t\t<\/div>\n\t\t\t\t<\/div>","protected":false},"excerpt":{"rendered":"<p>L'acier inoxydable 304 est un acier inoxydable aust\u00e9nitique largement utilis\u00e9, connu pour sa r\u00e9sistance exceptionnelle \u00e0 la corrosion, sa solidit\u00e9 et sa polyvalence. Il peut \u00eatre stable dans une vari\u00e9t\u00e9 d'environnements difficiles.<\/p>\n<ul>\n<li>Diam\u00e8tre ext\u00e9rieur : DN6-DN600<\/li>\n<li>\u00c9paisseur de la paroi : 0,5 mm-50 mm<\/li>\n<li>Personnalisation : prise en charge d'une taille et d'un traitement de surface sp\u00e9cifiques<\/li>\n<\/ul>","protected":false},"featured_media":1411,"template":"","meta":{"_eb_attr":""},"product_brand":[],"product_cat":[39],"product_tag":[47,62,61],"class_list":{"0":"post-1503","1":"product","2":"type-product","3":"status-publish","4":"has-post-thumbnail","6":"product_cat-stainless-steel-welded-pipe","7":"product_tag-304-stainless-steel-pipe","8":"product_tag-304-stainless-steel-welded-pipe","9":"product_tag-welded-ss-pipe","11":"first","12":"instock","13":"shipping-taxable","14":"product-type-simple"},"_links":{"self":[{"href":"https:\/\/jblstainless.com\/fr\/wp-json\/wp\/v2\/product\/1503","targetHints":{"allow":["GET"]}}],"collection":[{"href":"https:\/\/jblstainless.com\/fr\/wp-json\/wp\/v2\/product"}],"about":[{"href":"https:\/\/jblstainless.com\/fr\/wp-json\/wp\/v2\/types\/product"}],"version-history":[{"count":9,"href":"https:\/\/jblstainless.com\/fr\/wp-json\/wp\/v2\/product\/1503\/revisions"}],"predecessor-version":[{"id":1861,"href":"https:\/\/jblstainless.com\/fr\/wp-json\/wp\/v2\/product\/1503\/revisions\/1861"}],"wp:featuredmedia":[{"embeddable":true,"href":"https:\/\/jblstainless.com\/fr\/wp-json\/wp\/v2\/media\/1411"}],"wp:attachment":[{"href":"https:\/\/jblstainless.com\/fr\/wp-json\/wp\/v2\/media?parent=1503"}],"wp:term":[{"taxonomy":"product_brand","embeddable":true,"href":"https:\/\/jblstainless.com\/fr\/wp-json\/wp\/v2\/product_brand?post=1503"},{"taxonomy":"product_cat","embeddable":true,"href":"https:\/\/jblstainless.com\/fr\/wp-json\/wp\/v2\/product_cat?post=1503"},{"taxonomy":"product_tag","embeddable":true,"href":"https:\/\/jblstainless.com\/fr\/wp-json\/wp\/v2\/product_tag?post=1503"}],"curies":[{"name":"wp","href":"https:\/\/api.w.org\/{rel}","templated":true}]}}