{"id":1688,"date":"2025-06-27T18:00:01","date_gmt":"2025-06-27T10:00:01","guid":{"rendered":"https:\/\/jblstainless.com\/?post_type=product&#038;p=1688"},"modified":"2025-07-10T16:23:54","modified_gmt":"2025-07-10T08:23:54","slug":"tube-soude-en-acier-inoxydable-astm-a312","status":"publish","type":"product","link":"https:\/\/jblstainless.com\/fr\/stainless-steel-welded-pipe-astm-a312\/","title":{"rendered":"Tube soud\u00e9 en acier inoxydable ASTM A312"},"content":{"rendered":"<div data-elementor-type=\"product-post\" data-elementor-id=\"1688\" class=\"elementor elementor-1688\" data-elementor-post-type=\"product\">\n\t\t\t\t<div class=\"elementor-element elementor-element-82576df e-flex e-con-boxed e-con e-parent\" data-id=\"82576df\" data-element_type=\"container\" data-e-type=\"container\">\n\t\t\t\t\t<div class=\"e-con-inner\">\n\t\t\t\t<div class=\"elementor-element elementor-element-9994632 elementor-widget elementor-widget-text-editor\" data-id=\"9994632\" data-element_type=\"widget\" data-e-type=\"widget\" data-widget_type=\"text-editor.default\">\n\t\t\t\t<div class=\"elementor-widget-container\">\n\t\t\t\t\t\t\t\t\t<p>Le tube soud\u00e9 en acier inoxydable ASTM A312 est un mat\u00e9riau de tuyauterie con\u00e7u pour les environnements \u00e0 haute temp\u00e9rature et corrosifs dans un large \u00e9ventail d'industries chimiques, p\u00e9trochimiques, agroalimentaires, pharmaceutiques et \u00e9nerg\u00e9tiques. L'ASTM A312 couvre une large gamme de mat\u00e9riaux en acier inoxydable, y compris 304\/304L, 316\/316L, 310S, 321, 317L, et d'autres qualit\u00e9s, qui ont une excellente r\u00e9sistance aux temp\u00e9ratures \u00e9lev\u00e9es et \u00e0 la corrosion, ce qui en fait le choix pr\u00e9f\u00e9r\u00e9 pour les syst\u00e8mes de tuyauterie industrielle.<\/p>\t\t\t\t\t\t\t\t<\/div>\n\t\t\t\t<\/div>\n\t\t\t\t\t<\/div>\n\t\t\t\t<\/div>\n\t\t<div class=\"elementor-element elementor-element-d10d556 e-flex e-con-boxed e-con e-parent\" data-id=\"d10d556\" data-element_type=\"container\" data-e-type=\"container\">\n\t\t\t\t\t<div class=\"e-con-inner\">\n\t\t\t\t<div class=\"elementor-element elementor-element-e1a3018 elementor-widget elementor-widget-heading\" data-id=\"e1a3018\" data-element_type=\"widget\" data-e-type=\"widget\" data-widget_type=\"heading.default\">\n\t\t\t\t<div class=\"elementor-widget-container\">\n\t\t\t\t\t<h2 class=\"elementor-heading-title elementor-size-default\">Sp\u00e9cification standard ASTM A312<\/h2>\t\t\t\t<\/div>\n\t\t\t\t<\/div>\n\t\t\t\t<div class=\"elementor-element elementor-element-cc534f1 elementor-widget elementor-widget-text-editor\" data-id=\"cc534f1\" data-element_type=\"widget\" data-e-type=\"widget\" data-widget_type=\"text-editor.default\">\n\t\t\t\t<div class=\"elementor-widget-container\">\n\t\t\t\t\t\t\t\t\t<p>L'ASTM A312 est une sp\u00e9cification standard d\u00e9velopp\u00e9e par l'American Society for Testing and Materials (ASTM) pour les tubes en acier inoxydable aust\u00e9nitique sans soudure, soud\u00e9s et fortement travaill\u00e9s \u00e0 froid. La norme convient aux applications \u00e0 haute temp\u00e9rature et aux environnements g\u00e9n\u00e9ralement corrosifs dans une large gamme d'applications chimiques, p\u00e9troli\u00e8res, agroalimentaires, pharmaceutiques, de construction et autres applications industrielles.<\/p><p>Les tubes en acier inoxydable ASTM A312 sont disponibles dans une large gamme de dimensions, allant de 1\/8 de pouce \u00e0 30 pouces de diam\u00e8tre ext\u00e9rieur, et dans des \u00e9paisseurs de paroi allant de SCH 5S \u00e0 SCH XXS. Les finitions de surface de ces tubes comprennent le recuit, le d\u00e9capage, le polissage \u00e0 la main, le polissage m\u00e9canique et le polissage miroir. En outre, la norme ASTM A312 couvre les exigences de composition chimique pour une large gamme de grades, tels que 304, 304L, 316, et 316L, chaque grade doit confirmer la composition chimique requise de C, Mn, P, S, Si, Cr et Cr, Ni, Mo, etc.<\/p>\t\t\t\t\t\t\t\t<\/div>\n\t\t\t\t<\/div>\n\t\t\t\t<div class=\"elementor-element elementor-element-99ef5e6 elementor-widget elementor-widget-heading\" data-id=\"99ef5e6\" data-element_type=\"widget\" data-e-type=\"widget\" data-widget_type=\"heading.default\">\n\t\t\t\t<div class=\"elementor-widget-container\">\n\t\t\t\t\t<h3 class=\"elementor-heading-title elementor-size-default\">Composition chimique de l'acier inoxydable<\/h3>\t\t\t\t<\/div>\n\t\t\t\t<\/div>\n\t\t\t\t<div class=\"elementor-element elementor-element-8f53e91 elementor-widget elementor-widget-text-editor\" data-id=\"8f53e91\" data-element_type=\"widget\" data-e-type=\"widget\" data-widget_type=\"text-editor.default\">\n\t\t\t\t<div class=\"elementor-widget-container\">\n\t\t\t\t\t\t\t\t\t<table><tbody><tr><td>Grade<\/td><td>C<\/td><td>Si<\/td><td>Mn<\/td><td>P<\/td><td>S<\/td><td>Ni<\/td><td>Cr<\/td><td>Mo<\/td><\/tr><tr><td>304<\/td><td>\u22640.08<\/td><td>\u22641.0<\/td><td>\u22642.0<\/td><td>\u22640.045<\/td><td>\u22640.03<\/td><td>8.0-11.0<\/td><td>18.0-20.0<\/td><td>\u2013<\/td><\/tr><tr><td>304L<\/td><td>\u22640.03<\/td><td>\u22641.0<\/td><td>\u22642.0<\/td><td>\u22640.035<\/td><td>\u22640.03<\/td><td>9.0-12.0<\/td><td>18.0-20.0<\/td><td>\u2013<\/td><\/tr><tr><td>316<\/td><td>\u22640.08<\/td><td>\u22641.0<\/td><td>\u22642.0<\/td><td>\u22640.045<\/td><td>\u22640.03<\/td><td>10.0-14.0<\/td><td>16.0-18.0<\/td><td>2.0-3.0<\/td><\/tr><tr><td>316L<\/td><td>\u22640.03<\/td><td>\u22641.0<\/td><td>\u22642.0<\/td><td>\u22640.045<\/td><td>\u22640.03<\/td><td>11.0-14.0<\/td><td>16.0-18.0<\/td><td>2.0-3.0<\/td><\/tr><\/tbody><\/table>\t\t\t\t\t\t\t\t<\/div>\n\t\t\t\t<\/div>\n\t\t\t\t\t<\/div>\n\t\t\t\t<\/div>\n\t\t<div class=\"elementor-element elementor-element-f406c16 e-flex e-con-boxed e-con e-parent\" data-id=\"f406c16\" data-element_type=\"container\" data-e-type=\"container\">\n\t\t\t\t\t<div class=\"e-con-inner\">\n\t\t\t\t<div class=\"elementor-element elementor-element-d585a4f elementor-widget elementor-widget-heading\" data-id=\"d585a4f\" data-element_type=\"widget\" data-e-type=\"widget\" data-widget_type=\"heading.default\">\n\t\t\t\t<div class=\"elementor-widget-container\">\n\t\t\t\t\t<h2 class=\"elementor-heading-title elementor-size-default\">Tube soud\u00e9 en acier inoxydable Sp\u00e9cification ASTM A312<\/h2>\t\t\t\t<\/div>\n\t\t\t\t<\/div>\n\t\t\t\t<div class=\"elementor-element elementor-element-e0c09c5 elementor-widget elementor-widget-text-editor\" data-id=\"e0c09c5\" data-element_type=\"widget\" data-e-type=\"widget\" data-widget_type=\"text-editor.default\">\n\t\t\t\t<div class=\"elementor-widget-container\">\n\t\t\t\t\t\t\t\t\t<p><b>Qualit\u00e9 du mat\u00e9riau :<br \/><\/b>TP304\/304L, TP316\/316L (grades g\u00e9n\u00e9raux r\u00e9sistants \u00e0 la corrosion)<\/p><p>TP321, TP316Ti (r\u00e9sistance au fluage \u00e0 haute temp\u00e9rature)<\/p><p>Autres : TP309S, TP310S, Duplex (UNS S32205), etc.<\/p><p><b>Gamme de tailles<br \/><\/b>Diam\u00e8tre ext\u00e9rieur : 1\/8\" (10,3 mm) - 36\" (914 mm)<\/p><p>\u00c9paisseur de la paroi : SCH 5S - SCH XXS<\/p><p>Longueur : 20 pieds, 40 pieds, longueur al\u00e9atoire simple, longueur al\u00e9atoire double et sur mesure.<\/p><p><b>Tol\u00e9rances<br \/><\/b>Diam\u00e8tre ext\u00e9rieur : \u00b11,64 mm pour les tuyaux \u2264NPS 1,5 pouce, \u00b11,5% pour les tuyaux \u2265NPS 2 pouces.<\/p><p>\u00c9paisseur de la paroi : L'\u00e9paisseur minimale de la paroi n'est pas inf\u00e9rieure \u00e0 87,5% de la valeur nominale.<\/p><p><b>Finition de la surface<\/b><\/p><p>Les finitions 2B recuit brillant, No.1 (lamin\u00e9 \u00e0 chaud), poli (miroir) ou d\u00e9cap\u00e9 sont disponibles pour la r\u00e9sistance \u00e0 la corrosion.<\/p>\t\t\t\t\t\t\t\t<\/div>\n\t\t\t\t<\/div>\n\t\t\t\t<div class=\"elementor-element elementor-element-f0018a8 elementor-widget elementor-widget-image\" data-id=\"f0018a8\" data-element_type=\"widget\" data-e-type=\"widget\" data-widget_type=\"image.default\">\n\t\t\t\t<div class=\"elementor-widget-container\">\n\t\t\t\t\t\t\t\t\t\t\t\t\t\t\t<img fetchpriority=\"high\" decoding=\"async\" width=\"750\" height=\"326\" src=\"https:\/\/jblstainless.com\/wp-content\/uploads\/2025\/02\/ss-pipe.webp\" class=\"attachment-large size-large wp-image-1047\" alt=\"Tube soud\u00e9 en acier inoxydable ASTM A312\" srcset=\"https:\/\/jblstainless.com\/wp-content\/uploads\/2025\/02\/ss-pipe.webp 750w, https:\/\/jblstainless.com\/wp-content\/uploads\/2025\/02\/ss-pipe-300x130.webp 300w, https:\/\/jblstainless.com\/wp-content\/uploads\/2025\/02\/ss-pipe-18x8.webp 18w, https:\/\/jblstainless.com\/wp-content\/uploads\/2025\/02\/ss-pipe-600x261.webp 600w\" sizes=\"(max-width: 750px) 100vw, 750px\" \/>\t\t\t\t\t\t\t\t\t\t\t\t\t\t\t<\/div>\n\t\t\t\t<\/div>\n\t\t\t\t\t<\/div>\n\t\t\t\t<\/div>\n\t\t<div class=\"elementor-element elementor-element-3cf4ac3 e-flex e-con-boxed e-con e-parent\" data-id=\"3cf4ac3\" data-element_type=\"container\" data-e-type=\"container\">\n\t\t\t\t\t<div class=\"e-con-inner\">\n\t\t\t\t<div class=\"elementor-element elementor-element-0343700 elementor-widget elementor-widget-heading\" data-id=\"0343700\" data-element_type=\"widget\" data-e-type=\"widget\" data-widget_type=\"heading.default\">\n\t\t\t\t<div class=\"elementor-widget-container\">\n\t\t\t\t\t<h3 class=\"elementor-heading-title elementor-size-default\">Processus de fabrication<\/h3>\t\t\t\t<\/div>\n\t\t\t\t<\/div>\n\t\t\t\t<div class=\"elementor-element elementor-element-b3a4971 elementor-widget elementor-widget-text-editor\" data-id=\"b3a4971\" data-element_type=\"widget\" data-e-type=\"widget\" data-widget_type=\"text-editor.default\">\n\t\t\t\t<div class=\"elementor-widget-container\">\n\t\t\t\t\t\t\t\t\t<p>La production de tubes en acier inoxydable ASTM A312 implique une vari\u00e9t\u00e9 de processus, tels que les tubes sans soudure, qui sont form\u00e9s par extrusion ou perforation, et les tubes soud\u00e9s, qui sont fabriqu\u00e9s en soudant ensemble des feuilles ou des bobines d'acier inoxydable.<\/p><p>Les tubes ASTM A312 couvrent les types de fabrication suivants (y compris les produits finis \u00e0 chaud ou \u00e0 froid) :<\/p><p><b>1. Tube en acier sans soudure :<\/b>\u00a0<\/p><p>Fabriqu\u00e9 par extrusion ou par per\u00e7age.<\/p><p><b>2. Tube d'acier soud\u00e9 :<\/b><\/p><p><b><\/b>Fabriqu\u00e9 par soudage de feuilles ou de bobines d'acier inoxydable. Il est g\u00e9n\u00e9ralement r\u00e9alis\u00e9 par des m\u00e9thodes telles que le soudage TIG (gaz inerte de tungst\u00e8ne), le soudage MIG (gaz inerte de m\u00e9tal) ou le soudage manuel \u00e0 l'arc, et peut n\u00e9cessiter un pr\u00e9chauffage et un traitement thermique apr\u00e8s soudage afin d'\u00e9viter la sensibilisation et de garantir la r\u00e9sistance \u00e0 la corrosion.<\/p><p>Exigences :<\/p><ul><li>Traitement thermique post-soudure : Emp\u00eache la sensibilisation (pr\u00e9cipitation du carbure) dans la zone de soudure pour garantir la r\u00e9sistance \u00e0 la corrosion.<\/li><li>Soudage sans m\u00e9taux d'apport : Certaines sp\u00e9cifications autorisent le soudage direct sans ajout de m\u00e9taux d'apport (par exemple, pour les tubes \u00e0 parois minces).<\/li><\/ul><div>\u00a0<\/div><div><b>3. Tube en acier \u00e9croui :\u00a0<br \/><\/b>fabriqu\u00e9s par un proc\u00e9d\u00e9 d'usinage \u00e0 froid, avec une r\u00e9sistance et une duret\u00e9 \u00e9lev\u00e9es.<\/div>\t\t\t\t\t\t\t\t<\/div>\n\t\t\t\t<\/div>\n\t\t<div class=\"elementor-element elementor-element-757bbcd e-con-full e-flex e-con e-child\" data-id=\"757bbcd\" data-element_type=\"container\" data-e-type=\"container\">\n\t\t\t\t<div class=\"elementor-element elementor-element-b78a432 elementor-widget elementor-widget-image\" data-id=\"b78a432\" data-element_type=\"widget\" data-e-type=\"widget\" data-widget_type=\"image.default\">\n\t\t\t\t<div class=\"elementor-widget-container\">\n\t\t\t\t\t\t\t\t\t\t\t\t\t\t\t<img decoding=\"async\" width=\"800\" height=\"716\" src=\"https:\/\/jblstainless.com\/wp-content\/uploads\/2025\/06\/stainless-steel-welded-pipe-production.webp\" class=\"attachment-large size-large wp-image-1681\" alt=\"Processus de production des tubes soud\u00e9s en acier inoxydable\" srcset=\"https:\/\/jblstainless.com\/wp-content\/uploads\/2025\/06\/stainless-steel-welded-pipe-production.webp 1023w, https:\/\/jblstainless.com\/wp-content\/uploads\/2025\/06\/stainless-steel-welded-pipe-production-300x268.webp 300w, https:\/\/jblstainless.com\/wp-content\/uploads\/2025\/06\/stainless-steel-welded-pipe-production-768x687.webp 768w, https:\/\/jblstainless.com\/wp-content\/uploads\/2025\/06\/stainless-steel-welded-pipe-production-13x12.webp 13w, https:\/\/jblstainless.com\/wp-content\/uploads\/2025\/06\/stainless-steel-welded-pipe-production-600x537.webp 600w\" sizes=\"(max-width: 800px) 100vw, 800px\" \/>\t\t\t\t\t\t\t\t\t\t\t\t\t\t\t<\/div>\n\t\t\t\t<\/div>\n\t\t\t\t<\/div>\n\t\t\t\t\t<\/div>\n\t\t\t\t<\/div>\n\t\t<div class=\"elementor-element elementor-element-7ae0e68 e-flex e-con-boxed e-con e-parent\" data-id=\"7ae0e68\" data-element_type=\"container\" data-e-type=\"container\">\n\t\t\t\t\t<div class=\"e-con-inner\">\n\t\t\t\t<div class=\"elementor-element elementor-element-f7d50c2 elementor-widget elementor-widget-heading\" data-id=\"f7d50c2\" data-element_type=\"widget\" data-e-type=\"widget\" data-widget_type=\"heading.default\">\n\t\t\t\t<div class=\"elementor-widget-container\">\n\t\t\t\t\t<h3 class=\"elementor-heading-title elementor-size-default\">Essais de propri\u00e9t\u00e9s m\u00e9caniques<\/h3>\t\t\t\t<\/div>\n\t\t\t\t<\/div>\n\t\t\t\t<div class=\"elementor-element elementor-element-10b00b3 elementor-widget elementor-widget-text-editor\" data-id=\"10b00b3\" data-element_type=\"widget\" data-e-type=\"widget\" data-widget_type=\"text-editor.default\">\n\t\t\t\t<div class=\"elementor-widget-container\">\n\t\t\t\t\t\t\t\t\t<p>Essais m\u00e9caniques, y compris essais de traction, essais d'aplatissement et essais non destructifs.<\/p><p><b>Essai de traction\u00a0<\/b><br \/>Prenons l'exemple de l'acier inoxydable 304, dont la r\u00e9sistance \u00e0 la traction est \u2265 515 MPa et la limite d'\u00e9lasticit\u00e9 \u2265 205 MPa.<\/p><p><b>Test d'aplatissement ou test hydrostatique\u00a0<\/b><\/p><p>pression minimale 17-19 MPa<\/p><p><b>\u00c9lectricit\u00e9 non destructive (END)\u00a0<\/b><\/p><p>contr\u00f4le par ultrasons et courants de Foucault au lieu d'un contr\u00f4le hydrostatique<\/p>\t\t\t\t\t\t\t\t<\/div>\n\t\t\t\t<\/div>\n\t\t\t\t\t<\/div>\n\t\t\t\t<\/div>\n\t\t<div class=\"elementor-element elementor-element-c2420eb e-flex e-con-boxed e-con e-parent\" data-id=\"c2420eb\" data-element_type=\"container\" data-e-type=\"container\">\n\t\t\t\t\t<div class=\"e-con-inner\">\n\t\t\t\t<div class=\"elementor-element elementor-element-99afe3b elementor-widget elementor-widget-heading\" data-id=\"99afe3b\" data-element_type=\"widget\" data-e-type=\"widget\" data-widget_type=\"heading.default\">\n\t\t\t\t<div class=\"elementor-widget-container\">\n\t\t\t\t\t<h3 class=\"elementor-heading-title elementor-size-default\">Mat\u00e9riau de qualit\u00e9 courante du tube A312<\/h3>\t\t\t\t<\/div>\n\t\t\t\t<\/div>\n\t\t\t\t<div class=\"elementor-element elementor-element-d5c8f71 elementor-widget elementor-widget-text-editor\" data-id=\"d5c8f71\" data-element_type=\"widget\" data-e-type=\"widget\" data-widget_type=\"text-editor.default\">\n\t\t\t\t<div class=\"elementor-widget-container\">\n\t\t\t\t\t\t\t\t\t<p>La norme ASTM A312 couvre une large gamme de nuances d'acier inoxydable, notamment :<\/p><p><a href=\"https:\/\/jblstainless.com\/fr\/tube-soude-en-acier-inoxydable-304\/\"><u><b>304\/304L :<br \/><\/b><\/u><\/a>Il s'agit de l'acier inoxydable le plus polyvalent et le plus couramment utilis\u00e9, \u00e9galement connu sous le nom d'acier inoxydable \"18\/8\", car la composition de l'acier est de 18% de chrome et 8% de nickel.<\/p><p><a href=\"https:\/\/jblstainless.com\/fr\/tubes-en-acier-inoxydable-316\/\"><span style=\"text-decoration: underline;\"><b>316\/316L :<br \/><\/b><\/span><\/a>Aciers inoxydables aust\u00e9nitiques contenant du molybd\u00e8ne et pr\u00e9sentant une excellente r\u00e9sistance \u00e0 la corrosion et aux temp\u00e9ratures \u00e9lev\u00e9es. Par rapport \u00e0 304, 316 r\u00e9siste beaucoup mieux aux chlorures et aux acides, ce qui le rend id\u00e9al pour les environnements difficiles.<\/p><div><p><b>316Ti :<br \/><\/b>Acier inoxydable aust\u00e9nitique contenant du titane et pr\u00e9sentant une excellente r\u00e9sistance \u00e0 la corrosion et des propri\u00e9t\u00e9s \u00e0 haute temp\u00e9rature.<\/p><p><b>321:<br \/><\/b>Acier inoxydable aust\u00e9nitique contenant du titane ou du niobium, pr\u00e9sentant une r\u00e9sistance \u00e0 haute temp\u00e9rature et une bonne r\u00e9sistance \u00e0 l'oxydation.<\/p><p><b>347:<br \/><\/b>Acier inoxydable aust\u00e9nitique contenant du niobium, pr\u00e9sentant une excellente r\u00e9sistance \u00e0 haute temp\u00e9rature et \u00e0 la corrosion intergranulaire.<\/p><\/div>\t\t\t\t\t\t\t\t<\/div>\n\t\t\t\t<\/div>\n\t\t\t\t\t<\/div>\n\t\t\t\t<\/div>\n\t\t<div class=\"elementor-element elementor-element-807a961 e-flex e-con-boxed e-con e-parent\" data-id=\"807a961\" data-element_type=\"container\" data-e-type=\"container\">\n\t\t\t\t\t<div class=\"e-con-inner\">\n\t\t\t\t<div class=\"elementor-element elementor-element-cf3bbc9 elementor-widget elementor-widget-heading\" data-id=\"cf3bbc9\" data-element_type=\"widget\" data-e-type=\"widget\" data-widget_type=\"heading.default\">\n\t\t\t\t<div class=\"elementor-widget-container\">\n\t\t\t\t\t<h2 class=\"elementor-heading-title elementor-size-default\">Tube soud\u00e9 en acier inoxydable ASTM A312 Application<\/h2>\t\t\t\t<\/div>\n\t\t\t\t<\/div>\n\t\t\t\t<div class=\"elementor-element elementor-element-b99a594 elementor-widget elementor-widget-text-editor\" data-id=\"b99a594\" data-element_type=\"widget\" data-e-type=\"widget\" data-widget_type=\"text-editor.default\">\n\t\t\t\t<div class=\"elementor-widget-container\">\n\t\t\t\t\t\t\t\t\t<p><b>1. Industrie chimique :<\/b><\/p><p>Pour le transport de produits chimiques corrosifs et pour s'assurer que les syst\u00e8mes de tuyauterie sont s\u00fbrs et ne pr\u00e9sentent pas de fuites.<\/p><p><b style=\"font-size: 1rem;\">2. Transformation des aliments :<\/b><\/p><p>Des tuyaux hygi\u00e9niques qui r\u00e9pondent \u00e0 des normes d'hygi\u00e8ne strictes et garantissent la s\u00e9curit\u00e9 alimentaire.<\/p><p><b style=\"font-size: 1rem;\">3. L'industrie de l'\u00e9nergie :<\/b><\/p><p>Maintien de la stabilit\u00e9 dans les environnements \u00e0 haute temp\u00e9rature et \u00e0 haute pression, adapt\u00e9 aux chaudi\u00e8res et aux \u00e9changeurs de chaleur.<\/p><p><b>4.\u00a0<span style=\"font-size: 1rem;\">Industrie pharmaceutique :<\/span><\/b><\/p><p>Utilis\u00e9 dans des environnements aseptiques pour garantir des processus de production s\u00fbrs et fiables.<\/p>\t\t\t\t\t\t\t\t<\/div>\n\t\t\t\t<\/div>\n\t\t\t\t\t<\/div>\n\t\t\t\t<\/div>\n\t\t<div class=\"elementor-element elementor-element-975fff6 e-flex e-con-boxed e-con e-parent\" data-id=\"975fff6\" data-element_type=\"container\" data-e-type=\"container\">\n\t\t\t\t\t<div class=\"e-con-inner\">\n\t\t\t\t<div class=\"elementor-element elementor-element-935a61e elementor-widget elementor-widget-heading\" data-id=\"935a61e\" data-element_type=\"widget\" data-e-type=\"widget\" data-widget_type=\"heading.default\">\n\t\t\t\t<div class=\"elementor-widget-container\">\n\t\t\t\t\t<h2 class=\"elementor-heading-title elementor-size-default\">Par rapport \u00e0 d'autres normes<\/h2>\t\t\t\t<\/div>\n\t\t\t\t<\/div>\n\t\t\t\t<div class=\"elementor-element elementor-element-2616fa4 elementor-widget elementor-widget-text-editor\" data-id=\"2616fa4\" data-element_type=\"widget\" data-e-type=\"widget\" data-widget_type=\"text-editor.default\">\n\t\t\t\t<div class=\"elementor-widget-container\">\n\t\t\t\t\t\t\t\t\t<p><b>ASTM A312 vs. ASTM A358 :<\/b><\/p><p><b>1. ASTM A312<\/b><\/p><p>Couvre les tubes en acier inoxydable sans soudure et soud\u00e9s (sans m\u00e9tal d'apport). Les tubes sont g\u00e9n\u00e9ralement produits par extrusion (sans soudure) ou par soudage automatique.<\/p><p>Tube soud\u00e9 A312 : principalement soud\u00e9 \u00e0 l'unit\u00e9 (haute efficacit\u00e9, soudage d'un seul c\u00f4t\u00e9), avec de grandes tol\u00e9rances dimensionnelles ;<\/p><p><b style=\"font-size: 1rem;\">2. ASTM A358<\/b><\/p><p>Couvre les tubes en acier inoxydable aust\u00e9nitique soud\u00e9s par \u00e9lectrofusion (EFW). Le soudage utilise des m\u00e9taux d'apport pour augmenter la r\u00e9sistance et permettre l'utilisation de parois plus \u00e9paisses.<\/p><p>Tube soud\u00e9 A358 : soudage double face des plaques, adapt\u00e9 aux sc\u00e9narios de grand diam\u00e8tre (\u2265 DN400) et de haute pression.<\/p>\t\t\t\t\t\t\t\t<\/div>\n\t\t\t\t<\/div>\n\t\t\t\t<div class=\"elementor-element elementor-element-dc4713b elementor-widget elementor-widget-text-editor\" data-id=\"dc4713b\" data-element_type=\"widget\" data-e-type=\"widget\" data-widget_type=\"text-editor.default\">\n\t\t\t\t<div class=\"elementor-widget-container\">\n\t\t\t\t\t\t\t\t\t<p><b>Tube soud\u00e9 et tube sans soudure :<\/b><\/p><p>La r\u00e9sistance des tubes soud\u00e9s est g\u00e9n\u00e9ralement l\u00e9g\u00e8rement inf\u00e9rieure \u00e0 celle des tubes sans soudure, mais les progr\u00e8s des proc\u00e9d\u00e9s ont permis de r\u00e9duire l'\u00e9cart, et les performances dans les environnements corrosifs sont comparables, tandis que la vari\u00e9t\u00e9 et les sp\u00e9cifications des tubes d'acier soud\u00e9s augmentent.<\/p>\t\t\t\t\t\t\t\t<\/div>\n\t\t\t\t<\/div>\n\t\t\t\t\t<\/div>\n\t\t\t\t<\/div>\n\t\t<div class=\"elementor-element elementor-element-efceffa e-flex e-con-boxed e-con e-parent\" data-id=\"efceffa\" data-element_type=\"container\" data-e-type=\"container\">\n\t\t\t\t\t<div class=\"e-con-inner\">\n\t\t\t\t<div class=\"elementor-element elementor-element-d36ab74 elementor-widget elementor-widget-heading\" data-id=\"d36ab74\" data-element_type=\"widget\" data-e-type=\"widget\" data-widget_type=\"heading.default\">\n\t\t\t\t<div class=\"elementor-widget-container\">\n\t\t\t\t\t<h2 class=\"elementor-heading-title elementor-size-default\">Pourquoi nous choisir ?<\/h2>\t\t\t\t<\/div>\n\t\t\t\t<\/div>\n\t\t\t\t<div class=\"elementor-element elementor-element-65e681c elementor-widget elementor-widget-text-editor\" data-id=\"65e681c\" data-element_type=\"widget\" data-e-type=\"widget\" data-widget_type=\"text-editor.default\">\n\t\t\t\t<div class=\"elementor-widget-container\">\n\t\t\t\t\t\t\t\t\t<p><b>Mati\u00e8res premi\u00e8res de qualit\u00e9 sup\u00e9rieure<br \/><\/b>Nous utilisons des mat\u00e9riaux de premi\u00e8re qualit\u00e9 (TP304\/304L, TP316\/316L) pour garantir une excellente r\u00e9sistance \u00e0 la corrosion dans les environnements industriels difficiles. Provenant d'aci\u00e9ries de premier plan telles que TISCO et Baosteel, nos tubes constituent une r\u00e9f\u00e9rence en mati\u00e8re de qualit\u00e9 et de r\u00e9gularit\u00e9.<\/p>\t\t\t\t\t\t\t\t<\/div>\n\t\t\t\t<\/div>\n\t\t\t\t<div class=\"elementor-element elementor-element-e26b1d1 elementor-widget elementor-widget-text-editor\" data-id=\"e26b1d1\" data-element_type=\"widget\" data-e-type=\"widget\" data-widget_type=\"text-editor.default\">\n\t\t\t\t<div class=\"elementor-widget-container\">\n\t\t\t\t\t\t\t\t\t<p><b>Qualit\u00e9 soud\u00e9e<br \/><\/b>Des proc\u00e9d\u00e9s de soudage automatis\u00e9s (TIG, HF, HFI) avec un contr\u00f4le pr\u00e9cis des soudures garantissent des soudures de haute qualit\u00e9.<\/p><p><b>Assurance qualit\u00e9<\/b><\/p><p>Documentation compl\u00e8te (certificat de mat\u00e9riau EN10204 3.1, BL, liste de colisage, facture) et assistance pour les inspections par des tiers (SGS, BV, TUV) afin de garantir une tra\u00e7abilit\u00e9 et une assurance qualit\u00e9 totales.<\/p><p><b>Solutions personnalis\u00e9es<\/b><\/p><p>Des capacit\u00e9s OEM\/ODM, des pr\u00e9parations d'extr\u00e9mit\u00e9 personnalis\u00e9es (biseautage, filetage) et des emballages pr\u00eats pour l'exportation (paquets, caisses en bois) sont disponibles. Les tailles disponibles vont de \u00bd\u2033 \u00e0 48\u2033 (calendriers Sch5S \u00e0 Sch160) et peuvent \u00e9galement \u00eatre personnalis\u00e9es.<\/p>\t\t\t\t\t\t\t\t<\/div>\n\t\t\t\t<\/div>\n\t\t\t\t\t<\/div>\n\t\t\t\t<\/div>\n\t\t\t\t<\/div>","protected":false},"excerpt":{"rendered":"<p>Norme : ASTM A312<br \/>\nGrade d'utilisation courante : 304\/304L;316\/316L<br \/>\nDiam\u00e8tre ext\u00e9rieur : 2 pouces - 36 pouces<br \/>\n\u00c9paisseur de la paroi : SCH 5S - SCH XXS<br \/>\nLongueur : 6m, 12m et sur mesure<\/p>\n<p>JBLSTEEL fournit des tubes soud\u00e9s en acier inoxydable ASTM A312 en 304\/304L, 316\/316L avec une excellente r\u00e9sistance aux temp\u00e9ratures \u00e9lev\u00e9es et \u00e0 la corrosion.<\/p>","protected":false},"featured_media":1400,"template":"","meta":{"_eb_attr":""},"product_brand":[],"product_cat":[39],"product_tag":[],"class_list":{"0":"post-1688","1":"product","2":"type-product","3":"status-publish","4":"has-post-thumbnail","6":"product_cat-stainless-steel-welded-pipe","8":"first","9":"instock","10":"shipping-taxable","11":"product-type-simple"},"_links":{"self":[{"href":"https:\/\/jblstainless.com\/fr\/wp-json\/wp\/v2\/product\/1688","targetHints":{"allow":["GET"]}}],"collection":[{"href":"https:\/\/jblstainless.com\/fr\/wp-json\/wp\/v2\/product"}],"about":[{"href":"https:\/\/jblstainless.com\/fr\/wp-json\/wp\/v2\/types\/product"}],"version-history":[{"count":12,"href":"https:\/\/jblstainless.com\/fr\/wp-json\/wp\/v2\/product\/1688\/revisions"}],"predecessor-version":[{"id":1857,"href":"https:\/\/jblstainless.com\/fr\/wp-json\/wp\/v2\/product\/1688\/revisions\/1857"}],"wp:featuredmedia":[{"embeddable":true,"href":"https:\/\/jblstainless.com\/fr\/wp-json\/wp\/v2\/media\/1400"}],"wp:attachment":[{"href":"https:\/\/jblstainless.com\/fr\/wp-json\/wp\/v2\/media?parent=1688"}],"wp:term":[{"taxonomy":"product_brand","embeddable":true,"href":"https:\/\/jblstainless.com\/fr\/wp-json\/wp\/v2\/product_brand?post=1688"},{"taxonomy":"product_cat","embeddable":true,"href":"https:\/\/jblstainless.com\/fr\/wp-json\/wp\/v2\/product_cat?post=1688"},{"taxonomy":"product_tag","embeddable":true,"href":"https:\/\/jblstainless.com\/fr\/wp-json\/wp\/v2\/product_tag?post=1688"}],"curies":[{"name":"wp","href":"https:\/\/api.w.org\/{rel}","templated":true}]}}