{"id":1884,"date":"2025-07-24T16:18:20","date_gmt":"2025-07-24T08:18:20","guid":{"rendered":"https:\/\/jblstainless.com\/?post_type=product&#038;p=1884"},"modified":"2025-07-24T16:23:17","modified_gmt":"2025-07-24T08:23:17","slug":"1-plaque-en-acier-inoxydable-4301","status":"publish","type":"product","link":"https:\/\/jblstainless.com\/fr\/1-4301-stainless-steel-plate\/","title":{"rendered":"Plaque d'acier inoxydable 1.4301"},"content":{"rendered":"<div data-elementor-type=\"product-post\" data-elementor-id=\"1884\" class=\"elementor elementor-1884\" data-elementor-post-type=\"product\">\n\t\t\t\t<div class=\"elementor-element elementor-element-60b2d98 e-flex e-con-boxed e-con e-parent\" data-id=\"60b2d98\" data-element_type=\"container\" data-e-type=\"container\">\n\t\t\t\t\t<div class=\"e-con-inner\">\n\t\t\t\t<div class=\"elementor-element elementor-element-3c877ad elementor-widget elementor-widget-text-editor\" data-id=\"3c877ad\" data-element_type=\"widget\" data-e-type=\"widget\" data-widget_type=\"text-editor.default\">\n\t\t\t\t<div class=\"elementor-widget-container\">\n\t\t\t\t\t\t\t\t\t<p>Acier inoxydable 1.4301, \u00e9galement connu sous le nom de <a href=\"https:\/\/jblstainless.com\/fr\/quest-ce-que-lacier-inoxydable-304\/\"><span style=\"text-decoration: underline;\"><strong>Acier inoxydable 304<\/strong><\/span><\/a>, est un acier inoxydable aust\u00e9nitique largement utilis\u00e9, un acier inoxydable \u00e0 usage g\u00e9n\u00e9ral, dot\u00e9 d'une excellente r\u00e9sistance \u00e0 la corrosion, d'une bonne formabilit\u00e9, de bonnes propri\u00e9t\u00e9s d'usinage et de soudage, largement utilis\u00e9 dans diverses industries.<\/p><p>Nous nous approvisionnons en t\u00f4les 1.4301 directement aupr\u00e8s des principaux aci\u00e9ries inoxydables (Baosteel, TISCO, etc.), utilisons de l'acier de base de haute qualit\u00e9 (par exemple Baosteel, Shougang) et disposons des certifications ISO\/BV\/SGS, garantissant ainsi la constance des mat\u00e9riaux.<\/p><p>Nos plaques sont strictement conformes aux normes ASTM A240 et EN 10088-2 (DIN 1.4301, X5CrNi18-10). Nous contr\u00f4lons la plan\u00e9it\u00e9 et les dimensions selon des tol\u00e9rances strictes de \u00b1 0,2 mm, afin de garantir que chaque rouleau (plaque) pr\u00e9sente une \u00e9paisseur et une plan\u00e9it\u00e9 uniformes conformes \u00e0 la norme 18Cr-8Ni (304).<\/p>\t\t\t\t\t\t\t\t<\/div>\n\t\t\t\t<\/div>\n\t\t\t\t\t<\/div>\n\t\t\t\t<\/div>\n\t\t<div class=\"elementor-element elementor-element-4ad3b91 e-flex e-con-boxed e-con e-parent\" data-id=\"4ad3b91\" data-element_type=\"container\" data-e-type=\"container\">\n\t\t\t\t\t<div class=\"e-con-inner\">\n\t\t\t\t<div class=\"elementor-element elementor-element-891fb1f elementor-widget elementor-widget-heading\" data-id=\"891fb1f\" data-element_type=\"widget\" data-e-type=\"widget\" data-widget_type=\"heading.default\">\n\t\t\t\t<div class=\"elementor-widget-container\">\n\t\t\t\t\t<h2 class=\"elementor-heading-title elementor-size-default\">Sp\u00e9cifications des plaques en acier inoxydable 1.4301<\/h2>\t\t\t\t<\/div>\n\t\t\t\t<\/div>\n\t\t\t\t<div class=\"elementor-element elementor-element-eb6ba0c elementor-widget elementor-widget-text-editor\" data-id=\"eb6ba0c\" data-element_type=\"widget\" data-e-type=\"widget\" data-widget_type=\"text-editor.default\">\n\t\t\t\t<div class=\"elementor-widget-container\">\n\t\t\t\t\t\t\t\t\t<table class=\"table\"><tbody><tr><td>Grade<\/td><td>1.4301,304<\/td><\/tr><tr><td>\u00c9paisseur<\/td><td>0,3-200 mm<\/td><\/tr><tr><td>Longueur :<\/td><td>2000 mm, 2438 mm, 3000 mm, 5800 mm, 6000 mm, 12000 mm, etc.<\/td><\/tr><tr><td>Largeur<\/td><td><p>40 mm-600 mm, 1 000 mm, 1 250 mm, 1 500 mm, 1 800 mm, 2 000 mm,<\/p><p>2500 mm, 3000 mm, 3500 mm, etc.<\/p><\/td><\/tr><tr><td>Standard<\/td><td>ASTM 240, EN 10088, JIS, DIN, AISI, GB<\/td><\/tr><tr><td>Surface<\/td><td>BA, 2B, N\u00b0 1, N\u00b0 4, 4K, HL, 8K, gaufr\u00e9, couleur ou selon les besoins<\/td><\/tr><tr><td>Certification<\/td><td>ISO, SGS, BV<\/td><\/tr><tr><td>Technique<\/td><td>Lamin\u00e9 \u00e0 froid, lamin\u00e9 \u00e0 chaud<\/td><\/tr><tr><td>Bord<\/td><td>Bord de meule \/ Bord fendu<\/td><\/tr><\/tbody><\/table>\t\t\t\t\t\t\t\t<\/div>\n\t\t\t\t<\/div>\n\t\t\t\t\t<\/div>\n\t\t\t\t<\/div>\n\t\t<div class=\"elementor-element elementor-element-e9a46c8 e-flex e-con-boxed e-con e-parent\" data-id=\"e9a46c8\" data-element_type=\"container\" data-e-type=\"container\">\n\t\t\t\t\t<div class=\"e-con-inner\">\n\t\t\t\t<div class=\"elementor-element elementor-element-cac094f elementor-arrows-position-outside elementor-pagination-position-outside elementor-widget elementor-widget-image-carousel\" data-id=\"cac094f\" data-element_type=\"widget\" data-e-type=\"widget\" data-settings=\"{&quot;slides_to_show&quot;:&quot;3&quot;,&quot;navigation&quot;:&quot;both&quot;,&quot;autoplay&quot;:&quot;yes&quot;,&quot;pause_on_hover&quot;:&quot;yes&quot;,&quot;pause_on_interaction&quot;:&quot;yes&quot;,&quot;autoplay_speed&quot;:5000,&quot;infinite&quot;:&quot;yes&quot;,&quot;speed&quot;:500}\" data-widget_type=\"image-carousel.default\">\n\t\t\t\t<div class=\"elementor-widget-container\">\n\t\t\t\t\t\t\t<div class=\"elementor-image-carousel-wrapper swiper\" role=\"region\" aria-roledescription=\"carousel\" aria-label=\"Carrousel d&#039;images\" dir=\"ltr\">\n\t\t\t<div class=\"elementor-image-carousel swiper-wrapper\" aria-live=\"off\">\n\t\t\t\t\t\t\t\t<div class=\"swiper-slide\" role=\"group\" aria-roledescription=\"slide\" aria-label=\"1 dari 5\" data-no-translation-aria-label=\"\"><figure class=\"swiper-slide-inner\"><img decoding=\"async\" class=\"swiper-slide-image\" src=\"https:\/\/jblstainless.com\/wp-content\/uploads\/2025\/04\/stainless-steel-plate-300x300.webp\" alt=\"plaque en acier inoxydable\" \/><\/figure><\/div><div class=\"swiper-slide\" role=\"group\" aria-roledescription=\"slide\" aria-label=\"2 dari 5\" data-no-translation-aria-label=\"\"><figure class=\"swiper-slide-inner\"><img decoding=\"async\" class=\"swiper-slide-image\" src=\"https:\/\/jblstainless.com\/wp-content\/uploads\/2025\/04\/stainless-steel-metal-plate-300x300.webp\" alt=\"Plaque en acier inoxydable 304\" \/><\/figure><\/div><div class=\"swiper-slide\" role=\"group\" aria-roledescription=\"slide\" aria-label=\"3 dari 5\" data-no-translation-aria-label=\"\"><figure class=\"swiper-slide-inner\"><img decoding=\"async\" class=\"swiper-slide-image\" src=\"https:\/\/jblstainless.com\/wp-content\/uploads\/2025\/04\/stainless-steel-thick-plate-300x300.webp\" alt=\"plaque en acier inoxydable\" \/><\/figure><\/div><div class=\"swiper-slide\" role=\"group\" aria-roledescription=\"slide\" aria-label=\"4 dari 5\" data-no-translation-aria-label=\"\"><figure class=\"swiper-slide-inner\"><img decoding=\"async\" class=\"swiper-slide-image\" src=\"https:\/\/jblstainless.com\/wp-content\/uploads\/2025\/04\/ss-plate-300x300.webp\" alt=\"Plaque d&#039;acier inoxydable 1.4301\" \/><\/figure><\/div><div class=\"swiper-slide\" role=\"group\" aria-roledescription=\"slide\" aria-label=\"5 dari 5\" data-no-translation-aria-label=\"\"><figure class=\"swiper-slide-inner\"><img decoding=\"async\" class=\"swiper-slide-image\" src=\"https:\/\/jblstainless.com\/wp-content\/uploads\/2025\/04\/ss-plate-process-300x300.webp\" alt=\"Processus de fabrication des plaques en acier inoxydable\" \/><\/figure><\/div>\t\t\t<\/div>\n\t\t\t\t\t\t\t\t\t\t\t\t<div class=\"elementor-swiper-button elementor-swiper-button-prev\" role=\"button\" tabindex=\"0\">\n\t\t\t\t\t\t<svg aria-hidden=\"true\" class=\"e-font-icon-svg e-eicon-chevron-left\" viewbox=\"0 0 1000 1000\" xmlns=\"http:\/\/www.w3.org\/2000\/svg\"><path d=\"M646 125C629 125 613 133 604 142L308 442C296 454 292 471 292 487 292 504 296 521 308 533L604 854C617 867 629 875 646 875 663 875 679 871 692 858 704 846 713 829 713 812 713 796 708 779 692 767L438 487 692 225C700 217 708 204 708 187 708 171 704 154 692 142 675 129 663 125 646 125Z\"><\/path><\/svg>\t\t\t\t\t<\/div>\n\t\t\t\t\t<div class=\"elementor-swiper-button elementor-swiper-button-next\" role=\"button\" tabindex=\"0\">\n\t\t\t\t\t\t<svg aria-hidden=\"true\" class=\"e-font-icon-svg e-eicon-chevron-right\" viewbox=\"0 0 1000 1000\" xmlns=\"http:\/\/www.w3.org\/2000\/svg\"><path d=\"M696 533C708 521 713 504 713 487 713 471 708 454 696 446L400 146C388 133 375 125 354 125 338 125 325 129 313 142 300 154 292 171 292 187 292 204 296 221 308 233L563 492 304 771C292 783 288 800 288 817 288 833 296 850 308 863 321 871 338 875 354 875 371 875 388 867 400 854L696 533Z\"><\/path><\/svg>\t\t\t\t\t<\/div>\n\t\t\t\t\n\t\t\t\t\t\t\t\t\t<div class=\"swiper-pagination\"><\/div>\n\t\t\t\t\t\t\t\t\t<\/div>\n\t\t\t\t\t\t<\/div>\n\t\t\t\t<\/div>\n\t\t\t\t\t<\/div>\n\t\t\t\t<\/div>\n\t\t<div class=\"elementor-element elementor-element-22eb224 e-flex e-con-boxed e-con e-parent\" data-id=\"22eb224\" data-element_type=\"container\" data-e-type=\"container\">\n\t\t\t\t\t<div class=\"e-con-inner\">\n\t\t\t\t<div class=\"elementor-element elementor-element-785ae18 elementor-widget elementor-widget-heading\" data-id=\"785ae18\" data-element_type=\"widget\" data-e-type=\"widget\" data-widget_type=\"heading.default\">\n\t\t\t\t<div class=\"elementor-widget-container\">\n\t\t\t\t\t<h2 class=\"elementor-heading-title elementor-size-default\">Propri\u00e9t\u00e9s de l'acier inoxydable 1.4301<\/h2>\t\t\t\t<\/div>\n\t\t\t\t<\/div>\n\t\t\t\t<div class=\"elementor-element elementor-element-b9155f8 elementor-widget elementor-widget-heading\" data-id=\"b9155f8\" data-element_type=\"widget\" data-e-type=\"widget\" data-widget_type=\"heading.default\">\n\t\t\t\t<div class=\"elementor-widget-container\">\n\t\t\t\t\t<h3 class=\"elementor-heading-title elementor-size-default\">Composition chimique - EN 10088 1.4301 Acier inoxydable<\/h3>\t\t\t\t<\/div>\n\t\t\t\t<\/div>\n\t\t\t\t<div class=\"elementor-element elementor-element-39d10fe elementor-widget elementor-widget-text-editor\" data-id=\"39d10fe\" data-element_type=\"widget\" data-e-type=\"widget\" data-widget_type=\"text-editor.default\">\n\t\t\t\t<div class=\"elementor-widget-container\">\n\t\t\t\t\t\t\t\t\t<table class=\"table\"><tbody><tr><td>\u00c9l\u00e9ment<\/td><td>% Pr\u00e9sent<\/td><\/tr><tr><td>Carbone (C)<\/td><td>0,0 \u2013 0,07<\/td><\/tr><tr><td>Chrome (Cr)<\/td><td>17 h 50 \u2013 19 h 50<\/td><\/tr><tr><td>Mangan\u00e8se (Mn)<\/td><td>0,0 \u2013 2,00<\/td><\/tr><tr><td>Silicium (Si)<\/td><td>0,0 \u2013 1,00<\/td><\/tr><tr><td>Phosphore (P)<\/td><td>0,0 \u2013 0,05<\/td><\/tr><tr><td>Soufre (S)<\/td><td>0,0 \u2013 0,03<\/td><\/tr><tr><td>Nickel (Ni)<\/td><td>8 h 00 \u2013 10 h 50<\/td><\/tr><tr><td>Azote (N)<\/td><td>0,0 \u2013 0,11<\/td><\/tr><tr><td>Fer (Fe)<\/td><td>\u00c9quilibre<\/td><\/tr><\/tbody><\/table>\t\t\t\t\t\t\t\t<\/div>\n\t\t\t\t<\/div>\n\t\t\t\t<div class=\"elementor-element elementor-element-12ef093 elementor-widget elementor-widget-text-editor\" data-id=\"12ef093\" data-element_type=\"widget\" data-e-type=\"widget\" data-widget_type=\"text-editor.default\">\n\t\t\t\t<div class=\"elementor-widget-container\">\n\t\t\t\t\t\t\t\t\t<table class=\"table\"><tbody><tr><td>Propri\u00e9t\u00e9<\/td><td>Valeur<\/td><\/tr><tr><td>R\u00e9sistance \u00e0 la traction (Mpa), Rm<\/td><td>625<\/td><\/tr><tr><td>Limite d'\u00e9lasticit\u00e9 (Mpa), Rp 0,2<\/td><td>315<\/td><\/tr><tr><td>Densit\u00e9<\/td><td>8,00 g\/cm\u00b3<\/td><\/tr><tr><td>Point de fusion<\/td><td>1450 \u00b0C<\/td><\/tr><tr><td>Dilatation thermique<\/td><td>17,2 x 10^-6 \/K<\/td><\/tr><tr><td>Module d'\u00e9lasticit\u00e9<\/td><td>193 GPa<\/td><\/tr><tr><td>Conductivit\u00e9 thermique<\/td><td>16,2 W\/m.K<\/td><\/tr><tr><td>R\u00e9sistivit\u00e9 \u00e9lectrique<\/td><td>0,072 x 10^-6 \u03a9 .m<\/td><\/tr><tr><td>\u00c9longation<\/td><td>45<\/td><\/tr><\/tbody><\/table>\t\t\t\t\t\t\t\t<\/div>\n\t\t\t\t<\/div>\n\t\t\t\t<div class=\"elementor-element elementor-element-cac709a elementor-widget elementor-widget-heading\" data-id=\"cac709a\" data-element_type=\"widget\" data-e-type=\"widget\" data-widget_type=\"heading.default\">\n\t\t\t\t<div class=\"elementor-widget-container\">\n\t\t\t\t\t<h3 class=\"elementor-heading-title elementor-size-default\">\u00c9quivalent en acier inoxydable 1.4301<\/h3>\t\t\t\t<\/div>\n\t\t\t\t<\/div>\n\t\t\t\t<div class=\"elementor-element elementor-element-7a4da49 elementor-widget elementor-widget-text-editor\" data-id=\"7a4da49\" data-element_type=\"widget\" data-e-type=\"widget\" data-widget_type=\"text-editor.default\">\n\t\t\t\t<div class=\"elementor-widget-container\">\n\t\t\t\t\t\t\t\t\t<table class=\"table\"><tbody><tr><th>Standard<\/th><th>UNS<\/th><th>MAT\u00c9RIAU N\u00b0<\/th><th>AFNOR<\/th><th>FR<\/th><th>JIS<\/th><th>BS<\/th><th>GOST<\/th><\/tr><tr><td>SS 304<\/td><td>S30400<\/td><td>1.4301<\/td><td>Z7CN18-09<\/td><td>X5CrNi18-10<\/td><td>SUS304<\/td><td>304S31<\/td><td>08\u042518\u041d10<\/td><\/tr><\/tbody><\/table>\t\t\t\t\t\t\t\t<\/div>\n\t\t\t\t<\/div>\n\t\t\t\t\t<\/div>\n\t\t\t\t<\/div>\n\t\t<div class=\"elementor-element elementor-element-fc9c93e e-flex e-con-boxed e-con e-parent\" data-id=\"fc9c93e\" data-element_type=\"container\" data-e-type=\"container\">\n\t\t\t\t\t<div class=\"e-con-inner\">\n\t\t\t\t<div class=\"elementor-element elementor-element-3f87d22 elementor-widget elementor-widget-heading\" data-id=\"3f87d22\" data-element_type=\"widget\" data-e-type=\"widget\" data-widget_type=\"heading.default\">\n\t\t\t\t<div class=\"elementor-widget-container\">\n\t\t\t\t\t<h3 class=\"elementor-heading-title elementor-size-default\">1.4301 Avantages li\u00e9s \u00e0 la plaque<\/h3>\t\t\t\t<\/div>\n\t\t\t\t<\/div>\n\t\t\t\t<div class=\"elementor-element elementor-element-daa9f1e elementor-widget elementor-widget-text-editor\" data-id=\"daa9f1e\" data-element_type=\"widget\" data-e-type=\"widget\" data-widget_type=\"text-editor.default\">\n\t\t\t\t<div class=\"elementor-widget-container\">\n\t\t\t\t\t\t\t\t\t<p><strong>1. R\u00e9sistance exceptionnelle \u00e0 la corrosion :<\/strong><\/p><ul><li>Haute r\u00e9sistance \u00e0 la corrosion par les acides oxydants (par exemple l'acide nitrique), les solutions alcalines et la plupart des acides organiques.<\/li><li>Fonctionne bien dans les environnements industriels et les milieux alimentaires.<\/li><li>Assure une durabilit\u00e9 \u00e0 long terme dans des environnements difficiles.<\/li><\/ul><p><strong>2. Formabilit\u00e9 et soudabilit\u00e9 sup\u00e9rieures :<\/strong><\/p><ul><li>Excellentes performances d'emboutissage profond, convient \u00e0 la fabrication d'\u00e9viers, de casseroles et po\u00eales et d'autres pi\u00e8ces embouties.<\/li><li>Convient \u00e0 tous les types d'usinage et de soudage, facile \u00e0 fabriquer des produits de forme complexe. Parfait pour divers besoins de fabrication.<\/li><\/ul><p><strong>3.<\/strong> Non magn\u00e9tique (presque non magn\u00e9tique \u00e0 l'\u00e9tat recuit, peut \u00eatre faiblement magn\u00e9tique apr\u00e8s travail \u00e0 froid)<br \/><strong>4.<\/strong> Excellentes performances \u00e0 basse temp\u00e9rature (pour les sc\u00e9narios \u00e0 basse temp\u00e9rature)<br \/><strong>5.<\/strong> Faible conductivit\u00e9 thermique, conductivit\u00e9 \u00e9lectrique moyenne<\/p>\t\t\t\t\t\t\t\t<\/div>\n\t\t\t\t<\/div>\n\t\t\t\t\t<\/div>\n\t\t\t\t<\/div>\n\t\t<div class=\"elementor-element elementor-element-e9e4c1c e-flex e-con-boxed e-con e-parent\" data-id=\"e9e4c1c\" data-element_type=\"container\" data-e-type=\"container\">\n\t\t\t\t\t<div class=\"e-con-inner\">\n\t\t\t\t<div class=\"elementor-element elementor-element-f889895 elementor-widget elementor-widget-heading\" data-id=\"f889895\" data-element_type=\"widget\" data-e-type=\"widget\" data-widget_type=\"heading.default\">\n\t\t\t\t<div class=\"elementor-widget-container\">\n\t\t\t\t\t<h2 class=\"elementor-heading-title elementor-size-default\">Services de personnalisation des plaques en acier inoxydable\n<\/h2>\t\t\t\t<\/div>\n\t\t\t\t<\/div>\n\t\t\t\t<div class=\"elementor-element elementor-element-33fade4 elementor-widget elementor-widget-heading\" data-id=\"33fade4\" data-element_type=\"widget\" data-e-type=\"widget\" data-widget_type=\"heading.default\">\n\t\t\t\t<div class=\"elementor-widget-container\">\n\t\t\t\t\t<p class=\"elementor-heading-title elementor-size-default\">Finition de la surface<\/p>\t\t\t\t<\/div>\n\t\t\t\t<\/div>\n\t\t\t\t<div class=\"elementor-element elementor-element-0880003 elementor-widget elementor-widget-text-editor\" data-id=\"0880003\" data-element_type=\"widget\" data-e-type=\"widget\" data-widget_type=\"text-editor.default\">\n\t\t\t\t<div class=\"elementor-widget-container\">\n\t\t\t\t\t\t\t\t\t<p>Nous proposons des finitions allant du recuit brillant (BA, n\u00b0 1) au laminage \u00e0 froid (2B), n\u00b0 4, HL et miroir (8K). Gr\u00e2ce \u00e0 un \u00e9quipement de polissage de pointe et \u00e0 un contr\u00f4le qualit\u00e9 rigoureux, nous sommes en mesure de fournir des plaques planes et propres, sans rayures ni bavures. Que ce soit pour des mat\u00e9riaux d\u00e9coratifs ou des pi\u00e8ces m\u00e9caniques, nous r\u00e9pondons \u00e0 des normes \u00e9lev\u00e9es.<\/p>\t\t\t\t\t\t\t\t<\/div>\n\t\t\t\t<\/div>\n\t\t\t\t<div class=\"elementor-element elementor-element-6127aee elementor-widget elementor-widget-image\" data-id=\"6127aee\" data-element_type=\"widget\" data-e-type=\"widget\" data-widget_type=\"image.default\">\n\t\t\t\t<div class=\"elementor-widget-container\">\n\t\t\t\t\t\t\t\t\t\t\t\t\t\t\t<img fetchpriority=\"high\" decoding=\"async\" width=\"800\" height=\"394\" src=\"https:\/\/jblstainless.com\/wp-content\/uploads\/2025\/04\/stainless-steel-pipe-surface-treatment.webp\" class=\"attachment-large size-large wp-image-1357\" alt=\"Tube en acier inoxydable 420\" srcset=\"https:\/\/jblstainless.com\/wp-content\/uploads\/2025\/04\/stainless-steel-pipe-surface-treatment.webp 1000w, https:\/\/jblstainless.com\/wp-content\/uploads\/2025\/04\/stainless-steel-pipe-surface-treatment-300x148.webp 300w, https:\/\/jblstainless.com\/wp-content\/uploads\/2025\/04\/stainless-steel-pipe-surface-treatment-768x379.webp 768w, https:\/\/jblstainless.com\/wp-content\/uploads\/2025\/04\/stainless-steel-pipe-surface-treatment-18x9.webp 18w, https:\/\/jblstainless.com\/wp-content\/uploads\/2025\/04\/stainless-steel-pipe-surface-treatment-600x296.webp 600w\" sizes=\"(max-width: 800px) 100vw, 800px\" \/>\t\t\t\t\t\t\t\t\t\t\t\t\t\t\t<\/div>\n\t\t\t\t<\/div>\n\t\t\t\t<div class=\"elementor-element elementor-element-fc991a8 elementor-widget elementor-widget-heading\" data-id=\"fc991a8\" data-element_type=\"widget\" data-e-type=\"widget\" data-widget_type=\"heading.default\">\n\t\t\t\t<div class=\"elementor-widget-container\">\n\t\t\t\t\t<p class=\"elementor-heading-title elementor-size-default\">Services de traitement<\/p>\t\t\t\t<\/div>\n\t\t\t\t<\/div>\n\t\t\t\t<div class=\"elementor-element elementor-element-d9978e7 elementor-widget elementor-widget-text-editor\" data-id=\"d9978e7\" data-element_type=\"widget\" data-e-type=\"widget\" data-widget_type=\"text-editor.default\">\n\t\t\t\t<div class=\"elementor-widget-container\">\n\t\t\t\t\t\t\t\t\t<p>Nous pouvons d\u00e9couper des plaques de toutes tailles et formes, fraiser ou polir les bords, aplatir, chanfreiner, polir ou appliquer un film PVC protecteur et effectuer d'autres traitements secondaires selon les besoins, ainsi que les \u00e9tiqueter ou les marquer au laser sur demande.<\/p><p>Pour les exp\u00e9ditions \u00e0 l'exportation, nous utilisons des emballages standard adapt\u00e9s au transport maritime (emball\u00e9s dans des caisses en bois\/palettes avec un emballage imperm\u00e9able).<\/p><p>Gr\u00e2ce \u00e0 un stock suffisant et \u00e0 une capacit\u00e9 de production flexible, nous pouvons livrer dans les d\u00e9lais et fournir une assistance technique exclusive pour les projets personnalis\u00e9s.<\/p>\t\t\t\t\t\t\t\t<\/div>\n\t\t\t\t<\/div>\n\t\t\t\t<div class=\"elementor-element elementor-element-192f063 elementor-widget elementor-widget-image\" data-id=\"192f063\" data-element_type=\"widget\" data-e-type=\"widget\" data-widget_type=\"image.default\">\n\t\t\t\t<div class=\"elementor-widget-container\">\n\t\t\t\t\t\t\t\t\t\t\t\t\t\t\t<img decoding=\"async\" width=\"800\" height=\"556\" src=\"https:\/\/jblstainless.com\/wp-content\/uploads\/2025\/02\/process-service.webp\" class=\"attachment-large size-large wp-image-688\" alt=\"traitement des plaques d&#039;acier inoxydable\" srcset=\"https:\/\/jblstainless.com\/wp-content\/uploads\/2025\/02\/process-service.webp 1000w, https:\/\/jblstainless.com\/wp-content\/uploads\/2025\/02\/process-service-600x417.webp 600w, https:\/\/jblstainless.com\/wp-content\/uploads\/2025\/02\/process-service-300x209.webp 300w, https:\/\/jblstainless.com\/wp-content\/uploads\/2025\/02\/process-service-768x534.webp 768w, https:\/\/jblstainless.com\/wp-content\/uploads\/2025\/02\/process-service-18x12.webp 18w\" sizes=\"(max-width: 800px) 100vw, 800px\" \/>\t\t\t\t\t\t\t\t\t\t\t\t\t\t\t<\/div>\n\t\t\t\t<\/div>\n\t\t\t\t\t<\/div>\n\t\t\t\t<\/div>\n\t\t<div class=\"elementor-element elementor-element-40716f7 e-flex e-con-boxed e-con e-parent\" data-id=\"40716f7\" data-element_type=\"container\" data-e-type=\"container\">\n\t\t\t\t\t<div class=\"e-con-inner\">\n\t\t\t\t<div class=\"elementor-element elementor-element-7294ae2 elementor-widget elementor-widget-heading\" data-id=\"7294ae2\" data-element_type=\"widget\" data-e-type=\"widget\" data-widget_type=\"heading.default\">\n\t\t\t\t<div class=\"elementor-widget-container\">\n\t\t\t\t\t<p class=\"elementor-heading-title elementor-size-default\">Application<\/p>\t\t\t\t<\/div>\n\t\t\t\t<\/div>\n\t\t\t\t<div class=\"elementor-element elementor-element-a07df10 elementor-widget elementor-widget-text-editor\" data-id=\"a07df10\" data-element_type=\"widget\" data-e-type=\"widget\" data-widget_type=\"text-editor.default\">\n\t\t\t\t<div class=\"elementor-widget-container\">\n\t\t\t\t\t\t\t\t\t<ul><li>Industriel : tuyauterie chimique, cuves, \u00e9changeurs thermiques (environnements non chlor\u00e9s)<\/li><li>Industrie g\u00e9n\u00e9rale : vaisselle, ustensiles de cuisine, pi\u00e8ces d'horlogerie, assemblages \u00e0 ressort<\/li><li>Architectural : panneaux d\u00e9coratifs, composants structurels.<\/li><li>M\u00e9dical\/Alimentaire : dispositifs m\u00e9dicaux, \u00e9quipements de transformation alimentaire (doivent r\u00e9pondre aux normes alimentaires).<\/li><li>Autres : pi\u00e8ces automobiles, composants \u00e9lectriques<\/li><\/ul>\t\t\t\t\t\t\t\t<\/div>\n\t\t\t\t<\/div>\n\t\t\t\t\t<\/div>\n\t\t\t\t<\/div>\n\t\t<div class=\"elementor-element elementor-element-0f1a8dd e-flex e-con-boxed e-con e-parent\" data-id=\"0f1a8dd\" data-element_type=\"container\" data-e-type=\"container\">\n\t\t\t\t\t<div class=\"e-con-inner\">\n\t\t\t\t<div class=\"elementor-element elementor-element-7557b73 elementor-widget elementor-widget-heading\" data-id=\"7557b73\" data-element_type=\"widget\" data-e-type=\"widget\" data-widget_type=\"heading.default\">\n\t\t\t\t<div class=\"elementor-widget-container\">\n\t\t\t\t\t<h2 class=\"elementor-heading-title elementor-size-default\">Limites des t\u00f4les en acier inoxydable 1.4301 <\/h2>\t\t\t\t<\/div>\n\t\t\t\t<\/div>\n\t\t\t\t<div class=\"elementor-element elementor-element-4aa7a40 elementor-widget elementor-widget-text-editor\" data-id=\"4aa7a40\" data-element_type=\"widget\" data-e-type=\"widget\" data-widget_type=\"text-editor.default\">\n\t\t\t\t<div class=\"elementor-widget-container\">\n\t\t\t\t\t\t\t\t\t<p>Lors du choix d'une plaque en acier inoxydable 1.4301, les environnements suivants doivent \u00eatre \u00e9vit\u00e9s :<\/p><ul><li>Environnements chlor\u00e9s : sensibles \u00e0 la corrosion par piq\u00fbres\/crevasses, ne conviennent pas \u00e0 l'eau de mer ou aux \u00e9quipements de piscine.<\/li><li>Environnement sulfurique : aucune tol\u00e9rance (non applicable \u00e0 aucune concentration).<\/li><li>Risque de corrosion intergranulaire : des zones appauvries en chrome peuvent appara\u00eetre en raison de la pr\u00e9cipitation de carbure de chrome apr\u00e8s soudage ou traitement thermique \u00e0 450-850 \u00b0C ; un contr\u00f4le du processus est n\u00e9cessaire.<\/li><li>Fissuration par corrosion sous contrainte : risque \u00e9lev\u00e9 dans les environnements chlorur\u00e9s \u00e0 plus de 60 \u00b0C.<\/li><\/ul>\t\t\t\t\t\t\t\t<\/div>\n\t\t\t\t<\/div>\n\t\t\t\t\t<\/div>\n\t\t\t\t<\/div>\n\t\t\t\t<\/div>","protected":false},"excerpt":{"rendered":"<p>L'acier inoxydable 1.4301, \u00e9galement connu sous le nom d'acier inoxydable 304, est un acier inoxydable aust\u00e9nitique largement utilis\u00e9, un acier inoxydable \u00e0 usage g\u00e9n\u00e9ral.<\/p>\n<p>Sp\u00e9cifications des plaques en acier inoxydable 1.4301<br \/>\n\u00c9paisseur : 0,3-200 mm<br \/>\nLargeur : 1000 mm, 1250 mm, 1500 mm, 2000 mm, etc.<br \/>\nLongueur : 2000 mm, 2438 mm, 3000 mm, 5800 mm, etc.<br \/>\nNorme : ASTM A240, EN 10088-2, etc.<\/p>","protected":false},"featured_media":1473,"template":"","meta":{"_eb_attr":""},"product_brand":[],"product_cat":[40],"product_tag":[],"class_list":{"0":"post-1884","1":"product","2":"type-product","3":"status-publish","4":"has-post-thumbnail","6":"product_cat-stainless-steel-plate-coil","8":"first","9":"instock","10":"shipping-taxable","11":"product-type-simple"},"_links":{"self":[{"href":"https:\/\/jblstainless.com\/fr\/wp-json\/wp\/v2\/product\/1884","targetHints":{"allow":["GET"]}}],"collection":[{"href":"https:\/\/jblstainless.com\/fr\/wp-json\/wp\/v2\/product"}],"about":[{"href":"https:\/\/jblstainless.com\/fr\/wp-json\/wp\/v2\/types\/product"}],"version-history":[{"count":8,"href":"https:\/\/jblstainless.com\/fr\/wp-json\/wp\/v2\/product\/1884\/revisions"}],"predecessor-version":[{"id":1892,"href":"https:\/\/jblstainless.com\/fr\/wp-json\/wp\/v2\/product\/1884\/revisions\/1892"}],"wp:featuredmedia":[{"embeddable":true,"href":"https:\/\/jblstainless.com\/fr\/wp-json\/wp\/v2\/media\/1473"}],"wp:attachment":[{"href":"https:\/\/jblstainless.com\/fr\/wp-json\/wp\/v2\/media?parent=1884"}],"wp:term":[{"taxonomy":"product_brand","embeddable":true,"href":"https:\/\/jblstainless.com\/fr\/wp-json\/wp\/v2\/product_brand?post=1884"},{"taxonomy":"product_cat","embeddable":true,"href":"https:\/\/jblstainless.com\/fr\/wp-json\/wp\/v2\/product_cat?post=1884"},{"taxonomy":"product_tag","embeddable":true,"href":"https:\/\/jblstainless.com\/fr\/wp-json\/wp\/v2\/product_tag?post=1884"}],"curies":[{"name":"wp","href":"https:\/\/api.w.org\/{rel}","templated":true}]}}