{"id":2144,"date":"2025-08-18T17:33:18","date_gmt":"2025-08-18T09:33:18","guid":{"rendered":"https:\/\/jblstainless.com\/?post_type=product&#038;p=2144"},"modified":"2025-08-18T17:39:02","modified_gmt":"2025-08-18T09:39:02","slug":"bobine-dacier-inoxydable-430","status":"publish","type":"product","link":"https:\/\/jblstainless.com\/fr\/430-stainless-steel-coil\/","title":{"rendered":"Bobine d'acier inoxydable 430"},"content":{"rendered":"<div data-elementor-type=\"product-post\" data-elementor-id=\"2144\" class=\"elementor elementor-2144\" data-elementor-post-type=\"product\">\n\t\t\t\t<div class=\"elementor-element elementor-element-e9571e6 e-con-full e-flex e-con e-parent\" data-id=\"e9571e6\" data-element_type=\"container\" data-e-type=\"container\">\n\t\t\t\t<div class=\"elementor-element elementor-element-92233e6 elementor-widget-tablet__width-auto elementor-widget elementor-widget-text-editor\" data-id=\"92233e6\" data-element_type=\"widget\" data-e-type=\"widget\" data-widget_type=\"text-editor.default\">\n\t\t\t\t<div class=\"elementor-widget-container\">\n\t\t\t\t\t\t\t\t\t<p>La bobine d'acier inoxydable 430 est un alliage ferritique polyvalent connu pour son excellente r\u00e9sistance \u00e0 la corrosion et sa bonne aptitude au formage. Avec des performances sup\u00e9rieures dans les environnements mod\u00e9r\u00e9ment corrosifs, il constitue une alternative \u00e9conomique aux aciers inoxydables de qualit\u00e9 sup\u00e9rieure pour les applications int\u00e9rieures et douces. L'acier inoxydable 430 est naturellement magn\u00e9tique, offre une r\u00e9sistance \u00e0 la chaleur et une stabilit\u00e9 structurelle pour les appareils de cuisine et les panneaux d\u00e9coratifs.<\/p><p>L'acier inoxydable 430 est un acier inoxydable ferritique (grade de chrome droit) avec une structure de r\u00e9seau cubique centr\u00e9 et est donc magn\u00e9tique, contrairement \u00e0 l'acier inoxydable aust\u00e9nitique 304\/316.<\/p>\t\t\t\t\t\t\t\t<\/div>\n\t\t\t\t<\/div>\n\t\t\t\t<\/div>\n\t\t<div class=\"elementor-element elementor-element-ac61458 e-con-full e-flex e-con e-parent\" data-id=\"ac61458\" data-element_type=\"container\" data-e-type=\"container\">\n\t\t\t\t<div class=\"elementor-element elementor-element-1223a04 elementor-widget-tablet__width-auto elementor-widget elementor-widget-heading\" data-id=\"1223a04\" data-element_type=\"widget\" data-e-type=\"widget\" data-widget_type=\"heading.default\">\n\t\t\t\t<div class=\"elementor-widget-container\">\n\t\t\t\t\t<h2 class=\"elementor-heading-title elementor-size-default\">Sp\u00e9cification des bobines d'acier inoxydable 430<\/h2>\t\t\t\t<\/div>\n\t\t\t\t<\/div>\n\t\t\t\t<div class=\"elementor-element elementor-element-26814b8 elementor-widget-tablet__width-auto elementor-widget elementor-widget-text-editor\" data-id=\"26814b8\" data-element_type=\"widget\" data-e-type=\"widget\" data-widget_type=\"text-editor.default\">\n\t\t\t\t<div class=\"elementor-widget-container\">\n\t\t\t\t\t\t\t\t\t<table><tbody><tr><td>Objet<\/td><td>Bobine d'acier inoxydable 430<\/td><\/tr><tr><td>Notes<\/td><td>430\/1.4016\/SUS430<\/td><\/tr><tr><td>\u00c9paisseur<\/td><td>0,02mm-6,0mm<\/td><\/tr><tr><td>Largeur<\/td><td>1.0mm-1500mm<\/td><\/tr><tr><td>Bord<\/td><td>Fente \/ Broyage<\/td><\/tr><tr><td>Finition de la surface<\/td><td>NO.1, 2B, 8K, HL, BA, NO.4, NO.3, ou selon les besoins<\/td><\/tr><tr><td>Emballage<\/td><td>Paquet standard Seaworty<br \/>Palette en bois\/caisse en bois, ou selon les besoins<\/td><\/tr><tr><td>Port d'embarquement<\/td><td>Shanghai\/Tianjin\/Qingdao, ou selon les besoins<\/td><\/tr><tr><td>Exemple de service<\/td><td>Les \u00e9chantillons de bobines d'acier inoxydable 430 sont disponibles.<\/td><\/tr><\/tbody><\/table>\t\t\t\t\t\t\t\t<\/div>\n\t\t\t\t<\/div>\n\t\t\t\t<\/div>\n\t\t<div class=\"elementor-element elementor-element-914a91d e-con-full e-flex e-con e-parent\" data-id=\"914a91d\" data-element_type=\"container\" data-e-type=\"container\">\n\t\t\t\t<div class=\"elementor-element elementor-element-0c78996 elementor-arrows-position-inside elementor-pagination-position-outside elementor-widget elementor-widget-image-carousel\" data-id=\"0c78996\" data-element_type=\"widget\" data-e-type=\"widget\" data-settings=\"{&quot;slides_to_show&quot;:&quot;3&quot;,&quot;slides_to_scroll&quot;:&quot;1&quot;,&quot;navigation&quot;:&quot;both&quot;,&quot;autoplay&quot;:&quot;yes&quot;,&quot;pause_on_hover&quot;:&quot;yes&quot;,&quot;pause_on_interaction&quot;:&quot;yes&quot;,&quot;autoplay_speed&quot;:5000,&quot;infinite&quot;:&quot;yes&quot;,&quot;speed&quot;:500}\" data-widget_type=\"image-carousel.default\">\n\t\t\t\t<div class=\"elementor-widget-container\">\n\t\t\t\t\t\t\t<div class=\"elementor-image-carousel-wrapper swiper\" role=\"region\" aria-roledescription=\"carousel\" aria-label=\"Carrousel d&#039;images\" dir=\"ltr\">\n\t\t\t<div class=\"elementor-image-carousel swiper-wrapper\" aria-live=\"off\">\n\t\t\t\t\t\t\t\t<div class=\"swiper-slide\" role=\"group\" aria-roledescription=\"slide\" aria-label=\"1 de 5\"><figure class=\"swiper-slide-inner\"><img decoding=\"async\" class=\"swiper-slide-image\" src=\"https:\/\/jblstainless.com\/wp-content\/uploads\/2025\/07\/1.4016-stainless-steel-plate.webp\" alt=\"Plaque en acier inoxydable 430\" \/><\/figure><\/div><div class=\"swiper-slide\" role=\"group\" aria-roledescription=\"slide\" aria-label=\"2 sur 5\"><figure class=\"swiper-slide-inner\"><img decoding=\"async\" class=\"swiper-slide-image\" src=\"https:\/\/jblstainless.com\/wp-content\/uploads\/2025\/08\/stainless-coil.webp\" alt=\"bobine en acier inoxydable\" \/><\/figure><\/div><div class=\"swiper-slide\" role=\"group\" aria-roledescription=\"slide\" aria-label=\"3 sur 5\"><figure class=\"swiper-slide-inner\"><img decoding=\"async\" class=\"swiper-slide-image\" src=\"https:\/\/jblstainless.com\/wp-content\/uploads\/2025\/08\/430-stainless-steel-coil.webp\" alt=\"Bobine d&#039;acier inoxydable 430\" \/><\/figure><\/div><div class=\"swiper-slide\" role=\"group\" aria-roledescription=\"slide\" aria-label=\"4 sur 5\"><figure class=\"swiper-slide-inner\"><img decoding=\"async\" class=\"swiper-slide-image\" src=\"https:\/\/jblstainless.com\/wp-content\/uploads\/2025\/08\/stainless-steel-coil.webp\" alt=\"bobine ss 430\" \/><\/figure><\/div><div class=\"swiper-slide\" role=\"group\" aria-roledescription=\"slide\" aria-label=\"5 sur 5\"><figure class=\"swiper-slide-inner\"><img decoding=\"async\" class=\"swiper-slide-image\" src=\"https:\/\/jblstainless.com\/wp-content\/uploads\/2025\/07\/plate-steel.webp\" alt=\"plaque en acier inoxydable\" \/><\/figure><\/div>\t\t\t<\/div>\n\t\t\t\t\t\t\t\t\t\t\t\t<div class=\"elementor-swiper-button elementor-swiper-button-prev\" role=\"button\" tabindex=\"0\">\n\t\t\t\t\t\t<svg aria-hidden=\"true\" class=\"e-font-icon-svg e-eicon-chevron-left\" viewbox=\"0 0 1000 1000\" xmlns=\"http:\/\/www.w3.org\/2000\/svg\"><path d=\"M646 125C629 125 613 133 604 142L308 442C296 454 292 471 292 487 292 504 296 521 308 533L604 854C617 867 629 875 646 875 663 875 679 871 692 858 704 846 713 829 713 812 713 796 708 779 692 767L438 487 692 225C700 217 708 204 708 187 708 171 704 154 692 142 675 129 663 125 646 125Z\"><\/path><\/svg>\t\t\t\t\t<\/div>\n\t\t\t\t\t<div class=\"elementor-swiper-button elementor-swiper-button-next\" role=\"button\" tabindex=\"0\">\n\t\t\t\t\t\t<svg aria-hidden=\"true\" class=\"e-font-icon-svg e-eicon-chevron-right\" viewbox=\"0 0 1000 1000\" xmlns=\"http:\/\/www.w3.org\/2000\/svg\"><path d=\"M696 533C708 521 713 504 713 487 713 471 708 454 696 446L400 146C388 133 375 125 354 125 338 125 325 129 313 142 300 154 292 171 292 187 292 204 296 221 308 233L563 492 304 771C292 783 288 800 288 817 288 833 296 850 308 863 321 871 338 875 354 875 371 875 388 867 400 854L696 533Z\"><\/path><\/svg>\t\t\t\t\t<\/div>\n\t\t\t\t\n\t\t\t\t\t\t\t\t\t<div class=\"swiper-pagination\"><\/div>\n\t\t\t\t\t\t\t\t\t<\/div>\n\t\t\t\t\t\t<\/div>\n\t\t\t\t<\/div>\n\t\t\t\t<\/div>\n\t\t<div class=\"elementor-element elementor-element-3dd92e5 e-con-full e-flex e-con e-parent\" data-id=\"3dd92e5\" data-element_type=\"container\" data-e-type=\"container\">\n\t\t\t\t<div class=\"elementor-element elementor-element-38e9ae7 elementor-widget-tablet__width-auto elementor-widget elementor-widget-heading\" data-id=\"38e9ae7\" data-element_type=\"widget\" data-e-type=\"widget\" data-widget_type=\"heading.default\">\n\t\t\t\t<div class=\"elementor-widget-container\">\n\t\t\t\t\t<h3 class=\"elementor-heading-title elementor-size-default\">Composition chimique de l'acier inoxydable 430\n<\/h3>\t\t\t\t<\/div>\n\t\t\t\t<\/div>\n\t\t\t\t<div class=\"elementor-element elementor-element-5434fe3 elementor-widget-tablet__width-auto elementor-widget elementor-widget-text-editor\" data-id=\"5434fe3\" data-element_type=\"widget\" data-e-type=\"widget\" data-widget_type=\"text-editor.default\">\n\t\t\t\t<div class=\"elementor-widget-container\">\n\t\t\t\t\t\t\t\t\t<table><tbody><tr><td>Standard<\/td><td colspan=\"2\" rowspan=\"1\">Grade<\/td><td>C<\/td><td>Mn<\/td><td>P<\/td><td>S<\/td><td>Si<\/td><td>Cr<\/td><td>Ni<\/td><td>N<\/td><td>Fe<\/td><\/tr><tr><td rowspan=\"2\">ASTM<br \/>A240<\/td><td rowspan=\"2\">430<\/td><td>MIN<\/td><td>-<\/td><td>-<\/td><td>-<\/td><td>-<\/td><td>-<\/td><td>16.0<\/td><td>-<\/td><td>-<\/td><td>-<\/td><\/tr><tr><td>MAX<\/td><td>0.12<\/td><td>1.0<\/td><td>0.040<\/td><td>0.030<\/td><td>1.00<\/td><td>18.0<\/td><td>0.75<\/td><td>-<\/td><td>BAL<\/td><\/tr><\/tbody><\/table>\t\t\t\t\t\t\t\t<\/div>\n\t\t\t\t<\/div>\n\t\t\t\t<\/div>\n\t\t<div class=\"elementor-element elementor-element-43dc4b5 e-con-full e-flex e-con e-parent\" data-id=\"43dc4b5\" data-element_type=\"container\" data-e-type=\"container\">\n\t\t\t\t<div class=\"elementor-element elementor-element-6cfbe7b elementor-widget-tablet__width-auto elementor-widget elementor-widget-heading\" data-id=\"6cfbe7b\" data-element_type=\"widget\" data-e-type=\"widget\" data-widget_type=\"heading.default\">\n\t\t\t\t<div class=\"elementor-widget-container\">\n\t\t\t\t\t<h3 class=\"elementor-heading-title elementor-size-default\">Propri\u00e9t\u00e9s m\u00e9caniques\n<\/h3>\t\t\t\t<\/div>\n\t\t\t\t<\/div>\n\t\t\t\t<div class=\"elementor-element elementor-element-2f57960 elementor-widget-tablet__width-auto elementor-widget elementor-widget-text-editor\" data-id=\"2f57960\" data-element_type=\"widget\" data-e-type=\"widget\" data-widget_type=\"text-editor.default\">\n\t\t\t\t<div class=\"elementor-widget-container\">\n\t\t\t\t\t\t\t\t\t<table><tbody><tr><td>Standard<\/td><td>Condition<\/td><td>R\u00e9sistance \u00e0 la traction <br \/>Min (UTS)<\/td><td>0,2% YS Min<\/td><td>Allongement% en 2\" Min <br \/>(50,8 mm)<\/td><td>Duret\u00e9<br \/>\u00a0Rockwell<\/td><\/tr><tr><td>ASTM A240<\/td><td>Recuit (Min)<\/td><td>65 ksi <br \/>(450 MPa)<\/td><td>30 ksi <br \/>(205 MPa)<\/td><td>22%<\/td><td>89 HBW (Max)<\/td><\/tr><\/tbody><\/table>\t\t\t\t\t\t\t\t<\/div>\n\t\t\t\t<\/div>\n\t\t\t\t<\/div>\n\t\t<div class=\"elementor-element elementor-element-258365c e-con-full e-flex e-con e-parent\" data-id=\"258365c\" data-element_type=\"container\" data-e-type=\"container\">\n\t\t\t\t<div class=\"elementor-element elementor-element-535a8d7 elementor-widget-tablet__width-auto elementor-widget elementor-widget-heading\" data-id=\"535a8d7\" data-element_type=\"widget\" data-e-type=\"widget\" data-widget_type=\"heading.default\">\n\t\t\t\t<div class=\"elementor-widget-container\">\n\t\t\t\t\t<h3 class=\"elementor-heading-title elementor-size-default\">R\u00e9sistance \u00e0 la corrosion et adaptabilit\u00e9 \u00e0 l'environnement \n<\/h3>\t\t\t\t<\/div>\n\t\t\t\t<\/div>\n\t\t\t\t<div class=\"elementor-element elementor-element-4a4578f elementor-widget-tablet__width-auto elementor-widget elementor-widget-text-editor\" data-id=\"4a4578f\" data-element_type=\"widget\" data-e-type=\"widget\" data-widget_type=\"text-editor.default\">\n\t\t\t\t<div class=\"elementor-widget-container\">\n\t\t\t\t\t\t\t\t\t<ul><li>R\u00e9sistant \u00e0 la corrosion atmosph\u00e9rique, \u00e0 l'eau douce, \u00e0 la vapeur, aux acides organiques et \u00e0 l'acide nitrique (surtout apr\u00e8s polissage de la surface).<\/li><li>R\u00e9sistance \u00e0 la corrosion fissurante sup\u00e9rieure \u00e0 celle de l'acier inoxydable 304.<\/li><li>R\u00e9sistance \u00e0 l'oxydation \u00e0 haute temp\u00e9rature : utilisation intermittente \u2264 870\u00b0C, utilisation continue \u2264 815\u00b0C.<\/li><\/ul>\t\t\t\t\t\t\t\t<\/div>\n\t\t\t\t<\/div>\n\t\t\t\t<div class=\"elementor-element elementor-element-7d0da36 elementor-widget-tablet__width-auto elementor-widget elementor-widget-text-editor\" data-id=\"7d0da36\" data-element_type=\"widget\" data-e-type=\"widget\" data-widget_type=\"text-editor.default\">\n\t\t\t\t<div class=\"elementor-widget-container\">\n\t\t\t\t\t\t\t\t\t<p><strong>Limites :\u00a0\u00a0<\/strong><\/p><ul><li>Sensible \u00e0 la corrosion par piq\u00fbres et crevasses dans les environnements chlor\u00e9s (par exemple l'eau de mer) ou \u00e0 faible pH.<\/li><li>Peut se fragiliser en cas d'exposition prolong\u00e9e \u00e0 400-600\u00b0C, doit \u00eatre recuit pour restaurer la t\u00e9nacit\u00e9.<\/li><\/ul>\t\t\t\t\t\t\t\t<\/div>\n\t\t\t\t<\/div>\n\t\t\t\t<\/div>\n\t\t<div class=\"elementor-element elementor-element-4102a8f e-con-full e-flex e-con e-parent\" data-id=\"4102a8f\" data-element_type=\"container\" data-e-type=\"container\">\n\t\t\t\t<div class=\"elementor-element elementor-element-8a7cff4 elementor-widget-tablet__width-auto elementor-widget elementor-widget-heading\" data-id=\"8a7cff4\" data-element_type=\"widget\" data-e-type=\"widget\" data-widget_type=\"heading.default\">\n\t\t\t\t<div class=\"elementor-widget-container\">\n\t\t\t\t\t<h3 class=\"elementor-heading-title elementor-size-default\">Ferritique et magn\u00e9tique<\/h3>\t\t\t\t<\/div>\n\t\t\t\t<\/div>\n\t\t\t\t<div class=\"elementor-element elementor-element-4929530 elementor-widget-tablet__width-auto elementor-widget elementor-widget-text-editor\" data-id=\"4929530\" data-element_type=\"widget\" data-e-type=\"widget\" data-widget_type=\"text-editor.default\">\n\t\t\t\t<div class=\"elementor-widget-container\">\n\t\t\t\t\t\t\t\t\t<p>Le grade 430 appartient \u00e0 la famille des aciers inoxydables ferritiques, contenant environ 17% de chrome, avec un magn\u00e9tisme naturel et une excellente r\u00e9sistance \u00e0 la corrosion.<\/p>\t\t\t\t\t\t\t\t<\/div>\n\t\t\t\t<\/div>\n\t\t\t\t<\/div>\n\t\t<div class=\"elementor-element elementor-element-7e13152 e-con-full e-flex e-con e-parent\" data-id=\"7e13152\" data-element_type=\"container\" data-e-type=\"container\">\n\t\t\t\t<div class=\"elementor-element elementor-element-f160cf7 elementor-widget-tablet__width-auto elementor-widget elementor-widget-heading\" data-id=\"f160cf7\" data-element_type=\"widget\" data-e-type=\"widget\" data-widget_type=\"heading.default\">\n\t\t\t\t<div class=\"elementor-widget-container\">\n\t\t\t\t\t<h3 class=\"elementor-heading-title elementor-size-default\">R\u00e9sistance \u00e0 la chaleur<\/h3>\t\t\t\t<\/div>\n\t\t\t\t<\/div>\n\t\t\t\t<div class=\"elementor-element elementor-element-512a3fb elementor-widget-tablet__width-auto elementor-widget elementor-widget-text-editor\" data-id=\"512a3fb\" data-element_type=\"widget\" data-e-type=\"widget\" data-widget_type=\"text-editor.default\">\n\t\t\t\t<div class=\"elementor-widget-container\">\n\t\t\t\t\t\t\t\t\t<p>Dilatation thermique inf\u00e9rieure \u00e0 celle de 304 et grande stabilit\u00e9 \u00e0 l'oxydation. Convient \u00e0 la fabrication de composants r\u00e9sistants \u00e0 la chaleur (par exemple, raccords de fours, tubes de chaudi\u00e8res).<\/p>\t\t\t\t\t\t\t\t<\/div>\n\t\t\t\t<\/div>\n\t\t\t\t<\/div>\n\t\t<div class=\"elementor-element elementor-element-f19096a e-con-full e-flex e-con e-parent\" data-id=\"f19096a\" data-element_type=\"container\" data-e-type=\"container\">\n\t\t\t\t<div class=\"elementor-element elementor-element-75b5b8d elementor-widget-tablet__width-auto elementor-widget elementor-widget-heading\" data-id=\"75b5b8d\" data-element_type=\"widget\" data-e-type=\"widget\" data-widget_type=\"heading.default\">\n\t\t\t\t<div class=\"elementor-widget-container\">\n\t\t\t\t\t<h3 class=\"elementor-heading-title elementor-size-default\">Bonne formabilit\u00e9\n<\/h3>\t\t\t\t<\/div>\n\t\t\t\t<\/div>\n\t\t\t\t<div class=\"elementor-element elementor-element-8540300 elementor-widget-tablet__width-auto elementor-widget elementor-widget-text-editor\" data-id=\"8540300\" data-element_type=\"widget\" data-e-type=\"widget\" data-widget_type=\"text-editor.default\">\n\t\t\t\t<div class=\"elementor-widget-container\">\n\t\t\t\t\t\t\t\t\t<p>Excellentes propri\u00e9t\u00e9s d'emboutissage et de formage \u00e0 froid (similaires \u00e0 celles de 304), pouvant former des structures complexes avec peu de d\u00e9formation apr\u00e8s soudage.<\/p>\t\t\t\t\t\t\t\t<\/div>\n\t\t\t\t<\/div>\n\t\t\t\t<\/div>\n\t\t<div class=\"elementor-element elementor-element-7f5e158 e-con-full e-flex e-con e-parent\" data-id=\"7f5e158\" data-element_type=\"container\" data-e-type=\"container\">\n\t\t\t\t<div class=\"elementor-element elementor-element-e9cb984 elementor-widget-tablet__width-auto elementor-widget elementor-widget-heading\" data-id=\"e9cb984\" data-element_type=\"widget\" data-e-type=\"widget\" data-widget_type=\"heading.default\">\n\t\t\t\t<div class=\"elementor-widget-container\">\n\t\t\t\t\t<h3 class=\"elementor-heading-title elementor-size-default\">Finitions de surface polies<\/h3>\t\t\t\t<\/div>\n\t\t\t\t<\/div>\n\t\t\t\t<div class=\"elementor-element elementor-element-5307f58 elementor-widget-tablet__width-auto elementor-widget elementor-widget-text-editor\" data-id=\"5307f58\" data-element_type=\"widget\" data-e-type=\"widget\" data-widget_type=\"text-editor.default\">\n\t\t\t\t<div class=\"elementor-widget-container\">\n\t\t\t\t\t\t\t\t\t<p>Les surfaces brillantes et bross\u00e9es (2B, No.4, HL, BA, miroir, etc.) peuvent \u00eatre appliqu\u00e9es pour un aspect lisse et beau.<\/p>\t\t\t\t\t\t\t\t<\/div>\n\t\t\t\t<\/div>\n\t\t\t\t<\/div>\n\t\t<div class=\"elementor-element elementor-element-9a3b19a e-con-full e-flex e-con e-parent\" data-id=\"9a3b19a\" data-element_type=\"container\" data-e-type=\"container\">\n\t\t\t\t<div class=\"elementor-element elementor-element-0e44de5 elementor-widget-tablet__width-auto elementor-widget elementor-widget-image\" data-id=\"0e44de5\" data-element_type=\"widget\" data-e-type=\"widget\" data-widget_type=\"image.default\">\n\t\t\t\t<div class=\"elementor-widget-container\">\n\t\t\t\t\t\t\t\t\t\t\t\t\t\t\t<img fetchpriority=\"high\" decoding=\"async\" width=\"800\" height=\"394\" src=\"https:\/\/jblstainless.com\/wp-content\/uploads\/2025\/04\/stainless-steel-pipe-surface-treatment.webp\" class=\"attachment-large size-large wp-image-1357\" alt=\"Tube en acier inoxydable 420\" srcset=\"https:\/\/jblstainless.com\/wp-content\/uploads\/2025\/04\/stainless-steel-pipe-surface-treatment.webp 1000w, https:\/\/jblstainless.com\/wp-content\/uploads\/2025\/04\/stainless-steel-pipe-surface-treatment-300x148.webp 300w, https:\/\/jblstainless.com\/wp-content\/uploads\/2025\/04\/stainless-steel-pipe-surface-treatment-768x379.webp 768w, https:\/\/jblstainless.com\/wp-content\/uploads\/2025\/04\/stainless-steel-pipe-surface-treatment-18x9.webp 18w, https:\/\/jblstainless.com\/wp-content\/uploads\/2025\/04\/stainless-steel-pipe-surface-treatment-600x296.webp 600w\" sizes=\"(max-width: 800px) 100vw, 800px\" \/>\t\t\t\t\t\t\t\t\t\t\t\t\t\t\t<\/div>\n\t\t\t\t<\/div>\n\t\t\t\t<\/div>\n\t\t<div class=\"elementor-element elementor-element-816af36 e-con-full e-flex e-con e-parent\" data-id=\"816af36\" data-element_type=\"container\" data-e-type=\"container\">\n\t\t\t\t<div class=\"elementor-element elementor-element-aab46de elementor-widget-tablet__width-auto elementor-widget elementor-widget-heading\" data-id=\"aab46de\" data-element_type=\"widget\" data-e-type=\"widget\" data-widget_type=\"heading.default\">\n\t\t\t\t<div class=\"elementor-widget-container\">\n\t\t\t\t\t<h3 class=\"elementor-heading-title elementor-size-default\">Economique<\/h3>\t\t\t\t<\/div>\n\t\t\t\t<\/div>\n\t\t\t\t<div class=\"elementor-element elementor-element-0559ba5 elementor-widget-tablet__width-auto elementor-widget elementor-widget-text-editor\" data-id=\"0559ba5\" data-element_type=\"widget\" data-e-type=\"widget\" data-widget_type=\"text-editor.default\">\n\t\t\t\t<div class=\"elementor-widget-container\">\n\t\t\t\t\t\t\t\t\t<p>Sans nickel ou \u00e0 faible teneur en nickel, nettement moins cher que le 304\/316 ; offre les performances requises dans les environnements doux, ce qui en fait une solution id\u00e9ale ax\u00e9e sur les co\u00fbts.<\/p>\t\t\t\t\t\t\t\t<\/div>\n\t\t\t\t<\/div>\n\t\t\t\t<\/div>\n\t\t<div class=\"elementor-element elementor-element-6369e97 e-con-full e-flex e-con e-parent\" data-id=\"6369e97\" data-element_type=\"container\" data-e-type=\"container\">\n\t\t\t\t<div class=\"elementor-element elementor-element-2b96fa6 elementor-widget-tablet__width-auto elementor-widget elementor-widget-heading\" data-id=\"2b96fa6\" data-element_type=\"widget\" data-e-type=\"widget\" data-widget_type=\"heading.default\">\n\t\t\t\t<div class=\"elementor-widget-container\">\n\t\t\t\t\t<h2 class=\"elementor-heading-title elementor-size-default\">Par rapport aux autres aciers inoxydables<\/h2>\t\t\t\t<\/div>\n\t\t\t\t<\/div>\n\t\t\t\t<div class=\"elementor-element elementor-element-5186363 elementor-widget-tablet__width-auto elementor-widget elementor-widget-text-editor\" data-id=\"5186363\" data-element_type=\"widget\" data-e-type=\"widget\" data-widget_type=\"text-editor.default\">\n\t\t\t\t<div class=\"elementor-widget-container\">\n\t\t\t\t\t\t\t\t\t<p><strong>Acier inoxydable 430 vs. <span style=\"text-decoration: underline;\"><a href=\"https:\/\/jblstainless.com\/fr\/tube-en-acier-inoxydable-304-sans-soudure\/\" target=\"_blank\" rel=\"noopener\">304<\/a><\/span>:<\/strong><\/p><ul><li>Le 430 est moins cher (sans nickel\/\u00e0 faible teneur en nickel) et plus magn\u00e9tique, mais il est moins r\u00e9sistant \u00e0 la corrosion (en particulier dans les environnements chlor\u00e9s).<\/li><li>Le 430 est plus dur mais moins ductile et moins soudable.<\/li><\/ul>\t\t\t\t\t\t\t\t<\/div>\n\t\t\t\t<\/div>\n\t\t\t\t<div class=\"elementor-element elementor-element-9f9d2cf elementor-widget-tablet__width-auto elementor-widget elementor-widget-text-editor\" data-id=\"9f9d2cf\" data-element_type=\"widget\" data-e-type=\"widget\" data-widget_type=\"text-editor.default\">\n\t\t\t\t<div class=\"elementor-widget-container\">\n\t\t\t\t\t\t\t\t\t<p><strong>Acier inoxydable 430 vs. <a href=\"https:\/\/jblstainless.com\/fr\/tube-en-acier-inoxydable-316-sans-soudure\/\" target=\"_blank\" rel=\"noopener\"><span style=\"text-decoration: underline;\">316<\/span><\/a><\/strong><\/p><p>La r\u00e9sistance \u00e0 la corrosion du 430 est beaucoup plus faible que celle du 316, et ne convient pas aux environnements marins ou hautement corrosifs. Dans les environnements \u00e0 haute temp\u00e9rature \u00e0 long terme, il faut recuire p\u00e9riodiquement.<\/p>\t\t\t\t\t\t\t\t<\/div>\n\t\t\t\t<\/div>\n\t\t\t\t<\/div>\n\t\t\t\t<\/div>","protected":false},"excerpt":{"rendered":"<p>L'acier inoxydable 430 est un acier inoxydable ferritique (grade de chrome droit) avec une structure de r\u00e9seau cubique centr\u00e9 et est donc magn\u00e9tique, contrairement \u00e0 l'acier inoxydable aust\u00e9nitique 304\/316.<\/p>\n<p>La bobine d'acier inoxydable 430 est un alliage ferritique polyvalent connu pour son excellente r\u00e9sistance \u00e0 la corrosion et sa bonne formabilit\u00e9, offrant une polissabilit\u00e9 et une r\u00e9sistance \u00e0 la chaleur sup\u00e9rieures.<\/p>\n<p>Les bobines d'acier inoxydable 430 sont disponibles dans une large gamme d'\u00e9paisseurs et de largeurs, les longueurs peuvent \u00eatre personnalis\u00e9es.<\/p>\n<p>&nbsp;<\/p>","protected":false},"featured_media":2149,"template":"","meta":{"_eb_attr":""},"product_brand":[],"product_cat":[40],"product_tag":[],"class_list":{"0":"post-2144","1":"product","2":"type-product","3":"status-publish","4":"has-post-thumbnail","6":"product_cat-stainless-steel-plate-coil","8":"first","9":"instock","10":"shipping-taxable","11":"product-type-simple"},"_links":{"self":[{"href":"https:\/\/jblstainless.com\/fr\/wp-json\/wp\/v2\/product\/2144","targetHints":{"allow":["GET"]}}],"collection":[{"href":"https:\/\/jblstainless.com\/fr\/wp-json\/wp\/v2\/product"}],"about":[{"href":"https:\/\/jblstainless.com\/fr\/wp-json\/wp\/v2\/types\/product"}],"version-history":[{"count":7,"href":"https:\/\/jblstainless.com\/fr\/wp-json\/wp\/v2\/product\/2144\/revisions"}],"predecessor-version":[{"id":2155,"href":"https:\/\/jblstainless.com\/fr\/wp-json\/wp\/v2\/product\/2144\/revisions\/2155"}],"wp:featuredmedia":[{"embeddable":true,"href":"https:\/\/jblstainless.com\/fr\/wp-json\/wp\/v2\/media\/2149"}],"wp:attachment":[{"href":"https:\/\/jblstainless.com\/fr\/wp-json\/wp\/v2\/media?parent=2144"}],"wp:term":[{"taxonomy":"product_brand","embeddable":true,"href":"https:\/\/jblstainless.com\/fr\/wp-json\/wp\/v2\/product_brand?post=2144"},{"taxonomy":"product_cat","embeddable":true,"href":"https:\/\/jblstainless.com\/fr\/wp-json\/wp\/v2\/product_cat?post=2144"},{"taxonomy":"product_tag","embeddable":true,"href":"https:\/\/jblstainless.com\/fr\/wp-json\/wp\/v2\/product_tag?post=2144"}],"curies":[{"name":"wp","href":"https:\/\/api.w.org\/{rel}","templated":true}]}}