{"id":2401,"date":"2025-12-01T16:52:25","date_gmt":"2025-12-01T08:52:25","guid":{"rendered":"https:\/\/jblstainless.com\/?post_type=product&#038;p=2401"},"modified":"2025-12-01T16:55:07","modified_gmt":"2025-12-01T08:55:07","slug":"tube-sans-soudure-en-acier-inoxydable-201","status":"publish","type":"product","link":"https:\/\/jblstainless.com\/fr\/201-stainless-steel-seamless-pipe\/","title":{"rendered":"Tuyau sans soudure en acier inoxydable 201"},"content":{"rendered":"<div data-elementor-type=\"product-post\" data-elementor-id=\"2401\" class=\"elementor elementor-2401\" data-elementor-post-type=\"product\">\n\t\t\t\t<div class=\"elementor-element elementor-element-14549ad e-flex e-con-boxed e-con e-parent\" data-id=\"14549ad\" data-element_type=\"container\" data-e-type=\"container\">\n\t\t\t\t\t<div class=\"e-con-inner\">\n\t\t\t\t<div class=\"elementor-element elementor-element-d6103e7 elementor-widget elementor-widget-text-editor\" data-id=\"d6103e7\" data-element_type=\"widget\" data-e-type=\"widget\" data-widget_type=\"text-editor.default\">\n\t\t\t\t<div class=\"elementor-widget-container\">\n\t\t\t\t\t\t\t\t\t<p>Le tube sans soudure en acier inoxydable 201 est un tube en acier inoxydable aust\u00e9nitique \u00e0 faible teneur en nickel, connu pour son faible co\u00fbt et sa grande r\u00e9sistance \u00e0 la corrosion, adapt\u00e9 aux environnements \u00e0 faible et moyenne corrosion.<\/p><p>L'acier inoxydable 201 appartient \u00e0 la s\u00e9rie des aciers inoxydables aust\u00e9nitiques Cr-Ni-Mn. L'ajout de mangan\u00e8se (Mn) et d'azote (N) en remplacement du nickel (Ni) permet de maintenir la stabilit\u00e9 de la structure aust\u00e9nitique tout en r\u00e9duisant les co\u00fbts. Il offre \u00e9galement une bonne\u00a0<span style=\"font-size: 1rem;\">r\u00e9sistance \u00e0 la corrosion, haute r\u00e9sistance et bonne usinabilit\u00e9, ce qui le rend adapt\u00e9 aux environnements \u00e0 haute temp\u00e9rature et \u00e0 haute pression.<\/span><\/p><p>JBLSTEEL est l'un des principaux fournisseurs et fabricants de tube en acier inoxydable 201 sans soudure. JBLSTEEL vend une large gamme de tube en acier inoxydable 210, y compris le tube rond, le tube carr\u00e9, le tube rectangulaire et le tube poli, etc.<\/p>\t\t\t\t\t\t\t\t<\/div>\n\t\t\t\t<\/div>\n\t\t\t\t\t<\/div>\n\t\t\t\t<\/div>\n\t\t<div class=\"elementor-element elementor-element-056cb9e e-flex e-con-boxed e-con e-parent\" data-id=\"056cb9e\" data-element_type=\"container\" data-e-type=\"container\">\n\t\t\t\t\t<div class=\"e-con-inner\">\n\t\t\t\t<div class=\"elementor-element elementor-element-f666f62 elementor-widget elementor-widget-image\" data-id=\"f666f62\" data-element_type=\"widget\" data-e-type=\"widget\" data-widget_type=\"image.default\">\n\t\t\t\t<div class=\"elementor-widget-container\">\n\t\t\t\t\t\t\t\t\t\t\t\t\t\t\t<img fetchpriority=\"high\" decoding=\"async\" width=\"600\" height=\"600\" src=\"https:\/\/jblstainless.com\/wp-content\/uploads\/2025\/03\/smls-pipe.webp\" class=\"attachment-large size-large wp-image-1297\" alt=\"Tuyau sans soudure en acier inoxydable 201\" srcset=\"https:\/\/jblstainless.com\/wp-content\/uploads\/2025\/03\/smls-pipe.webp 600w, https:\/\/jblstainless.com\/wp-content\/uploads\/2025\/03\/smls-pipe-300x300.webp 300w, https:\/\/jblstainless.com\/wp-content\/uploads\/2025\/03\/smls-pipe-150x150.webp 150w, https:\/\/jblstainless.com\/wp-content\/uploads\/2025\/03\/smls-pipe-12x12.webp 12w, https:\/\/jblstainless.com\/wp-content\/uploads\/2025\/03\/smls-pipe-100x100.webp 100w\" sizes=\"(max-width: 600px) 100vw, 600px\" \/>\t\t\t\t\t\t\t\t\t\t\t\t\t\t\t<\/div>\n\t\t\t\t<\/div>\n\t\t\t\t<div class=\"elementor-element elementor-element-216304d elementor-widget elementor-widget-image\" data-id=\"216304d\" data-element_type=\"widget\" data-e-type=\"widget\" data-widget_type=\"image.default\">\n\t\t\t\t<div class=\"elementor-widget-container\">\n\t\t\t\t\t\t\t\t\t\t\t\t\t\t\t<img decoding=\"async\" width=\"600\" height=\"600\" src=\"https:\/\/jblstainless.com\/wp-content\/uploads\/2025\/03\/steel-pipe-1.webp\" class=\"attachment-large size-large wp-image-1315\" alt=\"Tuyau en acier inoxydable 201\" srcset=\"https:\/\/jblstainless.com\/wp-content\/uploads\/2025\/03\/steel-pipe-1.webp 600w, https:\/\/jblstainless.com\/wp-content\/uploads\/2025\/03\/steel-pipe-1-300x300.webp 300w, https:\/\/jblstainless.com\/wp-content\/uploads\/2025\/03\/steel-pipe-1-150x150.webp 150w, https:\/\/jblstainless.com\/wp-content\/uploads\/2025\/03\/steel-pipe-1-12x12.webp 12w, https:\/\/jblstainless.com\/wp-content\/uploads\/2025\/03\/steel-pipe-1-100x100.webp 100w\" sizes=\"(max-width: 600px) 100vw, 600px\" \/>\t\t\t\t\t\t\t\t\t\t\t\t\t\t\t<\/div>\n\t\t\t\t<\/div>\n\t\t\t\t<div class=\"elementor-element elementor-element-88d3c70 elementor-widget elementor-widget-image\" data-id=\"88d3c70\" data-element_type=\"widget\" data-e-type=\"widget\" data-widget_type=\"image.default\">\n\t\t\t\t<div class=\"elementor-widget-container\">\n\t\t\t\t\t\t\t\t\t\t\t\t\t\t\t<img decoding=\"async\" width=\"600\" height=\"600\" src=\"https:\/\/jblstainless.com\/wp-content\/uploads\/2025\/03\/ss-round-pipe.webp\" class=\"attachment-large size-large wp-image-1314\" alt=\"Tuyau 201 ss\" srcset=\"https:\/\/jblstainless.com\/wp-content\/uploads\/2025\/03\/ss-round-pipe.webp 600w, https:\/\/jblstainless.com\/wp-content\/uploads\/2025\/03\/ss-round-pipe-300x300.webp 300w, https:\/\/jblstainless.com\/wp-content\/uploads\/2025\/03\/ss-round-pipe-150x150.webp 150w, https:\/\/jblstainless.com\/wp-content\/uploads\/2025\/03\/ss-round-pipe-12x12.webp 12w, https:\/\/jblstainless.com\/wp-content\/uploads\/2025\/03\/ss-round-pipe-100x100.webp 100w\" sizes=\"(max-width: 600px) 100vw, 600px\" \/>\t\t\t\t\t\t\t\t\t\t\t\t\t\t\t<\/div>\n\t\t\t\t<\/div>\n\t\t\t\t\t<\/div>\n\t\t\t\t<\/div>\n\t\t<div class=\"elementor-element elementor-element-505d026 e-flex e-con-boxed e-con e-parent\" data-id=\"505d026\" data-element_type=\"container\" data-e-type=\"container\">\n\t\t\t\t\t<div class=\"e-con-inner\">\n\t\t\t\t<div class=\"elementor-element elementor-element-363845b elementor-widget elementor-widget-heading\" data-id=\"363845b\" data-element_type=\"widget\" data-e-type=\"widget\" data-widget_type=\"heading.default\">\n\t\t\t\t<div class=\"elementor-widget-container\">\n\t\t\t\t\t<h2 class=\"elementor-heading-title elementor-size-default\">Sp\u00e9cification du tube sans soudure en acier inoxydable 201<\/h2>\t\t\t\t<\/div>\n\t\t\t\t<\/div>\n\t\t\t\t<div class=\"elementor-element elementor-element-f2f6183 elementor-widget elementor-widget-text-editor\" data-id=\"f2f6183\" data-element_type=\"widget\" data-e-type=\"widget\" data-widget_type=\"text-editor.default\">\n\t\t\t\t<div class=\"elementor-widget-container\">\n\t\t\t\t\t\t\t\t\t<table><tbody><tr><td>Standard<\/td><td>ASTM A213\/ASME SA213,ASTM A312\/ASME SA312<\/td><\/tr><tr><td>Taille<\/td><td>6 - 914mm<br \/>OD : DN6 - DN600<\/td><\/tr><tr><td>\u00c9paisseur de la paroi<\/td><td>0.020\u2033 -0.220\u2033, sur mesure<br \/>tol\u00e9rance : \u00b1 10%<\/td><\/tr><tr><td>Calendrier<\/td><td>SCH5, SCH10, SCH20, SCH40, SCH80, SCH160,XXS<\/td><\/tr><tr><td>Longueur<\/td><td>100 mm -12000 mm, ou selon les besoins<\/td><\/tr><tr><td>Traitement de surface<\/td><td>2B\/BA\/NO.4\/HL\/Miroir, etc.\u00a0<\/td><\/tr><\/tbody><\/table>\t\t\t\t\t\t\t\t<\/div>\n\t\t\t\t<\/div>\n\t\t\t\t\t<\/div>\n\t\t\t\t<\/div>\n\t\t<div class=\"elementor-element elementor-element-d95bfed e-flex e-con-boxed e-con e-parent\" data-id=\"d95bfed\" data-element_type=\"container\" data-e-type=\"container\">\n\t\t\t\t\t<div class=\"e-con-inner\">\n\t\t\t\t<div class=\"elementor-element elementor-element-8b3c66b elementor-widget elementor-widget-heading\" data-id=\"8b3c66b\" data-element_type=\"widget\" data-e-type=\"widget\" data-widget_type=\"heading.default\">\n\t\t\t\t<div class=\"elementor-widget-container\">\n\t\t\t\t\t<h3 class=\"elementor-heading-title elementor-size-default\">SS201 Taille du tube <\/h3>\t\t\t\t<\/div>\n\t\t\t\t<\/div>\n\t\t\t\t<div class=\"elementor-element elementor-element-2efa18f elementor-widget elementor-widget-text-editor\" data-id=\"2efa18f\" data-element_type=\"widget\" data-e-type=\"widget\" data-widget_type=\"text-editor.default\">\n\t\t\t\t<div class=\"elementor-widget-container\">\n\t\t\t\t\t\t\t\t\t<table><tbody><tr><th>1\/8\u2033 IPS(.405\u2033 O.D.)<\/th><th>3 1\/2\u2033 IPS( 4.000\u2033 O.D.)<\/th><\/tr><tr><td>SCH 40, 80<\/td><td>SCH 10, 40, 80, 160, XXH<\/td><\/tr><tr><th>1\/4\u2033 IPS(.540\u2033 O.D.)<\/th><th>4\u2033 IPS(4.500\u2033 O.D.)<\/th><\/tr><tr><td>SCH 10, 40, 80<\/td><td>SCH 10, 40, 80, 160, XXH<\/td><\/tr><tr><th>3\/8\u2033 IPS(.675\u2033 O.D.)<\/th><th>5\u2033 IPS( 5.563\u2033 O.D.)<\/th><\/tr><tr><td>SCH 10, 40, 80<\/td><td>SCH 10, 40, 80, 160, XXH<\/td><\/tr><tr><th>1\/2\u2033 IPS(.840\u2033 O.D.)<\/th><th>6\u2033 IPS(6.625\u2033 O.D.)<\/th><\/tr><tr><td>SCH 5, 10, 40, 80, 160, XXH<\/td><td>SCH 5, 10, 40, 80, 120, 160, XXH<\/td><\/tr><tr><th>3\/4\u2033 IPS(1.050\u2033 O.D.)<\/th><th>8 \u201d IPS(8.625\u2033 O.D.)<\/th><\/tr><tr><td>SCH 10, 40, 80, 160, XXH<\/td><td>SCH 5, 10, 40, 80, 120, 160, XXH<\/td><\/tr><tr><th>1\u2033 IPS :(1.315\u2032 O.D.)<\/th><th>10\u2033 IPS(10.750\u2033 O.D.)<\/th><\/tr><tr><td>SCH 5, 10, 40, 80, 160, XXH<\/td><td>SCH 10, 20, 40, 80 (.500), TRUE 80(.500)<\/td><\/tr><tr><th>1-1\/4\u2033 IPS(1.660\u2033 O.D.)<\/th><th>12\u2033 IPS(12.750\u2033 O.D.)<\/th><\/tr><tr><td>SCH 10, 40, 80, 160, XXH<\/td><td>SCH 10, 20, 40(.375), TRUE40(.406), SCH80(.500)<\/td><\/tr><tr><th>1-1\/2\u2033 IPS(1.900\u2033 O.D.)<\/th><th>14\u2033 IPS(14.000\u2033 O.D.)<\/th><\/tr><tr><td>SCH 10, 40, 80, 160, XXH<\/td><td>SCH10 (.188), SCH40 (.375)<\/td><\/tr><tr><th>2\u2033 IPS(2.375\u2033 O.D.)<\/th><th>16\u2033 IPS(16.000\u2033 O.D.)<\/th><\/tr><tr><td>SCH 10, 40, 80, 160, XXH<\/td><td>SCH10(.188), SCH40(.375)<\/td><\/tr><tr><th>2 1\/2\u2033 IPS(2.875\u2033 O.D.)<\/th><th>18\u2033 IPS (18.000\u2033 O.D.)<\/th><\/tr><tr><td>SCH 10, 40, 80, 160, XXH<\/td><td>SCH-40 (.375)<\/td><\/tr><tr><th>3\u2033 IPS( 3.500\u2033 O.D.)<\/th><th>\u00a0<\/th><\/tr><tr><td>SCH 5, 10, 40, 80, 160, XXH<\/td><td>\u00a0<\/td><\/tr><\/tbody><\/table>\t\t\t\t\t\t\t\t<\/div>\n\t\t\t\t<\/div>\n\t\t\t\t\t<\/div>\n\t\t\t\t<\/div>\n\t\t<div class=\"elementor-element elementor-element-3945a8e e-flex e-con-boxed e-con e-parent\" data-id=\"3945a8e\" data-element_type=\"container\" data-e-type=\"container\">\n\t\t\t\t\t<div class=\"e-con-inner\">\n\t\t\t\t<div class=\"elementor-element elementor-element-ab98427 elementor-widget elementor-widget-heading\" data-id=\"ab98427\" data-element_type=\"widget\" data-e-type=\"widget\" data-widget_type=\"heading.default\">\n\t\t\t\t<div class=\"elementor-widget-container\">\n\t\t\t\t\t<h3 class=\"elementor-heading-title elementor-size-default\">Composition chimique de l'acier inoxydable 201\n<\/h3>\t\t\t\t<\/div>\n\t\t\t\t<\/div>\n\t\t\t\t<div class=\"elementor-element elementor-element-bf6c7e5 elementor-widget elementor-widget-text-editor\" data-id=\"bf6c7e5\" data-element_type=\"widget\" data-e-type=\"widget\" data-widget_type=\"text-editor.default\">\n\t\t\t\t<div class=\"elementor-widget-container\">\n\t\t\t\t\t\t\t\t\t<p>L'acier inoxydable 201 est un acier inoxydable aust\u00e9nitique \u00e0 faible teneur en nickel. Sa faible teneur en nickel lui conf\u00e8re une certaine r\u00e9sistance \u00e0 la corrosion et un bon rapport co\u00fbt-efficacit\u00e9.<\/p><p>C : \u22640,15%\u00a0<\/p><p>Si : \u22640.75% \uff5e \u22641.00%\u00a0<\/p><p>Mn : 5.5\uff5e7.50%\u00a0<\/p><p>Cr : 16.0\uff5e18.0%\u00a0<\/p><p>N : \u22640.25%\u00a0<\/p><p>P : \u22640.060%\u00a0<\/p><p>S : \u22640.030%<\/p><p>Ni : 3.5\uff5e5.5%<\/p>\t\t\t\t\t\t\t\t<\/div>\n\t\t\t\t<\/div>\n\t\t\t\t\t<\/div>\n\t\t\t\t<\/div>\n\t\t<div class=\"elementor-element elementor-element-ef7ba24 e-flex e-con-boxed e-con e-parent\" data-id=\"ef7ba24\" data-element_type=\"container\" data-e-type=\"container\">\n\t\t\t\t\t<div class=\"e-con-inner\">\n\t\t\t\t<div class=\"elementor-element elementor-element-304179b elementor-widget elementor-widget-heading\" data-id=\"304179b\" data-element_type=\"widget\" data-e-type=\"widget\" data-widget_type=\"heading.default\">\n\t\t\t\t<div class=\"elementor-widget-container\">\n\t\t\t\t\t<h3 class=\"elementor-heading-title elementor-size-default\">Propri\u00e9t\u00e9s m\u00e9caniques<\/h3>\t\t\t\t<\/div>\n\t\t\t\t<\/div>\n\t\t\t\t<div class=\"elementor-element elementor-element-42a3673 elementor-widget elementor-widget-text-editor\" data-id=\"42a3673\" data-element_type=\"widget\" data-e-type=\"widget\" data-widget_type=\"text-editor.default\">\n\t\t\t\t<div class=\"elementor-widget-container\">\n\t\t\t\t\t\t\t\t\t<p>R\u00e9sistance \u00e0 la traction : \u2265520 MPa<\/p><p>Limite d'\u00e9lasticit\u00e9 : \u2265275 MPa<\/p><p>\u00c9longation : \u226540%<\/p><p>Duret\u00e9 : \u2264241HB<\/p><p>Densit\u00e9 : 7,64\uff5e7,93 g\/cm\u00b3<\/p><p>L'acier inoxydable 201 pr\u00e9sente une bonne plasticit\u00e9 \u00e0 l'\u00e9tat recuit, mais la plasticit\u00e9 diminue consid\u00e9rablement apr\u00e8s l'\u00e9crouissage.<\/p>\t\t\t\t\t\t\t\t<\/div>\n\t\t\t\t<\/div>\n\t\t\t\t\t<\/div>\n\t\t\t\t<\/div>\n\t\t<div class=\"elementor-element elementor-element-a82842a e-flex e-con-boxed e-con e-parent\" data-id=\"a82842a\" data-element_type=\"container\" data-e-type=\"container\">\n\t\t\t\t\t<div class=\"e-con-inner\">\n\t\t\t\t<div class=\"elementor-element elementor-element-fb339c1 elementor-widget elementor-widget-heading\" data-id=\"fb339c1\" data-element_type=\"widget\" data-e-type=\"widget\" data-widget_type=\"heading.default\">\n\t\t\t\t<div class=\"elementor-widget-container\">\n\t\t\t\t\t<h2 class=\"elementor-heading-title elementor-size-default\">Acier inoxydable 201 et 304<\/h2>\t\t\t\t<\/div>\n\t\t\t\t<\/div>\n\t\t\t\t<div class=\"elementor-element elementor-element-29bb172 elementor-widget elementor-widget-text-editor\" data-id=\"29bb172\" data-element_type=\"widget\" data-e-type=\"widget\" data-widget_type=\"text-editor.default\">\n\t\t\t\t<div class=\"elementor-widget-container\">\n\t\t\t\t\t\t\t\t\t<p>Le tube sans soudure en acier inoxydable 201 est un acier inoxydable aust\u00e9nitique \u00e9conomique et rentable. Gr\u00e2ce \u00e0 une conception d'alliage substituant le mangan\u00e8se et l'azote au nickel, il offre des niveaux de r\u00e9sistance similaires \u00e0 ceux de 304 dans des environnements secs et peu corrosifs. Cependant, sa r\u00e9sistance \u00e0 la corrosion dans les milieux chlor\u00e9s n'est que de 30-40% par rapport \u00e0 304.<\/p>\n<p>Bien que le tube sans soudure en acier inoxydable 201 ne soit pas aussi r\u00e9sistant \u00e0 la corrosion que l'acier inoxydable 304, il reste une alternative viable pour certaines applications o\u00f9 une r\u00e9sistance \u00e0 la corrosion extr\u00eamement \u00e9lev\u00e9e n'est pas n\u00e9cessaire.<\/p>\t\t\t\t\t\t\t\t<\/div>\n\t\t\t\t<\/div>\n\t\t\t\t\t<\/div>\n\t\t\t\t<\/div>\n\t\t\t\t<\/div>","protected":false},"excerpt":{"rendered":"<p>Le tube sans soudure en acier inoxydable 201 est un tube en acier inoxydable aust\u00e9nitique \u00e0 faible teneur en nickel, adapt\u00e9 aux environnements \u00e0 faible et moyenne corrosion.<\/p>\n<p>Taille : 4 - 219mm<\/p>\n<p>OD : DN 6 - DN600<\/p>\n<p>\u00c9paisseur de la paroi : 0,5 mm - 50 mm<\/p>\n<p>Surface : 2B\/BA\/NO.4\/HL\/Miroir<\/p>","protected":false},"featured_media":2407,"template":"","meta":{"_eb_attr":""},"product_brand":[],"product_cat":[30],"product_tag":[],"class_list":{"0":"post-2401","1":"product","2":"type-product","3":"status-publish","4":"has-post-thumbnail","6":"product_cat-stainless-steel-seamless-pipe","8":"first","9":"instock","10":"shipping-taxable","11":"product-type-simple"},"_links":{"self":[{"href":"https:\/\/jblstainless.com\/fr\/wp-json\/wp\/v2\/product\/2401","targetHints":{"allow":["GET"]}}],"collection":[{"href":"https:\/\/jblstainless.com\/fr\/wp-json\/wp\/v2\/product"}],"about":[{"href":"https:\/\/jblstainless.com\/fr\/wp-json\/wp\/v2\/types\/product"}],"version-history":[{"count":9,"href":"https:\/\/jblstainless.com\/fr\/wp-json\/wp\/v2\/product\/2401\/revisions"}],"predecessor-version":[{"id":2411,"href":"https:\/\/jblstainless.com\/fr\/wp-json\/wp\/v2\/product\/2401\/revisions\/2411"}],"wp:featuredmedia":[{"embeddable":true,"href":"https:\/\/jblstainless.com\/fr\/wp-json\/wp\/v2\/media\/2407"}],"wp:attachment":[{"href":"https:\/\/jblstainless.com\/fr\/wp-json\/wp\/v2\/media?parent=2401"}],"wp:term":[{"taxonomy":"product_brand","embeddable":true,"href":"https:\/\/jblstainless.com\/fr\/wp-json\/wp\/v2\/product_brand?post=2401"},{"taxonomy":"product_cat","embeddable":true,"href":"https:\/\/jblstainless.com\/fr\/wp-json\/wp\/v2\/product_cat?post=2401"},{"taxonomy":"product_tag","embeddable":true,"href":"https:\/\/jblstainless.com\/fr\/wp-json\/wp\/v2\/product_tag?post=2401"}],"curies":[{"name":"wp","href":"https:\/\/api.w.org\/{rel}","templated":true}]}}