{"id":2439,"date":"2026-01-12T17:14:49","date_gmt":"2026-01-12T09:14:49","guid":{"rendered":"https:\/\/jblstainless.com\/?post_type=product&#038;p=2439"},"modified":"2026-01-12T17:14:49","modified_gmt":"2026-01-12T09:14:49","slug":"tubes-en-acier-inoxydable-317","status":"publish","type":"product","link":"https:\/\/jblstainless.com\/fr\/317-stainless-steel-tubing\/","title":{"rendered":"Tubes en acier inoxydable 317"},"content":{"rendered":"<div data-elementor-type=\"product-post\" data-elementor-id=\"2439\" class=\"elementor elementor-2439\" data-elementor-post-type=\"product\">\n\t\t\t\t<div class=\"elementor-element elementor-element-043affb e-flex e-con-boxed e-con e-parent\" data-id=\"043affb\" data-element_type=\"container\" data-e-type=\"container\">\n\t\t\t\t\t<div class=\"e-con-inner\">\n\t\t\t\t<div class=\"elementor-element elementor-element-b2f0f0d elementor-widget elementor-widget-text-editor\" data-id=\"b2f0f0d\" data-element_type=\"widget\" data-e-type=\"widget\" data-widget_type=\"text-editor.default\">\n\t\t\t\t<div class=\"elementor-widget-container\">\n\t\t\t\t\t\t\t\t\t<p>Les tubes en acier inoxydable 317 sont des tubes en alliage \u00e0 forte teneur en chrome, nickel et molybd\u00e8ne, contenant jusqu'\u00e0 3-4% de molybd\u00e8ne, ce qui d\u00e9passe largement les niveaux trouv\u00e9s dans les grades 316\/316L. La teneur \u00e9lev\u00e9e en molybd\u00e8ne am\u00e9liore consid\u00e9rablement la r\u00e9sistance \u00e0 la corrosion par piq\u00fbres et par crevasses dans les environnements contenant du chlore, ce qui le rend particuli\u00e8rement adapt\u00e9 aux conditions extr\u00eames telles que l'eau de mer et les milieux chimiques fortement acides. Le nickel et le chrome suppl\u00e9mentaires garantissent la stabilit\u00e9 et la durabilit\u00e9 du tube \u00e0 des temp\u00e9ratures \u00e9lev\u00e9es, ce qui prolonge efficacement la dur\u00e9e de vie de l'\u00e9quipement.<\/p><p>Les tubes en acier inoxydable 317 sont devenus le choix privil\u00e9gi\u00e9 pour l'ing\u00e9nierie marine, le d\u00e9capage chimique et d'autres applications exigeantes, offrant une protection sup\u00e9rieure pour divers projets industriels.<\/p>\t\t\t\t\t\t\t\t<\/div>\n\t\t\t\t<\/div>\n\t\t\t\t\t<\/div>\n\t\t\t\t<\/div>\n\t\t<div class=\"elementor-element elementor-element-06ec2a1 e-flex e-con-boxed e-con e-parent\" data-id=\"06ec2a1\" data-element_type=\"container\" data-e-type=\"container\">\n\t\t\t\t\t<div class=\"e-con-inner\">\n\t\t\t\t<div class=\"elementor-element elementor-element-79f89bb elementor-widget elementor-widget-heading\" data-id=\"79f89bb\" data-element_type=\"widget\" data-e-type=\"widget\" data-widget_type=\"heading.default\">\n\t\t\t\t<div class=\"elementor-widget-container\">\n\t\t\t\t\t<h2 class=\"elementor-heading-title elementor-size-default\">Sp\u00e9cification des tubes en acier inoxydable 317<\/h2>\t\t\t\t<\/div>\n\t\t\t\t<\/div>\n\t\t\t\t<div class=\"elementor-element elementor-element-ac8b8cc elementor-widget elementor-widget-text-editor\" data-id=\"ac8b8cc\" data-element_type=\"widget\" data-e-type=\"widget\" data-widget_type=\"text-editor.default\">\n\t\t\t\t<div class=\"elementor-widget-container\">\n\t\t\t\t\t\t\t\t\t<p>Mat\u00e9riau : acier inoxydable 317, 317L<br \/>Norme : ASTM A213, ASTM A249, ASTM A269<br \/>Tailles (sans soudure) : 1\/2\u2033 NB - 24\u2033 NB<br \/>Dimensions (ERW) : 1\/2\u2033 NB - 24\u2033 NB<br \/>Tailles (EFW) : 6\u2033 NB - 100\u2033 NB<br \/>\u00c9paisseur de la paroi : Sch 5S - Schedule XXS (plus \u00e9pais sur demande)<\/p>\t\t\t\t\t\t\t\t<\/div>\n\t\t\t\t<\/div>\n\t\t\t\t\t<\/div>\n\t\t\t\t<\/div>\n\t\t<div class=\"elementor-element elementor-element-f1e7b2d e-flex e-con-boxed e-con e-parent\" data-id=\"f1e7b2d\" data-element_type=\"container\" data-e-type=\"container\">\n\t\t\t\t\t<div class=\"e-con-inner\">\n\t\t\t\t<div class=\"elementor-element elementor-element-24f9f3c elementor-widget elementor-widget-heading\" data-id=\"24f9f3c\" data-element_type=\"widget\" data-e-type=\"widget\" data-widget_type=\"heading.default\">\n\t\t\t\t<div class=\"elementor-widget-container\">\n\t\t\t\t\t<h3 class=\"elementor-heading-title elementor-size-default\">Traitement \u00e0 fa\u00e7on et services<\/h3>\t\t\t\t<\/div>\n\t\t\t\t<\/div>\n\t\t\t\t<div class=\"elementor-element elementor-element-f2fdba4 elementor-widget elementor-widget-text-editor\" data-id=\"f2fdba4\" data-element_type=\"widget\" data-e-type=\"widget\" data-widget_type=\"text-editor.default\">\n\t\t\t\t<div class=\"elementor-widget-container\">\n\t\t\t\t\t\t\t\t\t<p>Coupe \u00e0 la longueur : La coupe pr\u00e9cise selon les sp\u00e9cifications du client minimise les d\u00e9chets d'installation sur site.<\/p><p>Polissage miroir : polissage miroir des surfaces int\u00e9rieures et ext\u00e9rieures des tuyaux, adapt\u00e9 aux tuyaux de qualit\u00e9 sanitaire ou aux projets ayant des exigences d\u00e9coratives strictes.<\/p><p>D\u00e9capage et passivation : Les proc\u00e9d\u00e9s professionnels de d\u00e9capage et de passivation permettent d'\u00e9liminer les d\u00e9p\u00f4ts de soudure et les impuret\u00e9s de surface, formant ainsi une couche de passivation dense qui am\u00e9liore consid\u00e9rablement la r\u00e9sistance \u00e0 la corrosion.<\/p><p>Fabrication de tubes \u00e0 paroi \u00e9paisse : Production sur mesure de diverses dimensions de parois \u00e9paisses pour r\u00e9pondre aux exigences de l'ing\u00e9nierie en mati\u00e8re de haute pression ou de haute r\u00e9sistance.<\/p>\t\t\t\t\t\t\t\t<\/div>\n\t\t\t\t<\/div>\n\t\t\t\t<div class=\"elementor-element elementor-element-e847145 elementor-widget elementor-widget-image\" data-id=\"e847145\" data-element_type=\"widget\" data-e-type=\"widget\" data-widget_type=\"image.default\">\n\t\t\t\t<div class=\"elementor-widget-container\">\n\t\t\t\t\t\t\t\t\t\t\t\t\t\t\t<img fetchpriority=\"high\" decoding=\"async\" width=\"800\" height=\"400\" src=\"https:\/\/jblstainless.com\/wp-content\/uploads\/2025\/06\/316-pipe-surface-finish.webp\" class=\"attachment-large size-large wp-image-1669\" alt=\"Tube en acier inoxydable 430\" srcset=\"https:\/\/jblstainless.com\/wp-content\/uploads\/2025\/06\/316-pipe-surface-finish.webp 1000w, https:\/\/jblstainless.com\/wp-content\/uploads\/2025\/06\/316-pipe-surface-finish-300x150.webp 300w, https:\/\/jblstainless.com\/wp-content\/uploads\/2025\/06\/316-pipe-surface-finish-768x384.webp 768w, https:\/\/jblstainless.com\/wp-content\/uploads\/2025\/06\/316-pipe-surface-finish-18x9.webp 18w, https:\/\/jblstainless.com\/wp-content\/uploads\/2025\/06\/316-pipe-surface-finish-600x300.webp 600w\" sizes=\"(max-width: 800px) 100vw, 800px\" \/>\t\t\t\t\t\t\t\t\t\t\t\t\t\t\t<\/div>\n\t\t\t\t<\/div>\n\t\t\t\t\t<\/div>\n\t\t\t\t<\/div>\n\t\t<div class=\"elementor-element elementor-element-3770365 e-flex e-con-boxed e-con e-parent\" data-id=\"3770365\" data-element_type=\"container\" data-e-type=\"container\">\n\t\t\t\t\t<div class=\"e-con-inner\">\n\t\t\t\t<div class=\"elementor-element elementor-element-c3fb622 elementor-widget elementor-widget-heading\" data-id=\"c3fb622\" data-element_type=\"widget\" data-e-type=\"widget\" data-widget_type=\"heading.default\">\n\t\t\t\t<div class=\"elementor-widget-container\">\n\t\t\t\t\t<h3 class=\"elementor-heading-title elementor-size-default\">Composition chimique des tubes en acier inoxydable 317<\/h3>\t\t\t\t<\/div>\n\t\t\t\t<\/div>\n\t\t\t\t<div class=\"elementor-element elementor-element-c173736 elementor-widget elementor-widget-text-editor\" data-id=\"c173736\" data-element_type=\"widget\" data-e-type=\"widget\" data-widget_type=\"text-editor.default\">\n\t\t\t\t<div class=\"elementor-widget-container\">\n\t\t\t\t\t\t\t\t\t<p>L'acier inoxydable 317 est essentiellement un alliage haute performance d\u00e9velopp\u00e9 \u00e0 partir de l'acier inoxydable aust\u00e9nitique 18-8 classique (tel que 304) en augmentant consid\u00e9rablement la teneur en molybd\u00e8ne (Mo) et en optimisant d'autres \u00e9l\u00e9ments.<\/p>\t\t\t\t\t\t\t\t<\/div>\n\t\t\t\t<\/div>\n\t\t\t\t<div class=\"elementor-element elementor-element-99cd2f8 elementor-widget elementor-widget-text-editor\" data-id=\"99cd2f8\" data-element_type=\"widget\" data-e-type=\"widget\" data-widget_type=\"text-editor.default\">\n\t\t\t\t<div class=\"elementor-widget-container\">\n\t\t\t\t\t\t\t\t\t<table><tbody><tr><td>Grade<\/td><td>C<\/td><td>Mn<\/td><td>Si<\/td><td>P<\/td><td>S<\/td><td>Cr<\/td><td>Mo<\/td><td>Ni<\/td><td>Fe<\/td><\/tr><tr><td>SS 317<\/td><td>0,08 max<\/td><td>2 max<\/td><td>1 max<\/td><td>0,045 max<\/td><td>0,030 max<\/td><td>18 - 20<\/td><td>3 - 4<\/td><td>11 - 15<\/td><td>57.845 min<\/td><\/tr><\/tbody><\/table><p>Chrome (Cr) : Le chrome est l'\u00e9l\u00e9ment central qui forme le film de passivation et offre une r\u00e9sistance essentielle \u00e0 la corrosion.<\/p><p>Nickel (Ni) : Le nickel stabilise la structure aust\u00e9nitique, garantissant la t\u00e9nacit\u00e9, les propri\u00e9t\u00e9s non magn\u00e9tiques et la soudabilit\u00e9 du mat\u00e9riau \u00e0 temp\u00e9rature ambiante et \u00e0 basse temp\u00e9rature.<\/p><p>Molybd\u00e8ne (Mo) : C'est la principale diff\u00e9rence entre l'acier inoxydable 317 et la s\u00e9rie 316 (teneur en Mo 2-3%). L'ajout de molybd\u00e8ne am\u00e9liore consid\u00e9rablement la r\u00e9sistance du mat\u00e9riau \u00e0 la corrosion par piq\u00fbres et crevasses dans les environnements contenant des halog\u00e9nures tels que les ions chlorure.<\/p><p>Carbone (C) : augmente la r\u00e9sistance mais se combine facilement avec le chrome pour former des carbures de chrome, ce qui entra\u00eene un appauvrissement du chrome aux joints de grains et d\u00e9clenche une corrosion intergranulaire.<\/p>\t\t\t\t\t\t\t\t<\/div>\n\t\t\t\t<\/div>\n\t\t\t\t<div class=\"elementor-element elementor-element-2772c38 elementor-widget elementor-widget-text-editor\" data-id=\"2772c38\" data-element_type=\"widget\" data-e-type=\"widget\" data-widget_type=\"text-editor.default\">\n\t\t\t\t<div class=\"elementor-widget-container\">\n\t\t\t\t\t\t\t\t\t<p>Les tuyaux en acier inoxydable 317 sont plus r\u00e9sistants \u00e0 la corrosion par piq\u00fbres et par crevasses dans les environnements chlor\u00e9s que les aciers inoxydables aust\u00e9nitiques classiques au chrome-nickel tels que les tuyaux en acier inoxydable 304.<\/p><p>La teneur en carbone plus \u00e9lev\u00e9e des tuyaux en acier inoxydable 317 rend \u00e9galement l'acier moins facile \u00e0 souder que l'acier inoxydable 304 ou 316.<\/p>\t\t\t\t\t\t\t\t<\/div>\n\t\t\t\t<\/div>\n\t\t\t\t\t<\/div>\n\t\t\t\t<\/div>\n\t\t<div class=\"elementor-element elementor-element-282d04c e-flex e-con-boxed e-con e-parent\" data-id=\"282d04c\" data-element_type=\"container\" data-e-type=\"container\">\n\t\t\t\t\t<div class=\"e-con-inner\">\n\t\t\t\t<div class=\"elementor-element elementor-element-ea4208a elementor-widget elementor-widget-heading\" data-id=\"ea4208a\" data-element_type=\"widget\" data-e-type=\"widget\" data-widget_type=\"heading.default\">\n\t\t\t\t<div class=\"elementor-widget-container\">\n\t\t\t\t\t<h4 class=\"elementor-heading-title elementor-size-default\">R\u00e9sistance \u00e0 la corrosion par piq\u00fbres et par crevasses\n<\/h4>\t\t\t\t<\/div>\n\t\t\t\t<\/div>\n\t\t\t\t<div class=\"elementor-element elementor-element-cbcabb7 elementor-widget elementor-widget-text-editor\" data-id=\"cbcabb7\" data-element_type=\"widget\" data-e-type=\"widget\" data-widget_type=\"text-editor.default\">\n\t\t\t\t<div class=\"elementor-widget-container\">\n\t\t\t\t\t\t\t\t\t<p>C'est le principal avantage de l'acier inoxydable 317. L'\u00e9l\u00e9ment molybd\u00e8ne (Mo) supprime efficacement l'initiation et la propagation de la corrosion par piq\u00fbres et crevasses en am\u00e9liorant la capacit\u00e9 du film de passivation \u00e0 se repassivifier dans des environnements contenant du chlore et en r\u00e9duisant le risque de rupture localis\u00e9e de la couche de passivation.<\/p>\t\t\t\t\t\t\t\t<\/div>\n\t\t\t\t<\/div>\n\t\t\t\t<div class=\"elementor-element elementor-element-28fcd55 elementor-widget elementor-widget-text-editor\" data-id=\"28fcd55\" data-element_type=\"widget\" data-e-type=\"widget\" data-widget_type=\"text-editor.default\">\n\t\t\t\t<div class=\"elementor-widget-container\">\n\t\t\t\t\t\t\t\t\t<p><strong>PREN<\/strong><br \/><strong>316L :<\/strong> 24-26<br \/><strong>317L :<\/strong> 29-33<\/p><p>Dans des applications telles que l'eau de mer, les milieux contenant du chlore dans les processus chimiques et les environnements de brouillard salin, la dur\u00e9e de vie et la s\u00e9curit\u00e9 des tuyaux en acier inoxydable 317 d\u00e9passent largement celles des tuyaux en 316L. <\/p>\t\t\t\t\t\t\t\t<\/div>\n\t\t\t\t<\/div>\n\t\t\t\t\t<\/div>\n\t\t\t\t<\/div>\n\t\t<div class=\"elementor-element elementor-element-329a4e8 e-flex e-con-boxed e-con e-parent\" data-id=\"329a4e8\" data-element_type=\"container\" data-e-type=\"container\">\n\t\t\t\t\t<div class=\"e-con-inner\">\n\t\t\t\t<div class=\"elementor-element elementor-element-7f31634 elementor-widget elementor-widget-heading\" data-id=\"7f31634\" data-element_type=\"widget\" data-e-type=\"widget\" data-widget_type=\"heading.default\">\n\t\t\t\t<div class=\"elementor-widget-container\">\n\t\t\t\t\t<h2 class=\"elementor-heading-title elementor-size-default\">Acier inoxydable 317L<\/h2>\t\t\t\t<\/div>\n\t\t\t\t<\/div>\n\t\t\t\t<div class=\"elementor-element elementor-element-c983d70 elementor-widget elementor-widget-text-editor\" data-id=\"c983d70\" data-element_type=\"widget\" data-e-type=\"widget\" data-widget_type=\"text-editor.default\">\n\t\t\t\t<div class=\"elementor-widget-container\">\n\t\t\t\t\t\t\t\t\t<p>L'acier inoxydable 317L est une variante \u00e0 faible teneur en carbone de l'acier 317, dont la teneur en carbone est g\u00e9n\u00e9ralement strictement inf\u00e9rieure \u00e0 0,030, ce qui r\u00e9duit consid\u00e9rablement le risque de pr\u00e9cipitation de carbure de chrome pendant le soudage ou le service \u00e0 haute temp\u00e9rature, am\u00e9liorant consid\u00e9rablement sa r\u00e9sistance \u00e0 la corrosion intergranulaire et sa r\u00e9sistance \u00e0 la corrosion apr\u00e8s soudage. Par cons\u00e9quent, le 317L est le mat\u00e9riau pr\u00e9f\u00e9r\u00e9 pour les composants soud\u00e9s ou les applications o\u00f9 les temp\u00e9ratures de service se situent dans la plage de sensibilisation (environ 450-850\u00b0C).<\/p>\t\t\t\t\t\t\t\t<\/div>\n\t\t\t\t<\/div>\n\t\t\t\t\t<\/div>\n\t\t\t\t<\/div>\n\t\t\t\t<\/div>","protected":false},"excerpt":{"rendered":"<p>Le tube en acier inoxydable 317 est un tube en alliage \u00e0 forte teneur en chrome, nickel et molybd\u00e8ne contenant jusqu'\u00e0 3-4% de molybd\u00e8ne, ce qui d\u00e9passe largement les niveaux trouv\u00e9s dans les grades 316\/316L. Il offre une excellente r\u00e9sistance \u00e0 la corrosion acide et une r\u00e9sistance \u00e0 haute temp\u00e9rature, ce qui le rend adapt\u00e9 aux environnements chimiques extr\u00eames.<\/p>\n<p>Tube, sans soudure Norme ASTM : A213<\/p>\n<p>Tube, soud\u00e9 Norme ASTM : A249<\/p>\n<p>Mat\u00e9riau : 317, 317L<\/p>\n<p>&nbsp;<\/p>","protected":false},"featured_media":2440,"template":"","meta":{"_eb_attr":""},"product_brand":[],"product_cat":[30],"product_tag":[],"class_list":{"0":"post-2439","1":"product","2":"type-product","3":"status-publish","4":"has-post-thumbnail","6":"product_cat-stainless-steel-seamless-pipe","8":"first","9":"instock","10":"shipping-taxable","11":"product-type-simple"},"_links":{"self":[{"href":"https:\/\/jblstainless.com\/fr\/wp-json\/wp\/v2\/product\/2439","targetHints":{"allow":["GET"]}}],"collection":[{"href":"https:\/\/jblstainless.com\/fr\/wp-json\/wp\/v2\/product"}],"about":[{"href":"https:\/\/jblstainless.com\/fr\/wp-json\/wp\/v2\/types\/product"}],"version-history":[{"count":2,"href":"https:\/\/jblstainless.com\/fr\/wp-json\/wp\/v2\/product\/2439\/revisions"}],"predecessor-version":[{"id":2442,"href":"https:\/\/jblstainless.com\/fr\/wp-json\/wp\/v2\/product\/2439\/revisions\/2442"}],"wp:featuredmedia":[{"embeddable":true,"href":"https:\/\/jblstainless.com\/fr\/wp-json\/wp\/v2\/media\/2440"}],"wp:attachment":[{"href":"https:\/\/jblstainless.com\/fr\/wp-json\/wp\/v2\/media?parent=2439"}],"wp:term":[{"taxonomy":"product_brand","embeddable":true,"href":"https:\/\/jblstainless.com\/fr\/wp-json\/wp\/v2\/product_brand?post=2439"},{"taxonomy":"product_cat","embeddable":true,"href":"https:\/\/jblstainless.com\/fr\/wp-json\/wp\/v2\/product_cat?post=2439"},{"taxonomy":"product_tag","embeddable":true,"href":"https:\/\/jblstainless.com\/fr\/wp-json\/wp\/v2\/product_tag?post=2439"}],"curies":[{"name":"wp","href":"https:\/\/api.w.org\/{rel}","templated":true}]}}