{"id":2492,"date":"2026-02-11T15:19:00","date_gmt":"2026-02-11T07:19:00","guid":{"rendered":"https:\/\/jblstainless.com\/?post_type=product&#038;p=2492"},"modified":"2026-02-11T15:35:14","modified_gmt":"2026-02-11T07:35:14","slug":"tube-sans-soudure-en-acier-inoxydable-347","status":"publish","type":"product","link":"https:\/\/jblstainless.com\/fr\/347-stainless-steel-seamless-pipe\/","title":{"rendered":"Tube sans soudure en acier inoxydable 347"},"content":{"rendered":"<div data-elementor-type=\"product-post\" data-elementor-id=\"2492\" class=\"elementor elementor-2492\" data-elementor-post-type=\"product\">\n\t\t\t\t<div class=\"elementor-element elementor-element-fa4a8e3 e-flex e-con-boxed e-con e-parent\" data-id=\"fa4a8e3\" data-element_type=\"container\" data-e-type=\"container\">\n\t\t\t\t\t<div class=\"e-con-inner\">\n\t\t\t\t<div class=\"elementor-element elementor-element-90f0f6b elementor-widget elementor-widget-text-editor\" data-id=\"90f0f6b\" data-element_type=\"widget\" data-e-type=\"widget\" data-widget_type=\"text-editor.default\">\n\t\t\t\t<div class=\"elementor-widget-container\">\n\t\t\t\t\t\t\t\t\t<p>L'acier inoxydable 347 est une qualit\u00e9 obtenue par l'ajout de l'\u00e9l\u00e9ment stabilisateur niobium \u00e0 l'acier inoxydable aust\u00e9nitique chrome-nickel. Ses tubes sans soudure sont fabriqu\u00e9s par des proc\u00e9d\u00e9s tels que le laminage \u00e0 chaud, l'extrusion \u00e0 chaud, l'\u00e9tirage \u00e0 froid ou le laminage \u00e0 froid, ce qui permet d'obtenir des tubes d'acier sans soudure sur les parois int\u00e9rieures ou ext\u00e9rieures. Cette m\u00e9thode de production conf\u00e8re aux tubes une capacit\u00e9 de r\u00e9sistance \u00e0 la pression plus \u00e9lev\u00e9e, une microstructure plus uniforme et une excellente pr\u00e9cision dimensionnelle. <\/p><p>Le tube sans soudure en acier inoxydable 347 est un tube en acier inoxydable aust\u00e9nitique stabilis\u00e9 au niobium, contenant 0,32-1% de niobium pour emp\u00eacher la sensibilisation \u00e0 haute temp\u00e9rature, offrant une excellente r\u00e9sistance \u00e0 haute temp\u00e9rature et \u00e0 la corrosion, convenant \u00e0 des conditions d\u00e9passant 425\u00b0C.<\/p>\t\t\t\t\t\t\t\t<\/div>\n\t\t\t\t<\/div>\n\t\t\t\t\t<\/div>\n\t\t\t\t<\/div>\n\t\t<div class=\"elementor-element elementor-element-cd82651 e-flex e-con-boxed e-con e-parent\" data-id=\"cd82651\" data-element_type=\"container\" data-e-type=\"container\">\n\t\t\t\t\t<div class=\"e-con-inner\">\n\t\t\t\t<div class=\"elementor-element elementor-element-3417544 elementor-widget elementor-widget-heading\" data-id=\"3417544\" data-element_type=\"widget\" data-e-type=\"widget\" data-widget_type=\"heading.default\">\n\t\t\t\t<div class=\"elementor-widget-container\">\n\t\t\t\t\t<h2 class=\"elementor-heading-title elementor-size-default\">Sp\u00e9cification du tube sans soudure en acier inoxydable 347<\/h2>\t\t\t\t<\/div>\n\t\t\t\t<\/div>\n\t\t\t\t<div class=\"elementor-element elementor-element-b9d6e08 elementor-widget elementor-widget-text-editor\" data-id=\"b9d6e08\" data-element_type=\"widget\" data-e-type=\"widget\" data-widget_type=\"text-editor.default\">\n\t\t\t\t<div class=\"elementor-widget-container\">\n\t\t\t\t\t\t\t\t\t<p>Norme : ASTM A269, ASTM A213, ASTM A312<\/p><p>\u00c9paisseur de la paroi : Schedule 10 \u00e0 Schedule 160 (\u00e9paisseur de 3 mm \u00e0 100 mm)<\/p><p>Diam\u00e8tre ext\u00e9rieur : 0,5\u201d NB - 16\u201d NB<\/p><p>Longueur : 0,1 m - 12,5 m, longueur al\u00e9atoire simple, longueur al\u00e9atoire double et taille personnalis\u00e9e.<\/p><p>Extr\u00e9mit\u00e9s du tube : lisse \/ biseaut\u00e9e \/ filet\u00e9e<\/p><p>Service \u00e0 valeur ajout\u00e9e : Polissage, biseautage, honage\/tournage, traitement thermique \/ recuit \/ recuit brillant\u00a0<\/p>\t\t\t\t\t\t\t\t<\/div>\n\t\t\t\t<\/div>\n\t\t\t\t<div class=\"elementor-element elementor-element-3157ae5 elementor-widget elementor-widget-image\" data-id=\"3157ae5\" data-element_type=\"widget\" data-e-type=\"widget\" data-widget_type=\"image.default\">\n\t\t\t\t<div class=\"elementor-widget-container\">\n\t\t\t\t\t\t\t\t\t\t\t\t\t\t\t<img fetchpriority=\"high\" decoding=\"async\" width=\"1000\" height=\"279\" src=\"https:\/\/jblstainless.com\/wp-content\/uploads\/2025\/09\/stainless-steel-pipe-end.webp\" class=\"attachment-1536x1536 size-1536x1536 wp-image-2201\" alt=\"Tube sans soudure en acier inoxydable 347\" srcset=\"https:\/\/jblstainless.com\/wp-content\/uploads\/2025\/09\/stainless-steel-pipe-end.webp 1000w, https:\/\/jblstainless.com\/wp-content\/uploads\/2025\/09\/stainless-steel-pipe-end-700x195.webp 700w, https:\/\/jblstainless.com\/wp-content\/uploads\/2025\/09\/stainless-steel-pipe-end-768x214.webp 768w, https:\/\/jblstainless.com\/wp-content\/uploads\/2025\/09\/stainless-steel-pipe-end-18x5.webp 18w, https:\/\/jblstainless.com\/wp-content\/uploads\/2025\/09\/stainless-steel-pipe-end-600x167.webp 600w\" sizes=\"(max-width: 1000px) 100vw, 1000px\" \/>\t\t\t\t\t\t\t\t\t\t\t\t\t\t\t<\/div>\n\t\t\t\t<\/div>\n\t\t\t\t\t<\/div>\n\t\t\t\t<\/div>\n\t\t<div class=\"elementor-element elementor-element-63f1419 e-flex e-con-boxed e-con e-parent\" data-id=\"63f1419\" data-element_type=\"container\" data-e-type=\"container\">\n\t\t\t\t\t<div class=\"e-con-inner\">\n\t\t\t\t<div class=\"elementor-element elementor-element-7627d60 elementor-widget elementor-widget-heading\" data-id=\"7627d60\" data-element_type=\"widget\" data-e-type=\"widget\" data-widget_type=\"heading.default\">\n\t\t\t\t<div class=\"elementor-widget-container\">\n\t\t\t\t\t<h3 class=\"elementor-heading-title elementor-size-default\">Cat\u00e9gories d'acier inoxydable 347<\/h3>\t\t\t\t<\/div>\n\t\t\t\t<\/div>\n\t\t\t\t<div class=\"elementor-element elementor-element-690f909 elementor-widget elementor-widget-text-editor\" data-id=\"690f909\" data-element_type=\"widget\" data-e-type=\"widget\" data-widget_type=\"text-editor.default\">\n\t\t\t\t<div class=\"elementor-widget-container\">\n\t\t\t\t\t\t\t\t\t<p>L'acier inoxydable 347 est un acier inoxydable aust\u00e9nitique contenant du niobium et du tantale pour emp\u00eacher la formation de carbures de chrome, offrant une excellente r\u00e9sistance \u00e0 la corrosion intergranulaire et convenant aux environnements \u00e0 haute temp\u00e9rature. Sa r\u00e9sistance \u00e0 la corrosion est sup\u00e9rieure \u00e0 celle de l'acier inoxydable <a href=\"https:\/\/jblstainless.com\/fr\/tubes-en-acier-inoxydable-321\/\"><u><b>Acier inoxydable 321<\/b><\/u><\/a>, Il est donc adapt\u00e9 aux environnements \u00e0 haute et basse temp\u00e9rature et pr\u00e9sente une bonne r\u00e9sistance \u00e0 la corrosion et \u00e0 la chaleur.<\/p>\t\t\t\t\t\t\t\t<\/div>\n\t\t\t\t<\/div>\n\t\t\t\t<div class=\"elementor-element elementor-element-c1140d6 elementor-widget elementor-widget-text-editor\" data-id=\"c1140d6\" data-element_type=\"widget\" data-e-type=\"widget\" data-widget_type=\"text-editor.default\">\n\t\t\t\t<div class=\"elementor-widget-container\">\n\t\t\t\t\t\t\t\t\t<p>Sur la base de la teneur en carbone, l'acier inoxydable 347 est principalement divis\u00e9 en deux cat\u00e9gories :<\/p><p><strong>Acier inoxydable 347 (UNS S34700) :<\/strong> Sa teneur en carbone est g\u00e9n\u00e9ralement inf\u00e9rieure \u00e0 0,08%, ce qui le rend adapt\u00e9 \u00e0 la plupart des applications \u00e0 haute temp\u00e9rature et r\u00e9sistantes \u00e0 la corrosion.<\/p><p><strong>Acier inoxydable 347H (UNS S34709) :<\/strong> la version \u00e0 haute teneur en carbone du 347, avec une teneur en carbone g\u00e9n\u00e9ralement comprise entre 0,04% et 0,10%. La teneur en carbone plus \u00e9lev\u00e9e, combin\u00e9e au niobium, am\u00e9liore consid\u00e9rablement la r\u00e9sistance \u00e0 haute temp\u00e9rature et la r\u00e9sistance au fluage du mat\u00e9riau, ce qui le rend plus adapt\u00e9 \u00e0 une utilisation \u00e0 long terme dans des environnements pressuris\u00e9s \u00e0 des temp\u00e9ratures ultra-\u00e9lev\u00e9es (g\u00e9n\u00e9ralement sup\u00e9rieures \u00e0 538 \u00b0C).<\/p><p>La diff\u00e9rence de teneur en carbone rend le 347H nettement sup\u00e9rieur au 347 en termes de contrainte admissible et de r\u00e9sistance \u00e0 la rupture par fluage \u00e0 des temp\u00e9ratures sup\u00e9rieures \u00e0 538\u00b0C (1000\u00b0F), ce qui en fait l'un des mat\u00e9riaux pr\u00e9f\u00e9r\u00e9s pour les applications \u00e0 haute temp\u00e9rature dans le code ASME Boiler and Pressure Vessel.<\/p>\t\t\t\t\t\t\t\t<\/div>\n\t\t\t\t<\/div>\n\t\t\t\t\t<\/div>\n\t\t\t\t<\/div>\n\t\t<div class=\"elementor-element elementor-element-6601ec4 e-flex e-con-boxed e-con e-parent\" data-id=\"6601ec4\" data-element_type=\"container\" data-e-type=\"container\">\n\t\t\t\t\t<div class=\"e-con-inner\">\n\t\t\t\t<div class=\"elementor-element elementor-element-8ae60bd elementor-widget elementor-widget-heading\" data-id=\"8ae60bd\" data-element_type=\"widget\" data-e-type=\"widget\" data-widget_type=\"heading.default\">\n\t\t\t\t<div class=\"elementor-widget-container\">\n\t\t\t\t\t<h2 class=\"elementor-heading-title elementor-size-default\">Pourquoi choisir le tube sans soudure SS 347 ?<\/h2>\t\t\t\t<\/div>\n\t\t\t\t<\/div>\n\t\t\t\t<div class=\"elementor-element elementor-element-5111755 elementor-widget elementor-widget-text-editor\" data-id=\"5111755\" data-element_type=\"widget\" data-e-type=\"widget\" data-widget_type=\"text-editor.default\">\n\t\t\t\t<div class=\"elementor-widget-container\">\n\t\t\t\t\t\t\t\t\t<p>Contrairement \u00e0 l'acier 304, l'acier inoxydable 347 pr\u00e9sente une meilleure r\u00e9sistance au fluage et de meilleures propri\u00e9t\u00e9s de raptus. Il fonctionne \u00e9galement mieux dans des conditions de chaleur extr\u00eame et poss\u00e8de une excellente capacit\u00e9 de charge \u00e0 haute pression. Il pr\u00e9sente une meilleure t\u00e9nacit\u00e9 ainsi qu'une bonne r\u00e9sistance globale.<\/p>\t\t\t\t\t\t\t\t<\/div>\n\t\t\t\t<\/div>\n\t\t\t\t<div class=\"elementor-element elementor-element-528ed51 elementor-widget elementor-widget-text-editor\" data-id=\"528ed51\" data-element_type=\"widget\" data-e-type=\"widget\" data-widget_type=\"text-editor.default\">\n\t\t\t\t<div class=\"elementor-widget-container\">\n\t\t\t\t\t\t\t\t\t<p><strong>1. Structure stabilis\u00e9e au Nb : Suppression de la corrosion intergranulaire<\/strong><br \/>Par rapport aux aciers 304H et 321, l'acier inoxydable 347 incorpore du niobium (Nb) pour former de pr\u00e9f\u00e9rence des carbures stables avec le carbone :<\/p><ul><li>Pr\u00e9vient la pr\u00e9cipitation du chrome aux joints de grains:Inhibe la corrosion intergranulaire<\/li><li>\u00c9limine le traitement complexe de la solution apr\u00e8s soudage : Id\u00e9al pour la construction sur site \u00e0 grande \u00e9chelle<\/li><li>Microstructure plus stable en cas de temp\u00e9ratures \u00e9lev\u00e9es prolong\u00e9es<\/li><\/ul>\t\t\t\t\t\t\t\t<\/div>\n\t\t\t\t<\/div>\n\t\t\t\t<div class=\"elementor-element elementor-element-c4fd1fc elementor-widget elementor-widget-text-editor\" data-id=\"c4fd1fc\" data-element_type=\"widget\" data-e-type=\"widget\" data-widget_type=\"text-editor.default\">\n\t\t\t\t<div class=\"elementor-widget-container\">\n\t\t\t\t\t\t\t\t\t<p><strong>2. Tube en acier sans soudure 347 : Adapt\u00e9 aux conditions de haute temp\u00e9rature et de haute pression<\/strong><\/p><ul><li>Construction sans soudure pour une r\u00e9partition plus uniforme des contraintes<\/li><li>R\u00e9sistance \u00e0 la pression et coefficient de s\u00e9curit\u00e9 plus \u00e9lev\u00e9s<\/li><li>Mieux adapt\u00e9 aux projets exigeant une conformit\u00e9 rigoureuse aux normes ASME, ASTM et autres normes rigoureuses<\/li><\/ul>\t\t\t\t\t\t\t\t<\/div>\n\t\t\t\t<\/div>\n\t\t\t\t<div class=\"elementor-element elementor-element-484bdb0 elementor-widget elementor-widget-text-editor\" data-id=\"484bdb0\" data-element_type=\"widget\" data-e-type=\"widget\" data-widget_type=\"text-editor.default\">\n\t\t\t\t<div class=\"elementor-widget-container\">\n\t\t\t\t\t\t\t\t\t<p><strong>3. R\u00e9sistance \u00e0 haute temp\u00e9rature<\/strong><\/p><p>L'acier inoxydable 347 pr\u00e9sente une plus grande stabilit\u00e9 dans les domaines suivants :<\/p><ul><li>R\u00e9sistance sup\u00e9rieure au fluage \u00e0 haute temp\u00e9rature<\/li><li>Forte r\u00e9sistance \u00e0 la fatigue thermique<\/li><li>Ralentissement de la d\u00e9gradation des propri\u00e9t\u00e9s m\u00e9caniques au cours d'un fonctionnement \u00e0 long terme<\/li><\/ul>\t\t\t\t\t\t\t\t<\/div>\n\t\t\t\t<\/div>\n\t\t\t\t<div class=\"elementor-element elementor-element-5fed6bc elementor-widget elementor-widget-text-editor\" data-id=\"5fed6bc\" data-element_type=\"widget\" data-e-type=\"widget\" data-widget_type=\"text-editor.default\">\n\t\t\t\t<div class=\"elementor-widget-container\">\n\t\t\t\t\t\t\t\t\t<p><strong>4.Excellente usinabilit\u00e9 et soudabilit\u00e9<\/strong><\/p><p>L'acier inoxydable 347 pr\u00e9sente une excellente aptitude \u00e0 la transformation \u00e0 froid et \u00e0 chaud. Son traitement \u00e0 chaud (tel que le forgeage et le laminage \u00e0 chaud) implique g\u00e9n\u00e9ralement des temp\u00e9ratures comprises entre 1150 et 1250\u00b0C.<\/p><p>En raison de l'effet stabilisateur du niobium, les joints soud\u00e9s sont moins sensibles \u00e0 la corrosion intergranulaire, de sorte que le traitement thermique apr\u00e8s soudage n'est g\u00e9n\u00e9ralement pas n\u00e9cessaire.<\/p>\t\t\t\t\t\t\t\t<\/div>\n\t\t\t\t<\/div>\n\t\t\t\t\t<\/div>\n\t\t\t\t<\/div>\n\t\t<div class=\"elementor-element elementor-element-dfaaf83 e-flex e-con-boxed e-con e-parent\" data-id=\"dfaaf83\" data-element_type=\"container\" data-e-type=\"container\">\n\t\t\t\t\t<div class=\"e-con-inner\">\n\t\t\t\t<div class=\"elementor-element elementor-element-67a176a elementor-widget elementor-widget-heading\" data-id=\"67a176a\" data-element_type=\"widget\" data-e-type=\"widget\" data-widget_type=\"heading.default\">\n\t\t\t\t<div class=\"elementor-widget-container\">\n\t\t\t\t\t<h3 class=\"elementor-heading-title elementor-size-default\">Composition chimique du tube en acier inoxydable 347\n<\/h3>\t\t\t\t<\/div>\n\t\t\t\t<\/div>\n\t\t\t\t<div class=\"elementor-element elementor-element-3a79885 elementor-widget elementor-widget-text-editor\" data-id=\"3a79885\" data-element_type=\"widget\" data-e-type=\"widget\" data-widget_type=\"text-editor.default\">\n\t\t\t\t<div class=\"elementor-widget-container\">\n\t\t\t\t\t\t\t\t\t<table><tbody><tr><th>Standard<\/th><th>\u00c9l\u00e9ment<\/th><th>C<\/th><th>Cr<\/th><th>Mn<\/th><th>Ni<\/th><th>P<\/th><th>S<\/th><th>Si<\/th><th>Cb\/Ta<\/th><\/tr><tr><td colspan=\"1\" rowspan=\"2\">ASTM A213<br \/>\/ASTM A312<\/td><td>347<\/td><td>0,08 max<\/td><td>min : 17.0<br \/>max : 20.0<\/td><td>2.0 max<\/td><td>min : 9.0<br \/>max : 13.0<\/td><td>0,04 max<\/td><td>0.30<br \/>max<\/td><td>0.75<br \/>max<\/td><td>min:10x C<br \/>max : 1.0<\/td><\/tr><tr><td>347H<\/td><td>min : 0,04<br \/>max : 0.10<\/td><td>min : 17.0<br \/>max : 20.0<\/td><td>2.0 max<\/td><td>min : 9.0<br \/>max : 13.0<\/td><td>0,03 max<\/td><td>0.30<br \/>max<\/td><td>0.75<br \/>max<\/td><td>min:10x C<br \/>max : 1.0<\/td><\/tr><\/tbody><\/table>\t\t\t\t\t\t\t\t<\/div>\n\t\t\t\t<\/div>\n\t\t\t\t\t<\/div>\n\t\t\t\t<\/div>\n\t\t<div class=\"elementor-element elementor-element-180e660 e-flex e-con-boxed e-con e-parent\" data-id=\"180e660\" data-element_type=\"container\" data-e-type=\"container\">\n\t\t\t\t\t<div class=\"e-con-inner\">\n\t\t\t\t<div class=\"elementor-element elementor-element-856e879 elementor-widget elementor-widget-heading\" data-id=\"856e879\" data-element_type=\"widget\" data-e-type=\"widget\" data-widget_type=\"heading.default\">\n\t\t\t\t<div class=\"elementor-widget-container\">\n\t\t\t\t\t<h3 class=\"elementor-heading-title elementor-size-default\">Propri\u00e9t\u00e9s m\u00e9caniques<\/h3>\t\t\t\t<\/div>\n\t\t\t\t<\/div>\n\t\t\t\t<div class=\"elementor-element elementor-element-15b588b elementor-widget elementor-widget-text-editor\" data-id=\"15b588b\" data-element_type=\"widget\" data-e-type=\"widget\" data-widget_type=\"text-editor.default\">\n\t\t\t\t<div class=\"elementor-widget-container\">\n\t\t\t\t\t\t\t\t\t<table class=\"table\"><tbody><tr><th>Grade<\/th><th>R\u00e9sistance \u00e0 la traction ksi (MPa) min<\/th><th>Limite d'\u00e9lasticit\u00e9 0.2% ksi offset ksi (MPa) min<\/th><th>Allongement (% dans 50mm) min<\/th><th>Duret\u00e9 (Brinell) MAX<\/th><th>Duret\u00e9 (Rockwell B) MAX<\/th><\/tr><tr><td>347\/347H<\/td><td>75<br \/>(515)<\/td><td>30<br \/>(205)<\/td><td>40<\/td><td>201<\/td><td>95<\/td><\/tr><\/tbody><\/table>\t\t\t\t\t\t\t\t<\/div>\n\t\t\t\t<\/div>\n\t\t\t\t\t<\/div>\n\t\t\t\t<\/div>\n\t\t<div class=\"elementor-element elementor-element-46a4eb3 e-flex e-con-boxed e-con e-parent\" data-id=\"46a4eb3\" data-element_type=\"container\" data-e-type=\"container\">\n\t\t\t\t\t<div class=\"e-con-inner\">\n\t\t\t\t<div class=\"elementor-element elementor-element-a4ad9d9 elementor-widget elementor-widget-heading\" data-id=\"a4ad9d9\" data-element_type=\"widget\" data-e-type=\"widget\" data-widget_type=\"heading.default\">\n\t\t\t\t<div class=\"elementor-widget-container\">\n\t\t\t\t\t<h2 class=\"elementor-heading-title elementor-size-default\">Applications<\/h2>\t\t\t\t<\/div>\n\t\t\t\t<\/div>\n\t\t\t\t<div class=\"elementor-element elementor-element-494dd5c elementor-widget elementor-widget-text-editor\" data-id=\"494dd5c\" data-element_type=\"widget\" data-e-type=\"widget\" data-widget_type=\"text-editor.default\">\n\t\t\t\t<div class=\"elementor-widget-container\">\n\t\t\t\t\t\t\t\t\t<p>Gr\u00e2ce \u00e0 ses caract\u00e9ristiques de performance uniques, le tube sans soudure en acier inoxydable 347 joue un r\u00f4le indispensable dans de nombreuses industries.<\/p>\t\t\t\t\t\t\t\t<\/div>\n\t\t\t\t<\/div>\n\t\t\t\t<div class=\"elementor-element elementor-element-226f583 elementor-widget elementor-widget-text-editor\" data-id=\"226f583\" data-element_type=\"widget\" data-e-type=\"widget\" data-widget_type=\"text-editor.default\">\n\t\t\t\t<div class=\"elementor-widget-container\">\n\t\t\t\t\t\t\t\t\t<p><strong>Usines p\u00e9troli\u00e8res et chimiques<\/strong><\/p><p>Les tubes en acier inoxydable 347 offrent une performance stable apr\u00e8s soudage et une r\u00e9sistance \u00e0 la corrosion intergranulaire, minimisant ainsi les temps d'arr\u00eat non planifi\u00e9s.<\/p>\t\t\t\t\t\t\t\t<\/div>\n\t\t\t\t<\/div>\n\t\t\t\t<div class=\"elementor-element elementor-element-6cd585c elementor-widget elementor-widget-text-editor\" data-id=\"6cd585c\" data-element_type=\"widget\" data-e-type=\"widget\" data-widget_type=\"text-editor.default\">\n\t\t\t\t<div class=\"elementor-widget-container\">\n\t\t\t\t\t\t\t\t\t<p><strong>Ing\u00e9nierie de l'\u00e9nergie et de la puissance<\/strong><\/p><p>Les tubes en acier 347 pr\u00e9sentent une stabilit\u00e9 de r\u00e9sistance \u00e0 long terme \u00e0 haute temp\u00e9rature et ont une dur\u00e9e de vie sup\u00e9rieure \u00e0 20 ans.<\/p>\t\t\t\t\t\t\t\t<\/div>\n\t\t\t\t<\/div>\n\t\t\t\t<div class=\"elementor-element elementor-element-0ec288d elementor-widget elementor-widget-text-editor\" data-id=\"0ec288d\" data-element_type=\"widget\" data-e-type=\"widget\" data-widget_type=\"text-editor.default\">\n\t\t\t\t<div class=\"elementor-widget-container\">\n\t\t\t\t\t\t\t\t\t<p><strong>Fours industriels et \u00e9quipements de traitement thermique<\/strong><\/p><p>L'acier inoxydable 347 r\u00e9siste \u00e0 la fatigue thermique, ce qui le rend id\u00e9al pour les applications avec des cycles de d\u00e9marrage et d'arr\u00eat fr\u00e9quents.<\/p>\t\t\t\t\t\t\t\t<\/div>\n\t\t\t\t<\/div>\n\t\t\t\t\t<\/div>\n\t\t\t\t<\/div>\n\t\t\t\t<\/div>","protected":false},"excerpt":{"rendered":"<p>Le tube sans soudure en acier inoxydable 347 est un acier inoxydable aust\u00e9nitique stabilis\u00e9 au niobium (Nb), optimis\u00e9 pour les hautes temp\u00e9ratures et les environnements de service \u00e0 long terme.<\/p>\n<p>Excellente r\u00e9sistance \u00e0 la corrosion intergranulaire<\/p>\n<p>Propri\u00e9t\u00e9s sup\u00e9rieures \u00e0 haute temp\u00e9rature<\/p>\n<p>Bonne usinabilit\u00e9 et soudabilit\u00e9<\/p>","protected":false},"featured_media":2499,"template":"","meta":{"_eb_attr":""},"product_brand":[],"product_cat":[30],"product_tag":[],"class_list":{"0":"post-2492","1":"product","2":"type-product","3":"status-publish","4":"has-post-thumbnail","6":"product_cat-stainless-steel-seamless-pipe","8":"first","9":"instock","10":"shipping-taxable","11":"product-type-simple"},"_links":{"self":[{"href":"https:\/\/jblstainless.com\/fr\/wp-json\/wp\/v2\/product\/2492","targetHints":{"allow":["GET"]}}],"collection":[{"href":"https:\/\/jblstainless.com\/fr\/wp-json\/wp\/v2\/product"}],"about":[{"href":"https:\/\/jblstainless.com\/fr\/wp-json\/wp\/v2\/types\/product"}],"version-history":[{"count":13,"href":"https:\/\/jblstainless.com\/fr\/wp-json\/wp\/v2\/product\/2492\/revisions"}],"predecessor-version":[{"id":2509,"href":"https:\/\/jblstainless.com\/fr\/wp-json\/wp\/v2\/product\/2492\/revisions\/2509"}],"wp:featuredmedia":[{"embeddable":true,"href":"https:\/\/jblstainless.com\/fr\/wp-json\/wp\/v2\/media\/2499"}],"wp:attachment":[{"href":"https:\/\/jblstainless.com\/fr\/wp-json\/wp\/v2\/media?parent=2492"}],"wp:term":[{"taxonomy":"product_brand","embeddable":true,"href":"https:\/\/jblstainless.com\/fr\/wp-json\/wp\/v2\/product_brand?post=2492"},{"taxonomy":"product_cat","embeddable":true,"href":"https:\/\/jblstainless.com\/fr\/wp-json\/wp\/v2\/product_cat?post=2492"},{"taxonomy":"product_tag","embeddable":true,"href":"https:\/\/jblstainless.com\/fr\/wp-json\/wp\/v2\/product_tag?post=2492"}],"curies":[{"name":"wp","href":"https:\/\/api.w.org\/{rel}","templated":true}]}}