{"id":2545,"date":"2026-04-02T17:17:46","date_gmt":"2026-04-02T09:17:46","guid":{"rendered":"https:\/\/jblstainless.com\/?post_type=product&#038;p=2545"},"modified":"2026-04-03T16:31:15","modified_gmt":"2026-04-03T08:31:15","slug":"tube-en-acier-inoxydable-410s","status":"publish","type":"product","link":"https:\/\/jblstainless.com\/fr\/410s-stainless-steel-pipe\/","title":{"rendered":"Tube en acier inoxydable 410S"},"content":{"rendered":"<div data-elementor-type=\"product-post\" data-elementor-id=\"2545\" class=\"elementor elementor-2545\" data-elementor-post-type=\"product\">\n\t\t\t\t<div class=\"elementor-element elementor-element-2836fb1 e-flex e-con-boxed e-con e-parent\" data-id=\"2836fb1\" data-element_type=\"container\" data-e-type=\"container\">\n\t\t\t\t\t<div class=\"e-con-inner\">\n\t\t\t\t<div class=\"elementor-element elementor-element-245b9d0 elementor-widget elementor-widget-text-editor\" data-id=\"245b9d0\" data-element_type=\"widget\" data-e-type=\"widget\" data-widget_type=\"text-editor.default\">\n\t\t\t\t<div class=\"elementor-widget-container\">\n\t\t\t\t\t\t\t\t\t<p>Le tuyau en acier inoxydable 410S est un acier inoxydable ferritique \u00e0 faible teneur en carbone qui conserve une excellente r\u00e9sistance \u00e0 l'oxydation tout en am\u00e9liorant consid\u00e9rablement la soudabilit\u00e9 gr\u00e2ce \u00e0 une teneur r\u00e9duite en carbone.<\/p><p>Par rapport au 410 : soudabilit\u00e9 plus r\u00e9guli\u00e8re, r\u00e9duisant le risque de fissuration ;<\/p><p>Par rapport \u00e0 304 : co\u00fbt nettement inf\u00e9rieur tout en respectant les conditions d'utilisation r\u00e9sistantes \u00e0 la chaleur.<\/p><p>Les tuyaux en acier inoxydable 410S sont consid\u00e9r\u00e9s comme un \u201cmat\u00e9riau \u00e9conomique r\u00e9sistant \u00e0 la chaleur\u201d pour les environnements \u00e0 haute temp\u00e9rature.<\/p>\t\t\t\t\t\t\t\t<\/div>\n\t\t\t\t<\/div>\n\t\t\t\t\t<\/div>\n\t\t\t\t<\/div>\n\t\t<div class=\"elementor-element elementor-element-4ecb03b e-flex e-con-boxed e-con e-parent\" data-id=\"4ecb03b\" data-element_type=\"container\" data-e-type=\"container\">\n\t\t\t\t\t<div class=\"e-con-inner\">\n\t\t\t\t<div class=\"elementor-element elementor-element-d55cc6b elementor-widget elementor-widget-heading\" data-id=\"d55cc6b\" data-element_type=\"widget\" data-e-type=\"widget\" data-widget_type=\"heading.default\">\n\t\t\t\t<div class=\"elementor-widget-container\">\n\t\t\t\t\t<h2 class=\"elementor-heading-title elementor-size-default\">Sp\u00e9cification du tube en acier inoxydable 410S<\/h2>\t\t\t\t<\/div>\n\t\t\t\t<\/div>\n\t\t\t\t<div class=\"elementor-element elementor-element-1112af3 elementor-widget elementor-widget-text-editor\" data-id=\"1112af3\" data-element_type=\"widget\" data-e-type=\"widget\" data-widget_type=\"text-editor.default\">\n\t\t\t\t<div class=\"elementor-widget-container\">\n\t\t\t\t\t\t\t\t\t<p>Mat\u00e9riau : AISI 410S \/ UNS S41008 \/ EN 1.4000<\/p><p>Taille : 1\/4\u2033 - 16\u2033<\/p><p>Annexes : Sch 10, 40, 80, 160, XXH<\/p><p>Longueur : 1 - 6m, sur mesure selon les besoins<\/p><p>Traitement de surface : NO.1, 2B, NO.4, BA, HL, Miroir<\/p>\t\t\t\t\t\t\t\t<\/div>\n\t\t\t\t<\/div>\n\t\t\t\t<div class=\"elementor-element elementor-element-885d3d9 elementor-widget elementor-widget-image\" data-id=\"885d3d9\" data-element_type=\"widget\" data-e-type=\"widget\" data-widget_type=\"image.default\">\n\t\t\t\t<div class=\"elementor-widget-container\">\n\t\t\t\t\t\t\t\t\t\t\t\t\t\t\t<img fetchpriority=\"high\" decoding=\"async\" width=\"800\" height=\"400\" src=\"https:\/\/jblstainless.com\/wp-content\/uploads\/2025\/06\/316-pipe-surface-finish.webp\" class=\"attachment-large size-large wp-image-1669\" alt=\"Tube en acier inoxydable 430\" srcset=\"https:\/\/jblstainless.com\/wp-content\/uploads\/2025\/06\/316-pipe-surface-finish.webp 1000w, https:\/\/jblstainless.com\/wp-content\/uploads\/2025\/06\/316-pipe-surface-finish-300x150.webp 300w, https:\/\/jblstainless.com\/wp-content\/uploads\/2025\/06\/316-pipe-surface-finish-768x384.webp 768w, https:\/\/jblstainless.com\/wp-content\/uploads\/2025\/06\/316-pipe-surface-finish-18x9.webp 18w, https:\/\/jblstainless.com\/wp-content\/uploads\/2025\/06\/316-pipe-surface-finish-600x300.webp 600w\" sizes=\"(max-width: 800px) 100vw, 800px\" \/>\t\t\t\t\t\t\t\t\t\t\t\t\t\t\t<\/div>\n\t\t\t\t<\/div>\n\t\t\t\t<div class=\"elementor-element elementor-element-c19d32d elementor-widget elementor-widget-heading\" data-id=\"c19d32d\" data-element_type=\"widget\" data-e-type=\"widget\" data-widget_type=\"heading.default\">\n\t\t\t\t<div class=\"elementor-widget-container\">\n\t\t\t\t\t<h3 class=\"elementor-heading-title elementor-size-default\">Avantages<\/h3>\t\t\t\t<\/div>\n\t\t\t\t<\/div>\n\t\t\t\t<div class=\"elementor-element elementor-element-e32bd65 elementor-widget elementor-widget-text-editor\" data-id=\"e32bd65\" data-element_type=\"widget\" data-e-type=\"widget\" data-widget_type=\"text-editor.default\">\n\t\t\t\t<div class=\"elementor-widget-container\">\n\t\t\t\t\t\t\t\t\t<ul><li>Excellente r\u00e9sistance \u00e0 l'oxydation (adapt\u00e9e \u00e0 600-800\u00b0C)<\/li><li>La conception \u00e0 faible teneur en carbone r\u00e9duit la corrosion intergranulaire<\/li><li>Bonne soudabilit\u00e9<\/li><li>Co\u00fbt nettement inf\u00e9rieur \u00e0 celui des aciers inoxydables aust\u00e9nitiques (tels que 304)<\/li><\/ul>\t\t\t\t\t\t\t\t<\/div>\n\t\t\t\t<\/div>\n\t\t\t\t\t<\/div>\n\t\t\t\t<\/div>\n\t\t<div class=\"elementor-element elementor-element-e29eef9 e-flex e-con-boxed e-con e-parent\" data-id=\"e29eef9\" data-element_type=\"container\" data-e-type=\"container\">\n\t\t\t\t\t<div class=\"e-con-inner\">\n\t\t\t\t<div class=\"elementor-element elementor-element-509ae0e elementor-widget elementor-widget-heading\" data-id=\"509ae0e\" data-element_type=\"widget\" data-e-type=\"widget\" data-widget_type=\"heading.default\">\n\t\t\t\t<div class=\"elementor-widget-container\">\n\t\t\t\t\t<h2 class=\"elementor-heading-title elementor-size-default\">Qu'est-ce que l'acier inoxydable 410S ?<\/h2>\t\t\t\t<\/div>\n\t\t\t\t<\/div>\n\t\t\t\t<div class=\"elementor-element elementor-element-f553c48 elementor-widget elementor-widget-text-editor\" data-id=\"f553c48\" data-element_type=\"widget\" data-e-type=\"widget\" data-widget_type=\"text-editor.default\">\n\t\t\t\t<div class=\"elementor-widget-container\">\n\t\t\t\t\t\t\t\t\t<p>L'acier inoxydable 410S est un acier inoxydable martensitique \u00e0 faible teneur en carbone et une version modifi\u00e9e \u00e0 faible teneur en carbone de l'acier inoxydable 410 (13% de chrome). Il emp\u00eache le durcissement et la fissuration pendant les processus \u00e0 haute temp\u00e9rature ou de soudage en contr\u00f4lant la teneur en carbone (g\u00e9n\u00e9ralement \u2264 0,08%), am\u00e9liore la soudabilit\u00e9, emp\u00eache le durcissement m\u00eame pendant un refroidissement rapide, maintient une ductilit\u00e9 \u00e9lev\u00e9e et r\u00e9sout compl\u00e8tement le probl\u00e8me traditionnel de la \u201cfragilisation apr\u00e8s soudage\u201d associ\u00e9 \u00e0 l'acier inoxydable 410. Par rapport au 410, le 410S offre une meilleure usinabilit\u00e9 et soudabilit\u00e9, mais une r\u00e9sistance l\u00e9g\u00e8rement inf\u00e9rieure.<\/p>\t\t\t\t\t\t\t\t<\/div>\n\t\t\t\t<\/div>\n\t\t\t\t<div class=\"elementor-element elementor-element-3c186c4 elementor-widget elementor-widget-heading\" data-id=\"3c186c4\" data-element_type=\"widget\" data-e-type=\"widget\" data-widget_type=\"heading.default\">\n\t\t\t\t<div class=\"elementor-widget-container\">\n\t\t\t\t\t<h3 class=\"elementor-heading-title elementor-size-default\">Caract\u00e9ristiques<\/h3>\t\t\t\t<\/div>\n\t\t\t\t<\/div>\n\t\t\t\t<div class=\"elementor-element elementor-element-d289879 elementor-widget elementor-widget-text-editor\" data-id=\"d289879\" data-element_type=\"widget\" data-e-type=\"widget\" data-widget_type=\"text-editor.default\">\n\t\t\t\t<div class=\"elementor-widget-container\">\n\t\t\t\t\t\t\t\t\t<p>L'acier inoxydable 410S combine la r\u00e9sistance de l'acier martensitique avec la r\u00e9sistance \u00e0 la corrosion de l'acier ferritique.<\/p>\t\t\t\t\t\t\t\t<\/div>\n\t\t\t\t<\/div>\n\t\t\t\t<div class=\"elementor-element elementor-element-9fe7307 elementor-widget elementor-widget-text-editor\" data-id=\"9fe7307\" data-element_type=\"widget\" data-e-type=\"widget\" data-widget_type=\"text-editor.default\">\n\t\t\t\t<div class=\"elementor-widget-container\">\n\t\t\t\t\t\t\t\t\t<p><strong>R\u00e9sistance \u00e0 la corrosion :<\/strong><\/p><p>Il pr\u00e9sente une bonne r\u00e9sistance \u00e0 l'exposition atmosph\u00e9rique, \u00e0 l'eau, \u00e0 l'eau douce, aux acides organiques et inorganiques doux, aux alcalis et \u00e0 certains produits chimiques, avec des performances particuli\u00e8rement remarquables dans les environnements oxydants.<\/p>\t\t\t\t\t\t\t\t<\/div>\n\t\t\t\t<\/div>\n\t\t\t\t<div class=\"elementor-element elementor-element-5f63e63 elementor-widget elementor-widget-text-editor\" data-id=\"5f63e63\" data-element_type=\"widget\" data-e-type=\"widget\" data-widget_type=\"text-editor.default\">\n\t\t\t\t<div class=\"elementor-widget-container\">\n\t\t\t\t\t\t\t\t\t<p><strong>R\u00e9sistance aux hautes temp\u00e9ratures :<\/strong><\/p><p>Il offre une excellente r\u00e9sistance \u00e0 l'oxydation dans les environnements \u00e0 haute temp\u00e9rature. Il peut \u00eatre utilis\u00e9 en continu \u00e0 1300\u00b0F (environ 705\u00b0C) et peut m\u00eame supporter des temp\u00e9ratures plus \u00e9lev\u00e9es pendant de courtes p\u00e9riodes.<\/p>\t\t\t\t\t\t\t\t<\/div>\n\t\t\t\t<\/div>\n\t\t\t\t<div class=\"elementor-element elementor-element-cc7dc0c elementor-widget elementor-widget-text-editor\" data-id=\"cc7dc0c\" data-element_type=\"widget\" data-e-type=\"widget\" data-widget_type=\"text-editor.default\">\n\t\t\t\t<div class=\"elementor-widget-container\">\n\t\t\t\t\t\t\t\t\t<p><strong>Formabilit\u00e9 :<\/strong><\/p><p>En raison de sa teneur r\u00e9duite en carbone, le 410S offre une formabilit\u00e9 nettement am\u00e9lior\u00e9e. Il peut \u00eatre facilement form\u00e9 par des proc\u00e9d\u00e9s tels que le filage, le cintrage et le laminage, et conserve sa souplesse et sa ductilit\u00e9 m\u00eame apr\u00e8s un traitement thermique.<\/p>\t\t\t\t\t\t\t\t<\/div>\n\t\t\t\t<\/div>\n\t\t\t\t<div class=\"elementor-element elementor-element-e7fa2d1 elementor-widget elementor-widget-text-editor\" data-id=\"e7fa2d1\" data-element_type=\"widget\" data-e-type=\"widget\" data-widget_type=\"text-editor.default\">\n\t\t\t\t<div class=\"elementor-widget-container\">\n\t\t\t\t\t\t\t\t\t<p><strong>Soudabilit\u00e9 :<\/strong><\/p><p>Sup\u00e9rieure \u00e0 la norme 410. En raison de sa composition \u00e0 faible teneur en carbone, il est moins sujet \u00e0 la pr\u00e9cipitation de carbure pendant le soudage, ce qui r\u00e9duit le risque de fissures de soudure. Cependant, un contr\u00f4le minutieux du processus est toujours n\u00e9cessaire pendant le soudage afin d'\u00e9viter les ruptures fragiles.<\/p>\t\t\t\t\t\t\t\t<\/div>\n\t\t\t\t<\/div>\n\t\t\t\t<div class=\"elementor-element elementor-element-8b64bbd elementor-widget elementor-widget-text-editor\" data-id=\"8b64bbd\" data-element_type=\"widget\" data-e-type=\"widget\" data-widget_type=\"text-editor.default\">\n\t\t\t\t<div class=\"elementor-widget-container\">\n\t\t\t\t\t\t\t\t\t<p><strong>Propri\u00e9t\u00e9s m\u00e9caniques :<\/strong><\/p><p>Bien qu'il ne se pr\u00eate pas au durcissement par traitement thermique, il se transforme enti\u00e8rement en structure ferritique lorsqu'il est recuit (1600-1650\u00b0F).<\/p>\t\t\t\t\t\t\t\t<\/div>\n\t\t\t\t<\/div>\n\t\t\t\t\t<\/div>\n\t\t\t\t<\/div>\n\t\t<div class=\"elementor-element elementor-element-2759337 e-flex e-con-boxed e-con e-parent\" data-id=\"2759337\" data-element_type=\"container\" data-e-type=\"container\">\n\t\t\t\t\t<div class=\"e-con-inner\">\n\t\t\t\t<div class=\"elementor-element elementor-element-ae88d49 elementor-widget elementor-widget-heading\" data-id=\"ae88d49\" data-element_type=\"widget\" data-e-type=\"widget\" data-widget_type=\"heading.default\">\n\t\t\t\t<div class=\"elementor-widget-container\">\n\t\t\t\t\t<h2 class=\"elementor-heading-title elementor-size-default\">Applications<\/h2>\t\t\t\t<\/div>\n\t\t\t\t<\/div>\n\t\t\t\t<div class=\"elementor-element elementor-element-f5659a3 elementor-widget elementor-widget-text-editor\" data-id=\"f5659a3\" data-element_type=\"widget\" data-e-type=\"widget\" data-widget_type=\"text-editor.default\">\n\t\t\t\t<div class=\"elementor-widget-container\">\n\t\t\t\t\t\t\t\t\t<ul><li><strong>Industrie automobile :<\/strong><\/li><\/ul><p>Son excellente r\u00e9sistance aux temp\u00e9ratures \u00e9lev\u00e9es et \u00e0 la corrosion le rend appropri\u00e9 pour les syst\u00e8mes d'\u00e9chappement automobiles (tels que les silencieux, les tuyaux d'\u00e9chappement et les convertisseurs catalytiques).<\/p><ul><li><strong>Chaudi\u00e8res et chambres de combustion :<\/strong><\/li><\/ul><p>Utilis\u00e9 dans les composants des fours, les chambres de combustion et les conduits de fum\u00e9e - composants qui n\u00e9cessitent une r\u00e9sistance aux temp\u00e9ratures \u00e9lev\u00e9es et \u00e0 l'oxydation.<\/p><ul><li><strong>Industrie p\u00e9trochimique :<\/strong><\/li><\/ul><p>Utilis\u00e9 dans les composants tels que les plaques \u00e0 plateaux, les tubes, les \u00e9changeurs de chaleur, les pompes et les vannes, en particulier dans les environnements l\u00e9g\u00e8rement corrosifs.<\/p><ul><li><strong>Articles de cuisine et appareils m\u00e9nagers :<\/strong><\/li><\/ul><p>En raison de sa r\u00e9sistance \u00e0 la corrosion et de son attrait esth\u00e9tique, il est \u00e9galement utilis\u00e9 dans la fabrication d'ustensiles de cuisine (tels que les \u00e9viers et les fours) et de bo\u00eetiers d'appareils \u00e9lectrom\u00e9nagers.<\/p>\t\t\t\t\t\t\t\t<\/div>\n\t\t\t\t<\/div>\n\t\t\t\t\t<\/div>\n\t\t\t\t<\/div>\n\t\t<div class=\"elementor-element elementor-element-92a3ed3 e-flex e-con-boxed e-con e-parent\" data-id=\"92a3ed3\" data-element_type=\"container\" data-e-type=\"container\">\n\t\t\t\t\t<div class=\"e-con-inner\">\n\t\t\t\t<div class=\"elementor-element elementor-element-f683365 elementor-widget elementor-widget-heading\" data-id=\"f683365\" data-element_type=\"widget\" data-e-type=\"widget\" data-widget_type=\"heading.default\">\n\t\t\t\t<div class=\"elementor-widget-container\">\n\t\t\t\t\t<h3 class=\"elementor-heading-title elementor-size-default\">Pourquoi choisir le tube en acier inoxydable 410S<\/h3>\t\t\t\t<\/div>\n\t\t\t\t<\/div>\n\t\t\t\t<div class=\"elementor-element elementor-element-be5b97d elementor-widget elementor-widget-text-editor\" data-id=\"be5b97d\" data-element_type=\"widget\" data-e-type=\"widget\" data-widget_type=\"text-editor.default\">\n\t\t\t\t<div class=\"elementor-widget-container\">\n\t\t\t\t\t\t\t\t\t<p>1. r\u00e9duire les co\u00fbts globaux des mat\u00e9riaux du projet (20-30% d'\u00e9conomies par rapport \u00e0 l'acier inoxydable 304)<\/p><p>2. r\u00e9duire le risque de fissures dues au soudage et \u00e0 la fatigue thermique<\/p><p>3. am\u00e9liorer la stabilit\u00e9 op\u00e9rationnelle \u00e0 long terme des \u00e9quipements dans des environnements \u00e0 haute temp\u00e9rature<\/p>\t\t\t\t\t\t\t\t<\/div>\n\t\t\t\t<\/div>\n\t\t\t\t<div class=\"elementor-element elementor-element-dbad876 elementor-widget elementor-widget-heading\" data-id=\"dbad876\" data-element_type=\"widget\" data-e-type=\"widget\" data-widget_type=\"heading.default\">\n\t\t\t\t<div class=\"elementor-widget-container\">\n\t\t\t\t\t<h3 class=\"elementor-heading-title elementor-size-default\">Acier inoxydable 410S vs 304<\/h3>\t\t\t\t<\/div>\n\t\t\t\t<\/div>\n\t\t\t\t<div class=\"elementor-element elementor-element-9407045 elementor-widget elementor-widget-text-editor\" data-id=\"9407045\" data-element_type=\"widget\" data-e-type=\"widget\" data-widget_type=\"text-editor.default\">\n\t\t\t\t<div class=\"elementor-widget-container\">\n\t\t\t\t\t\t\t\t\t<table class=\"table\"><tbody><tr><td>Mat\u00e9riau<\/td><td>Tube en acier inoxydable 410S<\/td><td>Tube en acier inoxydable 304<\/td><\/tr><tr><td>Teneur en carbone<\/td><td>faible (\u22640,08%)<\/td><td>\u22640.08%<\/td><\/tr><tr><td>Soudabilit\u00e9<\/td><td>Excellent (sans traitement thermique, pas de fissuration)<\/td><td>Excellentes caract\u00e9ristiques de soudage et d'emboutissage<\/td><\/tr><tr><td>R\u00e9sistance \u00e0 la corrosion (environnements doux)<\/td><td>Bon<\/td><td>Excellent<\/td><\/tr><tr><td>R\u00e9sistance \u00e0 l'oxydation \u00e0 haute temp\u00e9rature<\/td><td>Excellente \u00e0 650-800\u00b0C<\/td><td>Excellent<\/td><\/tr><tr><td>Co\u00fbt<\/td><td>Un rapport co\u00fbt-efficacit\u00e9 \u00e9lev\u00e9<\/td><td>20%-30% co\u00fbt plus \u00e9lev\u00e9<\/td><\/tr><\/tbody><\/table>\t\t\t\t\t\t\t\t<\/div>\n\t\t\t\t<\/div>\n\t\t\t\t<div class=\"elementor-element elementor-element-d4e19fc elementor-widget elementor-widget-text-editor\" data-id=\"d4e19fc\" data-element_type=\"widget\" data-e-type=\"widget\" data-widget_type=\"text-editor.default\">\n\t\t\t\t<div class=\"elementor-widget-container\">\n\t\t\t\t\t\t\t\t\t<p>JBLSTAINLESS est un fabricant et fournisseur professionnel de tubes et tuyaux en acier inoxydable. Nous proposons une large gamme de tubes en acier inoxydable 410 de diff\u00e9rents types et tailles, ainsi que des solutions industrielles fiables :<\/p><ul><li>Plus de 15 ans d'exp\u00e9rience dans la fabrication d'acier inoxydable<\/li><li>Stricte conformit\u00e9 avec les normes ASTM\/EN<\/li><li>Certificats d'essai des mat\u00e9riaux (MTC) fournis<\/li><li>Soutien aux tests effectu\u00e9s par des tiers (SGS\/BV)<\/li><li>Dimensions personnalis\u00e9es disponibles (OD\/WT\/Longueur)<\/li><\/ul><div>\u00a0<\/div><div><div>Si vous recherchez un tube en acier inoxydable qui allie r\u00e9sistance aux temp\u00e9ratures \u00e9lev\u00e9es et ma\u00eetrise des co\u00fbts, le 410S est le choix id\u00e9al.<\/div><\/div>\t\t\t\t\t\t\t\t<\/div>\n\t\t\t\t<\/div>\n\t\t\t\t\t<\/div>\n\t\t\t\t<\/div>\n\t\t\t\t<\/div>","protected":false},"excerpt":{"rendered":"<p>Le tuyau en acier inoxydable 410S est un acier inoxydable ferritique \u00e0 faible teneur en carbone qui conserve une excellente r\u00e9sistance \u00e0 l'oxydation tout en am\u00e9liorant consid\u00e9rablement la soudabilit\u00e9 gr\u00e2ce \u00e0 une teneur r\u00e9duite en carbone.<\/p>\n<p>Excellente r\u00e9sistance \u00e0 l'oxydation (adapt\u00e9e \u00e0 600-800\u00b0C)<\/p>\n<p>La conception \u00e0 faible teneur en carbone r\u00e9duit la corrosion intergranulaire<\/p>\n<p>Bonne soudabilit\u00e9<\/p>\n<p>Co\u00fbt nettement inf\u00e9rieur \u00e0 celui des aciers inoxydables aust\u00e9nitiques (tels que 304)<\/p>","protected":false},"featured_media":2556,"template":"","meta":{"_eb_attr":""},"product_brand":[],"product_cat":[30],"product_tag":[],"class_list":{"0":"post-2545","1":"product","2":"type-product","3":"status-publish","4":"has-post-thumbnail","6":"product_cat-stainless-steel-seamless-pipe","8":"first","9":"instock","10":"shipping-taxable","11":"product-type-simple"},"_links":{"self":[{"href":"https:\/\/jblstainless.com\/fr\/wp-json\/wp\/v2\/product\/2545","targetHints":{"allow":["GET"]}}],"collection":[{"href":"https:\/\/jblstainless.com\/fr\/wp-json\/wp\/v2\/product"}],"about":[{"href":"https:\/\/jblstainless.com\/fr\/wp-json\/wp\/v2\/types\/product"}],"version-history":[{"count":13,"href":"https:\/\/jblstainless.com\/fr\/wp-json\/wp\/v2\/product\/2545\/revisions"}],"predecessor-version":[{"id":2562,"href":"https:\/\/jblstainless.com\/fr\/wp-json\/wp\/v2\/product\/2545\/revisions\/2562"}],"wp:featuredmedia":[{"embeddable":true,"href":"https:\/\/jblstainless.com\/fr\/wp-json\/wp\/v2\/media\/2556"}],"wp:attachment":[{"href":"https:\/\/jblstainless.com\/fr\/wp-json\/wp\/v2\/media?parent=2545"}],"wp:term":[{"taxonomy":"product_brand","embeddable":true,"href":"https:\/\/jblstainless.com\/fr\/wp-json\/wp\/v2\/product_brand?post=2545"},{"taxonomy":"product_cat","embeddable":true,"href":"https:\/\/jblstainless.com\/fr\/wp-json\/wp\/v2\/product_cat?post=2545"},{"taxonomy":"product_tag","embeddable":true,"href":"https:\/\/jblstainless.com\/fr\/wp-json\/wp\/v2\/product_tag?post=2545"}],"curies":[{"name":"wp","href":"https:\/\/api.w.org\/{rel}","templated":true}]}}