{"id":1236,"date":"2025-04-02T17:33:36","date_gmt":"2025-04-02T09:33:36","guid":{"rendered":"https:\/\/jblstainless.com\/?post_type=product&#038;p=1236"},"modified":"2025-07-14T16:43:58","modified_gmt":"2025-07-14T08:43:58","slug":"tubi-in-acciaio-inossidabile-senza-saldatura","status":"publish","type":"product","link":"https:\/\/jblstainless.com\/it\/seamless-stainless-steel-tubing\/","title":{"rendered":"Tubi in acciaio inox senza saldatura"},"content":{"rendered":"<p>I tubi senza saldatura in acciaio inossidabile sono un materiale per tubazioni ad alta resistenza, resistente alla corrosione e alle alte temperature, e il design senza saldature garantisce maggiore affidabilit\u00e0 e sicurezza. Offriamo una gamma completa di materiali in acciaio inossidabile, tra cui tubi senza saldatura in acciaio inossidabile austenitico, tubi senza saldatura in acciaio inossidabile martensitico, tubi senza saldatura in acciaio inossidabile ferritico, ecc., ampiamente utilizzati nei settori petrolifero, chimico, elettrico, aerospaziale, dell'ingegneria oceanica, ecc.<\/p>\n<table class=\"table\">\n<tbody>\n<tr>\n<td>Materiale<\/td>\n<td>Caratteristica<\/td>\n<td>Grado dell'acciaio<\/td>\n<td>Dimensione<\/td>\n<\/tr>\n<tr>\n<td>Acciaio inossidabile austenitico<\/td>\n<td>eccellente resistenza alla corrosione, adatto per prodotti chimici<br \/>\ne ingegneria navale.<\/td>\n<td>304.316.317, ecc.<\/td>\n<td>OD: 6,0~813,0 mm<br \/>\nWT:SCH5S~SCH80S<\/td>\n<\/tr>\n<tr>\n<td>Acciaio inossidabile martensitico<\/td>\n<td>elevata resistenza, adatto per l'ingegneria meccanica.<\/td>\n<td>410, 420, 431, ecc.<\/td>\n<td>OD: 6,0~813,0 mm<br \/>\nWT:SCH5S~SCH80S<\/td>\n<\/tr>\n<tr>\n<td>Acciaio inox duplex<\/td>\n<td>migliore resistenza alla corrosione e maggiore resistenza<\/td>\n<td>S32205, S31803, ecc.<\/td>\n<td>OD: 19,0~254 mm<br \/>\nWT: SCH5S~SCH80S<\/td>\n<\/tr>\n<\/tbody>\n<\/table>\n<p><img fetchpriority=\"high\" decoding=\"async\" class=\"wp-image-1042 size-full\" src=\"https:\/\/jblstainless.com\/wp-content\/uploads\/2025\/02\/stainless-pipe.webp\" alt=\"tubo inox\" width=\"1001\" height=\"300\" srcset=\"https:\/\/jblstainless.com\/wp-content\/uploads\/2025\/02\/stainless-pipe.webp 1001w, https:\/\/jblstainless.com\/wp-content\/uploads\/2025\/02\/stainless-pipe-300x90.webp 300w, https:\/\/jblstainless.com\/wp-content\/uploads\/2025\/02\/stainless-pipe-768x230.webp 768w, https:\/\/jblstainless.com\/wp-content\/uploads\/2025\/02\/stainless-pipe-18x5.webp 18w, https:\/\/jblstainless.com\/wp-content\/uploads\/2025\/02\/stainless-pipe-600x180.webp 600w\" sizes=\"(max-width: 1001px) 100vw, 1001px\" \/><\/p>\n<p>I nostri tubi senza saldatura sono realizzati in acciaio inossidabile di elevata purezza e lavorati per garantire resistenza alla corrosione e alle alte temperature. Dalle materie prime ai prodotti finiti, implementiamo un rigoroso sistema di gestione della qualit\u00e0 per garantire la conformit\u00e0 agli standard internazionali ASTM A312 e GB\/T 14976. Utilizziamo tecnologie di laminazione di precisione e trattamento termico per garantire uno spessore uniforme delle pareti e l'assenza di difetti, soddisfacendo i severi requisiti di applicazioni quali petrolio, chimica ed energia elettrica.<\/p>\n<h2><strong>Specifiche dei tubi senza saldatura in acciaio inossidabile<\/strong><\/h2>\n<table>\n<tbody>\n<tr>\n<td colspan=\"1\" rowspan=\"1\">Articolo<\/td>\n<td colspan=\"2\" rowspan=\"1\">Tubo senza saldatura in acciaio inossidabile<\/td>\n<\/tr>\n<tr>\n<td colspan=\"1\" rowspan=\"1\">Grado dell'acciaio<\/td>\n<td colspan=\"2\" rowspan=\"1\">Serie 200, serie 300, serie 400, 904L, 2205, ecc.<\/td>\n<\/tr>\n<tr>\n<td colspan=\"1\" rowspan=\"1\">Standard<\/td>\n<td colspan=\"2\" rowspan=\"1\">ASTM A213, A312, ASTM A269, ASTM A778, ASTM A789, DIN 17456, DIN 17457, DIN 17459, JIS G3459,<\/p>\n<p>JIS G3463, GOST9941, EN10216, BS3605, GB13296<\/td>\n<\/tr>\n<tr>\n<td colspan=\"1\" rowspan=\"1\">Materiale<\/td>\n<td colspan=\"2\" rowspan=\"1\">304, 304L, 309S, 310S, 316, 316Ti, 317, 317L, 321, 347, 347H, 304N, 316L, 316N, 201, 2205, ecc.<\/td>\n<\/tr>\n<tr>\n<td colspan=\"1\" rowspan=\"1\">Superficie<\/td>\n<td colspan=\"2\" rowspan=\"1\">Lucidatura, ricottura, decapaggio, brillantatura<\/td>\n<\/tr>\n<tr>\n<td colspan=\"1\" rowspan=\"1\">Tipo<\/td>\n<td colspan=\"2\" rowspan=\"1\">laminato a caldo, laminato a freddo<\/td>\n<\/tr>\n<tr>\n<td colspan=\"1\" rowspan=\"1\">Spessore della parete<\/td>\n<td colspan=\"2\" rowspan=\"1\">1 mm-150 mm (SCH10-XXS)<\/td>\n<\/tr>\n<tr>\n<td colspan=\"1\" rowspan=\"1\">Diametro esterno<\/td>\n<td colspan=\"2\" rowspan=\"1\">6 mm-2500 mm (3\/8\u2033-100\u2033)<\/td>\n<\/tr>\n<tr>\n<td colspan=\"1\" rowspan=\"1\">Tempi di consegna<\/td>\n<td colspan=\"2\" rowspan=\"1\">Consegna rapida o secondo la quantit\u00e0 dell'ordine.<\/td>\n<\/tr>\n<tr>\n<td colspan=\"1\" rowspan=\"1\">Pacchetto<\/td>\n<td colspan=\"2\" rowspan=\"1\">Imballaggio standard per esportazione marittima o secondo necessit\u00e0.<\/td>\n<\/tr>\n<\/tbody>\n<\/table>\n<p>Grazie alle sue eccellenti prestazioni, il tubo senza saldatura in acciaio inossidabile \u00e8 stato il materiale preferito per le tubazioni nei settori petrolifero, chimico, elettrico e in altri campi. Che abbiate bisogno di dimensioni standard o speciali, siamo in grado di soddisfare le vostre esigenze.<\/p>\n<h2>Perch\u00e9 scegliere JBLSTEEL come fornitore di tubi senza saldatura?<\/h2>\n<h3><strong>Servizio di personalizzazione<\/strong><\/h3>\n<p>Siamo consapevoli che ogni progetto \u00e8 unico, pertanto offriamo soluzioni personalizzate in termini di dimensioni e specifiche per soddisfare le esigenze specifiche di ogni progetto. Richiedi qui la tua proposta personalizzata:<\/p>\n<p><strong>1. Dimensioni uniche:<\/strong> Disponiamo delle specifiche complete dei prodotti; dimensioni e forme non standard possono essere personalizzate. Le nostre avanzate capacit\u00e0 di lavorazione CNC e di ingegneria di precisione ci consentono di produrre tubi secondo le vostre specifiche esatte.<\/p>\n<p><strong>2. Materiale:<\/strong> Scegliete tra una vasta gamma di tipi di materiali, tra cui acciai inossidabili austenitici, ferritici, martensitici e duplex, in base alle esigenze del vostro progetto, comprese applicazioni ad alta temperatura, resistenti alla corrosione o ad alta pressione.<\/p>\n<p><strong>3. Trattamenti superficiali:<\/strong> Scegli finiture superficiali come lucidatura, ricottura, decapaggio e brillantatura per ottenere una finitura brillante e liscia, migliorare l'estetica, ridurre la rugosit\u00e0 superficiale e aumentare la resistenza alla corrosione.<\/p>\n<p><strong>4. Progetti speciali:<\/strong> Selezionare il materiale (ad esempio 316L resistente alla corrosione, 304 per uso generico) e le specifiche (DN15-DN600) in base ai requisiti del progetto per garantire la conformit\u00e0 ai requisiti ingegneristici. Possiamo personalizzare le dimensioni dei tubi non standard o le forme personalizzate per soddisfare le esigenze specifiche del vostro progetto.<\/p>\n<p><img decoding=\"async\" class=\"wp-image-1357 size-full\" src=\"https:\/\/jblstainless.com\/wp-content\/uploads\/2025\/04\/stainless-steel-pipe-surface-treatment.webp\" alt=\"trattamento superficiale dei tubi in acciaio inossidabile\" width=\"1000\" height=\"493\" srcset=\"https:\/\/jblstainless.com\/wp-content\/uploads\/2025\/04\/stainless-steel-pipe-surface-treatment.webp 1000w, https:\/\/jblstainless.com\/wp-content\/uploads\/2025\/04\/stainless-steel-pipe-surface-treatment-300x148.webp 300w, https:\/\/jblstainless.com\/wp-content\/uploads\/2025\/04\/stainless-steel-pipe-surface-treatment-768x379.webp 768w, https:\/\/jblstainless.com\/wp-content\/uploads\/2025\/04\/stainless-steel-pipe-surface-treatment-18x9.webp 18w, https:\/\/jblstainless.com\/wp-content\/uploads\/2025\/04\/stainless-steel-pipe-surface-treatment-600x296.webp 600w\" sizes=\"(max-width: 1000px) 100vw, 1000px\" \/><\/p>\n<h3>Materiali di alta qualit\u00e0<\/h3>\n<p>Le materie prime vengono acquistate da rinomate acciaierie (ad esempio Baosteel, Shagang, TISCO, ecc.), i materiali sono di alta qualit\u00e0 e conformi agli standard internazionali ASTM, DIN, JIS, ecc., garantendo prestazioni e durata eccellenti. Il tubo in acciaio adotta una tecnologia di laminazione di precisione e trattamento termico per garantire uno spessore uniforme delle pareti e l'assenza di difetti.<\/p>\n<h3>Qualit\u00e0 garantita<\/h3>\n<p>Rigoroso controllo qualit\u00e0: il nostro processo di produzione all'avanguardia prevede rigorosi controlli qualit\u00e0 dalle materie prime ai prodotti finiti, per garantire che ogni prodotto soddisfi i pi\u00f9 elevati standard, fornendo rapporti di prova per garantire una consegna senza difetti. Certificazione di terze parti: accettiamo anche ispezioni di terze parti per garantire che i nostri prodotti soddisfino gli standard.<\/p>\n<ul>\n<li>Fornire certificato di garanzia della qualit\u00e0, rapporto di ispezione, ecc.<\/li>\n<\/ul>\n<p><img decoding=\"async\" class=\"wp-image-1361 size-full\" src=\"https:\/\/jblstainless.com\/wp-content\/uploads\/2025\/04\/seamless-stainless-steel-pipe-quality-inspection.webp\" alt=\"Controllo qualit\u00e0 dei tubi in acciaio inossidabile senza saldatura\" width=\"1000\" height=\"660\" srcset=\"https:\/\/jblstainless.com\/wp-content\/uploads\/2025\/04\/seamless-stainless-steel-pipe-quality-inspection.webp 1000w, https:\/\/jblstainless.com\/wp-content\/uploads\/2025\/04\/seamless-stainless-steel-pipe-quality-inspection-300x198.webp 300w, https:\/\/jblstainless.com\/wp-content\/uploads\/2025\/04\/seamless-stainless-steel-pipe-quality-inspection-768x507.webp 768w, https:\/\/jblstainless.com\/wp-content\/uploads\/2025\/04\/seamless-stainless-steel-pipe-quality-inspection-18x12.webp 18w, https:\/\/jblstainless.com\/wp-content\/uploads\/2025\/04\/seamless-stainless-steel-pipe-quality-inspection-600x396.webp 600w\" sizes=\"(max-width: 1000px) 100vw, 1000px\" \/><\/p>\n<h3>Ampia gamma di applicazioni dei tubi senza saldatura in acciaio inossidabile<\/h3>\n<p>I tubi senza saldatura in acciaio inossidabile hanno una vasta gamma di applicazioni grazie alla loro eccellente resistenza alla corrosione, alla resistenza alle alte temperature e all'elevata resistenza:<\/p>\n<ul>\n<li>Settore petrolifero: utilizzato per il trasporto di petrolio e gas in acque profonde, per garantire la stabilit\u00e0 delle condutture in ambienti ad alta pressione.<\/li>\n<li>Settore chimico: resistenza alla corrosione da acidi e alcali, per garantire il trasporto sicuro delle materie prime chimiche.<\/li>\n<li>Settore energetico: la resistenza alle alte temperature favorisce il funzionamento a lungo termine delle caldaie e migliora l'efficienza della produzione di energia.<\/li>\n<\/ul>\n<h3>Prezzo competitivo<\/h3>\n<ul>\n<li>\n<h4>Prezzo ragionevole<\/h4>\n<\/li>\n<\/ul>\n<p>La nostra fabbrica \u00e8 vicina alle acciaierie Angang, il che riduce i costi di trasporto, i tubi senza saldatura hanno prezzi competitivi e le scorte sufficienti riducono l'impatto delle fluttuazioni dei prezzi delle materie prime.<\/p>\n<ul>\n<li>\n<h4>Campione disponibile<\/h4>\n<\/li>\n<\/ul>\n<p>Forniamo campioni gratuiti disponibili in magazzino per verificare la qualit\u00e0 dei nostri prodotti prima di effettuare gli ordini.<\/p>\n<ul>\n<li>\n<h4>Quantit\u00e0 minima ordinabile<\/h4>\n<\/li>\n<\/ul>\n<p>La quantit\u00e0 minima ordinabile presso i fornitori di acciaio \u00e8 solitamente di 1 tonnellata. Tuttavia, noi offriamo quantit\u00e0 minime ordinabili pi\u00f9 flessibili: indipendentemente dal fatto che abbiate ordini grandi o piccoli, siamo in grado di fornirvi una soluzione adeguata.<\/p>\n<h3>Buone capacit\u00e0 nella catena di approvvigionamento<\/h3>\n<ul>\n<li>\n<h4>Impianti di produzione avanzati<\/h4>\n<\/li>\n<\/ul>\n<p>Il nostro stabilimento dispone di scorte sufficienti, \u00e8 dotato di linee di produzione automatizzate e dispone di attrezzature di produzione avanzate quali laminatoi a caldo, laminatoi a freddo, punzonatrici, ecc., che riducono i tempi di produzione e migliorano notevolmente l'efficienza produttiva. Sulla base delle specifiche e delle tolleranze fornite, JBLSTEEL progetta, produce e consegna tubi in acciaio inossidabile di alta qualit\u00e0 per gli ordini.<\/p>\n<p><img loading=\"lazy\" decoding=\"async\" class=\"wp-image-1324 size-full\" src=\"https:\/\/jblstainless.com\/wp-content\/uploads\/2025\/03\/seamless-pipe-production-process.webp\" alt=\"processo di produzione di tubi senza saldatura\" width=\"1140\" height=\"730\" srcset=\"https:\/\/jblstainless.com\/wp-content\/uploads\/2025\/03\/seamless-pipe-production-process.webp 1140w, https:\/\/jblstainless.com\/wp-content\/uploads\/2025\/03\/seamless-pipe-production-process-300x192.webp 300w, https:\/\/jblstainless.com\/wp-content\/uploads\/2025\/03\/seamless-pipe-production-process-1024x656.webp 1024w, https:\/\/jblstainless.com\/wp-content\/uploads\/2025\/03\/seamless-pipe-production-process-768x492.webp 768w, https:\/\/jblstainless.com\/wp-content\/uploads\/2025\/03\/seamless-pipe-production-process-18x12.webp 18w, https:\/\/jblstainless.com\/wp-content\/uploads\/2025\/03\/seamless-pipe-production-process-600x384.webp 600w\" sizes=\"(max-width: 1140px) 100vw, 1140px\" \/><\/p>\n<ul>\n<li>\n<h4>Metodi di trasporto multipli<\/h4>\n<\/li>\n<\/ul>\n<p>Supportiamo il trasporto espresso, marittimo, terrestre, aereo e ferroviario e abbiamo instaurato una collaborazione stabile e di lunga durata con diverse aziende di logistica per garantire la consegna puntuale e la sicurezza dei prodotti.<\/p>\n<ul>\n<li>\n<h4>Consegna puntuale<\/h4>\n<\/li>\n<\/ul>\n<p>Dall'ordine alla consegna, rispettiamo rigorosamente i requisiti di qualit\u00e0 per soddisfare le vostre scadenze di produzione.<\/p>\n<ul>\n<li>\n<h4>Garanzia post-vendita<\/h4>\n<\/li>\n<\/ul>\n<p>Forniamo un servizio post-vendita 7*24 ore su 24 per risolvere i vostri problemi in qualsiasi momento. Disponiamo inoltre di un team di professionisti che fornisce servizi di installazione, messa in funzione, manutenzione e altri servizi relativi ai prodotti.<\/p>\n<h3>Costruisci una partnership a lungo termine con JBLSTEEL<\/h3>\n<h4>Condizioni di pagamento flessibili<\/h4>\n<p>Supportiamo una variet\u00e0 di metodi di pagamento, come TT, LC, Alipay, ecc., con condizioni di pagamento anticipato e finale gestibili.<\/p>","protected":false},"excerpt":{"rendered":"<p>I tubi senza saldatura in acciaio inossidabile sono un tipo di tubi senza saldatura realizzati in acciaio inossidabile di alta qualit\u00e0, con un design privo di saldature per garantire maggiore affidabilit\u00e0 e sicurezza.<\/p>\n<p>Materiale:<\/p>\n<ul>\n<li>304<\/li>\n<li>316<\/li>\n<li>317<\/li>\n<li>321<\/li>\n<li>ecc.<\/li>\n<\/ul>\n<p>&nbsp;<\/p>\n<ol>\n<li>alta resistenza<\/li>\n<li>resistente alla corrosione<\/li>\n<li>resistente alle alte temperature<\/li>\n<\/ol>","protected":false},"featured_media":1316,"template":"","meta":{"_eb_attr":""},"product_brand":[],"product_cat":[30],"product_tag":[],"class_list":{"0":"post-1236","1":"product","2":"type-product","3":"status-publish","4":"has-post-thumbnail","6":"product_cat-stainless-steel-seamless-pipe","8":"first","9":"instock","10":"shipping-taxable","11":"product-type-simple"},"_links":{"self":[{"href":"https:\/\/jblstainless.com\/it\/wp-json\/wp\/v2\/product\/1236","targetHints":{"allow":["GET"]}}],"collection":[{"href":"https:\/\/jblstainless.com\/it\/wp-json\/wp\/v2\/product"}],"about":[{"href":"https:\/\/jblstainless.com\/it\/wp-json\/wp\/v2\/types\/product"}],"version-history":[{"count":13,"href":"https:\/\/jblstainless.com\/it\/wp-json\/wp\/v2\/product\/1236\/revisions"}],"predecessor-version":[{"id":1390,"href":"https:\/\/jblstainless.com\/it\/wp-json\/wp\/v2\/product\/1236\/revisions\/1390"}],"wp:featuredmedia":[{"embeddable":true,"href":"https:\/\/jblstainless.com\/it\/wp-json\/wp\/v2\/media\/1316"}],"wp:attachment":[{"href":"https:\/\/jblstainless.com\/it\/wp-json\/wp\/v2\/media?parent=1236"}],"wp:term":[{"taxonomy":"product_brand","embeddable":true,"href":"https:\/\/jblstainless.com\/it\/wp-json\/wp\/v2\/product_brand?post=1236"},{"taxonomy":"product_cat","embeddable":true,"href":"https:\/\/jblstainless.com\/it\/wp-json\/wp\/v2\/product_cat?post=1236"},{"taxonomy":"product_tag","embeddable":true,"href":"https:\/\/jblstainless.com\/it\/wp-json\/wp\/v2\/product_tag?post=1236"}],"curies":[{"name":"wp","href":"https:\/\/api.w.org\/{rel}","templated":true}]}}