{"id":1503,"date":"2025-05-08T15:45:07","date_gmt":"2025-05-08T07:45:07","guid":{"rendered":"https:\/\/jblstainless.com\/?post_type=product&#038;p=1503"},"modified":"2025-07-14T15:34:58","modified_gmt":"2025-07-14T07:34:58","slug":"304-tubo-saldato-in-acciaio-inox","status":"publish","type":"product","link":"https:\/\/jblstainless.com\/it\/304-stainless-steel-welded-pipe\/","title":{"rendered":"304 Tubo saldato in acciaio inox"},"content":{"rendered":"<div data-elementor-type=\"product-post\" data-elementor-id=\"1503\" class=\"elementor elementor-1503\" data-elementor-post-type=\"product\">\n\t\t\t\t<div class=\"elementor-element elementor-element-5adbd4a e-flex e-con-boxed e-con e-parent\" data-id=\"5adbd4a\" data-element_type=\"container\" data-e-type=\"container\">\n\t\t\t\t\t<div class=\"e-con-inner\">\n\t\t\t\t<div class=\"elementor-element elementor-element-acac518 elementor-widget elementor-widget-text-editor\" data-id=\"acac518\" data-element_type=\"widget\" data-e-type=\"widget\" data-widget_type=\"text-editor.default\">\n\t\t\t\t<div class=\"elementor-widget-container\">\n\t\t\t\t\t\t\t\t\t<p>Il tubo saldato in acciaio inox 304 \u00e8 un prodotto inossidabile austenitico laminato e saldato per fusione lungo la sua lunghezza. Contiene circa 18-20% di cromo e 8-11% di nichel, che gli conferiscono un'eccellente resistenza generale alla corrosione e all'ossidazione e una formabilit\u00e0 che lo rende stabile in una variet\u00e0 di ambienti difficili.<\/p><p>La norma ASTM A312 copre i gradi 304\/304L sia per i tubi senza saldatura che per quelli saldati, specificandone le propriet\u00e0 meccaniche, l'accuratezza dimensionale e i requisiti di finitura superficiale, destinati a servizi ad alta temperatura e corrosivi, adatti al trasporto di fluidi a media e bassa pressione e alle esigenze decorative.<\/p><p>A seconda del processo e dell'applicazione, i tubi saldati in acciaio inox possono essere classificati come saldati a cordone liscio (LSAW), saldati a spirale (SSAW) o saldati ad alta frequenza (ERW) e sono disponibili in un'ampia gamma di opzioni superficiali, come decapaggio, lucidatura o finitura a specchio.<\/p>\t\t\t\t\t\t\t\t<\/div>\n\t\t\t\t<\/div>\n\t\t\t\t\t<\/div>\n\t\t\t\t<\/div>\n\t\t<div class=\"elementor-element elementor-element-db57733 e-flex e-con-boxed e-con e-parent\" data-id=\"db57733\" data-element_type=\"container\" data-e-type=\"container\">\n\t\t\t\t\t<div class=\"e-con-inner\">\n\t\t\t\t<div class=\"elementor-element elementor-element-eed67ce elementor-widget elementor-widget-image\" data-id=\"eed67ce\" data-element_type=\"widget\" data-e-type=\"widget\" data-widget_type=\"image.default\">\n\t\t\t\t<div class=\"elementor-widget-container\">\n\t\t\t\t\t\t\t\t\t\t\t\t<figure class=\"wp-caption\">\n\t\t\t\t\t\t\t\t\t\t<img fetchpriority=\"high\" decoding=\"async\" width=\"300\" height=\"300\" src=\"https:\/\/jblstainless.com\/wp-content\/uploads\/2025\/04\/LSAW-steel-tube-300x300.webp\" class=\"attachment-medium size-medium wp-image-1412\" alt=\"tubo saldato in acciaio inox\" srcset=\"https:\/\/jblstainless.com\/wp-content\/uploads\/2025\/04\/LSAW-steel-tube-300x300.webp 300w, https:\/\/jblstainless.com\/wp-content\/uploads\/2025\/04\/LSAW-steel-tube-150x150.webp 150w, https:\/\/jblstainless.com\/wp-content\/uploads\/2025\/04\/LSAW-steel-tube-12x12.webp 12w, https:\/\/jblstainless.com\/wp-content\/uploads\/2025\/04\/LSAW-steel-tube-600x600.webp 600w, https:\/\/jblstainless.com\/wp-content\/uploads\/2025\/04\/LSAW-steel-tube-100x100.webp 100w, https:\/\/jblstainless.com\/wp-content\/uploads\/2025\/04\/LSAW-steel-tube.webp 750w\" sizes=\"(max-width: 300px) 100vw, 300px\" \/>\t\t\t\t\t\t\t\t\t\t\t<figcaption class=\"widget-image-caption wp-caption-text\">LSAW<\/figcaption>\n\t\t\t\t\t\t\t\t\t\t<\/figure>\n\t\t\t\t\t\t\t\t\t<\/div>\n\t\t\t\t<\/div>\n\t\t\t\t<div class=\"elementor-element elementor-element-b894752 elementor-widget elementor-widget-image\" data-id=\"b894752\" data-element_type=\"widget\" data-e-type=\"widget\" data-widget_type=\"image.default\">\n\t\t\t\t<div class=\"elementor-widget-container\">\n\t\t\t\t\t\t\t\t\t\t\t\t<figure class=\"wp-caption\">\n\t\t\t\t\t\t\t\t\t\t<img decoding=\"async\" width=\"300\" height=\"300\" src=\"https:\/\/jblstainless.com\/wp-content\/uploads\/2025\/04\/ssaw-tube-300x300.webp\" class=\"attachment-medium size-medium wp-image-1413\" alt=\"tubi saldati in acciaio inossidabile\" srcset=\"https:\/\/jblstainless.com\/wp-content\/uploads\/2025\/04\/ssaw-tube-300x300.webp 300w, https:\/\/jblstainless.com\/wp-content\/uploads\/2025\/04\/ssaw-tube-150x150.webp 150w, https:\/\/jblstainless.com\/wp-content\/uploads\/2025\/04\/ssaw-tube-768x768.webp 768w, https:\/\/jblstainless.com\/wp-content\/uploads\/2025\/04\/ssaw-tube-12x12.webp 12w, https:\/\/jblstainless.com\/wp-content\/uploads\/2025\/04\/ssaw-tube-600x600.webp 600w, https:\/\/jblstainless.com\/wp-content\/uploads\/2025\/04\/ssaw-tube-100x100.webp 100w, https:\/\/jblstainless.com\/wp-content\/uploads\/2025\/04\/ssaw-tube.webp 800w\" sizes=\"(max-width: 300px) 100vw, 300px\" \/>\t\t\t\t\t\t\t\t\t\t\t<figcaption class=\"widget-image-caption wp-caption-text\">SSAW<\/figcaption>\n\t\t\t\t\t\t\t\t\t\t<\/figure>\n\t\t\t\t\t\t\t\t\t<\/div>\n\t\t\t\t<\/div>\n\t\t\t\t<div class=\"elementor-element elementor-element-fec39c6 elementor-widget elementor-widget-image\" data-id=\"fec39c6\" data-element_type=\"widget\" data-e-type=\"widget\" data-widget_type=\"image.default\">\n\t\t\t\t<div class=\"elementor-widget-container\">\n\t\t\t\t\t\t\t\t\t\t\t\t<figure class=\"wp-caption\">\n\t\t\t\t\t\t\t\t\t\t<img decoding=\"async\" width=\"300\" height=\"300\" src=\"https:\/\/jblstainless.com\/wp-content\/uploads\/2025\/04\/erw-stainless-steel-pipe-300x300.webp\" class=\"attachment-medium size-medium wp-image-1411\" alt=\"304 tubo saldato in acciaio inox\" srcset=\"https:\/\/jblstainless.com\/wp-content\/uploads\/2025\/04\/erw-stainless-steel-pipe-300x300.webp 300w, https:\/\/jblstainless.com\/wp-content\/uploads\/2025\/04\/erw-stainless-steel-pipe-150x150.webp 150w, https:\/\/jblstainless.com\/wp-content\/uploads\/2025\/04\/erw-stainless-steel-pipe-768x768.webp 768w, https:\/\/jblstainless.com\/wp-content\/uploads\/2025\/04\/erw-stainless-steel-pipe-12x12.webp 12w, https:\/\/jblstainless.com\/wp-content\/uploads\/2025\/04\/erw-stainless-steel-pipe-600x600.webp 600w, https:\/\/jblstainless.com\/wp-content\/uploads\/2025\/04\/erw-stainless-steel-pipe-100x100.webp 100w, https:\/\/jblstainless.com\/wp-content\/uploads\/2025\/04\/erw-stainless-steel-pipe.webp 779w\" sizes=\"(max-width: 300px) 100vw, 300px\" \/>\t\t\t\t\t\t\t\t\t\t\t<figcaption class=\"widget-image-caption wp-caption-text\">ERW<\/figcaption>\n\t\t\t\t\t\t\t\t\t\t<\/figure>\n\t\t\t\t\t\t\t\t\t<\/div>\n\t\t\t\t<\/div>\n\t\t\t\t\t<\/div>\n\t\t\t\t<\/div>\n\t\t<div class=\"elementor-element elementor-element-bfc6116 e-flex e-con-boxed e-con e-parent\" data-id=\"bfc6116\" data-element_type=\"container\" data-e-type=\"container\">\n\t\t\t\t\t<div class=\"e-con-inner\">\n\t\t\t\t<div class=\"elementor-element elementor-element-5096b75 elementor-widget elementor-widget-text-editor\" data-id=\"5096b75\" data-element_type=\"widget\" data-e-type=\"widget\" data-widget_type=\"text-editor.default\">\n\t\t\t\t<div class=\"elementor-widget-container\">\n\t\t\t\t\t\t\t\t\t<p>In qualit\u00e0 di fornitore professionale di tubi saldati in acciaio inox, ci impegniamo a fornirvi tubi saldati in acciaio inox 304 di alta qualit\u00e0 e personalizzati per garantire il regolare svolgimento del vostro progetto.<\/p>\t\t\t\t\t\t\t\t<\/div>\n\t\t\t\t<\/div>\n\t\t\t\t\t<\/div>\n\t\t\t\t<\/div>\n\t\t<div class=\"elementor-element elementor-element-93f405e e-flex e-con-boxed e-con e-parent\" data-id=\"93f405e\" data-element_type=\"container\" data-e-type=\"container\">\n\t\t\t\t\t<div class=\"e-con-inner\">\n\t\t\t\t<div class=\"elementor-element elementor-element-ce1b78b elementor-widget elementor-widget-heading\" data-id=\"ce1b78b\" data-element_type=\"widget\" data-e-type=\"widget\" data-widget_type=\"heading.default\">\n\t\t\t\t<div class=\"elementor-widget-container\">\n\t\t\t\t\t<h2 class=\"elementor-heading-title elementor-size-default\">304 Specificazione del tubo saldato in acciaio inossidabile<\/h2>\t\t\t\t<\/div>\n\t\t\t\t<\/div>\n\t\t\t\t<div class=\"elementor-element elementor-element-5bdb1da elementor-widget elementor-widget-text-editor\" data-id=\"5bdb1da\" data-element_type=\"widget\" data-e-type=\"widget\" data-widget_type=\"text-editor.default\">\n\t\t\t\t<div class=\"elementor-widget-container\">\n\t\t\t\t\t\t\t\t\t<p><b>Materiale<\/b>: 304, UNS S30400, 18Cr-8Ni<\/p><p><b>Standard<\/b>: ASME SA-312\/ASTM A312;ASTM A269\/269M<\/p><p><b>Spessore della parete<\/b>: SCH20, SCH30, SCH40, STD, SCH80, XS, SCH60, SCH80, SCH120, SCH140, SCH160, XXS<\/p><p><b>Dimensione<\/b>: 1\/8\u2033 fino a ~30\u2033, disponibile su misura<\/p><p><b>Fine<\/b>: Liscio (fresato); smussato<\/p><p><b>Finitura superficiale<\/b>: Ricotto e decapato (finitura 2B); ricotto lucido (BA) o lucidato (#4, No.8 a specchio); \u00e8 possibile aggiungere l'elettrolucidatura o la passivazione per migliorare la resistenza alla corrosione.<\/p><p><b>Test<\/b>: Test di fabbrica o di terzi (idrostatici, PMI, di durezza, ecc.) in base ai requisiti del cliente.<\/p>\t\t\t\t\t\t\t\t<\/div>\n\t\t\t\t<\/div>\n\t\t\t\t\t<\/div>\n\t\t\t\t<\/div>\n\t\t<div class=\"elementor-element elementor-element-6972d15 e-flex e-con-boxed e-con e-parent\" data-id=\"6972d15\" data-element_type=\"container\" data-e-type=\"container\">\n\t\t\t\t\t<div class=\"e-con-inner\">\n\t\t\t\t<div class=\"elementor-element elementor-element-97ca120 elementor-widget elementor-widget-heading\" data-id=\"97ca120\" data-element_type=\"widget\" data-e-type=\"widget\" data-widget_type=\"heading.default\">\n\t\t\t\t<div class=\"elementor-widget-container\">\n\t\t\t\t\t<h3 class=\"elementor-heading-title elementor-size-default\">304 Tabella di programmazione dei tubi saldati<\/h3>\t\t\t\t<\/div>\n\t\t\t\t<\/div>\n\t\t\t\t<div class=\"elementor-element elementor-element-46e7a3d elementor-widget elementor-widget-text-editor\" data-id=\"46e7a3d\" data-element_type=\"widget\" data-e-type=\"widget\" data-widget_type=\"text-editor.default\">\n\t\t\t\t<div class=\"elementor-widget-container\">\n\t\t\t\t\t\t\t\t\t<table><tbody><tr><th>1\/8\u2033 IPS(.405\u2033O. D.)<\/th><th>3 1\/2\u2033 IPS( 4.000\u2033O. D.)<\/th><\/tr><tr><td>SCH 40, 80<\/td><td>SCH 10, 40, 80, 160, XXH<\/td><\/tr><tr><th>1\/4\u2033 IPS(.540\u2033O. D.)<\/th><th>4\u2033 IPS (4.500\u2033O. D.)<\/th><\/tr><tr><td>SCH 10, 40, 80<\/td><td>SCH 10, 40, 80, 160, XXH<\/td><\/tr><tr><th>3\/8\u2033 IPS(.675\u2033O. D.)<\/th><th>5\u2033 IPS( 5,563\u2033O. D.)<\/th><\/tr><tr><td>SCH 10, 40, 80<\/td><td>SCH 10, 40, 80, 160, XXH<\/td><\/tr><tr><th>1\/2\u2033 IPS(.840\u2033O. D.)<\/th><th>6\u2033 IPS (6,625\u2033O. D.)<\/th><\/tr><tr><td>SCH 5, 10, 40, 80, 160, XXH<\/td><td>SCH 5, 10, 40, 80, 120, 160, XXH<\/td><\/tr><tr><th>3\/4\u2033 IPS (1,050\u2033O.D.)<\/th><th>8 \u201d IPS (8,625\u2033O. D.)<\/th><\/tr><tr><td>SCH 10, 40, 80, 160, XXH<\/td><td>SCH 5, 10, 40, 80, 120, 160, XXH<\/td><\/tr><tr><th>1\u2033 IPS:(1.315\u2032O. D.)<\/th><th>10\u2033 IPS (10,750\u2033O. D.)<\/th><\/tr><tr><td>SCH 5, 10, 40, 80, 160, XXH<\/td><td>SCH 10, 20, 40, 80 (.500), VERO 80(.500)<\/td><\/tr><tr><th>1-1\/4\u2033 IPS (1,660\u2033O. D.)<\/th><th>12\u2033 IPS (12,750\u2033O. D.)<\/th><\/tr><tr><td>SCH 10, 40, 80, 160, XXH<\/td><td>SCH 10, 20, 40(.375), TRUE40(.406), SCH80(.500)<\/td><\/tr><tr><th>1-1\/2\u2033 IPS (1.900\u2033O. D.)<\/th><th>14\u2033 IPS (14.000\u2033O. D.)<\/th><\/tr><tr><td>SCH 10, 40, 80, 160, XXH<\/td><td>SCH10 (.188), SCH40 (.375)<\/td><\/tr><tr><th>2\u2033 IPS (2,375\u2033O. D.)<\/th><th>16\u2033 IPS (16.000\u2033O. D.)<\/th><\/tr><tr><td>SCH 10, 40, 80, 160, XXH<\/td><td>SCH10(.188), SCH40(.375)<\/td><\/tr><tr><th>2 1\/2\u2033 IPS (2,875\u2033O. D.)<\/th><th>18\u2033 IPS (18.000\u2033O. D.)<\/th><\/tr><tr><td>SCH 10, 40, 80, 160, XXH<\/td><td>SCH-40 (.375)<\/td><\/tr><tr><th>3\u2033 IPS( 3.500\u2033O. D.)<\/th><th>\u00a0<\/th><\/tr><tr><td>SCH 5, 10, 40, 80, 160, XXH<\/td><td>\u00a0<\/td><\/tr><\/tbody><\/table>\t\t\t\t\t\t\t\t<\/div>\n\t\t\t\t<\/div>\n\t\t\t\t\t<\/div>\n\t\t\t\t<\/div>\n\t\t<div class=\"elementor-element elementor-element-f508524 e-flex e-con-boxed e-con e-parent\" data-id=\"f508524\" data-element_type=\"container\" data-e-type=\"container\">\n\t\t\t\t\t<div class=\"e-con-inner\">\n\t\t\t\t<div class=\"elementor-element elementor-element-a679e6d elementor-widget elementor-widget-heading\" data-id=\"a679e6d\" data-element_type=\"widget\" data-e-type=\"widget\" data-widget_type=\"heading.default\">\n\t\t\t\t<div class=\"elementor-widget-container\">\n\t\t\t\t\t<h2 class=\"elementor-heading-title elementor-size-default\">Acciaio inox 304 Caratteristiche<\/h2>\t\t\t\t<\/div>\n\t\t\t\t<\/div>\n\t\t\t\t<div class=\"elementor-element elementor-element-eba5e9a elementor-widget elementor-widget-text-editor\" data-id=\"eba5e9a\" data-element_type=\"widget\" data-e-type=\"widget\" data-widget_type=\"text-editor.default\">\n\t\t\t\t<div class=\"elementor-widget-container\">\n\t\t\t\t\t\t\t\t\t<p><b>1. Eccellente resistenza alla corrosione<\/b><\/p><p>Il contenuto di Cr 18% forma una pellicola di ossido passivo che resiste alla ruggine e agli acidi deboli, garantendo un'eccellente resistenza alla corrosione in ambienti atmosferici, in acqua dolce e in molti ambienti chimici.<\/p><p><b>2. Alta resistenza e durata<\/b><\/p><p>Elevata resistenza meccanica per sopportare pressioni e temperature moderate, garantendo un funzionamento stabile a lungo termine.<\/p><p><b>3. Personalizzazione flessibile<\/b><\/p><p>\u00c8 disponibile un'ampia gamma di dimensioni, materiali e opzioni di finitura superficiale per soddisfare le diverse esigenze di progetto.<\/p><p><b>4. Facile manutenzione<\/b><\/p><p>Le superfici lisce sono meno soggette all'accumulo di sporco, facili da pulire e da mantenere, riducendo i costi operativi.<\/p><p><b>5. Efficienza dei costi<br \/><\/b><br \/>Rispetto ai tubi senza saldatura, i tubi saldati sono pi\u00f9 economici da produrre, il che li rende ideali per gli acquisti all'ingrosso.<\/p><p><b>6. Sostenibile per l'ambiente<\/b><\/p><p>100% riciclabile, conforme agli standard dell'industria verde.<\/p>\t\t\t\t\t\t\t\t<\/div>\n\t\t\t\t<\/div>\n\t\t\t\t\t<\/div>\n\t\t\t\t<\/div>\n\t\t<div class=\"elementor-element elementor-element-ab25134 e-flex e-con-boxed e-con e-parent\" data-id=\"ab25134\" data-element_type=\"container\" data-e-type=\"container\">\n\t\t\t\t\t<div class=\"e-con-inner\">\n\t\t\t\t<div class=\"elementor-element elementor-element-ef7ba0c elementor-widget elementor-widget-heading\" data-id=\"ef7ba0c\" data-element_type=\"widget\" data-e-type=\"widget\" data-widget_type=\"heading.default\">\n\t\t\t\t<div class=\"elementor-widget-container\">\n\t\t\t\t\t<h2 class=\"elementor-heading-title elementor-size-default\">Propriet\u00e0 meccaniche dell'acciaio inossidabile 304\n<\/h2>\t\t\t\t<\/div>\n\t\t\t\t<\/div>\n\t\t\t\t<div class=\"elementor-element elementor-element-eae2d48 elementor-widget elementor-widget-text-editor\" data-id=\"eae2d48\" data-element_type=\"widget\" data-e-type=\"widget\" data-widget_type=\"text-editor.default\">\n\t\t\t\t<div class=\"elementor-widget-container\">\n\t\t\t\t\t\t\t\t\t<p>Resistenza alla trazione: \u226575 ksi (\u2248515 MPa) (tipico tubo 304 ricotto).<\/p><p>Resistenza allo snervamento: \u226530 ksi (\u2248205 MPa)Allungamento: \u226528% (in calibro 2\u2033), che indica un'elevata duttilit\u00e0.<\/p><p>Durezza: 188 HB (max) tipica; tempra di lavoro se piegato o saldato.<br \/><br \/>Temperatura: Resistenza eccellente a temperature elevate. Il 304 SS mantiene le sue propriet\u00e0 a temperature di servizio elevate (fino a ~870\u00b0C continui, ~925\u00b0C intermittenti). Rimane resistente anche a temperature criogeniche.<\/p>\t\t\t\t\t\t\t\t<\/div>\n\t\t\t\t<\/div>\n\t\t\t\t\t<\/div>\n\t\t\t\t<\/div>\n\t\t<div class=\"elementor-element elementor-element-fdc6cce e-flex e-con-boxed e-con e-parent\" data-id=\"fdc6cce\" data-element_type=\"container\" data-e-type=\"container\">\n\t\t\t\t\t<div class=\"e-con-inner\">\n\t\t\t\t<div class=\"elementor-element elementor-element-69519b2 elementor-widget elementor-widget-heading\" data-id=\"69519b2\" data-element_type=\"widget\" data-e-type=\"widget\" data-widget_type=\"heading.default\">\n\t\t\t\t<div class=\"elementor-widget-container\">\n\t\t\t\t\t<h2 class=\"elementor-heading-title elementor-size-default\">304 Applicazione del tubo saldato<\/h2>\t\t\t\t<\/div>\n\t\t\t\t<\/div>\n\t\t\t\t<div class=\"elementor-element elementor-element-82b2b7b elementor-widget elementor-widget-text-editor\" data-id=\"82b2b7b\" data-element_type=\"widget\" data-e-type=\"widget\" data-widget_type=\"text-editor.default\">\n\t\t\t\t<div class=\"elementor-widget-container\">\n\t\t\t\t\t\t\t\t\t<p>Grazie alla resistenza alla corrosione e alle propriet\u00e0 meccaniche, i tubi saldati in acciaio inox 304 sono ampiamente utilizzati nei seguenti settori:<\/p><ul><li>Tubazioni industriali: per il trasporto di liquidi, gas e particelle solide, soprattutto nell'industria chimica, petrolifera e del gas.<\/li><li>Industria edile: utilizzata per ringhiere di scale, tubi decorativi e altre parti strutturali.<\/li><li>Lavorazione degli alimenti: grazie alle sue propriet\u00e0 non tossiche e innocue, viene comunemente utilizzato nella produzione di macchinari e attrezzature alimentari.<\/li><li>Dispositivi medici: Utilizzato nei dispositivi medici e nelle attrezzature chirurgiche grazie alle sue propriet\u00e0 antimicrobiche.<\/li><li>Decorazione della casa: utilizzata in mobili, attrezzature sanitarie, ecc.<\/li><\/ul>\t\t\t\t\t\t\t\t<\/div>\n\t\t\t\t<\/div>\n\t\t\t\t\t<\/div>\n\t\t\t\t<\/div>\n\t\t<div class=\"elementor-element elementor-element-d001204 e-flex e-con-boxed e-con e-parent\" data-id=\"d001204\" data-element_type=\"container\" data-e-type=\"container\">\n\t\t\t\t\t<div class=\"e-con-inner\">\n\t\t\t\t<div class=\"elementor-element elementor-element-93c87f4 elementor-widget elementor-widget-heading\" data-id=\"93c87f4\" data-element_type=\"widget\" data-e-type=\"widget\" data-widget_type=\"heading.default\">\n\t\t\t\t<div class=\"elementor-widget-container\">\n\t\t\t\t\t<h2 class=\"elementor-heading-title elementor-size-default\">304 Tubo saldato rispetto al tubo senza saldatura<\/h2>\t\t\t\t<\/div>\n\t\t\t\t<\/div>\n\t\t\t\t<div class=\"elementor-element elementor-element-82c0343 elementor-widget elementor-widget-text-editor\" data-id=\"82c0343\" data-element_type=\"widget\" data-e-type=\"widget\" data-widget_type=\"text-editor.default\">\n\t\t\t\t<div class=\"elementor-widget-container\">\n\t\t\t\t\t\t\t\t\t<p>304 Il tubo saldato \u00e8 realizzato mediante formatura e saldatura di lastre o nastri. \u00c8 pi\u00f9 economico e disponibile in lunghezze continue maggiori rispetto a quello senza saldatura. Tuttavia, il tubo senza saldatura (ricavato dalla billetta) ha una struttura a grana uniforme senza cordoni di saldatura, che conferisce una resistenza e una capacit\u00e0 di pressione leggermente superiori.<\/p><p>I tubi senza saldatura sono adatti per applicazioni che richiedono alta resistenza, alta pressione e alta tenuta, ma sono pi\u00f9 costosi; i tubi saldati sono pi\u00f9 adatti per applicazioni con budget limitati e requisiti di bassa resistenza.<\/p>\t\t\t\t\t\t\t\t<\/div>\n\t\t\t\t<\/div>\n\t\t\t\t\t<\/div>\n\t\t\t\t<\/div>\n\t\t<div class=\"elementor-element elementor-element-5fc04a3 e-flex e-con-boxed e-con e-parent\" data-id=\"5fc04a3\" data-element_type=\"container\" data-e-type=\"container\">\n\t\t\t\t\t<div class=\"e-con-inner\">\n\t\t\t\t<div class=\"elementor-element elementor-element-bdf81db elementor-widget elementor-widget-heading\" data-id=\"bdf81db\" data-element_type=\"widget\" data-e-type=\"widget\" data-widget_type=\"heading.default\">\n\t\t\t\t<div class=\"elementor-widget-container\">\n\t\t\t\t\t<h2 class=\"elementor-heading-title elementor-size-default\">Come scegliere il tubo saldato in acciaio inox 304<\/h2>\t\t\t\t<\/div>\n\t\t\t\t<\/div>\n\t\t\t\t<div class=\"elementor-element elementor-element-ae4f9c2 elementor-widget elementor-widget-text-editor\" data-id=\"ae4f9c2\" data-element_type=\"widget\" data-e-type=\"widget\" data-widget_type=\"text-editor.default\">\n\t\t\t\t<div class=\"elementor-widget-container\">\n\t\t\t\t\t\t\t\t\t<p>Suggerimenti: Scegliere il giusto processo e la giusta finitura superficiale in base ai requisiti del progetto. (lucidato per uso sanitario)<\/p><p>Nota: scegliere un fornitore conforme agli standard ASTM A312 o EN 10217-7 per garantire la qualit\u00e0 del prodotto.<\/p>\t\t\t\t\t\t\t\t<\/div>\n\t\t\t\t<\/div>\n\t\t\t\t\t<\/div>\n\t\t\t\t<\/div>\n\t\t\t\t<\/div>","protected":false},"excerpt":{"rendered":"<p>L'acciaio inossidabile 304 \u00e8 un acciaio inossidabile austenitico ampiamente utilizzato, noto per l'eccezionale resistenza alla corrosione, la forza e la versatilit\u00e0, che pu\u00f2 essere stabile in una variet\u00e0 di ambienti difficili.<\/p>\n<ul>\n<li>Diametro esterno: DN6-DN600<\/li>\n<li>Spessore della parete: 0,5 mm-50 mm<\/li>\n<li>Personalizzazione: supporto di dimensioni e trattamenti superficiali specifici<\/li>\n<\/ul>","protected":false},"featured_media":1411,"template":"","meta":{"_eb_attr":""},"product_brand":[],"product_cat":[39],"product_tag":[47,62,61],"class_list":{"0":"post-1503","1":"product","2":"type-product","3":"status-publish","4":"has-post-thumbnail","6":"product_cat-stainless-steel-welded-pipe","7":"product_tag-304-stainless-steel-pipe","8":"product_tag-304-stainless-steel-welded-pipe","9":"product_tag-welded-ss-pipe","11":"first","12":"instock","13":"shipping-taxable","14":"product-type-simple"},"_links":{"self":[{"href":"https:\/\/jblstainless.com\/it\/wp-json\/wp\/v2\/product\/1503","targetHints":{"allow":["GET"]}}],"collection":[{"href":"https:\/\/jblstainless.com\/it\/wp-json\/wp\/v2\/product"}],"about":[{"href":"https:\/\/jblstainless.com\/it\/wp-json\/wp\/v2\/types\/product"}],"version-history":[{"count":9,"href":"https:\/\/jblstainless.com\/it\/wp-json\/wp\/v2\/product\/1503\/revisions"}],"predecessor-version":[{"id":1861,"href":"https:\/\/jblstainless.com\/it\/wp-json\/wp\/v2\/product\/1503\/revisions\/1861"}],"wp:featuredmedia":[{"embeddable":true,"href":"https:\/\/jblstainless.com\/it\/wp-json\/wp\/v2\/media\/1411"}],"wp:attachment":[{"href":"https:\/\/jblstainless.com\/it\/wp-json\/wp\/v2\/media?parent=1503"}],"wp:term":[{"taxonomy":"product_brand","embeddable":true,"href":"https:\/\/jblstainless.com\/it\/wp-json\/wp\/v2\/product_brand?post=1503"},{"taxonomy":"product_cat","embeddable":true,"href":"https:\/\/jblstainless.com\/it\/wp-json\/wp\/v2\/product_cat?post=1503"},{"taxonomy":"product_tag","embeddable":true,"href":"https:\/\/jblstainless.com\/it\/wp-json\/wp\/v2\/product_tag?post=1503"}],"curies":[{"name":"wp","href":"https:\/\/api.w.org\/{rel}","templated":true}]}}