{"id":2144,"date":"2025-08-18T17:33:18","date_gmt":"2025-08-18T09:33:18","guid":{"rendered":"https:\/\/jblstainless.com\/?post_type=product&#038;p=2144"},"modified":"2025-08-18T17:39:02","modified_gmt":"2025-08-18T09:39:02","slug":"430-bobina-di-acciaio-inossidabile","status":"publish","type":"product","link":"https:\/\/jblstainless.com\/it\/430-stainless-steel-coil\/","title":{"rendered":"430 Bobina di acciaio inossidabile"},"content":{"rendered":"<div data-elementor-type=\"product-post\" data-elementor-id=\"2144\" class=\"elementor elementor-2144\" data-elementor-post-type=\"product\">\n\t\t\t\t<div class=\"elementor-element elementor-element-e9571e6 e-con-full e-flex e-con e-parent\" data-id=\"e9571e6\" data-element_type=\"container\" data-e-type=\"container\">\n\t\t\t\t<div class=\"elementor-element elementor-element-92233e6 elementor-widget-tablet__width-auto elementor-widget elementor-widget-text-editor\" data-id=\"92233e6\" data-element_type=\"widget\" data-e-type=\"widget\" data-widget_type=\"text-editor.default\">\n\t\t\t\t<div class=\"elementor-widget-container\">\n\t\t\t\t\t\t\t\t\t<p>La bobina di acciaio inox 430 \u00e8 una lega ferritica versatile, nota per l'eccellente resistenza alla corrosione e la buona formabilit\u00e0. Grazie alle sue prestazioni superiori in ambienti moderatamente corrosivi, rappresenta un'alternativa economica agli acciai inossidabili di grado superiore per gli scenari applicativi interni e di lieve entit\u00e0. L'acciaio inox 430 \u00e8 naturalmente magnetico, offre resistenza al calore e stabilit\u00e0 strutturale per elettrodomestici da cucina e pannelli decorativi.<\/p><p>L'acciaio inox 430 \u00e8 un acciaio inossidabile ferritico (grado di cromo diritto) con una struttura a reticolo cubico a corpo centrato ed \u00e8 quindi magnetico, a differenza dell'acciaio inox austenitico 304\/316.<\/p>\t\t\t\t\t\t\t\t<\/div>\n\t\t\t\t<\/div>\n\t\t\t\t<\/div>\n\t\t<div class=\"elementor-element elementor-element-ac61458 e-con-full e-flex e-con e-parent\" data-id=\"ac61458\" data-element_type=\"container\" data-e-type=\"container\">\n\t\t\t\t<div class=\"elementor-element elementor-element-1223a04 elementor-widget-tablet__width-auto elementor-widget elementor-widget-heading\" data-id=\"1223a04\" data-element_type=\"widget\" data-e-type=\"widget\" data-widget_type=\"heading.default\">\n\t\t\t\t<div class=\"elementor-widget-container\">\n\t\t\t\t\t<h2 class=\"elementor-heading-title elementor-size-default\">430 Specificazione della bobina di acciaio inossidabile<\/h2>\t\t\t\t<\/div>\n\t\t\t\t<\/div>\n\t\t\t\t<div class=\"elementor-element elementor-element-26814b8 elementor-widget-tablet__width-auto elementor-widget elementor-widget-text-editor\" data-id=\"26814b8\" data-element_type=\"widget\" data-e-type=\"widget\" data-widget_type=\"text-editor.default\">\n\t\t\t\t<div class=\"elementor-widget-container\">\n\t\t\t\t\t\t\t\t\t<table><tbody><tr><td>Articolo<\/td><td>430 Bobina di acciaio inossidabile<\/td><\/tr><tr><td>Gradi<\/td><td>430\/1.4016\/SUS430<\/td><\/tr><tr><td>Spessore<\/td><td>0,02 mm-6,0 mm<\/td><\/tr><tr><td>Larghezza<\/td><td>1,0 mm-1500 mm<\/td><\/tr><tr><td>Bordo<\/td><td>Taglio \/ Fresatura<\/td><\/tr><tr><td>Finitura superficiale<\/td><td>NO.1, 2B, 8K, HL, BA, NO.4, NO.3, o come richiesto<\/td><\/tr><tr><td>Imballaggio<\/td><td>Pacchetto standard Seaworty<br \/>Pallet di legno\/caso di legno, o come richiesto<\/td><\/tr><tr><td>Porto di spedizione<\/td><td>Shanghai\/Tianjin\/Qingdao, o come richiesto<\/td><\/tr><tr><td>Servizio campione<\/td><td>Il campione di bobina in acciaio inox 430 \u00e8 disponibile<\/td><\/tr><\/tbody><\/table>\t\t\t\t\t\t\t\t<\/div>\n\t\t\t\t<\/div>\n\t\t\t\t<\/div>\n\t\t<div class=\"elementor-element elementor-element-914a91d e-con-full e-flex e-con e-parent\" data-id=\"914a91d\" data-element_type=\"container\" data-e-type=\"container\">\n\t\t\t\t<div class=\"elementor-element elementor-element-0c78996 elementor-arrows-position-inside elementor-pagination-position-outside elementor-widget elementor-widget-image-carousel\" data-id=\"0c78996\" data-element_type=\"widget\" data-e-type=\"widget\" data-settings=\"{&quot;slides_to_show&quot;:&quot;3&quot;,&quot;slides_to_scroll&quot;:&quot;1&quot;,&quot;navigation&quot;:&quot;both&quot;,&quot;autoplay&quot;:&quot;yes&quot;,&quot;pause_on_hover&quot;:&quot;yes&quot;,&quot;pause_on_interaction&quot;:&quot;yes&quot;,&quot;autoplay_speed&quot;:5000,&quot;infinite&quot;:&quot;yes&quot;,&quot;speed&quot;:500}\" data-widget_type=\"image-carousel.default\">\n\t\t\t\t<div class=\"elementor-widget-container\">\n\t\t\t\t\t\t\t<div class=\"elementor-image-carousel-wrapper swiper\" role=\"region\" aria-roledescription=\"carousel\" aria-label=\"Carosello di immagini\" dir=\"ltr\">\n\t\t\t<div class=\"elementor-image-carousel swiper-wrapper\" aria-live=\"off\">\n\t\t\t\t\t\t\t\t<div class=\"swiper-slide\" role=\"group\" aria-roledescription=\"slide\" aria-label=\"1 di 5\"><figure class=\"swiper-slide-inner\"><img decoding=\"async\" class=\"swiper-slide-image\" src=\"https:\/\/jblstainless.com\/wp-content\/uploads\/2025\/07\/1.4016-stainless-steel-plate.webp\" alt=\"430 piastra in acciaio inox\" \/><\/figure><\/div><div class=\"swiper-slide\" role=\"group\" aria-roledescription=\"slide\" aria-label=\"2 di 5\"><figure class=\"swiper-slide-inner\"><img decoding=\"async\" class=\"swiper-slide-image\" src=\"https:\/\/jblstainless.com\/wp-content\/uploads\/2025\/08\/stainless-coil.webp\" alt=\"bobina inox\" \/><\/figure><\/div><div class=\"swiper-slide\" role=\"group\" aria-roledescription=\"slide\" aria-label=\"3 di 5\"><figure class=\"swiper-slide-inner\"><img decoding=\"async\" class=\"swiper-slide-image\" src=\"https:\/\/jblstainless.com\/wp-content\/uploads\/2025\/08\/430-stainless-steel-coil.webp\" alt=\"430 bobina di acciaio inossidabile\" \/><\/figure><\/div><div class=\"swiper-slide\" role=\"group\" aria-roledescription=\"slide\" aria-label=\"4 di 5\"><figure class=\"swiper-slide-inner\"><img decoding=\"async\" class=\"swiper-slide-image\" src=\"https:\/\/jblstainless.com\/wp-content\/uploads\/2025\/08\/stainless-steel-coil.webp\" alt=\"bobina ss 430\" \/><\/figure><\/div><div class=\"swiper-slide\" role=\"group\" aria-roledescription=\"slide\" aria-label=\"5 di 5\"><figure class=\"swiper-slide-inner\"><img decoding=\"async\" class=\"swiper-slide-image\" src=\"https:\/\/jblstainless.com\/wp-content\/uploads\/2025\/07\/plate-steel.webp\" alt=\"piastra in acciaio inox\" \/><\/figure><\/div>\t\t\t<\/div>\n\t\t\t\t\t\t\t\t\t\t\t\t<div class=\"elementor-swiper-button elementor-swiper-button-prev\" role=\"button\" tabindex=\"0\">\n\t\t\t\t\t\t<svg aria-hidden=\"true\" class=\"e-font-icon-svg e-eicon-chevron-left\" viewbox=\"0 0 1000 1000\" xmlns=\"http:\/\/www.w3.org\/2000\/svg\"><path d=\"M646 125C629 125 613 133 604 142L308 442C296 454 292 471 292 487 292 504 296 521 308 533L604 854C617 867 629 875 646 875 663 875 679 871 692 858 704 846 713 829 713 812 713 796 708 779 692 767L438 487 692 225C700 217 708 204 708 187 708 171 704 154 692 142 675 129 663 125 646 125Z\"><\/path><\/svg>\t\t\t\t\t<\/div>\n\t\t\t\t\t<div class=\"elementor-swiper-button elementor-swiper-button-next\" role=\"button\" tabindex=\"0\">\n\t\t\t\t\t\t<svg aria-hidden=\"true\" class=\"e-font-icon-svg e-eicon-chevron-right\" viewbox=\"0 0 1000 1000\" xmlns=\"http:\/\/www.w3.org\/2000\/svg\"><path d=\"M696 533C708 521 713 504 713 487 713 471 708 454 696 446L400 146C388 133 375 125 354 125 338 125 325 129 313 142 300 154 292 171 292 187 292 204 296 221 308 233L563 492 304 771C292 783 288 800 288 817 288 833 296 850 308 863 321 871 338 875 354 875 371 875 388 867 400 854L696 533Z\"><\/path><\/svg>\t\t\t\t\t<\/div>\n\t\t\t\t\n\t\t\t\t\t\t\t\t\t<div class=\"swiper-pagination\"><\/div>\n\t\t\t\t\t\t\t\t\t<\/div>\n\t\t\t\t\t\t<\/div>\n\t\t\t\t<\/div>\n\t\t\t\t<\/div>\n\t\t<div class=\"elementor-element elementor-element-3dd92e5 e-con-full e-flex e-con e-parent\" data-id=\"3dd92e5\" data-element_type=\"container\" data-e-type=\"container\">\n\t\t\t\t<div class=\"elementor-element elementor-element-38e9ae7 elementor-widget-tablet__width-auto elementor-widget elementor-widget-heading\" data-id=\"38e9ae7\" data-element_type=\"widget\" data-e-type=\"widget\" data-widget_type=\"heading.default\">\n\t\t\t\t<div class=\"elementor-widget-container\">\n\t\t\t\t\t<h3 class=\"elementor-heading-title elementor-size-default\">Composizione chimica dell'acciaio inox 430\n<\/h3>\t\t\t\t<\/div>\n\t\t\t\t<\/div>\n\t\t\t\t<div class=\"elementor-element elementor-element-5434fe3 elementor-widget-tablet__width-auto elementor-widget elementor-widget-text-editor\" data-id=\"5434fe3\" data-element_type=\"widget\" data-e-type=\"widget\" data-widget_type=\"text-editor.default\">\n\t\t\t\t<div class=\"elementor-widget-container\">\n\t\t\t\t\t\t\t\t\t<table><tbody><tr><td>Standard<\/td><td colspan=\"2\" rowspan=\"1\">Grado<\/td><td>C<\/td><td>Mn<\/td><td>P<\/td><td>S<\/td><td>Si<\/td><td>Cr<\/td><td>Ni<\/td><td>N<\/td><td>Fe<\/td><\/tr><tr><td rowspan=\"2\">ASTM<br \/>A240<\/td><td rowspan=\"2\">430<\/td><td>MIN<\/td><td>-<\/td><td>-<\/td><td>-<\/td><td>-<\/td><td>-<\/td><td>16.0<\/td><td>-<\/td><td>-<\/td><td>-<\/td><\/tr><tr><td>MAX<\/td><td>0.12<\/td><td>1.0<\/td><td>0.040<\/td><td>0.030<\/td><td>1.00<\/td><td>18.0<\/td><td>0.75<\/td><td>-<\/td><td>BAL<\/td><\/tr><\/tbody><\/table>\t\t\t\t\t\t\t\t<\/div>\n\t\t\t\t<\/div>\n\t\t\t\t<\/div>\n\t\t<div class=\"elementor-element elementor-element-43dc4b5 e-con-full e-flex e-con e-parent\" data-id=\"43dc4b5\" data-element_type=\"container\" data-e-type=\"container\">\n\t\t\t\t<div class=\"elementor-element elementor-element-6cfbe7b elementor-widget-tablet__width-auto elementor-widget elementor-widget-heading\" data-id=\"6cfbe7b\" data-element_type=\"widget\" data-e-type=\"widget\" data-widget_type=\"heading.default\">\n\t\t\t\t<div class=\"elementor-widget-container\">\n\t\t\t\t\t<h3 class=\"elementor-heading-title elementor-size-default\">Propriet\u00e0 meccaniche\n<\/h3>\t\t\t\t<\/div>\n\t\t\t\t<\/div>\n\t\t\t\t<div class=\"elementor-element elementor-element-2f57960 elementor-widget-tablet__width-auto elementor-widget elementor-widget-text-editor\" data-id=\"2f57960\" data-element_type=\"widget\" data-e-type=\"widget\" data-widget_type=\"text-editor.default\">\n\t\t\t\t<div class=\"elementor-widget-container\">\n\t\t\t\t\t\t\t\t\t<table><tbody><tr><td>Standard<\/td><td>Condizione<\/td><td>Resistenza alla trazione <br \/>Min (UTS)<\/td><td>0,2% YS Min<\/td><td>Allungamento% in 2\" Min <br \/>(50,8 mm)<\/td><td>Durezza<br \/>\u00a0Rockwell<\/td><\/tr><tr><td>ASTM A240<\/td><td>Ricotto (Min)<\/td><td>65 ksi <br \/>(450 MPa)<\/td><td>30 ksi <br \/>(205 MPa)<\/td><td>22%<\/td><td>89 HBW (max)<\/td><\/tr><\/tbody><\/table>\t\t\t\t\t\t\t\t<\/div>\n\t\t\t\t<\/div>\n\t\t\t\t<\/div>\n\t\t<div class=\"elementor-element elementor-element-258365c e-con-full e-flex e-con e-parent\" data-id=\"258365c\" data-element_type=\"container\" data-e-type=\"container\">\n\t\t\t\t<div class=\"elementor-element elementor-element-535a8d7 elementor-widget-tablet__width-auto elementor-widget elementor-widget-heading\" data-id=\"535a8d7\" data-element_type=\"widget\" data-e-type=\"widget\" data-widget_type=\"heading.default\">\n\t\t\t\t<div class=\"elementor-widget-container\">\n\t\t\t\t\t<h3 class=\"elementor-heading-title elementor-size-default\">Resistenza alla corrosione e adattabilit\u00e0 ambientale \n<\/h3>\t\t\t\t<\/div>\n\t\t\t\t<\/div>\n\t\t\t\t<div class=\"elementor-element elementor-element-4a4578f elementor-widget-tablet__width-auto elementor-widget elementor-widget-text-editor\" data-id=\"4a4578f\" data-element_type=\"widget\" data-e-type=\"widget\" data-widget_type=\"text-editor.default\">\n\t\t\t\t<div class=\"elementor-widget-container\">\n\t\t\t\t\t\t\t\t\t<ul><li>Resistente alla corrosione atmosferica, all'acqua dolce, al vapore, agli acidi organici e all'acido nitrico (soprattutto dopo la lucidatura della superficie).<\/li><li>Resistenza alla tensocorrosione superiore all'acciaio inox 304.<\/li><li>Resistenza all'ossidazione ad alta temperatura: uso intermittente \u2264 870\u00b0C, uso continuo \u2264 815\u00b0C.<\/li><\/ul>\t\t\t\t\t\t\t\t<\/div>\n\t\t\t\t<\/div>\n\t\t\t\t<div class=\"elementor-element elementor-element-7d0da36 elementor-widget-tablet__width-auto elementor-widget elementor-widget-text-editor\" data-id=\"7d0da36\" data-element_type=\"widget\" data-e-type=\"widget\" data-widget_type=\"text-editor.default\">\n\t\t\t\t<div class=\"elementor-widget-container\">\n\t\t\t\t\t\t\t\t\t<p><strong>Limitazioni:\u00a0\u00a0<\/strong><\/p><ul><li>Suscettibile alla corrosione per vaiolatura e interstiziale in ambienti con cloruri (ad es. acqua di mare) o a basso pH.<\/li><li>Pu\u00f2 infragilirsi in caso di esposizione prolungata a 400-600\u00b0C; deve essere ricotto per ripristinare la tenacit\u00e0.<\/li><\/ul>\t\t\t\t\t\t\t\t<\/div>\n\t\t\t\t<\/div>\n\t\t\t\t<\/div>\n\t\t<div class=\"elementor-element elementor-element-4102a8f e-con-full e-flex e-con e-parent\" data-id=\"4102a8f\" data-element_type=\"container\" data-e-type=\"container\">\n\t\t\t\t<div class=\"elementor-element elementor-element-8a7cff4 elementor-widget-tablet__width-auto elementor-widget elementor-widget-heading\" data-id=\"8a7cff4\" data-element_type=\"widget\" data-e-type=\"widget\" data-widget_type=\"heading.default\">\n\t\t\t\t<div class=\"elementor-widget-container\">\n\t\t\t\t\t<h3 class=\"elementor-heading-title elementor-size-default\">Ferritico e magnetico<\/h3>\t\t\t\t<\/div>\n\t\t\t\t<\/div>\n\t\t\t\t<div class=\"elementor-element elementor-element-4929530 elementor-widget-tablet__width-auto elementor-widget elementor-widget-text-editor\" data-id=\"4929530\" data-element_type=\"widget\" data-e-type=\"widget\" data-widget_type=\"text-editor.default\">\n\t\t\t\t<div class=\"elementor-widget-container\">\n\t\t\t\t\t\t\t\t\t<p>Il grado 430 appartiene alla famiglia degli acciai inossidabili ferritici, contenenti circa 17% di cromo, con magnetismo naturale ed eccellente resistenza alla corrosione.<\/p>\t\t\t\t\t\t\t\t<\/div>\n\t\t\t\t<\/div>\n\t\t\t\t<\/div>\n\t\t<div class=\"elementor-element elementor-element-7e13152 e-con-full e-flex e-con e-parent\" data-id=\"7e13152\" data-element_type=\"container\" data-e-type=\"container\">\n\t\t\t\t<div class=\"elementor-element elementor-element-f160cf7 elementor-widget-tablet__width-auto elementor-widget elementor-widget-heading\" data-id=\"f160cf7\" data-element_type=\"widget\" data-e-type=\"widget\" data-widget_type=\"heading.default\">\n\t\t\t\t<div class=\"elementor-widget-container\">\n\t\t\t\t\t<h3 class=\"elementor-heading-title elementor-size-default\">Resistenza al calore<\/h3>\t\t\t\t<\/div>\n\t\t\t\t<\/div>\n\t\t\t\t<div class=\"elementor-element elementor-element-512a3fb elementor-widget-tablet__width-auto elementor-widget elementor-widget-text-editor\" data-id=\"512a3fb\" data-element_type=\"widget\" data-e-type=\"widget\" data-widget_type=\"text-editor.default\">\n\t\t\t\t<div class=\"elementor-widget-container\">\n\t\t\t\t\t\t\t\t\t<p>Espansione termica inferiore rispetto al 304 ed elevata stabilit\u00e0 all'ossidazione, adatto alla produzione di componenti resistenti al calore (ad es. raccordi per forni, tubi per caldaie).<\/p>\t\t\t\t\t\t\t\t<\/div>\n\t\t\t\t<\/div>\n\t\t\t\t<\/div>\n\t\t<div class=\"elementor-element elementor-element-f19096a e-con-full e-flex e-con e-parent\" data-id=\"f19096a\" data-element_type=\"container\" data-e-type=\"container\">\n\t\t\t\t<div class=\"elementor-element elementor-element-75b5b8d elementor-widget-tablet__width-auto elementor-widget elementor-widget-heading\" data-id=\"75b5b8d\" data-element_type=\"widget\" data-e-type=\"widget\" data-widget_type=\"heading.default\">\n\t\t\t\t<div class=\"elementor-widget-container\">\n\t\t\t\t\t<h3 class=\"elementor-heading-title elementor-size-default\">Buona formabilit\u00e0\n<\/h3>\t\t\t\t<\/div>\n\t\t\t\t<\/div>\n\t\t\t\t<div class=\"elementor-element elementor-element-8540300 elementor-widget-tablet__width-auto elementor-widget elementor-widget-text-editor\" data-id=\"8540300\" data-element_type=\"widget\" data-e-type=\"widget\" data-widget_type=\"text-editor.default\">\n\t\t\t\t<div class=\"elementor-widget-container\">\n\t\t\t\t\t\t\t\t\t<p>Eccellenti propriet\u00e0 di trafilatura e formatura a freddo (simili a quelle del 304), possono formare strutture complesse con poca deformazione dopo la saldatura.<\/p>\t\t\t\t\t\t\t\t<\/div>\n\t\t\t\t<\/div>\n\t\t\t\t<\/div>\n\t\t<div class=\"elementor-element elementor-element-7f5e158 e-con-full e-flex e-con e-parent\" data-id=\"7f5e158\" data-element_type=\"container\" data-e-type=\"container\">\n\t\t\t\t<div class=\"elementor-element elementor-element-e9cb984 elementor-widget-tablet__width-auto elementor-widget elementor-widget-heading\" data-id=\"e9cb984\" data-element_type=\"widget\" data-e-type=\"widget\" data-widget_type=\"heading.default\">\n\t\t\t\t<div class=\"elementor-widget-container\">\n\t\t\t\t\t<h3 class=\"elementor-heading-title elementor-size-default\">Finiture superficiali lucide<\/h3>\t\t\t\t<\/div>\n\t\t\t\t<\/div>\n\t\t\t\t<div class=\"elementor-element elementor-element-5307f58 elementor-widget-tablet__width-auto elementor-widget elementor-widget-text-editor\" data-id=\"5307f58\" data-element_type=\"widget\" data-e-type=\"widget\" data-widget_type=\"text-editor.default\">\n\t\t\t\t<div class=\"elementor-widget-container\">\n\t\t\t\t\t\t\t\t\t<p>\u00c8 possibile applicare superfici lucide e spazzolate (2B, No.4, HL, BA, specchio, ecc.) per ottenere un aspetto liscio e bello.<\/p>\t\t\t\t\t\t\t\t<\/div>\n\t\t\t\t<\/div>\n\t\t\t\t<\/div>\n\t\t<div class=\"elementor-element elementor-element-9a3b19a e-con-full e-flex e-con e-parent\" data-id=\"9a3b19a\" data-element_type=\"container\" data-e-type=\"container\">\n\t\t\t\t<div class=\"elementor-element elementor-element-0e44de5 elementor-widget-tablet__width-auto elementor-widget elementor-widget-image\" data-id=\"0e44de5\" data-element_type=\"widget\" data-e-type=\"widget\" data-widget_type=\"image.default\">\n\t\t\t\t<div class=\"elementor-widget-container\">\n\t\t\t\t\t\t\t\t\t\t\t\t\t\t\t<img fetchpriority=\"high\" decoding=\"async\" width=\"800\" height=\"394\" src=\"https:\/\/jblstainless.com\/wp-content\/uploads\/2025\/04\/stainless-steel-pipe-surface-treatment.webp\" class=\"attachment-large size-large wp-image-1357\" alt=\"Tubo in acciaio inox 420\" srcset=\"https:\/\/jblstainless.com\/wp-content\/uploads\/2025\/04\/stainless-steel-pipe-surface-treatment.webp 1000w, https:\/\/jblstainless.com\/wp-content\/uploads\/2025\/04\/stainless-steel-pipe-surface-treatment-300x148.webp 300w, https:\/\/jblstainless.com\/wp-content\/uploads\/2025\/04\/stainless-steel-pipe-surface-treatment-768x379.webp 768w, https:\/\/jblstainless.com\/wp-content\/uploads\/2025\/04\/stainless-steel-pipe-surface-treatment-18x9.webp 18w, https:\/\/jblstainless.com\/wp-content\/uploads\/2025\/04\/stainless-steel-pipe-surface-treatment-600x296.webp 600w\" sizes=\"(max-width: 800px) 100vw, 800px\" \/>\t\t\t\t\t\t\t\t\t\t\t\t\t\t\t<\/div>\n\t\t\t\t<\/div>\n\t\t\t\t<\/div>\n\t\t<div class=\"elementor-element elementor-element-816af36 e-con-full e-flex e-con e-parent\" data-id=\"816af36\" data-element_type=\"container\" data-e-type=\"container\">\n\t\t\t\t<div class=\"elementor-element elementor-element-aab46de elementor-widget-tablet__width-auto elementor-widget elementor-widget-heading\" data-id=\"aab46de\" data-element_type=\"widget\" data-e-type=\"widget\" data-widget_type=\"heading.default\">\n\t\t\t\t<div class=\"elementor-widget-container\">\n\t\t\t\t\t<h3 class=\"elementor-heading-title elementor-size-default\">Economico<\/h3>\t\t\t\t<\/div>\n\t\t\t\t<\/div>\n\t\t\t\t<div class=\"elementor-element elementor-element-0559ba5 elementor-widget-tablet__width-auto elementor-widget elementor-widget-text-editor\" data-id=\"0559ba5\" data-element_type=\"widget\" data-e-type=\"widget\" data-widget_type=\"text-editor.default\">\n\t\t\t\t<div class=\"elementor-widget-container\">\n\t\t\t\t\t\t\t\t\t<p>Privo di nichel o a basso contenuto di nichel, significativamente meno costoso del 304\/316; fornisce le prestazioni richieste in ambienti miti, rendendolo una soluzione ideale orientata ai costi.<\/p>\t\t\t\t\t\t\t\t<\/div>\n\t\t\t\t<\/div>\n\t\t\t\t<\/div>\n\t\t<div class=\"elementor-element elementor-element-6369e97 e-con-full e-flex e-con e-parent\" data-id=\"6369e97\" data-element_type=\"container\" data-e-type=\"container\">\n\t\t\t\t<div class=\"elementor-element elementor-element-2b96fa6 elementor-widget-tablet__width-auto elementor-widget elementor-widget-heading\" data-id=\"2b96fa6\" data-element_type=\"widget\" data-e-type=\"widget\" data-widget_type=\"heading.default\">\n\t\t\t\t<div class=\"elementor-widget-container\">\n\t\t\t\t\t<h2 class=\"elementor-heading-title elementor-size-default\">Rispetto ad altri acciai inossidabili<\/h2>\t\t\t\t<\/div>\n\t\t\t\t<\/div>\n\t\t\t\t<div class=\"elementor-element elementor-element-5186363 elementor-widget-tablet__width-auto elementor-widget elementor-widget-text-editor\" data-id=\"5186363\" data-element_type=\"widget\" data-e-type=\"widget\" data-widget_type=\"text-editor.default\">\n\t\t\t\t<div class=\"elementor-widget-container\">\n\t\t\t\t\t\t\t\t\t<p><strong>Acciaio inox 430 vs <span style=\"text-decoration: underline;\"><a href=\"https:\/\/jblstainless.com\/it\/tubo-senza-saldatura-in-acciaio-inossidabile-304\/\" target=\"_blank\" rel=\"noopener\">304<\/a><\/span>:<\/strong><\/p><ul><li>Il 430 \u00e8 pi\u00f9 economico (senza nichel o a basso tenore di nichel) e pi\u00f9 magnetico, ma meno resistente alla corrosione (soprattutto in ambienti con cloruri).<\/li><li>Il 430 \u00e8 pi\u00f9 duro, ma meno duttile e saldabile.<\/li><\/ul>\t\t\t\t\t\t\t\t<\/div>\n\t\t\t\t<\/div>\n\t\t\t\t<div class=\"elementor-element elementor-element-9f9d2cf elementor-widget-tablet__width-auto elementor-widget elementor-widget-text-editor\" data-id=\"9f9d2cf\" data-element_type=\"widget\" data-e-type=\"widget\" data-widget_type=\"text-editor.default\">\n\t\t\t\t<div class=\"elementor-widget-container\">\n\t\t\t\t\t\t\t\t\t<p><strong>Acciaio inox 430 vs <a href=\"https:\/\/jblstainless.com\/it\/tubo-senza-saldatura-in-acciaio-inox-316\/\" target=\"_blank\" rel=\"noopener\"><span style=\"text-decoration: underline;\">316<\/span><\/a><\/strong><\/p><p>La resistenza alla corrosione del 430 \u00e8 molto inferiore a quella del 316 e non \u00e8 adatta ad ambienti marini o altamente corrosivi. In ambienti ad alta temperatura e a lungo termine, deve essere ricotto periodicamente.<\/p>\t\t\t\t\t\t\t\t<\/div>\n\t\t\t\t<\/div>\n\t\t\t\t<\/div>\n\t\t\t\t<\/div>","protected":false},"excerpt":{"rendered":"<p>L'acciaio inox 430 \u00e8 un acciaio inossidabile ferritico (grado di cromo diritto) con una struttura a reticolo cubico a corpo centrato ed \u00e8 quindi magnetico, a differenza dell'acciaio inox austenitico 304\/316.<\/p>\n<p>Il coil di acciaio inox 430 \u00e8 una lega ferritica versatile, nota per l'eccellente resistenza alla corrosione e la buona formabilit\u00e0, che offre una lucidabilit\u00e0 e una resistenza al calore superiori.<\/p>\n<p>Il coil di acciaio inox 430 \u00e8 disponibile in un'ampia gamma di spessori e larghezze, le lunghezze possono essere personalizzate.<\/p>\n<p>&nbsp;<\/p>","protected":false},"featured_media":2149,"template":"","meta":{"_eb_attr":""},"product_brand":[],"product_cat":[40],"product_tag":[],"class_list":{"0":"post-2144","1":"product","2":"type-product","3":"status-publish","4":"has-post-thumbnail","6":"product_cat-stainless-steel-plate-coil","8":"first","9":"instock","10":"shipping-taxable","11":"product-type-simple"},"_links":{"self":[{"href":"https:\/\/jblstainless.com\/it\/wp-json\/wp\/v2\/product\/2144","targetHints":{"allow":["GET"]}}],"collection":[{"href":"https:\/\/jblstainless.com\/it\/wp-json\/wp\/v2\/product"}],"about":[{"href":"https:\/\/jblstainless.com\/it\/wp-json\/wp\/v2\/types\/product"}],"version-history":[{"count":7,"href":"https:\/\/jblstainless.com\/it\/wp-json\/wp\/v2\/product\/2144\/revisions"}],"predecessor-version":[{"id":2155,"href":"https:\/\/jblstainless.com\/it\/wp-json\/wp\/v2\/product\/2144\/revisions\/2155"}],"wp:featuredmedia":[{"embeddable":true,"href":"https:\/\/jblstainless.com\/it\/wp-json\/wp\/v2\/media\/2149"}],"wp:attachment":[{"href":"https:\/\/jblstainless.com\/it\/wp-json\/wp\/v2\/media?parent=2144"}],"wp:term":[{"taxonomy":"product_brand","embeddable":true,"href":"https:\/\/jblstainless.com\/it\/wp-json\/wp\/v2\/product_brand?post=2144"},{"taxonomy":"product_cat","embeddable":true,"href":"https:\/\/jblstainless.com\/it\/wp-json\/wp\/v2\/product_cat?post=2144"},{"taxonomy":"product_tag","embeddable":true,"href":"https:\/\/jblstainless.com\/it\/wp-json\/wp\/v2\/product_tag?post=2144"}],"curies":[{"name":"wp","href":"https:\/\/api.w.org\/{rel}","templated":true}]}}