{"id":2357,"date":"2025-11-13T15:54:51","date_gmt":"2025-11-13T07:54:51","guid":{"rendered":"https:\/\/jblstainless.com\/?post_type=product&#038;p=2357"},"modified":"2025-11-13T15:54:57","modified_gmt":"2025-11-13T07:54:57","slug":"tubo-in-acciaio-inossidabile-310","status":"publish","type":"product","link":"https:\/\/jblstainless.com\/it\/stainless-steel-310-pipe\/","title":{"rendered":"Tubo in acciaio inossidabile 310"},"content":{"rendered":"<div data-elementor-type=\"product-post\" data-elementor-id=\"2357\" class=\"elementor elementor-2357\" data-elementor-post-type=\"product\">\n\t\t\t\t<div class=\"elementor-element elementor-element-cfbf7ee e-flex e-con-boxed e-con e-parent\" data-id=\"cfbf7ee\" data-element_type=\"container\" data-e-type=\"container\">\n\t\t\t\t\t<div class=\"e-con-inner\">\n\t\t\t\t<div class=\"elementor-element elementor-element-372e83a elementor-widget elementor-widget-text-editor\" data-id=\"372e83a\" data-element_type=\"widget\" data-e-type=\"widget\" data-widget_type=\"text-editor.default\">\n\t\t\t\t<div class=\"elementor-widget-container\">\n\t\t\t\t\t\t\t\t\t<p>Il tubo in acciaio inossidabile 310 \u00e8 un tubo in acciaio inossidabile austenitico contenente 25% di cromo e 20% di nichel, che offre un'eccellente resistenza all'ossidazione ad alte temperature e un'elevata resistenza meccanica. \u00c8 prodotto mediante processi senza saldatura o saldati per eliminare il rischio di precipitazione di carburi ad alte temperature.<\/p><p>L'acciaio inossidabile 310 \u00e8 noto per la sua composizione resistente al calore con oltre il 25% di cromo (Cr) e il 20% di nichel (Ni), che garantisce un'eccezionale resistenza all'ossidazione e stabilit\u00e0 strutturale durante il funzionamento continuo a 1100 \u00b0C. Ci\u00f2 lo rende la scelta ideale per sistemi di forni ad alta temperatura, apparecchiature per il trattamento termico, tubi per forni e sistemi di scarico.<\/p>\t\t\t\t\t\t\t\t<\/div>\n\t\t\t\t<\/div>\n\t\t\t\t<div class=\"elementor-element elementor-element-cdbe61d elementor-widget elementor-widget-text-editor\" data-id=\"cdbe61d\" data-element_type=\"widget\" data-e-type=\"widget\" data-widget_type=\"text-editor.default\">\n\t\t\t\t<div class=\"elementor-widget-container\">\n\t\t\t\t\t\t\t\t\t<p>JBLSTEEL \u00e8 uno dei migliori produttori e fornitori di tubi in acciaio inossidabile 310 in Cina, che fornisce vari tipi di tubi in acciaio inossidabile 310 in diverse dimensioni in base alle esigenze del settore.<\/p>\t\t\t\t\t\t\t\t<\/div>\n\t\t\t\t<\/div>\n\t\t\t\t\t<\/div>\n\t\t\t\t<\/div>\n\t\t<div class=\"elementor-element elementor-element-594f46a e-flex e-con-boxed e-con e-parent\" data-id=\"594f46a\" data-element_type=\"container\" data-e-type=\"container\">\n\t\t\t\t\t<div class=\"e-con-inner\">\n\t\t\t\t<div class=\"elementor-element elementor-element-9495f6c elementor-widget elementor-widget-heading\" data-id=\"9495f6c\" data-element_type=\"widget\" data-e-type=\"widget\" data-widget_type=\"heading.default\">\n\t\t\t\t<div class=\"elementor-widget-container\">\n\t\t\t\t\t<h2 class=\"elementor-heading-title elementor-size-default\">Specifiche dei tubi in acciaio inossidabile 310<\/h2>\t\t\t\t<\/div>\n\t\t\t\t<\/div>\n\t\t\t\t<div class=\"elementor-element elementor-element-8442ff4 elementor-widget elementor-widget-text-editor\" data-id=\"8442ff4\" data-element_type=\"widget\" data-e-type=\"widget\" data-widget_type=\"text-editor.default\">\n\t\t\t\t<div class=\"elementor-widget-container\">\n\t\t\t\t\t\t\t\t\t<table><tbody><tr><td>Grado del materiale<\/td><td>Acciaio inossidabile 310<\/td><\/tr><tr><td>Standard<\/td><td>ASTM, ASME, DIN, ANSI, ecc.<\/td><\/tr><tr><td>Gamma di dimensioni<\/td><td>OD: DN6 \u2013 DN600<br \/>Larghezza: 10 \u2013 2000 mm<br \/>personalizzato<\/td><\/tr><tr><td>Spessore della parete<\/td><td>0,5 \u2013 50 mm, Schedule 5S, 10S, 40S, 80S<\/td><\/tr><tr><td>Lunghezza<\/td><td>Entro 13500 mm<\/td><\/tr><tr><td>Finitura<\/td><td>Ricotto e decapato, finitura laminata, lucidato<\/td><\/tr><tr><td>Fine<\/td><td>Estremit\u00e0 liscia, estremit\u00e0 smussata, estremit\u00e0 filettata<\/td><\/tr><tr><td>Trattamento della superficie<\/td><td>N0.1,  N0.4, N0.8, 2D, 2B, HL, BA, 6K, 8K, ecc.<\/td><\/tr><\/tbody><\/table>\t\t\t\t\t\t\t\t<\/div>\n\t\t\t\t<\/div>\n\t\t\t\t\t<\/div>\n\t\t\t\t<\/div>\n\t\t<div class=\"elementor-element elementor-element-ab7c450 e-flex e-con-boxed e-con e-parent\" data-id=\"ab7c450\" data-element_type=\"container\" data-e-type=\"container\">\n\t\t\t\t\t<div class=\"e-con-inner\">\n\t\t<div class=\"elementor-element elementor-element-1eab28f e-con-full e-flex e-con e-child\" data-id=\"1eab28f\" data-element_type=\"container\" data-e-type=\"container\">\n\t\t\t\t<div class=\"elementor-element elementor-element-188fca0 elementor-widget elementor-widget-image\" data-id=\"188fca0\" data-element_type=\"widget\" data-e-type=\"widget\" data-widget_type=\"image.default\">\n\t\t\t\t<div class=\"elementor-widget-container\">\n\t\t\t\t\t\t\t\t\t\t\t\t\t\t\t<img fetchpriority=\"high\" decoding=\"async\" width=\"300\" height=\"300\" src=\"https:\/\/jblstainless.com\/wp-content\/uploads\/2025\/03\/steel-pipe-1-300x300.webp\" class=\"attachment-medium size-medium wp-image-1315\" alt=\"Tubo in acciaio inossidabile 201\" srcset=\"https:\/\/jblstainless.com\/wp-content\/uploads\/2025\/03\/steel-pipe-1-300x300.webp 300w, https:\/\/jblstainless.com\/wp-content\/uploads\/2025\/03\/steel-pipe-1-150x150.webp 150w, https:\/\/jblstainless.com\/wp-content\/uploads\/2025\/03\/steel-pipe-1-12x12.webp 12w, https:\/\/jblstainless.com\/wp-content\/uploads\/2025\/03\/steel-pipe-1-100x100.webp 100w, https:\/\/jblstainless.com\/wp-content\/uploads\/2025\/03\/steel-pipe-1.webp 600w\" sizes=\"(max-width: 300px) 100vw, 300px\" \/>\t\t\t\t\t\t\t\t\t\t\t\t\t\t\t<\/div>\n\t\t\t\t<\/div>\n\t\t\t\t<\/div>\n\t\t<div class=\"elementor-element elementor-element-773bfc5 e-con-full e-flex e-con e-child\" data-id=\"773bfc5\" data-element_type=\"container\" data-e-type=\"container\">\n\t\t\t\t<div class=\"elementor-element elementor-element-4926b0c elementor-widget elementor-widget-image\" data-id=\"4926b0c\" data-element_type=\"widget\" data-e-type=\"widget\" data-widget_type=\"image.default\">\n\t\t\t\t<div class=\"elementor-widget-container\">\n\t\t\t\t\t\t\t\t\t\t\t\t\t\t\t<img decoding=\"async\" width=\"300\" height=\"300\" src=\"https:\/\/jblstainless.com\/wp-content\/uploads\/2025\/03\/ss-round-pipe-300x300.webp\" class=\"attachment-medium size-medium wp-image-1314\" alt=\"Tubo 201 ss\" srcset=\"https:\/\/jblstainless.com\/wp-content\/uploads\/2025\/03\/ss-round-pipe-300x300.webp 300w, https:\/\/jblstainless.com\/wp-content\/uploads\/2025\/03\/ss-round-pipe-150x150.webp 150w, https:\/\/jblstainless.com\/wp-content\/uploads\/2025\/03\/ss-round-pipe-12x12.webp 12w, https:\/\/jblstainless.com\/wp-content\/uploads\/2025\/03\/ss-round-pipe-100x100.webp 100w, https:\/\/jblstainless.com\/wp-content\/uploads\/2025\/03\/ss-round-pipe.webp 600w\" sizes=\"(max-width: 300px) 100vw, 300px\" \/>\t\t\t\t\t\t\t\t\t\t\t\t\t\t\t<\/div>\n\t\t\t\t<\/div>\n\t\t\t\t<\/div>\n\t\t<div class=\"elementor-element elementor-element-2094473 e-con-full e-flex e-con e-child\" data-id=\"2094473\" data-element_type=\"container\" data-e-type=\"container\">\n\t\t\t\t<div class=\"elementor-element elementor-element-dc5e4f9 elementor-widget elementor-widget-image\" data-id=\"dc5e4f9\" data-element_type=\"widget\" data-e-type=\"widget\" data-widget_type=\"image.default\">\n\t\t\t\t<div class=\"elementor-widget-container\">\n\t\t\t\t\t\t\t\t\t\t\t\t\t\t\t<img decoding=\"async\" width=\"1000\" height=\"500\" src=\"https:\/\/jblstainless.com\/wp-content\/uploads\/2025\/06\/316-pipe-surface-finish.webp\" class=\"attachment-full size-full wp-image-1669\" alt=\"Tubo in acciaio inox 430\" srcset=\"https:\/\/jblstainless.com\/wp-content\/uploads\/2025\/06\/316-pipe-surface-finish.webp 1000w, https:\/\/jblstainless.com\/wp-content\/uploads\/2025\/06\/316-pipe-surface-finish-300x150.webp 300w, https:\/\/jblstainless.com\/wp-content\/uploads\/2025\/06\/316-pipe-surface-finish-768x384.webp 768w, https:\/\/jblstainless.com\/wp-content\/uploads\/2025\/06\/316-pipe-surface-finish-18x9.webp 18w, https:\/\/jblstainless.com\/wp-content\/uploads\/2025\/06\/316-pipe-surface-finish-600x300.webp 600w\" sizes=\"(max-width: 1000px) 100vw, 1000px\" \/>\t\t\t\t\t\t\t\t\t\t\t\t\t\t\t<\/div>\n\t\t\t\t<\/div>\n\t\t\t\t<\/div>\n\t\t\t\t\t<\/div>\n\t\t\t\t<\/div>\n\t\t<div class=\"elementor-element elementor-element-615c148 e-flex e-con-boxed e-con e-parent\" data-id=\"615c148\" data-element_type=\"container\" data-e-type=\"container\">\n\t\t\t\t\t<div class=\"e-con-inner\">\n\t\t\t\t<div class=\"elementor-element elementor-element-df1a2be elementor-widget elementor-widget-heading\" data-id=\"df1a2be\" data-element_type=\"widget\" data-e-type=\"widget\" data-widget_type=\"heading.default\">\n\t\t\t\t<div class=\"elementor-widget-container\">\n\t\t\t\t\t<h3 class=\"elementor-heading-title elementor-size-default\">Caratteristiche dei tubi in acciaio inossidabile 310<\/h3>\t\t\t\t<\/div>\n\t\t\t\t<\/div>\n\t\t\t\t<div class=\"elementor-element elementor-element-12a202f elementor-widget elementor-widget-text-editor\" data-id=\"12a202f\" data-element_type=\"widget\" data-e-type=\"widget\" data-widget_type=\"text-editor.default\">\n\t\t\t\t<div class=\"elementor-widget-container\">\n\t\t\t\t\t\t\t\t\t<p><b>Eccellente resistenza all'ossidazione ad alta temperatura<\/b><\/p><p>In ambienti ad alta temperatura (&gt;1000 \u00b0C), gli elementi in silicio continuano a formare un denso strato di ossido sulla superficie, impedendo un'ulteriore ossidazione o sfaldamento del metallo; prestazioni superiori rispetto all'acciaio inossidabile 304 a 1100 \u00b0C.<\/p><p>Adatto per applicazioni ad alta temperatura quali turbine a gas, inceneritori, forni industriali e sistemi di scambio termico.<\/p>\t\t\t\t\t\t\t\t<\/div>\n\t\t\t\t<\/div>\n\t\t\t\t<div class=\"elementor-element elementor-element-7be5eb0 elementor-widget elementor-widget-text-editor\" data-id=\"7be5eb0\" data-element_type=\"widget\" data-e-type=\"widget\" data-widget_type=\"text-editor.default\">\n\t\t\t\t<div class=\"elementor-widget-container\">\n\t\t\t\t\t\t\t\t\t<p><b>Eccellente resistenza alla corrosione<\/b><\/p><p>L'elevato contenuto di cromo-nichel resiste alla corrosione da solforazione, rendendolo adatto agli ambienti acidi.<\/p>\t\t\t\t\t\t\t\t<\/div>\n\t\t\t\t<\/div>\n\t\t\t\t<div class=\"elementor-element elementor-element-3d61d9e elementor-widget elementor-widget-text-editor\" data-id=\"3d61d9e\" data-element_type=\"widget\" data-e-type=\"widget\" data-widget_type=\"text-editor.default\">\n\t\t\t\t<div class=\"elementor-widget-container\">\n\t\t\t\t\t\t\t\t\t<p><b>Eccellente resistenza alla fatica termica e allo scorrimento<\/b><\/p><p>L'elevato contenuto di nichel consente all'acciaio inossidabile 310 di mantenere la sua resistenza meccanica anche in caso di frequenti cicli termici, resistendo a crepe o fratture.<\/p>\t\t\t\t\t\t\t\t<\/div>\n\t\t\t\t<\/div>\n\t\t\t\t<div class=\"elementor-element elementor-element-dc57acf elementor-widget elementor-widget-text-editor\" data-id=\"dc57acf\" data-element_type=\"widget\" data-e-type=\"widget\" data-widget_type=\"text-editor.default\">\n\t\t\t\t<div class=\"elementor-widget-container\">\n\t\t\t\t\t\t\t\t\t<p><b>Eccellente saldabilit\u00e0 e formabilit\u00e0<\/b><\/p><p>Compatibile con diversi processi, tra cui TIG\/MIG, saldatura al plasma e saldatura laser, senza trattamento termico post-saldatura.<\/p><p>Adatto alla formatura a freddo\/caldo, supporta strutture personalizzate con pareti spesse o sottili.<\/p>\t\t\t\t\t\t\t\t<\/div>\n\t\t\t\t<\/div>\n\t\t\t\t<div class=\"elementor-element elementor-element-802aed8 elementor-widget elementor-widget-text-editor\" data-id=\"802aed8\" data-element_type=\"widget\" data-e-type=\"widget\" data-widget_type=\"text-editor.default\">\n\t\t\t\t<div class=\"elementor-widget-container\">\n\t\t\t\t\t\t\t\t\t<p><b>Microstruttura stabilizzata alle alte temperature<\/b><\/p><p>Eccellente resistenza alla corrosione in ambienti con gas contenenti carbonio o zolfo, significativamente superiore agli acciai inossidabili delle serie 304\/316.<\/p>\t\t\t\t\t\t\t\t<\/div>\n\t\t\t\t<\/div>\n\t\t\t\t<div class=\"elementor-element elementor-element-f7a5df4 elementor-widget elementor-widget-text-editor\" data-id=\"f7a5df4\" data-element_type=\"widget\" data-e-type=\"widget\" data-widget_type=\"text-editor.default\">\n\t\t\t\t<div class=\"elementor-widget-container\">\n\t\t\t\t\t\t\t\t\t<p><b>Resistenza alle alte temperature\u00a0<\/b><\/p><p>Temperatura di esercizio continua, massima: circa 1100 \u00b0C (circa 2000 \u00b0F);<\/p><p>Temperatura di esercizio intermittente, massima: fino a 1150 \u00b0C (circa 2100 \u00b0F);<\/p><p>Resistenza all'ossidazione\/carburizzazione: mantiene la resistenza da 800 a 900 \u00b0C; forma uno strato di ossido denso per prevenire un'ulteriore corrosione;<\/p><p>Espansione termica: circa 17,5 \u00d7 10\u207b\u2076\/K (0-525 \u00b0C)<\/p>\t\t\t\t\t\t\t\t<\/div>\n\t\t\t\t<\/div>\n\t\t\t\t\t<\/div>\n\t\t\t\t<\/div>\n\t\t<div class=\"elementor-element elementor-element-9f37d5d e-flex e-con-boxed e-con e-parent\" data-id=\"9f37d5d\" data-element_type=\"container\" data-e-type=\"container\">\n\t\t\t\t\t<div class=\"e-con-inner\">\n\t\t\t\t<div class=\"elementor-element elementor-element-6f2d714 elementor-widget elementor-widget-heading\" data-id=\"6f2d714\" data-element_type=\"widget\" data-e-type=\"widget\" data-widget_type=\"heading.default\">\n\t\t\t\t<div class=\"elementor-widget-container\">\n\t\t\t\t\t<h3 class=\"elementor-heading-title elementor-size-default\">Acciaio inossidabile 310S<\/h3>\t\t\t\t<\/div>\n\t\t\t\t<\/div>\n\t\t\t\t<div class=\"elementor-element elementor-element-fbfc77d elementor-widget elementor-widget-text-editor\" data-id=\"fbfc77d\" data-element_type=\"widget\" data-e-type=\"widget\" data-widget_type=\"text-editor.default\">\n\t\t\t\t<div class=\"elementor-widget-container\">\n\t\t\t\t\t\t\t\t\t<p>Il 310S (UNS S31008) \u00e8 un acciaio inossidabile austenitico altamente legato, la variante a basso tenore di carbonio dell'acciaio inossidabile 310. Mantiene i vantaggi dell'alto contenuto di cromo (24-26%) e nichel (19-22%) del grado 310, riducendo al contempo il contenuto di carbonio a \u22640,08%, migliorando significativamente la saldabilit\u00e0, la resistenza alla sensibilizzazione e la resistenza alle alte temperature.<\/p>\t\t\t\t\t\t\t\t<\/div>\n\t\t\t\t<\/div>\n\t\t\t\t\t<\/div>\n\t\t\t\t<\/div>\n\t\t<div class=\"elementor-element elementor-element-0b6c848 e-flex e-con-boxed e-con e-parent\" data-id=\"0b6c848\" data-element_type=\"container\" data-e-type=\"container\">\n\t\t\t\t\t<div class=\"e-con-inner\">\n\t\t\t\t<div class=\"elementor-element elementor-element-1b499a0 elementor-widget elementor-widget-heading\" data-id=\"1b499a0\" data-element_type=\"widget\" data-e-type=\"widget\" data-widget_type=\"heading.default\">\n\t\t\t\t<div class=\"elementor-widget-container\">\n\t\t\t\t\t<h2 class=\"elementor-heading-title elementor-size-default\">Propriet\u00e0 dei tubi in acciaio inossidabile 310<\/h2>\t\t\t\t<\/div>\n\t\t\t\t<\/div>\n\t\t\t\t<div class=\"elementor-element elementor-element-0e7f79b elementor-widget elementor-widget-heading\" data-id=\"0e7f79b\" data-element_type=\"widget\" data-e-type=\"widget\" data-widget_type=\"heading.default\">\n\t\t\t\t<div class=\"elementor-widget-container\">\n\t\t\t\t\t<h3 class=\"elementor-heading-title elementor-size-default\">Composizione chimica<\/h3>\t\t\t\t<\/div>\n\t\t\t\t<\/div>\n\t\t\t\t<div class=\"elementor-element elementor-element-1df8a01 elementor-widget elementor-widget-text-editor\" data-id=\"1df8a01\" data-element_type=\"widget\" data-e-type=\"widget\" data-widget_type=\"text-editor.default\">\n\t\t\t\t<div class=\"elementor-widget-container\">\n\t\t\t\t\t\t\t\t\t<p>Le propriet\u00e0 chimiche dei tubi in acciaio inossidabile 310 garantiscono un'eccellente resistenza alle alte temperature e alla corrosione, rendendoli la scelta ideale per un'ampia gamma di applicazioni.<\/p><table><tbody><tr><td>Grado<\/td><td>C<\/td><td>Mn<\/td><td>Si<\/td><td>P<\/td><td>S<\/td><td>Cr<\/td><td>Mo<\/td><td>Ni<\/td><td>Fe<\/td><\/tr><tr><td><strong>310<\/strong><\/td><td>0,015 max<\/td><td>2,0 max<\/td><td>0,15 max<\/td><td>0,020 max<\/td><td>0,015 max<\/td><td>24,00 \u2013 26,00<\/td><td>0,10 max<\/td><td>19:00 \u2013 21:00<\/td><td>54,7 min<\/td><\/tr><tr><td><strong>310S<\/strong><\/td><td>0,08 max<\/td><td>2,0 max<\/td><td>1,00 ma<\/td><td>0,045 max<\/td><td>0,030 max<\/td><td>24,00 \u2013 26,00<\/td><td>0,75 max<\/td><td>19:00 \u2013 21:00<\/td><td>53,095 min<\/td><\/tr><\/tbody><\/table>\t\t\t\t\t\t\t\t<\/div>\n\t\t\t\t<\/div>\n\t\t\t\t\t<\/div>\n\t\t\t\t<\/div>\n\t\t<div class=\"elementor-element elementor-element-d51d973 e-flex e-con-boxed e-con e-parent\" data-id=\"d51d973\" data-element_type=\"container\" data-e-type=\"container\">\n\t\t\t\t\t<div class=\"e-con-inner\">\n\t\t\t\t<div class=\"elementor-element elementor-element-4f5dcdd elementor-widget elementor-widget-heading\" data-id=\"4f5dcdd\" data-element_type=\"widget\" data-e-type=\"widget\" data-widget_type=\"heading.default\">\n\t\t\t\t<div class=\"elementor-widget-container\">\n\t\t\t\t\t<h3 class=\"elementor-heading-title elementor-size-default\">Propriet\u00e0 meccaniche<\/h3>\t\t\t\t<\/div>\n\t\t\t\t<\/div>\n\t\t\t\t<div class=\"elementor-element elementor-element-8618c63 elementor-widget elementor-widget-text-editor\" data-id=\"8618c63\" data-element_type=\"widget\" data-e-type=\"widget\" data-widget_type=\"text-editor.default\">\n\t\t\t\t<div class=\"elementor-widget-container\">\n\t\t\t\t\t\t\t\t\t<table><tbody><tr><td>Grado<\/td><td>Densit\u00e0<\/td><td>Punto di fusione<\/td><td>Resistenza alla trazione<\/td><td>Resistenza allo snervamento (0,2%Offset)<\/td><td>Allungamento<\/td><\/tr><tr><td><strong>310\/310S<\/strong><\/td><td>7,9 g\/cm3<\/td><td>1402 \u00b0C (2555 \u00b0F)<\/td><td>Psi \u2013 75000, MPa \u2013 515<\/td><td>Psi \u2013 30000, MPa \u2013 205<\/td><td>40 %<\/td><\/tr><\/tbody><\/table>\t\t\t\t\t\t\t\t<\/div>\n\t\t\t\t<\/div>\n\t\t\t\t\t<\/div>\n\t\t\t\t<\/div>\n\t\t<div class=\"elementor-element elementor-element-9e555b0 e-flex e-con-boxed e-con e-parent\" data-id=\"9e555b0\" data-element_type=\"container\" data-e-type=\"container\">\n\t\t\t\t\t<div class=\"e-con-inner\">\n\t\t\t\t<div class=\"elementor-element elementor-element-30ad228 elementor-widget elementor-widget-heading\" data-id=\"30ad228\" data-element_type=\"widget\" data-e-type=\"widget\" data-widget_type=\"heading.default\">\n\t\t\t\t<div class=\"elementor-widget-container\">\n\t\t\t\t\t<h3 class=\"elementor-heading-title elementor-size-default\">Raccomandazioni per la scelta dei materiali<\/h3>\t\t\t\t<\/div>\n\t\t\t\t<\/div>\n\t\t\t\t<div class=\"elementor-element elementor-element-9bd4f06 elementor-widget elementor-widget-text-editor\" data-id=\"9bd4f06\" data-element_type=\"widget\" data-e-type=\"widget\" data-widget_type=\"text-editor.default\">\n\t\t\t\t<div class=\"elementor-widget-container\">\n\t\t\t\t\t\t\t\t\t<p>Per le apparecchiature che funzionano continuamente ad alte temperature (&gt;800 \u00b0C) e che richiedono saldature, considerare il 310S come scelta preferita.<\/p><p>Se i componenti funzionano principalmente a temperature moderate o basse (&lt;800 \u00b0C) e sono sensibili ai costi, \u00e8 possibile prendere in considerazione il 310.<\/p><p>Per gli ambienti in cui sono presenti acidi\/alcali forti o cloruri, sono preferibili acciai inossidabili a base di molibdeno pi\u00f9 resistenti alla corrosione, come il 316\/317.<\/p>\t\t\t\t\t\t\t\t<\/div>\n\t\t\t\t<\/div>\n\t\t\t\t\t<\/div>\n\t\t\t\t<\/div>\n\t\t\t\t<\/div>","protected":false},"excerpt":{"rendered":"<p>Il tubo in acciaio inossidabile 310 \u00e8 un tubo in acciaio inossidabile resistente alla corrosione ad alta temperatura, noto per le sue eccezionali prestazioni in ambienti estremi.<\/p>\n<p>Standard: ASTM A312, ASTM A240<\/p>\n<p>Tipo: Tubi senza saldatura 310, Tubi saldati 310<\/p>\n<p>Forma: rotonda, quadrata, rettangolare, idraulica, ecc.<\/p>\n<p>Eccellente resistenza all'ossidazione<\/p>\n<p>Ottima saldabilit\u00e0<\/p>\n<p>Ottima formabilit\u00e0<\/p>\n<p>&nbsp;<\/p>","protected":false},"featured_media":2361,"template":"","meta":{"_eb_attr":""},"product_brand":[],"product_cat":[30],"product_tag":[],"class_list":{"0":"post-2357","1":"product","2":"type-product","3":"status-publish","4":"has-post-thumbnail","6":"product_cat-stainless-steel-seamless-pipe","8":"first","9":"instock","10":"shipping-taxable","11":"product-type-simple"},"_links":{"self":[{"href":"https:\/\/jblstainless.com\/it\/wp-json\/wp\/v2\/product\/2357","targetHints":{"allow":["GET"]}}],"collection":[{"href":"https:\/\/jblstainless.com\/it\/wp-json\/wp\/v2\/product"}],"about":[{"href":"https:\/\/jblstainless.com\/it\/wp-json\/wp\/v2\/types\/product"}],"version-history":[{"count":6,"href":"https:\/\/jblstainless.com\/it\/wp-json\/wp\/v2\/product\/2357\/revisions"}],"predecessor-version":[{"id":2364,"href":"https:\/\/jblstainless.com\/it\/wp-json\/wp\/v2\/product\/2357\/revisions\/2364"}],"wp:featuredmedia":[{"embeddable":true,"href":"https:\/\/jblstainless.com\/it\/wp-json\/wp\/v2\/media\/2361"}],"wp:attachment":[{"href":"https:\/\/jblstainless.com\/it\/wp-json\/wp\/v2\/media?parent=2357"}],"wp:term":[{"taxonomy":"product_brand","embeddable":true,"href":"https:\/\/jblstainless.com\/it\/wp-json\/wp\/v2\/product_brand?post=2357"},{"taxonomy":"product_cat","embeddable":true,"href":"https:\/\/jblstainless.com\/it\/wp-json\/wp\/v2\/product_cat?post=2357"},{"taxonomy":"product_tag","embeddable":true,"href":"https:\/\/jblstainless.com\/it\/wp-json\/wp\/v2\/product_tag?post=2357"}],"curies":[{"name":"wp","href":"https:\/\/api.w.org\/{rel}","templated":true}]}}