{"id":2439,"date":"2026-01-12T17:14:49","date_gmt":"2026-01-12T09:14:49","guid":{"rendered":"https:\/\/jblstainless.com\/?post_type=product&#038;p=2439"},"modified":"2026-01-12T17:14:49","modified_gmt":"2026-01-12T09:14:49","slug":"tubi-in-acciaio-inox-317","status":"publish","type":"product","link":"https:\/\/jblstainless.com\/it\/317-stainless-steel-tubing\/","title":{"rendered":"Tubi in acciaio inox 317"},"content":{"rendered":"<div data-elementor-type=\"product-post\" data-elementor-id=\"2439\" class=\"elementor elementor-2439\" data-elementor-post-type=\"product\">\n\t\t\t\t<div class=\"elementor-element elementor-element-043affb e-flex e-con-boxed e-con e-parent\" data-id=\"043affb\" data-element_type=\"container\" data-e-type=\"container\">\n\t\t\t\t\t<div class=\"e-con-inner\">\n\t\t\t\t<div class=\"elementor-element elementor-element-b2f0f0d elementor-widget elementor-widget-text-editor\" data-id=\"b2f0f0d\" data-element_type=\"widget\" data-e-type=\"widget\" data-widget_type=\"text-editor.default\">\n\t\t\t\t<div class=\"elementor-widget-container\">\n\t\t\t\t\t\t\t\t\t<p>Il tubo in acciaio inox 317 \u00e8 una lega ad alto tenore di cromo-nichel-molibdeno che contiene fino a 34% di molibdeno, superando notevolmente i livelli riscontrati nei gradi 316\/316L. L'elevato contenuto di molibdeno aumenta significativamente la resistenza alla vaiolatura e alla corrosione interstiziale in ambienti contenenti cloro, rendendolo particolarmente adatto a condizioni estreme come l'acqua di mare e i mezzi chimici fortemente acidi. Il nichel e il cromo aggiuntivi assicurano che il tubo rimanga stabile e resistente alle alte temperature, prolungando di fatto la vita utile delle apparecchiature.<\/p><p>I tubi in acciaio inox 317 sono diventati la scelta preferita per l'ingegneria navale, il decapaggio chimico e altre applicazioni impegnative, fornendo una protezione superiore per diversi progetti industriali.<\/p>\t\t\t\t\t\t\t\t<\/div>\n\t\t\t\t<\/div>\n\t\t\t\t\t<\/div>\n\t\t\t\t<\/div>\n\t\t<div class=\"elementor-element elementor-element-06ec2a1 e-flex e-con-boxed e-con e-parent\" data-id=\"06ec2a1\" data-element_type=\"container\" data-e-type=\"container\">\n\t\t\t\t\t<div class=\"e-con-inner\">\n\t\t\t\t<div class=\"elementor-element elementor-element-79f89bb elementor-widget elementor-widget-heading\" data-id=\"79f89bb\" data-element_type=\"widget\" data-e-type=\"widget\" data-widget_type=\"heading.default\">\n\t\t\t\t<div class=\"elementor-widget-container\">\n\t\t\t\t\t<h2 class=\"elementor-heading-title elementor-size-default\">Specificazione della tubazione in acciaio inox 317<\/h2>\t\t\t\t<\/div>\n\t\t\t\t<\/div>\n\t\t\t\t<div class=\"elementor-element elementor-element-ac8b8cc elementor-widget elementor-widget-text-editor\" data-id=\"ac8b8cc\" data-element_type=\"widget\" data-e-type=\"widget\" data-widget_type=\"text-editor.default\">\n\t\t\t\t<div class=\"elementor-widget-container\">\n\t\t\t\t\t\t\t\t\t<p>Materiale: acciaio inossidabile 317, 317L<br \/>Norma: ASTM A213, ASTM A249, ASTM A269<br \/>Dimensioni (senza saldatura): 1\/2\u2033 NB - 24\u2033 NB<br \/>Dimensioni (ERW): 1\/2\u2033 NB - 24\u2033 NB<br \/>Dimensioni (EFW): 6\u2033 NB - 100\u2033 NB<br \/>Spessore della parete: Sch 5S - Schedule XXS (pi\u00f9 pesante su richiesta)<\/p>\t\t\t\t\t\t\t\t<\/div>\n\t\t\t\t<\/div>\n\t\t\t\t\t<\/div>\n\t\t\t\t<\/div>\n\t\t<div class=\"elementor-element elementor-element-f1e7b2d e-flex e-con-boxed e-con e-parent\" data-id=\"f1e7b2d\" data-element_type=\"container\" data-e-type=\"container\">\n\t\t\t\t\t<div class=\"e-con-inner\">\n\t\t\t\t<div class=\"elementor-element elementor-element-24f9f3c elementor-widget elementor-widget-heading\" data-id=\"24f9f3c\" data-element_type=\"widget\" data-e-type=\"widget\" data-widget_type=\"heading.default\">\n\t\t\t\t<div class=\"elementor-widget-container\">\n\t\t\t\t\t<h3 class=\"elementor-heading-title elementor-size-default\">Elaborazione e servizi personalizzati<\/h3>\t\t\t\t<\/div>\n\t\t\t\t<\/div>\n\t\t\t\t<div class=\"elementor-element elementor-element-f2fdba4 elementor-widget elementor-widget-text-editor\" data-id=\"f2fdba4\" data-element_type=\"widget\" data-e-type=\"widget\" data-widget_type=\"text-editor.default\">\n\t\t\t\t<div class=\"elementor-widget-container\">\n\t\t\t\t\t\t\t\t\t<p>Taglio a misura: Il taglio preciso secondo le specifiche del cliente riduce al minimo gli scarti di installazione in loco.<\/p><p>Lucidatura a specchio: fornisce una lucidatura a specchio per le superfici interne ed esterne dei tubi, adatta a tubazioni di tipo sanitario o a progetti con requisiti decorativi rigorosi.<\/p><p>Decapaggio e passivazione: Applica processi professionali di decapaggio e passivazione per rimuovere le incrostazioni di saldatura e le impurit\u00e0 superficiali, formando uno strato di passivazione denso che migliora significativamente la resistenza alla corrosione.<\/p><p>Produzione di tubi a parete spessa: Produzione personalizzata di tubi a parete spessa di varie dimensioni per soddisfare le esigenze di ingegneria ad alta pressione o ad alta resistenza.<\/p>\t\t\t\t\t\t\t\t<\/div>\n\t\t\t\t<\/div>\n\t\t\t\t<div class=\"elementor-element elementor-element-e847145 elementor-widget elementor-widget-image\" data-id=\"e847145\" data-element_type=\"widget\" data-e-type=\"widget\" data-widget_type=\"image.default\">\n\t\t\t\t<div class=\"elementor-widget-container\">\n\t\t\t\t\t\t\t\t\t\t\t\t\t\t\t<img fetchpriority=\"high\" decoding=\"async\" width=\"800\" height=\"400\" src=\"https:\/\/jblstainless.com\/wp-content\/uploads\/2025\/06\/316-pipe-surface-finish.webp\" class=\"attachment-large size-large wp-image-1669\" alt=\"Tubo in acciaio inox 430\" srcset=\"https:\/\/jblstainless.com\/wp-content\/uploads\/2025\/06\/316-pipe-surface-finish.webp 1000w, https:\/\/jblstainless.com\/wp-content\/uploads\/2025\/06\/316-pipe-surface-finish-300x150.webp 300w, https:\/\/jblstainless.com\/wp-content\/uploads\/2025\/06\/316-pipe-surface-finish-768x384.webp 768w, https:\/\/jblstainless.com\/wp-content\/uploads\/2025\/06\/316-pipe-surface-finish-18x9.webp 18w, https:\/\/jblstainless.com\/wp-content\/uploads\/2025\/06\/316-pipe-surface-finish-600x300.webp 600w\" sizes=\"(max-width: 800px) 100vw, 800px\" \/>\t\t\t\t\t\t\t\t\t\t\t\t\t\t\t<\/div>\n\t\t\t\t<\/div>\n\t\t\t\t\t<\/div>\n\t\t\t\t<\/div>\n\t\t<div class=\"elementor-element elementor-element-3770365 e-flex e-con-boxed e-con e-parent\" data-id=\"3770365\" data-element_type=\"container\" data-e-type=\"container\">\n\t\t\t\t\t<div class=\"e-con-inner\">\n\t\t\t\t<div class=\"elementor-element elementor-element-c3fb622 elementor-widget elementor-widget-heading\" data-id=\"c3fb622\" data-element_type=\"widget\" data-e-type=\"widget\" data-widget_type=\"heading.default\">\n\t\t\t\t<div class=\"elementor-widget-container\">\n\t\t\t\t\t<h3 class=\"elementor-heading-title elementor-size-default\">Composizione chimica del tubo inox 317<\/h3>\t\t\t\t<\/div>\n\t\t\t\t<\/div>\n\t\t\t\t<div class=\"elementor-element elementor-element-c173736 elementor-widget elementor-widget-text-editor\" data-id=\"c173736\" data-element_type=\"widget\" data-e-type=\"widget\" data-widget_type=\"text-editor.default\">\n\t\t\t\t<div class=\"elementor-widget-container\">\n\t\t\t\t\t\t\t\t\t<p>L'acciaio inossidabile 317 \u00e8 essenzialmente una lega ad alte prestazioni sviluppata a partire dal classico acciaio inossidabile austenitico 18-8 (come il 304) aumentando significativamente il contenuto di molibdeno (Mo) e ottimizzando altri elementi.<\/p>\t\t\t\t\t\t\t\t<\/div>\n\t\t\t\t<\/div>\n\t\t\t\t<div class=\"elementor-element elementor-element-99cd2f8 elementor-widget elementor-widget-text-editor\" data-id=\"99cd2f8\" data-element_type=\"widget\" data-e-type=\"widget\" data-widget_type=\"text-editor.default\">\n\t\t\t\t<div class=\"elementor-widget-container\">\n\t\t\t\t\t\t\t\t\t<table><tbody><tr><td>Grado<\/td><td>C<\/td><td>Mn<\/td><td>Si<\/td><td>P<\/td><td>S<\/td><td>Cr<\/td><td>Mo<\/td><td>Ni<\/td><td>Fe<\/td><\/tr><tr><td>SS 317<\/td><td>0,08 max<\/td><td>2 max<\/td><td>1 max<\/td><td>0,045 max<\/td><td>0,030 max<\/td><td>18 - 20<\/td><td>3 - 4<\/td><td>11 - 15<\/td><td>57,845 min<\/td><\/tr><\/tbody><\/table><p>Cromo (Cr): Il cromo \u00e8 l'elemento centrale che forma il film di passivazione e fornisce una resistenza alla corrosione essenziale.<\/p><p>Nichel (Ni): Il nichel stabilizza la struttura austenitica, garantendo la tenacit\u00e0, le propriet\u00e0 amagnetiche e la saldabilit\u00e0 del materiale sia a temperatura ambiente che a basse temperature.<\/p><p>Molibdeno (Mo): Questa \u00e8 la distinzione chiave tra l'acciaio inossidabile 317 e la serie 316 (contenuto di Mo 2-3%). L'aggiunta di molibdeno aumenta significativamente la resistenza del materiale alla corrosione per vaiolatura e interstiziale in ambienti contenenti alogenuri come gli ioni cloruro.<\/p><p>Carbonio (C): aumenta la resistenza, ma si combina facilmente con il cromo per formare carburi di cromo, con conseguente impoverimento del cromo ai bordi dei grani e innesco della corrosione intergranulare.<\/p>\t\t\t\t\t\t\t\t<\/div>\n\t\t\t\t<\/div>\n\t\t\t\t<div class=\"elementor-element elementor-element-2772c38 elementor-widget elementor-widget-text-editor\" data-id=\"2772c38\" data-element_type=\"widget\" data-e-type=\"widget\" data-widget_type=\"text-editor.default\">\n\t\t\t\t<div class=\"elementor-widget-container\">\n\t\t\t\t\t\t\t\t\t<p>Il tubo 317 ss \u00e8 pi\u00f9 resistente alla vaiolatura e alla corrosione interstiziale in ambienti con cloruri rispetto ai tradizionali acciai inossidabili austenitici al cromo-nichel, come i tubi in acciaio inossidabile 304.<\/p><p>Il maggior contenuto di carbonio del tubo inossidabile 317 lo rende anche meno saldabile rispetto all'acciaio inossidabile 304 o 316.<\/p>\t\t\t\t\t\t\t\t<\/div>\n\t\t\t\t<\/div>\n\t\t\t\t\t<\/div>\n\t\t\t\t<\/div>\n\t\t<div class=\"elementor-element elementor-element-282d04c e-flex e-con-boxed e-con e-parent\" data-id=\"282d04c\" data-element_type=\"container\" data-e-type=\"container\">\n\t\t\t\t\t<div class=\"e-con-inner\">\n\t\t\t\t<div class=\"elementor-element elementor-element-ea4208a elementor-widget elementor-widget-heading\" data-id=\"ea4208a\" data-element_type=\"widget\" data-e-type=\"widget\" data-widget_type=\"heading.default\">\n\t\t\t\t<div class=\"elementor-widget-container\">\n\t\t\t\t\t<h4 class=\"elementor-heading-title elementor-size-default\">Resistenza alla vaiolatura e alla corrosione interstiziale\n<\/h4>\t\t\t\t<\/div>\n\t\t\t\t<\/div>\n\t\t\t\t<div class=\"elementor-element elementor-element-cbcabb7 elementor-widget elementor-widget-text-editor\" data-id=\"cbcabb7\" data-element_type=\"widget\" data-e-type=\"widget\" data-widget_type=\"text-editor.default\">\n\t\t\t\t<div class=\"elementor-widget-container\">\n\t\t\t\t\t\t\t\t\t<p>Questo \u00e8 il vantaggio pi\u00f9 importante dell'acciaio inossidabile 317. L'elemento molibdeno (Mo) sopprime efficacemente l'inizio e la propagazione della corrosione per vaiolatura e interstiziale, migliorando la capacit\u00e0 del film di passivazione di ripassivare in ambienti contenenti cloro e riducendo il rischio di rottura localizzata dello strato di passivazione.<\/p>\t\t\t\t\t\t\t\t<\/div>\n\t\t\t\t<\/div>\n\t\t\t\t<div class=\"elementor-element elementor-element-28fcd55 elementor-widget elementor-widget-text-editor\" data-id=\"28fcd55\" data-element_type=\"widget\" data-e-type=\"widget\" data-widget_type=\"text-editor.default\">\n\t\t\t\t<div class=\"elementor-widget-container\">\n\t\t\t\t\t\t\t\t\t<p><strong>PREN<\/strong><br \/><strong>316L:<\/strong> 24-26<br \/><strong>317L:<\/strong> 29-33<\/p><p>In applicazioni come l'acqua di mare, i fluidi contenenti cloro nei processi chimici e gli ambienti con nebbia salina, la durata e la sicurezza del tubo in acciaio inox 317 superano notevolmente quelle del 316L. <\/p>\t\t\t\t\t\t\t\t<\/div>\n\t\t\t\t<\/div>\n\t\t\t\t\t<\/div>\n\t\t\t\t<\/div>\n\t\t<div class=\"elementor-element elementor-element-329a4e8 e-flex e-con-boxed e-con e-parent\" data-id=\"329a4e8\" data-element_type=\"container\" data-e-type=\"container\">\n\t\t\t\t\t<div class=\"e-con-inner\">\n\t\t\t\t<div class=\"elementor-element elementor-element-7f31634 elementor-widget elementor-widget-heading\" data-id=\"7f31634\" data-element_type=\"widget\" data-e-type=\"widget\" data-widget_type=\"heading.default\">\n\t\t\t\t<div class=\"elementor-widget-container\">\n\t\t\t\t\t<h2 class=\"elementor-heading-title elementor-size-default\">Acciaio inox 317L<\/h2>\t\t\t\t<\/div>\n\t\t\t\t<\/div>\n\t\t\t\t<div class=\"elementor-element elementor-element-c983d70 elementor-widget elementor-widget-text-editor\" data-id=\"c983d70\" data-element_type=\"widget\" data-e-type=\"widget\" data-widget_type=\"text-editor.default\">\n\t\t\t\t<div class=\"elementor-widget-container\">\n\t\t\t\t\t\t\t\t\t<p>L'acciaio inossidabile 317L \u00e8 una variante a basso tenore di carbonio del 317, il cui contenuto di carbonio \u00e8 in genere rigorosamente controllato al di sotto di 0,030, il che riduce significativamente il rischio di precipitazione di carburo di cromo durante la saldatura o il servizio ad alta temperatura, migliorando sostanzialmente la resistenza alla corrosione intergranulare e la resistenza alla corrosione post-saldatura. Pertanto, il 317L \u00e8 il materiale preferito per i componenti saldati o per le applicazioni in cui le temperature di servizio rientrano nell'intervallo di sensibilizzazione (circa 450-850\u00b0C).<\/p>\t\t\t\t\t\t\t\t<\/div>\n\t\t\t\t<\/div>\n\t\t\t\t\t<\/div>\n\t\t\t\t<\/div>\n\t\t\t\t<\/div>","protected":false},"excerpt":{"rendered":"<p>La tubazione in acciaio inox 317 \u00e8 un tubo in lega ad alto tenore di cromo-nichel-molibdeno che contiene fino a 34% di molibdeno, livelli significativamente superiori a quelli riscontrati nei gradi 316\/316L, che forniscono un'eccellente resistenza alla corrosione acida e una forza ad alta temperatura, rendendola adatta ad ambienti chimici estremi.<\/p>\n<p>Tubo, senza saldatura Standard ASTM: A213<\/p>\n<p>Tubo, saldato Standard ASTM: A249<\/p>\n<p>Materiale: 317, 317L<\/p>\n<p>&nbsp;<\/p>","protected":false},"featured_media":2440,"template":"","meta":{"_eb_attr":""},"product_brand":[],"product_cat":[30],"product_tag":[],"class_list":{"0":"post-2439","1":"product","2":"type-product","3":"status-publish","4":"has-post-thumbnail","6":"product_cat-stainless-steel-seamless-pipe","8":"first","9":"instock","10":"shipping-taxable","11":"product-type-simple"},"_links":{"self":[{"href":"https:\/\/jblstainless.com\/it\/wp-json\/wp\/v2\/product\/2439","targetHints":{"allow":["GET"]}}],"collection":[{"href":"https:\/\/jblstainless.com\/it\/wp-json\/wp\/v2\/product"}],"about":[{"href":"https:\/\/jblstainless.com\/it\/wp-json\/wp\/v2\/types\/product"}],"version-history":[{"count":2,"href":"https:\/\/jblstainless.com\/it\/wp-json\/wp\/v2\/product\/2439\/revisions"}],"predecessor-version":[{"id":2442,"href":"https:\/\/jblstainless.com\/it\/wp-json\/wp\/v2\/product\/2439\/revisions\/2442"}],"wp:featuredmedia":[{"embeddable":true,"href":"https:\/\/jblstainless.com\/it\/wp-json\/wp\/v2\/media\/2440"}],"wp:attachment":[{"href":"https:\/\/jblstainless.com\/it\/wp-json\/wp\/v2\/media?parent=2439"}],"wp:term":[{"taxonomy":"product_brand","embeddable":true,"href":"https:\/\/jblstainless.com\/it\/wp-json\/wp\/v2\/product_brand?post=2439"},{"taxonomy":"product_cat","embeddable":true,"href":"https:\/\/jblstainless.com\/it\/wp-json\/wp\/v2\/product_cat?post=2439"},{"taxonomy":"product_tag","embeddable":true,"href":"https:\/\/jblstainless.com\/it\/wp-json\/wp\/v2\/product_tag?post=2439"}],"curies":[{"name":"wp","href":"https:\/\/api.w.org\/{rel}","templated":true}]}}