{"id":2492,"date":"2026-02-11T15:19:00","date_gmt":"2026-02-11T07:19:00","guid":{"rendered":"https:\/\/jblstainless.com\/?post_type=product&#038;p=2492"},"modified":"2026-02-11T15:35:14","modified_gmt":"2026-02-11T07:35:14","slug":"347-tubo-senza-saldatura-in-acciaio-inox","status":"publish","type":"product","link":"https:\/\/jblstainless.com\/it\/347-stainless-steel-seamless-pipe\/","title":{"rendered":"347 Tubo senza saldatura in acciaio inox"},"content":{"rendered":"<div data-elementor-type=\"product-post\" data-elementor-id=\"2492\" class=\"elementor elementor-2492\" data-elementor-post-type=\"product\">\n\t\t\t\t<div class=\"elementor-element elementor-element-fa4a8e3 e-flex e-con-boxed e-con e-parent\" data-id=\"fa4a8e3\" data-element_type=\"container\" data-e-type=\"container\">\n\t\t\t\t\t<div class=\"e-con-inner\">\n\t\t\t\t<div class=\"elementor-element elementor-element-90f0f6b elementor-widget elementor-widget-text-editor\" data-id=\"90f0f6b\" data-element_type=\"widget\" data-e-type=\"widget\" data-widget_type=\"text-editor.default\">\n\t\t\t\t<div class=\"elementor-widget-container\">\n\t\t\t\t\t\t\t\t\t<p>L'acciaio inossidabile 347 \u00e8 un grado sviluppato aggiungendo l'elemento stabilizzante niobio all'acciaio inossidabile austenitico al cromo-nichel. I suoi tubi senza saldatura sono prodotti attraverso processi come la laminazione a caldo, l'estrusione a caldo, la trafilatura a freddo o la laminazione a freddo, ottenendo tubi in acciaio senza cordoni di saldatura n\u00e9 sulla parete interna n\u00e9 su quella esterna. Questo metodo di produzione conferisce ai tubi una maggiore capacit\u00e0 di sopportare la pressione, una microstruttura pi\u00f9 uniforme e un'eccellente precisione dimensionale. <\/p><p>Il tubo senza saldatura in acciaio inox 347 \u00e8 un tubo in acciaio inox austenitico stabilizzato al niobio, contenente 0,32-1% di niobio per prevenire la sensibilizzazione alle alte temperature, che fornisce un'eccellente resistenza alle alte temperature e alla corrosione, adatto a condizioni superiori a 425\u00b0C.<\/p>\t\t\t\t\t\t\t\t<\/div>\n\t\t\t\t<\/div>\n\t\t\t\t\t<\/div>\n\t\t\t\t<\/div>\n\t\t<div class=\"elementor-element elementor-element-cd82651 e-flex e-con-boxed e-con e-parent\" data-id=\"cd82651\" data-element_type=\"container\" data-e-type=\"container\">\n\t\t\t\t\t<div class=\"e-con-inner\">\n\t\t\t\t<div class=\"elementor-element elementor-element-3417544 elementor-widget elementor-widget-heading\" data-id=\"3417544\" data-element_type=\"widget\" data-e-type=\"widget\" data-widget_type=\"heading.default\">\n\t\t\t\t<div class=\"elementor-widget-container\">\n\t\t\t\t\t<h2 class=\"elementor-heading-title elementor-size-default\">347 Specificazione del tubo senza saldatura in acciaio inossidabile<\/h2>\t\t\t\t<\/div>\n\t\t\t\t<\/div>\n\t\t\t\t<div class=\"elementor-element elementor-element-b9d6e08 elementor-widget elementor-widget-text-editor\" data-id=\"b9d6e08\" data-element_type=\"widget\" data-e-type=\"widget\" data-widget_type=\"text-editor.default\">\n\t\t\t\t<div class=\"elementor-widget-container\">\n\t\t\t\t\t\t\t\t\t<p>Standard: ASTM A269, ASTM A213, ASTM A312<\/p><p>Spessore della parete: Da Schedule 10 a Schedule 160 (spessore da 3 mm a 100 mm)<\/p><p>Diametro esterno: 0,5\u201d NB - 16\u201d NB<\/p><p>Lunghezza: 0,1 m - 12,5 m, singola lunghezza casuale, doppia lunghezza casuale e personalizzazione della dimensione<\/p><p>Estremit\u00e0 dei tubi: lisce \/ smussate \/ con profilo a battente<\/p><p>Servizio a valore aggiunto: Lucidatura, smussatura, levigatura\/tornitura, trattamento termico \/ ricottura \/ ricottura lucida\u00a0<\/p>\t\t\t\t\t\t\t\t<\/div>\n\t\t\t\t<\/div>\n\t\t\t\t<div class=\"elementor-element elementor-element-3157ae5 elementor-widget elementor-widget-image\" data-id=\"3157ae5\" data-element_type=\"widget\" data-e-type=\"widget\" data-widget_type=\"image.default\">\n\t\t\t\t<div class=\"elementor-widget-container\">\n\t\t\t\t\t\t\t\t\t\t\t\t\t\t\t<img fetchpriority=\"high\" decoding=\"async\" width=\"1000\" height=\"279\" src=\"https:\/\/jblstainless.com\/wp-content\/uploads\/2025\/09\/stainless-steel-pipe-end.webp\" class=\"attachment-1536x1536 size-1536x1536 wp-image-2201\" alt=\"347 Tubo senza saldatura in acciaio inox\" srcset=\"https:\/\/jblstainless.com\/wp-content\/uploads\/2025\/09\/stainless-steel-pipe-end.webp 1000w, https:\/\/jblstainless.com\/wp-content\/uploads\/2025\/09\/stainless-steel-pipe-end-700x195.webp 700w, https:\/\/jblstainless.com\/wp-content\/uploads\/2025\/09\/stainless-steel-pipe-end-768x214.webp 768w, https:\/\/jblstainless.com\/wp-content\/uploads\/2025\/09\/stainless-steel-pipe-end-18x5.webp 18w, https:\/\/jblstainless.com\/wp-content\/uploads\/2025\/09\/stainless-steel-pipe-end-600x167.webp 600w\" sizes=\"(max-width: 1000px) 100vw, 1000px\" \/>\t\t\t\t\t\t\t\t\t\t\t\t\t\t\t<\/div>\n\t\t\t\t<\/div>\n\t\t\t\t\t<\/div>\n\t\t\t\t<\/div>\n\t\t<div class=\"elementor-element elementor-element-63f1419 e-flex e-con-boxed e-con e-parent\" data-id=\"63f1419\" data-element_type=\"container\" data-e-type=\"container\">\n\t\t\t\t\t<div class=\"e-con-inner\">\n\t\t\t\t<div class=\"elementor-element elementor-element-7627d60 elementor-widget elementor-widget-heading\" data-id=\"7627d60\" data-element_type=\"widget\" data-e-type=\"widget\" data-widget_type=\"heading.default\">\n\t\t\t\t<div class=\"elementor-widget-container\">\n\t\t\t\t\t<h3 class=\"elementor-heading-title elementor-size-default\">347 Acciaio inossidabile Categorie<\/h3>\t\t\t\t<\/div>\n\t\t\t\t<\/div>\n\t\t\t\t<div class=\"elementor-element elementor-element-690f909 elementor-widget elementor-widget-text-editor\" data-id=\"690f909\" data-element_type=\"widget\" data-e-type=\"widget\" data-widget_type=\"text-editor.default\">\n\t\t\t\t<div class=\"elementor-widget-container\">\n\t\t\t\t\t\t\t\t\t<p>L'acciaio inossidabile 347 \u00e8 un acciaio inossidabile austenitico contenente niobio e tantalio per prevenire la formazione di carburi di cromo, che offre un'eccellente resistenza alla corrosione intergranulare ed \u00e8 adatto ad ambienti ad alta temperatura. La sua resistenza alla corrosione \u00e8 superiore a quella di <a href=\"https:\/\/jblstainless.com\/it\/tubi-in-acciaio-inox-321\/\"><u><b>Acciaio inox 321<\/b><\/u><\/a>, che lo rende adatto ad ambienti ad alta e bassa temperatura, con una buona resistenza alla corrosione e al calore.<\/p>\t\t\t\t\t\t\t\t<\/div>\n\t\t\t\t<\/div>\n\t\t\t\t<div class=\"elementor-element elementor-element-c1140d6 elementor-widget elementor-widget-text-editor\" data-id=\"c1140d6\" data-element_type=\"widget\" data-e-type=\"widget\" data-widget_type=\"text-editor.default\">\n\t\t\t\t<div class=\"elementor-widget-container\">\n\t\t\t\t\t\t\t\t\t<p>In base al contenuto di carbonio, l'acciaio inossidabile 347 si divide principalmente in due gradi:<\/p><p><strong>Acciaio inox 347 (UNS S34700):<\/strong> Il suo contenuto di carbonio \u00e8 tipicamente inferiore a 0,08%, rendendolo adatto alla maggior parte delle applicazioni ad alta temperatura e resistenti alla corrosione.<\/p><p><strong>Acciaio inox 347H (UNS S34709):<\/strong> la versione ad alto tenore di carbonio del 347, con un contenuto di carbonio tipicamente compreso tra 0,04% e 0,10%. Il contenuto di carbonio pi\u00f9 elevato, combinato con il niobio, aumenta in modo significativo la forza ad alta temperatura e la resistenza al creep del materiale, rendendolo pi\u00f9 adatto all'uso a lungo termine in ambienti pressurizzati a temperature ultra-elevate (tipicamente superiori a 538\u00b0C).<\/p><p>La differenza nel contenuto di carbonio rende il 347H significativamente superiore al 347 in termini di sollecitazione ammissibile e resistenza alla rottura per scorrimento a temperature superiori a 538\u00b0C (1000\u00b0F), rendendolo uno dei materiali preferiti per le applicazioni ad alta temperatura secondo il Codice ASME per caldaie e recipienti a pressione.<\/p>\t\t\t\t\t\t\t\t<\/div>\n\t\t\t\t<\/div>\n\t\t\t\t\t<\/div>\n\t\t\t\t<\/div>\n\t\t<div class=\"elementor-element elementor-element-6601ec4 e-flex e-con-boxed e-con e-parent\" data-id=\"6601ec4\" data-element_type=\"container\" data-e-type=\"container\">\n\t\t\t\t\t<div class=\"e-con-inner\">\n\t\t\t\t<div class=\"elementor-element elementor-element-8ae60bd elementor-widget elementor-widget-heading\" data-id=\"8ae60bd\" data-element_type=\"widget\" data-e-type=\"widget\" data-widget_type=\"heading.default\">\n\t\t\t\t<div class=\"elementor-widget-container\">\n\t\t\t\t\t<h2 class=\"elementor-heading-title elementor-size-default\">Perch\u00e9 scegliere il tubo senza saldatura SS 347<\/h2>\t\t\t\t<\/div>\n\t\t\t\t<\/div>\n\t\t\t\t<div class=\"elementor-element elementor-element-5111755 elementor-widget elementor-widget-text-editor\" data-id=\"5111755\" data-element_type=\"widget\" data-e-type=\"widget\" data-widget_type=\"text-editor.default\">\n\t\t\t\t<div class=\"elementor-widget-container\">\n\t\t\t\t\t\t\t\t\t<p>A differenza dell'acciaio 304, l'acciaio inox 347 presenta migliori propriet\u00e0 di resistenza allo scorrimento e al rapimento. Funziona meglio anche in condizioni di calore estremo e ha un'eccellente capacit\u00e0 di sopportare alte pressioni. Ha una migliore tenacit\u00e0 e una buona resistenza complessiva.<\/p>\t\t\t\t\t\t\t\t<\/div>\n\t\t\t\t<\/div>\n\t\t\t\t<div class=\"elementor-element elementor-element-528ed51 elementor-widget elementor-widget-text-editor\" data-id=\"528ed51\" data-element_type=\"widget\" data-e-type=\"widget\" data-widget_type=\"text-editor.default\">\n\t\t\t\t<div class=\"elementor-widget-container\">\n\t\t\t\t\t\t\t\t\t<p><strong>1. Struttura stabilizzata al Nb: Soppressione della corrosione intergranulare<\/strong><br \/>Rispetto al 304H e al 321, l'acciaio inossidabile 347 incorpora il niobio (Nb) per formare carburi stabili con il carbonio:<\/p><ul><li>Impedisce la precipitazione del cromo ai bordi dei grani: inibisce la corrosione intergranulare<\/li><li>Elimina il complesso trattamento della soluzione post-saldatura: Ideale per la costruzione in loco su larga scala<\/li><li>Microstruttura pi\u00f9 stabile in presenza di alte temperature prolungate<\/li><\/ul>\t\t\t\t\t\t\t\t<\/div>\n\t\t\t\t<\/div>\n\t\t\t\t<div class=\"elementor-element elementor-element-c4fd1fc elementor-widget elementor-widget-text-editor\" data-id=\"c4fd1fc\" data-element_type=\"widget\" data-e-type=\"widget\" data-widget_type=\"text-editor.default\">\n\t\t\t\t<div class=\"elementor-widget-container\">\n\t\t\t\t\t\t\t\t\t<p><strong>2. 347 Tubo in acciaio senza saldatura: Adatto a condizioni di alta temperatura e alta pressione<\/strong><\/p><ul><li>Struttura senza cuciture per una distribuzione pi\u00f9 uniforme delle sollecitazioni<\/li><li>Maggiore resistenza alla pressione e coefficiente di sicurezza<\/li><li>Pi\u00f9 adatto a progetti che richiedono una rigorosa conformit\u00e0 agli standard ASME, ASTM e altri standard rigorosi<\/li><\/ul>\t\t\t\t\t\t\t\t<\/div>\n\t\t\t\t<\/div>\n\t\t\t\t<div class=\"elementor-element elementor-element-484bdb0 elementor-widget elementor-widget-text-editor\" data-id=\"484bdb0\" data-element_type=\"widget\" data-e-type=\"widget\" data-widget_type=\"text-editor.default\">\n\t\t\t\t<div class=\"elementor-widget-container\">\n\t\t\t\t\t\t\t\t\t<p><strong>3. Resistenza alle alte temperature<\/strong><\/p><p>L'acciaio inossidabile 347 presenta una maggiore stabilit\u00e0 nei seguenti aspetti:<\/p><ul><li>Resistenza superiore al creep ad alta temperatura<\/li><li>Forte resistenza alla fatica termica<\/li><li>Degrado pi\u00f9 lento delle propriet\u00e0 meccaniche durante il funzionamento a lungo termine<\/li><\/ul>\t\t\t\t\t\t\t\t<\/div>\n\t\t\t\t<\/div>\n\t\t\t\t<div class=\"elementor-element elementor-element-5fed6bc elementor-widget elementor-widget-text-editor\" data-id=\"5fed6bc\" data-element_type=\"widget\" data-e-type=\"widget\" data-widget_type=\"text-editor.default\">\n\t\t\t\t<div class=\"elementor-widget-container\">\n\t\t\t\t\t\t\t\t\t<p><strong>4.Eccellente lavorabilit\u00e0 e saldabilit\u00e0<\/strong><\/p><p>L'acciaio inox 347 presenta un'eccellente lavorabilit\u00e0 a freddo e a caldo. La sua lavorazione a caldo (come la forgiatura e la laminazione a caldo) comporta tipicamente temperature comprese tra 1150 e 1250\u00b0C.<\/p><p>Grazie all'effetto stabilizzante del niobio, i giunti saldati sono meno suscettibili alla corrosione intergranulare, per cui il trattamento termico post-saldatura non \u00e8 generalmente necessario.<\/p>\t\t\t\t\t\t\t\t<\/div>\n\t\t\t\t<\/div>\n\t\t\t\t\t<\/div>\n\t\t\t\t<\/div>\n\t\t<div class=\"elementor-element elementor-element-dfaaf83 e-flex e-con-boxed e-con e-parent\" data-id=\"dfaaf83\" data-element_type=\"container\" data-e-type=\"container\">\n\t\t\t\t\t<div class=\"e-con-inner\">\n\t\t\t\t<div class=\"elementor-element elementor-element-67a176a elementor-widget elementor-widget-heading\" data-id=\"67a176a\" data-element_type=\"widget\" data-e-type=\"widget\" data-widget_type=\"heading.default\">\n\t\t\t\t<div class=\"elementor-widget-container\">\n\t\t\t\t\t<h3 class=\"elementor-heading-title elementor-size-default\">Composizione chimica del tubo in acciaio inox 347\n<\/h3>\t\t\t\t<\/div>\n\t\t\t\t<\/div>\n\t\t\t\t<div class=\"elementor-element elementor-element-3a79885 elementor-widget elementor-widget-text-editor\" data-id=\"3a79885\" data-element_type=\"widget\" data-e-type=\"widget\" data-widget_type=\"text-editor.default\">\n\t\t\t\t<div class=\"elementor-widget-container\">\n\t\t\t\t\t\t\t\t\t<table><tbody><tr><th>Standard<\/th><th>Elemento<\/th><th>C<\/th><th>Cr<\/th><th>Mn<\/th><th>Ni<\/th><th>P<\/th><th>S<\/th><th>Si<\/th><th>Cb\/Ta<\/th><\/tr><tr><td colspan=\"1\" rowspan=\"2\">ASTM A213<br \/>\/ASTM A312<\/td><td>347<\/td><td>0,08 max<\/td><td>min: 17.0<br \/>max: 20.0<\/td><td>2,0 max<\/td><td>min: 9.0<br \/>max: 13.0<\/td><td>0,04 max<\/td><td>0.30<br \/>massimo<\/td><td>0.75<br \/>massimo<\/td><td>min:10x C<br \/>max: 1.0<\/td><\/tr><tr><td>347H<\/td><td>min: 0,04<br \/>max: 0,10<\/td><td>min: 17.0<br \/>max: 20.0<\/td><td>2,0 max<\/td><td>min: 9.0<br \/>max: 13.0<\/td><td>0,03 max<\/td><td>0.30<br \/>massimo<\/td><td>0.75<br \/>massimo<\/td><td>min:10x C<br \/>max: 1.0<\/td><\/tr><\/tbody><\/table>\t\t\t\t\t\t\t\t<\/div>\n\t\t\t\t<\/div>\n\t\t\t\t\t<\/div>\n\t\t\t\t<\/div>\n\t\t<div class=\"elementor-element elementor-element-180e660 e-flex e-con-boxed e-con e-parent\" data-id=\"180e660\" data-element_type=\"container\" data-e-type=\"container\">\n\t\t\t\t\t<div class=\"e-con-inner\">\n\t\t\t\t<div class=\"elementor-element elementor-element-856e879 elementor-widget elementor-widget-heading\" data-id=\"856e879\" data-element_type=\"widget\" data-e-type=\"widget\" data-widget_type=\"heading.default\">\n\t\t\t\t<div class=\"elementor-widget-container\">\n\t\t\t\t\t<h3 class=\"elementor-heading-title elementor-size-default\">Propriet\u00e0 meccaniche<\/h3>\t\t\t\t<\/div>\n\t\t\t\t<\/div>\n\t\t\t\t<div class=\"elementor-element elementor-element-15b588b elementor-widget elementor-widget-text-editor\" data-id=\"15b588b\" data-element_type=\"widget\" data-e-type=\"widget\" data-widget_type=\"text-editor.default\">\n\t\t\t\t<div class=\"elementor-widget-container\">\n\t\t\t\t\t\t\t\t\t<table class=\"table\"><tbody><tr><th>Grado<\/th><th>Resistenza alla trazione ksi (MPa) min<\/th><th>Resistenza allo snervamento 0,2% ksi offset ksi (MPa) min<\/th><th>Allungamento (% in 50mm) min<\/th><th>Durezza (Brinell) MAX<\/th><th>Durezza (Rockwell B) MAX<\/th><\/tr><tr><td>347\/347H<\/td><td>75<br \/>(515)<\/td><td>30<br \/>(205)<\/td><td>40<\/td><td>201<\/td><td>95<\/td><\/tr><\/tbody><\/table>\t\t\t\t\t\t\t\t<\/div>\n\t\t\t\t<\/div>\n\t\t\t\t\t<\/div>\n\t\t\t\t<\/div>\n\t\t<div class=\"elementor-element elementor-element-46a4eb3 e-flex e-con-boxed e-con e-parent\" data-id=\"46a4eb3\" data-element_type=\"container\" data-e-type=\"container\">\n\t\t\t\t\t<div class=\"e-con-inner\">\n\t\t\t\t<div class=\"elementor-element elementor-element-a4ad9d9 elementor-widget elementor-widget-heading\" data-id=\"a4ad9d9\" data-element_type=\"widget\" data-e-type=\"widget\" data-widget_type=\"heading.default\">\n\t\t\t\t<div class=\"elementor-widget-container\">\n\t\t\t\t\t<h2 class=\"elementor-heading-title elementor-size-default\">Applicazioni<\/h2>\t\t\t\t<\/div>\n\t\t\t\t<\/div>\n\t\t\t\t<div class=\"elementor-element elementor-element-494dd5c elementor-widget elementor-widget-text-editor\" data-id=\"494dd5c\" data-element_type=\"widget\" data-e-type=\"widget\" data-widget_type=\"text-editor.default\">\n\t\t\t\t<div class=\"elementor-widget-container\">\n\t\t\t\t\t\t\t\t\t<p>Grazie alle sue caratteristiche uniche, il tubo senza saldatura in acciaio inox 347 svolge un ruolo indispensabile in diversi settori industriali.<\/p>\t\t\t\t\t\t\t\t<\/div>\n\t\t\t\t<\/div>\n\t\t\t\t<div class=\"elementor-element elementor-element-226f583 elementor-widget elementor-widget-text-editor\" data-id=\"226f583\" data-element_type=\"widget\" data-e-type=\"widget\" data-widget_type=\"text-editor.default\">\n\t\t\t\t<div class=\"elementor-widget-container\">\n\t\t\t\t\t\t\t\t\t<p><strong>Impianti petroliferi e chimici<\/strong><\/p><p>I tubi in acciaio inox 347 offrono prestazioni stabili dopo la saldatura e resistenza alla corrosione intergranulare, riducendo al minimo i tempi di inattivit\u00e0 non programmati.<\/p>\t\t\t\t\t\t\t\t<\/div>\n\t\t\t\t<\/div>\n\t\t\t\t<div class=\"elementor-element elementor-element-6cd585c elementor-widget elementor-widget-text-editor\" data-id=\"6cd585c\" data-element_type=\"widget\" data-e-type=\"widget\" data-widget_type=\"text-editor.default\">\n\t\t\t\t<div class=\"elementor-widget-container\">\n\t\t\t\t\t\t\t\t\t<p><strong>Ingegneria dell'alimentazione e dell'energia<\/strong><\/p><p>Mantenendo una stabilit\u00e0 di resistenza a lungo termine alle alte temperature, i tubi in acciaio 347 offrono una durata di progettazione superiore a 20 anni.<\/p>\t\t\t\t\t\t\t\t<\/div>\n\t\t\t\t<\/div>\n\t\t\t\t<div class=\"elementor-element elementor-element-0ec288d elementor-widget elementor-widget-text-editor\" data-id=\"0ec288d\" data-element_type=\"widget\" data-e-type=\"widget\" data-widget_type=\"text-editor.default\">\n\t\t\t\t<div class=\"elementor-widget-container\">\n\t\t\t\t\t\t\t\t\t<p><strong>Forni industriali e apparecchiature per il trattamento termico<\/strong><\/p><p>L'acciaio inox 347 resiste all'affaticamento termico ed \u00e8 quindi ideale per applicazioni con frequenti cicli di avvio e arresto.<\/p>\t\t\t\t\t\t\t\t<\/div>\n\t\t\t\t<\/div>\n\t\t\t\t\t<\/div>\n\t\t\t\t<\/div>\n\t\t\t\t<\/div>","protected":false},"excerpt":{"rendered":"<p>Il tubo senza saldatura in acciaio inox 347 \u00e8 un acciaio inossidabile austenitico stabilizzato con niobio (Nb), ottimizzato per ambienti ad alta temperatura e a lungo termine.<\/p>\n<p>Eccellente resistenza alla corrosione intergranulare<\/p>\n<p>Propriet\u00e0 superiori alle alte temperature<\/p>\n<p>Buona lavorabilit\u00e0 e saldabilit\u00e0<\/p>","protected":false},"featured_media":2499,"template":"","meta":{"_eb_attr":""},"product_brand":[],"product_cat":[30],"product_tag":[],"class_list":{"0":"post-2492","1":"product","2":"type-product","3":"status-publish","4":"has-post-thumbnail","6":"product_cat-stainless-steel-seamless-pipe","8":"first","9":"instock","10":"shipping-taxable","11":"product-type-simple"},"_links":{"self":[{"href":"https:\/\/jblstainless.com\/it\/wp-json\/wp\/v2\/product\/2492","targetHints":{"allow":["GET"]}}],"collection":[{"href":"https:\/\/jblstainless.com\/it\/wp-json\/wp\/v2\/product"}],"about":[{"href":"https:\/\/jblstainless.com\/it\/wp-json\/wp\/v2\/types\/product"}],"version-history":[{"count":13,"href":"https:\/\/jblstainless.com\/it\/wp-json\/wp\/v2\/product\/2492\/revisions"}],"predecessor-version":[{"id":2509,"href":"https:\/\/jblstainless.com\/it\/wp-json\/wp\/v2\/product\/2492\/revisions\/2509"}],"wp:featuredmedia":[{"embeddable":true,"href":"https:\/\/jblstainless.com\/it\/wp-json\/wp\/v2\/media\/2499"}],"wp:attachment":[{"href":"https:\/\/jblstainless.com\/it\/wp-json\/wp\/v2\/media?parent=2492"}],"wp:term":[{"taxonomy":"product_brand","embeddable":true,"href":"https:\/\/jblstainless.com\/it\/wp-json\/wp\/v2\/product_brand?post=2492"},{"taxonomy":"product_cat","embeddable":true,"href":"https:\/\/jblstainless.com\/it\/wp-json\/wp\/v2\/product_cat?post=2492"},{"taxonomy":"product_tag","embeddable":true,"href":"https:\/\/jblstainless.com\/it\/wp-json\/wp\/v2\/product_tag?post=2492"}],"curies":[{"name":"wp","href":"https:\/\/api.w.org\/{rel}","templated":true}]}}