{"id":2515,"date":"2026-03-05T17:22:40","date_gmt":"2026-03-05T09:22:40","guid":{"rendered":"https:\/\/jblstainless.com\/?post_type=product&#038;p=2515"},"modified":"2026-03-05T17:25:52","modified_gmt":"2026-03-05T09:25:52","slug":"410-tubo-in-acciaio-inox-senza-saldatura","status":"publish","type":"product","link":"https:\/\/jblstainless.com\/it\/410-seamless-stainless-steel-pipe\/","title":{"rendered":"410 Tubo in acciaio inox senza saldatura"},"content":{"rendered":"<div data-elementor-type=\"product-post\" data-elementor-id=\"2515\" class=\"elementor elementor-2515\" data-elementor-post-type=\"product\">\n\t\t\t\t<div class=\"elementor-element elementor-element-a3d817c e-flex e-con-boxed e-con e-parent\" data-id=\"a3d817c\" data-element_type=\"container\" data-e-type=\"container\">\n\t\t\t\t\t<div class=\"e-con-inner\">\n\t\t\t\t<div class=\"elementor-element elementor-element-b746704 elementor-widget elementor-widget-text-editor\" data-id=\"b746704\" data-element_type=\"widget\" data-e-type=\"widget\" data-widget_type=\"text-editor.default\">\n\t\t\t\t<div class=\"elementor-widget-container\">\n\t\t\t\t\t\t\t\t\t<p>L'acciaio inossidabile 410 \u00e8 un tipico acciaio inossidabile martensitico, noto anche come \u201c1Cr13\u201d, contenente circa 12% di cromo, che offre una moderata resistenza alla corrosione, buona resistenza meccanica, trattabilit\u00e0 termica e propriet\u00e0 magnetiche, ampiamente utilizzate nella produzione di vari componenti meccanici resistenti all'usura e ad alta resistenza.<\/p><p>A differenza dei tipici acciai inossidabili austenitici (<a href=\"https:\/\/jblstainless.com\/it\/tubo-senza-saldatura-in-acciaio-inossidabile-304\/\"><em><span style=\"text-decoration: underline;\"><strong>304<\/strong><\/span><\/em><\/a>\/<a href=\"https:\/\/jblstainless.com\/it\/tubo-senza-saldatura-in-acciaio-inox-316\/\"><span style=\"text-decoration: underline;\"><em><strong>316<\/strong><\/em><\/span><\/a>), l'acciaio 410 ha una struttura cristallina cubica a corpo centrato e presenta propriet\u00e0 magnetiche. La sua resistenza e durezza possono essere migliorate in modo significativo attraverso trattamenti termici come la tempra e il rinvenimento. Pu\u00f2 essere formato allo stato grezzo e raggiunge un'eccellente forza e resistenza all'usura dopo il trattamento termico.<\/p>\t\t\t\t\t\t\t\t<\/div>\n\t\t\t\t<\/div>\n\t\t\t\t\t<\/div>\n\t\t\t\t<\/div>\n\t\t<div class=\"elementor-element elementor-element-407e44c e-flex e-con-boxed e-con e-parent\" data-id=\"407e44c\" data-element_type=\"container\" data-e-type=\"container\">\n\t\t\t\t\t<div class=\"e-con-inner\">\n\t\t\t\t<div class=\"elementor-element elementor-element-e673dc0 elementor-widget elementor-widget-heading\" data-id=\"e673dc0\" data-element_type=\"widget\" data-e-type=\"widget\" data-widget_type=\"heading.default\">\n\t\t\t\t<div class=\"elementor-widget-container\">\n\t\t\t\t\t<h2 class=\"elementor-heading-title elementor-size-default\">Perch\u00e9 scegliere il tubo in acciaio inox 410 senza saldatura<\/h2>\t\t\t\t<\/div>\n\t\t\t\t<\/div>\n\t\t\t\t<div class=\"elementor-element elementor-element-a685033 elementor-widget elementor-widget-text-editor\" data-id=\"a685033\" data-element_type=\"widget\" data-e-type=\"widget\" data-widget_type=\"text-editor.default\">\n\t\t\t\t<div class=\"elementor-widget-container\">\n\t\t\t\t\t\t\t\t\t<p>I tubi senza saldatura in acciaio inox 410 sono prodotti tubolari cavi fabbricati mediante processi di laminazione o estrusione a caldo, caratterizzati da una superficie liscia e da precise dimensioni della sezione trasversale.<\/p><p>JBLSTEEL \u00e8 produttore, esportatore e fornitore di tubi in acciaio inox 410 senza saldatura di alta qualit\u00e0. Forniamo tutti i tubi 410 ss in diverse dimensioni, diametri e tipi come senza saldatura, saldati e fabbricati. Il tubo 410 \u00e8 disponibile anche in varie dimensioni e forme secondo i requisiti dei nostri clienti. Effettuiamo ispezioni rigorose su ogni lotto di tubo 410. I certificati di prova dei materiali (MTC) e i rapporti sulle propriet\u00e0 meccaniche sono disponibili prima della spedizione, in conformit\u00e0 agli standard ASTM\/ASME\/JIS\/GB.<\/p>\t\t\t\t\t\t\t\t<\/div>\n\t\t\t\t<\/div>\n\t\t\t\t\t<\/div>\n\t\t\t\t<\/div>\n\t\t<div class=\"elementor-element elementor-element-ca1fa32 e-flex e-con-boxed e-con e-parent\" data-id=\"ca1fa32\" data-element_type=\"container\" data-e-type=\"container\">\n\t\t\t\t\t<div class=\"e-con-inner\">\n\t\t\t\t<div class=\"elementor-element elementor-element-f41159a elementor-widget elementor-widget-image\" data-id=\"f41159a\" data-element_type=\"widget\" data-e-type=\"widget\" data-widget_type=\"image.default\">\n\t\t\t\t<div class=\"elementor-widget-container\">\n\t\t\t\t\t\t\t\t\t\t\t\t\t\t\t<img fetchpriority=\"high\" decoding=\"async\" width=\"800\" height=\"394\" src=\"https:\/\/jblstainless.com\/wp-content\/uploads\/2025\/04\/stainless-steel-pipe-surface-treatment.webp\" class=\"attachment-large size-large wp-image-1357\" alt=\"Tubo in acciaio inox 420\" srcset=\"https:\/\/jblstainless.com\/wp-content\/uploads\/2025\/04\/stainless-steel-pipe-surface-treatment.webp 1000w, https:\/\/jblstainless.com\/wp-content\/uploads\/2025\/04\/stainless-steel-pipe-surface-treatment-300x148.webp 300w, https:\/\/jblstainless.com\/wp-content\/uploads\/2025\/04\/stainless-steel-pipe-surface-treatment-768x379.webp 768w, https:\/\/jblstainless.com\/wp-content\/uploads\/2025\/04\/stainless-steel-pipe-surface-treatment-18x9.webp 18w, https:\/\/jblstainless.com\/wp-content\/uploads\/2025\/04\/stainless-steel-pipe-surface-treatment-600x296.webp 600w\" sizes=\"(max-width: 800px) 100vw, 800px\" \/>\t\t\t\t\t\t\t\t\t\t\t\t\t\t\t<\/div>\n\t\t\t\t<\/div>\n\t\t\t\t\t<\/div>\n\t\t\t\t<\/div>\n\t\t<div class=\"elementor-element elementor-element-1ad82db e-flex e-con-boxed e-con e-parent\" data-id=\"1ad82db\" data-element_type=\"container\" data-e-type=\"container\">\n\t\t\t\t\t<div class=\"e-con-inner\">\n\t\t\t\t<div class=\"elementor-element elementor-element-cfd7c5e elementor-widget elementor-widget-heading\" data-id=\"cfd7c5e\" data-element_type=\"widget\" data-e-type=\"widget\" data-widget_type=\"heading.default\">\n\t\t\t\t<div class=\"elementor-widget-container\">\n\t\t\t\t\t<h3 class=\"elementor-heading-title elementor-size-default\">Vantaggio del tubo in acciaio inox 410\n<\/h3>\t\t\t\t<\/div>\n\t\t\t\t<\/div>\n\t\t\t\t<div class=\"elementor-element elementor-element-a57e256 elementor-widget elementor-widget-text-editor\" data-id=\"a57e256\" data-element_type=\"widget\" data-e-type=\"widget\" data-widget_type=\"text-editor.default\">\n\t\t\t\t<div class=\"elementor-widget-container\">\n\t\t\t\t\t\t\t\t\t<p>Il 410 \u00e8 un acciaio inossidabile ricotto con elevate propriet\u00e0 meccaniche, che offre eccellenti propriet\u00e0 magnetiche sia in condizioni di ricottura che di tempra.<\/p>\t\t\t\t\t\t\t\t<\/div>\n\t\t\t\t<\/div>\n\t\t\t\t<div class=\"elementor-element elementor-element-afc72e6 elementor-widget elementor-widget-text-editor\" data-id=\"afc72e6\" data-element_type=\"widget\" data-e-type=\"widget\" data-widget_type=\"text-editor.default\">\n\t\t\t\t<div class=\"elementor-widget-container\">\n\t\t\t\t\t\t\t\t\t<p><strong>Resistenza alla corrosione:<\/strong><\/p><p>Eccellente resistenza alla corrosione in ambienti a bassa e media temperatura e in mezzi leggermente corrosivi (ad es. acqua pulita, olio, gas acidi), ma inadeguata per ambienti ad alto contenuto di cloruri. \u00c8 necessaria una protezione aggiuntiva per i mezzi fortemente corrosivi come acidi, alcali e acqua di mare.<\/p>\t\t\t\t\t\t\t\t<\/div>\n\t\t\t\t<\/div>\n\t\t\t\t<div class=\"elementor-element elementor-element-15d18ca elementor-widget elementor-widget-text-editor\" data-id=\"15d18ca\" data-element_type=\"widget\" data-e-type=\"widget\" data-widget_type=\"text-editor.default\">\n\t\t\t\t<div class=\"elementor-widget-container\">\n\t\t\t\t\t\t\t\t\t<p><strong>Resistenza al calore:<\/strong><\/p><p>Pu\u00f2 resistere a intervalli di temperatura moderati (temperatura di esercizio tipica \u2264 350\u00b0C), comunemente utilizzato nelle condutture di vapore e nelle apparecchiature di trattamento termico. La massima resistenza al calore supera i 600-650\u00b0C, con una resistenza all'ossidazione superiore (superiore a quella dell'acciaio al carbonio ordinario).<\/p>\t\t\t\t\t\t\t\t<\/div>\n\t\t\t\t<\/div>\n\t\t\t\t<div class=\"elementor-element elementor-element-7c858f5 elementor-widget elementor-widget-text-editor\" data-id=\"7c858f5\" data-element_type=\"widget\" data-e-type=\"widget\" data-widget_type=\"text-editor.default\">\n\t\t\t\t<div class=\"elementor-widget-container\">\n\t\t\t\t\t\t\t\t\t<p><strong>Lavorabilit\u00e0:<\/strong><\/p><p>Si ammorbidisce allo stato ricotto, consentendo lavorazioni secondarie come la piegatura o la pressatura; si indurisce allo stato bonificato; \u00e8 resistente all'usura ma soggetto a cricche. L'acciaio 410 presenta durezza e resistenza elevate e richiede un preriscaldamento prima delle operazioni di saldatura e formatura, seguito da un trattamento termico post-saldatura.<\/p>\t\t\t\t\t\t\t\t<\/div>\n\t\t\t\t<\/div>\n\t\t\t\t<div class=\"elementor-element elementor-element-085da19 elementor-widget elementor-widget-text-editor\" data-id=\"085da19\" data-element_type=\"widget\" data-e-type=\"widget\" data-widget_type=\"text-editor.default\">\n\t\t\t\t<div class=\"elementor-widget-container\">\n\t\t\t\t\t\t\t\t\t<p><strong>Alta resistenza, alta durezza:<\/strong><\/p><p>L'acciaio inox 410 pu\u00f2 raggiungere una resistenza e una durezza estremamente elevate dopo il trattamento termico, offrendo vantaggi rispetto a molti acciai austenitici e ferritici. Ci\u00f2 significa che offre una resistenza superiore all'usura e agli urti in condizioni di forte stress, come nel caso di tubazioni e componenti meccanici ad alta pressione.<\/p>\t\t\t\t\t\t\t\t<\/div>\n\t\t\t\t<\/div>\n\t\t\t\t\t<\/div>\n\t\t\t\t<\/div>\n\t\t<div class=\"elementor-element elementor-element-52d2366 e-flex e-con-boxed e-con e-parent\" data-id=\"52d2366\" data-element_type=\"container\" data-e-type=\"container\">\n\t\t\t\t\t<div class=\"e-con-inner\">\n\t\t\t\t<div class=\"elementor-element elementor-element-66b6e32 elementor-widget elementor-widget-heading\" data-id=\"66b6e32\" data-element_type=\"widget\" data-e-type=\"widget\" data-widget_type=\"heading.default\">\n\t\t\t\t<div class=\"elementor-widget-container\">\n\t\t\t\t\t<h3 class=\"elementor-heading-title elementor-size-default\">Propriet\u00e0 dell'acciaio inox 410\n<\/h3>\t\t\t\t<\/div>\n\t\t\t\t<\/div>\n\t\t\t\t<div class=\"elementor-element elementor-element-8270825 elementor-widget elementor-widget-heading\" data-id=\"8270825\" data-element_type=\"widget\" data-e-type=\"widget\" data-widget_type=\"heading.default\">\n\t\t\t\t<div class=\"elementor-widget-container\">\n\t\t\t\t\t<h4 class=\"elementor-heading-title elementor-size-default\">Composizione chimica\n<\/h4>\t\t\t\t<\/div>\n\t\t\t\t<\/div>\n\t\t\t\t<div class=\"elementor-element elementor-element-451cd71 elementor-widget elementor-widget-text-editor\" data-id=\"451cd71\" data-element_type=\"widget\" data-e-type=\"widget\" data-widget_type=\"text-editor.default\">\n\t\t\t\t<div class=\"elementor-widget-container\">\n\t\t\t\t\t\t\t\t\t<table><tbody><tr><td colspan=\"2\">Grado<\/td><td>C<\/td><td>Mn<\/td><td>Si<\/td><td>P<\/td><td>S<\/td><td>Cr<\/td><td>Mo<\/td><td>Ni<\/td><td>N<\/td><\/tr><tr><td rowspan=\"2\">410<\/td><td>min.<\/td><td>-<\/td><td>-<\/td><td>-<\/td><td>-<\/td><td>-<\/td><td>11.5<\/td><td>-<\/td><td>-<\/td><td>-<\/td><\/tr><tr><td>max.<\/td><td>0.15<\/td><td>1.0<\/td><td>1.00<\/td><td>0.040<\/td><td>0.030<\/td><td>13.5<\/td><td>-<\/td><td>0.75<\/td><td>-<\/td><\/tr><\/tbody><\/table>\t\t\t\t\t\t\t\t<\/div>\n\t\t\t\t<\/div>\n\t\t\t\t<div class=\"elementor-element elementor-element-2e3caf7 elementor-widget elementor-widget-heading\" data-id=\"2e3caf7\" data-element_type=\"widget\" data-e-type=\"widget\" data-widget_type=\"heading.default\">\n\t\t\t\t<div class=\"elementor-widget-container\">\n\t\t\t\t\t<h4 class=\"elementor-heading-title elementor-size-default\">Propriet\u00e0 meccaniche\n<\/h4>\t\t\t\t<\/div>\n\t\t\t\t<\/div>\n\t\t\t\t<div class=\"elementor-element elementor-element-79ed0e6 elementor-widget elementor-widget-text-editor\" data-id=\"79ed0e6\" data-element_type=\"widget\" data-e-type=\"widget\" data-widget_type=\"text-editor.default\">\n\t\t\t\t<div class=\"elementor-widget-container\">\n\t\t\t\t\t\t\t\t\t<table>\n\t<tbody>\n\t\t<tr>\n\t\t\t<td rowspan=\"2\">Grado<\/td>\n\t\t\t<td rowspan=\"2\">TS min<\/td>\n\t\t\t<td rowspan=\"2\">Allungamento (% in 50 mm)<\/td>\n\t\t\t<td rowspan=\"2\">YS 0,2% Prova min.<\/td>\n\t\t\t<td colspan=\"2\">Durezza<\/td>\n\t\t<\/tr>\n\t\t<tr>\n\t\t\t<td>Rockwell B max<\/td>\n\t\t\t<td>Brinell max<\/td>\n\t\t<\/tr>\n\t\t<tr>\n\t\t\t<td>410<\/td>\n\t\t\t<td>480 MPa<\/td>\n\t\t\t<td>16 min<\/td>\n\t\t\t<td>275 MPa<\/td>\n\t\t\t<td>95 HR B<\/td>\n\t\t\t<td>201 HB<\/td>\n\t\t<\/tr>\n\t<\/tbody>\n<\/table>\n\t\t\t\t\t\t\t\t<\/div>\n\t\t\t\t<\/div>\n\t\t\t\t<div class=\"elementor-element elementor-element-dbdfe89 elementor-widget elementor-widget-heading\" data-id=\"dbdfe89\" data-element_type=\"widget\" data-e-type=\"widget\" data-widget_type=\"heading.default\">\n\t\t\t\t<div class=\"elementor-widget-container\">\n\t\t\t\t\t<h4 class=\"elementor-heading-title elementor-size-default\">Materiale equivalente\n<\/h4>\t\t\t\t<\/div>\n\t\t\t\t<\/div>\n\t\t\t\t<div class=\"elementor-element elementor-element-ad2b12a elementor-widget elementor-widget-text-editor\" data-id=\"ad2b12a\" data-element_type=\"widget\" data-e-type=\"widget\" data-widget_type=\"text-editor.default\">\n\t\t\t\t<div class=\"elementor-widget-container\">\n\t\t\t\t\t\t\t\t\t<table>\n\t<tbody>\n\t\t<tr>\n\t\t\t<td rowspan=\"2\">Grado<\/td>\n\t\t\t<td rowspan=\"2\">N. UNS<\/td>\n\t\t\t<td colspan=\"2\">Vecchio inglese<\/td>\n\t\t\t<td colspan=\"2\">Euronorm<\/td>\n\t\t\t<td rowspan=\"2\">SS svedese<\/td>\n\t\t\t<td rowspan=\"2\">Giapponese JIS<\/td>\n\t\t<\/tr>\n\t\t<tr>\n\t\t\t<td>BS<\/td>\n\t\t\t<td>En<\/td>\n\t\t\t<td>No<\/td>\n\t\t\t<td>Nome<\/td>\n\t\t<\/tr>\n\t\t<tr>\n\t\t\t<td>410<\/td>\n\t\t\t<td>S41000<\/td>\n\t\t\t<td>410S21<\/td>\n\t\t\t<td>56A<\/td>\n\t\t\t<td>1.4006<\/td>\n\t\t\t<td>X12Cr13<\/td>\n\t\t\t<td>2302<\/td>\n\t\t\t<td>SUS 410<\/td>\n\t\t<\/tr>\n\t<\/tbody>\n<\/table>\n\t\t\t\t\t\t\t\t<\/div>\n\t\t\t\t<\/div>\n\t\t\t\t\t<\/div>\n\t\t\t\t<\/div>\n\t\t\t\t<\/div>","protected":false},"excerpt":{"rendered":"<p>Il tubo in acciaio inox 410 senza saldatura \u00e8 un prodotto tubolare cavo realizzato mediante processi di laminazione o estrusione a caldo, caratterizzato da una superficie liscia e da precise dimensioni della sezione trasversale.<\/p>\n<p>Standard: ASTM A312, ASM A213, DIN 1.4006, JIS G4303<\/p>\n<p>Dimensioni: 1\/4\u201d - 16\u201d<\/p>\n<p>Spessore della parete: Sch 10, 40, 80, 160 e XXH<\/p>\n<p>Lunghezza: 6 m, 12 m o taglio a misura<\/p>","protected":false},"featured_media":2513,"template":"","meta":{"_eb_attr":""},"product_brand":[],"product_cat":[30],"product_tag":[],"class_list":{"0":"post-2515","1":"product","2":"type-product","3":"status-publish","4":"has-post-thumbnail","6":"product_cat-stainless-steel-seamless-pipe","8":"first","9":"instock","10":"shipping-taxable","11":"product-type-simple"},"_links":{"self":[{"href":"https:\/\/jblstainless.com\/it\/wp-json\/wp\/v2\/product\/2515","targetHints":{"allow":["GET"]}}],"collection":[{"href":"https:\/\/jblstainless.com\/it\/wp-json\/wp\/v2\/product"}],"about":[{"href":"https:\/\/jblstainless.com\/it\/wp-json\/wp\/v2\/types\/product"}],"version-history":[{"count":4,"href":"https:\/\/jblstainless.com\/it\/wp-json\/wp\/v2\/product\/2515\/revisions"}],"predecessor-version":[{"id":2519,"href":"https:\/\/jblstainless.com\/it\/wp-json\/wp\/v2\/product\/2515\/revisions\/2519"}],"wp:featuredmedia":[{"embeddable":true,"href":"https:\/\/jblstainless.com\/it\/wp-json\/wp\/v2\/media\/2513"}],"wp:attachment":[{"href":"https:\/\/jblstainless.com\/it\/wp-json\/wp\/v2\/media?parent=2515"}],"wp:term":[{"taxonomy":"product_brand","embeddable":true,"href":"https:\/\/jblstainless.com\/it\/wp-json\/wp\/v2\/product_brand?post=2515"},{"taxonomy":"product_cat","embeddable":true,"href":"https:\/\/jblstainless.com\/it\/wp-json\/wp\/v2\/product_cat?post=2515"},{"taxonomy":"product_tag","embeddable":true,"href":"https:\/\/jblstainless.com\/it\/wp-json\/wp\/v2\/product_tag?post=2515"}],"curies":[{"name":"wp","href":"https:\/\/api.w.org\/{rel}","templated":true}]}}